{"id":18504,"date":"2023-06-28T12:52:56","date_gmt":"2023-06-28T10:52:56","guid":{"rendered":"https:\/\/www.klinger-kempchen.de\/?page_id=18504"},"modified":"2025-04-02T10:26:54","modified_gmt":"2025-04-02T08:26:54","slug":"klinger-kempchen","status":"publish","type":"page","link":"https:\/\/www.klinger-kempchen.de\/cs\/","title":{"rendered":"KLINGER Kempchen"},"content":{"rendered":"\n<div class=\"wp-block-columns has-2-columns is-layout-flex wp-container-core-columns-is-layout-9d6595d7 wp-block-columns-is-layout-flex\">\n<div class=\"wp-block-column is-layout-flow wp-block-column-is-layout-flow\">\n<figure class=\"wp-block-table flecha\"><table><tbody><tr><td><img loading=\"lazy\" decoding=\"async\" width=\"270\" height=\"270\" class=\"wp-image-6945\" style=\"width: 270px;\" src=\"https:\/\/www.klinger-kempchen.de\/wp-content\/uploads\/2020\/07\/Kompetenz-icon.jpg\" alt=\"Kompetenz\"><\/td><td><a href=\"https:\/\/www.klinger-kempchen.de\/cs\/spolecnost\/\"><h2 class=\"strong\">KLINGER KEMPCHEN<br><\/h2>Vy\u0161\u0161\u00ed kompetence &#8211; Inovativn\u00ed know-how<br><br>Spole\u010dnost KLINGER Kempchen vyv\u00edj\u00ed, vyr\u00e1b\u00ed a prod\u00e1v\u00e1 t\u011bsn\u011bn\u00ed, t\u011bsn\u011bn\u00ed a kompenz\u00e1tory.<br><img decoding=\"async\" width=\"18px\" height=\"26px\" src=\"https:\/\/www.klinger-kempchen.de\/wp-content\/uploads\/2019\/11\/icon-arrow-blue-double.png\" alt=\"Pfeil\"><\/a><\/td><\/tr><\/tbody><\/table><\/figure>\n<\/div>\n\n\n\n<div class=\"wp-block-column is-layout-flow wp-block-column-is-layout-flow\">\n<figure class=\"wp-block-table flecha\"><table><tbody><tr><td><a href=\"https:\/\/www.klinger-kempchen.de\/produkte\/\"><img loading=\"lazy\" decoding=\"async\" width=\"270\" height=\"270\" class=\"wp-image-6943\" style=\"width: 270px;\" src=\"https:\/\/www.klinger-kempchen.de\/wp-content\/uploads\/2020\/07\/Produkte-icon.jpg\" alt=\"Produkte\"><\/a><\/td><td><a href=\"https:\/\/www.klinger-kempchen.de\/cs\/produkty\/\"><h2 class=\"strong\">PRODUKTY A \u0158E\u0160EN\u00cd<br><\/h2>130 let zku\u0161enost\u00ed v oblasti t\u011bsnic\u00ed techniky<br><br>N\u00e1\u0161 jedine\u010dn\u00fd sortiment v\u00fdrobk\u016f a \u0159e\u0161en\u00ed pro va\u0161e individu\u00e1ln\u00ed po\u017eadavky.<br><img decoding=\"async\" width=\"18px\" height=\"26px\" src=\"https:\/\/www.klinger-kempchen.de\/wp-content\/uploads\/2019\/11\/icon-arrow-blue-double.png\" alt=\"Pfeil\"><\/a><\/td><\/tr><\/tbody><\/table><\/figure>\n<\/div>\n<\/div>\n\n\n\n<div class=\"wp-block-columns has-2-columns is-layout-flex wp-container-core-columns-is-layout-9d6595d7 wp-block-columns-is-layout-flex\">\n<div class=\"wp-block-column is-layout-flow wp-block-column-is-layout-flow\">\n<figure class=\"wp-block-table flecha\"><table><tbody><tr><td><a href=\"https:\/\/www.klinger-kempchen.de\/service\/\"><img loading=\"lazy\" decoding=\"async\" width=\"270\" height=\"270\" class=\"wp-image-6941\" style=\"width: 270px;\" src=\"https:\/\/www.klinger-kempchen.de\/wp-content\/uploads\/2020\/07\/Service-icon.jpg\" alt=\"Service\"><\/a><\/td><td><a href=\"https:\/\/www.klinger-kempchen.de\/cs\/sluzby\/\"><h2 class=\"strong\">SLU\u017dBY A PODPORA<br><\/h2>Komplexn\u00ed servis, celosv\u011btov\u00e1 podpora<br><br>Krom\u011b celosv\u011btov\u011b zaveden\u00fdch produkt\u016f dopl\u0148uj\u00ed na\u0161e portfolio komplexn\u00ed slu\u017eby a podpora.<br><img decoding=\"async\" width=\"18px\" height=\"26px\" src=\"https:\/\/www.klinger-kempchen.de\/wp-content\/uploads\/2019\/11\/icon-arrow-blue-double.png\" alt=\"Pfeil\"><\/a><\/td><\/tr><\/tbody><\/table><\/figure>\n<\/div>\n\n\n\n<div class=\"wp-block-column is-layout-flow wp-block-column-is-layout-flow\">\n<figure class=\"wp-block-table flecha\"><table><tbody><tr><td><a href=\"https:\/\/www.klinger-kempchen.de\/ansprechpartner-2\/#aussendienst-ausland\"><img loading=\"lazy\" decoding=\"async\" width=\"270\" height=\"270\" class=\"wp-image-6958\" style=\"width: 270px;\" src=\"https:\/\/www.klinger-kempchen.de\/wp-content\/uploads\/2020\/07\/weltkarte-icon-1.png\" alt=\"KLINGER Weltweit\"><\/a><\/td><td><a href=\"https:\/\/www.klinger-kempchen.de\/cs\/spolecnost\/terenni-sluzby-v-zahranici\/\"><h2 class=\"strong\">DISTRIBU\u010cN\u00cd PARTNER<br><\/h2>Na\u0161e celosv\u011btov\u00e1 s\u00ed\u0165.<br>Vyberte si sv\u00e9ho odpov\u011bdn\u00e9ho servisn\u00edho a prodejn\u00edho partnera.<br><img decoding=\"async\" width=\"18px\" height=\"26px\" src=\"https:\/\/www.klinger-kempchen.de\/wp-content\/uploads\/2019\/11\/icon-arrow-blue-double.png\" alt=\"Pfeil\"><\/a><\/td><\/tr><\/tbody><\/table><\/figure>\n<\/div>\n<\/div>\n","protected":false},"excerpt":{"rendered":"<p>KLINGER KEMPCHEN Vy\u0161\u0161\u00ed kompetence &#8211; Inovativn\u00ed know-how Spole\u010dnost KLINGER Kempchen vyv\u00edj\u00ed, vyr\u00e1b\u00ed a prod\u00e1v\u00e1 t\u011bsn\u011bn\u00ed, t\u011bsn\u011bn\u00ed a kompenz\u00e1tory. PRODUKTY A \u0158E\u0160EN\u00cd 130 let zku\u0161enost\u00ed v oblasti t\u011bsnic\u00ed techniky N\u00e1\u0161 jedine\u010dn\u00fd sortiment v\u00fdrobk\u016f a \u0159e\u0161en\u00ed pro va\u0161e individu\u00e1ln\u00ed po\u017eadavky. SLU\u017dBY A PODPORA Komplexn\u00ed servis, celosv\u011btov\u00e1 podpora Krom\u011b celosv\u011btov\u011b zaveden\u00fdch produkt\u016f dopl\u0148uj\u00ed na\u0161e portfolio komplexn\u00ed slu\u017eby a [&hellip;]<\/p>\n","protected":false},"author":1,"featured_media":0,"parent":0,"menu_order":0,"comment_status":"closed","ping_status":"closed","template":"page-templates\/front-page.php","meta":{"advgb_blocks_editor_width":"","advgb_blocks_columns_visual_guide":"","iawp_total_views":552,"footnotes":""},"class_list":["post-18504","page","type-page","status-publish","hentry"],"yoast_head":"<!-- This site is optimized with the Yoast SEO plugin v27.3 - https:\/\/yoast.com\/product\/yoast-seo-wordpress\/ -->\n<title>KLINGER Kempchen<\/title>\n<meta name=\"description\" content=\"Spole\u010dnost KLINGER Kempchen vyv\u00edj\u00ed, vyr\u00e1b\u00ed a prod\u00e1v\u00e1 t\u011bsn\u011bn\u00ed, ucp\u00e1vky a kompenz\u00e1tory ji\u017e v\u00edce ne\u017e 130 let. Na\u0161e zku\u0161enosti - v\u00e1\u0161 \u00fasp\u011bch.\" \/>\n<meta name=\"robots\" content=\"index, follow, max-snippet:-1, max-image-preview:large, max-video-preview:-1\" \/>\n<link rel=\"canonical\" href=\"https:\/\/www.klinger-kempchen.de\/\" \/>\n<meta property=\"og:locale\" content=\"cs_CZ\" \/>\n<meta property=\"og:type\" content=\"article\" \/>\n<meta property=\"og:title\" content=\"KLINGER Kempchen\" \/>\n<meta property=\"og:description\" content=\"Spole\u010dnost KLINGER Kempchen vyv\u00edj\u00ed, vyr\u00e1b\u00ed a prod\u00e1v\u00e1 t\u011bsn\u011bn\u00ed, ucp\u00e1vky a kompenz\u00e1tory ji\u017e v\u00edce ne\u017e 130 let. Na\u0161e zku\u0161enosti - v\u00e1\u0161 \u00fasp\u011bch.\" \/>\n<meta property=\"og:url\" content=\"https:\/\/www.klinger-kempchen.de\/\" \/>\n<meta property=\"og:site_name\" content=\"KLINGER Kempchen\" \/>\n<meta property=\"article:modified_time\" content=\"2025-04-02T08:26:54+00:00\" \/>\n<meta property=\"og:image\" content=\"https:\/\/www.klinger-kempchen.de\/wp-content\/uploads\/2020\/07\/Kompetenz-icon.jpg\" \/>\n\t<meta property=\"og:image:width\" content=\"270\" \/>\n\t<meta property=\"og:image:height\" content=\"270\" \/>\n\t<meta property=\"og:image:type\" content=\"image\/jpeg\" \/>\n<!-- \/ Yoast SEO plugin. -->","yoast_head_json":{"title":"KLINGER Kempchen","description":"Spole\u010dnost KLINGER Kempchen vyv\u00edj\u00ed, vyr\u00e1b\u00ed a prod\u00e1v\u00e1 t\u011bsn\u011bn\u00ed, ucp\u00e1vky a kompenz\u00e1tory ji\u017e v\u00edce ne\u017e 130 let. Na\u0161e zku\u0161enosti - v\u00e1\u0161 \u00fasp\u011bch.","robots":{"index":"index","follow":"follow","max-snippet":"max-snippet:-1","max-image-preview":"max-image-preview:large","max-video-preview":"max-video-preview:-1"},"canonical":"https:\/\/www.klinger-kempchen.de\/","og_locale":"cs_CZ","og_type":"article","og_title":"KLINGER Kempchen","og_description":"Spole\u010dnost KLINGER Kempchen vyv\u00edj\u00ed, vyr\u00e1b\u00ed a prod\u00e1v\u00e1 t\u011bsn\u011bn\u00ed, ucp\u00e1vky a kompenz\u00e1tory ji\u017e v\u00edce ne\u017e 130 let. Na\u0161e zku\u0161enosti - v\u00e1\u0161 \u00fasp\u011bch.","og_url":"https:\/\/www.klinger-kempchen.de\/","og_site_name":"KLINGER Kempchen","article_modified_time":"2025-04-02T08:26:54+00:00","og_image":[{"width":270,"height":270,"url":"https:\/\/www.klinger-kempchen.de\/wp-content\/uploads\/2020\/07\/Kompetenz-icon.jpg","type":"image\/jpeg"}],"schema":{"@context":"https:\/\/schema.org","@graph":[{"@type":"WebPage","@id":"https:\/\/www.klinger-kempchen.de\/","url":"https:\/\/www.klinger-kempchen.de\/","name":"KLINGER Kempchen","isPartOf":{"@id":"https:\/\/www.klinger-kempchen.de\/#website"},"primaryImageOfPage":{"@id":"https:\/\/www.klinger-kempchen.de\/#primaryimage"},"image":{"@id":"https:\/\/www.klinger-kempchen.de\/#primaryimage"},"thumbnailUrl":"https:\/\/www.klinger-kempchen.de\/wp-content\/uploads\/2020\/07\/Kompetenz-icon.jpg","datePublished":"2023-06-28T10:52:56+00:00","dateModified":"2025-04-02T08:26:54+00:00","description":"Spole\u010dnost KLINGER Kempchen vyv\u00edj\u00ed, vyr\u00e1b\u00ed a prod\u00e1v\u00e1 t\u011bsn\u011bn\u00ed, ucp\u00e1vky a kompenz\u00e1tory ji\u017e v\u00edce ne\u017e 130 let. Na\u0161e zku\u0161enosti - v\u00e1\u0161 \u00fasp\u011bch.","breadcrumb":{"@id":"https:\/\/www.klinger-kempchen.de\/#breadcrumb"},"inLanguage":"cs","potentialAction":[{"@type":"ReadAction","target":["https:\/\/www.klinger-kempchen.de\/"]}]},{"@type":"ImageObject","inLanguage":"cs","@id":"https:\/\/www.klinger-kempchen.de\/#primaryimage","url":"https:\/\/www.klinger-kempchen.de\/wp-content\/uploads\/2020\/07\/Kompetenz-icon.jpg","contentUrl":"https:\/\/www.klinger-kempchen.de\/wp-content\/uploads\/2020\/07\/Kompetenz-icon.jpg"},{"@type":"BreadcrumbList","@id":"https:\/\/www.klinger-kempchen.de\/#breadcrumb","itemListElement":[{"@type":"ListItem","position":1,"name":"Home","item":"https:\/\/www.klinger-kempchen.de\/"},{"@type":"ListItem","position":2,"name":"KLINGER Kempchen"}]},{"@type":"WebSite","@id":"https:\/\/www.klinger-kempchen.de\/#website","url":"https:\/\/www.klinger-kempchen.de\/","name":"KLINGER Kempchen","description":"KLINGER Kempchen","publisher":{"@id":"https:\/\/www.klinger-kempchen.de\/#organization"},"potentialAction":[{"@type":"SearchAction","target":{"@type":"EntryPoint","urlTemplate":"https:\/\/www.klinger-kempchen.de\/?s={search_term_string}"},"query-input":{"@type":"PropertyValueSpecification","valueRequired":true,"valueName":"search_term_string"}}],"inLanguage":"cs"},{"@type":"Organization","@id":"https:\/\/www.klinger-kempchen.de\/#organization","name":"KLINGER-Kempchen","url":"https:\/\/www.klinger-kempchen.de\/","logo":{"@type":"ImageObject","inLanguage":"cs","@id":"https:\/\/www.klinger-kempchen.de\/#\/schema\/logo\/image\/","url":"https:\/\/www.klinger-kempchen.de\/wp-content\/uploads\/2020\/06\/cropped-Klinger-Kempchen-Logo.png","contentUrl":"https:\/\/www.klinger-kempchen.de\/wp-content\/uploads\/2020\/06\/cropped-Klinger-Kempchen-Logo.png","width":512,"height":512,"caption":"KLINGER-Kempchen"},"image":{"@id":"https:\/\/www.klinger-kempchen.de\/#\/schema\/logo\/image\/"}}]}},"coauthors":[],"author_meta":{"author_link":"https:\/\/www.klinger-kempchen.de\/cs\/author\/administrador\/","display_name":"administrador"},"relative_dates":{"created":"Posted 3 roky ago","modified":"Updated 1 rokem ago"},"absolute_dates":{"created":"Posted on 28 \u010dervna 2023","modified":"Updated on 2 dubna 2025"},"absolute_dates_time":{"created":"Posted on 28 \u010dervna 2023 12:52","modified":"Updated on 2 dubna 2025 10:26"},"featured_img_caption":"","featured_img":false,"series_order":"","_links":{"self":[{"href":"https:\/\/www.klinger-kempchen.de\/cs\/wp-json\/wp\/v2\/pages\/18504","targetHints":{"allow":["GET"]}}],"collection":[{"href":"https:\/\/www.klinger-kempchen.de\/cs\/wp-json\/wp\/v2\/pages"}],"about":[{"href":"https:\/\/www.klinger-kempchen.de\/cs\/wp-json\/wp\/v2\/types\/page"}],"author":[{"embeddable":true,"href":"https:\/\/www.klinger-kempchen.de\/cs\/wp-json\/wp\/v2\/users\/1"}],"replies":[{"embeddable":true,"href":"https:\/\/www.klinger-kempchen.de\/cs\/wp-json\/wp\/v2\/comments?post=18504"}],"version-history":[{"count":0,"href":"https:\/\/www.klinger-kempchen.de\/cs\/wp-json\/wp\/v2\/pages\/18504\/revisions"}],"wp:attachment":[{"href":"https:\/\/www.klinger-kempchen.de\/cs\/wp-json\/wp\/v2\/media?parent=18504"}],"curies":[{"name":"wp","href":"https:\/\/api.w.org\/{rel}","templated":true}]}}