{"id":18508,"date":"2023-06-28T12:57:49","date_gmt":"2023-06-28T10:57:49","guid":{"rendered":"https:\/\/www.klinger-kempchen.de\/?page_id=18508"},"modified":"2024-03-11T14:40:00","modified_gmt":"2024-03-11T13:40:00","slug":"produkty","status":"publish","type":"page","link":"https:\/\/www.klinger-kempchen.de\/cs\/produkty\/","title":{"rendered":"Produkty"},"content":{"rendered":"\n<h1 class=\"wp-block-heading h3\">P\u0158EHLED PRODUKT\u016e KLINGER KEMPCHEN<\/h1>\n\n\n\n<h2 class=\"wp-block-heading h4\">Statick\u00e1 t\u011bsn\u011bn\u00ed, t\u011bsn\u011bn\u00ed a kompenz\u00e1tory<\/h2>\n\n\n\n<p>Z\u00edskejte p\u0159ehled o na\u0161ich produktech. A\u0165 u\u017e se jedn\u00e1 o ploch\u00e1 t\u011bsn\u011bn\u00ed, t\u011bsn\u011bn\u00ed z kov\u016f a m\u011bkk\u00fdch materi\u00e1l\u016f, t\u011bsn\u011bn\u00ed s teflonov\u00fdm pouzdrem, kovov\u00e1 t\u011bsn\u011bn\u00ed, kryc\u00ed t\u011bsn\u011bn\u00ed, speci\u00e1ln\u00ed t\u011bsn\u011bn\u00ed, t\u011bsn\u011bn\u00ed a kompenz\u00e1tory: M\u00e1me pro v\u00e1s ty spr\u00e1vn\u00e9 v\u00fdrobky a dok\u00e1\u017eeme v\u00e1m rychle poradit.<\/p>\n\n\n\n<div style=\"height:30px\" aria-hidden=\"true\" class=\"wp-block-spacer advgb-dyn-afe3be10\"><\/div>\n\n\n\n<div class=\"wp-block-columns is-layout-flex wp-container-core-columns-is-layout-9d6595d7 wp-block-columns-is-layout-flex\">\n<div class=\"wp-block-column has-background is-layout-flow wp-block-column-is-layout-flow\" style=\"background-color:#f2f7fa\">\n<figure class=\"wp-block-table flecha\"><table><tbody><tr><td><a href=\"https:\/\/www.klinger-kempchen.de\/produkte\/flachdichtungen\/\"><img decoding=\"async\" src=\"https:\/\/www.klinger-kempchen.de\/wp-content\/uploads\/2020\/07\/Flachdichtungen-1.jpg\" alt=\"Produkte\"><\/a><\/td><td><a href=\"https:\/\/www.klinger-kempchen.de\/cs\/produkty\/plocha-tesneni\/\"><h3>PLOCH\u00c9 T\u011aSNICE<br><\/h3>M\u011bkk\u00e1 t\u011bsn\u011bn\u00ed jsou univerz\u00e1ln\u00ed t\u011bsnic\u00ed prvky s \u0161irok\u00fdm spektrem pou\u017eit\u00ed ve v\u0161ech oblastech pr\u016fmyslu.<\/a><br><a href=\"https:\/\/www.klinger-kempchen.de\/produkte\/metall-weichstoff-dichtungen\/\"><img decoding=\"async\" src=\"https:\/\/www.klinger-kempchen.de\/wp-content\/uploads\/2019\/11\/icon-arrow-blue-double.png\" alt=\"Pfeil\"><\/a><\/td><\/tr><\/tbody><\/table><\/figure>\n<\/div>\n\n\n\n<div class=\"wp-block-column has-background is-layout-flow wp-block-column-is-layout-flow\" style=\"background-color:#f2f7fa\">\n<figure class=\"wp-block-table\"><table><tbody><tr><td><a href=\"https:\/\/www.klinger-kempchen.de\/produkte\/metall-weichstoff-dichtungen\/\"><img decoding=\"async\" src=\"https:\/\/www.klinger-kempchen.de\/wp-content\/uploads\/2020\/07\/Metall-Weichstoff_Dichtungen.jpg\" alt=\"Produkte\" style=\"width: 270px;\"><\/a><\/td><td><a href=\"https:\/\/www.klinger-kempchen.de\/cs\/produkty\/tesneni-z-kovu-mekkeho-materialu\/\"><h3>T\u011aSN\u011aN\u00cd Z KOVU\/M\u011aKK\u00c9HO MATERI\u00c1LU<br><\/h3>T\u011bsn\u011bn\u00ed z kovu\/m\u011bkk\u00e9ho materi\u00e1lu &#8211; tam, kde je t\u0159eba kontrolovat vysok\u00e9 tlaky a teploty, a t\u00edm i vy\u0161\u0161\u00ed s\u00edly na \u0161rouby<strong>.<\/strong><\/a><br><a href=\"https:\/\/www.klinger-kempchen.de\/produkte\/metall-weichstoff-dichtungen\/\"><img decoding=\"async\" src=\"https:\/\/www.klinger-kempchen.de\/wp-content\/uploads\/2019\/11\/icon-arrow-blue-double.png\" alt=\"Pfeil\"><\/a><\/td><\/tr><\/tbody><\/table><\/figure>\n<\/div>\n<\/div>\n\n\n\n<div class=\"wp-block-columns is-layout-flex wp-container-core-columns-is-layout-9d6595d7 wp-block-columns-is-layout-flex\">\n<div class=\"wp-block-column has-background is-layout-flow wp-block-column-is-layout-flow\" style=\"background-color:#f2f7fa\">\n<figure class=\"wp-block-table is-style-regular\"><table><tbody><tr><td><a href=\"https:\/\/www.klinger-kempchen.de\/produkte\/ptfe-ummantelte-dichtungen\/\"><img loading=\"lazy\" decoding=\"async\" width=\"270\" height=\"270\" class=\"wp-image-10020\" style=\"width: 270px;\" src=\"https:\/\/www.klinger-kempchen.de\/wp-content\/uploads\/2020\/08\/PTFE-ummantelte-Dichtung.jpg\" alt=\"PTFE Produkte\" srcset=\"https:\/\/www.klinger-kempchen.de\/wp-content\/uploads\/2020\/08\/PTFE-ummantelte-Dichtung.jpg 900w, https:\/\/www.klinger-kempchen.de\/wp-content\/uploads\/2020\/08\/PTFE-ummantelte-Dichtung-270x270.jpg 270w, https:\/\/www.klinger-kempchen.de\/wp-content\/uploads\/2020\/08\/PTFE-ummantelte-Dichtung-768x768.jpg 768w, https:\/\/www.klinger-kempchen.de\/wp-content\/uploads\/2020\/08\/PTFE-ummantelte-Dichtung-20x20.jpg 20w\" sizes=\"auto, (max-width: 270px) 100vw, 270px\" \/><\/a><\/td><td><a href=\"https:\/\/www.klinger-kempchen.de\/cs\/produkty\/tesneni-s-povlakem-ptfe\/\"><h3>T\u011aSN\u011aN\u00cd S PL\u00c1\u0160T\u011aM Z PTFE<br><\/h3>Ploch\u00e1 t\u011bsn\u011bn\u00ed z PTFE se pou\u017e\u00edvaj\u00ed pro p\u0159\u00edrubov\u00e9 spoje, kter\u00e9 jsou vystaveny vysok\u00e9mu chemick\u00e9mu p\u016fsoben\u00ed.<\/a><br><a href=\"https:\/\/www.klinger-kempchen.de\/produkte\/metall-weichstoff-dichtungen\/\"><img decoding=\"async\" src=\"https:\/\/www.klinger-kempchen.de\/wp-content\/uploads\/2019\/11\/icon-arrow-blue-double.png\" alt=\"Pfeil\"><\/a><\/td><\/tr><\/tbody><\/table><\/figure>\n<\/div>\n\n\n\n<div class=\"wp-block-column has-background is-layout-flow wp-block-column-is-layout-flow\" style=\"background-color:#f2f7fa\">\n<figure class=\"wp-block-table\"><table><tbody><tr><td><a href=\"https:\/\/www.klinger-kempchen.de\/produkte\/metalldichtungen\/\"><img loading=\"lazy\" decoding=\"async\" width=\"270\" height=\"269\" class=\"wp-image-10024\" style=\"width: 270px;\" src=\"https:\/\/www.klinger-kempchen.de\/wp-content\/uploads\/2020\/08\/Schweissringdichtung-A22.jpg\" alt=\"Produkte\" srcset=\"https:\/\/www.klinger-kempchen.de\/wp-content\/uploads\/2020\/08\/Schweissringdichtung-A22.jpg 900w, https:\/\/www.klinger-kempchen.de\/wp-content\/uploads\/2020\/08\/Schweissringdichtung-A22-270x270.jpg 270w, https:\/\/www.klinger-kempchen.de\/wp-content\/uploads\/2020\/08\/Schweissringdichtung-A22-768x765.jpg 768w\" sizes=\"auto, (max-width: 270px) 100vw, 270px\" \/><\/a><\/td><td><a href=\"https:\/\/www.klinger-kempchen.de\/cs\/produkty\/kovova-tesneni\/\"><h3>KOVOV\u00c9 T\u011aSNICE<br><\/h3>Ploch\u00e1 t\u011bsn\u011bn\u00ed z pln\u00e9ho kovu se pou\u017e\u00edvaj\u00ed v oblastech, kde jsou m\u011bkk\u00e1 t\u011bsn\u011bn\u00ed nebo t\u011bsn\u011bn\u00ed kov\/m\u011bkk\u00fd kov m\u00e9n\u011b vhodn\u00e1 vzhledem k m\u00e9diu, teplot\u011b, tlaku a\/nebo p\u0159\u00edpustn\u00e9 m\u00ed\u0159e net\u011bsnosti.<\/a><br><a href=\"https:\/\/www.klinger-kempchen.de\/produkte\/metall-weichstoff-dichtungen\/\"><img decoding=\"async\" src=\"https:\/\/www.klinger-kempchen.de\/wp-content\/uploads\/2019\/11\/icon-arrow-blue-double.png\" alt=\"Pfeil\"><\/a><\/td><\/tr><\/tbody><\/table><\/figure>\n<\/div>\n<\/div>\n\n\n\n<div class=\"wp-block-columns is-layout-flex wp-container-core-columns-is-layout-9d6595d7 wp-block-columns-is-layout-flex\">\n<div class=\"wp-block-column has-background is-layout-flow wp-block-column-is-layout-flow\" style=\"background-color:#f2f7fa\">\n<figure class=\"wp-block-table\"><table><tbody><tr><td><a href=\"https:\/\/www.klinger-kempchen.de\/produkte\/verschlussdeckel-dichtungen\/\"><img loading=\"lazy\" decoding=\"async\" width=\"270\" height=\"272\" class=\"wp-image-10015\" style=\"width: 270px;\" src=\"https:\/\/www.klinger-kempchen.de\/wp-content\/uploads\/2020\/08\/Verschlussdeckeldichtung-2.jpg\" alt=\"Produkte\" srcset=\"https:\/\/www.klinger-kempchen.de\/wp-content\/uploads\/2020\/08\/Verschlussdeckeldichtung-2.jpg 900w, https:\/\/www.klinger-kempchen.de\/wp-content\/uploads\/2020\/08\/Verschlussdeckeldichtung-2-768x772.jpg 768w\" sizes=\"auto, (max-width: 270px) 100vw, 270px\" \/><\/a><\/td><td><a href=\"https:\/\/www.klinger-kempchen.de\/cs\/produkty\/tesneni-tesniciho-vicka\/\"><h3>T\u011aSN\u011aN\u00cd V\u00cdKA<br><\/h3>T\u011bsn\u011bn\u00ed v\u00edka se pou\u017e\u00edvaj\u00ed jako samouzav\u00edrac\u00ed t\u011bsn\u011bn\u00ed, tzn. \u017ee pot\u0159ebn\u00e1 t\u011bsnic\u00ed s\u00edla nen\u00ed vyv\u00edjena \u0161rouby, ale vnit\u0159n\u00edm tlakem.<\/a><br><a href=\"https:\/\/www.klinger-kempchen.de\/produkte\/metall-weichstoff-dichtungen\/\"><img decoding=\"async\" src=\"https:\/\/www.klinger-kempchen.de\/wp-content\/uploads\/2019\/11\/icon-arrow-blue-double.png\" alt=\"Pfeil\"><\/a><\/td><\/tr><\/tbody><\/table><\/figure>\n<\/div>\n\n\n\n<div class=\"wp-block-column has-background is-layout-flow wp-block-column-is-layout-flow\" style=\"background-color:#f2f7fa\">\n<figure class=\"wp-block-table\"><table><tbody><tr><td><a href=\"https:\/\/www.klinger-kempchen.de\/produkte\/spezielle-dichtungen\/\"><img loading=\"lazy\" decoding=\"async\" width=\"270\" height=\"180\" class=\"wp-image-9981\" style=\"width: 270px;\" src=\"https:\/\/www.klinger-kempchen.de\/wp-content\/uploads\/2020\/08\/Kempchen_20150313_091.jpg\" alt=\"Spezielle Produkte\" srcset=\"https:\/\/www.klinger-kempchen.de\/wp-content\/uploads\/2020\/08\/Kempchen_20150313_091.jpg 1181w, https:\/\/www.klinger-kempchen.de\/wp-content\/uploads\/2020\/08\/Kempchen_20150313_091-768x512.jpg 768w\" sizes=\"auto, (max-width: 270px) 100vw, 270px\" \/><\/a><\/td><td><a href=\"https:\/\/www.klinger-kempchen.de\/cs\/produkty\/specialni-tesneni\/\"><h3>SPECI\u00c1LN\u00cd PE\u010cET\u011a<br><\/h3>Speci\u00e1ln\u00ed t\u011bsn\u011bn\u00ed<\/a><br><a href=\"https:\/\/www.klinger-kempchen.de\/produkte\/metall-weichstoff-dichtungen\/\"><img decoding=\"async\" src=\"https:\/\/www.klinger-kempchen.de\/wp-content\/uploads\/2019\/11\/icon-arrow-blue-double.png\" alt=\"Pfeil\"><\/a><\/td><\/tr><\/tbody><\/table><\/figure>\n<\/div>\n<\/div>\n\n\n\n<div class=\"wp-block-columns is-layout-flex wp-container-core-columns-is-layout-9d6595d7 wp-block-columns-is-layout-flex\">\n<div class=\"wp-block-column has-background is-layout-flow wp-block-column-is-layout-flow\" style=\"background-color:#f2f7fa\">\n<figure class=\"wp-block-table\"><table><tbody><tr><td><a href=\"https:\/\/www.klinger-kempchen.de\/produkte\/packungen\/\"><img loading=\"lazy\" decoding=\"async\" width=\"270\" height=\"271\" class=\"wp-image-10040\" style=\"width: 270px;\" src=\"https:\/\/www.klinger-kempchen.de\/wp-content\/uploads\/2020\/08\/Packungen-1.jpg\" alt=\"Packungen\" srcset=\"https:\/\/www.klinger-kempchen.de\/wp-content\/uploads\/2020\/08\/Packungen-1.jpg 900w, https:\/\/www.klinger-kempchen.de\/wp-content\/uploads\/2020\/08\/Packungen-1-270x270.jpg 270w, https:\/\/www.klinger-kempchen.de\/wp-content\/uploads\/2020\/08\/Packungen-1-768x771.jpg 768w, https:\/\/www.klinger-kempchen.de\/wp-content\/uploads\/2020\/08\/Packungen-1-20x20.jpg 20w\" sizes=\"auto, (max-width: 270px) 100vw, 270px\" \/><\/a><\/td><td><a href=\"https:\/\/www.klinger-kempchen.de\/cs\/produkty\/obaly-vyplnovych-krabic\/\"><h3>BALEN\u00cd<br><\/h3>T\u011bsnic\u00ed \u0161\u0148\u016fry se pou\u017e\u00edvaj\u00ed k zaji\u0161t\u011bn\u00ed \u00fa\u010dinn\u00e9 t\u011bsnic\u00ed funkce v aplikac\u00edch ventilov\u00fdch, rota\u010dn\u00edch a p\u00edstov\u00fdch \u010derpadel.<\/a><br><a href=\"https:\/\/www.klinger-kempchen.de\/produkte\/metall-weichstoff-dichtungen\/\"><img decoding=\"async\" src=\"https:\/\/www.klinger-kempchen.de\/wp-content\/uploads\/2019\/11\/icon-arrow-blue-double.png\" alt=\"Pfeil\"><\/a><\/td><\/tr><\/tbody><\/table><\/figure>\n<\/div>\n\n\n\n<div class=\"wp-block-column has-background is-layout-flow wp-block-column-is-layout-flow\" style=\"background-color:#f2f7fa\">\n<figure class=\"wp-block-table\"><table><tbody><tr><td><img loading=\"lazy\" decoding=\"async\" width=\"270\" height=\"270\" class=\"wp-image-15585\" style=\"width: 270px;\" src=\"https:\/\/www.klinger-kempchen.de\/wp-content\/uploads\/2023\/02\/Gewebekompensator.webp\" alt=\"Gewebekompensator\"><\/td><td><a href=\"https:\/\/www.klinger-kempchen.de\/cs\/produkty\/dilatacni-spary\/\"><h3>KOMPENZ\u00c1TORY<br><\/h3>Vyr\u00e1b\u00edme a distribuujeme l\u00e1tkov\u00e9, pry\u017eov\u00e9 a kovov\u00e9 kompenz\u00e1tory.<\/a><br><a href=\"https:\/\/www.klinger-kempchen.de\/produkte\/metall-weichstoff-dichtungen\/\"><img decoding=\"async\" src=\"https:\/\/www.klinger-kempchen.de\/wp-content\/uploads\/2019\/11\/icon-arrow-blue-double.png\" alt=\"Pfeil\"><\/a><\/td><\/tr><\/tbody><\/table><\/figure>\n<\/div>\n<\/div>\n\n\n\n<div class=\"wp-block-columns is-layout-flex wp-container-core-columns-is-layout-9d6595d7 wp-block-columns-is-layout-flex\">\n<div class=\"wp-block-column has-background is-layout-flow wp-block-column-is-layout-flow\" style=\"background-color:#f2f7fa\">\n<figure class=\"wp-block-table\"><table><tbody><tr><td><a href=\"https:\/\/www.klinger-kempchen.de\/produkte\/steckscheiben\/\"><img loading=\"lazy\" decoding=\"async\" width=\"270\" height=\"270\" class=\"wp-image-10036\" style=\"width: 270px;\" src=\"https:\/\/www.klinger-kempchen.de\/wp-content\/uploads\/2020\/08\/Steckscheibe.jpg\" alt=\"Steckscheiben\" srcset=\"https:\/\/www.klinger-kempchen.de\/wp-content\/uploads\/2020\/08\/Steckscheibe.jpg 900w, https:\/\/www.klinger-kempchen.de\/wp-content\/uploads\/2020\/08\/Steckscheibe-270x270.jpg 270w, https:\/\/www.klinger-kempchen.de\/wp-content\/uploads\/2020\/08\/Steckscheibe-768x768.jpg 768w, https:\/\/www.klinger-kempchen.de\/wp-content\/uploads\/2020\/08\/Steckscheibe-20x20.jpg 20w\" sizes=\"auto, (max-width: 270px) 100vw, 270px\" \/><\/a><\/td><td><a href=\"https:\/\/www.klinger-kempchen.de\/cs\/produkty\/zasuvne-kotouce\/\"><h3>Z\u00c1SUVN\u00dd DISK<br><\/h3>Krom\u011b standardn\u00edch z\u00e1suvn\u00fdch disk\u016f vyr\u00e1b\u00edme tak\u00e9 speci\u00e1ln\u00ed tvary, kter\u00e9 nab\u00edzej\u00ed t\u011bsnic\u00ed v\u00fdhody oproti standardn\u00edm z\u00e1suvn\u00fdm disk\u016fm.<\/a><br><a href=\"https:\/\/www.klinger-kempchen.de\/produkte\/metall-weichstoff-dichtungen\/\"><img decoding=\"async\" src=\"https:\/\/www.klinger-kempchen.de\/wp-content\/uploads\/2019\/11\/icon-arrow-blue-double.png\" alt=\"Pfeil\"><\/a><\/td><\/tr><\/tbody><\/table><\/figure>\n<\/div>\n\n\n\n<div class=\"wp-block-column has-background is-layout-flow wp-block-column-is-layout-flow\" style=\"background-color:#f2f7fa\">\n<figure class=\"wp-block-table\"><table><tbody><tr><td><a href=\"https:\/\/www.klinger-kempchen.de\/wp-content\/uploads\/2020\/07\/KLINGER-Kempchen-Katalog-D.pdf\" target=\"_blank\" rel=\"noreferrer noopener\"><img loading=\"lazy\" decoding=\"async\" width=\"270\" height=\"270\" class=\"wp-image-10044\" style=\"width: 270px;\" src=\"https:\/\/www.klinger-kempchen.de\/wp-content\/uploads\/2020\/08\/Katalogbild-DE.jpg\" alt=\"Katalog\" srcset=\"https:\/\/www.klinger-kempchen.de\/wp-content\/uploads\/2020\/08\/Katalogbild-DE.jpg 900w, https:\/\/www.klinger-kempchen.de\/wp-content\/uploads\/2020\/08\/Katalogbild-DE-270x270.jpg 270w, https:\/\/www.klinger-kempchen.de\/wp-content\/uploads\/2020\/08\/Katalogbild-DE-768x768.jpg 768w, https:\/\/www.klinger-kempchen.de\/wp-content\/uploads\/2020\/08\/Katalogbild-DE-20x20.jpg 20w\" sizes=\"auto, (max-width: 270px) 100vw, 270px\" \/><\/a><\/td><td><a href=\"https:\/\/www.klinger-kempchen.de\/wp-content\/uploads\/2021\/07\/KLINGER-Kempchen-Katalog-D.pdf\" target=\"_blank\" rel=\"noreferrer noopener\"><h3>KATALOG KE STA\u017dEN\u00cd<br><\/h3>Zde si m\u016f\u017eete st\u00e1hnout kompletn\u00ed katalog.<\/a><br><a href=\"https:\/\/www.klinger-kempchen.de\/produkte\/metall-weichstoff-dichtungen\/\"><img decoding=\"async\" src=\"https:\/\/www.klinger-kempchen.de\/wp-content\/uploads\/2019\/11\/icon-arrow-blue-double.png\" alt=\"Pfeil\"><\/a><\/td><\/tr><\/tbody><\/table><\/figure>\n<\/div>\n<\/div>\n","protected":false},"excerpt":{"rendered":"<p>P\u0158EHLED PRODUKT\u016e KLINGER KEMPCHEN Statick\u00e1 t\u011bsn\u011bn\u00ed, t\u011bsn\u011bn\u00ed a kompenz\u00e1tory Z\u00edskejte p\u0159ehled o na\u0161ich produktech. A\u0165 u\u017e se jedn\u00e1 o ploch\u00e1 t\u011bsn\u011bn\u00ed, t\u011bsn\u011bn\u00ed z kov\u016f a m\u011bkk\u00fdch materi\u00e1l\u016f, t\u011bsn\u011bn\u00ed s teflonov\u00fdm pouzdrem, kovov\u00e1 t\u011bsn\u011bn\u00ed, kryc\u00ed t\u011bsn\u011bn\u00ed, speci\u00e1ln\u00ed t\u011bsn\u011bn\u00ed, t\u011bsn\u011bn\u00ed a kompenz\u00e1tory: M\u00e1me pro v\u00e1s ty spr\u00e1vn\u00e9 v\u00fdrobky a dok\u00e1\u017eeme v\u00e1m rychle poradit. PLOCH\u00c9 T\u011aSNICE M\u011bkk\u00e1 t\u011bsn\u011bn\u00ed [&hellip;]<\/p>\n","protected":false},"author":1,"featured_media":17506,"parent":0,"menu_order":1,"comment_status":"closed","ping_status":"closed","template":"page-templates\/secciones-principales.php","meta":{"advgb_blocks_editor_width":"","advgb_blocks_columns_visual_guide":"","iawp_total_views":87,"footnotes":""},"class_list":["post-18508","page","type-page","status-publish","has-post-thumbnail","hentry"],"yoast_head":"<!-- This site is optimized with the Yoast SEO plugin v26.9 - https:\/\/yoast.com\/product\/yoast-seo-wordpress\/ -->\n<title>Produkty<\/title>\n<meta name=\"description\" content=\"17 000 produkt\u016f skladem! N\u00e1\u0161 sortiment pro v\u00e1\u0161 \u00fasp\u011bch. KLINGER Kempchen je l\u00eddrem na trhu statick\u00fdch t\u011bsn\u011bn\u00ed.\" \/>\n<meta name=\"robots\" content=\"index, follow, max-snippet:-1, max-image-preview:large, max-video-preview:-1\" \/>\n<link rel=\"canonical\" href=\"https:\/\/www.klinger-kempchen.de\/produkte\/\" \/>\n<meta property=\"og:locale\" content=\"cs_CZ\" \/>\n<meta property=\"og:type\" content=\"article\" \/>\n<meta property=\"og:title\" content=\"Produkty\" \/>\n<meta property=\"og:description\" content=\"17 000 produkt\u016f skladem! N\u00e1\u0161 sortiment pro v\u00e1\u0161 \u00fasp\u011bch. KLINGER Kempchen je l\u00eddrem na trhu statick\u00fdch t\u011bsn\u011bn\u00ed.\" \/>\n<meta property=\"og:url\" content=\"https:\/\/www.klinger-kempchen.de\/produkte\/\" \/>\n<meta property=\"og:site_name\" content=\"KLINGER Kempchen\" \/>\n<meta property=\"article:modified_time\" content=\"2024-03-11T13:40:00+00:00\" \/>\n<meta property=\"og:image\" content=\"https:\/\/www.klinger-kempchen.de\/wp-content\/uploads\/2020\/07\/Plasma.jpg\" \/>\n\t<meta property=\"og:image:width\" content=\"1400\" \/>\n\t<meta property=\"og:image:height\" content=\"333\" \/>\n\t<meta property=\"og:image:type\" content=\"image\/jpeg\" \/>\n<meta name=\"twitter:label1\" content=\"Odhadovan\u00e1 doba \u010dten\u00ed\" \/>\n\t<meta name=\"twitter:data1\" content=\"2 minuty\" \/>\n<!-- \/ Yoast SEO plugin. -->","yoast_head_json":{"title":"Produkty","description":"17 000 produkt\u016f skladem! N\u00e1\u0161 sortiment pro v\u00e1\u0161 \u00fasp\u011bch. KLINGER Kempchen je l\u00eddrem na trhu statick\u00fdch t\u011bsn\u011bn\u00ed.","robots":{"index":"index","follow":"follow","max-snippet":"max-snippet:-1","max-image-preview":"max-image-preview:large","max-video-preview":"max-video-preview:-1"},"canonical":"https:\/\/www.klinger-kempchen.de\/produkte\/","og_locale":"cs_CZ","og_type":"article","og_title":"Produkty","og_description":"17 000 produkt\u016f skladem! N\u00e1\u0161 sortiment pro v\u00e1\u0161 \u00fasp\u011bch. KLINGER Kempchen je l\u00eddrem na trhu statick\u00fdch t\u011bsn\u011bn\u00ed.","og_url":"https:\/\/www.klinger-kempchen.de\/produkte\/","og_site_name":"KLINGER Kempchen","article_modified_time":"2024-03-11T13:40:00+00:00","og_image":[{"width":1400,"height":333,"url":"https:\/\/www.klinger-kempchen.de\/wp-content\/uploads\/2020\/07\/Plasma.jpg","type":"image\/jpeg"}],"twitter_misc":{"Odhadovan\u00e1 doba \u010dten\u00ed":"2 minuty"},"schema":{"@context":"https:\/\/schema.org","@graph":[{"@type":"WebPage","@id":"https:\/\/www.klinger-kempchen.de\/produkte\/","url":"https:\/\/www.klinger-kempchen.de\/produkte\/","name":"Produkty","isPartOf":{"@id":"https:\/\/www.klinger-kempchen.de\/#website"},"primaryImageOfPage":{"@id":"https:\/\/www.klinger-kempchen.de\/produkte\/#primaryimage"},"image":{"@id":"https:\/\/www.klinger-kempchen.de\/produkte\/#primaryimage"},"thumbnailUrl":"https:\/\/www.klinger-kempchen.de\/wp-content\/uploads\/2020\/07\/Plasma.jpg","datePublished":"2023-06-28T10:57:49+00:00","dateModified":"2024-03-11T13:40:00+00:00","description":"17 000 produkt\u016f skladem! N\u00e1\u0161 sortiment pro v\u00e1\u0161 \u00fasp\u011bch. KLINGER Kempchen je l\u00eddrem na trhu statick\u00fdch t\u011bsn\u011bn\u00ed.","breadcrumb":{"@id":"https:\/\/www.klinger-kempchen.de\/produkte\/#breadcrumb"},"inLanguage":"cs","potentialAction":[{"@type":"ReadAction","target":["https:\/\/www.klinger-kempchen.de\/produkte\/"]}]},{"@type":"ImageObject","inLanguage":"cs","@id":"https:\/\/www.klinger-kempchen.de\/produkte\/#primaryimage","url":"https:\/\/www.klinger-kempchen.de\/wp-content\/uploads\/2020\/07\/Plasma.jpg","contentUrl":"https:\/\/www.klinger-kempchen.de\/wp-content\/uploads\/2020\/07\/Plasma.jpg","width":1400,"height":333},{"@type":"BreadcrumbList","@id":"https:\/\/www.klinger-kempchen.de\/produkte\/#breadcrumb","itemListElement":[{"@type":"ListItem","position":1,"name":"Home","item":"https:\/\/www.klinger-kempchen.de\/"},{"@type":"ListItem","position":2,"name":"Produkty"}]},{"@type":"WebSite","@id":"https:\/\/www.klinger-kempchen.de\/#website","url":"https:\/\/www.klinger-kempchen.de\/","name":"KLINGER Kempchen","description":"KLINGER Kempchen","publisher":{"@id":"https:\/\/www.klinger-kempchen.de\/#organization"},"potentialAction":[{"@type":"SearchAction","target":{"@type":"EntryPoint","urlTemplate":"https:\/\/www.klinger-kempchen.de\/?s={search_term_string}"},"query-input":{"@type":"PropertyValueSpecification","valueRequired":true,"valueName":"search_term_string"}}],"inLanguage":"cs"},{"@type":"Organization","@id":"https:\/\/www.klinger-kempchen.de\/#organization","name":"KLINGER-Kempchen","url":"https:\/\/www.klinger-kempchen.de\/","logo":{"@type":"ImageObject","inLanguage":"cs","@id":"https:\/\/www.klinger-kempchen.de\/#\/schema\/logo\/image\/","url":"https:\/\/www.klinger-kempchen.de\/wp-content\/uploads\/2020\/06\/cropped-Klinger-Kempchen-Logo.png","contentUrl":"https:\/\/www.klinger-kempchen.de\/wp-content\/uploads\/2020\/06\/cropped-Klinger-Kempchen-Logo.png","width":512,"height":512,"caption":"KLINGER-Kempchen"},"image":{"@id":"https:\/\/www.klinger-kempchen.de\/#\/schema\/logo\/image\/"}}]}},"coauthors":[],"author_meta":{"author_link":"https:\/\/www.klinger-kempchen.de\/cs\/author\/administrador\/","display_name":"administrador"},"relative_dates":{"created":"Posted 3 roky ago","modified":"Updated 2 roky ago"},"absolute_dates":{"created":"Posted on 28 \u010dervna 2023","modified":"Updated on 11 b\u0159ezna 2024"},"absolute_dates_time":{"created":"Posted on 28 \u010dervna 2023 12:57","modified":"Updated on 11 b\u0159ezna 2024 14:40"},"featured_img_caption":"","featured_img":"https:\/\/www.klinger-kempchen.de\/wp-content\/uploads\/2020\/07\/Plasma.jpg","series_order":"","_links":{"self":[{"href":"https:\/\/www.klinger-kempchen.de\/cs\/wp-json\/wp\/v2\/pages\/18508","targetHints":{"allow":["GET"]}}],"collection":[{"href":"https:\/\/www.klinger-kempchen.de\/cs\/wp-json\/wp\/v2\/pages"}],"about":[{"href":"https:\/\/www.klinger-kempchen.de\/cs\/wp-json\/wp\/v2\/types\/page"}],"author":[{"embeddable":true,"href":"https:\/\/www.klinger-kempchen.de\/cs\/wp-json\/wp\/v2\/users\/1"}],"replies":[{"embeddable":true,"href":"https:\/\/www.klinger-kempchen.de\/cs\/wp-json\/wp\/v2\/comments?post=18508"}],"version-history":[{"count":0,"href":"https:\/\/www.klinger-kempchen.de\/cs\/wp-json\/wp\/v2\/pages\/18508\/revisions"}],"wp:featuredmedia":[{"embeddable":true,"href":"https:\/\/www.klinger-kempchen.de\/cs\/wp-json\/wp\/v2\/media\/17506"}],"wp:attachment":[{"href":"https:\/\/www.klinger-kempchen.de\/cs\/wp-json\/wp\/v2\/media?parent=18508"}],"curies":[{"name":"wp","href":"https:\/\/api.w.org\/{rel}","templated":true}]}}