{"id":18634,"date":"2023-07-10T15:36:20","date_gmt":"2023-07-10T13:36:20","guid":{"rendered":"https:\/\/www.klinger-kempchen.de\/?page_id=18634"},"modified":"2024-05-10T20:11:56","modified_gmt":"2024-05-10T18:11:56","slug":"plocha-tesneni","status":"publish","type":"page","link":"https:\/\/www.klinger-kempchen.de\/cs\/produkty\/plocha-tesneni\/","title":{"rendered":"Ploch\u00e1 t\u011bsn\u011bn\u00ed"},"content":{"rendered":"\n<p><strong><a href=\"#flachdichtungen\">\u00bb Ploch\u00e1 t\u011bsn\u011bn\u00ed<\/a><br><a href=\"#TopChem\">\u00bb KLINGER\u00ae-TOP-CHEM<\/a><br><a href=\"#Waveline\">\u00bb SPECI\u00c1LN\u00cd PE\u010cE\u0164 WAVELINE WLP\u00ae<\/a><\/strong><\/p>\n\n\n\n<div style=\"height:50px\" aria-hidden=\"true\" class=\"wp-block-spacer advgb-dyn-a1f5334f\"><\/div>\n\n\n\n<h1 class=\"wp-block-heading h2\">Ploch\u00e1 t\u011bsn\u011bn\u00ed<\/h1>\n\n\n\n<div style=\"height:20px\" aria-hidden=\"true\" class=\"wp-block-spacer advgb-dyn-af21a01c\"><\/div>\n\n\n\n<div class=\"wp-block-columns is-layout-flex wp-container-core-columns-is-layout-9d6595d7 wp-block-columns-is-layout-flex\">\n<div class=\"wp-block-column is-layout-flow wp-block-column-is-layout-flow\" style=\"flex-basis:66.66%\">\n<p>Ploch\u00e1 t\u011bsn\u011bn\u00ed jsou univerz\u00e1ln\u00ed t\u011bsnic\u00ed prvky s \u0161irok\u00fdm spektrem pou\u017eit\u00ed ve v\u0161ech oblastech pr\u016fmyslu. Pou\u017e\u00edvaj\u00ed se v teplotn\u00edm rozsahu od &#8211; 200 \u00b0C do maxim\u00e1ln\u011b + 550 \u00b0C. Vhodn\u00fd materi\u00e1l je t\u0159eba zvolit v z\u00e1vislosti na m\u00e9diu, koncentraci m\u00e9dia, teplot\u011b, tlaku a tvaru p\u0159\u00edruby.<\/p>\n\n\n\n<p>Ploch\u00e1 t\u011bsn\u011bn\u00ed vyr\u00e1b\u00edme ze v\u0161ech b\u011b\u017en\u00fdch m\u011bkk\u00fdch materi\u00e1l\u016f.<\/p>\n\n\n\n<p>Ploch\u00e1 t\u011bsn\u011bn\u00ed z m\u011bkk\u00e9ho materi\u00e1lu jsou k dispozici ve form\u011b krou\u017eku, r\u00e1me\u010dku, ov\u00e1ln\u00e9ho t\u011bsn\u011bn\u00ed a t\u00e9m\u011b\u0159 jak\u00e9hokoli speci\u00e1ln\u00edho tvaru.<\/p>\n\n\n\n<p>Pro uzav\u0159en\u00ed por\u00e9zn\u00edch \u0159ezn\u00fdch ploch t\u011bsn\u011bn\u00ed z d\u0159evovl\u00e1knit\u00fdch desek (FA) nebo expandovan\u00e9ho pru\u017en\u00e9ho grafitu \u010di RivaTherm-Super jsou t\u011bsn\u011bn\u00ed na vnit\u0159n\u00ed stran\u011b olemov\u00e1na tenk\u00fdm kovov\u00fdm prou\u017ekem.<\/p>\n\n\n\n<p>T\u011bsn\u011bn\u00ed s vn\u011bj\u0161\u00edm okrajem z tenk\u00e9ho kovov\u00e9ho p\u00e1sku se pou\u017e\u00edvaj\u00ed tam, kde na m\u00e9dium p\u016fsob\u00ed nap\u011bt\u00ed z vn\u011bj\u0161\u00ed strany. Tak je tomu nap\u0159\u00edklad u samouzav\u00edrac\u00edch \u0161achetn\u00edch uz\u00e1v\u011br\u016f nebo poklop\u016f nebo tak\u00e9 v p\u0159\u00edstrojov\u00e9 technice, kdy je t\u0159eba ut\u011bsnit vnit\u0159n\u00ed instalace.<\/p>\n\n\n\n<p>Spole\u010dnost KLINGER Kempchen vyr\u00e1b\u00ed tak\u00e9 t\u011bsn\u011bn\u00ed pro speci\u00e1ln\u00ed aplikace a podle individu\u00e1ln\u00edch po\u017eadavk\u016f a nach\u00e1z\u00ed speci\u00e1ln\u00ed \u0159e\u0161en\u00ed pro va\u0161e po\u017eadavky. Pro v\u00fdpo\u010det t\u011bsn\u011bn\u00ed m\u00e1me vysoce vy\u0161kolen\u00e9 a kompetentn\u00ed odborn\u00edky, kte\u0159\u00ed pro v\u00e1s vyberou a slad\u00ed materi\u00e1ly.<\/p>\n\n\n\n<p class=\"has-white-color has-text-color has-background\" style=\"background-color:#7ab8e4\">Sta\u010d\u00ed se pod\u00edvat na KLINGER ENGINEERING; budete ohromeni nab\u00eddkou in\u017een\u00fdrsk\u00fdch slu\u017eeb.<\/p>\n<\/div>\n\n\n\n<div class=\"wp-block-column is-layout-flow wp-block-column-is-layout-flow\" style=\"flex-basis:33.33%\">\n<figure class=\"wp-block-image size-large is-resized\"><img loading=\"lazy\" decoding=\"async\" width=\"1200\" height=\"797\" src=\"https:\/\/www.klinger-kempchen.de\/wp-content\/uploads\/2020\/07\/A1_Klingersil.jpg\" alt=\"Flachdichtungen Profil A1 aus Weichstoff mit rechteckigem Querschnitt\" class=\"wp-image-8413\" style=\"width:465px;height:309px\" title=\"Flachdichtungen Profil A1\" srcset=\"https:\/\/www.klinger-kempchen.de\/wp-content\/uploads\/2020\/07\/A1_Klingersil.jpg 1200w, https:\/\/www.klinger-kempchen.de\/wp-content\/uploads\/2020\/07\/A1_Klingersil-768x510.jpg 768w\" sizes=\"auto, (max-width: 1200px) 100vw, 1200px\" \/><figcaption class=\"wp-element-caption\"><strong>Profil A1<\/strong> Ploch\u00e9 t\u011bsn\u011bn\u00ed z m\u011bkk\u00e9ho materi\u00e1lu s obd\u00e9ln\u00edkov\u00fdm pr\u016f\u0159ezem<\/figcaption><\/figure>\n\n\n\n<figure class=\"wp-block-image size-large is-resized\"><img loading=\"lazy\" decoding=\"async\" width=\"1200\" height=\"797\" src=\"https:\/\/www.klinger-kempchen.de\/wp-content\/uploads\/2020\/07\/F1_RSP.jpg\" alt=\"Flachdichtungen Profil F1 aus Graphit mit Inneneinfassung\" class=\"wp-image-8415\" style=\"width:465px;height:311px\" title=\"Weichstoffdichtung\" srcset=\"https:\/\/www.klinger-kempchen.de\/wp-content\/uploads\/2020\/07\/F1_RSP.jpg 1200w, https:\/\/www.klinger-kempchen.de\/wp-content\/uploads\/2020\/07\/F1_RSP-768x510.jpg 768w, https:\/\/www.klinger-kempchen.de\/wp-content\/uploads\/2020\/07\/F1_RSP-20x13.jpg 20w\" sizes=\"auto, (max-width: 1200px) 100vw, 1200px\" \/><figcaption class=\"wp-element-caption\"><strong>Profil F1<\/strong> uvnit\u0159 s tenk\u00fdm kovov\u00fdm lemem<\/figcaption><\/figure>\n<\/div>\n<\/div>\n\n\n\n<h2 class=\"wp-block-heading\">Ploch\u00e1 t\u011bsn\u011bn\u00ed z grafitu, vl\u00e1ken, PTFE, elastomeru<\/h2>\n\n\n\n<div class=\"wp-block-columns is-layout-flex wp-container-core-columns-is-layout-9d6595d7 wp-block-columns-is-layout-flex\">\n<div class=\"wp-block-column is-layout-flow wp-block-column-is-layout-flow\" style=\"flex-basis:66.66%\">\n<p>Obvykl\u00e1 tlou\u0161\u0165ka statick\u00fdch t\u011bsn\u011bn\u00ed je 1; 1,5; 2 a 3 mm. PTFE t\u011bsn\u011bn\u00ed by m\u011bla b\u00fdt pou\u017e\u00edv\u00e1na co nejten\u010d\u00ed kv\u016fli pr\u016ftoku.<\/p>\n\n\n\n<p>Proto je pro volbu tlou\u0161\u0165ky t\u011bsn\u011bn\u00ed rozhoduj\u00edc\u00ed kvalita a rovinnost povrchu p\u0159\u00edrub. \u010c\u00edm kvalitn\u011bj\u0161\u00ed je povrch p\u0159\u00edrub, t\u00edm ten\u010d\u00ed m\u016f\u017ee b\u00fdt tlou\u0161\u0165ka t\u011bsn\u011bn\u00ed. M\u011bkk\u00e1 t\u011bsn\u011bn\u00ed vy\u017eaduj\u00ed pouze n\u00edzk\u00e9 p\u0159eddeforma\u010dn\u00ed povrchov\u00e9 tlaky sV, ale mohou b\u00fdt tak\u00e9 snadn\u011bji p\u0159et\u00ed\u017eena ne\u017e kovov\u00e1 t\u011bsn\u011bn\u00ed nebo kovov\u011b m\u011bkk\u00e1 t\u011bsn\u011bn\u00ed, zejm\u00e9na p\u0159i mal\u00fdch \u0161\u00ed\u0159k\u00e1ch t\u011bsn\u011bn\u00ed.<\/p>\n\n\n\n<p>Aby se bezpe\u010dn\u011b zabr\u00e1nilo selh\u00e1n\u00ed, mus\u00ed se proto p\u016fsob\u00edc\u00ed povrchov\u00fd tlak na t\u011bsn\u011bn\u00ed pohybovat mezi \u03c3V a \u03c3\u03d1 a mus\u00ed b\u00fdt dodr\u017eeny n\u00e1sleduj\u00edc\u00ed pom\u011bry \u0161\u00ed\u0159ky a v\u00fd\u0161ky:<\/p>\n\n\n\n<figure class=\"wp-block-image size-large is-resized\"><img loading=\"lazy\" decoding=\"async\" width=\"646\" height=\"217\" src=\"https:\/\/www.klinger-kempchen.de\/wp-content\/uploads\/2020\/07\/weichstoff_breite-hoehe.png\" alt=\"Breiten- und L\u00e4ngenverh\u00e4ltnisse von Flachdichtungen\" class=\"wp-image-7645\" style=\"width:493px;height:166px\" title=\"Flachdichtungen Breite-L\u00e4nge\" srcset=\"https:\/\/www.klinger-kempchen.de\/wp-content\/uploads\/2020\/07\/weichstoff_breite-hoehe.png 646w, https:\/\/www.klinger-kempchen.de\/wp-content\/uploads\/2020\/07\/weichstoff_breite-hoehe-20x7.png 20w\" sizes=\"auto, (max-width: 646px) 100vw, 646px\" \/><\/figure>\n\n\n\n<h3 class=\"wp-block-heading h4\">Downloads<\/h3>\n\n\n\n<p>V p\u0159\u00edloze naleznete dokumenty ke sta\u017een\u00ed, jako je dokumentace k v\u00fdrobku, technick\u00fd list v\u00fdrobku, bezpe\u010dnostn\u00ed informace a charakteristiky t\u011bsn\u011bn\u00ed.<\/p>\n\n\n\n<p><img decoding=\"async\" src=\"https:\/\/www.klinger-kempchen.de\/wp-content\/uploads\/2020\/07\/Download-icon-2.png\" alt=\"download\"><a href=\"https:\/\/www.klinger-kempchen.de\/wp-content\/uploads\/2020\/07\/Flachdichtungen.pdf\" target=\"_blank\" rel=\"noreferrer noopener\">Produktdokumentation Flachdichtungen (pdf)<\/a><\/p>\n\n\n\n<p><img decoding=\"async\" src=\"https:\/\/www.klinger-kempchen.de\/wp-content\/uploads\/2020\/07\/Download-icon-2.png\" alt=\"download\"><a href=\"https:\/\/www.klinger-kempchen.de\/wp-content\/uploads\/2024\/03\/157-158_Einbauanleitung-fuer-Flachdichtungen.pdf\" target=\"_blank\" rel=\"noreferrer noopener\">Einbauanleitung f\u00fcr Flachdichtungen (pdf)<\/a><\/p>\n\n\n\n<div class=\"wp-block-buttons is-layout-flex wp-block-buttons-is-layout-flex\">\n<div class=\"wp-block-button advgb-dyn-f99783df\"><a class=\"wp-block-button__link has-text-color has-background no-border-radius wp-element-button\" href=\"https:\/\/www.klinger-kempchen.de\/qualitaet\/dichtungskennwerte\/#Flachdichtung\" style=\"color:#ffffff;background-color:#0168b5\">Vlastnosti t\u011bsn\u011bn\u00ed<\/a><\/div>\n\n\n\n<div class=\"wp-block-button advgb-dyn-00d6d622\"><a class=\"wp-block-button__link has-very-light-gray-color has-text-color has-background no-border-radius wp-element-button\" href=\"https:\/\/www.klinger-kempchen.de\/kontakt\/\" style=\"background-color:#0168b5\"><img loading=\"lazy\" decoding=\"async\" width=\"50\" height=\"30\" class=\"wp-image-8597\" style=\"width: 50px;\" src=\"https:\/\/www.klinger-kempchen.de\/wp-content\/uploads\/2020\/08\/Mail.png\" alt=\"Mail\" srcset=\"https:\/\/www.klinger-kempchen.de\/wp-content\/uploads\/2020\/08\/Mail.png 100w, https:\/\/www.klinger-kempchen.de\/wp-content\/uploads\/2020\/08\/Mail-20x12.png 20w\" sizes=\"auto, (max-width: 50px) 100vw, 50px\" \/><\/a><\/div>\n<\/div>\n<\/div>\n\n\n\n<div class=\"wp-block-column is-layout-flow wp-block-column-is-layout-flow\" style=\"flex-basis:33.33%\">\n<figure class=\"wp-block-image size-large is-resized\"><img loading=\"lazy\" decoding=\"async\" width=\"400\" height=\"1009\" src=\"https:\/\/www.klinger-kempchen.de\/wp-content\/uploads\/2020\/07\/weichstoff_dichtungsprofile.png\" alt=\"Profilliste der Flachdichtungen im Querschnitt\" class=\"wp-image-7591\" style=\"width:450px;height:1009px\" title=\"Flachdichtungen im Querschnitt\"\/><\/figure>\n\n\n\n<p><\/p>\n<\/div>\n<\/div>\n\n\n\n<h2 class=\"wp-block-heading\">KLINGER\u00ae-TOP-CHEM<\/h2>\n\n\n\n<div class=\"wp-block-columns is-layout-flex wp-container-core-columns-is-layout-9d6595d7 wp-block-columns-is-layout-flex\">\n<div class=\"wp-block-column is-layout-flow wp-block-column-is-layout-flow\" style=\"flex-basis:66.66%\">\n<h3 class=\"wp-block-heading h4\">T\u011bsnic\u00ed technologie na nov\u00e9 v\u00fdkonnostn\u00ed \u00farovni<\/h3>\n\n\n\n<p><strong>Ploch\u00e9 t\u011bsn\u011bn\u00ed z m\u011bkk\u00e9ho materi\u00e1lu KLINGER\u00aetop-chem<\/strong><\/p>\n\n\n\n<p>\u0160pi\u010dkov\u00e9 vlastnosti t\u00e9to \u0159ady umo\u017e\u0148uj\u00ed vyu\u017e\u00edvat v\u00fdhody ploch\u00fdch t\u011bsn\u011bn\u00ed z PTFE, ani\u017e byste museli akceptovat obvykl\u00e9 nev\u00fdhody. S KLINGER\u00aetop-chem proto m\u016f\u017eete jednozna\u010dn\u011b posunout hranice mo\u017en\u00e9ho. U\u0161et\u0159\u00edte tak pracovn\u00ed \u010das a z\u00edsk\u00e1te bezpe\u010dnost za\u0159\u00edzen\u00ed.<\/p>\n\n\n\n<p>D\u00edky plynul\u00e9mu pokryt\u00ed v\u0161ech aplikac\u00ed a velmi podrobn\u00e9mu uveden\u00ed v\u00fdkonnostn\u00edch charakteristik se vyhnete bezpe\u010dnostn\u00edm mezer\u00e1m.<\/p>\n\n\n\n<h4 class=\"wp-block-heading\">Downloads<\/h4>\n\n\n\n<h6 class=\"wp-block-heading\" id=\"Waveline\"><\/h6>\n\n\n\n<p>Zde naleznete dokumenty ke sta\u017een\u00ed, jako je dokumentace k v\u00fdrobku, technick\u00fd list v\u00fdrobku, bezpe\u010dnostn\u00ed informace a charakteristiky t\u011bsn\u011bn\u00ed.<\/p>\n\n\n\n<p><img decoding=\"async\" src=\"https:\/\/www.klinger-kempchen.de\/wp-content\/uploads\/2020\/07\/Download-icon-2.png\" alt=\"download\"><a href=\"https:\/\/www.klinger-kempchen.de\/wp-content\/uploads\/2020\/07\/028-029-FLACHDCHTUNGEN-AUS-KLINGER-TOPCHEM.pdf\" target=\"_blank\" rel=\"noreferrer noopener\">Produktdokumentation KLINGER\u00aetop-chem (pdf)<\/a><\/p>\n\n\n\n<div class=\"wp-block-buttons is-layout-flex wp-block-buttons-is-layout-flex\">\n<div class=\"wp-block-button advgb-dyn-a98519c7\"><a class=\"wp-block-button__link has-text-color has-background no-border-radius wp-element-button\" href=\"https:\/\/www.klinger-kempchen.de\/qualitaet\/dichtungskennwerte\/#Topchem\" style=\"color:#ffffff;background-color:#0168b5\">Vlastnosti t\u011bsn\u011bn\u00ed<\/a><\/div>\n\n\n\n<div class=\"wp-block-button advgb-dyn-00d6d622\"><a class=\"wp-block-button__link has-very-light-gray-color has-text-color has-background no-border-radius wp-element-button\" href=\"https:\/\/www.klinger-kempchen.de\/kontakt\/\" style=\"background-color:#0168b5\"><img loading=\"lazy\" decoding=\"async\" width=\"50\" height=\"30\" class=\"wp-image-8597\" style=\"width: 50px;\" src=\"https:\/\/www.klinger-kempchen.de\/wp-content\/uploads\/2020\/08\/Mail.png\" alt=\"Mail\" srcset=\"https:\/\/www.klinger-kempchen.de\/wp-content\/uploads\/2020\/08\/Mail.png 100w, https:\/\/www.klinger-kempchen.de\/wp-content\/uploads\/2020\/08\/Mail-20x12.png 20w\" sizes=\"auto, (max-width: 50px) 100vw, 50px\" \/><\/a><\/div>\n<\/div>\n\n\n\n<p><\/p>\n<\/div>\n\n\n\n<div class=\"wp-block-column is-layout-flow wp-block-column-is-layout-flow\" style=\"flex-basis:33.33%\">\n<figure class=\"wp-block-image size-large is-resized\"><img loading=\"lazy\" decoding=\"async\" width=\"700\" height=\"483\" src=\"https:\/\/www.klinger-kempchen.de\/wp-content\/uploads\/2020\/07\/Klinger_top-chem2000soft_Flachdichtung.jpg\" alt=\"Flachdichtungen Profil A1 aus KLINGER\u00aetop-chem2000soft\" class=\"wp-image-7606\" style=\"width:450px;height:362px\" title=\"Flachdichtungen Profil A1\"\/><figcaption class=\"wp-element-caption\"><strong>KLINGER\u00aetop-chem<\/strong>2000soft<\/figcaption><\/figure>\n\n\n\n<p><\/p>\n<\/div>\n<\/div>\n\n\n\n<h2 class=\"wp-block-heading\">SPECI\u00c1LN\u00cd T\u011aSN\u011aN\u00cd WAVELINE WLP\u00ae<\/h2>\n\n\n\n<div class=\"wp-block-columns is-layout-flex wp-container-core-columns-is-layout-9d6595d7 wp-block-columns-is-layout-flex\">\n<div class=\"wp-block-column is-layout-flow wp-block-column-is-layout-flow\" style=\"flex-basis:66.66%\">\n<p>Na\u0161e \u0159e\u0161en\u00ed pro optim\u00e1ln\u00ed sn\u00ed\u017een\u00ed \u00fanik\u016f<\/p>\n\n\n\n<p>Pou\u017eit\u00ed toxick\u00fdch, ekologicky \u0161kodliv\u00fdch nebo jednodu\u0161e drah\u00fdch plynn\u00fdch m\u00e9di\u00ed klade na t\u011bsnic\u00ed syst\u00e9m nejvy\u0161\u0161\u00ed n\u00e1roky &#8211; v souladu s c\u00edlem minimalizace emis\u00ed.<\/p>\n\n\n\n<p><strong>Struktura<\/strong><\/p>\n\n\n\n<p>T\u011bsn\u011bn\u00ed Profil F1-Waveline WLP Egraflex Steelflon s vnit\u0159n\u00ed perli\u010dkou m\u00e1 vlnit\u00fd pr\u016f\u0159ez, kter\u00fd vznik\u00e1 vlnit\u00fdm stla\u010den\u00edm za odpov\u00eddaj\u00edc\u00edho vysok\u00e9ho tlaku. Proto m\u00e1 tento materi\u00e1l t\u011bsn\u011bn\u00ed sendvi\u010dovou strukturu z \u010dist\u00e9ho grafitu a kovov\u00fdch f\u00f3li\u00ed. Vnit\u0159n\u00ed struktura se tedy skl\u00e1d\u00e1 z n\u011bkolika 0,5 mm siln\u00fdch vrstev vysoce kvalitn\u00ed grafitov\u00e9 f\u00f3lie a 0,05 mm siln\u00fdch hladk\u00fdch f\u00f3li\u00ed z nerezov\u00e9 oceli.<\/p>\n\n\n\n<p><strong>V\u00fdhody<\/strong><\/p>\n\n\n\n<p>Vnit\u0159n\u00ed vlo\u017eka, kter\u00e1 je p\u0159edlisovan\u00e1 v procesu Waveline\u00ae, tak sni\u017euje dif\u00fazi m\u00e9dia skrz t\u011bsn\u011bn\u00ed. V\u00fdsledkem je velmi n\u00edzk\u00e1 m\u00edra t\u011bsnosti i za b\u011b\u017en\u00fdch provozn\u00edch podm\u00ednek.<\/p>\n\n\n\n<p>Profil F1-Waveline WLP\u00ae s vnit\u0159n\u00ed li\u0161tou spl\u0148uje po\u017eadavky na vzduch TA podle sm\u011brnice VDI 2440.<\/p>\n\n\n\n<p>Kovov\u00e9 v\u00fdztuhy, stejn\u011b jako stabiln\u00ed vnit\u0159n\u00ed p\u0159\u00edruba o tlou\u0161\u0165ce 0,15 mm v kombinaci s vlnit\u00fdm krimpov\u00e1n\u00edm zaji\u0161\u0165uj\u00ed, \u017ee t\u011bsn\u011bn\u00ed je mimo\u0159\u00e1dn\u011b rozm\u011brov\u011b stabiln\u00ed a snadno se s n\u00edm manipuluje.<\/p>\n\n\n\n<p>Ke sta\u017een\u00ed na<\/p>\n\n\n\n<p>Zde naleznete soubory ke sta\u017een\u00ed, jako je dokumentace k v\u00fdrobku, technick\u00fd list v\u00fdrobku, bezpe\u010dnostn\u00ed informace a charakteristiky t\u011bsn\u011bn\u00ed.<\/p>\n\n\n\n<p><img decoding=\"async\" src=\"https:\/\/www.klinger-kempchen.de\/wp-content\/uploads\/2020\/07\/Download-icon-2.png\" alt=\"download\"><a href=\"https:\/\/www.klinger-kempchen.de\/wp-content\/uploads\/2020\/07\/026-FLACHDICHTUNGEN-WAVELINE-WLP.pdf\" target=\"_blank\" rel=\"noreferrer noopener\">Produktdokumentation Waveline-WLP<strong>\u00ae<\/strong>.pdf<\/a><\/p>\n\n\n\n<div class=\"wp-block-buttons is-layout-flex wp-block-buttons-is-layout-flex\">\n<div class=\"wp-block-button advgb-dyn-6c86f1a4\"><a class=\"wp-block-button__link has-text-color has-background no-border-radius wp-element-button\" href=\"https:\/\/www.klinger-kempchen.de\/qualitaet\/dichtungskennwerte\/#Waveline\" style=\"color:#ffffff;background-color:#0168b5\">Vlastnosti t\u011bsn\u011bn\u00ed<\/a><\/div>\n\n\n\n<div class=\"wp-block-button advgb-dyn-00d6d622\"><a class=\"wp-block-button__link has-very-light-gray-color has-text-color has-background no-border-radius wp-element-button\" href=\"https:\/\/www.klinger-kempchen.de\/kontakt\/\" style=\"background-color:#0168b5\"><img loading=\"lazy\" decoding=\"async\" width=\"50\" height=\"30\" class=\"wp-image-8597\" style=\"width: 50px;\" src=\"https:\/\/www.klinger-kempchen.de\/wp-content\/uploads\/2020\/08\/Mail.png\" alt=\"Mail\" srcset=\"https:\/\/www.klinger-kempchen.de\/wp-content\/uploads\/2020\/08\/Mail.png 100w, https:\/\/www.klinger-kempchen.de\/wp-content\/uploads\/2020\/08\/Mail-20x12.png 20w\" sizes=\"auto, (max-width: 50px) 100vw, 50px\" \/><\/a><\/div>\n<\/div>\n<\/div>\n\n\n\n<div class=\"wp-block-column is-layout-flow wp-block-column-is-layout-flow\" style=\"flex-basis:33.33%\">\n<figure class=\"wp-block-image size-large\"><img loading=\"lazy\" decoding=\"async\" width=\"646\" height=\"415\" src=\"https:\/\/www.klinger-kempchen.de\/wp-content\/uploads\/2020\/07\/Waveline_Flachdichtung.jpg\" alt=\"Waveline-WLP\u00ae Flachdichtungen Profil F1\" class=\"wp-image-7597\" title=\"Flachdichtung Waveline\"\/><figcaption class=\"wp-element-caption\"><strong>Profil ploch\u00e9ho t\u011bsn\u011bn\u00ed Waveline-WLP\u00ae F1<\/strong><\/figcaption><\/figure>\n<\/div>\n<\/div>\n\n\n\n<p>Kompletn\u00ed katalog najdete v na\u0161\u00ed sekci ke sta\u017een\u00ed.<\/p>\n","protected":false},"excerpt":{"rendered":"<p>\u00bb Ploch\u00e1 t\u011bsn\u011bn\u00ed\u00bb KLINGER\u00ae-TOP-CHEM\u00bb SPECI\u00c1LN\u00cd PE\u010cE\u0164 WAVELINE WLP\u00ae Ploch\u00e1 t\u011bsn\u011bn\u00ed Ploch\u00e1 t\u011bsn\u011bn\u00ed jsou univerz\u00e1ln\u00ed t\u011bsnic\u00ed prvky s \u0161irok\u00fdm spektrem pou\u017eit\u00ed ve v\u0161ech oblastech pr\u016fmyslu. Pou\u017e\u00edvaj\u00ed se v teplotn\u00edm rozsahu od &#8211; 200 \u00b0C do maxim\u00e1ln\u011b + 550 \u00b0C. Vhodn\u00fd materi\u00e1l je t\u0159eba zvolit v z\u00e1vislosti na m\u00e9diu, koncentraci m\u00e9dia, teplot\u011b, tlaku a tvaru p\u0159\u00edruby. Ploch\u00e1 [&hellip;]<\/p>\n","protected":false},"author":1,"featured_media":17546,"parent":18508,"menu_order":1,"comment_status":"closed","ping_status":"closed","template":"page-templates\/somos.php","meta":{"advgb_blocks_editor_width":"","advgb_blocks_columns_visual_guide":"","iawp_total_views":56,"footnotes":""},"class_list":["post-18634","page","type-page","status-publish","has-post-thumbnail","hentry"],"yoast_head":"<!-- This site is optimized with the Yoast SEO plugin v27.3 - https:\/\/yoast.com\/product\/yoast-seo-wordpress\/ -->\n<title>Ploch\u00e1 t\u011bsn\u011bn\u00ed - KLINGER Kempchen<\/title>\n<meta name=\"description\" content=\"Ploch\u00e1 t\u011bsn\u011bn\u00ed jsou univerz\u00e1ln\u00ed t\u011bsnic\u00ed prvky s \u0161irok\u00fdm spektrem pou\u017eit\u00ed ve v\u0161ech oblastech pr\u016fmyslu.\" \/>\n<meta name=\"robots\" content=\"index, follow, max-snippet:-1, max-image-preview:large, max-video-preview:-1\" \/>\n<link rel=\"canonical\" href=\"https:\/\/www.klinger-kempchen.de\/cs\/produkty\/plocha-tesneni\/\" \/>\n<meta property=\"og:locale\" content=\"cs_CZ\" \/>\n<meta property=\"og:type\" content=\"article\" \/>\n<meta property=\"og:title\" content=\"Ploch\u00e1 t\u011bsn\u011bn\u00ed - KLINGER Kempchen\" \/>\n<meta property=\"og:description\" content=\"Ploch\u00e1 t\u011bsn\u011bn\u00ed jsou univerz\u00e1ln\u00ed t\u011bsnic\u00ed prvky s \u0161irok\u00fdm spektrem pou\u017eit\u00ed ve v\u0161ech oblastech pr\u016fmyslu.\" \/>\n<meta property=\"og:url\" content=\"https:\/\/www.klinger-kempchen.de\/cs\/produkty\/plocha-tesneni\/\" \/>\n<meta property=\"og:site_name\" content=\"KLINGER Kempchen\" \/>\n<meta property=\"article:modified_time\" content=\"2024-05-10T18:11:56+00:00\" \/>\n<meta property=\"og:image\" content=\"https:\/\/www.klinger-kempchen.de\/wp-content\/uploads\/2020\/07\/Weichstoffdichtungen-titel.jpg\" \/>\n\t<meta property=\"og:image:width\" content=\"1400\" \/>\n\t<meta property=\"og:image:height\" content=\"350\" \/>\n\t<meta property=\"og:image:type\" content=\"image\/jpeg\" \/>\n<meta name=\"twitter:label1\" content=\"Odhadovan\u00e1 doba \u010dten\u00ed\" \/>\n\t<meta name=\"twitter:data1\" content=\"5 minut\" \/>\n<!-- \/ Yoast SEO plugin. -->","yoast_head_json":{"title":"Ploch\u00e1 t\u011bsn\u011bn\u00ed - KLINGER Kempchen","description":"Ploch\u00e1 t\u011bsn\u011bn\u00ed jsou univerz\u00e1ln\u00ed t\u011bsnic\u00ed prvky s \u0161irok\u00fdm spektrem pou\u017eit\u00ed ve v\u0161ech oblastech pr\u016fmyslu.","robots":{"index":"index","follow":"follow","max-snippet":"max-snippet:-1","max-image-preview":"max-image-preview:large","max-video-preview":"max-video-preview:-1"},"canonical":"https:\/\/www.klinger-kempchen.de\/cs\/produkty\/plocha-tesneni\/","og_locale":"cs_CZ","og_type":"article","og_title":"Ploch\u00e1 t\u011bsn\u011bn\u00ed - KLINGER Kempchen","og_description":"Ploch\u00e1 t\u011bsn\u011bn\u00ed jsou univerz\u00e1ln\u00ed t\u011bsnic\u00ed prvky s \u0161irok\u00fdm spektrem pou\u017eit\u00ed ve v\u0161ech oblastech pr\u016fmyslu.","og_url":"https:\/\/www.klinger-kempchen.de\/cs\/produkty\/plocha-tesneni\/","og_site_name":"KLINGER Kempchen","article_modified_time":"2024-05-10T18:11:56+00:00","og_image":[{"width":1400,"height":350,"url":"https:\/\/www.klinger-kempchen.de\/wp-content\/uploads\/2020\/07\/Weichstoffdichtungen-titel.jpg","type":"image\/jpeg"}],"twitter_misc":{"Odhadovan\u00e1 doba \u010dten\u00ed":"5 minut"},"schema":{"@context":"https:\/\/schema.org","@graph":[{"@type":"WebPage","@id":"https:\/\/www.klinger-kempchen.de\/cs\/produkty\/plocha-tesneni\/","url":"https:\/\/www.klinger-kempchen.de\/cs\/produkty\/plocha-tesneni\/","name":"Ploch\u00e1 t\u011bsn\u011bn\u00ed - KLINGER Kempchen","isPartOf":{"@id":"https:\/\/www.klinger-kempchen.de\/#website"},"primaryImageOfPage":{"@id":"https:\/\/www.klinger-kempchen.de\/cs\/produkty\/plocha-tesneni\/#primaryimage"},"image":{"@id":"https:\/\/www.klinger-kempchen.de\/cs\/produkty\/plocha-tesneni\/#primaryimage"},"thumbnailUrl":"https:\/\/www.klinger-kempchen.de\/wp-content\/uploads\/2020\/07\/Weichstoffdichtungen-titel.jpg","datePublished":"2023-07-10T13:36:20+00:00","dateModified":"2024-05-10T18:11:56+00:00","description":"Ploch\u00e1 t\u011bsn\u011bn\u00ed jsou univerz\u00e1ln\u00ed t\u011bsnic\u00ed prvky s \u0161irok\u00fdm spektrem pou\u017eit\u00ed ve v\u0161ech oblastech pr\u016fmyslu.","breadcrumb":{"@id":"https:\/\/www.klinger-kempchen.de\/cs\/produkty\/plocha-tesneni\/#breadcrumb"},"inLanguage":"cs","potentialAction":[{"@type":"ReadAction","target":["https:\/\/www.klinger-kempchen.de\/cs\/produkty\/plocha-tesneni\/"]}]},{"@type":"ImageObject","inLanguage":"cs","@id":"https:\/\/www.klinger-kempchen.de\/cs\/produkty\/plocha-tesneni\/#primaryimage","url":"https:\/\/www.klinger-kempchen.de\/wp-content\/uploads\/2020\/07\/Weichstoffdichtungen-titel.jpg","contentUrl":"https:\/\/www.klinger-kempchen.de\/wp-content\/uploads\/2020\/07\/Weichstoffdichtungen-titel.jpg","width":1400,"height":350},{"@type":"BreadcrumbList","@id":"https:\/\/www.klinger-kempchen.de\/cs\/produkty\/plocha-tesneni\/#breadcrumb","itemListElement":[{"@type":"ListItem","position":1,"name":"Home","item":"https:\/\/www.klinger-kempchen.de\/"},{"@type":"ListItem","position":2,"name":"Produkty","item":"https:\/\/www.klinger-kempchen.de\/produkte\/"},{"@type":"ListItem","position":3,"name":"Ploch\u00e1 t\u011bsn\u011bn\u00ed"}]},{"@type":"WebSite","@id":"https:\/\/www.klinger-kempchen.de\/#website","url":"https:\/\/www.klinger-kempchen.de\/","name":"KLINGER Kempchen","description":"KLINGER Kempchen","publisher":{"@id":"https:\/\/www.klinger-kempchen.de\/#organization"},"potentialAction":[{"@type":"SearchAction","target":{"@type":"EntryPoint","urlTemplate":"https:\/\/www.klinger-kempchen.de\/?s={search_term_string}"},"query-input":{"@type":"PropertyValueSpecification","valueRequired":true,"valueName":"search_term_string"}}],"inLanguage":"cs"},{"@type":"Organization","@id":"https:\/\/www.klinger-kempchen.de\/#organization","name":"KLINGER-Kempchen","url":"https:\/\/www.klinger-kempchen.de\/","logo":{"@type":"ImageObject","inLanguage":"cs","@id":"https:\/\/www.klinger-kempchen.de\/#\/schema\/logo\/image\/","url":"https:\/\/www.klinger-kempchen.de\/wp-content\/uploads\/2020\/06\/cropped-Klinger-Kempchen-Logo.png","contentUrl":"https:\/\/www.klinger-kempchen.de\/wp-content\/uploads\/2020\/06\/cropped-Klinger-Kempchen-Logo.png","width":512,"height":512,"caption":"KLINGER-Kempchen"},"image":{"@id":"https:\/\/www.klinger-kempchen.de\/#\/schema\/logo\/image\/"}}]}},"coauthors":[],"author_meta":{"author_link":"https:\/\/www.klinger-kempchen.de\/cs\/author\/administrador\/","display_name":"administrador"},"relative_dates":{"created":"Posted 3 roky ago","modified":"Updated 2 roky ago"},"absolute_dates":{"created":"Posted on 10 \u010dervence 2023","modified":"Updated on 10 kv\u011btna 2024"},"absolute_dates_time":{"created":"Posted on 10 \u010dervence 2023 15:36","modified":"Updated on 10 kv\u011btna 2024 20:11"},"featured_img_caption":"","featured_img":"https:\/\/www.klinger-kempchen.de\/wp-content\/uploads\/2020\/07\/Weichstoffdichtungen-titel.jpg","series_order":"","_links":{"self":[{"href":"https:\/\/www.klinger-kempchen.de\/cs\/wp-json\/wp\/v2\/pages\/18634","targetHints":{"allow":["GET"]}}],"collection":[{"href":"https:\/\/www.klinger-kempchen.de\/cs\/wp-json\/wp\/v2\/pages"}],"about":[{"href":"https:\/\/www.klinger-kempchen.de\/cs\/wp-json\/wp\/v2\/types\/page"}],"author":[{"embeddable":true,"href":"https:\/\/www.klinger-kempchen.de\/cs\/wp-json\/wp\/v2\/users\/1"}],"replies":[{"embeddable":true,"href":"https:\/\/www.klinger-kempchen.de\/cs\/wp-json\/wp\/v2\/comments?post=18634"}],"version-history":[{"count":0,"href":"https:\/\/www.klinger-kempchen.de\/cs\/wp-json\/wp\/v2\/pages\/18634\/revisions"}],"up":[{"embeddable":true,"href":"https:\/\/www.klinger-kempchen.de\/cs\/wp-json\/wp\/v2\/pages\/18508"}],"wp:featuredmedia":[{"embeddable":true,"href":"https:\/\/www.klinger-kempchen.de\/cs\/wp-json\/wp\/v2\/media\/17546"}],"wp:attachment":[{"href":"https:\/\/www.klinger-kempchen.de\/cs\/wp-json\/wp\/v2\/media?parent=18634"}],"curies":[{"name":"wp","href":"https:\/\/api.w.org\/{rel}","templated":true}]}}