{"id":18646,"date":"2023-07-11T10:53:43","date_gmt":"2023-07-11T08:53:43","guid":{"rendered":"https:\/\/www.klinger-kempchen.de\/?page_id=18646"},"modified":"2025-04-02T10:27:00","modified_gmt":"2025-04-02T08:27:00","slug":"spolecnost","status":"publish","type":"page","link":"https:\/\/www.klinger-kempchen.de\/cs\/spolecnost\/","title":{"rendered":"Spole\u010dnost"},"content":{"rendered":"\n<h1 class=\"wp-block-heading h2\">KLINGER KEMPCHEN<\/h1>\n\n\n\n<div class=\"wp-block-columns has-2-columns is-layout-flex wp-container-core-columns-is-layout-9d6595d7 wp-block-columns-is-layout-flex\">\n<div class=\"wp-block-column is-layout-flow wp-block-column-is-layout-flow\">\n<figure class=\"wp-block-table\"><table><tbody><tr><td><a href=\"https:\/\/www.klinger-kempchen.de\/unternehmen\/ueber-uns\/\"><img loading=\"lazy\" decoding=\"async\" width=\"270\" height=\"270\" class=\"wp-image-10600\" style=\"width: 270px;\" src=\"https:\/\/www.klinger-kempchen.de\/wp-content\/uploads\/2020\/08\/Kassenbuch.jpg\" alt=\"Kassenbuch aus dem 19. Jahrhundert\" srcset=\"https:\/\/www.klinger-kempchen.de\/wp-content\/uploads\/2020\/08\/Kassenbuch.jpg 270w, https:\/\/www.klinger-kempchen.de\/wp-content\/uploads\/2020\/08\/Kassenbuch-20x20.jpg 20w\" sizes=\"auto, (max-width: 270px) 100vw, 270px\" \/><\/a><\/td><td><a href=\"https:\/\/www.klinger-kempchen.de\/unternehmen\/ueber-uns\/\"><h2>O N\u00c1S<br><\/h2>Ji\u017e od roku 1889 podporujeme na\u0161e z\u00e1kazn\u00edky svou kompetenc\u00ed, nasazen\u00edm a \u010detn\u00fdmi inovacemi.<br><img decoding=\"async\" style=\"width: 18px;\" src=\"https:\/\/www.klinger-kempchen.de\/wp-content\/uploads\/2019\/11\/icon-arrow-blue-double.png\" alt=\"arrow\"><\/a><\/td><\/tr><\/tbody><\/table><\/figure>\n<\/div>\n\n\n\n<div class=\"wp-block-column is-layout-flow wp-block-column-is-layout-flow\">\n<figure class=\"wp-block-table\"><table><tbody><tr><td><a href=\"https:\/\/www.klinger-kempchen.de\/unternehmen\/firmenprofil\"><img loading=\"lazy\" decoding=\"async\" style=\"width: 270px;\" src=\"https:\/\/www.klinger-kempchen.de\/wp-content\/uploads\/2020\/06\/KLINGER_Kempchen-Fahnen-1-270x270.jpg\" alt=\"Fahnen\" width=\"270\" height=\"270\"><\/a><\/td><td><a href=\"https:\/\/www.klinger-kempchen.de\/unternehmen\/firmenprofil\"><h2>PROFIL SPOLE\u010cNOSTI<br><\/h2>Spole\u010dnost KLINGER Kempchen GmbH vyv\u00edj\u00ed, vyr\u00e1b\u00ed a distribuuje t\u011bsn\u011bn\u00ed, ucp\u00e1vky a kompenz\u00e1tory.<br><img decoding=\"async\" src=\"https:\/\/www.klinger-kempchen.de\/wp-content\/uploads\/2019\/11\/icon-arrow-blue-double.png\" alt=\"arrow\"><\/a><\/td><\/tr><\/tbody><\/table><\/figure>\n<\/div>\n<\/div>\n\n\n\n<div class=\"wp-block-columns has-2-columns is-layout-flex wp-container-core-columns-is-layout-9d6595d7 wp-block-columns-is-layout-flex\">\n<div class=\"wp-block-column is-layout-flow wp-block-column-is-layout-flow\">\n<figure class=\"wp-block-table\"><table><tbody><tr><td><a href=\"https:\/\/www.klinger-kempchen.de\/unternehmen\/branchen\"><img loading=\"lazy\" decoding=\"async\" class=\"alignnone wp-image-6549 size-thumbnail\" src=\"https:\/\/www.klinger-kempchen.de\/wp-content\/uploads\/2020\/06\/industrien-teaser-2-270x270.jpg\" alt=\"Industrie\" width=\"270\" height=\"270\" srcset=\"https:\/\/www.klinger-kempchen.de\/wp-content\/uploads\/2020\/06\/industrien-teaser-2-270x270.jpg 270w, https:\/\/www.klinger-kempchen.de\/wp-content\/uploads\/2020\/06\/industrien-teaser-2-20x20.jpg 20w\" sizes=\"auto, (max-width: 270px) 100vw, 270px\" \/><\/a><\/td><td><a href=\"https:\/\/www.klinger-kempchen.de\/unternehmen\/branchen\"><h2>PR\u016eMYSLOV\u00c1 ODV\u011aTV\u00cd<br><\/h2>Pro va\u0161e po\u017eadavky na t\u011bsnic\u00ed technologie vyv\u00edj\u00edme \u0159e\u0161en\u00ed specifick\u00e1 pro pr\u016fmysl a region.<br><img decoding=\"async\" style=\"width: 18px;\" src=\"https:\/\/www.klinger-kempchen.de\/wp-content\/uploads\/2019\/11\/icon-arrow-blue-double.png\" alt=\"arrow\"><\/a><\/td><\/tr><\/tbody><\/table><\/figure>\n<\/div>\n\n\n\n<div class=\"wp-block-column is-layout-flow wp-block-column-is-layout-flow\">\n<figure class=\"wp-block-table\"><table><tbody><tr><td><a href=\"https:\/\/www.klinger-kempchen.de\/unternehmen\/servicestuetzpunkte\"><img loading=\"lazy\" decoding=\"async\" class=\"alignnone wp-image-6552 size-thumbnail\" style=\"width: 270px;\" src=\"https:\/\/www.klinger-kempchen.de\/wp-content\/uploads\/2023\/01\/Servicepunkt-270x270.jpg\" alt=\"service\" width=\"270\" height=\"270\"><\/a><\/td><td><a href=\"https:\/\/www.klinger-kempchen.de\/unternehmen\/servicestuetzpunkte\"><h2>BODY ZA SLU\u017dBY<br><\/h2>Zjist\u011bte si informace o na\u0161ich servisn\u00edch m\u00edstech s kontaktn\u00edmi osobami ve va\u0161em okol\u00ed.<br><img decoding=\"async\" style=\"width: 18px;\" src=\"https:\/\/www.klinger-kempchen.de\/wp-content\/uploads\/2019\/11\/icon-arrow-blue-double.png\" alt=\"arrow\"><\/a><\/td><\/tr><\/tbody><\/table><\/figure>\n<\/div>\n<\/div>\n\n\n\n<div class=\"wp-block-columns has-2-columns is-layout-flex wp-container-core-columns-is-layout-9d6595d7 wp-block-columns-is-layout-flex\">\n<div class=\"wp-block-column is-layout-flow wp-block-column-is-layout-flow\">\n<figure class=\"wp-block-table\"><table><tbody><tr><td><a href=\"https:\/\/www.klinger-kempchen.de\/unternehmen\/klinger-gruppe\"><img loading=\"lazy\" decoding=\"async\" class=\"alignnone wp-image-6552 size-thumbnail\" style=\"width: 270px;\" src=\"https:\/\/www.klinger-kempchen.de\/wp-content\/uploads\/2020\/06\/klingergroup-teaser-270x270.jpg\" alt=\"Group\" width=\"270\" height=\"270\"><\/a><\/td><td><a href=\"https:\/\/www.klinger-kempchen.de\/unternehmen\/klinger-gruppe\"><h2>KLINGER GROUP<br><\/h2>Jako celosv\u011btov\u011b p\u016fsob\u00edc\u00ed skupina je KLINGER p\u0159edn\u00edm sv\u011btov\u00fdm v\u00fdrobcem a dodavatelem nejmodern\u011bj\u0161\u00edch t\u011bsnic\u00edch materi\u00e1l\u016f a tvarovek.<br><img decoding=\"async\" style=\"width: 18px;\" src=\"https:\/\/www.klinger-kempchen.de\/wp-content\/uploads\/2019\/11\/icon-arrow-blue-double.png\" alt=\"arrow\"><\/a><\/td><\/tr><\/tbody><\/table><\/figure>\n<\/div>\n\n\n\n<div class=\"wp-block-column is-layout-flow wp-block-column-is-layout-flow\">\n<figure class=\"wp-block-table\"><table><tbody><tr><td><a href=\"https:\/\/www.klinger-kempchen.de\/ansprechpartner-2\/#aussendienst-ausland\"><img loading=\"lazy\" decoding=\"async\" class=\"alignnone wp-image-6555 size-thumbnail\" style=\"width: 270px;\" src=\"https:\/\/www.klinger-kempchen.de\/wp-content\/uploads\/2020\/06\/teaser-standorte-270x270.png\" alt=\"Standort\" width=\"270\" height=\"270\" srcset=\"https:\/\/www.klinger-kempchen.de\/wp-content\/uploads\/2020\/06\/teaser-standorte-270x270.png 270w, https:\/\/www.klinger-kempchen.de\/wp-content\/uploads\/2020\/06\/teaser-standorte-20x20.png 20w\" sizes=\"auto, (max-width: 270px) 100vw, 270px\" \/><\/a><\/td><td><a href=\"https:\/\/www.klinger-kempchen.de\/ansprechpartner-2\/#aussendienst-ausland\"><h2>DISTRIBU\u010cN\u00cd PARTNER<br><\/h2>D\u00edky zastoupen\u00ed v 60 zem\u00edch sv\u011bta jsme schopni rychle reagovat na v\u0161echny v\u00fdzvy.<br><img decoding=\"async\" style=\"width: 18px;\" src=\"https:\/\/www.klinger-kempchen.de\/wp-content\/uploads\/2019\/11\/icon-arrow-blue-double.png\" alt=\"arrow\"><\/a><\/td><\/tr><\/tbody><\/table><\/figure>\n<\/div>\n<\/div>\n\n\n\n<div class=\"wp-block-columns has-2-columns is-layout-flex wp-container-core-columns-is-layout-9d6595d7 wp-block-columns-is-layout-flex\">\n<div class=\"wp-block-column is-layout-flow wp-block-column-is-layout-flow\">\n<figure class=\"wp-block-table\"><table><tbody><tr><td><a href=\"https:\/\/www.klinger-kempchen.de\/unternehmen\/karriere\/\"><img loading=\"lazy\" decoding=\"async\" class=\"alignnone wp-image-6558 size-thumbnail\" style=\"width: 270px;\" src=\"https:\/\/www.klinger-kempchen.de\/wp-content\/uploads\/2020\/06\/Stellenangebote-270x270.jpg\" alt=\"Stellen\" width=\"270\" height=\"270\"><\/a><\/td><td><a href=\"https:\/\/www.klinger-kempchen.de\/unternehmen\/karriere\/\"><h2>KARI\u00c9RA<br><\/h2>V\u00e1\u0161 start ve spole\u010dnosti KLINGER Kempchen, kter\u00e1 je \u010dlenem celosv\u011btov\u011b p\u016fsob\u00edc\u00ed skupiny KLINGER.<br><img decoding=\"async\" style=\"width: 18px;\" src=\"https:\/\/www.klinger-kempchen.de\/wp-content\/uploads\/2019\/11\/icon-arrow-blue-double.png\" alt=\"arrow\"><\/a><\/td><\/tr><\/tbody><\/table><\/figure>\n<\/div>\n\n\n\n<div class=\"wp-block-column is-layout-flow wp-block-column-is-layout-flow\">\n<figure class=\"wp-block-table\"><table><tbody><tr><td><a href=\"https:\/\/www.klinger-kempchen.de\/unternehmen\/klinger-news\/\"><img loading=\"lazy\" decoding=\"async\" class=\"alignnone wp-image-6564 size-thumbnail\" style=\"width: 270px;\" src=\"https:\/\/www.klinger-kempchen.de\/wp-content\/uploads\/2020\/06\/klinger-news-teaser-270x270.jpg\" alt=\"News\" width=\"270\" height=\"270\"><\/a><\/td><td><a href=\"https:\/\/www.klinger-kempchen.de\/unternehmen\/klinger-news\/\"><h2>KLINGER NEWS<br><\/h2>Z\u00edskejte v\u00edce informac\u00ed o nejnov\u011bj\u0161\u00edm v\u00fdvoji a nadch\u00e1zej\u00edc\u00edch akc\u00edch skupiny KLINGER \/ KLINGER Dichtungstechnik.<br><img decoding=\"async\" style=\"width: 18px;\" src=\"https:\/\/www.klinger-kempchen.de\/wp-content\/uploads\/2019\/11\/icon-arrow-blue-double.png\" alt=\"arrow\"><\/a><\/td><\/tr><\/tbody><\/table><\/figure>\n<\/div>\n<\/div>\n","protected":false},"excerpt":{"rendered":"<p>KLINGER KEMPCHEN O N\u00c1S Ji\u017e od roku 1889 podporujeme na\u0161e z\u00e1kazn\u00edky svou kompetenc\u00ed, nasazen\u00edm a \u010detn\u00fdmi inovacemi. PROFIL SPOLE\u010cNOSTI Spole\u010dnost KLINGER Kempchen GmbH vyv\u00edj\u00ed, vyr\u00e1b\u00ed a distribuuje t\u011bsn\u011bn\u00ed, ucp\u00e1vky a kompenz\u00e1tory. PR\u016eMYSLOV\u00c1 ODV\u011aTV\u00cd Pro va\u0161e po\u017eadavky na t\u011bsnic\u00ed technologie vyv\u00edj\u00edme \u0159e\u0161en\u00ed specifick\u00e1 pro pr\u016fmysl a region. BODY ZA SLU\u017dBY Zjist\u011bte si informace o na\u0161ich servisn\u00edch [&hellip;]<\/p>\n","protected":false},"author":1,"featured_media":17503,"parent":0,"menu_order":2,"comment_status":"closed","ping_status":"closed","template":"page-templates\/secciones-principales.php","meta":{"advgb_blocks_editor_width":"","advgb_blocks_columns_visual_guide":"","iawp_total_views":30,"footnotes":""},"class_list":["post-18646","page","type-page","status-publish","has-post-thumbnail","hentry"],"yoast_head":"<!-- This site is optimized with the Yoast SEO plugin v27.3 - https:\/\/yoast.com\/product\/yoast-seo-wordpress\/ -->\n<title>Spole\u010dnost - KLINGER Kempchen<\/title>\n<meta name=\"description\" content=\"V\u00e1\u0161 partner pro v\u00fdvoj revolu\u010dn\u00edch t\u011bsnic\u00edch materi\u00e1l\u016f a \u0159e\u0161en\u00ed v oblasti t\u011bsnic\u00ed techniky se zam\u011b\u0159en\u00edm na bezpe\u010dnost za\u0159\u00edzen\u00ed.\" \/>\n<meta name=\"robots\" content=\"index, follow, max-snippet:-1, max-image-preview:large, max-video-preview:-1\" \/>\n<link rel=\"canonical\" href=\"https:\/\/www.klinger-kempchen.de\/unternehmen\/\" \/>\n<meta property=\"og:locale\" content=\"cs_CZ\" \/>\n<meta property=\"og:type\" content=\"article\" \/>\n<meta property=\"og:title\" content=\"Spole\u010dnost - KLINGER Kempchen\" \/>\n<meta property=\"og:description\" content=\"V\u00e1\u0161 partner pro v\u00fdvoj revolu\u010dn\u00edch t\u011bsnic\u00edch materi\u00e1l\u016f a \u0159e\u0161en\u00ed v oblasti t\u011bsnic\u00ed techniky se zam\u011b\u0159en\u00edm na bezpe\u010dnost za\u0159\u00edzen\u00ed.\" \/>\n<meta property=\"og:url\" content=\"https:\/\/www.klinger-kempchen.de\/unternehmen\/\" \/>\n<meta property=\"og:site_name\" content=\"KLINGER Kempchen\" \/>\n<meta property=\"article:modified_time\" content=\"2025-04-02T08:27:00+00:00\" \/>\n<meta property=\"og:image\" content=\"https:\/\/www.klinger-kempchen.de\/wp-content\/uploads\/2020\/06\/Unternehmen_Kempchen.jpg\" \/>\n\t<meta property=\"og:image:width\" content=\"1400\" \/>\n\t<meta property=\"og:image:height\" content=\"334\" \/>\n\t<meta property=\"og:image:type\" content=\"image\/jpeg\" \/>\n<meta name=\"twitter:label1\" content=\"Odhadovan\u00e1 doba \u010dten\u00ed\" \/>\n\t<meta name=\"twitter:data1\" content=\"1 minuta\" \/>\n<!-- \/ Yoast SEO plugin. -->","yoast_head_json":{"title":"Spole\u010dnost - KLINGER Kempchen","description":"V\u00e1\u0161 partner pro v\u00fdvoj revolu\u010dn\u00edch t\u011bsnic\u00edch materi\u00e1l\u016f a \u0159e\u0161en\u00ed v oblasti t\u011bsnic\u00ed techniky se zam\u011b\u0159en\u00edm na bezpe\u010dnost za\u0159\u00edzen\u00ed.","robots":{"index":"index","follow":"follow","max-snippet":"max-snippet:-1","max-image-preview":"max-image-preview:large","max-video-preview":"max-video-preview:-1"},"canonical":"https:\/\/www.klinger-kempchen.de\/unternehmen\/","og_locale":"cs_CZ","og_type":"article","og_title":"Spole\u010dnost - KLINGER Kempchen","og_description":"V\u00e1\u0161 partner pro v\u00fdvoj revolu\u010dn\u00edch t\u011bsnic\u00edch materi\u00e1l\u016f a \u0159e\u0161en\u00ed v oblasti t\u011bsnic\u00ed techniky se zam\u011b\u0159en\u00edm na bezpe\u010dnost za\u0159\u00edzen\u00ed.","og_url":"https:\/\/www.klinger-kempchen.de\/unternehmen\/","og_site_name":"KLINGER Kempchen","article_modified_time":"2025-04-02T08:27:00+00:00","og_image":[{"width":1400,"height":334,"url":"https:\/\/www.klinger-kempchen.de\/wp-content\/uploads\/2020\/06\/Unternehmen_Kempchen.jpg","type":"image\/jpeg"}],"twitter_misc":{"Odhadovan\u00e1 doba \u010dten\u00ed":"1 minuta"},"schema":{"@context":"https:\/\/schema.org","@graph":[{"@type":"WebPage","@id":"https:\/\/www.klinger-kempchen.de\/unternehmen\/","url":"https:\/\/www.klinger-kempchen.de\/unternehmen\/","name":"Spole\u010dnost - KLINGER Kempchen","isPartOf":{"@id":"https:\/\/www.klinger-kempchen.de\/#website"},"primaryImageOfPage":{"@id":"https:\/\/www.klinger-kempchen.de\/unternehmen\/#primaryimage"},"image":{"@id":"https:\/\/www.klinger-kempchen.de\/unternehmen\/#primaryimage"},"thumbnailUrl":"https:\/\/www.klinger-kempchen.de\/wp-content\/uploads\/2020\/06\/Unternehmen_Kempchen.jpg","datePublished":"2023-07-11T08:53:43+00:00","dateModified":"2025-04-02T08:27:00+00:00","description":"V\u00e1\u0161 partner pro v\u00fdvoj revolu\u010dn\u00edch t\u011bsnic\u00edch materi\u00e1l\u016f a \u0159e\u0161en\u00ed v oblasti t\u011bsnic\u00ed techniky se zam\u011b\u0159en\u00edm na bezpe\u010dnost za\u0159\u00edzen\u00ed.","breadcrumb":{"@id":"https:\/\/www.klinger-kempchen.de\/unternehmen\/#breadcrumb"},"inLanguage":"cs","potentialAction":[{"@type":"ReadAction","target":["https:\/\/www.klinger-kempchen.de\/unternehmen\/"]}]},{"@type":"ImageObject","inLanguage":"cs","@id":"https:\/\/www.klinger-kempchen.de\/unternehmen\/#primaryimage","url":"https:\/\/www.klinger-kempchen.de\/wp-content\/uploads\/2020\/06\/Unternehmen_Kempchen.jpg","contentUrl":"https:\/\/www.klinger-kempchen.de\/wp-content\/uploads\/2020\/06\/Unternehmen_Kempchen.jpg","width":1400,"height":334,"caption":"Experience through consistency"},{"@type":"BreadcrumbList","@id":"https:\/\/www.klinger-kempchen.de\/unternehmen\/#breadcrumb","itemListElement":[{"@type":"ListItem","position":1,"name":"Home","item":"https:\/\/www.klinger-kempchen.de\/"},{"@type":"ListItem","position":2,"name":"Spole\u010dnost"}]},{"@type":"WebSite","@id":"https:\/\/www.klinger-kempchen.de\/#website","url":"https:\/\/www.klinger-kempchen.de\/","name":"KLINGER Kempchen","description":"KLINGER Kempchen","publisher":{"@id":"https:\/\/www.klinger-kempchen.de\/#organization"},"potentialAction":[{"@type":"SearchAction","target":{"@type":"EntryPoint","urlTemplate":"https:\/\/www.klinger-kempchen.de\/?s={search_term_string}"},"query-input":{"@type":"PropertyValueSpecification","valueRequired":true,"valueName":"search_term_string"}}],"inLanguage":"cs"},{"@type":"Organization","@id":"https:\/\/www.klinger-kempchen.de\/#organization","name":"KLINGER-Kempchen","url":"https:\/\/www.klinger-kempchen.de\/","logo":{"@type":"ImageObject","inLanguage":"cs","@id":"https:\/\/www.klinger-kempchen.de\/#\/schema\/logo\/image\/","url":"https:\/\/www.klinger-kempchen.de\/wp-content\/uploads\/2020\/06\/cropped-Klinger-Kempchen-Logo.png","contentUrl":"https:\/\/www.klinger-kempchen.de\/wp-content\/uploads\/2020\/06\/cropped-Klinger-Kempchen-Logo.png","width":512,"height":512,"caption":"KLINGER-Kempchen"},"image":{"@id":"https:\/\/www.klinger-kempchen.de\/#\/schema\/logo\/image\/"}}]}},"coauthors":[],"author_meta":{"author_link":"https:\/\/www.klinger-kempchen.de\/cs\/author\/administrador\/","display_name":"administrador"},"relative_dates":{"created":"Posted 3 roky ago","modified":"Updated 1 rokem ago"},"absolute_dates":{"created":"Posted on 11 \u010dervence 2023","modified":"Updated on 2 dubna 2025"},"absolute_dates_time":{"created":"Posted on 11 \u010dervence 2023 10:53","modified":"Updated on 2 dubna 2025 10:27"},"featured_img_caption":"Experience through consistency","featured_img":"https:\/\/www.klinger-kempchen.de\/wp-content\/uploads\/2020\/06\/Unternehmen_Kempchen.jpg","series_order":"","_links":{"self":[{"href":"https:\/\/www.klinger-kempchen.de\/cs\/wp-json\/wp\/v2\/pages\/18646","targetHints":{"allow":["GET"]}}],"collection":[{"href":"https:\/\/www.klinger-kempchen.de\/cs\/wp-json\/wp\/v2\/pages"}],"about":[{"href":"https:\/\/www.klinger-kempchen.de\/cs\/wp-json\/wp\/v2\/types\/page"}],"author":[{"embeddable":true,"href":"https:\/\/www.klinger-kempchen.de\/cs\/wp-json\/wp\/v2\/users\/1"}],"replies":[{"embeddable":true,"href":"https:\/\/www.klinger-kempchen.de\/cs\/wp-json\/wp\/v2\/comments?post=18646"}],"version-history":[{"count":0,"href":"https:\/\/www.klinger-kempchen.de\/cs\/wp-json\/wp\/v2\/pages\/18646\/revisions"}],"wp:featuredmedia":[{"embeddable":true,"href":"https:\/\/www.klinger-kempchen.de\/cs\/wp-json\/wp\/v2\/media\/17503"}],"wp:attachment":[{"href":"https:\/\/www.klinger-kempchen.de\/cs\/wp-json\/wp\/v2\/media?parent=18646"}],"curies":[{"name":"wp","href":"https:\/\/api.w.org\/{rel}","templated":true}]}}