{"id":18651,"date":"2023-07-11T13:27:40","date_gmt":"2023-07-11T11:27:40","guid":{"rendered":"https:\/\/www.klinger-kempchen.de\/?page_id=18651"},"modified":"2024-03-11T16:11:50","modified_gmt":"2024-03-11T15:11:50","slug":"sluzby","status":"publish","type":"page","link":"https:\/\/www.klinger-kempchen.de\/cs\/sluzby\/","title":{"rendered":"Slu\u017eby"},"content":{"rendered":"\n<h1 class=\"wp-block-heading h3\">SERVIS A PODPORA<\/h1>\n\n\n\n<p>Krom\u011b celosv\u011btov\u011b zaveden\u00fdch produkt\u016f dopl\u0148uj\u00ed na\u0161e portfolio rozs\u00e1hl\u00e9 slu\u017eby a podpora: od bezplatn\u00fdch online v\u00fdpo\u010dt\u016f a certifikovan\u00fdch \u0161kolen\u00ed k instalaci a\u017e po komplexn\u00ed servisn\u00ed slu\u017eby p\u0159i odst\u00e1vce p\u0159\u00edmo u na\u0161ich z\u00e1kazn\u00edk\u016f. V n\u00e1sleduj\u00edc\u00edm textu v\u00e1m tyto v\u00fdhody slu\u017eeb a podpory p\u0159edstav\u00edme podrobn\u011bji.<\/p>\n\n\n\n<div style=\"height:50px\" aria-hidden=\"true\" class=\"wp-block-spacer advgb-dyn-a1f5334f\"><\/div>\n\n\n\n<div class=\"wp-block-columns has-2-columns is-layout-flex wp-container-core-columns-is-layout-9d6595d7 wp-block-columns-is-layout-flex\">\n<div class=\"wp-block-column is-layout-flow wp-block-column-is-layout-flow\">\n<figure class=\"wp-block-table\"><table><tbody><tr><td><a href=\"https:\/\/www.klinger-kempchen.de\/cs\/sluzby\/reseni-pro-elektronicke-obchodovani\/\"><img loading=\"lazy\" decoding=\"async\" width=\"270\" height=\"270\" class=\"wp-image-6997\" style=\"width: 270px;\" src=\"https:\/\/www.klinger-kempchen.de\/wp-content\/uploads\/2020\/07\/E-commerce-icon.jpg\" alt=\"e-commerce\" srcset=\"https:\/\/www.klinger-kempchen.de\/wp-content\/uploads\/2020\/07\/E-commerce-icon.jpg 270w, https:\/\/www.klinger-kempchen.de\/wp-content\/uploads\/2020\/07\/E-commerce-icon-20x20.jpg 20w\" sizes=\"auto, (max-width: 270px) 100vw, 270px\" \/><\/a><\/td><td><a href=\"https:\/\/www.klinger-kempchen.de\/cs\/sluzby\/reseni-pro-elektronicke-obchodovani\/\"><h2>\u0158E\u0160EN\u00cd PRO ELEKTRONICK\u00c9 OBCHODOV\u00c1N\u00cd<br><\/h2>Vyu\u017eijte \u0159e\u0161en\u00ed elektronick\u00e9ho obchodov\u00e1n\u00ed spole\u010dnosti KLINGER Kempchen na m\u00edru a dos\u00e1hn\u011bte dal\u0161\u00edch \u00faspor p\u0159i n\u00e1kupu materi\u00e1lu.<br><img decoding=\"async\" src=\"https:\/\/www.klinger-kempchen.de\/wp-content\/uploads\/2019\/11\/icon-arrow-blue-double.png\" alt=\"arrow\"><\/a><\/td><\/tr><\/tbody><\/table><\/figure>\n<\/div>\n\n\n\n<div class=\"wp-block-column is-layout-flow wp-block-column-is-layout-flow\">\n<figure class=\"wp-block-table\"><table><tbody><tr><td><a href=\"https:\/\/www.klinger-kempchen.de\/cs\/sluzby\/e-learning\/\"><img loading=\"lazy\" decoding=\"async\" width=\"270\" height=\"270\" class=\"wp-image-22518\" style=\"width: 270px;\" src=\"https:\/\/www.klinger-kempchen.de\/wp-content\/uploads\/2024\/02\/e-learning-Icon.jpg\" alt=\"e-learning-Icon\" srcset=\"https:\/\/www.klinger-kempchen.de\/wp-content\/uploads\/2024\/02\/e-learning-Icon.jpg 331w, https:\/\/www.klinger-kempchen.de\/wp-content\/uploads\/2024\/02\/e-learning-Icon-270x270.jpg 270w\" sizes=\"auto, (max-width: 270px) 100vw, 270px\" \/><\/a><\/td><td><a href=\"https:\/\/www.klinger-kempchen.de\/cs\/sluzby\/e-learning\/\"><h2>E-LEARNING<br><\/h2>Spole\u010dnost KLINGER Kempchen nab\u00edz\u00ed \u0161irokou \u0161k\u00e1lu vzd\u011bl\u00e1vac\u00edch kurz\u016f na t\u00e9ma bezpe\u010dnosti provozu. Na\u0161e &#8222;virtu\u00e1ln\u00ed u\u010debna&#8220; p\u0159edstavuje cenov\u011b v\u00fdhodn\u00fd zp\u016fsob, jak p\u0159ipravit v\u00e1\u0161 person\u00e1l na certifikaci podle normy DIN EN 1591-4.<br><img loading=\"lazy\" decoding=\"async\" width=\"18\" height=\"26\" class=\"wp-image-10612\" style=\"width: 18px;\" src=\"https:\/\/www.klinger-kempchen.de\/wp-content\/uploads\/2019\/11\/icon-arrow-blue-double.png\" alt=\"arrow\" srcset=\"https:\/\/www.klinger-kempchen.de\/wp-content\/uploads\/2019\/11\/icon-arrow-blue-double.png 18w, https:\/\/www.klinger-kempchen.de\/wp-content\/uploads\/2019\/11\/icon-arrow-blue-double-14x20.png 14w\" sizes=\"auto, (max-width: 18px) 100vw, 18px\" \/><\/a><\/td><\/tr><\/tbody><\/table><\/figure>\n<\/div>\n<\/div>\n\n\n\n<div class=\"wp-block-columns has-2-columns is-layout-flex wp-container-core-columns-is-layout-9d6595d7 wp-block-columns-is-layout-flex\">\n<div class=\"wp-block-column is-layout-flow wp-block-column-is-layout-flow\">\n<figure class=\"wp-block-table\"><table><tbody><tr><td><a href=\"https:\/\/www.klinger-kempchen.de\/cs\/sluzby\/sprava-prirub\/\"><img loading=\"lazy\" decoding=\"async\" width=\"270\" height=\"270\" class=\"wp-image-6983\" style=\"width: 270px;\" src=\"https:\/\/www.klinger-kempchen.de\/wp-content\/uploads\/2020\/07\/QS-Management-icon.jpg\" alt=\"QS-Managemen\" srcset=\"https:\/\/www.klinger-kempchen.de\/wp-content\/uploads\/2020\/07\/QS-Management-icon.jpg 270w, https:\/\/www.klinger-kempchen.de\/wp-content\/uploads\/2020\/07\/QS-Management-icon-20x20.jpg 20w\" sizes=\"auto, (max-width: 270px) 100vw, 270px\" \/><\/a><\/td><td><a href=\"https:\/\/www.klinger-kempchen.de\/cs\/sluzby\/sprava-prirub\/\"><h2>\u0158\u00cdZEN\u00cd ZABEZPE\u010cEN\u00cd KVALITY<br><\/h2>Zaji\u0161t\u011bn\u00ed kvality mont\u00e1\u017ee p\u0159\u00edrub b\u011bhem obratu, odst\u00e1vky z\u00e1vodu a revize.<br><img loading=\"lazy\" decoding=\"async\" width=\"18\" height=\"26\" class=\"wp-image-10612\" style=\"width: 18px;\" src=\"https:\/\/www.klinger-kempchen.de\/wp-content\/uploads\/2019\/11\/icon-arrow-blue-double.png\" alt=\"arrow\" srcset=\"https:\/\/www.klinger-kempchen.de\/wp-content\/uploads\/2019\/11\/icon-arrow-blue-double.png 18w, https:\/\/www.klinger-kempchen.de\/wp-content\/uploads\/2019\/11\/icon-arrow-blue-double-14x20.png 14w\" sizes=\"auto, (max-width: 18px) 100vw, 18px\" \/><\/a><\/td><\/tr><\/tbody><\/table><\/figure>\n<\/div>\n\n\n\n<div class=\"wp-block-column is-layout-flow wp-block-column-is-layout-flow\">\n<figure class=\"wp-block-table\"><table><tbody><tr><td><a href=\"https:\/\/www.klinger-kempchen.de\/cs\/sluzby\/kemanalysis\/\"><img loading=\"lazy\" decoding=\"async\" width=\"270\" height=\"270\" class=\"wp-image-6991\" style=\"width: 270px;\" src=\"https:\/\/www.klinger-kempchen.de\/wp-content\/uploads\/2020\/07\/Kemanalysis-icon.jpg\" alt=\"Kemanalysis\" srcset=\"https:\/\/www.klinger-kempchen.de\/wp-content\/uploads\/2020\/07\/Kemanalysis-icon.jpg 270w, https:\/\/www.klinger-kempchen.de\/wp-content\/uploads\/2020\/07\/Kemanalysis-icon-20x20.jpg 20w\" sizes=\"auto, (max-width: 270px) 100vw, 270px\" \/><\/a><\/td><td><a href=\"https:\/\/www.klinger-kempchen.de\/cs\/sluzby\/kemanalysis\/\"><h2>KEMANALAYSIS<br><\/h2>\u2026 je postup pro anal\u00fdzu t\u011bsn\u00edc\u00edch ploch, pro odhad d\u00edl\u010d\u00edch rozlo\u017een\u00ed povrchov\u00e9ho tlaku<\/a>.<a href=\"https:\/\/www.klinger-kempchen.de\/service\/kemanalysis\/\"><br><img loading=\"lazy\" decoding=\"async\" width=\"18\" height=\"26\" class=\"wp-image-10612\" style=\"width: 18px;\" src=\"https:\/\/www.klinger-kempchen.de\/wp-content\/uploads\/2019\/11\/icon-arrow-blue-double.png\" alt=\"arrow\" srcset=\"https:\/\/www.klinger-kempchen.de\/wp-content\/uploads\/2019\/11\/icon-arrow-blue-double.png 18w, https:\/\/www.klinger-kempchen.de\/wp-content\/uploads\/2019\/11\/icon-arrow-blue-double-14x20.png 14w\" sizes=\"auto, (max-width: 18px) 100vw, 18px\" \/><\/a><\/td><\/tr><\/tbody><\/table><\/figure>\n<\/div>\n<\/div>\n\n\n\n<div class=\"wp-block-columns has-2-columns is-layout-flex wp-container-core-columns-is-layout-9d6595d7 wp-block-columns-is-layout-flex\">\n<div class=\"wp-block-column is-layout-flow wp-block-column-is-layout-flow\">\n<figure class=\"wp-block-table\"><table><tbody><tr><td><a href=\"https:\/\/www.klinger-kempchen.de\/cs\/sluzby\/vypoctovy-program-kemproof\"><img loading=\"lazy\" decoding=\"async\" width=\"270\" height=\"270\" class=\"wp-image-22513\" style=\"width: 270px;\" src=\"https:\/\/www.klinger-kempchen.de\/wp-content\/uploads\/2024\/02\/KemProof-Icon.jpg\" alt=\"KemProof-Icon\" srcset=\"https:\/\/www.klinger-kempchen.de\/wp-content\/uploads\/2024\/02\/KemProof-Icon.jpg 334w, https:\/\/www.klinger-kempchen.de\/wp-content\/uploads\/2024\/02\/KemProof-Icon-270x270.jpg 270w\" sizes=\"auto, (max-width: 270px) 100vw, 270px\" \/><\/a><\/td><td><a href=\"https:\/\/www.klinger-kempchen.de\/cs\/sluzby\/vypoctovy-program-kemproof\/\"><h2>N\u00c1STROJ PRO V\u00ddPO\u010cET KEMPROOF<br><\/h2>N\u00e1\u0161 online n\u00e1stroj pro v\u00fdpo\u010det utahovac\u00edch moment\u016f \u0161roub\u016f &#8211; pro stoln\u00ed po\u010d\u00edta\u010de a mobiln\u00ed za\u0159\u00edzen\u00ed. KLINGER KemProof zaji\u0161\u0165uje, \u017ee mont\u00e9\u0159i \u0161roub\u016f pou\u017eij\u00ed spr\u00e1vn\u00e9 utahovac\u00ed momenty.<br><img loading=\"lazy\" decoding=\"async\" width=\"18\" height=\"26\" class=\"wp-image-10612\" style=\"width: 18px;\" src=\"https:\/\/www.klinger-kempchen.de\/wp-content\/uploads\/2019\/11\/icon-arrow-blue-double.png\" alt=\"arrow\" srcset=\"https:\/\/www.klinger-kempchen.de\/wp-content\/uploads\/2019\/11\/icon-arrow-blue-double.png 18w, https:\/\/www.klinger-kempchen.de\/wp-content\/uploads\/2019\/11\/icon-arrow-blue-double-14x20.png 14w\" sizes=\"auto, (max-width: 18px) 100vw, 18px\" \/><\/a><\/td><\/tr><\/tbody><\/table><\/figure>\n<\/div>\n\n\n\n<div class=\"wp-block-column is-layout-flow wp-block-column-is-layout-flow\">\n<figure class=\"wp-block-table\"><table><tbody><tr><td><a href=\"https:\/\/www.klinger-kempchen.de\/cs\/sluzby\/zkouska-zpusobilosti-prirubove-sestavy\/\"><img loading=\"lazy\" decoding=\"async\" width=\"270\" height=\"270\" class=\"wp-image-22496\" style=\"width: 270px;\" src=\"https:\/\/www.klinger-kempchen.de\/wp-content\/uploads\/2024\/02\/Flangemontage.jpg\" alt=\"Flangemontage\"><\/a><\/td><td><a href=\"https:\/\/www.klinger-kempchen.de\/cs\/sluzby\/zkouska-zpusobilosti-prirubove-sestavy\/\"><h2>ZKOU\u0160KA ZP\u016eSOBILOSTI P\u0158\u00cdRUBOV\u00c9 SESTAVY<\/h2><br>KLINGER Kempchen nab\u00edz\u00ed pro posouzen\u00ed osobn\u00ed zp\u016fsobilosti mont\u00e9ra a testov\u00e1n\u00ed specifick\u00fdch po\u017eadavk\u016f na obsluhu krom\u011b normy DIN EN 1591-4 nab\u00edz\u00ed spole\u010dnost KLINGER Kempchen test zp\u016fsobilosti pro mont\u00e1\u017e p\u0159\u00edrub..<br><img loading=\"lazy\" decoding=\"async\" width=\"18\" height=\"26\" class=\"wp-image-10612\" style=\"width: 18px;\" src=\"https:\/\/www.klinger-kempchen.de\/wp-content\/uploads\/2019\/11\/icon-arrow-blue-double.png\" alt=\"arrow\" srcset=\"https:\/\/www.klinger-kempchen.de\/wp-content\/uploads\/2019\/11\/icon-arrow-blue-double.png 18w, https:\/\/www.klinger-kempchen.de\/wp-content\/uploads\/2019\/11\/icon-arrow-blue-double-14x20.png 14w\" sizes=\"auto, (max-width: 18px) 100vw, 18px\" \/><\/a><\/td><\/tr><\/tbody><\/table><\/figure>\n<\/div>\n<\/div>\n\n\n\n<div class=\"wp-block-columns has-2-columns is-layout-flex wp-container-core-columns-is-layout-9d6595d7 wp-block-columns-is-layout-flex\">\n<div class=\"wp-block-column is-layout-flow wp-block-column-is-layout-flow\">\n<figure class=\"wp-block-table\"><table><tbody><tr><td><a href=\"https:\/\/www.klinger-kempchen.de\/cs\/sluzby\/vypnuti-sluzby\/\"><img loading=\"lazy\" decoding=\"async\" width=\"270\" height=\"270\" class=\"wp-image-6981\" style=\"width: 270px;\" src=\"https:\/\/www.klinger-kempchen.de\/wp-content\/uploads\/2020\/07\/Shutdown-icon.jpg\" alt=\"Shutdown\" srcset=\"https:\/\/www.klinger-kempchen.de\/wp-content\/uploads\/2020\/07\/Shutdown-icon.jpg 270w, https:\/\/www.klinger-kempchen.de\/wp-content\/uploads\/2020\/07\/Shutdown-icon-20x20.jpg 20w\" sizes=\"auto, (max-width: 270px) 100vw, 270px\" \/><\/a><\/td><td><a href=\"https:\/\/www.klinger-kempchen.de\/cs\/sluzby\/vypnuti-sluzby\/\"><h2>VYPNUT\u00cd SLU\u017dBY<br><\/h2>Slu\u017eba KLINGER Kempchen Shut Down Service v\u00e1m nab\u00edz\u00ed celou \u0161k\u00e1lu na\u0161ich slu\u017eeb a nab\u00eddek p\u0159\u00edmo ve va\u0161\u00ed firm\u011b &#8211; kdykoli budete cht\u00edt a na jak dlouho budete cht\u00edt.<br><img decoding=\"async\" src=\"https:\/\/www.klinger-kempchen.de\/wp-content\/uploads\/2019\/11\/icon-arrow-blue-double.png\" alt=\"arrow\"><\/a><\/td><\/tr><\/tbody><\/table><\/figure>\n<\/div>\n\n\n\n<div class=\"wp-block-column is-layout-flow wp-block-column-is-layout-flow\">\n<figure class=\"wp-block-table\"><table><tbody><tr><td><a href=\"https:\/\/www.klinger-kempchen.de\/cs\/sluzby\/skoleni-a-vzdelavani\/\"><img loading=\"lazy\" decoding=\"async\" width=\"270\" height=\"270\" class=\"wp-image-6941\" style=\"width: 270px;\" src=\"https:\/\/www.klinger-kempchen.de\/wp-content\/uploads\/2020\/07\/Service-icon.jpg\" alt=\"Service\"><\/a><\/td><td><a href=\"https:\/\/www.klinger-kempchen.de\/cs\/sluzby\/skoleni-a-vzdelavani\/\"><h2>\u0160KOLEN\u00cd A VZD\u011aL\u00c1V\u00c1N\u00cd<br><\/h2>Pro neust\u00e1l\u00e9 zlep\u0161ov\u00e1n\u00ed know-how va\u0161ich technik\u016f\/mont\u00e9r\u016f nab\u00edz\u00edme certifikovan\u00e1 \u0161kolen\u00ed.<br><img loading=\"lazy\" decoding=\"async\" width=\"18\" height=\"26\" class=\"wp-image-10612\" style=\"width: 18px;\" src=\"https:\/\/www.klinger-kempchen.de\/wp-content\/uploads\/2019\/11\/icon-arrow-blue-double.png\" alt=\"arrow\" srcset=\"https:\/\/www.klinger-kempchen.de\/wp-content\/uploads\/2019\/11\/icon-arrow-blue-double.png 18w, https:\/\/www.klinger-kempchen.de\/wp-content\/uploads\/2019\/11\/icon-arrow-blue-double-14x20.png 14w\" sizes=\"auto, (max-width: 18px) 100vw, 18px\" \/><\/a><\/td><\/tr><\/tbody><\/table><\/figure>\n<\/div>\n<\/div>\n\n\n\n<div class=\"wp-block-columns has-2-columns is-layout-flex wp-container-core-columns-is-layout-9d6595d7 wp-block-columns-is-layout-flex\">\n<div class=\"wp-block-column is-layout-flow wp-block-column-is-layout-flow\">\n<figure class=\"wp-block-table\"><table><tbody><tr><td><a href=\"https:\/\/www.klinger-kempchen.de\/cs\/engineering-kontakty\/\" target=\"_blank\" rel=\"noreferrer noopener\"><img decoding=\"async\" style=\"width: 270px;\" src=\"https:\/\/www.klinger-kempchen.de\/wp-content\/uploads\/2021\/01\/Eingeneering_Services.jpg\" alt=\"Anlagenbau\"><\/a><\/td><td><a href=\"https:\/\/www.klinger-kempchen.de\/cs\/engineering-kontakty\/\" target=\"_blank\" rel=\"noreferrer noopener\"><h2>IN\u017dEN\u00ddRSK\u00c9 SLU\u017dBY<br><\/h2>Nab\u00edz\u00edme v\u00e1m: Navrhov\u00e1n\u00ed a v\u00fdpo\u010dty t\u011bsnic\u00edch spoj\u016f a speci\u00e1ln\u00edch t\u011bsn\u011bn\u00ed, anal\u00fdzu po\u0161kozen\u00ed a vy\u0161et\u0159ov\u00e1n\u00ed incident\u016f.<\/a><br><a href=\"https:\/\/www.klinger-kempchen.de\/service\/shut-down-service\/\"><img decoding=\"async\" src=\"https:\/\/www.klinger-kempchen.de\/wp-content\/uploads\/2019\/11\/icon-arrow-blue-double.png\" alt=\"arrow\"><\/a><\/td><\/tr><\/tbody><\/table><\/figure>\n<\/div>\n\n\n\n<div class=\"wp-block-column is-layout-flow wp-block-column-is-layout-flow\"><\/div>\n<\/div>\n","protected":false},"excerpt":{"rendered":"<p>SERVIS A PODPORA Krom\u011b celosv\u011btov\u011b zaveden\u00fdch produkt\u016f dopl\u0148uj\u00ed na\u0161e portfolio rozs\u00e1hl\u00e9 slu\u017eby a podpora: od bezplatn\u00fdch online v\u00fdpo\u010dt\u016f a certifikovan\u00fdch \u0161kolen\u00ed k instalaci a\u017e po komplexn\u00ed servisn\u00ed slu\u017eby p\u0159i odst\u00e1vce p\u0159\u00edmo u na\u0161ich z\u00e1kazn\u00edk\u016f. V n\u00e1sleduj\u00edc\u00edm textu v\u00e1m tyto v\u00fdhody slu\u017eeb a podpory p\u0159edstav\u00edme podrobn\u011bji. \u0158E\u0160EN\u00cd PRO ELEKTRONICK\u00c9 OBCHODOV\u00c1N\u00cd Vyu\u017eijte \u0159e\u0161en\u00ed elektronick\u00e9ho obchodov\u00e1n\u00ed spole\u010dnosti KLINGER [&hellip;]<\/p>\n","protected":false},"author":1,"featured_media":17527,"parent":0,"menu_order":5,"comment_status":"closed","ping_status":"closed","template":"page-templates\/secciones-principales.php","meta":{"advgb_blocks_editor_width":"","advgb_blocks_columns_visual_guide":"","iawp_total_views":19,"footnotes":""},"class_list":["post-18651","page","type-page","status-publish","has-post-thumbnail","hentry"],"yoast_head":"<!-- This site is optimized with the Yoast SEO plugin v27.3 - https:\/\/yoast.com\/product\/yoast-seo-wordpress\/ -->\n<title>Slu\u017eby - KLINGER Kempchen<\/title>\n<meta name=\"description\" content=\"Krom\u011b zaveden\u00fdch produkt\u016f dopl\u0148uj\u00ed na\u0161e portfolio rozs\u00e1hl\u00e9 slu\u017eby a podpora.\" \/>\n<meta name=\"robots\" content=\"index, follow, max-snippet:-1, max-image-preview:large, max-video-preview:-1\" \/>\n<link rel=\"canonical\" href=\"https:\/\/www.klinger-kempchen.de\/cs\/sluzby\/\" \/>\n<meta property=\"og:locale\" content=\"cs_CZ\" \/>\n<meta property=\"og:type\" content=\"article\" \/>\n<meta property=\"og:title\" content=\"Slu\u017eby - KLINGER Kempchen\" \/>\n<meta property=\"og:description\" content=\"Krom\u011b zaveden\u00fdch produkt\u016f dopl\u0148uj\u00ed na\u0161e portfolio rozs\u00e1hl\u00e9 slu\u017eby a podpora.\" \/>\n<meta property=\"og:url\" content=\"https:\/\/www.klinger-kempchen.de\/cs\/sluzby\/\" \/>\n<meta property=\"og:site_name\" content=\"KLINGER Kempchen\" \/>\n<meta property=\"article:modified_time\" content=\"2024-03-11T15:11:50+00:00\" \/>\n<meta property=\"og:image\" content=\"https:\/\/www.klinger-kempchen.de\/wp-content\/uploads\/2020\/07\/Services-titel.jpg\" \/>\n\t<meta property=\"og:image:width\" content=\"1400\" \/>\n\t<meta property=\"og:image:height\" content=\"334\" \/>\n\t<meta property=\"og:image:type\" content=\"image\/jpeg\" \/>\n<meta name=\"twitter:label1\" content=\"Odhadovan\u00e1 doba \u010dten\u00ed\" \/>\n\t<meta name=\"twitter:data1\" content=\"2 minuty\" \/>\n<!-- \/ Yoast SEO plugin. -->","yoast_head_json":{"title":"Slu\u017eby - KLINGER Kempchen","description":"Krom\u011b zaveden\u00fdch produkt\u016f dopl\u0148uj\u00ed na\u0161e portfolio rozs\u00e1hl\u00e9 slu\u017eby a podpora.","robots":{"index":"index","follow":"follow","max-snippet":"max-snippet:-1","max-image-preview":"max-image-preview:large","max-video-preview":"max-video-preview:-1"},"canonical":"https:\/\/www.klinger-kempchen.de\/cs\/sluzby\/","og_locale":"cs_CZ","og_type":"article","og_title":"Slu\u017eby - KLINGER Kempchen","og_description":"Krom\u011b zaveden\u00fdch produkt\u016f dopl\u0148uj\u00ed na\u0161e portfolio rozs\u00e1hl\u00e9 slu\u017eby a podpora.","og_url":"https:\/\/www.klinger-kempchen.de\/cs\/sluzby\/","og_site_name":"KLINGER Kempchen","article_modified_time":"2024-03-11T15:11:50+00:00","og_image":[{"width":1400,"height":334,"url":"https:\/\/www.klinger-kempchen.de\/wp-content\/uploads\/2020\/07\/Services-titel.jpg","type":"image\/jpeg"}],"twitter_misc":{"Odhadovan\u00e1 doba \u010dten\u00ed":"2 minuty"},"schema":{"@context":"https:\/\/schema.org","@graph":[{"@type":"WebPage","@id":"https:\/\/www.klinger-kempchen.de\/cs\/sluzby\/","url":"https:\/\/www.klinger-kempchen.de\/cs\/sluzby\/","name":"Slu\u017eby - KLINGER Kempchen","isPartOf":{"@id":"https:\/\/www.klinger-kempchen.de\/#website"},"primaryImageOfPage":{"@id":"https:\/\/www.klinger-kempchen.de\/cs\/sluzby\/#primaryimage"},"image":{"@id":"https:\/\/www.klinger-kempchen.de\/cs\/sluzby\/#primaryimage"},"thumbnailUrl":"https:\/\/www.klinger-kempchen.de\/wp-content\/uploads\/2020\/07\/Services-titel.jpg","datePublished":"2023-07-11T11:27:40+00:00","dateModified":"2024-03-11T15:11:50+00:00","description":"Krom\u011b zaveden\u00fdch produkt\u016f dopl\u0148uj\u00ed na\u0161e portfolio rozs\u00e1hl\u00e9 slu\u017eby a podpora.","breadcrumb":{"@id":"https:\/\/www.klinger-kempchen.de\/cs\/sluzby\/#breadcrumb"},"inLanguage":"cs","potentialAction":[{"@type":"ReadAction","target":["https:\/\/www.klinger-kempchen.de\/cs\/sluzby\/"]}]},{"@type":"ImageObject","inLanguage":"cs","@id":"https:\/\/www.klinger-kempchen.de\/cs\/sluzby\/#primaryimage","url":"https:\/\/www.klinger-kempchen.de\/wp-content\/uploads\/2020\/07\/Services-titel.jpg","contentUrl":"https:\/\/www.klinger-kempchen.de\/wp-content\/uploads\/2020\/07\/Services-titel.jpg","width":1400,"height":334},{"@type":"BreadcrumbList","@id":"https:\/\/www.klinger-kempchen.de\/cs\/sluzby\/#breadcrumb","itemListElement":[{"@type":"ListItem","position":1,"name":"Home","item":"https:\/\/www.klinger-kempchen.de\/"},{"@type":"ListItem","position":2,"name":"Slu\u017eby"}]},{"@type":"WebSite","@id":"https:\/\/www.klinger-kempchen.de\/#website","url":"https:\/\/www.klinger-kempchen.de\/","name":"KLINGER Kempchen","description":"KLINGER Kempchen","publisher":{"@id":"https:\/\/www.klinger-kempchen.de\/#organization"},"potentialAction":[{"@type":"SearchAction","target":{"@type":"EntryPoint","urlTemplate":"https:\/\/www.klinger-kempchen.de\/?s={search_term_string}"},"query-input":{"@type":"PropertyValueSpecification","valueRequired":true,"valueName":"search_term_string"}}],"inLanguage":"cs"},{"@type":"Organization","@id":"https:\/\/www.klinger-kempchen.de\/#organization","name":"KLINGER-Kempchen","url":"https:\/\/www.klinger-kempchen.de\/","logo":{"@type":"ImageObject","inLanguage":"cs","@id":"https:\/\/www.klinger-kempchen.de\/#\/schema\/logo\/image\/","url":"https:\/\/www.klinger-kempchen.de\/wp-content\/uploads\/2020\/06\/cropped-Klinger-Kempchen-Logo.png","contentUrl":"https:\/\/www.klinger-kempchen.de\/wp-content\/uploads\/2020\/06\/cropped-Klinger-Kempchen-Logo.png","width":512,"height":512,"caption":"KLINGER-Kempchen"},"image":{"@id":"https:\/\/www.klinger-kempchen.de\/#\/schema\/logo\/image\/"}}]}},"coauthors":[],"author_meta":{"author_link":"https:\/\/www.klinger-kempchen.de\/cs\/author\/administrador\/","display_name":"administrador"},"relative_dates":{"created":"Posted 3 roky ago","modified":"Updated 2 roky ago"},"absolute_dates":{"created":"Posted on 11 \u010dervence 2023","modified":"Updated on 11 b\u0159ezna 2024"},"absolute_dates_time":{"created":"Posted on 11 \u010dervence 2023 13:27","modified":"Updated on 11 b\u0159ezna 2024 16:11"},"featured_img_caption":"","featured_img":"https:\/\/www.klinger-kempchen.de\/wp-content\/uploads\/2020\/07\/Services-titel.jpg","series_order":"","_links":{"self":[{"href":"https:\/\/www.klinger-kempchen.de\/cs\/wp-json\/wp\/v2\/pages\/18651","targetHints":{"allow":["GET"]}}],"collection":[{"href":"https:\/\/www.klinger-kempchen.de\/cs\/wp-json\/wp\/v2\/pages"}],"about":[{"href":"https:\/\/www.klinger-kempchen.de\/cs\/wp-json\/wp\/v2\/types\/page"}],"author":[{"embeddable":true,"href":"https:\/\/www.klinger-kempchen.de\/cs\/wp-json\/wp\/v2\/users\/1"}],"replies":[{"embeddable":true,"href":"https:\/\/www.klinger-kempchen.de\/cs\/wp-json\/wp\/v2\/comments?post=18651"}],"version-history":[{"count":0,"href":"https:\/\/www.klinger-kempchen.de\/cs\/wp-json\/wp\/v2\/pages\/18651\/revisions"}],"wp:featuredmedia":[{"embeddable":true,"href":"https:\/\/www.klinger-kempchen.de\/cs\/wp-json\/wp\/v2\/media\/17527"}],"wp:attachment":[{"href":"https:\/\/www.klinger-kempchen.de\/cs\/wp-json\/wp\/v2\/media?parent=18651"}],"curies":[{"name":"wp","href":"https:\/\/api.w.org\/{rel}","templated":true}]}}