{"id":18656,"date":"2023-07-11T19:04:31","date_gmt":"2023-07-11T17:04:31","guid":{"rendered":"https:\/\/www.klinger-kempchen.de\/?page_id=18656"},"modified":"2024-03-11T15:08:41","modified_gmt":"2024-03-11T14:08:41","slug":"firmenprofilprofil-spolecnostifirmenprofil","status":"publish","type":"page","link":"https:\/\/www.klinger-kempchen.de\/cs\/spolecnost\/firmenprofilprofil-spolecnostifirmenprofil\/","title":{"rendered":"Profil spole\u010dnosti"},"content":{"rendered":"\n<h1 class=\"wp-block-heading h3\">1889 &#8211; SPOLE\u010cNOST SE ZAPISUJE DO HISTORIE<\/h1>\n\n\n\n<div class=\"wp-block-columns is-layout-flex wp-container-core-columns-is-layout-9d6595d7 wp-block-columns-is-layout-flex\">\n<div class=\"wp-block-column is-layout-flow wp-block-column-is-layout-flow\" style=\"flex-basis:66.66%\">\n<p>\u00dasp\u011b\u0161n\u00fd p\u0159\u00edb\u011bh zalo\u017een\u00fd na inovac\u00edch, spolehlivosti a pov\u011bdom\u00ed o kvalit\u011b.<\/p>\n\n\n\n<p>Od zalo\u017een\u00ed spole\u010dnosti v roce 1889 jsme v\u00fdznamn\u011b p\u0159isp\u011bli k pokroku v oblasti t\u011bsnic\u00ed techniky d\u00edky v\u00fdvoji t\u011bsn\u011bn\u00ed, ucp\u00e1vek a kompenz\u00e1tor\u016f. V t\u00e9to tradici pokra\u010dujeme i dnes. D\u00edky na\u0161emu technick\u00e9mu know-how m\u016f\u017eeme na\u0161im z\u00e1kazn\u00edk\u016fm nab\u00eddnout nejen standardn\u00ed \u0159e\u0161en\u00ed, ale tak\u00e9 individu\u00e1ln\u00ed \u0159e\u0161en\u00ed probl\u00e9m\u016f a syst\u00e9m\u016f. Na\u0161i z\u00e1kazn\u00edci z t\u00e9to p\u0159idan\u00e9 hodnoty t\u011b\u017e\u00ed ka\u017ed\u00fd den.<\/p>\n\n\n\n<p>Kvalita na\u0161ich v\u00fdrobk\u016f za\u010d\u00edn\u00e1 ji\u017e p\u0159i v\u00fdb\u011bru materi\u00e1l\u016f. Pou\u017e\u00edv\u00e1me pouze vyzkou\u0161en\u00e9 a testovan\u00e9 materi\u00e1ly, kter\u00e9 jsou nav\u00edc podrobov\u00e1ny pr\u016fb\u011b\u017en\u00e9 kontrole kvality v na\u0161\u00ed modern\u00ed chemick\u00e9 a fyzik\u00e1ln\u00ed laborato\u0159i.<\/p>\n\n\n\n<p>My i na\u0161i obchodn\u00ed partne\u0159i udr\u017eujeme na po\u010dk\u00e1n\u00ed velk\u00e9 z\u00e1soby standardizovan\u00fdch i nestandardizovan\u00fdch rozm\u011br\u016f r\u016fzn\u00fdch v\u00fdrobk\u016f. N\u00e1\u0161 sklad se tak rozkl\u00e1d\u00e1 na v\u00edce ne\u017e 17 000 r\u016fzn\u00fdch v\u00fdrobk\u016f, kter\u00e9 jsou skladov\u00e1ny v nejr\u016fzn\u011bj\u0161\u00edch mno\u017estv\u00edch.<\/p>\n\n\n\n<p>Nejmodern\u011bj\u0161\u00ed stroje a za\u0159\u00edzen\u00ed zaru\u010duj\u00ed, \u017ee v\u00fdrobky jsou vyr\u00e1b\u011bny ve st\u00e1l\u00e9 kvalit\u011b a hospod\u00e1rn\u011b v kr\u00e1tk\u00e9m \u010dase.<\/p>\n\n\n\n<p><strong>Kompetence v oblasti statick\u00e9ho t\u011bsn\u011bn\u00ed<\/strong><\/p>\n\n\n\n<p>Des\u00edtky let \u00fazk\u00e9ho kontaktu se z\u00e1kazn\u00edky prost\u0159ednictv\u00edm na\u0161ich obchodn\u00edch partner\u016f a pracovn\u00edk\u016f v ter\u00e9nu &#8211; a to i ve f\u00e1zi pl\u00e1nov\u00e1n\u00ed &#8211; n\u00e1m umo\u017enily v\u00fdznamn\u011b p\u0159isp\u011bt k \u0159e\u0161en\u00ed probl\u00e9m\u016f.<\/p>\n\n\n\n<p>Z t\u011bchto slu\u017eeb vynik\u00e1 na\u0161e kompetence v oblasti statick\u00e9 t\u011bsnic\u00ed techniky, a to zejm\u00e9na pokud jde o t\u011bsn\u011bn\u00ed pou\u017e\u00edvan\u00e1 p\u0159i vysok\u00fdch tlac\u00edch a tak\u00e9 kritick\u00fdch m\u00e9di\u00edch.<\/p>\n\n\n\n<p><strong>Komplexn\u00ed servis<\/strong><\/p>\n\n\n\n<p>Krom\u011b na\u0161ich celosv\u011btov\u011b zaveden\u00fdch produkt\u016f dopl\u0148uj\u00ed na\u0161e portfolio komplexn\u00ed slu\u017eby a podpora: od bezplatn\u00fdch online v\u00fdpo\u010dt\u016f a certifikovan\u00fdch \u0161kolen\u00ed pro mont\u00e1\u017e a\u017e po komplexn\u00ed servis p\u0159i odstaven\u00ed p\u0159\u00edmo u na\u0161ich z\u00e1kazn\u00edk\u016f.<\/p>\n\n\n\n<p><strong>Celosv\u011btov\u00e1 podpora<\/strong><\/p>\n\n\n\n<p>Od ledna 2004 jsme \u010dlenem skupiny nez\u00e1visl\u00fdch spole\u010dnost\u00ed KLINGER. KLINGER je spolehliv\u00fdm partnerem pro glob\u00e1ln\u00ed \u0159e\u0161en\u00ed v oblasti t\u011bsnic\u00ed a armaturn\u00ed techniky. Skupina KLINGER zam\u011bstn\u00e1v\u00e1 v\u00edce ne\u017e 2400 odborn\u00edk\u016f a m\u00e1 60 v\u00fdrobn\u00edch, prodejn\u00edch a servisn\u00edch pobo\u010dek na v\u0161ech kontinentech.<\/p>\n<\/div>\n\n\n\n<div class=\"wp-block-column is-layout-flow wp-block-column-is-layout-flow\" style=\"flex-basis:33.33%\">\n<figure class=\"wp-block-image size-large\"><img decoding=\"async\" src=\"https:\/\/www.klinger-kempchen.de\/wp-content\/uploads\/2020\/06\/KLINGER_Kempchen-Fahnen-1024x768.jpg\" alt=\"Firmenprofil von 1889 bis heute KLINGER Kempchen \" class=\"wp-image-6509\" title=\"1889\"\/><\/figure>\n<\/div>\n<\/div>\n","protected":false},"excerpt":{"rendered":"<p>1889 &#8211; SPOLE\u010cNOST SE ZAPISUJE DO HISTORIE \u00dasp\u011b\u0161n\u00fd p\u0159\u00edb\u011bh zalo\u017een\u00fd na inovac\u00edch, spolehlivosti a pov\u011bdom\u00ed o kvalit\u011b. Od zalo\u017een\u00ed spole\u010dnosti v roce 1889 jsme v\u00fdznamn\u011b p\u0159isp\u011bli k pokroku v oblasti t\u011bsnic\u00ed techniky d\u00edky v\u00fdvoji t\u011bsn\u011bn\u00ed, ucp\u00e1vek a kompenz\u00e1tor\u016f. V t\u00e9to tradici pokra\u010dujeme i dnes. D\u00edky na\u0161emu technick\u00e9mu know-how m\u016f\u017eeme na\u0161im z\u00e1kazn\u00edk\u016fm nab\u00eddnout nejen standardn\u00ed \u0159e\u0161en\u00ed, [&hellip;]<\/p>\n","protected":false},"author":1,"featured_media":17536,"parent":18646,"menu_order":2,"comment_status":"closed","ping_status":"closed","template":"page-templates\/somos.php","meta":{"advgb_blocks_editor_width":"","advgb_blocks_columns_visual_guide":"","iawp_total_views":10,"footnotes":""},"class_list":["post-18656","page","type-page","status-publish","has-post-thumbnail","hentry"],"yoast_head":"<!-- This site is optimized with the Yoast SEO plugin v27.3 - https:\/\/yoast.com\/product\/yoast-seo-wordpress\/ -->\n<title>Profil spole\u010dnosti - KLINGER Kempchen<\/title>\n<meta name=\"description\" content=\"Spole\u010dnost KLINGER Kempchen byla zalo\u017eena v roce 1889 a jej\u00ed \u00fasp\u011bch je zalo\u017een na inovac\u00edch, spolehlivosti a pov\u011bdom\u00ed o kvalit\u011b.\" \/>\n<meta name=\"robots\" content=\"index, follow, max-snippet:-1, max-image-preview:large, max-video-preview:-1\" \/>\n<link rel=\"canonical\" href=\"https:\/\/www.klinger-kempchen.de\/unternehmen\/firmenprofil\/\" \/>\n<meta property=\"og:locale\" content=\"cs_CZ\" \/>\n<meta property=\"og:type\" content=\"article\" \/>\n<meta property=\"og:title\" content=\"Profil spole\u010dnosti - KLINGER Kempchen\" \/>\n<meta property=\"og:description\" content=\"Spole\u010dnost KLINGER Kempchen byla zalo\u017eena v roce 1889 a jej\u00ed \u00fasp\u011bch je zalo\u017een na inovac\u00edch, spolehlivosti a pov\u011bdom\u00ed o kvalit\u011b.\" \/>\n<meta property=\"og:url\" content=\"https:\/\/www.klinger-kempchen.de\/unternehmen\/firmenprofil\/\" \/>\n<meta property=\"og:site_name\" content=\"KLINGER Kempchen\" \/>\n<meta property=\"article:modified_time\" content=\"2024-03-11T14:08:41+00:00\" \/>\n<meta property=\"og:image\" content=\"https:\/\/www.klinger-kempchen.de\/wp-content\/uploads\/2020\/07\/Kempchen_Historisch.jpg\" \/>\n\t<meta property=\"og:image:width\" content=\"1400\" \/>\n\t<meta property=\"og:image:height\" content=\"348\" \/>\n\t<meta property=\"og:image:type\" content=\"image\/jpeg\" \/>\n<meta name=\"twitter:label1\" content=\"Odhadovan\u00e1 doba \u010dten\u00ed\" \/>\n\t<meta name=\"twitter:data1\" content=\"2 minuty\" \/>\n<!-- \/ Yoast SEO plugin. -->","yoast_head_json":{"title":"Profil spole\u010dnosti - KLINGER Kempchen","description":"Spole\u010dnost KLINGER Kempchen byla zalo\u017eena v roce 1889 a jej\u00ed \u00fasp\u011bch je zalo\u017een na inovac\u00edch, spolehlivosti a pov\u011bdom\u00ed o kvalit\u011b.","robots":{"index":"index","follow":"follow","max-snippet":"max-snippet:-1","max-image-preview":"max-image-preview:large","max-video-preview":"max-video-preview:-1"},"canonical":"https:\/\/www.klinger-kempchen.de\/unternehmen\/firmenprofil\/","og_locale":"cs_CZ","og_type":"article","og_title":"Profil spole\u010dnosti - KLINGER Kempchen","og_description":"Spole\u010dnost KLINGER Kempchen byla zalo\u017eena v roce 1889 a jej\u00ed \u00fasp\u011bch je zalo\u017een na inovac\u00edch, spolehlivosti a pov\u011bdom\u00ed o kvalit\u011b.","og_url":"https:\/\/www.klinger-kempchen.de\/unternehmen\/firmenprofil\/","og_site_name":"KLINGER Kempchen","article_modified_time":"2024-03-11T14:08:41+00:00","og_image":[{"width":1400,"height":348,"url":"https:\/\/www.klinger-kempchen.de\/wp-content\/uploads\/2020\/07\/Kempchen_Historisch.jpg","type":"image\/jpeg"}],"twitter_misc":{"Odhadovan\u00e1 doba \u010dten\u00ed":"2 minuty"},"schema":{"@context":"https:\/\/schema.org","@graph":[{"@type":"WebPage","@id":"https:\/\/www.klinger-kempchen.de\/unternehmen\/firmenprofil\/","url":"https:\/\/www.klinger-kempchen.de\/unternehmen\/firmenprofil\/","name":"Profil spole\u010dnosti - KLINGER Kempchen","isPartOf":{"@id":"https:\/\/www.klinger-kempchen.de\/#website"},"primaryImageOfPage":{"@id":"https:\/\/www.klinger-kempchen.de\/unternehmen\/firmenprofil\/#primaryimage"},"image":{"@id":"https:\/\/www.klinger-kempchen.de\/unternehmen\/firmenprofil\/#primaryimage"},"thumbnailUrl":"https:\/\/www.klinger-kempchen.de\/wp-content\/uploads\/2020\/07\/Kempchen_Historisch.jpg","datePublished":"2023-07-11T17:04:31+00:00","dateModified":"2024-03-11T14:08:41+00:00","description":"Spole\u010dnost KLINGER Kempchen byla zalo\u017eena v roce 1889 a jej\u00ed \u00fasp\u011bch je zalo\u017een na inovac\u00edch, spolehlivosti a pov\u011bdom\u00ed o kvalit\u011b.","breadcrumb":{"@id":"https:\/\/www.klinger-kempchen.de\/unternehmen\/firmenprofil\/#breadcrumb"},"inLanguage":"cs","potentialAction":[{"@type":"ReadAction","target":["https:\/\/www.klinger-kempchen.de\/unternehmen\/firmenprofil\/"]}]},{"@type":"ImageObject","inLanguage":"cs","@id":"https:\/\/www.klinger-kempchen.de\/unternehmen\/firmenprofil\/#primaryimage","url":"https:\/\/www.klinger-kempchen.de\/wp-content\/uploads\/2020\/07\/Kempchen_Historisch.jpg","contentUrl":"https:\/\/www.klinger-kempchen.de\/wp-content\/uploads\/2020\/07\/Kempchen_Historisch.jpg","width":1400,"height":348},{"@type":"BreadcrumbList","@id":"https:\/\/www.klinger-kempchen.de\/unternehmen\/firmenprofil\/#breadcrumb","itemListElement":[{"@type":"ListItem","position":1,"name":"Home","item":"https:\/\/www.klinger-kempchen.de\/"},{"@type":"ListItem","position":2,"name":"Spole\u010dnost","item":"https:\/\/www.klinger-kempchen.de\/unternehmen\/"},{"@type":"ListItem","position":3,"name":"Profil spole\u010dnosti"}]},{"@type":"WebSite","@id":"https:\/\/www.klinger-kempchen.de\/#website","url":"https:\/\/www.klinger-kempchen.de\/","name":"KLINGER Kempchen","description":"KLINGER Kempchen","publisher":{"@id":"https:\/\/www.klinger-kempchen.de\/#organization"},"potentialAction":[{"@type":"SearchAction","target":{"@type":"EntryPoint","urlTemplate":"https:\/\/www.klinger-kempchen.de\/?s={search_term_string}"},"query-input":{"@type":"PropertyValueSpecification","valueRequired":true,"valueName":"search_term_string"}}],"inLanguage":"cs"},{"@type":"Organization","@id":"https:\/\/www.klinger-kempchen.de\/#organization","name":"KLINGER-Kempchen","url":"https:\/\/www.klinger-kempchen.de\/","logo":{"@type":"ImageObject","inLanguage":"cs","@id":"https:\/\/www.klinger-kempchen.de\/#\/schema\/logo\/image\/","url":"https:\/\/www.klinger-kempchen.de\/wp-content\/uploads\/2020\/06\/cropped-Klinger-Kempchen-Logo.png","contentUrl":"https:\/\/www.klinger-kempchen.de\/wp-content\/uploads\/2020\/06\/cropped-Klinger-Kempchen-Logo.png","width":512,"height":512,"caption":"KLINGER-Kempchen"},"image":{"@id":"https:\/\/www.klinger-kempchen.de\/#\/schema\/logo\/image\/"}}]}},"coauthors":[],"author_meta":{"author_link":"https:\/\/www.klinger-kempchen.de\/cs\/author\/administrador\/","display_name":"administrador"},"relative_dates":{"created":"Posted 3 roky ago","modified":"Updated 2 roky ago"},"absolute_dates":{"created":"Posted on 11 \u010dervence 2023","modified":"Updated on 11 b\u0159ezna 2024"},"absolute_dates_time":{"created":"Posted on 11 \u010dervence 2023 19:04","modified":"Updated on 11 b\u0159ezna 2024 15:08"},"featured_img_caption":"","featured_img":"https:\/\/www.klinger-kempchen.de\/wp-content\/uploads\/2020\/07\/Kempchen_Historisch.jpg","series_order":"","_links":{"self":[{"href":"https:\/\/www.klinger-kempchen.de\/cs\/wp-json\/wp\/v2\/pages\/18656","targetHints":{"allow":["GET"]}}],"collection":[{"href":"https:\/\/www.klinger-kempchen.de\/cs\/wp-json\/wp\/v2\/pages"}],"about":[{"href":"https:\/\/www.klinger-kempchen.de\/cs\/wp-json\/wp\/v2\/types\/page"}],"author":[{"embeddable":true,"href":"https:\/\/www.klinger-kempchen.de\/cs\/wp-json\/wp\/v2\/users\/1"}],"replies":[{"embeddable":true,"href":"https:\/\/www.klinger-kempchen.de\/cs\/wp-json\/wp\/v2\/comments?post=18656"}],"version-history":[{"count":0,"href":"https:\/\/www.klinger-kempchen.de\/cs\/wp-json\/wp\/v2\/pages\/18656\/revisions"}],"up":[{"embeddable":true,"href":"https:\/\/www.klinger-kempchen.de\/cs\/wp-json\/wp\/v2\/pages\/18646"}],"wp:featuredmedia":[{"embeddable":true,"href":"https:\/\/www.klinger-kempchen.de\/cs\/wp-json\/wp\/v2\/media\/17536"}],"wp:attachment":[{"href":"https:\/\/www.klinger-kempchen.de\/cs\/wp-json\/wp\/v2\/media?parent=18656"}],"curies":[{"name":"wp","href":"https:\/\/api.w.org\/{rel}","templated":true}]}}