{"id":18688,"date":"2023-07-12T13:27:18","date_gmt":"2023-07-12T11:27:18","guid":{"rendered":"https:\/\/www.klinger-kempchen.de\/?page_id=18688"},"modified":"2024-03-11T16:20:08","modified_gmt":"2024-03-11T15:20:08","slug":"kvalita","status":"publish","type":"page","link":"https:\/\/www.klinger-kempchen.de\/cs\/kvalita\/","title":{"rendered":"Kvalita"},"content":{"rendered":"\n<h1 class=\"wp-block-heading h3\">CERTIFIK\u00c1TY, N\u00c1VODY A SOUBORY KE STA\u017dEN\u00cd<\/h1>\n\n\n\n<p>Abychom vyhov\u011bli po\u017eadavk\u016fm na\u0161ich z\u00e1kazn\u00edk\u016f, udr\u017eujeme velk\u00e9 mno\u017estv\u00ed pe\u010det\u00ed kvality, registrac\u00ed, schv\u00e1len\u00ed a certifikac\u00ed.<\/p>\n\n\n\n<p>V na\u0161em \u00fasil\u00ed o spln\u011bn\u00ed o\u010dek\u00e1v\u00e1n\u00ed a po\u017eadavk\u016f na\u0161ich z\u00e1kazn\u00edk\u016f n\u00e1s podporuje \u0159ada dce\u0159in\u00fdch spole\u010dnost\u00ed a partnersk\u00fdch firem doma i v zahrani\u010d\u00ed. M\u016f\u017eete si tak b\u00fdt jisti, \u017ee obdr\u017e\u00edte spolehliv\u00fd v\u00fdrobek vysok\u00e9 kvality a se v\u0161emi kvalitativn\u00edmi vlastnostmi, kter\u00e9 spl\u0148uj\u00ed va\u0161e po\u017eadavky.<\/p>\n\n\n\n<p>Na\u0161e iso-certifikace jsou neust\u00e1le aktualizov\u00e1ny, a pokud jde o schv\u00e1len\u00ed, m\u016f\u017eete si b\u00fdt jisti, \u017ee v\u017edy obdr\u017e\u00edte odpov\u00eddaj\u00edc\u00ed v\u00fdrobek.<\/p>\n\n\n\n<div style=\"height:25px\" aria-hidden=\"true\" class=\"wp-block-spacer advgb-dyn-90a12b08\"><\/div>\n\n\n\n<div class=\"wp-block-columns is-layout-flex wp-container-core-columns-is-layout-9d6595d7 wp-block-columns-is-layout-flex\">\n<div class=\"wp-block-column is-layout-flow wp-block-column-is-layout-flow\">\n<figure class=\"wp-block-table\"><table><tbody><tr><td><a href=\"https:\/\/www.klinger-kempchen.de\/qualitaet\/zertifikate\/\"><img loading=\"lazy\" decoding=\"async\" width=\"270\" height=\"270\" class=\"wp-image-7027\" style=\"width: 270px;\" src=\"https:\/\/www.klinger-kempchen.de\/wp-content\/uploads\/2020\/07\/Zertifikate-icon.jpg\" alt=\"Zertifikate\" srcset=\"https:\/\/www.klinger-kempchen.de\/wp-content\/uploads\/2020\/07\/Zertifikate-icon.jpg 270w, https:\/\/www.klinger-kempchen.de\/wp-content\/uploads\/2020\/07\/Zertifikate-icon-20x20.jpg 20w\" sizes=\"auto, (max-width: 270px) 100vw, 270px\" \/><\/a><\/td><td><a href=\"https:\/\/www.klinger-kempchen.de\/cs\/kvalita\/certifikaty\/\"><h2>CERTIFIK\u00c1TY<\/h2><br>DIN EN ISO 9001, 14001, 45001 und 50001, , API, RAL, KTA 1401, TQCert, BMEcat<br><img decoding=\"async\" src=\"https:\/\/www.klinger-kempchen.de\/wp-content\/uploads\/2019\/11\/icon-arrow-blue-double.png\" alt=\"arrow\"><\/a><\/td><\/tr><\/tbody><\/table><\/figure>\n<\/div>\n\n\n\n<div class=\"wp-block-column is-layout-flow wp-block-column-is-layout-flow\">\n<figure class=\"wp-block-table\"><table><tbody><tr><td><a href=\"https:\/\/www.klinger-kempchen.de\/qualitaet\/bescheinigungen-zulassungen-pruefungen\/\"><img loading=\"lazy\" decoding=\"async\" width=\"270\" height=\"270\" class=\"wp-image-7025\" style=\"width: 270px;\" src=\"https:\/\/www.klinger-kempchen.de\/wp-content\/uploads\/2020\/07\/Zulassungen-icon.jpg\" alt=\"Zulassungen\" srcset=\"https:\/\/www.klinger-kempchen.de\/wp-content\/uploads\/2020\/07\/Zulassungen-icon.jpg 270w, https:\/\/www.klinger-kempchen.de\/wp-content\/uploads\/2020\/07\/Zulassungen-icon-20x20.jpg 20w\" sizes=\"auto, (max-width: 270px) 100vw, 270px\" \/><\/a><\/td><td><a href=\"https:\/\/www.klinger-kempchen.de\/cs\/kvalita\/certifikaty-schvaleni-zkousky\/\"><h2>CERTIFIK\u00c1TY<br><\/h2>Testy, certifik\u00e1ty TA-Luft<br><img decoding=\"async\" src=\"https:\/\/www.klinger-kempchen.de\/wp-content\/uploads\/2019\/11\/icon-arrow-blue-double.png\" alt=\"arrow\"><\/a><\/td><\/tr><\/tbody><\/table><\/figure>\n<\/div>\n<\/div>\n\n\n\n<div class=\"wp-block-columns is-layout-flex wp-container-core-columns-is-layout-9d6595d7 wp-block-columns-is-layout-flex\">\n<div class=\"wp-block-column is-layout-flow wp-block-column-is-layout-flow\">\n<figure class=\"wp-block-table\"><table><tbody><tr><td><img loading=\"lazy\" decoding=\"async\" width=\"270\" height=\"247\" class=\"wp-image-11520\" style=\"width: 270px;\" src=\"https:\/\/www.klinger-kempchen.de\/wp-content\/uploads\/2021\/01\/Dichtungskennwerte-Amtec-Pruefstand_1.jpg\" alt=\"Amtec Pr\u00fcfstand\"><\/td><td><a href=\"https:\/\/www.klinger-kempchen.de\/cs\/kvalita\/dichtungskennwerte\/\"><h2>T\u011aSNIC\u00cd VLASTNOSTI<br><\/h2>podle DIN EN 13555<br><img decoding=\"async\" src=\"https:\/\/www.klinger-kempchen.de\/wp-content\/uploads\/2019\/11\/icon-arrow-blue-double.png\" alt=\"arrow\"><\/a><\/td><\/tr><\/tbody><\/table><\/figure>\n<\/div>\n\n\n\n<div class=\"wp-block-column is-layout-flow wp-block-column-is-layout-flow\">\n<figure class=\"wp-block-table\"><table><tbody><tr><td><a href=\"https:\/\/www.klinger-kempchen.de\/qualitaet\/dichtungsdatenblaetter\/\"><img loading=\"lazy\" decoding=\"async\" width=\"270\" height=\"240\" class=\"wp-image-11522\" style=\"width: 270px;\" src=\"https:\/\/www.klinger-kempchen.de\/wp-content\/uploads\/2021\/01\/Datenblaetter-KSD.jpg\" alt=\"Dichtungsdatenbl\u00e4tter\"><\/a><\/td><td><a href=\"https:\/\/www.klinger-kempchen.de\/cs\/kvalita\/datove-listy-ksd-2021-50\/\"><h2>\u00daDAJOV\u00c9 LISTY<br><\/h2>Seznam datov\u00fdch list\u016f t\u011bsn\u011bn\u00ed podle KSD 2021\/50<br><img decoding=\"async\" src=\"https:\/\/www.klinger-kempchen.de\/wp-content\/uploads\/2019\/11\/icon-arrow-blue-double.png\" alt=\"arrow\"><\/a><\/td><\/tr><\/tbody><\/table><\/figure>\n<\/div>\n<\/div>\n\n\n\n<div class=\"wp-block-columns is-layout-flex wp-container-core-columns-is-layout-9d6595d7 wp-block-columns-is-layout-flex\">\n<div class=\"wp-block-column is-layout-flow wp-block-column-is-layout-flow\">\n<figure class=\"wp-block-table\"><table><tbody><tr><td><a href=\"https:\/\/www.klinger-kempchen.de\/qualitaet\/anweisungen\/\"><img loading=\"lazy\" decoding=\"async\" width=\"270\" height=\"270\" class=\"wp-image-7039\" style=\"width: 270px;\" src=\"https:\/\/www.klinger-kempchen.de\/wp-content\/uploads\/2020\/07\/Anweisungen-icon.jpg\" alt=\"Anweisungen\"><\/a><\/td><td><a href=\"https:\/\/www.klinger-kempchen.de\/cs\/kvalita\/instrukce\/\"><h2>INSTRUKCE<br><\/h2>Pokyny pro instalaci ploch\u00fdch t\u011bsn\u011bn\u00ed a ucp\u00e1vek, mont\u00e1\u017en\u00ed pokyny<br><img decoding=\"async\" src=\"https:\/\/www.klinger-kempchen.de\/wp-content\/uploads\/2019\/11\/icon-arrow-blue-double.png\" alt=\"arrow\"><\/a><\/td><\/tr><\/tbody><\/table><\/figure>\n<\/div>\n\n\n\n<div class=\"wp-block-column is-layout-flow wp-block-column-is-layout-flow\">\n<figure class=\"wp-block-table\"><table><tbody><tr><td><a href=\"https:\/\/www.klinger-kempchen.de\/qualitaet\/downloads\/\"><img loading=\"lazy\" decoding=\"async\" width=\"270\" height=\"270\" class=\"wp-image-7031\" style=\"width: 270px;\" src=\"https:\/\/www.klinger-kempchen.de\/wp-content\/uploads\/2020\/07\/Downloads-icon.jpg\" alt=\"Downloads\" srcset=\"https:\/\/www.klinger-kempchen.de\/wp-content\/uploads\/2020\/07\/Downloads-icon.jpg 270w, https:\/\/www.klinger-kempchen.de\/wp-content\/uploads\/2020\/07\/Downloads-icon-20x20.jpg 20w\" sizes=\"auto, (max-width: 270px) 100vw, 270px\" \/><\/a><\/td><td><a href=\"https:\/\/www.klinger-kempchen.de\/cs\/kvalita\/downloady\/\"><h2>STA\u017dEN\u00cd<br><\/h2>V\u0161eobecn\u00fd katalog, bro\u017eury, let\u00e1ky<br><img decoding=\"async\" src=\"https:\/\/www.klinger-kempchen.de\/wp-content\/uploads\/2019\/11\/icon-arrow-blue-double.png\" alt=\"arrow\"><\/a><\/td><\/tr><\/tbody><\/table><\/figure>\n<\/div>\n<\/div>\n","protected":false},"excerpt":{"rendered":"<p>CERTIFIK\u00c1TY, N\u00c1VODY A SOUBORY KE STA\u017dEN\u00cd Abychom vyhov\u011bli po\u017eadavk\u016fm na\u0161ich z\u00e1kazn\u00edk\u016f, udr\u017eujeme velk\u00e9 mno\u017estv\u00ed pe\u010det\u00ed kvality, registrac\u00ed, schv\u00e1len\u00ed a certifikac\u00ed. V na\u0161em \u00fasil\u00ed o spln\u011bn\u00ed o\u010dek\u00e1v\u00e1n\u00ed a po\u017eadavk\u016f na\u0161ich z\u00e1kazn\u00edk\u016f n\u00e1s podporuje \u0159ada dce\u0159in\u00fdch spole\u010dnost\u00ed a partnersk\u00fdch firem doma i v zahrani\u010d\u00ed. M\u016f\u017eete si tak b\u00fdt jisti, \u017ee obdr\u017e\u00edte spolehliv\u00fd v\u00fdrobek vysok\u00e9 kvality a se [&hellip;]<\/p>\n","protected":false},"author":1,"featured_media":17537,"parent":0,"menu_order":6,"comment_status":"closed","ping_status":"closed","template":"page-templates\/secciones-principales.php","meta":{"advgb_blocks_editor_width":"","advgb_blocks_columns_visual_guide":"","iawp_total_views":8,"footnotes":""},"class_list":["post-18688","page","type-page","status-publish","has-post-thumbnail","hentry"],"yoast_head":"<!-- This site is optimized with the Yoast SEO plugin v27.3 - https:\/\/yoast.com\/product\/yoast-seo-wordpress\/ -->\n<title>Kvalita - KLINGER Kempchen<\/title>\n<meta name=\"description\" content=\"V sekci kvalita naleznete: Certifik\u00e1ty \u2713 Schv\u00e1len\u00ed \u2713 Certifik\u00e1ty \u2713 Vlastnosti t\u011bsn\u011bn\u00ed \u2713 Datov\u00e9 listy \u2713 N\u00e1vody \u2713 Ke sta\u017een\u00ed \u2713.\" \/>\n<meta name=\"robots\" content=\"index, follow, max-snippet:-1, max-image-preview:large, max-video-preview:-1\" \/>\n<link rel=\"canonical\" href=\"https:\/\/www.klinger-kempchen.de\/cs\/kvalita\/\" \/>\n<meta property=\"og:locale\" content=\"cs_CZ\" \/>\n<meta property=\"og:type\" content=\"article\" \/>\n<meta property=\"og:title\" content=\"Kvalita - KLINGER Kempchen\" \/>\n<meta property=\"og:description\" content=\"V sekci kvalita naleznete: Certifik\u00e1ty \u2713 Schv\u00e1len\u00ed \u2713 Certifik\u00e1ty \u2713 Vlastnosti t\u011bsn\u011bn\u00ed \u2713 Datov\u00e9 listy \u2713 N\u00e1vody \u2713 Ke sta\u017een\u00ed \u2713.\" \/>\n<meta property=\"og:url\" content=\"https:\/\/www.klinger-kempchen.de\/cs\/kvalita\/\" \/>\n<meta property=\"og:site_name\" content=\"KLINGER Kempchen\" \/>\n<meta property=\"article:modified_time\" content=\"2024-03-11T15:20:08+00:00\" \/>\n<meta property=\"og:image\" content=\"https:\/\/www.klinger-kempchen.de\/wp-content\/uploads\/2020\/07\/Quality-titel.jpg\" \/>\n\t<meta property=\"og:image:width\" content=\"1362\" \/>\n\t<meta property=\"og:image:height\" content=\"325\" \/>\n\t<meta property=\"og:image:type\" content=\"image\/jpeg\" \/>\n<meta name=\"twitter:label1\" content=\"Odhadovan\u00e1 doba \u010dten\u00ed\" \/>\n\t<meta name=\"twitter:data1\" content=\"1 minuta\" \/>\n<!-- \/ Yoast SEO plugin. -->","yoast_head_json":{"title":"Kvalita - KLINGER Kempchen","description":"V sekci kvalita naleznete: Certifik\u00e1ty \u2713 Schv\u00e1len\u00ed \u2713 Certifik\u00e1ty \u2713 Vlastnosti t\u011bsn\u011bn\u00ed \u2713 Datov\u00e9 listy \u2713 N\u00e1vody \u2713 Ke sta\u017een\u00ed \u2713.","robots":{"index":"index","follow":"follow","max-snippet":"max-snippet:-1","max-image-preview":"max-image-preview:large","max-video-preview":"max-video-preview:-1"},"canonical":"https:\/\/www.klinger-kempchen.de\/cs\/kvalita\/","og_locale":"cs_CZ","og_type":"article","og_title":"Kvalita - KLINGER Kempchen","og_description":"V sekci kvalita naleznete: Certifik\u00e1ty \u2713 Schv\u00e1len\u00ed \u2713 Certifik\u00e1ty \u2713 Vlastnosti t\u011bsn\u011bn\u00ed \u2713 Datov\u00e9 listy \u2713 N\u00e1vody \u2713 Ke sta\u017een\u00ed \u2713.","og_url":"https:\/\/www.klinger-kempchen.de\/cs\/kvalita\/","og_site_name":"KLINGER Kempchen","article_modified_time":"2024-03-11T15:20:08+00:00","og_image":[{"width":1362,"height":325,"url":"https:\/\/www.klinger-kempchen.de\/wp-content\/uploads\/2020\/07\/Quality-titel.jpg","type":"image\/jpeg"}],"twitter_misc":{"Odhadovan\u00e1 doba \u010dten\u00ed":"1 minuta"},"schema":{"@context":"https:\/\/schema.org","@graph":[{"@type":"WebPage","@id":"https:\/\/www.klinger-kempchen.de\/cs\/kvalita\/","url":"https:\/\/www.klinger-kempchen.de\/cs\/kvalita\/","name":"Kvalita - KLINGER Kempchen","isPartOf":{"@id":"https:\/\/www.klinger-kempchen.de\/#website"},"primaryImageOfPage":{"@id":"https:\/\/www.klinger-kempchen.de\/cs\/kvalita\/#primaryimage"},"image":{"@id":"https:\/\/www.klinger-kempchen.de\/cs\/kvalita\/#primaryimage"},"thumbnailUrl":"https:\/\/www.klinger-kempchen.de\/wp-content\/uploads\/2020\/07\/Quality-titel.jpg","datePublished":"2023-07-12T11:27:18+00:00","dateModified":"2024-03-11T15:20:08+00:00","description":"V sekci kvalita naleznete: Certifik\u00e1ty \u2713 Schv\u00e1len\u00ed \u2713 Certifik\u00e1ty \u2713 Vlastnosti t\u011bsn\u011bn\u00ed \u2713 Datov\u00e9 listy \u2713 N\u00e1vody \u2713 Ke sta\u017een\u00ed \u2713.","breadcrumb":{"@id":"https:\/\/www.klinger-kempchen.de\/cs\/kvalita\/#breadcrumb"},"inLanguage":"cs","potentialAction":[{"@type":"ReadAction","target":["https:\/\/www.klinger-kempchen.de\/cs\/kvalita\/"]}]},{"@type":"ImageObject","inLanguage":"cs","@id":"https:\/\/www.klinger-kempchen.de\/cs\/kvalita\/#primaryimage","url":"https:\/\/www.klinger-kempchen.de\/wp-content\/uploads\/2020\/07\/Quality-titel.jpg","contentUrl":"https:\/\/www.klinger-kempchen.de\/wp-content\/uploads\/2020\/07\/Quality-titel.jpg","width":1362,"height":325},{"@type":"BreadcrumbList","@id":"https:\/\/www.klinger-kempchen.de\/cs\/kvalita\/#breadcrumb","itemListElement":[{"@type":"ListItem","position":1,"name":"Home","item":"https:\/\/www.klinger-kempchen.de\/"},{"@type":"ListItem","position":2,"name":"Kvalita"}]},{"@type":"WebSite","@id":"https:\/\/www.klinger-kempchen.de\/#website","url":"https:\/\/www.klinger-kempchen.de\/","name":"KLINGER Kempchen","description":"KLINGER Kempchen","publisher":{"@id":"https:\/\/www.klinger-kempchen.de\/#organization"},"potentialAction":[{"@type":"SearchAction","target":{"@type":"EntryPoint","urlTemplate":"https:\/\/www.klinger-kempchen.de\/?s={search_term_string}"},"query-input":{"@type":"PropertyValueSpecification","valueRequired":true,"valueName":"search_term_string"}}],"inLanguage":"cs"},{"@type":"Organization","@id":"https:\/\/www.klinger-kempchen.de\/#organization","name":"KLINGER-Kempchen","url":"https:\/\/www.klinger-kempchen.de\/","logo":{"@type":"ImageObject","inLanguage":"cs","@id":"https:\/\/www.klinger-kempchen.de\/#\/schema\/logo\/image\/","url":"https:\/\/www.klinger-kempchen.de\/wp-content\/uploads\/2020\/06\/cropped-Klinger-Kempchen-Logo.png","contentUrl":"https:\/\/www.klinger-kempchen.de\/wp-content\/uploads\/2020\/06\/cropped-Klinger-Kempchen-Logo.png","width":512,"height":512,"caption":"KLINGER-Kempchen"},"image":{"@id":"https:\/\/www.klinger-kempchen.de\/#\/schema\/logo\/image\/"}}]}},"coauthors":[],"author_meta":{"author_link":"https:\/\/www.klinger-kempchen.de\/cs\/author\/administrador\/","display_name":"administrador"},"relative_dates":{"created":"Posted 3 roky ago","modified":"Updated 2 roky ago"},"absolute_dates":{"created":"Posted on 12 \u010dervence 2023","modified":"Updated on 11 b\u0159ezna 2024"},"absolute_dates_time":{"created":"Posted on 12 \u010dervence 2023 13:27","modified":"Updated on 11 b\u0159ezna 2024 16:20"},"featured_img_caption":"","featured_img":"https:\/\/www.klinger-kempchen.de\/wp-content\/uploads\/2020\/07\/Quality-titel.jpg","series_order":"","_links":{"self":[{"href":"https:\/\/www.klinger-kempchen.de\/cs\/wp-json\/wp\/v2\/pages\/18688","targetHints":{"allow":["GET"]}}],"collection":[{"href":"https:\/\/www.klinger-kempchen.de\/cs\/wp-json\/wp\/v2\/pages"}],"about":[{"href":"https:\/\/www.klinger-kempchen.de\/cs\/wp-json\/wp\/v2\/types\/page"}],"author":[{"embeddable":true,"href":"https:\/\/www.klinger-kempchen.de\/cs\/wp-json\/wp\/v2\/users\/1"}],"replies":[{"embeddable":true,"href":"https:\/\/www.klinger-kempchen.de\/cs\/wp-json\/wp\/v2\/comments?post=18688"}],"version-history":[{"count":0,"href":"https:\/\/www.klinger-kempchen.de\/cs\/wp-json\/wp\/v2\/pages\/18688\/revisions"}],"wp:featuredmedia":[{"embeddable":true,"href":"https:\/\/www.klinger-kempchen.de\/cs\/wp-json\/wp\/v2\/media\/17537"}],"wp:attachment":[{"href":"https:\/\/www.klinger-kempchen.de\/cs\/wp-json\/wp\/v2\/media?parent=18688"}],"curies":[{"name":"wp","href":"https:\/\/api.w.org\/{rel}","templated":true}]}}