{"id":18702,"date":"2023-07-13T12:10:25","date_gmt":"2023-07-13T10:10:25","guid":{"rendered":"https:\/\/www.klinger-kempchen.de\/?page_id=18702"},"modified":"2024-03-11T15:20:55","modified_gmt":"2024-03-11T14:20:55","slug":"engineering-kontakty","status":"publish","type":"page","link":"https:\/\/www.klinger-kempchen.de\/cs\/engineering-kontakty\/","title":{"rendered":"Engineering"},"content":{"rendered":"\n<h1 class=\"wp-block-heading h3\">KLINGER Engineering<\/h1>\n\n\n\n<h2 class=\"wp-block-heading\">In\u017een\u00fdrsk\u00e9 slu\u017eby pro t\u011bsn\u011bn\u00ed sp\u00e1r<\/h2>\n\n\n\n<p>KLINGER Engineering je sou\u010d\u00e1st\u00ed spole\u010dnosti KLINGER Kempchen GmbH v Oberhausenu (N\u011bmecko) a nab\u00edz\u00ed \u0161irokou \u0161k\u00e1lu slu\u017eeb pro jednotliv\u00e9 spole\u010dnosti KLINGER a jejich mezin\u00e1rodn\u00ed z\u00e1kazn\u00edky v r\u00e1mci skupiny KLINGER.<br>T\u00fdm KLINGER Engineering tvo\u0159\u00ed in\u017een\u00fd\u0159i, technici a techni\u010dt\u00ed odborn\u00edci z nejr\u016fzn\u011bj\u0161\u00edch obor\u016f. Ka\u017ed\u00fd \u010dlen t\u00fdmu jedine\u010dn\u00fdm zp\u016fsobem kombinuje rozs\u00e1hl\u00e9 odborn\u00e9 znalosti a praktick\u00e9 zku\u0161enosti z nejr\u016fzn\u011bj\u0161\u00edch odv\u011btv\u00ed. T\u00fdm m\u00e1 dohromady des\u00edtky let znalost\u00ed z nejr\u016fzn\u011bj\u0161\u00edch obor\u016f, jako je rafin\u00e9rsk\u00e9 in\u017een\u00fdrstv\u00ed, chemick\u00e9 in\u017een\u00fdrstv\u00ed, jadern\u00e9 in\u017een\u00fdrstv\u00ed, projektov\u00e1n\u00ed potrub\u00ed a p\u0159\u00edstroj\u016f, konstrukce potrub\u00ed a p\u0159\u00edstroj\u016f, konstrukce chemick\u00fdch p\u0159\u00edstroj\u016f, sva\u0159ovac\u00ed technika, materi\u00e1lov\u00e9 in\u017een\u00fdrstv\u00ed, koroze a metalurgie, konstrukce elektr\u00e1ren, konstrukce kompresor\u016f a turb\u00edn, jako\u017e i ze speci\u00e1ln\u00edch tematick\u00fdch oblast\u00ed, jako je vy\u0161et\u0159ov\u00e1n\u00ed \u0161kod a \u0159\u00edzen\u00ed spolehlivosti.<\/p>\n\n\n\n<h2 class=\"wp-block-heading\">Odborn\u00e9 znalosti a zku\u0161enosti<\/h2>\n\n\n\n<p>Ve spole\u010dnosti KLINGER Engineering se zam\u011b\u0159ujeme na zaji\u0161t\u011bn\u00ed bezpe\u010dnosti a spolehlivosti za\u0159\u00edzen\u00ed. Bez ohledu na to, zda se jedn\u00e1 o p\u0159epravu kapaln\u00e9ho nebo plynn\u00e9ho m\u00e9dia: Na\u0161\u00edm \u00fakolem je zajistit, aby tato m\u00e9dia z\u016fstala p\u0159esn\u011b tam, kam pat\u0159\u00ed. Na\u0161e in\u017een\u00fdrsk\u00e9 slu\u017eby zaji\u0161\u0165uj\u00ed spolehliv\u00fd a bezpe\u010dn\u00fd provoz bez \u00fanik\u016f a n\u00e1sledn\u00fdch nebo materi\u00e1ln\u00edch \u0161kod. Na\u0161e odborn\u00e9 znalosti a zku\u0161enosti jsou z\u00e1kladem pro na\u0161e inovativn\u00ed a nejmodern\u011bj\u0161\u00ed metody n\u00e1vrhu a v\u00fdpo\u010dtu t\u011bsnic\u00edch spoj\u016f.<\/p>\n\n\n\n<p>Uplat\u0148ov\u00e1n\u00edm a neust\u00e1l\u00fdm v\u00fdvojem r\u016fzn\u00fdch softwarov\u00fdch \u0159e\u0161en\u00ed p\u0159izp\u016fsoben\u00fdch specifick\u00fdm po\u017eadavk\u016fm p\u0159\u00edslu\u0161n\u00fdch pr\u016fmyslov\u00fdch odv\u011btv\u00ed zaji\u0161\u0165ujeme a garantujeme spolehlivou funkci t\u011bsnic\u00edch spoj\u016f.<\/p>\n\n\n\n<div class=\"wp-block-columns is-layout-flex wp-container-core-columns-is-layout-9d6595d7 wp-block-columns-is-layout-flex\">\n<div class=\"wp-block-column is-layout-flow wp-block-column-is-layout-flow\">\n<figure class=\"wp-block-table flecha\"><table class=\"has-background\" style=\"background-color:#e8f3fa\"><tbody><tr><td><a href=\"https:\/\/www.klinger-kempchen.de\/cs\/engineering-kontakty\/prehled-naseho-tymu\/\"><img loading=\"lazy\" decoding=\"async\" width=\"270\" height=\"270\" class=\"wp-image-17235\" style=\"width: 270px;\" src=\"https:\/\/www.klinger-kempchen.de\/wp-content\/uploads\/2023\/06\/Team-1.jpg\" alt=\"Team\"><\/a><\/td><td><a href=\"https:\/\/www.klinger-kempchen.de\/cs\/engineering-kontakty\/prehled-naseho-tymu\/\"><h3>N\u00e1\u0161 t\u00fdm<br>na prvn\u00ed pohled<\/h3><br><img decoding=\"async\" src=\"https:\/\/www.klinger-kempchen.de\/wp-content\/uploads\/2019\/11\/icon-arrow-blue-double.png\" alt=\"Pfeil\"><\/a><\/td><\/tr><\/tbody><\/table><\/figure>\n<\/div>\n\n\n\n<div class=\"wp-block-column is-layout-flow wp-block-column-is-layout-flow\">\n<figure class=\"wp-block-table\"><table class=\"has-background\" style=\"background-color:#e8f3fa\"><tbody><tr><td><a href=\"https:\/\/www.klinger-kempchen.de\/cs\/engineering-kontakty\/technicke-sluzby\/\"><img loading=\"lazy\" decoding=\"async\" width=\"270\" height=\"270\" class=\"wp-image-16224\" style=\"width: 270px;\" src=\"https:\/\/www.klinger-kempchen.de\/wp-content\/uploads\/2023\/05\/Service5.jpg\" alt=\"3D-Konstruktion &amp; Finite-Elemente-Analyse\"><\/a><\/td><td><a href=\"https:\/\/www.klinger-kempchen.de\/cs\/engineering-kontakty\/technicke-sluzby\/\"><h3>Technicke-Sluzby<\/h3><br><img decoding=\"async\" src=\"https:\/\/www.klinger-kempchen.de\/wp-content\/uploads\/2019\/11\/icon-arrow-blue-double.png\" alt=\"Pfeil\"><\/a><\/td><\/tr><\/tbody><\/table><\/figure>\n<\/div>\n<\/div>\n\n\n\n<div class=\"wp-block-columns is-layout-flex wp-container-core-columns-is-layout-9d6595d7 wp-block-columns-is-layout-flex\">\n<div class=\"wp-block-column is-layout-flow wp-block-column-is-layout-flow\">\n<figure class=\"wp-block-table is-style-regular\"><table class=\"has-background\" style=\"background-color:#e8f3fa\"><tbody><tr><td><a href=\"https:\/\/www.klinger-kempchen.de\/cs\/engineering-kontakty\/damage-investigation\/\"><img loading=\"lazy\" decoding=\"async\" width=\"270\" height=\"270\" class=\"wp-image-17127\" style=\"width: 270px;\" src=\"https:\/\/www.klinger-kempchen.de\/wp-content\/uploads\/2023\/06\/Damage2.jpg\" alt=\"Damage2\"><\/a><\/td><td><a href=\"https:\/\/www.klinger-kempchen.de\/engineering\/damage-investigation\/\"><h3>Damage Investigation<\/h3><br><\/a><a href=\"https:\/\/www.klinger-kempchen.de\/cs\/engineering-kontakty\/damage-investigation\/\"><img loading=\"lazy\" decoding=\"async\" width=\"18\" height=\"26\" class=\"wp-image-10612\" style=\"width: 18px;\" src=\"https:\/\/www.klinger-kempchen.de\/wp-content\/uploads\/2019\/11\/icon-arrow-blue-double.png\" alt=\"Pfeil\" srcset=\"https:\/\/www.klinger-kempchen.de\/wp-content\/uploads\/2019\/11\/icon-arrow-blue-double.png 18w, https:\/\/www.klinger-kempchen.de\/wp-content\/uploads\/2019\/11\/icon-arrow-blue-double-14x20.png 14w\" sizes=\"auto, (max-width: 18px) 100vw, 18px\" \/><\/a><\/td><\/tr><\/tbody><\/table><\/figure>\n<\/div>\n\n\n\n<div class=\"wp-block-column is-layout-flow wp-block-column-is-layout-flow\">\n<figure class=\"wp-block-table\"><table class=\"has-background\" style=\"background-color:#e8f3fa\"><tbody><tr><td><a href=\"https:\/\/www.klinger-kempchen.de\/cs\/engineering-kontakty\/laboratory-services\/\"><img loading=\"lazy\" decoding=\"async\" width=\"270\" height=\"270\" class=\"wp-image-17238\" style=\"width: 270px;\" src=\"https:\/\/www.klinger-kempchen.de\/wp-content\/uploads\/2023\/06\/Laboratory.jpg\" alt=\"Laboratory\"><\/a><\/td><td><a href=\"https:\/\/www.klinger-kempchen.de\/cs\/engineering-kontakty\/laboratory-services\/\"><h3>Laboryatory<br>Services<\/h3><br><img decoding=\"async\" src=\"https:\/\/www.klinger-kempchen.de\/wp-content\/uploads\/2019\/11\/icon-arrow-blue-double.png\" alt=\"Pfeil\"><\/a><\/td><\/tr><\/tbody><\/table><\/figure>\n<\/div>\n<\/div>\n\n\n\n<div class=\"wp-block-columns is-layout-flex wp-container-core-columns-is-layout-9d6595d7 wp-block-columns-is-layout-flex\">\n<div class=\"wp-block-column is-layout-flow wp-block-column-is-layout-flow\">\n<figure class=\"wp-block-table is-style-regular\"><table class=\"has-background\" style=\"background-color:#e8f3fa\"><tbody><tr><td><a href=\"https:\/\/www.klinger-kempchen.de\/cs\/engineering-kontakty\/equipment-procurement-services\/\"><img loading=\"lazy\" decoding=\"async\" width=\"270\" height=\"270\" class=\"wp-image-17240\" style=\"width: 270px;\" src=\"https:\/\/www.klinger-kempchen.de\/wp-content\/uploads\/2023\/06\/EPS.jpg\" alt=\"EPS\"><\/a><\/td><td><a href=\"https:\/\/www.klinger-kempchen.de\/cs\/engineering-kontakty\/equipment-procurement-services\/\"><h3>Equipment <br>Procurement <br>Services<br><\/h3><img loading=\"lazy\" decoding=\"async\" width=\"18\" height=\"26\" class=\"wp-image-10612\" style=\"width: 18px;\" src=\"https:\/\/www.klinger-kempchen.de\/wp-content\/uploads\/2019\/11\/icon-arrow-blue-double.png\" alt=\"Pfeil\" srcset=\"https:\/\/www.klinger-kempchen.de\/wp-content\/uploads\/2019\/11\/icon-arrow-blue-double.png 18w, https:\/\/www.klinger-kempchen.de\/wp-content\/uploads\/2019\/11\/icon-arrow-blue-double-14x20.png 14w\" sizes=\"auto, (max-width: 18px) 100vw, 18px\" \/><\/a><\/td><\/tr><\/tbody><\/table><\/figure>\n<\/div>\n\n\n\n<div class=\"wp-block-column is-layout-flow wp-block-column-is-layout-flow\">\n<figure class=\"wp-block-table\"><table class=\"has-background\" style=\"background-color:#e8f3fa\"><tbody><tr><td><a href=\"https:\/\/www.klinger-kempchen.de\/cs\/engineering-kontakty\/programovy-system-klinger-babsy\/\"><img loading=\"lazy\" decoding=\"async\" width=\"270\" height=\"270\" class=\"wp-image-17242\" style=\"width: 270px;\" src=\"https:\/\/www.klinger-kempchen.de\/wp-content\/uploads\/2023\/06\/BABSy-1.jpg\" alt=\"BABSy\"><\/a><\/td><td><a href=\"https:\/\/www.klinger-kempchen.de\/cs\/engineering-kontakty\/programovy-system-klinger-babsy\/\"><h3>Klinger<br>BABSy<\/h3><br><img decoding=\"async\" src=\"https:\/\/www.klinger-kempchen.de\/wp-content\/uploads\/2019\/11\/icon-arrow-blue-double.png\" alt=\"Pfeil\"><\/a><\/td><\/tr><\/tbody><\/table><\/figure>\n<\/div>\n<\/div>\n","protected":false},"excerpt":{"rendered":"<p>KLINGER Engineering In\u017een\u00fdrsk\u00e9 slu\u017eby pro t\u011bsn\u011bn\u00ed sp\u00e1r KLINGER Engineering je sou\u010d\u00e1st\u00ed spole\u010dnosti KLINGER Kempchen GmbH v Oberhausenu (N\u011bmecko) a nab\u00edz\u00ed \u0161irokou \u0161k\u00e1lu slu\u017eeb pro jednotliv\u00e9 spole\u010dnosti KLINGER a jejich mezin\u00e1rodn\u00ed z\u00e1kazn\u00edky v r\u00e1mci skupiny KLINGER.T\u00fdm KLINGER Engineering tvo\u0159\u00ed in\u017een\u00fd\u0159i, technici a techni\u010dt\u00ed odborn\u00edci z nejr\u016fzn\u011bj\u0161\u00edch obor\u016f. Ka\u017ed\u00fd \u010dlen t\u00fdmu jedine\u010dn\u00fdm zp\u016fsobem kombinuje rozs\u00e1hl\u00e9 odborn\u00e9 znalosti [&hellip;]<\/p>\n","protected":false},"author":1,"featured_media":18490,"parent":0,"menu_order":3,"comment_status":"closed","ping_status":"closed","template":"page-templates\/secciones-principales.php","meta":{"advgb_blocks_editor_width":"","advgb_blocks_columns_visual_guide":"","iawp_total_views":47,"footnotes":""},"class_list":["post-18702","page","type-page","status-publish","has-post-thumbnail","hentry"],"yoast_head":"<!-- This site is optimized with the Yoast SEO plugin v27.3 - https:\/\/yoast.com\/product\/yoast-seo-wordpress\/ -->\n<title>Engineering - KLINGER Kempchen<\/title>\n<meta name=\"description\" content=\"T\u00fdm in\u017een\u00fdr\u016f spole\u010dnosti KLINGER se skl\u00e1d\u00e1 z in\u017een\u00fdr\u016f, technik\u016f a odborn\u00edk\u016f z cel\u00e9 \u0159ady specializovan\u00fdch obor\u016f.\" \/>\n<meta name=\"robots\" content=\"index, follow, max-snippet:-1, max-image-preview:large, max-video-preview:-1\" \/>\n<link rel=\"canonical\" href=\"https:\/\/www.klinger-kempchen.de\/cs\/engineering-kontakty\/\" \/>\n<meta property=\"og:locale\" content=\"cs_CZ\" \/>\n<meta property=\"og:type\" content=\"article\" \/>\n<meta property=\"og:title\" content=\"Engineering - KLINGER Kempchen\" \/>\n<meta property=\"og:description\" content=\"T\u00fdm in\u017een\u00fdr\u016f spole\u010dnosti KLINGER se skl\u00e1d\u00e1 z in\u017een\u00fdr\u016f, technik\u016f a odborn\u00edk\u016f z cel\u00e9 \u0159ady specializovan\u00fdch obor\u016f.\" \/>\n<meta property=\"og:url\" content=\"https:\/\/www.klinger-kempchen.de\/cs\/engineering-kontakty\/\" \/>\n<meta property=\"og:site_name\" content=\"KLINGER Kempchen\" \/>\n<meta property=\"article:modified_time\" content=\"2024-03-11T14:20:55+00:00\" \/>\n<meta property=\"og:image\" content=\"https:\/\/www.klinger-kempchen.de\/wp-content\/uploads\/2023\/06\/engineering-start.jpg\" \/>\n\t<meta property=\"og:image:width\" content=\"1400\" \/>\n\t<meta property=\"og:image:height\" content=\"350\" \/>\n\t<meta property=\"og:image:type\" content=\"image\/jpeg\" \/>\n<meta name=\"twitter:label1\" content=\"Odhadovan\u00e1 doba \u010dten\u00ed\" \/>\n\t<meta name=\"twitter:data1\" content=\"2 minuty\" \/>\n<!-- \/ Yoast SEO plugin. -->","yoast_head_json":{"title":"Engineering - KLINGER Kempchen","description":"T\u00fdm in\u017een\u00fdr\u016f spole\u010dnosti KLINGER se skl\u00e1d\u00e1 z in\u017een\u00fdr\u016f, technik\u016f a odborn\u00edk\u016f z cel\u00e9 \u0159ady specializovan\u00fdch obor\u016f.","robots":{"index":"index","follow":"follow","max-snippet":"max-snippet:-1","max-image-preview":"max-image-preview:large","max-video-preview":"max-video-preview:-1"},"canonical":"https:\/\/www.klinger-kempchen.de\/cs\/engineering-kontakty\/","og_locale":"cs_CZ","og_type":"article","og_title":"Engineering - KLINGER Kempchen","og_description":"T\u00fdm in\u017een\u00fdr\u016f spole\u010dnosti KLINGER se skl\u00e1d\u00e1 z in\u017een\u00fdr\u016f, technik\u016f a odborn\u00edk\u016f z cel\u00e9 \u0159ady specializovan\u00fdch obor\u016f.","og_url":"https:\/\/www.klinger-kempchen.de\/cs\/engineering-kontakty\/","og_site_name":"KLINGER Kempchen","article_modified_time":"2024-03-11T14:20:55+00:00","og_image":[{"width":1400,"height":350,"url":"https:\/\/www.klinger-kempchen.de\/wp-content\/uploads\/2023\/06\/engineering-start.jpg","type":"image\/jpeg"}],"twitter_misc":{"Odhadovan\u00e1 doba \u010dten\u00ed":"2 minuty"},"schema":{"@context":"https:\/\/schema.org","@graph":[{"@type":"WebPage","@id":"https:\/\/www.klinger-kempchen.de\/cs\/engineering-kontakty\/","url":"https:\/\/www.klinger-kempchen.de\/cs\/engineering-kontakty\/","name":"Engineering - KLINGER Kempchen","isPartOf":{"@id":"https:\/\/www.klinger-kempchen.de\/#website"},"primaryImageOfPage":{"@id":"https:\/\/www.klinger-kempchen.de\/cs\/engineering-kontakty\/#primaryimage"},"image":{"@id":"https:\/\/www.klinger-kempchen.de\/cs\/engineering-kontakty\/#primaryimage"},"thumbnailUrl":"https:\/\/www.klinger-kempchen.de\/wp-content\/uploads\/2023\/06\/engineering-start.jpg","datePublished":"2023-07-13T10:10:25+00:00","dateModified":"2024-03-11T14:20:55+00:00","description":"T\u00fdm in\u017een\u00fdr\u016f spole\u010dnosti KLINGER se skl\u00e1d\u00e1 z in\u017een\u00fdr\u016f, technik\u016f a odborn\u00edk\u016f z cel\u00e9 \u0159ady specializovan\u00fdch obor\u016f.","breadcrumb":{"@id":"https:\/\/www.klinger-kempchen.de\/cs\/engineering-kontakty\/#breadcrumb"},"inLanguage":"cs","potentialAction":[{"@type":"ReadAction","target":["https:\/\/www.klinger-kempchen.de\/cs\/engineering-kontakty\/"]}]},{"@type":"ImageObject","inLanguage":"cs","@id":"https:\/\/www.klinger-kempchen.de\/cs\/engineering-kontakty\/#primaryimage","url":"https:\/\/www.klinger-kempchen.de\/wp-content\/uploads\/2023\/06\/engineering-start.jpg","contentUrl":"https:\/\/www.klinger-kempchen.de\/wp-content\/uploads\/2023\/06\/engineering-start.jpg","width":1400,"height":350},{"@type":"BreadcrumbList","@id":"https:\/\/www.klinger-kempchen.de\/cs\/engineering-kontakty\/#breadcrumb","itemListElement":[{"@type":"ListItem","position":1,"name":"Home","item":"https:\/\/www.klinger-kempchen.de\/"},{"@type":"ListItem","position":2,"name":"Engineering"}]},{"@type":"WebSite","@id":"https:\/\/www.klinger-kempchen.de\/#website","url":"https:\/\/www.klinger-kempchen.de\/","name":"KLINGER Kempchen","description":"KLINGER Kempchen","publisher":{"@id":"https:\/\/www.klinger-kempchen.de\/#organization"},"potentialAction":[{"@type":"SearchAction","target":{"@type":"EntryPoint","urlTemplate":"https:\/\/www.klinger-kempchen.de\/?s={search_term_string}"},"query-input":{"@type":"PropertyValueSpecification","valueRequired":true,"valueName":"search_term_string"}}],"inLanguage":"cs"},{"@type":"Organization","@id":"https:\/\/www.klinger-kempchen.de\/#organization","name":"KLINGER-Kempchen","url":"https:\/\/www.klinger-kempchen.de\/","logo":{"@type":"ImageObject","inLanguage":"cs","@id":"https:\/\/www.klinger-kempchen.de\/#\/schema\/logo\/image\/","url":"https:\/\/www.klinger-kempchen.de\/wp-content\/uploads\/2020\/06\/cropped-Klinger-Kempchen-Logo.png","contentUrl":"https:\/\/www.klinger-kempchen.de\/wp-content\/uploads\/2020\/06\/cropped-Klinger-Kempchen-Logo.png","width":512,"height":512,"caption":"KLINGER-Kempchen"},"image":{"@id":"https:\/\/www.klinger-kempchen.de\/#\/schema\/logo\/image\/"}}]}},"coauthors":[],"author_meta":{"author_link":"https:\/\/www.klinger-kempchen.de\/cs\/author\/administrador\/","display_name":"administrador"},"relative_dates":{"created":"Posted 3 roky ago","modified":"Updated 2 roky ago"},"absolute_dates":{"created":"Posted on 13 \u010dervence 2023","modified":"Updated on 11 b\u0159ezna 2024"},"absolute_dates_time":{"created":"Posted on 13 \u010dervence 2023 12:10","modified":"Updated on 11 b\u0159ezna 2024 15:20"},"featured_img_caption":"","featured_img":"https:\/\/www.klinger-kempchen.de\/wp-content\/uploads\/2023\/06\/engineering-start.jpg","series_order":"","_links":{"self":[{"href":"https:\/\/www.klinger-kempchen.de\/cs\/wp-json\/wp\/v2\/pages\/18702","targetHints":{"allow":["GET"]}}],"collection":[{"href":"https:\/\/www.klinger-kempchen.de\/cs\/wp-json\/wp\/v2\/pages"}],"about":[{"href":"https:\/\/www.klinger-kempchen.de\/cs\/wp-json\/wp\/v2\/types\/page"}],"author":[{"embeddable":true,"href":"https:\/\/www.klinger-kempchen.de\/cs\/wp-json\/wp\/v2\/users\/1"}],"replies":[{"embeddable":true,"href":"https:\/\/www.klinger-kempchen.de\/cs\/wp-json\/wp\/v2\/comments?post=18702"}],"version-history":[{"count":0,"href":"https:\/\/www.klinger-kempchen.de\/cs\/wp-json\/wp\/v2\/pages\/18702\/revisions"}],"wp:featuredmedia":[{"embeddable":true,"href":"https:\/\/www.klinger-kempchen.de\/cs\/wp-json\/wp\/v2\/media\/18490"}],"wp:attachment":[{"href":"https:\/\/www.klinger-kempchen.de\/cs\/wp-json\/wp\/v2\/media?parent=18702"}],"curies":[{"name":"wp","href":"https:\/\/api.w.org\/{rel}","templated":true}]}}