{"id":18706,"date":"2023-07-13T13:04:31","date_gmt":"2023-07-13T11:04:31","guid":{"rendered":"https:\/\/www.klinger-kempchen.de\/?page_id=18706"},"modified":"2024-03-11T14:44:12","modified_gmt":"2024-03-11T13:44:12","slug":"plocha-tesnici-pasky","status":"publish","type":"page","link":"https:\/\/www.klinger-kempchen.de\/cs\/produkty\/plocha-tesnici-pasky\/","title":{"rendered":"Ploch\u00e1 t\u011bsnic\u00ed p\u00e1sky"},"content":{"rendered":"\n<h1 class=\"wp-block-heading h2\">UNIVERSAL PTFE profil TF1<\/h1>\n\n\n\n<div class=\"wp-block-columns is-layout-flex wp-container-core-columns-is-layout-9d6595d7 wp-block-columns-is-layout-flex\">\n<div class=\"wp-block-column is-layout-flow wp-block-column-is-layout-flow\" style=\"flex-basis:66.66%\">\n<p>Ploch\u00e9 t\u011bsnic\u00ed p\u00e1sky Kempchen TF1 se v\u00fdborn\u011b osv\u011bd\u010dily pro t\u011bsn\u011bn\u00ed p\u0159\u00edrub p\u0159\u00edstroj\u016f, n\u00e1dob, sk\u0159\u00edn\u00ed, kryt\u016f \u010derpadel a p\u0159evodovek, vodovodn\u00edch armatur atd.<\/p>\n\n\n\n<p>Navzdory vysok\u00e9 pevnosti v tahu a roztr\u017een\u00ed je t\u011bsn\u011bn\u00ed m\u011bkk\u00e9 a pru\u017en\u00e9 a v\u00fdborn\u011b se p\u0159izp\u016fsobuje nerovnostem a prohlubn\u00edm na t\u011bsnic\u00edch ploch\u00e1ch.<\/p>\n\n\n\n<p>P\u00e1ska je natahov\u00e1na speci\u00e1ln\u00edm procesem, kter\u00fd d\u00e1v\u00e1 materi\u00e1lu specifick\u00e9 vlastnosti pro univerz\u00e1ln\u00ed pou\u017eitelnost. Lepic\u00ed prou\u017eek nanesen\u00fd na jedn\u00e9 stran\u011b slou\u017e\u00ed jako mont\u00e1\u017en\u00ed pom\u016fcka k fixaci p\u00e1sky p\u0159i instalaci.<\/p>\n\n\n\n<p><strong>\u00bb DVGW VP 403<\/strong><br>Vhodnost pro z\u00e1sobov\u00e1n\u00ed plynem<br>tlak do 16 bar\u016f a<br>teplota -10 \u00b0C a\u017e +50 \u00b0C<\/p>\n\n\n\n<p><br><strong>\u00bb Protokol o zkou\u0161ce BAM pro pou\u017eit\u00ed v kysl\u00edkov\u00e9m sektoru<\/strong><br>(Osv\u011bd\u010den\u00ed v\u00fdrobce na z\u00e1klad\u011b protokolu o zkou\u0161ce BAM)<br><br><strong>\u00bb Obecn\u00e9 pou\u017eit\u00ed<\/strong><br>Teplota -200 \u00b0C a\u017e 150 \u00b0C<br><br>Pou\u017eit\u00ed expandovan\u00e9 PTFE p\u00e1sky jako trval\u00e9 n\u00e1hrady ploch\u00fdch t\u011bsn\u011bn\u00ed, nap\u0159. podle DIN 2690, se nedoporu\u010duje.<\/p>\n<\/div>\n\n\n\n<div class=\"wp-block-column is-layout-flow wp-block-column-is-layout-flow\" style=\"flex-basis:33.33%\">\n<figure class=\"wp-block-image size-large\"><img loading=\"lazy\" decoding=\"async\" width=\"646\" height=\"653\" src=\"https:\/\/www.klinger-kempchen.de\/wp-content\/uploads\/2020\/07\/PTFE-Flachdichtungsband.jpg\" alt=\"Flachdichtungsband aus PTFE in zwei Einbausituationen\" class=\"wp-image-7269\" title=\"Flachdichtungsband\"\/><\/figure>\n<\/div>\n<\/div>\n\n\n\n<p><img loading=\"lazy\" decoding=\"async\" width=\"41\" height=\"26\" class=\"wp-image-7660\" style=\"width: 41px;\" src=\"https:\/\/www.klinger-kempchen.de\/wp-content\/uploads\/2020\/07\/Download-icon-2.png\" alt=\"Icon\" srcset=\"https:\/\/www.klinger-kempchen.de\/wp-content\/uploads\/2020\/07\/Download-icon-2.png 41w, https:\/\/www.klinger-kempchen.de\/wp-content\/uploads\/2020\/07\/Download-icon-2-20x13.png 20w\" sizes=\"auto, (max-width: 41px) 100vw, 41px\" \/><a href=\"https:\/\/www.klinger-kempchen.de\/wp-content\/uploads\/2020\/07\/030-031-UNIVERSAL-PTFE-FLACHDICHTUGESBAND-PROFIL-TF1.pdf\" target=\"_blank\" rel=\"noreferrer noopener\">Dokumentace k v\u00fdrobku Ploch\u00e1 t\u011bsnic\u00ed p\u00e1ska PTFE (pdf)<\/a><\/p>\n\n\n\n<div style=\"height:50px\" aria-hidden=\"true\" class=\"wp-block-spacer advgb-dyn-a1f5334f\"><\/div>\n\n\n\n<h2 class=\"wp-block-heading\">UNIVERZ\u00c1LN\u00cd GRAFIT<\/h2>\n\n\n\n<div class=\"wp-block-columns is-layout-flex wp-container-core-columns-is-layout-9d6595d7 wp-block-columns-is-layout-flex\">\n<div class=\"wp-block-column is-layout-flow wp-block-column-is-layout-flow\" style=\"flex-basis:66.66%\">\n<p>Ploch\u00e9 t\u011bsnic\u00ed p\u00e1sky z \u010dist\u00e9ho grafitu jsou k dispozici v kvalit\u011b s 98 % uhl\u00edku a v jadern\u00e9 kvalit\u011b s 99,85 % uhl\u00edku. Dod\u00e1v\u00e1 se jako hladk\u00e1 nebo vlnit\u00e1 p\u00e1ska. P\u00e1sky se vyr\u00e1b\u011bj\u00ed tak\u00e9 s lepic\u00ed podlo\u017ekou.<br>\u0160\u00ed\u0159ka p\u00e1sky se pohybuje od 6 mm do 70 mm. Obvykl\u00e9 d\u00e9lky jsou 10, 12, 15, 47 a 50 metr\u016f. <strong>Na vy\u017e\u00e1d\u00e1n\u00ed jsou mo\u017en\u00e9 i jin\u00e9 rozm\u011bry.<\/strong><\/p>\n\n\n\n<p>V z\u00e1vislosti na objemu se p\u00e1sky dod\u00e1vaj\u00ed v plastov\u00fdch krabic\u00edch, kartonov\u00fdch krabic\u00edch nebo tak\u00e9 poc\u00ednovan\u00e9 na kartonu.<br>Tlou\u0161\u0165ka \u010dist\u011b grafitov\u00fdch p\u00e1sek je 0,38 mm; 0,5 mm a 1 mm. Hustota p\u00e1sky o tlou\u0161\u0165ce 0,5 mm a 1 mm je 1,0 g\/cm\u00b3. P\u00e1ska o tlou\u0161\u0165ce 0,38 mm m\u00e1 hustotu 1,1 g\/cm\u00b3.<\/p>\n\n\n\n<p><strong>P\u00e1sky z \u010dist\u00e9ho grafitu<\/strong><\/p>\n\n\n\n<ul class=\"wp-block-list\">\n<li>maj\u00ed velmi dobr\u00e9 klouzav\u00e9 vlastnosti<\/li>\n\n\n\n<li>maj\u00ed obsah chlorid\u016f ni\u017e\u0161\u00ed ne\u017e 50 ppm<\/li>\n\n\n\n<li>jsou samomazn\u00e9<\/li>\n\n\n\n<li>maj\u00ed vynikaj\u00edc\u00ed tepelnou vodivost<\/li>\n\n\n\n<li>neobsahuj\u00ed pojiva ani plniva<\/li>\n\n\n\n<li>jsou fyziologicky nez\u00e1vadn\u00e9<\/li>\n<\/ul>\n\n\n\n<p>Samolepic\u00ed p\u00e1sky z \u010dist\u00e9ho grafitu jsou u\u017eite\u010dn\u00e9 p\u0159i instalaci p\u00e1sk\u016f na obt\u00ed\u017en\u00e1 t\u011bsn\u011bn\u00ed na m\u00edst\u011b.<\/p>\n\n\n\n<p>Pokud chyb\u00ed d\u011brovan\u00e9 t\u011bsn\u011bn\u00ed z \u010dist\u00e9ho grafitu jako nosn\u00fd materi\u00e1l pro kovov\u00e1 t\u011bsn\u011bn\u00ed, nap\u0159. h\u0159ebenov\u011b profilovan\u00e1 t\u011bsn\u011bn\u00ed, lze pou\u017e\u00edt samolepic\u00ed p\u00e1sku z \u010dist\u00e9ho grafitu. D\u00edky \u017eebrov\u00e1n\u00ed p\u00e1sky lze v z\u00e1vislosti na \u0161\u00ed\u0159ce p\u00e1sky pokr\u00fdt i mal\u00e9 polom\u011bry.<\/p>\n\n\n\n<p>P\u00e1sky z \u010dist\u00e9ho grafitu lze pou\u017e\u00edt tak\u00e9 k ut\u011bsn\u011bn\u00ed v\u0159eten. V tomto p\u0159\u00edpad\u011b se p\u00e1ska navine kolem h\u0159\u00eddele a pot\u00e9 se vtla\u010d\u00ed do v\u00fdpl\u0148ov\u00e9 sk\u0159\u00edn\u011b s t\u011bsn\u011bn\u00edm v\u00fdvodek.<\/p>\n\n\n\n<p>\u010cist\u00e9 grafitov\u00e9 p\u00e1sky dod\u00e1v\u00e1me tak\u00e9 jako p\u0159edlisovan\u00e9 krou\u017eky. Viz kapitola &#8222;T\u011bsn\u011bn\u00ed&#8220;, t\u011bsn\u011bn\u00ed RivaTherm K80.<\/p>\n<\/div>\n\n\n\n<div class=\"wp-block-column is-layout-flow wp-block-column-is-layout-flow\" style=\"flex-basis:33.33%\">\n<figure class=\"wp-block-image size-large\"><img loading=\"lazy\" decoding=\"async\" width=\"650\" height=\"629\" src=\"https:\/\/www.klinger-kempchen.de\/wp-content\/uploads\/2020\/07\/Graphit-Flachdichtungsband.jpg\" alt=\"Flachdichtungsband Graphit nicht selbstklebend\" class=\"wp-image-7610\" title=\"Flachdichtungsband\" srcset=\"https:\/\/www.klinger-kempchen.de\/wp-content\/uploads\/2020\/07\/Graphit-Flachdichtungsband.jpg 650w, https:\/\/www.klinger-kempchen.de\/wp-content\/uploads\/2020\/07\/Graphit-Flachdichtungsband-20x20.jpg 20w\" sizes=\"auto, (max-width: 650px) 100vw, 650px\" \/><figcaption class=\"wp-element-caption\">Grafitov\u00e1 ploch\u00e1 t\u011bsnic\u00ed p\u00e1ska<\/figcaption><\/figure>\n<\/div>\n<\/div>\n\n\n\n<p><img decoding=\"async\" src=\"https:\/\/www.klinger-kempchen.de\/wp-content\/uploads\/2020\/07\/Download-icon-2.png\" alt=\"\"><a href=\"https:\/\/www.klinger-kempchen.de\/wp-content\/uploads\/2020\/07\/032-UNIVERSAL-GRAPHIT-FLACHDICHTUNGSBAND.pdf\" target=\"_blank\" rel=\"noreferrer noopener\">Dokumentace k v\u00fdrobku Grafitov\u00e1 ploch\u00e1 t\u011bsnic\u00ed p\u00e1ska (pdf)<\/a><\/p>\n\n\n\n<p><\/p>\n\n\n\n<p>  <strong><a href=\"https:\/\/www.klinger-kempchen.de\/qualitaet\/downloads\/\" target=\"_blank\" rel=\"noreferrer noopener\">Kompletn\u00ed katalog najdete v na\u0161\u00ed sekci ke sta\u017een\u00ed.<\/a><\/strong>  <\/p>\n","protected":false},"excerpt":{"rendered":"<p>UNIVERSAL PTFE profil TF1 Ploch\u00e9 t\u011bsnic\u00ed p\u00e1sky Kempchen TF1 se v\u00fdborn\u011b osv\u011bd\u010dily pro t\u011bsn\u011bn\u00ed p\u0159\u00edrub p\u0159\u00edstroj\u016f, n\u00e1dob, sk\u0159\u00edn\u00ed, kryt\u016f \u010derpadel a p\u0159evodovek, vodovodn\u00edch armatur atd. Navzdory vysok\u00e9 pevnosti v tahu a roztr\u017een\u00ed je t\u011bsn\u011bn\u00ed m\u011bkk\u00e9 a pru\u017en\u00e9 a v\u00fdborn\u011b se p\u0159izp\u016fsobuje nerovnostem a prohlubn\u00edm na t\u011bsnic\u00edch ploch\u00e1ch. P\u00e1ska je natahov\u00e1na speci\u00e1ln\u00edm procesem, kter\u00fd d\u00e1v\u00e1 materi\u00e1lu [&hellip;]<\/p>\n","protected":false},"author":1,"featured_media":17795,"parent":18508,"menu_order":2,"comment_status":"closed","ping_status":"closed","template":"page-templates\/somos.php","meta":{"advgb_blocks_editor_width":"","advgb_blocks_columns_visual_guide":"","iawp_total_views":12,"footnotes":""},"class_list":["post-18706","page","type-page","status-publish","has-post-thumbnail","hentry"],"yoast_head":"<!-- This site is optimized with the Yoast SEO plugin v27.3 - https:\/\/yoast.com\/product\/yoast-seo-wordpress\/ -->\n<title>Ploch\u00e1 t\u011bsnic\u00ed p\u00e1sky - KLINGER Kempchen<\/title>\n<meta name=\"description\" content=\"PTFE \u2713 \u010dist\u00fd grafit \u2713 jednostrann\u011b samolepic\u00ed \u2713 m\u011bkk\u00fd a pru\u017en\u00fd \u2713 p\u0159izp\u016fsob\u00ed se \u2713 snadno se montuje \u2713 \u00faspora n\u00e1klad\u016f \u2713 skladov\u00e9 polo\u017eky \u2713\" \/>\n<meta name=\"robots\" content=\"index, follow, max-snippet:-1, max-image-preview:large, max-video-preview:-1\" \/>\n<link rel=\"canonical\" href=\"https:\/\/www.klinger-kempchen.de\/produkte\/flachdichtungsband\/\" \/>\n<meta property=\"og:locale\" content=\"cs_CZ\" \/>\n<meta property=\"og:type\" content=\"article\" \/>\n<meta property=\"og:title\" content=\"Ploch\u00e1 t\u011bsnic\u00ed p\u00e1sky - KLINGER Kempchen\" \/>\n<meta property=\"og:description\" content=\"PTFE \u2713 \u010dist\u00fd grafit \u2713 jednostrann\u011b samolepic\u00ed \u2713 m\u011bkk\u00fd a pru\u017en\u00fd \u2713 p\u0159izp\u016fsob\u00ed se \u2713 snadno se montuje \u2713 \u00faspora n\u00e1klad\u016f \u2713 skladov\u00e9 polo\u017eky \u2713\" \/>\n<meta property=\"og:url\" content=\"https:\/\/www.klinger-kempchen.de\/produkte\/flachdichtungsband\/\" \/>\n<meta property=\"og:site_name\" content=\"KLINGER Kempchen\" \/>\n<meta property=\"article:modified_time\" content=\"2024-03-11T13:44:12+00:00\" \/>\n<meta property=\"og:image\" content=\"https:\/\/www.klinger-kempchen.de\/wp-content\/uploads\/2020\/08\/Flachdichtungsband-PTFE.jpg\" \/>\n\t<meta property=\"og:image:width\" content=\"1408\" \/>\n\t<meta property=\"og:image:height\" content=\"343\" \/>\n\t<meta property=\"og:image:type\" content=\"image\/jpeg\" \/>\n<meta name=\"twitter:label1\" content=\"Odhadovan\u00e1 doba \u010dten\u00ed\" \/>\n\t<meta name=\"twitter:data1\" content=\"3 minuty\" \/>\n<!-- \/ Yoast SEO plugin. -->","yoast_head_json":{"title":"Ploch\u00e1 t\u011bsnic\u00ed p\u00e1sky - KLINGER Kempchen","description":"PTFE \u2713 \u010dist\u00fd grafit \u2713 jednostrann\u011b samolepic\u00ed \u2713 m\u011bkk\u00fd a pru\u017en\u00fd \u2713 p\u0159izp\u016fsob\u00ed se \u2713 snadno se montuje \u2713 \u00faspora n\u00e1klad\u016f \u2713 skladov\u00e9 polo\u017eky \u2713","robots":{"index":"index","follow":"follow","max-snippet":"max-snippet:-1","max-image-preview":"max-image-preview:large","max-video-preview":"max-video-preview:-1"},"canonical":"https:\/\/www.klinger-kempchen.de\/produkte\/flachdichtungsband\/","og_locale":"cs_CZ","og_type":"article","og_title":"Ploch\u00e1 t\u011bsnic\u00ed p\u00e1sky - KLINGER Kempchen","og_description":"PTFE \u2713 \u010dist\u00fd grafit \u2713 jednostrann\u011b samolepic\u00ed \u2713 m\u011bkk\u00fd a pru\u017en\u00fd \u2713 p\u0159izp\u016fsob\u00ed se \u2713 snadno se montuje \u2713 \u00faspora n\u00e1klad\u016f \u2713 skladov\u00e9 polo\u017eky \u2713","og_url":"https:\/\/www.klinger-kempchen.de\/produkte\/flachdichtungsband\/","og_site_name":"KLINGER Kempchen","article_modified_time":"2024-03-11T13:44:12+00:00","og_image":[{"width":1408,"height":343,"url":"https:\/\/www.klinger-kempchen.de\/wp-content\/uploads\/2020\/08\/Flachdichtungsband-PTFE.jpg","type":"image\/jpeg"}],"twitter_misc":{"Odhadovan\u00e1 doba \u010dten\u00ed":"3 minuty"},"schema":{"@context":"https:\/\/schema.org","@graph":[{"@type":"WebPage","@id":"https:\/\/www.klinger-kempchen.de\/produkte\/flachdichtungsband\/","url":"https:\/\/www.klinger-kempchen.de\/produkte\/flachdichtungsband\/","name":"Ploch\u00e1 t\u011bsnic\u00ed p\u00e1sky - KLINGER Kempchen","isPartOf":{"@id":"https:\/\/www.klinger-kempchen.de\/#website"},"primaryImageOfPage":{"@id":"https:\/\/www.klinger-kempchen.de\/produkte\/flachdichtungsband\/#primaryimage"},"image":{"@id":"https:\/\/www.klinger-kempchen.de\/produkte\/flachdichtungsband\/#primaryimage"},"thumbnailUrl":"https:\/\/www.klinger-kempchen.de\/wp-content\/uploads\/2020\/08\/Flachdichtungsband-PTFE.jpg","datePublished":"2023-07-13T11:04:31+00:00","dateModified":"2024-03-11T13:44:12+00:00","description":"PTFE \u2713 \u010dist\u00fd grafit \u2713 jednostrann\u011b samolepic\u00ed \u2713 m\u011bkk\u00fd a pru\u017en\u00fd \u2713 p\u0159izp\u016fsob\u00ed se \u2713 snadno se montuje \u2713 \u00faspora n\u00e1klad\u016f \u2713 skladov\u00e9 polo\u017eky \u2713","breadcrumb":{"@id":"https:\/\/www.klinger-kempchen.de\/produkte\/flachdichtungsband\/#breadcrumb"},"inLanguage":"cs","potentialAction":[{"@type":"ReadAction","target":["https:\/\/www.klinger-kempchen.de\/produkte\/flachdichtungsband\/"]}]},{"@type":"ImageObject","inLanguage":"cs","@id":"https:\/\/www.klinger-kempchen.de\/produkte\/flachdichtungsband\/#primaryimage","url":"https:\/\/www.klinger-kempchen.de\/wp-content\/uploads\/2020\/08\/Flachdichtungsband-PTFE.jpg","contentUrl":"https:\/\/www.klinger-kempchen.de\/wp-content\/uploads\/2020\/08\/Flachdichtungsband-PTFE.jpg","width":1408,"height":343,"caption":"Flachdichtungsband in verschiedenen Einbausituationen"},{"@type":"BreadcrumbList","@id":"https:\/\/www.klinger-kempchen.de\/produkte\/flachdichtungsband\/#breadcrumb","itemListElement":[{"@type":"ListItem","position":1,"name":"Home","item":"https:\/\/www.klinger-kempchen.de\/"},{"@type":"ListItem","position":2,"name":"Produkty","item":"https:\/\/www.klinger-kempchen.de\/produkte\/"},{"@type":"ListItem","position":3,"name":"Ploch\u00e1 t\u011bsnic\u00ed p\u00e1sky"}]},{"@type":"WebSite","@id":"https:\/\/www.klinger-kempchen.de\/#website","url":"https:\/\/www.klinger-kempchen.de\/","name":"KLINGER Kempchen","description":"KLINGER Kempchen","publisher":{"@id":"https:\/\/www.klinger-kempchen.de\/#organization"},"potentialAction":[{"@type":"SearchAction","target":{"@type":"EntryPoint","urlTemplate":"https:\/\/www.klinger-kempchen.de\/?s={search_term_string}"},"query-input":{"@type":"PropertyValueSpecification","valueRequired":true,"valueName":"search_term_string"}}],"inLanguage":"cs"},{"@type":"Organization","@id":"https:\/\/www.klinger-kempchen.de\/#organization","name":"KLINGER-Kempchen","url":"https:\/\/www.klinger-kempchen.de\/","logo":{"@type":"ImageObject","inLanguage":"cs","@id":"https:\/\/www.klinger-kempchen.de\/#\/schema\/logo\/image\/","url":"https:\/\/www.klinger-kempchen.de\/wp-content\/uploads\/2020\/06\/cropped-Klinger-Kempchen-Logo.png","contentUrl":"https:\/\/www.klinger-kempchen.de\/wp-content\/uploads\/2020\/06\/cropped-Klinger-Kempchen-Logo.png","width":512,"height":512,"caption":"KLINGER-Kempchen"},"image":{"@id":"https:\/\/www.klinger-kempchen.de\/#\/schema\/logo\/image\/"}}]}},"coauthors":[],"author_meta":{"author_link":"https:\/\/www.klinger-kempchen.de\/cs\/author\/administrador\/","display_name":"administrador"},"relative_dates":{"created":"Posted 3 roky ago","modified":"Updated 2 roky ago"},"absolute_dates":{"created":"Posted on 13 \u010dervence 2023","modified":"Updated on 11 b\u0159ezna 2024"},"absolute_dates_time":{"created":"Posted on 13 \u010dervence 2023 13:04","modified":"Updated on 11 b\u0159ezna 2024 14:44"},"featured_img_caption":"Flachdichtungsband in verschiedenen Einbausituationen","featured_img":"https:\/\/www.klinger-kempchen.de\/wp-content\/uploads\/2020\/08\/Flachdichtungsband-PTFE-1400x341.jpg","series_order":"","_links":{"self":[{"href":"https:\/\/www.klinger-kempchen.de\/cs\/wp-json\/wp\/v2\/pages\/18706","targetHints":{"allow":["GET"]}}],"collection":[{"href":"https:\/\/www.klinger-kempchen.de\/cs\/wp-json\/wp\/v2\/pages"}],"about":[{"href":"https:\/\/www.klinger-kempchen.de\/cs\/wp-json\/wp\/v2\/types\/page"}],"author":[{"embeddable":true,"href":"https:\/\/www.klinger-kempchen.de\/cs\/wp-json\/wp\/v2\/users\/1"}],"replies":[{"embeddable":true,"href":"https:\/\/www.klinger-kempchen.de\/cs\/wp-json\/wp\/v2\/comments?post=18706"}],"version-history":[{"count":0,"href":"https:\/\/www.klinger-kempchen.de\/cs\/wp-json\/wp\/v2\/pages\/18706\/revisions"}],"up":[{"embeddable":true,"href":"https:\/\/www.klinger-kempchen.de\/cs\/wp-json\/wp\/v2\/pages\/18508"}],"wp:featuredmedia":[{"embeddable":true,"href":"https:\/\/www.klinger-kempchen.de\/cs\/wp-json\/wp\/v2\/media\/17795"}],"wp:attachment":[{"href":"https:\/\/www.klinger-kempchen.de\/cs\/wp-json\/wp\/v2\/media?parent=18706"}],"curies":[{"name":"wp","href":"https:\/\/api.w.org\/{rel}","templated":true}]}}