{"id":18710,"date":"2023-07-13T13:25:56","date_gmt":"2023-07-13T11:25:56","guid":{"rendered":"https:\/\/www.klinger-kempchen.de\/?page_id=18710"},"modified":"2024-03-11T15:07:56","modified_gmt":"2024-03-11T14:07:56","slug":"o-nas","status":"publish","type":"page","link":"https:\/\/www.klinger-kempchen.de\/cs\/spolecnost\/o-nas\/","title":{"rendered":"O n\u00e1s"},"content":{"rendered":"\n<h1 class=\"wp-block-heading h3\">KLINGER KEMPCHEN<\/h1>\n\n\n\n<div class=\"wp-block-columns is-layout-flex wp-container-core-columns-is-layout-9d6595d7 wp-block-columns-is-layout-flex\">\n<div class=\"wp-block-column is-layout-flow wp-block-column-is-layout-flow\">\n<h2 class=\"wp-block-heading h4\">\u0160pi\u010dka v technologii statick\u00e9ho t\u011bsn\u011bn\u00ed ji\u017e v\u00edce ne\u017e 130 let.<\/h2>\n\n\n\n<p><strong>KLINGER Kempchen je ZKU\u0160ENOST<\/strong><br>Znalosti \u00bb Konzistence \u00bb Svrchovanost<\/p>\n\n\n\n<p>Jsme konzistentn\u00ed spole\u010dnost, kter\u00e1 se vyzna\u010duje kontinuitou kvality a v\u00fdkonnosti. D\u00edky dob\u0159e podlo\u017een\u00fdm a rozvinut\u00fdm znalostem nab\u00edz\u00edme vysp\u011bl\u00e1 \u0159e\u0161en\u00ed pro ka\u017ed\u00fd specifick\u00fd po\u017eadavek z\u00e1kazn\u00edka v oblasti t\u011bsnic\u00ed techniky.<\/p>\n\n\n\n<p>Objektivn\u00ed, aktu\u00e1ln\u00ed odborn\u00e9 znalosti a kompetence k \u0159e\u0161en\u00ed probl\u00e9m\u016f orientovan\u00e9 na praxi z n\u00e1s \u010din\u00ed preferovan\u00e9ho partnera pro n\u00e1ro\u010dn\u00e9 z\u00e1kazn\u00edky. Zna\u010dka &#8222;Kempchen&#8220; znamen\u00e1 sebev\u011bdom\u00e9 my\u0161len\u00ed a jedn\u00e1n\u00ed.<\/p>\n\n\n\n<p><strong>KLINGER Kempchen je D\u016eV\u011aRYHODN\u00dd<\/strong><br>Bl\u00edzkost \u00bb Jasnost \u00bb Spolehlivost<\/p>\n\n\n\n<p>Na\u0161e zna\u010dka znamen\u00e1 bl\u00edzkost. Lidsk\u00e1 bl\u00edzkost a pochopen\u00ed pro individu\u00e1ln\u00ed pot\u0159eby ur\u010duj\u00ed tak\u00e9 dialog s na\u0161imi z\u00e1kazn\u00edky a partnery.<\/p>\n\n\n\n<p>Pro na\u0161e z\u00e1kazn\u00edky a spole\u010dn\u011b s nimi vyv\u00edj\u00edme ta nejlep\u0161\u00ed \u0159e\u0161en\u00ed pro jejich specifick\u00e9 po\u017eadavky. Jedn\u00e1me na z\u00e1klad\u011b jasn\u00e9ho a dlouhodob\u00e9ho p\u0159esv\u011bd\u010den\u00ed. D\u00edky tomu jsme trvale spolehliv\u00fdm partnerem i v dob\u00e1ch rychl\u00fdch zm\u011bn.<\/p>\n\n\n\n<p>Na\u0161e neomezen\u00e1 spolehlivost tvo\u0159\u00ed pevn\u00fd z\u00e1klad pro \u00fazk\u00e9 partnerstv\u00ed zalo\u017een\u00e9 na d\u016fv\u011b\u0159e. Toto partnerstv\u00ed je tak\u00e9 z\u00e1kladem na\u0161eho \u00fasp\u011bchu.<\/p>\n\n\n\n<p><strong>KLINGER Kempchen je LEADERSHIP<\/strong><br>Z\u00e1vazek \u00bb V\u00fdkonnost \u00bb Mezin\u00e1rodnost<\/p>\n\n\n\n<p>Jsme kompeten\u010dn\u00ed jedni\u010dkou na trhu statick\u00e9 t\u011bsnic\u00ed techniky. N\u00e1\u0161 n\u00e1skok v oblasti servisu a e-logistiky n\u00e1m umo\u017e\u0148uje \u00fasp\u011b\u0161n\u011b p\u016fsobit na mezin\u00e1rodn\u00ed \u00farovni.<br>Svou vedouc\u00ed pozici a p\u0159\u00edtomnost na mezin\u00e1rodn\u00edm trhu hodl\u00e1me v r\u00e1mci skupiny KLINGER odhodlan\u011b roz\u0161i\u0159ovat i v budoucnu.<\/p>\n<\/div>\n\n\n\n<div class=\"wp-block-column is-layout-flow wp-block-column-is-layout-flow\">\n<figure class=\"wp-block-embed is-type-video is-provider-youtube wp-block-embed-youtube wp-embed-aspect-16-9 wp-has-aspect-ratio\"><div class=\"wp-block-embed__wrapper\">\n<iframe loading=\"lazy\" title=\"KLINGER Kempchen Imagefilm\" width=\"625\" height=\"352\" src=\"https:\/\/www.youtube.com\/embed\/hs8c_7_xbO4?feature=oembed\" frameborder=\"0\" allow=\"accelerometer; autoplay; clipboard-write; encrypted-media; gyroscope; picture-in-picture; web-share\" referrerpolicy=\"strict-origin-when-cross-origin\" allowfullscreen><\/iframe>\n<\/div><\/figure>\n<\/div>\n<\/div>\n\n\n\n<p><strong><a href=\"https:\/\/www.klinger-kempchen.de\/qualitaet\/downloads\/\">Kompletn\u00ed katalog najdete v na\u0161\u00ed sekci ke sta\u017een\u00ed.<\/a><\/strong><\/p>\n","protected":false},"excerpt":{"rendered":"<p>KLINGER KEMPCHEN \u0160pi\u010dka v technologii statick\u00e9ho t\u011bsn\u011bn\u00ed ji\u017e v\u00edce ne\u017e 130 let. KLINGER Kempchen je ZKU\u0160ENOSTZnalosti \u00bb Konzistence \u00bb Svrchovanost Jsme konzistentn\u00ed spole\u010dnost, kter\u00e1 se vyzna\u010duje kontinuitou kvality a v\u00fdkonnosti. D\u00edky dob\u0159e podlo\u017een\u00fdm a rozvinut\u00fdm znalostem nab\u00edz\u00edme vysp\u011bl\u00e1 \u0159e\u0161en\u00ed pro ka\u017ed\u00fd specifick\u00fd po\u017eadavek z\u00e1kazn\u00edka v oblasti t\u011bsnic\u00ed techniky. Objektivn\u00ed, aktu\u00e1ln\u00ed odborn\u00e9 znalosti a kompetence k [&hellip;]<\/p>\n","protected":false},"author":1,"featured_media":17503,"parent":18646,"menu_order":1,"comment_status":"closed","ping_status":"closed","template":"page-templates\/somos.php","meta":{"advgb_blocks_editor_width":"","advgb_blocks_columns_visual_guide":"","iawp_total_views":26,"footnotes":""},"class_list":["post-18710","page","type-page","status-publish","has-post-thumbnail","hentry"],"yoast_head":"<!-- This site is optimized with the Yoast SEO plugin v27.3 - https:\/\/yoast.com\/product\/yoast-seo-wordpress\/ -->\n<title>O n\u00e1s - KLINGER Kempchen<\/title>\n<meta name=\"description\" content=\"KLINGER Kempchen: M\u00e1me jedine\u010dn\u00fd sortiment v\u00fdrobk\u016f a \u0159e\u0161en\u00ed.\" \/>\n<meta name=\"robots\" content=\"index, follow, max-snippet:-1, max-image-preview:large, max-video-preview:-1\" \/>\n<link rel=\"canonical\" href=\"https:\/\/www.klinger-kempchen.de\/unternehmen\/ueber-uns\/\" \/>\n<meta property=\"og:locale\" content=\"cs_CZ\" \/>\n<meta property=\"og:type\" content=\"article\" \/>\n<meta property=\"og:title\" content=\"O n\u00e1s - KLINGER Kempchen\" \/>\n<meta property=\"og:description\" content=\"KLINGER Kempchen: M\u00e1me jedine\u010dn\u00fd sortiment v\u00fdrobk\u016f a \u0159e\u0161en\u00ed.\" \/>\n<meta property=\"og:url\" content=\"https:\/\/www.klinger-kempchen.de\/unternehmen\/ueber-uns\/\" \/>\n<meta property=\"og:site_name\" content=\"KLINGER Kempchen\" \/>\n<meta property=\"article:modified_time\" content=\"2024-03-11T14:07:56+00:00\" \/>\n<meta property=\"og:image\" content=\"https:\/\/www.klinger-kempchen.de\/wp-content\/uploads\/2020\/06\/Unternehmen_Kempchen.jpg\" \/>\n\t<meta property=\"og:image:width\" content=\"1400\" \/>\n\t<meta property=\"og:image:height\" content=\"334\" \/>\n\t<meta property=\"og:image:type\" content=\"image\/jpeg\" \/>\n<meta name=\"twitter:label1\" content=\"Odhadovan\u00e1 doba \u010dten\u00ed\" \/>\n\t<meta name=\"twitter:data1\" content=\"2 minuty\" \/>\n<!-- \/ Yoast SEO plugin. -->","yoast_head_json":{"title":"O n\u00e1s - KLINGER Kempchen","description":"KLINGER Kempchen: M\u00e1me jedine\u010dn\u00fd sortiment v\u00fdrobk\u016f a \u0159e\u0161en\u00ed.","robots":{"index":"index","follow":"follow","max-snippet":"max-snippet:-1","max-image-preview":"max-image-preview:large","max-video-preview":"max-video-preview:-1"},"canonical":"https:\/\/www.klinger-kempchen.de\/unternehmen\/ueber-uns\/","og_locale":"cs_CZ","og_type":"article","og_title":"O n\u00e1s - KLINGER Kempchen","og_description":"KLINGER Kempchen: M\u00e1me jedine\u010dn\u00fd sortiment v\u00fdrobk\u016f a \u0159e\u0161en\u00ed.","og_url":"https:\/\/www.klinger-kempchen.de\/unternehmen\/ueber-uns\/","og_site_name":"KLINGER Kempchen","article_modified_time":"2024-03-11T14:07:56+00:00","og_image":[{"width":1400,"height":334,"url":"https:\/\/www.klinger-kempchen.de\/wp-content\/uploads\/2020\/06\/Unternehmen_Kempchen.jpg","type":"image\/jpeg"}],"twitter_misc":{"Odhadovan\u00e1 doba \u010dten\u00ed":"2 minuty"},"schema":{"@context":"https:\/\/schema.org","@graph":[{"@type":"WebPage","@id":"https:\/\/www.klinger-kempchen.de\/unternehmen\/ueber-uns\/","url":"https:\/\/www.klinger-kempchen.de\/unternehmen\/ueber-uns\/","name":"O n\u00e1s - KLINGER Kempchen","isPartOf":{"@id":"https:\/\/www.klinger-kempchen.de\/#website"},"primaryImageOfPage":{"@id":"https:\/\/www.klinger-kempchen.de\/unternehmen\/ueber-uns\/#primaryimage"},"image":{"@id":"https:\/\/www.klinger-kempchen.de\/unternehmen\/ueber-uns\/#primaryimage"},"thumbnailUrl":"https:\/\/www.klinger-kempchen.de\/wp-content\/uploads\/2020\/06\/Unternehmen_Kempchen.jpg","datePublished":"2023-07-13T11:25:56+00:00","dateModified":"2024-03-11T14:07:56+00:00","description":"KLINGER Kempchen: M\u00e1me jedine\u010dn\u00fd sortiment v\u00fdrobk\u016f a \u0159e\u0161en\u00ed.","breadcrumb":{"@id":"https:\/\/www.klinger-kempchen.de\/unternehmen\/ueber-uns\/#breadcrumb"},"inLanguage":"cs","potentialAction":[{"@type":"ReadAction","target":["https:\/\/www.klinger-kempchen.de\/unternehmen\/ueber-uns\/"]}]},{"@type":"ImageObject","inLanguage":"cs","@id":"https:\/\/www.klinger-kempchen.de\/unternehmen\/ueber-uns\/#primaryimage","url":"https:\/\/www.klinger-kempchen.de\/wp-content\/uploads\/2020\/06\/Unternehmen_Kempchen.jpg","contentUrl":"https:\/\/www.klinger-kempchen.de\/wp-content\/uploads\/2020\/06\/Unternehmen_Kempchen.jpg","width":1400,"height":334,"caption":"Experience through consistency"},{"@type":"BreadcrumbList","@id":"https:\/\/www.klinger-kempchen.de\/unternehmen\/ueber-uns\/#breadcrumb","itemListElement":[{"@type":"ListItem","position":1,"name":"Home","item":"https:\/\/www.klinger-kempchen.de\/"},{"@type":"ListItem","position":2,"name":"Spole\u010dnost","item":"https:\/\/www.klinger-kempchen.de\/unternehmen\/"},{"@type":"ListItem","position":3,"name":"O n\u00e1s"}]},{"@type":"WebSite","@id":"https:\/\/www.klinger-kempchen.de\/#website","url":"https:\/\/www.klinger-kempchen.de\/","name":"KLINGER Kempchen","description":"KLINGER Kempchen","publisher":{"@id":"https:\/\/www.klinger-kempchen.de\/#organization"},"potentialAction":[{"@type":"SearchAction","target":{"@type":"EntryPoint","urlTemplate":"https:\/\/www.klinger-kempchen.de\/?s={search_term_string}"},"query-input":{"@type":"PropertyValueSpecification","valueRequired":true,"valueName":"search_term_string"}}],"inLanguage":"cs"},{"@type":"Organization","@id":"https:\/\/www.klinger-kempchen.de\/#organization","name":"KLINGER-Kempchen","url":"https:\/\/www.klinger-kempchen.de\/","logo":{"@type":"ImageObject","inLanguage":"cs","@id":"https:\/\/www.klinger-kempchen.de\/#\/schema\/logo\/image\/","url":"https:\/\/www.klinger-kempchen.de\/wp-content\/uploads\/2020\/06\/cropped-Klinger-Kempchen-Logo.png","contentUrl":"https:\/\/www.klinger-kempchen.de\/wp-content\/uploads\/2020\/06\/cropped-Klinger-Kempchen-Logo.png","width":512,"height":512,"caption":"KLINGER-Kempchen"},"image":{"@id":"https:\/\/www.klinger-kempchen.de\/#\/schema\/logo\/image\/"}}]}},"coauthors":[],"author_meta":{"author_link":"https:\/\/www.klinger-kempchen.de\/cs\/author\/administrador\/","display_name":"administrador"},"relative_dates":{"created":"Posted 3 roky ago","modified":"Updated 2 roky ago"},"absolute_dates":{"created":"Posted on 13 \u010dervence 2023","modified":"Updated on 11 b\u0159ezna 2024"},"absolute_dates_time":{"created":"Posted on 13 \u010dervence 2023 13:25","modified":"Updated on 11 b\u0159ezna 2024 15:07"},"featured_img_caption":"Experience through consistency","featured_img":"https:\/\/www.klinger-kempchen.de\/wp-content\/uploads\/2020\/06\/Unternehmen_Kempchen.jpg","series_order":"","_links":{"self":[{"href":"https:\/\/www.klinger-kempchen.de\/cs\/wp-json\/wp\/v2\/pages\/18710","targetHints":{"allow":["GET"]}}],"collection":[{"href":"https:\/\/www.klinger-kempchen.de\/cs\/wp-json\/wp\/v2\/pages"}],"about":[{"href":"https:\/\/www.klinger-kempchen.de\/cs\/wp-json\/wp\/v2\/types\/page"}],"author":[{"embeddable":true,"href":"https:\/\/www.klinger-kempchen.de\/cs\/wp-json\/wp\/v2\/users\/1"}],"replies":[{"embeddable":true,"href":"https:\/\/www.klinger-kempchen.de\/cs\/wp-json\/wp\/v2\/comments?post=18710"}],"version-history":[{"count":0,"href":"https:\/\/www.klinger-kempchen.de\/cs\/wp-json\/wp\/v2\/pages\/18710\/revisions"}],"up":[{"embeddable":true,"href":"https:\/\/www.klinger-kempchen.de\/cs\/wp-json\/wp\/v2\/pages\/18646"}],"wp:featuredmedia":[{"embeddable":true,"href":"https:\/\/www.klinger-kempchen.de\/cs\/wp-json\/wp\/v2\/media\/17503"}],"wp:attachment":[{"href":"https:\/\/www.klinger-kempchen.de\/cs\/wp-json\/wp\/v2\/media?parent=18710"}],"curies":[{"name":"wp","href":"https:\/\/api.w.org\/{rel}","templated":true}]}}