{"id":18726,"date":"2023-07-14T17:50:04","date_gmt":"2023-07-14T15:50:04","guid":{"rendered":"https:\/\/www.klinger-kempchen.de\/?page_id=18726"},"modified":"2024-03-11T16:16:55","modified_gmt":"2024-03-11T15:16:55","slug":"vypnuti-sluzby","status":"publish","type":"page","link":"https:\/\/www.klinger-kempchen.de\/cs\/sluzby\/vypnuti-sluzby\/","title":{"rendered":"Vypnut\u00ed slu\u017eby"},"content":{"rendered":"\n<h1 class=\"wp-block-heading h2\">VYPNUT\u00cd SLU\u017dBY<\/h1>\n\n\n\n<p>Zkra\u0165te prostoje na naprost\u00e9 minimum.<\/p>\n\n\n\n<p>Za\u0159\u00edzen\u00ed, kter\u00e9 je mimo provoz, nep\u0159in\u00e1\u0161\u00ed \u017e\u00e1dn\u00fd zisk. Proto jsou slu\u017eby odst\u00e1vek spole\u010dnosti KLINGER Kempchen navr\u017eeny tak, aby zkr\u00e1tily prostoje na absolutn\u00ed minimum. Za t\u00edmto \u00fa\u010delem je z\u00e1kazn\u00edk\u016fm poskytov\u00e1na servisn\u00ed a v\u00fdrobn\u00ed z\u00e1kladna p\u0159\u00edmo na m\u00edst\u011b. Nab\u00edz\u00edme tedy mobiln\u00ed slu\u017eby, podp\u016frnou stanici pro v\u00fdrobu, na m\u00edru upraven\u00fd konsigna\u010dn\u00ed sklad se v\u0161emi t\u011bsn\u011bn\u00edmi pro standardn\u00ed trubky a tak\u00e9 pln\u011b vybaven\u00fd strojov\u00fd park.<\/p>\n\n\n\n<p>Tento p\u0159\u00edstup, kter\u00fd poskytuje v\u0161echny pot\u0159ebn\u00e9 komponenty pro \u00fasp\u011b\u0161nou odst\u00e1vku p\u0159\u00edmo v are\u00e1lu z\u00e1vodu, nab\u00edz\u00ed \u0159adu v\u00fdhod. Nejd\u016fle\u017eit\u011bj\u0161\u00ed je, \u017ee z\u00e1kazn\u00edci maj\u00ed prosp\u011bch z neust\u00e1l\u00e9ho kontaktu p\u0159\u00edmo na m\u00edst\u011b a jsou tak p\u0159ipraveni na v\u0161echny eventuality. P\u0159izp\u016fsoben\u00fd skladov\u00fd sortiment, dopln\u011bn\u00fd o t\u011bsnic\u00ed materi\u00e1ly z m\u011bkk\u00fdch materi\u00e1l\u016f, h\u0159ebenov\u00e1 a vlnit\u00e1 t\u011bsn\u011bn\u00ed a t\u011bsnic\u00ed krou\u017eky, zaji\u0161\u0165uje, \u017ee po\u017eadovan\u00e9 z\u00e1soby t\u011bsn\u011bn\u00ed jsou v\u017edy k dispozici tam, kde jsou pot\u0159eba. Renovace kovov\u00fdch a m\u011bkk\u00fdch t\u011bsn\u011bn\u00ed, roz\u0161i\u0159ov\u00e1n\u00ed \u0161roub\u016f a svorn\u00edk\u016f, zaslepovac\u00ed t\u011bsn\u011bn\u00ed a \u010di\u0161t\u011bn\u00ed \u0161roub\u016f a svorn\u00edk\u016f jsou jen n\u011bkter\u00e9 z p\u0159\u00edslu\u0161n\u00fdch slu\u017eeb.<\/p>\n\n\n\n<h2 class=\"wp-block-heading\">P\u0159ehled va\u0161ich v\u00fdhod<\/h2>\n\n\n\n<ul class=\"wp-block-list\">\n<li>St\u00e1l\u00e1 kontaktn\u00ed osoba na m\u00edst\u011b<\/li>\n\n\n\n<li>P\u0159izp\u016fsoben\u00fd skladov\u00fd sortiment<\/li>\n\n\n\n<li>V\u00fdroba m\u011bkk\u00fdch t\u011bsn\u011bn\u00ed pomoc\u00ed plotrov\u00e9 technologie<\/li>\n\n\n\n<li>V\u00fdroba h\u0159ebenov\u011b profilovan\u00fdch t\u011bsn\u011bn\u00ed<\/li>\n\n\n\n<li>V\u00fdroba vlnit\u00fdch kruhov\u00fdch t\u011bsn\u011bn\u00ed<\/li>\n\n\n\n<li>V\u00fdroba t\u011bsn\u011bn\u00ed pro plnic\u00ed sk\u0159\u00edn\u011b<\/li>\n\n\n\n<li>Obnova kovov\u00fdch t\u011bsn\u011bn\u00ed a t\u011bsn\u011bn\u00ed z m\u011bkk\u00fdch materi\u00e1l\u016f<\/li>\n\n\n\n<li>Roz\u0161\u00ed\u0159en\u00ed na \u0161rouby a \u0161roubov\u00e9 spoje, z\u00e1suvn\u00e9 podlo\u017eky<\/li>\n\n\n\n<li>\u010ci\u0161t\u011bn\u00ed \u0161roub\u016f<\/li>\n<\/ul>\n\n\n\n<div style=\"height:30px\" aria-hidden=\"true\" class=\"wp-block-spacer advgb-dyn-afe3be10\"><\/div>\n\n\n\n<h2 class=\"wp-block-heading\">Na\u0161e mobiln\u00ed stroje<\/h2>\n\n\n\n<p>V r\u00e1mci na\u0161\u00ed slu\u017eby Shut Down Service poskytujeme mobiln\u00ed strojov\u00fd park, abychom mohli co nejrychleji poskytnout pomoc na m\u00edst\u011b. V\u00e1\u0161 syst\u00e9m by m\u011bl b\u00fdt p\u0159ece co nejd\u0159\u00edve op\u011bt p\u0159ipraven k pou\u017eit\u00ed.<\/p>\n\n\n\n<p><\/p>\n\n\n<div class=\"kb-gallery-wrap-id-18726_71ce1d-01 alignnone wp-block-kadence-advancedgallery\"><div class=\"kb-gallery-ul kb-gallery-non-static kb-gallery-type-carousel kb-gallery-id-18726_71ce1d-01 kb-gallery-caption-style-bottom kb-gallery-filter-none\" data-image-filter=\"none\" data-lightbox-caption=\"true\"><div class=\"kt-blocks-carousel splide kt-carousel-container-dotstyle-dark kt-carousel-arrowstyle-whiteondark kt-carousel-dotstyle-dark kb-slider-group-arrow kb-slider-arrow-position-center\" data-columns-xxl=\"3\" data-columns-xl=\"3\" data-columns-md=\"3\" data-columns-sm=\"2\" data-columns-xs=\"1\" data-columns-ss=\"1\" data-slider-anim-speed=\"400\" data-slider-scroll=\"1\" data-slider-arrows=\"true\" data-slider-dots=\"true\" data-slider-hover-pause=\"false\" data-slider-auto=\"\" data-slider-speed=\"7000\" data-slider-gap=\"10px\" data-slider-gap-tablet=\"10px\" data-slider-gap-mobile=\"10px\" data-show-pause-button=\"false\" data-slider-label=\"Photo Gallery Carousel\"><div class=\"splide__track\"><ul class=\"kt-blocks-carousel-init kb-gallery-carousel splide__list\"><li class=\"kb-slide-item kb-gallery-carousel-item splide__slide\"><div class=\"kadence-blocks-gallery-item\"><div class=\"kadence-blocks-gallery-item-inner\"><figure class=\"kb-gallery-figure\"><div class=\"kb-gal-image-radius\"><div class=\"kb-gallery-image-contain kadence-blocks-gallery-intrinsic kb-gallery-image-ratio-square kb-has-image-ratio-square\" ><img loading=\"lazy\" decoding=\"async\" width=\"552\" height=\"576\" src=\"https:\/\/www.klinger-kempchen.de\/wp-content\/uploads\/2020\/07\/Schraubenreinigungsmaschine.jpg\"   alt=\"Schraubenreinigung im Shut Down\" data-full-image=\"https:\/\/www.klinger-kempchen.de\/wp-content\/uploads\/2020\/07\/Schraubenreinigungsmaschine.jpg\" data-light-image=\"https:\/\/www.klinger-kempchen.de\/wp-content\/uploads\/2020\/07\/Schraubenreinigungsmaschine.jpg\" data-id=\"8129\" class=\"wp-image-8129 skip-lazy\"\/><\/div><\/div><\/figure><\/div><\/div><\/li><li class=\"kb-slide-item kb-gallery-carousel-item splide__slide\"><div class=\"kadence-blocks-gallery-item\"><div class=\"kadence-blocks-gallery-item-inner\"><figure class=\"kb-gallery-figure\"><div class=\"kb-gal-image-radius\"><div class=\"kb-gallery-image-contain kadence-blocks-gallery-intrinsic kb-gallery-image-ratio-square kb-has-image-ratio-square\" ><img loading=\"lazy\" decoding=\"async\" width=\"700\" height=\"466\" src=\"https:\/\/www.klinger-kempchen.de\/wp-content\/uploads\/2020\/07\/Wellringfertigung_1.jpg\"   alt=\"Wellringfertigung\" data-full-image=\"https:\/\/www.klinger-kempchen.de\/wp-content\/uploads\/2020\/07\/Wellringfertigung_1.jpg\" data-light-image=\"https:\/\/www.klinger-kempchen.de\/wp-content\/uploads\/2020\/07\/Wellringfertigung_1.jpg\" data-id=\"8142\" class=\"wp-image-8142 skip-lazy\"\/><\/div><\/div><\/figure><\/div><\/div><\/li><li class=\"kb-slide-item kb-gallery-carousel-item splide__slide\"><div class=\"kadence-blocks-gallery-item\"><div class=\"kadence-blocks-gallery-item-inner\"><figure class=\"kb-gallery-figure\"><div class=\"kb-gal-image-radius\"><div class=\"kb-gallery-image-contain kadence-blocks-gallery-intrinsic kb-gallery-image-ratio-square kb-has-image-ratio-square\" ><img loading=\"lazy\" decoding=\"async\" width=\"316\" height=\"326\" src=\"https:\/\/www.klinger-kempchen.de\/wp-content\/uploads\/2020\/07\/Flash-Cutter-mobil.jpg\"   alt=\"Plotter\" data-full-image=\"https:\/\/www.klinger-kempchen.de\/wp-content\/uploads\/2020\/07\/Flash-Cutter-mobil.jpg\" data-light-image=\"https:\/\/www.klinger-kempchen.de\/wp-content\/uploads\/2020\/07\/Flash-Cutter-mobil.jpg\" data-id=\"8131\" class=\"wp-image-8131 skip-lazy\"\/><\/div><\/div><\/figure><\/div><\/div><\/li><\/ul><\/div><\/div><\/div><\/div>\n\n\n<p><\/p>\n<style class=\"advgb-styles-renderer\">.wp-block-kadence-advancedgallery.kb-gallery-wrap-id-18726_71ce1d-01{overflow:hidden;}.kb-gallery-id-18726_71ce1d-01 .kadence-blocks-gallery-item .kb-gal-image-radius, .kb-gallery-id-18726_71ce1d-01 .kb-slide-item .kb-gal-image-radius img{border-radius:0px 0px 0px 0px;;}.kb-gallery-caption-style-bottom.kb-gallery-id-18726_71ce1d-01 .kadence-blocks-gallery-item .kadence-blocks-gallery-item-inner .kadence-blocks-gallery-item__caption, .kb-gallery-caption-style-bottom-hover.kb-gallery-id-18726_71ce1d-01 .kadence-blocks-gallery-item .kadence-blocks-gallery-item-inner .kadence-blocks-gallery-item__caption{background:linear-gradient(0deg, rgba(0, 0, 0, 0.8) 0, rgba(0, 0, 0, 0) 100%);}.kb-gallery-wrap-id-18726_71ce1d-01.wp-block-kadence-advancedgallery{overflow:visible;}.kb-gallery-wrap-id-18726_71ce1d-01.wp-block-kadence-advancedgallery .kt-blocks-carousel{overflow:visible;}<\/style>","protected":false},"excerpt":{"rendered":"<p>VYPNUT\u00cd SLU\u017dBY Zkra\u0165te prostoje na naprost\u00e9 minimum. Za\u0159\u00edzen\u00ed, kter\u00e9 je mimo provoz, nep\u0159in\u00e1\u0161\u00ed \u017e\u00e1dn\u00fd zisk. Proto jsou slu\u017eby odst\u00e1vek spole\u010dnosti KLINGER Kempchen navr\u017eeny tak, aby zkr\u00e1tily prostoje na absolutn\u00ed minimum. Za t\u00edmto \u00fa\u010delem je z\u00e1kazn\u00edk\u016fm poskytov\u00e1na servisn\u00ed a v\u00fdrobn\u00ed z\u00e1kladna p\u0159\u00edmo na m\u00edst\u011b. Nab\u00edz\u00edme tedy mobiln\u00ed slu\u017eby, podp\u016frnou stanici pro v\u00fdrobu, na m\u00edru upraven\u00fd konsigna\u010dn\u00ed [&hellip;]<\/p>\n","protected":false},"author":1,"featured_media":17492,"parent":18651,"menu_order":7,"comment_status":"closed","ping_status":"closed","template":"page-templates\/somos.php","meta":{"advgb_blocks_editor_width":"","advgb_blocks_columns_visual_guide":"","iawp_total_views":3,"footnotes":""},"class_list":["post-18726","page","type-page","status-publish","has-post-thumbnail","hentry"],"yoast_head":"<!-- This site is optimized with the Yoast SEO plugin v27.3 - https:\/\/yoast.com\/product\/yoast-seo-wordpress\/ -->\n<title>Vypnut\u00ed slu\u017eby - KLINGER Kempchen<\/title>\n<meta name=\"description\" content=\"KLINGER Kempchen Shut Down Service: st\u00e1l\u00e1 kontaktn\u00ed osoba na m\u00edst\u011b \u2713 skladov\u00fd sortiment podle p\u0159\u00e1n\u00ed z\u00e1kazn\u00edka \u2713 mobiln\u00ed strojov\u00fd park \u2713\" \/>\n<meta name=\"robots\" content=\"index, follow, max-snippet:-1, max-image-preview:large, max-video-preview:-1\" \/>\n<link rel=\"canonical\" href=\"https:\/\/www.klinger-kempchen.de\/service\/shut-down-service\/\" \/>\n<meta property=\"og:locale\" content=\"cs_CZ\" \/>\n<meta property=\"og:type\" content=\"article\" \/>\n<meta property=\"og:title\" content=\"Vypnut\u00ed slu\u017eby - KLINGER Kempchen\" \/>\n<meta property=\"og:description\" content=\"KLINGER Kempchen Shut Down Service: st\u00e1l\u00e1 kontaktn\u00ed osoba na m\u00edst\u011b \u2713 skladov\u00fd sortiment podle p\u0159\u00e1n\u00ed z\u00e1kazn\u00edka \u2713 mobiln\u00ed strojov\u00fd park \u2713\" \/>\n<meta property=\"og:url\" content=\"https:\/\/www.klinger-kempchen.de\/service\/shut-down-service\/\" \/>\n<meta property=\"og:site_name\" content=\"KLINGER Kempchen\" \/>\n<meta property=\"article:modified_time\" content=\"2024-03-11T15:16:55+00:00\" \/>\n<meta property=\"og:image\" content=\"https:\/\/www.klinger-kempchen.de\/wp-content\/uploads\/2020\/06\/klinger-header-oel-gas.jpg\" \/>\n\t<meta property=\"og:image:width\" content=\"1070\" \/>\n\t<meta property=\"og:image:height\" content=\"330\" \/>\n\t<meta property=\"og:image:type\" content=\"image\/jpeg\" \/>\n<meta name=\"twitter:label1\" content=\"Odhadovan\u00e1 doba \u010dten\u00ed\" \/>\n\t<meta name=\"twitter:data1\" content=\"2 minuty\" \/>\n<!-- \/ Yoast SEO plugin. -->","yoast_head_json":{"title":"Vypnut\u00ed slu\u017eby - KLINGER Kempchen","description":"KLINGER Kempchen Shut Down Service: st\u00e1l\u00e1 kontaktn\u00ed osoba na m\u00edst\u011b \u2713 skladov\u00fd sortiment podle p\u0159\u00e1n\u00ed z\u00e1kazn\u00edka \u2713 mobiln\u00ed strojov\u00fd park \u2713","robots":{"index":"index","follow":"follow","max-snippet":"max-snippet:-1","max-image-preview":"max-image-preview:large","max-video-preview":"max-video-preview:-1"},"canonical":"https:\/\/www.klinger-kempchen.de\/service\/shut-down-service\/","og_locale":"cs_CZ","og_type":"article","og_title":"Vypnut\u00ed slu\u017eby - KLINGER Kempchen","og_description":"KLINGER Kempchen Shut Down Service: st\u00e1l\u00e1 kontaktn\u00ed osoba na m\u00edst\u011b \u2713 skladov\u00fd sortiment podle p\u0159\u00e1n\u00ed z\u00e1kazn\u00edka \u2713 mobiln\u00ed strojov\u00fd park \u2713","og_url":"https:\/\/www.klinger-kempchen.de\/service\/shut-down-service\/","og_site_name":"KLINGER Kempchen","article_modified_time":"2024-03-11T15:16:55+00:00","og_image":[{"width":1070,"height":330,"url":"https:\/\/www.klinger-kempchen.de\/wp-content\/uploads\/2020\/06\/klinger-header-oel-gas.jpg","type":"image\/jpeg"}],"twitter_misc":{"Odhadovan\u00e1 doba \u010dten\u00ed":"2 minuty"},"schema":{"@context":"https:\/\/schema.org","@graph":[{"@type":"WebPage","@id":"https:\/\/www.klinger-kempchen.de\/service\/shut-down-service\/","url":"https:\/\/www.klinger-kempchen.de\/service\/shut-down-service\/","name":"Vypnut\u00ed slu\u017eby - KLINGER Kempchen","isPartOf":{"@id":"https:\/\/www.klinger-kempchen.de\/#website"},"primaryImageOfPage":{"@id":"https:\/\/www.klinger-kempchen.de\/service\/shut-down-service\/#primaryimage"},"image":{"@id":"https:\/\/www.klinger-kempchen.de\/service\/shut-down-service\/#primaryimage"},"thumbnailUrl":"https:\/\/www.klinger-kempchen.de\/wp-content\/uploads\/2020\/06\/klinger-header-oel-gas.jpg","datePublished":"2023-07-14T15:50:04+00:00","dateModified":"2024-03-11T15:16:55+00:00","description":"KLINGER Kempchen Shut Down Service: st\u00e1l\u00e1 kontaktn\u00ed osoba na m\u00edst\u011b \u2713 skladov\u00fd sortiment podle p\u0159\u00e1n\u00ed z\u00e1kazn\u00edka \u2713 mobiln\u00ed strojov\u00fd park \u2713","breadcrumb":{"@id":"https:\/\/www.klinger-kempchen.de\/service\/shut-down-service\/#breadcrumb"},"inLanguage":"cs","potentialAction":[{"@type":"ReadAction","target":["https:\/\/www.klinger-kempchen.de\/service\/shut-down-service\/"]}]},{"@type":"ImageObject","inLanguage":"cs","@id":"https:\/\/www.klinger-kempchen.de\/service\/shut-down-service\/#primaryimage","url":"https:\/\/www.klinger-kempchen.de\/wp-content\/uploads\/2020\/06\/klinger-header-oel-gas.jpg","contentUrl":"https:\/\/www.klinger-kempchen.de\/wp-content\/uploads\/2020\/06\/klinger-header-oel-gas.jpg","width":1070,"height":330},{"@type":"BreadcrumbList","@id":"https:\/\/www.klinger-kempchen.de\/service\/shut-down-service\/#breadcrumb","itemListElement":[{"@type":"ListItem","position":1,"name":"Home","item":"https:\/\/www.klinger-kempchen.de\/"},{"@type":"ListItem","position":2,"name":"Slu\u017eby","item":"https:\/\/www.klinger-kempchen.de\/cs\/sluzby\/"},{"@type":"ListItem","position":3,"name":"Vypnut\u00ed slu\u017eby"}]},{"@type":"WebSite","@id":"https:\/\/www.klinger-kempchen.de\/#website","url":"https:\/\/www.klinger-kempchen.de\/","name":"KLINGER Kempchen","description":"KLINGER Kempchen","publisher":{"@id":"https:\/\/www.klinger-kempchen.de\/#organization"},"potentialAction":[{"@type":"SearchAction","target":{"@type":"EntryPoint","urlTemplate":"https:\/\/www.klinger-kempchen.de\/?s={search_term_string}"},"query-input":{"@type":"PropertyValueSpecification","valueRequired":true,"valueName":"search_term_string"}}],"inLanguage":"cs"},{"@type":"Organization","@id":"https:\/\/www.klinger-kempchen.de\/#organization","name":"KLINGER-Kempchen","url":"https:\/\/www.klinger-kempchen.de\/","logo":{"@type":"ImageObject","inLanguage":"cs","@id":"https:\/\/www.klinger-kempchen.de\/#\/schema\/logo\/image\/","url":"https:\/\/www.klinger-kempchen.de\/wp-content\/uploads\/2020\/06\/cropped-Klinger-Kempchen-Logo.png","contentUrl":"https:\/\/www.klinger-kempchen.de\/wp-content\/uploads\/2020\/06\/cropped-Klinger-Kempchen-Logo.png","width":512,"height":512,"caption":"KLINGER-Kempchen"},"image":{"@id":"https:\/\/www.klinger-kempchen.de\/#\/schema\/logo\/image\/"}}]}},"coauthors":[],"author_meta":{"author_link":"https:\/\/www.klinger-kempchen.de\/cs\/author\/administrador\/","display_name":"administrador"},"relative_dates":{"created":"Posted 3 roky ago","modified":"Updated 2 roky ago"},"absolute_dates":{"created":"Posted on 14 \u010dervence 2023","modified":"Updated on 11 b\u0159ezna 2024"},"absolute_dates_time":{"created":"Posted on 14 \u010dervence 2023 17:50","modified":"Updated on 11 b\u0159ezna 2024 16:16"},"featured_img_caption":"","featured_img":"https:\/\/www.klinger-kempchen.de\/wp-content\/uploads\/2020\/06\/klinger-header-oel-gas.jpg","series_order":"","_links":{"self":[{"href":"https:\/\/www.klinger-kempchen.de\/cs\/wp-json\/wp\/v2\/pages\/18726","targetHints":{"allow":["GET"]}}],"collection":[{"href":"https:\/\/www.klinger-kempchen.de\/cs\/wp-json\/wp\/v2\/pages"}],"about":[{"href":"https:\/\/www.klinger-kempchen.de\/cs\/wp-json\/wp\/v2\/types\/page"}],"author":[{"embeddable":true,"href":"https:\/\/www.klinger-kempchen.de\/cs\/wp-json\/wp\/v2\/users\/1"}],"replies":[{"embeddable":true,"href":"https:\/\/www.klinger-kempchen.de\/cs\/wp-json\/wp\/v2\/comments?post=18726"}],"version-history":[{"count":0,"href":"https:\/\/www.klinger-kempchen.de\/cs\/wp-json\/wp\/v2\/pages\/18726\/revisions"}],"up":[{"embeddable":true,"href":"https:\/\/www.klinger-kempchen.de\/cs\/wp-json\/wp\/v2\/pages\/18651"}],"wp:featuredmedia":[{"embeddable":true,"href":"https:\/\/www.klinger-kempchen.de\/cs\/wp-json\/wp\/v2\/media\/17492"}],"wp:attachment":[{"href":"https:\/\/www.klinger-kempchen.de\/cs\/wp-json\/wp\/v2\/media?parent=18726"}],"curies":[{"name":"wp","href":"https:\/\/api.w.org\/{rel}","templated":true}]}}