{"id":18735,"date":"2023-07-15T11:48:59","date_gmt":"2023-07-15T09:48:59","guid":{"rendered":"https:\/\/www.klinger-kempchen.de\/?page_id=18735"},"modified":"2024-03-11T14:47:24","modified_gmt":"2024-03-11T13:47:24","slug":"tesneni-s-povlakem-ptfe","status":"publish","type":"page","link":"https:\/\/www.klinger-kempchen.de\/cs\/produkty\/tesneni-s-povlakem-ptfe\/","title":{"rendered":"T\u011bsn\u011bn\u00ed s povlakem PTFE"},"content":{"rendered":"\n<div class=\"wp-block-columns is-layout-flex wp-container-core-columns-is-layout-9d6595d7 wp-block-columns-is-layout-flex\">\n<div class=\"wp-block-column is-layout-flow wp-block-column-is-layout-flow\" style=\"flex-basis:66.66%\">\n<h1 class=\"wp-block-heading h3\">T\u011aSN\u011aN\u00cd S PL\u00c1\u0160T\u011aM Z PTFE<\/h1>\n\n\n\n<p>pro p\u0159\u00edrubov\u00e9 spoje s vysokou m\u00edrou chemick\u00e9ho napaden\u00ed<\/p>\n\n\n\n<p>Pro p\u0159\u00edrubov\u00e9 spoje s vysokou m\u00edrou chemick\u00e9ho napaden\u00ed se pou\u017e\u00edvaj\u00ed t\u011bsn\u011bn\u00ed s teflonovou vrstvou. Vzhledem k tendenci nenapln\u011bn\u00e9ho PTFE k toku za studena se pou\u017e\u00edvaj\u00ed p\u0159edev\u0161\u00edm slo\u017een\u00ed PTFE a t\u011bsn\u011bn\u00ed s PTFE obalem. Ta proto maj\u00ed zv\u00fd\u0161enou tlakovou odolnost.<\/p>\n\n\n\n<p>D\u00edky vysok\u00e9 chemick\u00e9 odolnosti a vynikaj\u00edc\u00edm t\u011bsnic\u00edm vlastnostem se t\u011bsn\u011bn\u00ed s PTFE obalem osv\u011bd\u010dila p\u0159i r\u016fzn\u00fdch tlac\u00edch a teplot\u00e1ch od -195 \u00b0C do +250 \u00b0C. Lze je pou\u017e\u00edt pro sklen\u011bn\u00e9 trubky, t\u011bsn\u011bn\u00ed s kovov\u00fdm obalem a pro t\u011bsn\u011bn\u00ed z PTFE. Sklen\u011bn\u00e9 trubice, sklen\u011bn\u00e9 trubice s kovov\u00fdm povlakem a sklen\u011bn\u00e9 p\u0159\u00edstroje z laboratorn\u00edch nebo pilotn\u00edch provoz\u016f lze bez probl\u00e9m\u016f spojovat. Pou\u017e\u00edvaj\u00ed se tak\u00e9 pro smaltovan\u00e9, pota\u017een\u00e9 nebo oblo\u017een\u00e9 trubice a aparatury ve velk\u00fdch z\u00e1vodech.<\/p>\n\n\n\n<p>Zejm\u00e9na v chemick\u00e9m pr\u016fmyslu se pou\u017e\u00edvaj\u00ed t\u011bsn\u011bn\u00ed s PTFE oblo\u017een\u00edm d\u00edky vysok\u00e9 odolnosti v\u016f\u010di agresivn\u00edm chemik\u00e1li\u00edm. Pro svou fyziologickou nez\u00e1vadnost se pou\u017e\u00edvaj\u00ed tak\u00e9 v potravin\u00e1\u0159sk\u00e9m a farmaceutick\u00e9m pr\u016fmyslu.<\/p>\n\n\n\n<p>D\u00edky sv\u00e9 vysok\u00e9 chemick\u00e9 odolnosti se PTFE vyzna\u010duje extr\u00e9mn\u011b antiadhezn\u00edm chov\u00e1n\u00edm. Tento antiadhezivn\u00ed \u00fa\u010dinek znamen\u00e1, \u017ee na povrchu PTFE neulp\u00edv\u00e1 \u017e\u00e1dn\u00e1 l\u00e1tka.<\/p>\n\n\n\n<p>T\u011bsn\u011bn\u00ed pota\u017een\u00e1 PTFE se skl\u00e1daj\u00ed ze stabiln\u00ed t\u011bsnic\u00ed vlo\u017eky a krytu z PTFE. Proto pro kryt pou\u017e\u00edv\u00e1me pouze vysoce kvalitn\u00ed, nepor\u00e9zn\u00ed PTFE. Ten chr\u00e1n\u00ed vlo\u017eku p\u0159ed chemick\u00fdm napaden\u00edm. PTFE pouzdra jsou podle pot\u0159eby na vn\u011bj\u0161\u00edm nebo vnit\u0159n\u00edm pr\u016fm\u011bru otev\u0159en\u00e1 nebo vlo\u017eku zcela uzav\u00edraj\u00ed. Tlou\u0161\u0165ka pouzdra je 0,5 mm. M\u00e1 proto vysokou stabilitu. Kroucen\u00e1 pouzdra mohou b\u00fdt na vnit\u0159n\u00edm pr\u016fm\u011bru zes\u00edlena na 2 a\u017e 4 mm pro v\u011bt\u0161\u00ed difuzn\u00ed t\u011bsnost.<\/p>\n\n\n\n<div style=\"height:10px\" aria-hidden=\"true\" class=\"wp-block-spacer\"><\/div>\n\n\n\n<h2 class=\"wp-block-heading h4\">Vlo\u017eka: ploch\u00e9 t\u011bsn\u011bn\u00ed z m\u011bkk\u00e9ho materi\u00e1lu<\/h2>\n\n\n\n<p>Vlo\u017eka je vyrobena z grafitov\u00e9ho lamin\u00e1tu nebo t\u011bsnic\u00edho materi\u00e1lu na b\u00e1zi vl\u00e1ken. S vlo\u017ekou z grafitov\u00e9ho lamin\u00e1tu je toto t\u011bsn\u011bn\u00ed d\u00edky sv\u00e9 velk\u00e9 p\u0159izp\u016fsobivosti a m\u011bkkosti vhodn\u00e9 i pro plastov\u00e9 p\u0159\u00edruby nebo p\u0159\u00edruby ze sklolamin\u00e1tu. Pro tento \u00fa\u010del jsou k dispozici n\u00e1sleduj\u00edc\u00ed profily:<\/p>\n\n\n\n<ul class=\"wp-block-list\">\n<li>PF2 s n\u00e1trubkem &#8211; v z\u00e1vislosti na velikosti t\u011bsn\u011bn\u00ed jako soustru\u017een\u00fd nebo tvarovan\u00fd n\u00e1trubek.<\/li>\n\n\n\n<li>PF3 s jedn\u00edm krytem &#8211; zes\u00edlen\u00fd na vnit\u0159n\u00edm pr\u016fm\u011bru.<\/li>\n\n\n\n<li>PF18 s jedn\u00edm krytem &#8211; obr\u00e1b\u011bn\u00fd bez \u0159ez\u00e1n\u00ed<\/li>\n\n\n\n<li>PF21 s jednou soustru\u017eenou ob\u00e1lkou<\/li>\n<\/ul>\n\n\n\n<p>T\u011bsn\u011bn\u00ed s teflonovou vlo\u017ekou spl\u0148uj\u00ed po\u017eadavky TA-Luft s ohledem na bod 3.3.1.4 sm\u011brnice VDI 2440.<\/p>\n\n\n\n<div style=\"height:10px\" aria-hidden=\"true\" class=\"wp-block-spacer\"><\/div>\n\n\n\n<h2 class=\"wp-block-heading h4\">Vlo\u017eka: vlnit\u00e9 t\u011bsn\u011bn\u00ed<\/h2>\n\n\n\n<ul class=\"wp-block-list\">\n<li>PWA2: S vlnit\u00fdm prstencem, oboustrannou podp\u011brou z tenk\u00e9ho plechu a podp\u011brou z materi\u00e1lu RivaTherm-Super. D\u00edky vrstv\u011b plechu nen\u00ed vlnit\u00fd prstenec vypln\u011bn m\u011bkk\u00fdm materi\u00e1lem. Krom\u011b toho je pru\u017e\u00edc\u00ed \u00fa\u010dinek vlnit\u00e9 podp\u011bry m\u00e9n\u011b omezen.<\/li>\n\n\n\n<li>PW4: Zde se vlo\u017eka skl\u00e1d\u00e1 z vlnit\u00e9ho prstence s oboustrannou podporou RivaTherm-Super.<\/li>\n\n\n\n<li>PW5: Stejn\u011b jako PW4, ale s PTFE pouzdrem zes\u00edlen\u00fdm na cca 2,5 mm na vnit\u0159n\u00edm pr\u016fm\u011bru pro zlep\u0161en\u00ed difuzn\u00ed t\u011bsnosti.<\/li>\n\n\n\n<li>PW21: Kroucen\u00e1 PTFE obj\u00edmka, uvnit\u0159 zes\u00edlen\u00e1 vlnitou krou\u017ekovou vlo\u017ekou. Do DN 200 je vlnit\u00fd krou\u017eek navr\u017een tak, aby na vnit\u0159n\u00ed stran\u011b centr\u00e1ln\u011b vyb\u00edhal ven.<\/li>\n\n\n\n<li>PW1A-3: Vlnit\u00e9 t\u011bsn\u011bn\u00ed s rovn\u00fdm st\u0159edov\u00fdm krou\u017ekem, nav\u00edc se zkr\u00e1cenou PTFE obj\u00edmkou a grafitovou vrstvou na obou stran\u00e1ch jako po\u017e\u00e1rn\u011b bezpe\u010dn\u00e9 t\u011bsn\u011bn\u00ed.<\/li>\n<\/ul>\n\n\n\n<div style=\"height:10px\" aria-hidden=\"true\" class=\"wp-block-spacer\"><\/div>\n\n\n\n<h2 class=\"wp-block-heading h4\">Vlo\u017eka: h\u0159ebenov\u011b profilovan\u00e1 t\u011bsn\u011bn\u00ed<\/h2>\n\n\n\n<p>Pro vysok\u00e9 tlaky lze pou\u017e\u00edt t\u011bsn\u011bn\u00ed pota\u017een\u00e9 PTFE s h\u0159ebenov\u011b profilovan\u00fdm t\u011bsn\u011bn\u00edm jako vlo\u017ekou pro ploch\u00e9 t\u011bsnic\u00ed plochy z kovu, keramiky nebo skla.<\/p>\n\n\n\n<ul class=\"wp-block-list\">\n<li>PF7, PF9 a PF15 s ploch\u00fdm z\u00e1kladn\u00edm profilem,<\/li>\n\n\n\n<li>PF27, PF29 a PF25 s korunov\u00fdm profilem z\u00e1kladny.<\/li>\n<\/ul>\n\n\n\n<p>T\u011bsnic\u00ed plochy keramiky a skla mus\u00ed b\u00fdt rovn\u00e9, aby nedoch\u00e1zelo k bodov\u00fdm \u0161pi\u010dk\u00e1m nap\u011bt\u00ed. Ty mohou v\u00e9st k destrukci materi\u00e1lu.<\/p>\n<\/div>\n\n\n\n<div class=\"wp-block-column is-layout-flow wp-block-column-is-layout-flow\" style=\"flex-basis:33.33%\">\n<figure class=\"wp-block-image size-large\"><img loading=\"lazy\" decoding=\"async\" width=\"476\" height=\"850\" src=\"https:\/\/www.klinger-kempchen.de\/wp-content\/uploads\/2020\/07\/PTFE-Dichtungen.jpg\" alt=\"PTFE-ummantelte Dichtungen im Profil\" class=\"wp-image-8272\" title=\"PTFE-ummantelte Dichtungen\"\/><figcaption class=\"wp-element-caption\">T\u011bsn\u011bn\u00ed s PTFE povlakem v pr\u016f\u0159ezu<\/figcaption><\/figure>\n<\/div>\n<\/div>\n\n\n\n<h2 class=\"wp-block-heading h4\">Downloads<\/h2>\n\n\n\n<p><a href=\"https:\/\/www.klinger-kempchen.de\/wp-content\/uploads\/2021\/01\/101-102-PTFE-UMMANTELTE-DICHTUNGEN.pdf\" target=\"_blank\" rel=\"noreferrer noopener\">Produktdokumentation PTFE-ummantelte-Dichtungen (pdf)<\/a><\/p>\n\n\n\n<p><\/p>\n\n\n\n<p>  <strong><a href=\"https:\/\/www.klinger-kempchen.de\/qualitaet\/downloads\/\" target=\"_blank\" rel=\"noreferrer noopener\"><strong><\/strong><\/a><strong><a href=\"https:\/\/www.klinger-kempchen.de\/qualitaet\/downloads\/\" target=\"_blank\" rel=\"noreferrer noopener\">Kompletn\u00ed katalog najdete v na\u0161\u00ed sekci ke sta\u017een\u00ed.<\/a><\/strong><\/strong>  <\/p>\n","protected":false},"excerpt":{"rendered":"<p>T\u011aSN\u011aN\u00cd S PL\u00c1\u0160T\u011aM Z PTFE pro p\u0159\u00edrubov\u00e9 spoje s vysokou m\u00edrou chemick\u00e9ho napaden\u00ed Pro p\u0159\u00edrubov\u00e9 spoje s vysokou m\u00edrou chemick\u00e9ho napaden\u00ed se pou\u017e\u00edvaj\u00ed t\u011bsn\u011bn\u00ed s teflonovou vrstvou. Vzhledem k tendenci nenapln\u011bn\u00e9ho PTFE k toku za studena se pou\u017e\u00edvaj\u00ed p\u0159edev\u0161\u00edm slo\u017een\u00ed PTFE a t\u011bsn\u011bn\u00ed s PTFE obalem. Ta proto maj\u00ed zv\u00fd\u0161enou tlakovou odolnost. D\u00edky vysok\u00e9 chemick\u00e9 [&hellip;]<\/p>\n","protected":false},"author":1,"featured_media":17571,"parent":18508,"menu_order":3,"comment_status":"closed","ping_status":"closed","template":"page-templates\/somos.php","meta":{"advgb_blocks_editor_width":"","advgb_blocks_columns_visual_guide":"","iawp_total_views":16,"footnotes":""},"class_list":["post-18735","page","type-page","status-publish","has-post-thumbnail","hentry"],"yoast_head":"<!-- This site is optimized with the Yoast SEO plugin v27.3 - https:\/\/yoast.com\/product\/yoast-seo-wordpress\/ -->\n<title>T\u011bsn\u011bn\u00ed s povlakem PTFE - KLINGER Kempchen<\/title>\n<meta name=\"description\" content=\"T\u011bsn\u011bn\u00ed pota\u017een\u00e9 PTFE: -195\u00b0C a\u017e +250\u00b0C \u2713 vysok\u00e1 chemick\u00e1 odolnost \u2713 fyziologicky nez\u00e1vadn\u00e9 \u2713 antiadhezn\u00ed chov\u00e1n\u00ed \u2713\" \/>\n<meta name=\"robots\" content=\"index, follow, max-snippet:-1, max-image-preview:large, max-video-preview:-1\" \/>\n<link rel=\"canonical\" href=\"https:\/\/www.klinger-kempchen.de\/produkte\/ptfe-ummantelte-dichtungen\/\" \/>\n<meta property=\"og:locale\" content=\"cs_CZ\" \/>\n<meta property=\"og:type\" content=\"article\" \/>\n<meta property=\"og:title\" content=\"T\u011bsn\u011bn\u00ed s povlakem PTFE - KLINGER Kempchen\" \/>\n<meta property=\"og:description\" content=\"T\u011bsn\u011bn\u00ed pota\u017een\u00e9 PTFE: -195\u00b0C a\u017e +250\u00b0C \u2713 vysok\u00e1 chemick\u00e1 odolnost \u2713 fyziologicky nez\u00e1vadn\u00e9 \u2713 antiadhezn\u00ed chov\u00e1n\u00ed \u2713\" \/>\n<meta property=\"og:url\" content=\"https:\/\/www.klinger-kempchen.de\/produkte\/ptfe-ummantelte-dichtungen\/\" \/>\n<meta property=\"og:site_name\" content=\"KLINGER Kempchen\" \/>\n<meta property=\"article:modified_time\" content=\"2024-03-11T13:47:24+00:00\" \/>\n<meta property=\"og:image\" content=\"https:\/\/www.klinger-kempchen.de\/wp-content\/uploads\/2020\/07\/Dummy.jpg\" \/>\n\t<meta property=\"og:image:width\" content=\"1400\" \/>\n\t<meta property=\"og:image:height\" content=\"334\" \/>\n\t<meta property=\"og:image:type\" content=\"image\/jpeg\" \/>\n<meta name=\"twitter:label1\" content=\"Odhadovan\u00e1 doba \u010dten\u00ed\" \/>\n\t<meta name=\"twitter:data1\" content=\"4 minuty\" \/>\n<!-- \/ Yoast SEO plugin. -->","yoast_head_json":{"title":"T\u011bsn\u011bn\u00ed s povlakem PTFE - KLINGER Kempchen","description":"T\u011bsn\u011bn\u00ed pota\u017een\u00e9 PTFE: -195\u00b0C a\u017e +250\u00b0C \u2713 vysok\u00e1 chemick\u00e1 odolnost \u2713 fyziologicky nez\u00e1vadn\u00e9 \u2713 antiadhezn\u00ed chov\u00e1n\u00ed \u2713","robots":{"index":"index","follow":"follow","max-snippet":"max-snippet:-1","max-image-preview":"max-image-preview:large","max-video-preview":"max-video-preview:-1"},"canonical":"https:\/\/www.klinger-kempchen.de\/produkte\/ptfe-ummantelte-dichtungen\/","og_locale":"cs_CZ","og_type":"article","og_title":"T\u011bsn\u011bn\u00ed s povlakem PTFE - KLINGER Kempchen","og_description":"T\u011bsn\u011bn\u00ed pota\u017een\u00e9 PTFE: -195\u00b0C a\u017e +250\u00b0C \u2713 vysok\u00e1 chemick\u00e1 odolnost \u2713 fyziologicky nez\u00e1vadn\u00e9 \u2713 antiadhezn\u00ed chov\u00e1n\u00ed \u2713","og_url":"https:\/\/www.klinger-kempchen.de\/produkte\/ptfe-ummantelte-dichtungen\/","og_site_name":"KLINGER Kempchen","article_modified_time":"2024-03-11T13:47:24+00:00","og_image":[{"width":1400,"height":334,"url":"https:\/\/www.klinger-kempchen.de\/wp-content\/uploads\/2020\/07\/Dummy.jpg","type":"image\/jpeg"}],"twitter_misc":{"Odhadovan\u00e1 doba \u010dten\u00ed":"4 minuty"},"schema":{"@context":"https:\/\/schema.org","@graph":[{"@type":"WebPage","@id":"https:\/\/www.klinger-kempchen.de\/produkte\/ptfe-ummantelte-dichtungen\/","url":"https:\/\/www.klinger-kempchen.de\/produkte\/ptfe-ummantelte-dichtungen\/","name":"T\u011bsn\u011bn\u00ed s povlakem PTFE - KLINGER Kempchen","isPartOf":{"@id":"https:\/\/www.klinger-kempchen.de\/#website"},"primaryImageOfPage":{"@id":"https:\/\/www.klinger-kempchen.de\/produkte\/ptfe-ummantelte-dichtungen\/#primaryimage"},"image":{"@id":"https:\/\/www.klinger-kempchen.de\/produkte\/ptfe-ummantelte-dichtungen\/#primaryimage"},"thumbnailUrl":"https:\/\/www.klinger-kempchen.de\/wp-content\/uploads\/2020\/07\/Dummy.jpg","datePublished":"2023-07-15T09:48:59+00:00","dateModified":"2024-03-11T13:47:24+00:00","description":"T\u011bsn\u011bn\u00ed pota\u017een\u00e9 PTFE: -195\u00b0C a\u017e +250\u00b0C \u2713 vysok\u00e1 chemick\u00e1 odolnost \u2713 fyziologicky nez\u00e1vadn\u00e9 \u2713 antiadhezn\u00ed chov\u00e1n\u00ed \u2713","breadcrumb":{"@id":"https:\/\/www.klinger-kempchen.de\/produkte\/ptfe-ummantelte-dichtungen\/#breadcrumb"},"inLanguage":"cs","potentialAction":[{"@type":"ReadAction","target":["https:\/\/www.klinger-kempchen.de\/produkte\/ptfe-ummantelte-dichtungen\/"]}]},{"@type":"ImageObject","inLanguage":"cs","@id":"https:\/\/www.klinger-kempchen.de\/produkte\/ptfe-ummantelte-dichtungen\/#primaryimage","url":"https:\/\/www.klinger-kempchen.de\/wp-content\/uploads\/2020\/07\/Dummy.jpg","contentUrl":"https:\/\/www.klinger-kempchen.de\/wp-content\/uploads\/2020\/07\/Dummy.jpg","width":1400,"height":334},{"@type":"BreadcrumbList","@id":"https:\/\/www.klinger-kempchen.de\/produkte\/ptfe-ummantelte-dichtungen\/#breadcrumb","itemListElement":[{"@type":"ListItem","position":1,"name":"Home","item":"https:\/\/www.klinger-kempchen.de\/"},{"@type":"ListItem","position":2,"name":"Produkty","item":"https:\/\/www.klinger-kempchen.de\/produkte\/"},{"@type":"ListItem","position":3,"name":"T\u011bsn\u011bn\u00ed s povlakem PTFE"}]},{"@type":"WebSite","@id":"https:\/\/www.klinger-kempchen.de\/#website","url":"https:\/\/www.klinger-kempchen.de\/","name":"KLINGER Kempchen","description":"KLINGER Kempchen","publisher":{"@id":"https:\/\/www.klinger-kempchen.de\/#organization"},"potentialAction":[{"@type":"SearchAction","target":{"@type":"EntryPoint","urlTemplate":"https:\/\/www.klinger-kempchen.de\/?s={search_term_string}"},"query-input":{"@type":"PropertyValueSpecification","valueRequired":true,"valueName":"search_term_string"}}],"inLanguage":"cs"},{"@type":"Organization","@id":"https:\/\/www.klinger-kempchen.de\/#organization","name":"KLINGER-Kempchen","url":"https:\/\/www.klinger-kempchen.de\/","logo":{"@type":"ImageObject","inLanguage":"cs","@id":"https:\/\/www.klinger-kempchen.de\/#\/schema\/logo\/image\/","url":"https:\/\/www.klinger-kempchen.de\/wp-content\/uploads\/2020\/06\/cropped-Klinger-Kempchen-Logo.png","contentUrl":"https:\/\/www.klinger-kempchen.de\/wp-content\/uploads\/2020\/06\/cropped-Klinger-Kempchen-Logo.png","width":512,"height":512,"caption":"KLINGER-Kempchen"},"image":{"@id":"https:\/\/www.klinger-kempchen.de\/#\/schema\/logo\/image\/"}}]}},"coauthors":[],"author_meta":{"author_link":"https:\/\/www.klinger-kempchen.de\/cs\/author\/administrador\/","display_name":"administrador"},"relative_dates":{"created":"Posted 3 roky ago","modified":"Updated 2 roky ago"},"absolute_dates":{"created":"Posted on 15 \u010dervence 2023","modified":"Updated on 11 b\u0159ezna 2024"},"absolute_dates_time":{"created":"Posted on 15 \u010dervence 2023 11:48","modified":"Updated on 11 b\u0159ezna 2024 14:47"},"featured_img_caption":"","featured_img":"https:\/\/www.klinger-kempchen.de\/wp-content\/uploads\/2020\/07\/Dummy.jpg","series_order":"","_links":{"self":[{"href":"https:\/\/www.klinger-kempchen.de\/cs\/wp-json\/wp\/v2\/pages\/18735","targetHints":{"allow":["GET"]}}],"collection":[{"href":"https:\/\/www.klinger-kempchen.de\/cs\/wp-json\/wp\/v2\/pages"}],"about":[{"href":"https:\/\/www.klinger-kempchen.de\/cs\/wp-json\/wp\/v2\/types\/page"}],"author":[{"embeddable":true,"href":"https:\/\/www.klinger-kempchen.de\/cs\/wp-json\/wp\/v2\/users\/1"}],"replies":[{"embeddable":true,"href":"https:\/\/www.klinger-kempchen.de\/cs\/wp-json\/wp\/v2\/comments?post=18735"}],"version-history":[{"count":0,"href":"https:\/\/www.klinger-kempchen.de\/cs\/wp-json\/wp\/v2\/pages\/18735\/revisions"}],"up":[{"embeddable":true,"href":"https:\/\/www.klinger-kempchen.de\/cs\/wp-json\/wp\/v2\/pages\/18508"}],"wp:featuredmedia":[{"embeddable":true,"href":"https:\/\/www.klinger-kempchen.de\/cs\/wp-json\/wp\/v2\/media\/17571"}],"wp:attachment":[{"href":"https:\/\/www.klinger-kempchen.de\/cs\/wp-json\/wp\/v2\/media?parent=18735"}],"curies":[{"name":"wp","href":"https:\/\/api.w.org\/{rel}","templated":true}]}}