{"id":18755,"date":"2023-07-17T12:46:45","date_gmt":"2023-07-17T10:46:45","guid":{"rendered":"https:\/\/www.klinger-kempchen.de\/?page_id=18755"},"modified":"2024-03-11T14:52:29","modified_gmt":"2024-03-11T13:52:29","slug":"tesneni-tesniciho-vicka","status":"publish","type":"page","link":"https:\/\/www.klinger-kempchen.de\/cs\/produkty\/tesneni-tesniciho-vicka\/","title":{"rendered":"T\u011bsn\u011bn\u00ed t\u011bsnic\u00edho v\u00ed\u010dka"},"content":{"rendered":"\n<h1 class=\"wp-block-heading h3\">T\u011aSN\u011aN\u00cd T\u011aSNIC\u00cdHO V\u00cd\u010cKA<\/h1>\n\n\n\n<h2 class=\"wp-block-heading h4\">Dostate\u010dn\u00fd vnit\u0159n\u00ed tlak?<\/h2>\n\n\n\n<div class=\"wp-block-columns is-layout-flex wp-container-core-columns-is-layout-9d6595d7 wp-block-columns-is-layout-flex\">\n<div class=\"wp-block-column is-layout-flow wp-block-column-is-layout-flow\" style=\"flex-basis:66.66%\">\n<p>T\u011bsn\u011bn\u00ed t\u011bsnic\u00edch v\u00ed\u010dek se pou\u017e\u00edvaj\u00ed jako samolepic\u00ed t\u011bsn\u011bn\u00ed. Po\u017eadovan\u00e1 t\u011bsnic\u00ed s\u00edla tedy nen\u00ed vytv\u00e1\u0159ena \u0161rouby, ale vnit\u0159n\u00edm tlakem. To znamen\u00e1, \u017ee lze zvolit \u0161rouby s men\u0161\u00edm pr\u016f\u0159ezem. Cel\u00fd spoj je proto kompaktn\u011bj\u0161\u00ed.<\/p>\n\n\n\n<p>Princip konstrukce objas\u0148uje obr\u00e1zek na prot\u011bj\u0161\u00ed stran\u011b.<\/p>\n\n\n\n<p>V p\u0159\u00edpad\u011b vysok\u00fdch tlak\u016f nebo p\u0159epracovan\u00fdch uz\u00e1v\u011br\u016f mus\u00ed b\u00fdt uz\u00e1v\u011bry opat\u0159eny tak, aby nedoch\u00e1zelo k vytla\u010dov\u00e1n\u00ed grafitu do mezery mezi pouzdrem a uz\u00e1v\u011brem. Lisovan\u00e1 v\u00ed\u010dka se vyr\u00e1b\u011bj\u00ed z nerezov\u00e9ho plechu 1.4541 o tlou\u0161\u0165ce 0,4 mm. Pro velmi vysok\u00e9 tlaky jsou b\u011b\u017en\u00e1 tak\u00e9 pln\u00e1 soustru\u017een\u00e1 v\u00ed\u010dka.<\/p>\n\n\n\n<p>Kdy\u017e jsou nov\u00e9, m\u011bla by b\u00fdt mezera co neju\u017e\u0161\u00ed. Jako vod\u00edtko m\u016f\u017ee slou\u017eit uveden\u00e9 toleran\u010dn\u00ed pole.<\/p>\n\n\n\n<ul class=\"wp-block-list\">\n<li>d2 &lt; 500 mm \/ toleran\u010dn\u00ed z\u00f3na dG \/dV = D9\/h8<\/li>\n\n\n\n<li>d2 &gt; 500 mm \/ toleran\u010dn\u00ed p\u00e1smo dG \/dV = E8\/h8<\/li>\n<\/ul>\n\n\n\n<p>V\u00fdb\u011br a design je ponech\u00e1n na v\u00fdrobci spot\u0159ebi\u010de.<\/p>\n\n\n\n<p>Pro tento \u00fa\u010del maj\u00ed t\u011bsn\u011bn\u00ed v\u00edka obd\u00e9ln\u00edkov\u00fd nebo vnit\u0159n\u011b &#8211; vz\u00e1cn\u011bji vn\u011b &#8211; zkosen\u00fd pr\u016f\u0159ez. V souladu s t\u00edm je k dispozici osv\u011bd\u010den\u00e1 \u0159ada profil\u016f v sedmi proveden\u00edch. S nimi lze vy\u0159e\u0161it v\u0161echny odpov\u00eddaj\u00edc\u00ed probl\u00e9my s t\u011bsn\u011bn\u00edm. Up\u00ednac\u00ed \u0161rouby v\u00edka prov\u00e1d\u011bj\u00ed pot\u0159ebnou p\u0159eddeformaci pro p\u0159izp\u016fsoben\u00ed t\u011bsnic\u00edch ploch.<\/p>\n\n\n\n<h3 class=\"wp-block-heading h4\"><strong>Provozn\u00ed teplota<\/strong><\/h3>\n\n\n\n<p>P\u0159i pou\u017eit\u00ed uz\u00e1v\u011br\u016f jsou mo\u017en\u00e9 provozn\u00ed teploty a\u017e 650 \u00b0C (teplota m\u00e9dia). V t\u011bchto p\u0159\u00edpadech je proto t\u0159eba zajistit, aby v\u00ed\u010dka z\u016fstala p\u0159i mont\u00e1\u017ei nepo\u0161kozen\u00e1. Pouze zcela zapouzd\u0159en\u00e1 t\u011bsn\u011bn\u00ed v\u00ed\u010dek jsou proto do zna\u010dn\u00e9 m\u00edry chr\u00e1n\u011bna p\u0159ed oxidac\u00ed.<\/p>\n\n\n\n<p>Je v\u00fdhodn\u00e9, aby v\u0161echny t\u011bsnic\u00ed mezery souvisej\u00edc\u00ed s konstrukc\u00ed, do kter\u00fdch by mohl vytla\u010dit grafit, byly uzav\u0159eny v\u00ed\u010dky.<\/p>\n\n\n\n<p><\/p>\n\n\n\n<h3 class=\"wp-block-heading h4\">V\u00fdroba<\/h3>\n\n\n\n<p>V\u0161echny krou\u017eky se lisuj\u00ed do forem. N\u00e1\u0161 \u0161irok\u00fd sortiment forem zahrnuje n\u00e1stroje o pr\u016fm\u011bru od n\u011bkolika milimetr\u016f a\u017e po v\u00edce ne\u017e 1000 mm. Proto\u017ee formy a n\u00e1stroje jsou neust\u00e1le dopl\u0148ov\u00e1ny, nen\u00ed mo\u017en\u00e9 zde vytisknout jejich aktu\u00e1ln\u00ed seznam. R\u00e1di v\u00e1m poskytneme informace o tom, zda je n\u00e1stroj pro po\u017eadovan\u00fd rozm\u011br k dispozici nebo zda je t\u0159eba uhradit pom\u011brn\u00e9 n\u00e1klady na n\u00e1stroj.<\/p>\n<\/div>\n\n\n\n<div class=\"wp-block-column is-layout-flow wp-block-column-is-layout-flow\" style=\"flex-basis:33.33%\">\n<figure class=\"wp-block-image size-large\"><img loading=\"lazy\" decoding=\"async\" width=\"646\" height=\"580\" src=\"https:\/\/www.klinger-kempchen.de\/wp-content\/uploads\/2020\/07\/Verschlussdeckel.jpg\" alt=\"verschlussdeckel-Dichtung im eingebauten Zustand mit Deckel.\" class=\"wp-image-7798\" title=\"Verschlussdeckel-Dichtungen\" srcset=\"https:\/\/www.klinger-kempchen.de\/wp-content\/uploads\/2020\/07\/Verschlussdeckel.jpg 646w, https:\/\/www.klinger-kempchen.de\/wp-content\/uploads\/2020\/07\/Verschlussdeckel-20x18.jpg 20w\" sizes=\"auto, (max-width: 646px) 100vw, 646px\" \/><\/figure>\n\n\n\n<figure class=\"wp-block-image size-large\"><img loading=\"lazy\" decoding=\"async\" width=\"645\" height=\"425\" src=\"https:\/\/www.klinger-kempchen.de\/wp-content\/uploads\/2020\/07\/Verschlussdeckel-Schnitt.jpg\" alt=\"Verschlussdeckel-Dichtungen mit Kappen im Querschnitt\" class=\"wp-image-7357\" title=\"verschlussdeckel-Dichtungen\"\/><\/figure>\n\n\n\n<p>Pro usnadn\u011bn\u00ed mont\u00e1\u017ee lze kryt zkosit o 1\u00b0 a\u017e 2\u00b0, jak je zn\u00e1zorn\u011bno na obr\u00e1zku.<\/p>\n<\/div>\n<\/div>\n\n\n\n<h3 class=\"wp-block-heading h4\">Downloads<\/h3>\n\n\n\n<p><img loading=\"lazy\" decoding=\"async\" width=\"41\" height=\"26\" class=\"wp-image-7660\" style=\"width: 41px;\" src=\"https:\/\/www.klinger-kempchen.de\/wp-content\/uploads\/2020\/07\/Download-icon-2.png\" alt=\"\" srcset=\"https:\/\/www.klinger-kempchen.de\/wp-content\/uploads\/2020\/07\/Download-icon-2.png 41w, https:\/\/www.klinger-kempchen.de\/wp-content\/uploads\/2020\/07\/Download-icon-2-20x13.png 20w\" sizes=\"auto, (max-width: 41px) 100vw, 41px\" \/><a href=\"https:\/\/www.klinger-kempchen.de\/wp-content\/uploads\/2020\/07\/132-133-VERSCHLUSSDECKEL-DICHTUNGEN.pdf\" target=\"_blank\" rel=\"noreferrer noopener\">Produktdokumentation Verschlussdeckel-Dichtungen (pdf)<\/a><\/p>\n","protected":false},"excerpt":{"rendered":"<p>T\u011aSN\u011aN\u00cd T\u011aSNIC\u00cdHO V\u00cd\u010cKA Dostate\u010dn\u00fd vnit\u0159n\u00ed tlak? T\u011bsn\u011bn\u00ed t\u011bsnic\u00edch v\u00ed\u010dek se pou\u017e\u00edvaj\u00ed jako samolepic\u00ed t\u011bsn\u011bn\u00ed. Po\u017eadovan\u00e1 t\u011bsnic\u00ed s\u00edla tedy nen\u00ed vytv\u00e1\u0159ena \u0161rouby, ale vnit\u0159n\u00edm tlakem. To znamen\u00e1, \u017ee lze zvolit \u0161rouby s men\u0161\u00edm pr\u016f\u0159ezem. Cel\u00fd spoj je proto kompaktn\u011bj\u0161\u00ed. Princip konstrukce objas\u0148uje obr\u00e1zek na prot\u011bj\u0161\u00ed stran\u011b. V p\u0159\u00edpad\u011b vysok\u00fdch tlak\u016f nebo p\u0159epracovan\u00fdch uz\u00e1v\u011br\u016f mus\u00ed b\u00fdt uz\u00e1v\u011bry [&hellip;]<\/p>\n","protected":false},"author":1,"featured_media":17933,"parent":18508,"menu_order":5,"comment_status":"closed","ping_status":"closed","template":"page-templates\/somos.php","meta":{"advgb_blocks_editor_width":"","advgb_blocks_columns_visual_guide":"","iawp_total_views":19,"footnotes":""},"class_list":["post-18755","page","type-page","status-publish","has-post-thumbnail","hentry"],"yoast_head":"<!-- This site is optimized with the Yoast SEO plugin v27.3 - https:\/\/yoast.com\/product\/yoast-seo-wordpress\/ -->\n<title>T\u011bsn\u011bn\u00ed t\u011bsnic\u00edho v\u00ed\u010dka - KLINGER Kempchen<\/title>\n<meta name=\"description\" content=\"T\u011bsn\u011bn\u00ed uz\u00e1v\u011bru: Samot\u011bsnic\u00ed t\u011bsn\u011bn\u00ed \u2713 teplota pou\u017eit\u00ed a\u017e 650 \u00b0C \u2713 rozs\u00e1hl\u00fd sortiment forem \u2713 nad pr\u016fm\u011br 1000 mm \u2713\" \/>\n<meta name=\"robots\" content=\"index, follow, max-snippet:-1, max-image-preview:large, max-video-preview:-1\" \/>\n<link rel=\"canonical\" href=\"https:\/\/www.klinger-kempchen.de\/produkte\/verschlussdeckel-dichtungen\/\" \/>\n<meta property=\"og:locale\" content=\"cs_CZ\" \/>\n<meta property=\"og:type\" content=\"article\" \/>\n<meta property=\"og:title\" content=\"T\u011bsn\u011bn\u00ed t\u011bsnic\u00edho v\u00ed\u010dka - KLINGER Kempchen\" \/>\n<meta property=\"og:description\" content=\"T\u011bsn\u011bn\u00ed uz\u00e1v\u011bru: Samot\u011bsnic\u00ed t\u011bsn\u011bn\u00ed \u2713 teplota pou\u017eit\u00ed a\u017e 650 \u00b0C \u2713 rozs\u00e1hl\u00fd sortiment forem \u2713 nad pr\u016fm\u011br 1000 mm \u2713\" \/>\n<meta property=\"og:url\" content=\"https:\/\/www.klinger-kempchen.de\/produkte\/verschlussdeckel-dichtungen\/\" \/>\n<meta property=\"og:site_name\" content=\"KLINGER Kempchen\" \/>\n<meta property=\"article:modified_time\" content=\"2024-03-11T13:52:29+00:00\" \/>\n<meta property=\"og:image\" content=\"https:\/\/www.klinger-kempchen.de\/wp-content\/uploads\/2020\/08\/Verschlussdeckeldichtung-1.jpg\" \/>\n\t<meta property=\"og:image:width\" content=\"1406\" \/>\n\t<meta property=\"og:image:height\" content=\"338\" \/>\n\t<meta property=\"og:image:type\" content=\"image\/jpeg\" \/>\n<meta name=\"twitter:label1\" content=\"Odhadovan\u00e1 doba \u010dten\u00ed\" \/>\n\t<meta name=\"twitter:data1\" content=\"2 minuty\" \/>\n<!-- \/ Yoast SEO plugin. -->","yoast_head_json":{"title":"T\u011bsn\u011bn\u00ed t\u011bsnic\u00edho v\u00ed\u010dka - KLINGER Kempchen","description":"T\u011bsn\u011bn\u00ed uz\u00e1v\u011bru: Samot\u011bsnic\u00ed t\u011bsn\u011bn\u00ed \u2713 teplota pou\u017eit\u00ed a\u017e 650 \u00b0C \u2713 rozs\u00e1hl\u00fd sortiment forem \u2713 nad pr\u016fm\u011br 1000 mm \u2713","robots":{"index":"index","follow":"follow","max-snippet":"max-snippet:-1","max-image-preview":"max-image-preview:large","max-video-preview":"max-video-preview:-1"},"canonical":"https:\/\/www.klinger-kempchen.de\/produkte\/verschlussdeckel-dichtungen\/","og_locale":"cs_CZ","og_type":"article","og_title":"T\u011bsn\u011bn\u00ed t\u011bsnic\u00edho v\u00ed\u010dka - KLINGER Kempchen","og_description":"T\u011bsn\u011bn\u00ed uz\u00e1v\u011bru: Samot\u011bsnic\u00ed t\u011bsn\u011bn\u00ed \u2713 teplota pou\u017eit\u00ed a\u017e 650 \u00b0C \u2713 rozs\u00e1hl\u00fd sortiment forem \u2713 nad pr\u016fm\u011br 1000 mm \u2713","og_url":"https:\/\/www.klinger-kempchen.de\/produkte\/verschlussdeckel-dichtungen\/","og_site_name":"KLINGER Kempchen","article_modified_time":"2024-03-11T13:52:29+00:00","og_image":[{"width":1406,"height":338,"url":"https:\/\/www.klinger-kempchen.de\/wp-content\/uploads\/2020\/08\/Verschlussdeckeldichtung-1.jpg","type":"image\/jpeg"}],"twitter_misc":{"Odhadovan\u00e1 doba \u010dten\u00ed":"2 minuty"},"schema":{"@context":"https:\/\/schema.org","@graph":[{"@type":"WebPage","@id":"https:\/\/www.klinger-kempchen.de\/produkte\/verschlussdeckel-dichtungen\/","url":"https:\/\/www.klinger-kempchen.de\/produkte\/verschlussdeckel-dichtungen\/","name":"T\u011bsn\u011bn\u00ed t\u011bsnic\u00edho v\u00ed\u010dka - KLINGER Kempchen","isPartOf":{"@id":"https:\/\/www.klinger-kempchen.de\/#website"},"primaryImageOfPage":{"@id":"https:\/\/www.klinger-kempchen.de\/produkte\/verschlussdeckel-dichtungen\/#primaryimage"},"image":{"@id":"https:\/\/www.klinger-kempchen.de\/produkte\/verschlussdeckel-dichtungen\/#primaryimage"},"thumbnailUrl":"https:\/\/www.klinger-kempchen.de\/wp-content\/uploads\/2020\/08\/Verschlussdeckeldichtung-1.jpg","datePublished":"2023-07-17T10:46:45+00:00","dateModified":"2024-03-11T13:52:29+00:00","description":"T\u011bsn\u011bn\u00ed uz\u00e1v\u011bru: Samot\u011bsnic\u00ed t\u011bsn\u011bn\u00ed \u2713 teplota pou\u017eit\u00ed a\u017e 650 \u00b0C \u2713 rozs\u00e1hl\u00fd sortiment forem \u2713 nad pr\u016fm\u011br 1000 mm \u2713","breadcrumb":{"@id":"https:\/\/www.klinger-kempchen.de\/produkte\/verschlussdeckel-dichtungen\/#breadcrumb"},"inLanguage":"cs","potentialAction":[{"@type":"ReadAction","target":["https:\/\/www.klinger-kempchen.de\/produkte\/verschlussdeckel-dichtungen\/"]}]},{"@type":"ImageObject","inLanguage":"cs","@id":"https:\/\/www.klinger-kempchen.de\/produkte\/verschlussdeckel-dichtungen\/#primaryimage","url":"https:\/\/www.klinger-kempchen.de\/wp-content\/uploads\/2020\/08\/Verschlussdeckeldichtung-1.jpg","contentUrl":"https:\/\/www.klinger-kempchen.de\/wp-content\/uploads\/2020\/08\/Verschlussdeckeldichtung-1.jpg","width":1406,"height":338,"caption":"Verschlussdeckeldichtung"},{"@type":"BreadcrumbList","@id":"https:\/\/www.klinger-kempchen.de\/produkte\/verschlussdeckel-dichtungen\/#breadcrumb","itemListElement":[{"@type":"ListItem","position":1,"name":"Home","item":"https:\/\/www.klinger-kempchen.de\/"},{"@type":"ListItem","position":2,"name":"Produkty","item":"https:\/\/www.klinger-kempchen.de\/produkte\/"},{"@type":"ListItem","position":3,"name":"T\u011bsn\u011bn\u00ed t\u011bsnic\u00edho v\u00ed\u010dka"}]},{"@type":"WebSite","@id":"https:\/\/www.klinger-kempchen.de\/#website","url":"https:\/\/www.klinger-kempchen.de\/","name":"KLINGER Kempchen","description":"KLINGER Kempchen","publisher":{"@id":"https:\/\/www.klinger-kempchen.de\/#organization"},"potentialAction":[{"@type":"SearchAction","target":{"@type":"EntryPoint","urlTemplate":"https:\/\/www.klinger-kempchen.de\/?s={search_term_string}"},"query-input":{"@type":"PropertyValueSpecification","valueRequired":true,"valueName":"search_term_string"}}],"inLanguage":"cs"},{"@type":"Organization","@id":"https:\/\/www.klinger-kempchen.de\/#organization","name":"KLINGER-Kempchen","url":"https:\/\/www.klinger-kempchen.de\/","logo":{"@type":"ImageObject","inLanguage":"cs","@id":"https:\/\/www.klinger-kempchen.de\/#\/schema\/logo\/image\/","url":"https:\/\/www.klinger-kempchen.de\/wp-content\/uploads\/2020\/06\/cropped-Klinger-Kempchen-Logo.png","contentUrl":"https:\/\/www.klinger-kempchen.de\/wp-content\/uploads\/2020\/06\/cropped-Klinger-Kempchen-Logo.png","width":512,"height":512,"caption":"KLINGER-Kempchen"},"image":{"@id":"https:\/\/www.klinger-kempchen.de\/#\/schema\/logo\/image\/"}}]}},"coauthors":[],"author_meta":{"author_link":"https:\/\/www.klinger-kempchen.de\/cs\/author\/administrador\/","display_name":"administrador"},"relative_dates":{"created":"Posted 3 roky ago","modified":"Updated 2 roky ago"},"absolute_dates":{"created":"Posted on 17 \u010dervence 2023","modified":"Updated on 11 b\u0159ezna 2024"},"absolute_dates_time":{"created":"Posted on 17 \u010dervence 2023 12:46","modified":"Updated on 11 b\u0159ezna 2024 14:52"},"featured_img_caption":"Verschlussdeckeldichtung","featured_img":"https:\/\/www.klinger-kempchen.de\/wp-content\/uploads\/2020\/08\/Verschlussdeckeldichtung-1-1400x337.jpg","series_order":"","_links":{"self":[{"href":"https:\/\/www.klinger-kempchen.de\/cs\/wp-json\/wp\/v2\/pages\/18755","targetHints":{"allow":["GET"]}}],"collection":[{"href":"https:\/\/www.klinger-kempchen.de\/cs\/wp-json\/wp\/v2\/pages"}],"about":[{"href":"https:\/\/www.klinger-kempchen.de\/cs\/wp-json\/wp\/v2\/types\/page"}],"author":[{"embeddable":true,"href":"https:\/\/www.klinger-kempchen.de\/cs\/wp-json\/wp\/v2\/users\/1"}],"replies":[{"embeddable":true,"href":"https:\/\/www.klinger-kempchen.de\/cs\/wp-json\/wp\/v2\/comments?post=18755"}],"version-history":[{"count":0,"href":"https:\/\/www.klinger-kempchen.de\/cs\/wp-json\/wp\/v2\/pages\/18755\/revisions"}],"up":[{"embeddable":true,"href":"https:\/\/www.klinger-kempchen.de\/cs\/wp-json\/wp\/v2\/pages\/18508"}],"wp:featuredmedia":[{"embeddable":true,"href":"https:\/\/www.klinger-kempchen.de\/cs\/wp-json\/wp\/v2\/media\/17933"}],"wp:attachment":[{"href":"https:\/\/www.klinger-kempchen.de\/cs\/wp-json\/wp\/v2\/media?parent=18755"}],"curies":[{"name":"wp","href":"https:\/\/api.w.org\/{rel}","templated":true}]}}