{"id":18765,"date":"2023-07-18T12:57:24","date_gmt":"2023-07-18T10:57:24","guid":{"rendered":"https:\/\/www.klinger-kempchen.de\/?page_id=18765"},"modified":"2024-03-28T15:33:15","modified_gmt":"2024-03-28T14:33:15","slug":"obaly-vyplnovych-krabic","status":"publish","type":"page","link":"https:\/\/www.klinger-kempchen.de\/cs\/produkty\/obaly-vyplnovych-krabic\/","title":{"rendered":"Obaly v\u00fdpl\u0148ov\u00fdch krabic"},"content":{"rendered":"\n<h1 class=\"wp-block-heading h3\">OBALY V\u00ddPL\u0147OV\u00ddCH KRABIC<\/h1>\n\n\n\n<h2 class=\"wp-block-heading h4\">V\u0161echny b\u011b\u017en\u00e9 varianty v na\u0161em skladu hotov\u00fdch v\u00fdrobk\u016f<\/h2>\n\n\n\n<div style=\"height:20px\" aria-hidden=\"true\" class=\"wp-block-spacer advgb-dyn-af21a01c\"><\/div>\n\n\n\n<p>Na rozd\u00edl od statick\u00fdch t\u011bsn\u011bn\u00ed se t\u011bsn\u011bn\u00ed up\u011bchovac\u00ed sk\u0159\u00edn\u011b pou\u017e\u00edvaj\u00ed p\u0159edev\u0161\u00edm v dynamick\u00fdch mont\u00e1\u017en\u00edch situac\u00edch. Tam, kde je t\u0159eba zabr\u00e1nit \u00faniku kapaln\u00fdch nebo plynn\u00fdch m\u00e9di\u00ed p\u0159i pr\u016fchodu sk\u0159\u00edn\u00ed pohybliv\u00fdch prvk\u016f, jako jsou v\u0159etena nebo h\u0159\u00eddele. Je t\u0159eba kompenzovat jak rota\u010dn\u00ed, tak oscila\u010dn\u00ed pohyby. Pro spolehliv\u00e9 ut\u011bsn\u011bn\u00ed jsou rozhoduj\u00edc\u00ed faktory, jako je materi\u00e1l, impregnace a v\u00fdrobn\u00ed proces t\u011bsn\u011bn\u00ed.<\/p>\n\n\n\n<p>Spole\u010dnost KLINGER Kempchen v\u00e1m nab\u00edz\u00ed v\u0161echny b\u011b\u017en\u00e9 materi\u00e1ly pro tento \u00fa\u010del, jako je grafit, PTFE, aramid atd., kter\u00e9 jsou vyr\u00e1b\u011bny ve vlastn\u00edch v\u00fdrobn\u00edch z\u00e1vodech s pou\u017eit\u00edm v\u0161ech pot\u0159ebn\u00fdch v\u00fdrobn\u00edch postup\u016f. To plat\u00ed jak pro opleten\u00e1 t\u011bsn\u011bn\u00ed v metr\u00e1\u017ei, tak pro p\u0159edlisovan\u00e9 a p\u0159edem smontovan\u00e9 t\u011bsnic\u00ed syst\u00e9my, jako je nap\u0159\u00edklad t\u011bsnic\u00ed sada K80S TA-HT. Abychom byli schopni pokr\u00fdt va\u0161e kr\u00e1tkodob\u00e9 po\u017eadavky, m\u00e1me v\u0161echny b\u011b\u017en\u00e9 varianty skladem v na\u0161em skladu hotov\u00fdch v\u00fdrobk\u016f. Krom\u011b toho v r\u00e1mci na\u0161\u00ed technick\u00e9 konzultace stanov\u00edme individu\u00e1ln\u00ed \u0159e\u0161en\u00ed pro va\u0161i mont\u00e1\u017en\u00ed situaci.<\/p>\n\n\n\n<div style=\"height:50px\" aria-hidden=\"true\" class=\"wp-block-spacer advgb-dyn-a1f5334f\"><\/div>\n\n\n\n<h2 class=\"wp-block-heading\">TYPY OBAL\u016e<\/h2>\n\n\n\n<h3 class=\"wp-block-heading h4\"><strong>Velikost mezery mezi v\u0159etenem, skly a krytem<\/strong><\/h3>\n\n\n\n<div class=\"wp-block-columns is-layout-flex wp-container-core-columns-is-layout-9d6595d7 wp-block-columns-is-layout-flex\">\n<div class=\"wp-block-column is-layout-flow wp-block-column-is-layout-flow\">\n<p>Ozna\u010d\u00edme-li (vn\u011bj\u0161\u00ed) pr\u016fm\u011br d\u0159\u00edku d1 a vnit\u0159n\u00ed pr\u016fm\u011br t\u011bsnic\u00ed v\u00fdvodky nebo z\u00e1kladn\u00edho krou\u017eku d2, pak st\u0159edn\u00ed radi\u00e1ln\u00ed mezera mezi d\u0159\u00edkem a v\u00fdvodkou nebo z\u00e1kladn\u00edm krou\u017ekem je t = (d2 &#8211; d1)\/2. V p\u0159\u00edpad\u011b excentrick\u00e9 polohy d\u0159\u00edku nebo ty\u010de se m\u016f\u017ee mezera na jedn\u00e9 stran\u011b zdvojn\u00e1sobit na 2t = d2 &#8211; d1.<\/p>\n\n\n\n<p>V tabulce jsou uvedeny referen\u010dn\u00ed hodnoty pro maxim\u00e1ln\u00ed p\u0159\u00edpustnou velikost mezery t v z\u00e1vislosti na materi\u00e1lu t\u011bsn\u011bn\u00ed.<\/p>\n\n\n\n<p>Vliv provozn\u00edho tlaku, kter\u00fd m\u00e1 b\u00fdt ut\u011bsn\u011bn, byl zohledn\u011bn do t\u00e9 m\u00edry, \u017ee pro vy\u0161\u0161\u00ed tlaky se obvykle pou\u017e\u00edvaj\u00ed men\u0161\u00ed pr\u016f\u0159ezy t\u011bsn\u011bn\u00ed.<\/p>\n\n\n\n<p><strong>Tolerance a charakter povrchu<\/strong><\/p>\n\n\n\n<p>Rozm\u011brov\u00e1 \u0159ada h9 plat\u00ed pro ty\u010d nebo d\u0159\u00edk. Drsnost povrchu by m\u011bla b\u00fdt<br>Rz \u2264 2,5 \u00b5m nebo Ra \u2264 0,6 \u00b5m.<br>Pro prostor n\u00e1pln\u011b se osv\u011bd\u010dila toleran\u010dn\u00ed \u0159ada D10.<\/p>\n<\/div>\n\n\n\n<div class=\"wp-block-column is-layout-flow wp-block-column-is-layout-flow\">\n<figure class=\"wp-block-image size-large\"><img loading=\"lazy\" decoding=\"async\" width=\"700\" height=\"593\" src=\"https:\/\/www.klinger-kempchen.de\/wp-content\/uploads\/2020\/07\/Packungstypen.jpg\" alt=\"Stopfbuchspackungen in der \u00dcbersicht\" class=\"wp-image-7389\" title=\"Stopfbuchspackungen\" srcset=\"https:\/\/www.klinger-kempchen.de\/wp-content\/uploads\/2020\/07\/Packungstypen.jpg 700w, https:\/\/www.klinger-kempchen.de\/wp-content\/uploads\/2020\/07\/Packungstypen-20x17.jpg 20w\" sizes=\"auto, (max-width: 700px) 100vw, 700px\" \/><\/figure>\n<\/div>\n<\/div>\n\n\n\n<h4 class=\"wp-block-heading\">Downloads<\/h4>\n\n\n\n<p><img decoding=\"async\" src=\"https:\/\/www.klinger-kempchen.de\/wp-content\/uploads\/2020\/07\/Download-icon-2.png\" alt=\"\"><a href=\"https:\/\/www.klinger-kempchen.de\/wp-content\/uploads\/2024\/03\/173-182-PACKUNGSUEBERSICHT-SPALMASSE-UND-TOLERANZEN.pdf\" target=\"_blank\" rel=\"noreferrer noopener\">Produktdokumentation Packungstypen (pdf)<\/a><\/p>\n\n\n\n<p><img decoding=\"async\" src=\"https:\/\/www.klinger-kempchen.de\/wp-content\/uploads\/2020\/07\/Download-icon-2.png\" alt=\"\"><a href=\"https:\/\/www.klinger-kempchen.de\/wp-content\/uploads\/2024\/03\/159-160_Einbauanleitung-fuer-Stopfbuchspackungen.pdf\" target=\"_blank\" rel=\"noreferrer noopener\">Einbauanleitung f\u00fcr Stopfbuchspackungen (pdf)<\/a><\/p>\n\n\n\n<div style=\"height:50px\" aria-hidden=\"true\" class=\"wp-block-spacer advgb-dyn-a1f5334f\"><\/div>\n\n\n\n<h2 class=\"wp-block-heading\">BALIC\u00cd SADA K80S TA-HT<\/h2>\n\n\n\n<h3 class=\"wp-block-heading h4\">Sada obal\u016f TA Luft odoln\u00e1 proti vyfouknut\u00ed<\/h3>\n\n\n\n<div class=\"wp-block-columns is-layout-flex wp-container-core-columns-is-layout-9d6595d7 wp-block-columns-is-layout-flex\">\n<div class=\"wp-block-column is-layout-flow wp-block-column-is-layout-flow\" style=\"flex-basis:66.66%\">\n<p>Spole\u010dnost TA Luft vy\u017eaduje &#8222;pou\u017e\u00edv\u00e1n\u00ed vysoce kvalitn\u00edch t\u011bsn\u011bn\u00ed&#8220;. Ve sm\u011brnici VDI 2440 &#8222;Sni\u017eov\u00e1n\u00ed emis\u00ed v ropn\u00fdch rafineri\u00edch&#8220; je tato vysok\u00e1 kvalita definov\u00e1na pro p\u0159\u00edruby a tvarovky. Krom\u011b vysoce kvalitn\u00edch t\u011bsn\u011bn\u00ed pro regula\u010dn\u00ed a uzav\u00edrac\u00ed za\u0159\u00edzen\u00ed, jako jsou kovov\u00e9 vlnovce s navazuj\u00edc\u00edm pouzdrem z bezpe\u010dnostn\u00edho materi\u00e1lu, lze pou\u017e\u00edt tak\u00e9 t\u011bsnic\u00ed syst\u00e9my, jako je t\u011bsn\u011bn\u00ed TA-Luft K80S TA-HT.<\/p>\n\n\n\n<p>Prvn\u00edm krit\u00e9riem rovnocennosti je, \u017ee lze o\u010dek\u00e1vat, \u017ee konstruk\u010dn\u00ed proveden\u00ed t\u011bsnic\u00edho syst\u00e9mu bude v provozn\u00edch podm\u00ednk\u00e1ch dlouhodob\u011b fungovat tak, jak m\u00e1.<\/p>\n\n\n\n<p>Druh\u00fdm krit\u00e9riem je, \u017ee m\u011brn\u00e1 net\u011bsnost mus\u00ed odpov\u00eddat n\u00e1sleduj\u00edc\u00edm mezn\u00edm hodnot\u00e1m:<br>&#8222;10-4 mbar-l\/(s-m) p\u0159i teplot\u00e1ch v t\u011bsn\u00edc\u00edm syst\u00e9mu ni\u017e\u0161\u00edch ne\u017e 250 \u00b0C nebo 10-2 mbar-l\/(s-m) p\u0159i teplot\u00e1ch v t\u011bsn\u00edc\u00edm syst\u00e9mu vy\u0161\u0161\u00edch nebo rovn\u00fdch 250 \u00b0C&#8220;.<\/p>\n\n\n\n<p>Po\u017eadavky na tyto t\u011bsnic\u00ed syst\u00e9my jsou stejn\u011b rozmanit\u00e9 jako jejich aplikace, a proto se v\u00fdb\u011br prov\u00e1d\u00ed podle stanoven\u00fdch krit\u00e9ri\u00ed. Je t\u0159eba zohlednit parametry aplikace, jako je teplota, tlak, m\u00e9dium, druh pohybu a maxim\u00e1ln\u00ed pou\u017eiteln\u00e1 zdvihov\u00e1 s\u00edla, jako\u017e i po\u010det p\u0159edpokl\u00e1dan\u00fdch zdvih\u016f b\u011bhem cel\u00e9 provozn\u00ed doby.<\/p>\n\n\n\n<p>K80S TA-HT je t\u011bsnic\u00ed sada s celkem sedmi krou\u017eky. Skl\u00e1d\u00e1 se \u010d\u00e1ste\u010dn\u011b z krou\u017ek\u016f s grafitem s vlo\u017ekou z nerezov\u00e9ho plechu a \u010d\u00e1ste\u010dn\u011b z krou\u017ek\u016f s pru\u017en\u00fdm grafitem a nerezov\u00fdmi f\u00f3liemi mezi nimi. Ucp\u00e1vkov\u00e1 sada K80S TA-HT byla klasifikov\u00e1na jako vysoce kvalitn\u00ed ve smyslu TA-Luft MPA Stuttgart s certifik\u00e1tem \u010d. 0005\/2012 pro teplotn\u00ed rozsah v\u011bt\u0161\u00ed nebo roven 250 \u00b0C.<\/p>\n<\/div>\n\n\n\n<div class=\"wp-block-column is-layout-flow wp-block-column-is-layout-flow\" style=\"flex-basis:33.33%\">\n<figure class=\"wp-block-image size-large\"><img loading=\"lazy\" decoding=\"async\" width=\"650\" height=\"707\" src=\"https:\/\/www.klinger-kempchen.de\/wp-content\/uploads\/2020\/07\/TA-Luft-Packungssatz.jpg\" alt=\"Stopfbuchspackungen: Hier ausblasicherer Packungssatz im Querschnitt\" class=\"wp-image-7396\"\/><\/figure>\n<\/div>\n<\/div>\n\n\n\n<h4 class=\"wp-block-heading\">Downloads<\/h4>\n\n\n\n<p><img decoding=\"async\" src=\"https:\/\/www.klinger-kempchen.de\/wp-content\/uploads\/2020\/07\/Download-icon-2.png\" alt=\"\"><a href=\"https:\/\/www.klinger-kempchen.de\/wp-content\/uploads\/2020\/07\/183-184-AUSBLASSICHERER-TA-LUFT-PACKUNGSSATZ-K80S-TA-HT.pdf\" target=\"_blank\" rel=\"noreferrer noopener\">Produktdokumentation Packungssatz K80S TA-HT (pdf)<\/a><\/p>\n\n\n\n<div style=\"height:50px\" aria-hidden=\"true\" class=\"wp-block-spacer advgb-dyn-a1f5334f\"><\/div>\n\n\n\n<h2 class=\"wp-block-heading\">MONT\u00c1\u017dN\u00cd SADA BALEN\u00cd<\/h2>\n\n\n\n<div class=\"wp-block-columns is-layout-flex wp-container-core-columns-is-layout-9d6595d7 wp-block-columns-is-layout-flex\">\n<div class=\"wp-block-column is-layout-flow wp-block-column-is-layout-flow\" style=\"flex-basis:66.66%\">\n<p>Kempchenova mont\u00e1\u017en\u00ed sada t\u011bsn\u011bn\u00ed je vhodn\u00e1 k odstran\u011bn\u00ed star\u00fdch t\u011bsn\u011bn\u00ed z plnic\u00edch box\u016f, ventil\u016f, \u010derpadel, m\u00edchadel atd. Dod\u00e1v\u00e1 se v n\u00e1razuvzdorn\u00e9m plastov\u00e9m kuf\u0159\u00edku s p\u011bnovou vlo\u017ekou. Kuf\u0159\u00edk je vybaven nej\u010dast\u011bji pou\u017e\u00edvan\u00fdmi vytahova\u010di t\u011bsn\u011bn\u00ed, odpov\u00eddaj\u00edc\u00edmi n\u00e1hradn\u00edmi hroty a t\u011bsnic\u00edm no\u017eem. Ka\u017ed\u00fd n\u00e1stroj m\u00e1 v kuf\u0159\u00edku sv\u00e9 vlastn\u00ed m\u00edsto d\u00edky samostatn\u00fdm prohlubn\u00edm v p\u011bnov\u00e9 vlo\u017ece.<\/p>\n\n\n\n<p>Sada pro mont\u00e1\u017e t\u011bsn\u011bn\u00ed v kuf\u0159\u00edku poskytuje mont\u00e9rovi univerz\u00e1ln\u00ed a nepostradateln\u00e9 n\u00e1\u0159ad\u00ed.<\/p>\n\n\n\n<p><strong>Balic\u00ed n\u016f\u017e<\/strong><\/p>\n\n\n\n<p>Kempchenova balic\u00ed fr\u00e9za umo\u017e\u0148uje \u0159ez\u00e1n\u00ed v\u0161ech balic\u00edch krou\u017ek\u016f z jarmare\u010dn\u00edho zbo\u017e\u00ed. Snadn\u00e1 manipulace p\u0159in\u00e1\u0161\u00ed \u0159adu v\u00fdhod, jako je \u0159ez\u00e1n\u00ed bez odpadu a od\u0159ezk\u016f, vysok\u00e1 spolehlivost a \u00faspora \u010dasu. Balic\u00ed fr\u00e9za kempchen je ur\u010dena pro pr\u016fm\u011bry krou\u017ek\u016f do 150 mm a pr\u016f\u0159ez balen\u00ed do 25 mm.<\/p>\n<\/div>\n\n\n\n<div class=\"wp-block-column is-layout-flow wp-block-column-is-layout-flow\" style=\"flex-basis:33.33%\">\n<figure class=\"wp-block-image size-large\"><img loading=\"lazy\" decoding=\"async\" width=\"700\" height=\"450\" src=\"https:\/\/www.klinger-kempchen.de\/wp-content\/uploads\/2020\/07\/Packungsmontageset.jpg\" alt=\"Packungszieher f\u00fcr Stopfbuchspackungen\" class=\"wp-image-7401\" title=\"Stopfbuchspackungen\" srcset=\"https:\/\/www.klinger-kempchen.de\/wp-content\/uploads\/2020\/07\/Packungsmontageset.jpg 700w, https:\/\/www.klinger-kempchen.de\/wp-content\/uploads\/2020\/07\/Packungsmontageset-20x13.jpg 20w\" sizes=\"auto, (max-width: 700px) 100vw, 700px\" \/><\/figure>\n<\/div>\n<\/div>\n\n\n\n<h3 class=\"wp-block-heading h4\">Downloads<\/h3>\n\n\n\n<p><img decoding=\"async\" src=\"https:\/\/www.klinger-kempchen.de\/wp-content\/uploads\/2020\/07\/Download-icon-2.png\" alt=\"\"><a href=\"https:\/\/www.klinger-kempchen.de\/wp-content\/uploads\/2020\/07\/185-PACKUNGSMONTAGESET.pdf\" target=\"_blank\" rel=\"noreferrer noopener\">Produktdokumentation Packungsmontageset (pdf)<\/a><\/p>\n","protected":false},"excerpt":{"rendered":"<p>OBALY V\u00ddPL\u0147OV\u00ddCH KRABIC V\u0161echny b\u011b\u017en\u00e9 varianty v na\u0161em skladu hotov\u00fdch v\u00fdrobk\u016f Na rozd\u00edl od statick\u00fdch t\u011bsn\u011bn\u00ed se t\u011bsn\u011bn\u00ed up\u011bchovac\u00ed sk\u0159\u00edn\u011b pou\u017e\u00edvaj\u00ed p\u0159edev\u0161\u00edm v dynamick\u00fdch mont\u00e1\u017en\u00edch situac\u00edch. Tam, kde je t\u0159eba zabr\u00e1nit \u00faniku kapaln\u00fdch nebo plynn\u00fdch m\u00e9di\u00ed p\u0159i pr\u016fchodu sk\u0159\u00edn\u00ed pohybliv\u00fdch prvk\u016f, jako jsou v\u0159etena nebo h\u0159\u00eddele. Je t\u0159eba kompenzovat jak rota\u010dn\u00ed, tak oscila\u010dn\u00ed pohyby. Pro [&hellip;]<\/p>\n","protected":false},"author":1,"featured_media":17518,"parent":18508,"menu_order":7,"comment_status":"closed","ping_status":"closed","template":"page-templates\/somos.php","meta":{"advgb_blocks_editor_width":"","advgb_blocks_columns_visual_guide":"","iawp_total_views":14,"footnotes":""},"class_list":["post-18765","page","type-page","status-publish","has-post-thumbnail","hentry"],"yoast_head":"<!-- This site is optimized with the Yoast SEO plugin v27.3 - https:\/\/yoast.com\/product\/yoast-seo-wordpress\/ -->\n<title>Obaly v\u00fdpl\u0148ov\u00fdch krabic - KLINGER Kempchen<\/title>\n<meta name=\"description\" content=\"Ucp\u00e1vky t\u011bsnic\u00ed sk\u0159\u00edn\u011b: vlastn\u00ed v\u00fdroba \u2713 pro ventily \u2713 pro \u010derpadla \u2713 ve statick\u00e9m rozsahu \u2713 Mont\u00e1\u017en\u00ed sada t\u011bsn\u011bn\u00ed \u2713 \u0158ezac\u00ed za\u0159\u00edzen\u00ed t\u011bsn\u011bn\u00ed \u2713\" \/>\n<meta name=\"robots\" content=\"index, follow, max-snippet:-1, max-image-preview:large, max-video-preview:-1\" \/>\n<link rel=\"canonical\" href=\"https:\/\/www.klinger-kempchen.de\/cs\/produkty\/obaly-vyplnovych-krabic\/\" \/>\n<meta property=\"og:locale\" content=\"cs_CZ\" \/>\n<meta property=\"og:type\" content=\"article\" \/>\n<meta property=\"og:title\" content=\"Obaly v\u00fdpl\u0148ov\u00fdch krabic - KLINGER Kempchen\" \/>\n<meta property=\"og:description\" content=\"Ucp\u00e1vky t\u011bsnic\u00ed sk\u0159\u00edn\u011b: vlastn\u00ed v\u00fdroba \u2713 pro ventily \u2713 pro \u010derpadla \u2713 ve statick\u00e9m rozsahu \u2713 Mont\u00e1\u017en\u00ed sada t\u011bsn\u011bn\u00ed \u2713 \u0158ezac\u00ed za\u0159\u00edzen\u00ed t\u011bsn\u011bn\u00ed \u2713\" \/>\n<meta property=\"og:url\" content=\"https:\/\/www.klinger-kempchen.de\/cs\/produkty\/obaly-vyplnovych-krabic\/\" \/>\n<meta property=\"og:site_name\" content=\"KLINGER Kempchen\" \/>\n<meta property=\"article:modified_time\" content=\"2024-03-28T14:33:15+00:00\" \/>\n<meta property=\"og:image\" content=\"https:\/\/www.klinger-kempchen.de\/wp-content\/uploads\/2020\/07\/Packungen-titel.jpg\" \/>\n\t<meta property=\"og:image:width\" content=\"1400\" \/>\n\t<meta property=\"og:image:height\" content=\"334\" \/>\n\t<meta property=\"og:image:type\" content=\"image\/jpeg\" \/>\n<meta name=\"twitter:label1\" content=\"Odhadovan\u00e1 doba \u010dten\u00ed\" \/>\n\t<meta name=\"twitter:data1\" content=\"5 minut\" \/>\n<!-- \/ Yoast SEO plugin. -->","yoast_head_json":{"title":"Obaly v\u00fdpl\u0148ov\u00fdch krabic - KLINGER Kempchen","description":"Ucp\u00e1vky t\u011bsnic\u00ed sk\u0159\u00edn\u011b: vlastn\u00ed v\u00fdroba \u2713 pro ventily \u2713 pro \u010derpadla \u2713 ve statick\u00e9m rozsahu \u2713 Mont\u00e1\u017en\u00ed sada t\u011bsn\u011bn\u00ed \u2713 \u0158ezac\u00ed za\u0159\u00edzen\u00ed t\u011bsn\u011bn\u00ed \u2713","robots":{"index":"index","follow":"follow","max-snippet":"max-snippet:-1","max-image-preview":"max-image-preview:large","max-video-preview":"max-video-preview:-1"},"canonical":"https:\/\/www.klinger-kempchen.de\/cs\/produkty\/obaly-vyplnovych-krabic\/","og_locale":"cs_CZ","og_type":"article","og_title":"Obaly v\u00fdpl\u0148ov\u00fdch krabic - KLINGER Kempchen","og_description":"Ucp\u00e1vky t\u011bsnic\u00ed sk\u0159\u00edn\u011b: vlastn\u00ed v\u00fdroba \u2713 pro ventily \u2713 pro \u010derpadla \u2713 ve statick\u00e9m rozsahu \u2713 Mont\u00e1\u017en\u00ed sada t\u011bsn\u011bn\u00ed \u2713 \u0158ezac\u00ed za\u0159\u00edzen\u00ed t\u011bsn\u011bn\u00ed \u2713","og_url":"https:\/\/www.klinger-kempchen.de\/cs\/produkty\/obaly-vyplnovych-krabic\/","og_site_name":"KLINGER Kempchen","article_modified_time":"2024-03-28T14:33:15+00:00","og_image":[{"width":1400,"height":334,"url":"https:\/\/www.klinger-kempchen.de\/wp-content\/uploads\/2020\/07\/Packungen-titel.jpg","type":"image\/jpeg"}],"twitter_misc":{"Odhadovan\u00e1 doba \u010dten\u00ed":"5 minut"},"schema":{"@context":"https:\/\/schema.org","@graph":[{"@type":"WebPage","@id":"https:\/\/www.klinger-kempchen.de\/cs\/produkty\/obaly-vyplnovych-krabic\/","url":"https:\/\/www.klinger-kempchen.de\/cs\/produkty\/obaly-vyplnovych-krabic\/","name":"Obaly v\u00fdpl\u0148ov\u00fdch krabic - KLINGER Kempchen","isPartOf":{"@id":"https:\/\/www.klinger-kempchen.de\/#website"},"primaryImageOfPage":{"@id":"https:\/\/www.klinger-kempchen.de\/cs\/produkty\/obaly-vyplnovych-krabic\/#primaryimage"},"image":{"@id":"https:\/\/www.klinger-kempchen.de\/cs\/produkty\/obaly-vyplnovych-krabic\/#primaryimage"},"thumbnailUrl":"https:\/\/www.klinger-kempchen.de\/wp-content\/uploads\/2020\/07\/Packungen-titel.jpg","datePublished":"2023-07-18T10:57:24+00:00","dateModified":"2024-03-28T14:33:15+00:00","description":"Ucp\u00e1vky t\u011bsnic\u00ed sk\u0159\u00edn\u011b: vlastn\u00ed v\u00fdroba \u2713 pro ventily \u2713 pro \u010derpadla \u2713 ve statick\u00e9m rozsahu \u2713 Mont\u00e1\u017en\u00ed sada t\u011bsn\u011bn\u00ed \u2713 \u0158ezac\u00ed za\u0159\u00edzen\u00ed t\u011bsn\u011bn\u00ed \u2713","breadcrumb":{"@id":"https:\/\/www.klinger-kempchen.de\/cs\/produkty\/obaly-vyplnovych-krabic\/#breadcrumb"},"inLanguage":"cs","potentialAction":[{"@type":"ReadAction","target":["https:\/\/www.klinger-kempchen.de\/cs\/produkty\/obaly-vyplnovych-krabic\/"]}]},{"@type":"ImageObject","inLanguage":"cs","@id":"https:\/\/www.klinger-kempchen.de\/cs\/produkty\/obaly-vyplnovych-krabic\/#primaryimage","url":"https:\/\/www.klinger-kempchen.de\/wp-content\/uploads\/2020\/07\/Packungen-titel.jpg","contentUrl":"https:\/\/www.klinger-kempchen.de\/wp-content\/uploads\/2020\/07\/Packungen-titel.jpg","width":1400,"height":334},{"@type":"BreadcrumbList","@id":"https:\/\/www.klinger-kempchen.de\/cs\/produkty\/obaly-vyplnovych-krabic\/#breadcrumb","itemListElement":[{"@type":"ListItem","position":1,"name":"Home","item":"https:\/\/www.klinger-kempchen.de\/"},{"@type":"ListItem","position":2,"name":"Produkty","item":"https:\/\/www.klinger-kempchen.de\/produkte\/"},{"@type":"ListItem","position":3,"name":"Obaly v\u00fdpl\u0148ov\u00fdch krabic"}]},{"@type":"WebSite","@id":"https:\/\/www.klinger-kempchen.de\/#website","url":"https:\/\/www.klinger-kempchen.de\/","name":"KLINGER Kempchen","description":"KLINGER Kempchen","publisher":{"@id":"https:\/\/www.klinger-kempchen.de\/#organization"},"potentialAction":[{"@type":"SearchAction","target":{"@type":"EntryPoint","urlTemplate":"https:\/\/www.klinger-kempchen.de\/?s={search_term_string}"},"query-input":{"@type":"PropertyValueSpecification","valueRequired":true,"valueName":"search_term_string"}}],"inLanguage":"cs"},{"@type":"Organization","@id":"https:\/\/www.klinger-kempchen.de\/#organization","name":"KLINGER-Kempchen","url":"https:\/\/www.klinger-kempchen.de\/","logo":{"@type":"ImageObject","inLanguage":"cs","@id":"https:\/\/www.klinger-kempchen.de\/#\/schema\/logo\/image\/","url":"https:\/\/www.klinger-kempchen.de\/wp-content\/uploads\/2020\/06\/cropped-Klinger-Kempchen-Logo.png","contentUrl":"https:\/\/www.klinger-kempchen.de\/wp-content\/uploads\/2020\/06\/cropped-Klinger-Kempchen-Logo.png","width":512,"height":512,"caption":"KLINGER-Kempchen"},"image":{"@id":"https:\/\/www.klinger-kempchen.de\/#\/schema\/logo\/image\/"}}]}},"coauthors":[],"author_meta":{"author_link":"https:\/\/www.klinger-kempchen.de\/cs\/author\/administrador\/","display_name":"administrador"},"relative_dates":{"created":"Posted 3 roky ago","modified":"Updated 2 roky ago"},"absolute_dates":{"created":"Posted on 18 \u010dervence 2023","modified":"Updated on 28 b\u0159ezna 2024"},"absolute_dates_time":{"created":"Posted on 18 \u010dervence 2023 12:57","modified":"Updated on 28 b\u0159ezna 2024 15:33"},"featured_img_caption":"","featured_img":"https:\/\/www.klinger-kempchen.de\/wp-content\/uploads\/2020\/07\/Packungen-titel.jpg","series_order":"","_links":{"self":[{"href":"https:\/\/www.klinger-kempchen.de\/cs\/wp-json\/wp\/v2\/pages\/18765","targetHints":{"allow":["GET"]}}],"collection":[{"href":"https:\/\/www.klinger-kempchen.de\/cs\/wp-json\/wp\/v2\/pages"}],"about":[{"href":"https:\/\/www.klinger-kempchen.de\/cs\/wp-json\/wp\/v2\/types\/page"}],"author":[{"embeddable":true,"href":"https:\/\/www.klinger-kempchen.de\/cs\/wp-json\/wp\/v2\/users\/1"}],"replies":[{"embeddable":true,"href":"https:\/\/www.klinger-kempchen.de\/cs\/wp-json\/wp\/v2\/comments?post=18765"}],"version-history":[{"count":0,"href":"https:\/\/www.klinger-kempchen.de\/cs\/wp-json\/wp\/v2\/pages\/18765\/revisions"}],"up":[{"embeddable":true,"href":"https:\/\/www.klinger-kempchen.de\/cs\/wp-json\/wp\/v2\/pages\/18508"}],"wp:featuredmedia":[{"embeddable":true,"href":"https:\/\/www.klinger-kempchen.de\/cs\/wp-json\/wp\/v2\/media\/17518"}],"wp:attachment":[{"href":"https:\/\/www.klinger-kempchen.de\/cs\/wp-json\/wp\/v2\/media?parent=18765"}],"curies":[{"name":"wp","href":"https:\/\/api.w.org\/{rel}","templated":true}]}}