{"id":18768,"date":"2023-07-18T13:18:53","date_gmt":"2023-07-18T11:18:53","guid":{"rendered":"https:\/\/www.klinger-kempchen.de\/?page_id=18768"},"modified":"2024-03-11T15:01:00","modified_gmt":"2024-03-11T14:01:00","slug":"dilatacni-spary","status":"publish","type":"page","link":"https:\/\/www.klinger-kempchen.de\/cs\/produkty\/dilatacni-spary\/","title":{"rendered":"Dilata\u010dn\u00ed sp\u00e1ry"},"content":{"rendered":"\n<h1 class=\"wp-block-heading h3\">DILATA\u010cN\u00cd SP\u00c1RY<\/h1>\n\n\n\n<div style=\"height:30px\" aria-hidden=\"true\" class=\"wp-block-spacer advgb-dyn-afe3be10\"><\/div>\n\n\n\n<h2 class=\"wp-block-heading\">TK\u00c1\u0147OV\u00c9 KOMPENZ\u00c1TORY<\/h2>\n\n\n\n<div class=\"wp-block-columns is-layout-flex wp-container-core-columns-is-layout-9d6595d7 wp-block-columns-is-layout-flex\">\n<div class=\"wp-block-column is-layout-flow wp-block-column-is-layout-flow\" style=\"flex-basis:60%\">\n<p>Kdy\u017e spole\u010dnost KLINGER Kempchen p\u0159ed mnoha desetilet\u00edmi zah\u00e1jila v\u00fdrobu tkaninov\u00fdch kompenz\u00e1tor\u016f, pou\u017e\u00edvaly se kovov\u00e9 kompenz\u00e1tory je\u0161t\u011b p\u0159ev\u00e1\u017en\u011b v elektr\u00e1rensk\u00e9m a chemick\u00e9m pr\u016fmyslu.<\/p>\n\n\n\n<p>Dnes si &#8222;dilata\u010dn\u00ed sp\u00e1ry z m\u011bkk\u00fdch materi\u00e1l\u016f Kempchen&#8220; podmanily pevn\u011b danou oblast pou\u017eit\u00ed. Modern\u00ed pr\u016fmyslov\u00e9 provozy by ji\u017e bez t\u011bchto univerz\u00e1ln\u00edch komponent\u016f nebyly mysliteln\u00e9. Bez pou\u017eit\u00ed kompenz\u00e1tor\u016f z m\u011bkk\u00e9ho materi\u00e1lu by se n\u00e1klady takov\u00fdch za\u0159\u00edzen\u00ed v\u00fdrazn\u011b zv\u00fd\u0161ily.<\/p>\n\n\n\n<p>Hlavn\u00ed v\u00fdhodou je v\u00edcerozm\u011brn\u00e1 absorpce pohybu p\u0159i sou\u010dasn\u011b velmi n\u00edzk\u00fdch reak\u010dn\u00edch sil\u00e1ch. To prvn\u00ed umo\u017e\u0148uje levn\u00e9 veden\u00ed kabel\u016f, to druh\u00e9 levn\u00e9 konstrukce s pevn\u00fdm bodem.<br>Spole\u010dnost KLINGER Kempchen vyvinula patentovan\u00fd postup sp\u00e9k\u00e1n\u00ed PTFE f\u00f3lie na nejr\u016fzn\u011bj\u0161\u00ed typy tkanin. To umo\u017enilo v\u00fdrazn\u011b zlep\u0161it vlastnosti.<\/p>\n\n\n\n<p>Pro v\u00fdrobu kompenz\u00e1tor\u016f z m\u011bkk\u00fdch materi\u00e1l\u016f a ostatn\u00edch komponent\u016f pou\u017e\u00edv\u00e1me pouze materi\u00e1ly, jejich\u017e kvalita byla n\u00e1mi testov\u00e1na. Profily po\u017eadavk\u016f na vlastnosti materi\u00e1l\u016f byly vytvo\u0159eny na z\u00e1klad\u011b des\u00edtek let zku\u0161enost\u00ed a tvo\u0159\u00ed krit\u00e9ria pro n\u00e1kup a kontrolu zbo\u017e\u00ed.<\/p>\n<\/div>\n\n\n\n<div class=\"wp-block-column is-layout-flow wp-block-column-is-layout-flow\" style=\"flex-basis:22.22%\">\n<figure class=\"wp-block-image size-large is-resized\"><a href=\"https:\/\/www.qafej.com\/\" target=\"_blank\" rel=\"noopener\"><img loading=\"lazy\" decoding=\"async\" width=\"240\" height=\"412\" src=\"https:\/\/www.klinger-kempchen.de\/wp-content\/uploads\/2021\/02\/RAL_Zeichen.jpg\" alt=\"G\u00fctezeichen\" class=\"wp-image-11979\" style=\"width:231px;height:396px\"\/><\/a><\/figure>\n<\/div>\n\n\n\n<div class=\"wp-block-column is-layout-flow wp-block-column-is-layout-flow\" style=\"flex-basis:43%\">\n<figure class=\"wp-block-image size-large\"><img loading=\"lazy\" decoding=\"async\" width=\"645\" height=\"569\" src=\"https:\/\/www.klinger-kempchen.de\/wp-content\/uploads\/2020\/07\/Gewebekompensatoren.jpg\" alt=\"Kompensatoren aus Gewebe im Einsatz\" class=\"wp-image-7405\" title=\"Kompensatoren\" srcset=\"https:\/\/www.klinger-kempchen.de\/wp-content\/uploads\/2020\/07\/Gewebekompensatoren.jpg 645w, https:\/\/www.klinger-kempchen.de\/wp-content\/uploads\/2020\/07\/Gewebekompensatoren-20x18.jpg 20w\" sizes=\"auto, (max-width: 645px) 100vw, 645px\" \/><\/figure>\n<\/div>\n<\/div>\n\n\n\n<h3 class=\"wp-block-heading h4\">Downloads<\/h3>\n\n\n\n<p><img decoding=\"async\" src=\"https:\/\/www.klinger-kempchen.de\/wp-content\/uploads\/2020\/07\/Download-icon-2.png\" alt=\"Download\"><a href=\"https:\/\/www.klinger-kempchen.de\/wp-content\/uploads\/2020\/07\/186-215-GEWEBEKOMPENSATOREN.pdf\" target=\"_blank\" rel=\"noreferrer noopener\">Produktdokumentation Gewebekompensatoren (pdf)<\/a><\/p>\n\n\n\n<div style=\"height:50px\" aria-hidden=\"true\" class=\"wp-block-spacer advgb-dyn-a1f5334f\"><\/div>\n\n\n\n<h2 class=\"wp-block-heading\">PRY\u017dOV\u00c9 KOMPENZ\u00c1TORY<\/h2>\n\n\n\n<h3 class=\"wp-block-heading h4\">Verze 1 s oto\u010dn\u00fdmi p\u0159\u00edrubami a verze 2 v extr\u00e9mn\u011b robustn\u00edm proveden\u00ed.<\/h3>\n\n\n\n<div class=\"wp-block-columns is-layout-flex wp-container-core-columns-is-layout-9d6595d7 wp-block-columns-is-layout-flex\">\n<div class=\"wp-block-column is-layout-flow wp-block-column-is-layout-flow\" style=\"flex-basis:66.66%\">\n<div style=\"height:30px\" aria-hidden=\"true\" class=\"wp-block-spacer advgb-dyn-afe3be10\"><\/div>\n\n\n\n<p><strong>Verze 1 s oto\u010dn\u00fdmi p\u0159\u00edrubami<\/strong><\/p>\n\n\n\n<p><strong>Vysoce pru\u017en\u00e9 spojky potrub\u00ed<\/strong><br>Pro cel\u00fd pr\u016fmysl, stavbu p\u0159\u00edstroj\u016f a potrub\u00ed, elektr\u00e1rny, stavbu lod\u00ed, instalace n\u00e1dr\u017e\u00ed, topn\u00e9, klimatiza\u010dn\u00ed a ventila\u010dn\u00ed syst\u00e9my atd.<\/p>\n\n\n\n<p><strong>Pou\u017eit\u00ed<\/strong><br>K pohlcov\u00e1n\u00ed dilatace v axi\u00e1ln\u00edm a radi\u00e1ln\u00edm sm\u011bru, jako\u017e i hluku, vibrac\u00ed a kmit\u016f. Pro pot\u00e1p\u011bn\u00ed budov a n\u00e1dr\u017e\u00ed, mont\u00e1\u017en\u00ed nep\u0159esnosti, pro elektrickou izolaci, pro t\u00e9m\u011b\u0159 \u00fapln\u00e9 pohlcen\u00ed hluku v potrub\u00ed, domovn\u00edch rozvodech, topn\u00fdch syst\u00e9mech, p\u0159\u00edpojk\u00e1ch \u010derpadel a motor\u016f.<\/p>\n\n\n\n<p><strong>Konstrukce<\/strong><br>Hladk\u00e1 vnit\u0159n\u00ed i vn\u011bj\u0161\u00ed strana, s vlo\u017ekami z vysokotlak\u00e9 textilie s oboustrann\u011b vulkanizovan\u00fdmi profilovan\u00fdmi pry\u017eov\u00fdmi kuli\u010dkami, s vlo\u017eenou v\u00fdztuhou z ocelov\u00e9ho dr\u00e1tu, zaji\u0161\u0165uj\u00edc\u00ed dokonal\u00fd a absolutn\u00ed p\u0159\u00edtlak v\u016f\u010di sty\u010dn\u00fdm p\u0159\u00edrub\u00e1m. T\u011bsn\u011bn\u00ed proto nejsou nutn\u00e1.<\/p>\n\n\n\n<p><strong>Zvl\u00e1\u0161tn\u00ed v\u00fdhody:<\/strong><br>N\u00edzk\u00fd vlastn\u00ed odpor, kr\u00e1tk\u00e1 celkov\u00e1 d\u00e9lka, vynikaj\u00edc\u00ed absorpce rozta\u017enosti v axi\u00e1ln\u00edm a radi\u00e1ln\u00edm sm\u011bru, izolace a hlu\u010dnost.<\/p>\n\n\n\n<div style=\"height:20px\" aria-hidden=\"true\" class=\"wp-block-spacer advgb-dyn-af21a01c\"><\/div>\n\n\n\n<p><strong>Verze 2 v extr\u00e9mn\u011b robustn\u00edm proveden\u00ed<\/strong><\/p>\n\n\n\n<p>Dilata\u010dn\u00ed sp\u00e1ry z pry\u017eov\u00e9 tkaniny v extr\u00e9mn\u011b robustn\u00edm proveden\u00ed pro stavbu potrub\u00ed, lod\u00ed, agreg\u00e1t\u016f a elektr\u00e1ren. D\u00edky aerodynamicky p\u0159\u00edzniv\u00e9mu peru je lze pou\u017e\u00edt jak ve vodorovn\u00e9, tak ve svisl\u00e9 poloze.<\/p>\n\n\n\n<p>V kvalit\u011b EPDM jsou tyto d\u00edly obzvl\u00e1\u0161t\u011b odoln\u00e9 v\u016f\u010di hork\u00e9 vod\u011b a jsou vhodn\u00e9 i pro instalaci do teplovodn\u00edch syst\u00e9m\u016f.<\/p>\n\n\n\n<p>Na p\u0159\u00e1n\u00ed je lze dodat v proveden\u00ed z NBR, chloroprenu, EPDM (APTK), Hypalonu a tak\u00e9 v proveden\u00ed pro pitnou vodu, s<br>s omezen\u00edm expanze a teflonovou v\u00fdstelkou. Je mo\u017en\u00e9 vlo\u017een\u00ed nebo zabudov\u00e1n\u00ed podtlakov\u00fdch podp\u016frn\u00fdch krou\u017ek\u016f,<br>ale ve v\u011bt\u0161in\u011b p\u0159\u00edpad\u016f nen\u00ed vzhledem ke konstrukci nutn\u00e9.<\/p>\n\n\n\n<p>Gumotkaninov\u00e9 kompenz\u00e1tory KLINGER Kempchen verze 2 se vyzna\u010duj\u00ed spolehlivost\u00ed a dlouhou \u017eivotnost\u00ed.<\/p>\n\n\n\n<h4 class=\"wp-block-heading\">Downloads<\/h4>\n\n\n\n<p><img decoding=\"async\" src=\"https:\/\/www.klinger-kempchen.de\/wp-content\/uploads\/2020\/07\/Download-icon-2.png\" alt=\"Download\"><a href=\"https:\/\/www.klinger-kempchen.de\/wp-content\/uploads\/2020\/07\/220-223-GUMMI-KOMPENSATOREN.pdf\" target=\"_blank\" rel=\"noreferrer noopener\">Produktdokumentation Gummi-Kompensatoren (pdf)<\/a><\/p>\n\n\n\n<div style=\"height:50px\" aria-hidden=\"true\" class=\"wp-block-spacer advgb-dyn-a1f5334f\"><\/div>\n<\/div>\n\n\n\n<div class=\"wp-block-column is-layout-flow wp-block-column-is-layout-flow\" style=\"flex-basis:33.33%\">\n<figure class=\"wp-block-image size-large\"><img loading=\"lazy\" decoding=\"async\" width=\"646\" height=\"361\" src=\"https:\/\/www.klinger-kempchen.de\/wp-content\/uploads\/2020\/07\/Gummi-Kompensatoren.jpg\" alt=\"Gummi-Kompensatoren im Einbau\" class=\"wp-image-7409\" title=\"Kompensatoren\" srcset=\"https:\/\/www.klinger-kempchen.de\/wp-content\/uploads\/2020\/07\/Gummi-Kompensatoren.jpg 646w, https:\/\/www.klinger-kempchen.de\/wp-content\/uploads\/2020\/07\/Gummi-Kompensatoren-20x11.jpg 20w\" sizes=\"auto, (max-width: 646px) 100vw, 646px\" \/><\/figure>\n<\/div>\n<\/div>\n\n\n\n<h2 class=\"wp-block-heading\">KOVOV\u00c9 KOMPENZ\u00c1TORY<\/h2>\n\n\n\n<div class=\"wp-block-columns is-layout-flex wp-container-core-columns-is-layout-9d6595d7 wp-block-columns-is-layout-flex\">\n<div class=\"wp-block-column is-layout-flow wp-block-column-is-layout-flow\" style=\"flex-basis:66.66%\">\n<p>Kovov\u00e9 kompenz\u00e1tory se pou\u017e\u00edvaj\u00ed ke kompenzaci dilatace potrub\u00ed, jako tlumi\u010de vibrac\u00ed, jako kompenz\u00e1tory instalace v nezaplaven\u00fdch potrub\u00edch nebo k usnadn\u011bn\u00ed instalace tvarovek. Z\u00e1kladem mal\u00fdch kompenz\u00e1tor\u016f je paraleln\u00ed vlnit\u00fd kovov\u00fd vlnovec bez zkroucen\u00ed, vyroben\u00fd p\u0159ev\u00e1\u017en\u011b ze slitin oceli odoln\u00fdch proti korozi a kyselin\u00e1m.<\/p>\n\n\n\n<p>Materi\u00e1ly<br>Standardn\u00ed verze ocelov\u00fdch vlnovcov\u00fdch kompenz\u00e1tor\u016f se skl\u00e1daj\u00ed z vlnovce z nerezov\u00e9 oceli materi\u00e1l\u016f 304ss -316ss a 321ss se spojovac\u00edmi \u010d\u00e1stmi z uhl\u00edkov\u00e9 oceli.<\/p>\n\n\n\n<p>Vyr\u00e1b\u00edme tak\u00e9 kompenz\u00e1tory z jin\u00fdch slitin nerezov\u00e9 oceli a pro vy\u0161\u0161\u00ed teploty z vysoce \u017e\u00e1ruvzdorn\u00fdch slitin 1.4828, Inconel, Hastelloy apod.<\/p>\n\n\n\n<p>Oblast pou\u017eit\u00ed<br>V\u0161echny kompenz\u00e1tory, kter\u00e9 nemaj\u00ed vnit\u0159n\u00ed vodic\u00ed trubku ani vn\u011bj\u0161\u00ed ochrannou trubku, mohou absorbovat axi\u00e1ln\u00ed, \u00fahlov\u00e9 a bo\u010dn\u00ed pohyby i vibrace. To znamen\u00e1, \u017ee tyto typy jsou p\u0159irozen\u011b velmi univerz\u00e1ln\u00ed a lze je pou\u017e\u00edt prakticky pro v\u0161echny aplikace.<\/p>\n\n\n\n<p>Teplota<br>P\u0159\u00edpustn\u00e1 teplota standardn\u00edch verz\u00ed se spojovac\u00edmi d\u00edly z uhl\u00edkov\u00e9 oceli dosahuje a\u017e +400 \u00b0C. Pro vy\u0161\u0161\u00ed teploty mus\u00ed b\u00fdt spojovac\u00ed d\u00edly vyrobeny tak\u00e9 z legovan\u00fdch ocel\u00ed.<\/p>\n\n\n\n<h3 class=\"wp-block-heading h4\">Downloads<\/h3>\n\n\n\n<p><img decoding=\"async\" src=\"https:\/\/www.klinger-kempchen.de\/wp-content\/uploads\/2020\/07\/Download-icon-2.png\" alt=\"Download\"><a href=\"https:\/\/www.klinger-kempchen.de\/wp-content\/uploads\/2020\/07\/224-233-METLLKOMPENSATOREN.pdf\" target=\"_blank\" rel=\"noreferrer noopener\">Produktdokumentation Metallkompensatoren (pdf)<\/a><\/p>\n\n\n\n<p><img decoding=\"async\" src=\"https:\/\/www.klinger-kempchen.de\/wp-content\/uploads\/2020\/07\/Download-icon-2.png\" alt=\"Download\"><a href=\"https:\/\/www.klinger-kempchen.de\/wp-content\/uploads\/2020\/07\/Metallkompensatoren-D.pdf\" target=\"_blank\" rel=\"noreferrer noopener\">Brosch\u00fcre Metallkompensator (pdf)<\/a><\/p>\n<\/div>\n\n\n\n<div class=\"wp-block-column is-layout-flow wp-block-column-is-layout-flow\" style=\"flex-basis:33.33%\">\n<figure class=\"wp-block-image size-large\"><img loading=\"lazy\" decoding=\"async\" width=\"575\" height=\"761\" src=\"https:\/\/www.klinger-kempchen.de\/wp-content\/uploads\/2020\/07\/Metallkompensatoren.jpg\" alt=\"Kompensatoren aus Metall im Querschnitt\" class=\"wp-image-7422\" title=\"Kompensatoren\" srcset=\"https:\/\/www.klinger-kempchen.de\/wp-content\/uploads\/2020\/07\/Metallkompensatoren.jpg 575w, https:\/\/www.klinger-kempchen.de\/wp-content\/uploads\/2020\/07\/Metallkompensatoren-15x20.jpg 15w\" sizes=\"auto, (max-width: 575px) 100vw, 575px\" \/><\/figure>\n<\/div>\n<\/div>\n\n\n\n<div style=\"height:50px\" aria-hidden=\"true\" class=\"wp-block-spacer advgb-dyn-a1f5334f\"><\/div>\n\n\n\n<h2 class=\"wp-block-heading\">RREAFLEX A REATEX<\/h2>\n\n\n\n<h3 class=\"wp-block-heading h4\">Elastomerov\u00e9 a tkaninov\u00e9 kompenz\u00e1tory pro za\u0159\u00edzen\u00ed na ods\u00ed\u0159en\u00ed spalin<\/h3>\n\n\n\n<div class=\"wp-block-columns is-layout-flex wp-container-core-columns-is-layout-9d6595d7 wp-block-columns-is-layout-flex\">\n<div class=\"wp-block-column is-layout-flow wp-block-column-is-layout-flow\" style=\"flex-basis:66.66%\">\n<p>Spole\u010dnost KLINGER Kempchen vyvinula vysoce odoln\u00e9 chemick\u00e9 a tepeln\u00e9 kompenz\u00e1tory mimo jin\u00e9 pro za\u0159\u00edzen\u00ed na ods\u00ed\u0159en\u00ed spalin (FGD), spalovny odpad\u016f (MVA) a chemick\u00e9 provozy:<\/p>\n\n\n\n<ul class=\"wp-block-list\">\n<li>ReaFlex pro teploty do 205 \u00b0C.<\/li>\n\n\n\n<li>ReaTex pro teploty nad 260 \u00b0C.<\/li>\n<\/ul>\n\n\n\n<p><strong>ReaFlex<\/strong><br>Dilata\u010dn\u00ed sp\u00e1ry ReaFlex jsou vyrobeny z elastomerov\u00e9 f\u00f3lie s v\u00fdztu\u017en\u00fdmi vlo\u017ekami z tkan\u00e9ho dr\u00e1tu, pleten\u00e9ho dr\u00e1tu nebo sklen\u011bn\u00e9 tkaniny. Lze je pou\u017e\u00edt v kruhov\u00fdch nebo \u010dtvercov\u00fdch potrub\u00edch jako U nebo p\u00e1sov\u00e9 dilata\u010dn\u00ed sp\u00e1ry. Pro \u010dtvercov\u00e9 kan\u00e1ly je vyr\u00e1b\u00edme jak s p\u0159edtvarovanou vlnou v oblasti rohu, tak bez n\u00ed. Proveden\u00ed s p\u0159edtvarovanou vlnou se vyzna\u010duje v\u011bt\u0161\u00ed absorpc\u00ed osov\u00e9ho pohybu.<br><br><\/p>\n\n\n\n<p><strong>ReaTex<\/strong><br>Dilata\u010dn\u00ed sp\u00e1ry ReaTex se skl\u00e1daj\u00ed ze sklen\u011bn\u00fdch tkanin pota\u017een\u00fdch PTFE. Tato kombinace materi\u00e1l\u016f se v\u00fdborn\u011b osv\u011bd\u010dila p\u0159i teplot\u00e1ch m\u00e9di\u00ed a\u017e p\u0159es 260 \u00b0C. A\u017e do teploty m\u00e9dia 260 \u00b0C nen\u00ed nutn\u00e1 \u017e\u00e1dn\u00e1 p\u0159edb\u011b\u017en\u00e1 izolace a dilata\u010dn\u00ed sp\u00e1ry ReaTex lze izolovat. P\u0159i vy\u0161\u0161\u00edch teplot\u00e1ch je nutn\u00e1 instalace vnit\u0159n\u00ed p\u0159edizolace, vn\u011bj\u0161\u00ed izolace nen\u00ed p\u0159\u00edpustn\u00e1.<\/p>\n\n\n\n<h4 class=\"wp-block-heading\">Downloads<\/h4>\n\n\n\n<p><img decoding=\"async\" src=\"https:\/\/www.klinger-kempchen.de\/wp-content\/uploads\/2020\/07\/Download-icon-2.png\" alt=\"Download\"><a href=\"https:\/\/www.klinger-kempchen.de\/wp-content\/uploads\/2020\/07\/236-REAFLEX-UND-REATLEX.pdf\" target=\"_blank\" rel=\"noreferrer noopener\">Produktdokumentation Reaflex und Reatex (pdf)<\/a><\/p>\n<\/div>\n\n\n\n<div class=\"wp-block-column is-layout-flow wp-block-column-is-layout-flow\" style=\"flex-basis:33.33%\">\n<figure class=\"wp-block-image size-large\"><img loading=\"lazy\" decoding=\"async\" width=\"645\" height=\"456\" src=\"https:\/\/www.klinger-kempchen.de\/wp-content\/uploads\/2020\/07\/ReaFlex-ReaTex.jpg\" alt=\"Elastomer- und Gewebe-Kompensator\" class=\"wp-image-7417\" title=\"KOmpensatoren\" srcset=\"https:\/\/www.klinger-kempchen.de\/wp-content\/uploads\/2020\/07\/ReaFlex-ReaTex.jpg 645w, https:\/\/www.klinger-kempchen.de\/wp-content\/uploads\/2020\/07\/ReaFlex-ReaTex-20x14.jpg 20w\" sizes=\"auto, (max-width: 645px) 100vw, 645px\" \/><\/figure>\n<\/div>\n<\/div>\n","protected":false},"excerpt":{"rendered":"<p>DILATA\u010cN\u00cd SP\u00c1RY TK\u00c1\u0147OV\u00c9 KOMPENZ\u00c1TORY Kdy\u017e spole\u010dnost KLINGER Kempchen p\u0159ed mnoha desetilet\u00edmi zah\u00e1jila v\u00fdrobu tkaninov\u00fdch kompenz\u00e1tor\u016f, pou\u017e\u00edvaly se kovov\u00e9 kompenz\u00e1tory je\u0161t\u011b p\u0159ev\u00e1\u017en\u011b v elektr\u00e1rensk\u00e9m a chemick\u00e9m pr\u016fmyslu. Dnes si &#8222;dilata\u010dn\u00ed sp\u00e1ry z m\u011bkk\u00fdch materi\u00e1l\u016f Kempchen&#8220; podmanily pevn\u011b danou oblast pou\u017eit\u00ed. Modern\u00ed pr\u016fmyslov\u00e9 provozy by ji\u017e bez t\u011bchto univerz\u00e1ln\u00edch komponent\u016f nebyly mysliteln\u00e9. Bez pou\u017eit\u00ed kompenz\u00e1tor\u016f z m\u011bkk\u00e9ho [&hellip;]<\/p>\n","protected":false},"author":1,"featured_media":17938,"parent":18508,"menu_order":9,"comment_status":"closed","ping_status":"closed","template":"page-templates\/somos.php","meta":{"advgb_blocks_editor_width":"","advgb_blocks_columns_visual_guide":"","iawp_total_views":19,"footnotes":""},"class_list":["post-18768","page","type-page","status-publish","has-post-thumbnail","hentry"],"yoast_head":"<!-- This site is optimized with the Yoast SEO plugin v26.9 - https:\/\/yoast.com\/product\/yoast-seo-wordpress\/ -->\n<title>Dilata\u010dn\u00ed sp\u00e1ry - KLINGER Kempchen<\/title>\n<meta name=\"description\" content=\"Ucp\u00e1vky t\u011bsnic\u00ed sk\u0159\u00edn\u011b: vlastn\u00ed v\u00fdroba \u2713 pro ventily \u2713 pro \u010derpadla \u2713 ve statick\u00e9m rozsahu \u2713 Mont\u00e1\u017en\u00ed sada t\u011bsn\u011bn\u00ed \u2713 \u0158ezac\u00ed za\u0159\u00edzen\u00ed t\u011bsn\u011bn\u00ed \u2713\" \/>\n<meta name=\"robots\" content=\"index, follow, max-snippet:-1, max-image-preview:large, max-video-preview:-1\" \/>\n<link rel=\"canonical\" href=\"https:\/\/www.klinger-kempchen.de\/produkte\/kompensatoren\/\" \/>\n<meta property=\"og:locale\" content=\"cs_CZ\" \/>\n<meta property=\"og:type\" content=\"article\" \/>\n<meta property=\"og:title\" content=\"Dilata\u010dn\u00ed sp\u00e1ry - KLINGER Kempchen\" \/>\n<meta property=\"og:description\" content=\"Ucp\u00e1vky t\u011bsnic\u00ed sk\u0159\u00edn\u011b: vlastn\u00ed v\u00fdroba \u2713 pro ventily \u2713 pro \u010derpadla \u2713 ve statick\u00e9m rozsahu \u2713 Mont\u00e1\u017en\u00ed sada t\u011bsn\u011bn\u00ed \u2713 \u0158ezac\u00ed za\u0159\u00edzen\u00ed t\u011bsn\u011bn\u00ed \u2713\" \/>\n<meta property=\"og:url\" content=\"https:\/\/www.klinger-kempchen.de\/produkte\/kompensatoren\/\" \/>\n<meta property=\"og:site_name\" content=\"KLINGER Kempchen\" \/>\n<meta property=\"article:modified_time\" content=\"2024-03-11T14:01:00+00:00\" \/>\n<meta property=\"og:image\" content=\"https:\/\/www.klinger-kempchen.de\/wp-content\/uploads\/2020\/08\/Kompensator_Metallkompensator_Gummikompensator_Gewebekompensator.jpg\" \/>\n\t<meta property=\"og:image:width\" content=\"1300\" \/>\n\t<meta property=\"og:image:height\" content=\"292\" \/>\n\t<meta property=\"og:image:type\" content=\"image\/jpeg\" \/>\n<meta name=\"twitter:label1\" content=\"Odhadovan\u00e1 doba \u010dten\u00ed\" \/>\n\t<meta name=\"twitter:data1\" content=\"5 minut\" \/>\n<!-- \/ Yoast SEO plugin. -->","yoast_head_json":{"title":"Dilata\u010dn\u00ed sp\u00e1ry - KLINGER Kempchen","description":"Ucp\u00e1vky t\u011bsnic\u00ed sk\u0159\u00edn\u011b: vlastn\u00ed v\u00fdroba \u2713 pro ventily \u2713 pro \u010derpadla \u2713 ve statick\u00e9m rozsahu \u2713 Mont\u00e1\u017en\u00ed sada t\u011bsn\u011bn\u00ed \u2713 \u0158ezac\u00ed za\u0159\u00edzen\u00ed t\u011bsn\u011bn\u00ed \u2713","robots":{"index":"index","follow":"follow","max-snippet":"max-snippet:-1","max-image-preview":"max-image-preview:large","max-video-preview":"max-video-preview:-1"},"canonical":"https:\/\/www.klinger-kempchen.de\/produkte\/kompensatoren\/","og_locale":"cs_CZ","og_type":"article","og_title":"Dilata\u010dn\u00ed sp\u00e1ry - KLINGER Kempchen","og_description":"Ucp\u00e1vky t\u011bsnic\u00ed sk\u0159\u00edn\u011b: vlastn\u00ed v\u00fdroba \u2713 pro ventily \u2713 pro \u010derpadla \u2713 ve statick\u00e9m rozsahu \u2713 Mont\u00e1\u017en\u00ed sada t\u011bsn\u011bn\u00ed \u2713 \u0158ezac\u00ed za\u0159\u00edzen\u00ed t\u011bsn\u011bn\u00ed \u2713","og_url":"https:\/\/www.klinger-kempchen.de\/produkte\/kompensatoren\/","og_site_name":"KLINGER Kempchen","article_modified_time":"2024-03-11T14:01:00+00:00","og_image":[{"width":1300,"height":292,"url":"https:\/\/www.klinger-kempchen.de\/wp-content\/uploads\/2020\/08\/Kompensator_Metallkompensator_Gummikompensator_Gewebekompensator.jpg","type":"image\/jpeg"}],"twitter_misc":{"Odhadovan\u00e1 doba \u010dten\u00ed":"5 minut"},"schema":{"@context":"https:\/\/schema.org","@graph":[{"@type":"WebPage","@id":"https:\/\/www.klinger-kempchen.de\/produkte\/kompensatoren\/","url":"https:\/\/www.klinger-kempchen.de\/produkte\/kompensatoren\/","name":"Dilata\u010dn\u00ed sp\u00e1ry - KLINGER Kempchen","isPartOf":{"@id":"https:\/\/www.klinger-kempchen.de\/#website"},"primaryImageOfPage":{"@id":"https:\/\/www.klinger-kempchen.de\/produkte\/kompensatoren\/#primaryimage"},"image":{"@id":"https:\/\/www.klinger-kempchen.de\/produkte\/kompensatoren\/#primaryimage"},"thumbnailUrl":"https:\/\/www.klinger-kempchen.de\/wp-content\/uploads\/2020\/08\/Kompensator_Metallkompensator_Gummikompensator_Gewebekompensator.jpg","datePublished":"2023-07-18T11:18:53+00:00","dateModified":"2024-03-11T14:01:00+00:00","description":"Ucp\u00e1vky t\u011bsnic\u00ed sk\u0159\u00edn\u011b: vlastn\u00ed v\u00fdroba \u2713 pro ventily \u2713 pro \u010derpadla \u2713 ve statick\u00e9m rozsahu \u2713 Mont\u00e1\u017en\u00ed sada t\u011bsn\u011bn\u00ed \u2713 \u0158ezac\u00ed za\u0159\u00edzen\u00ed t\u011bsn\u011bn\u00ed \u2713","breadcrumb":{"@id":"https:\/\/www.klinger-kempchen.de\/produkte\/kompensatoren\/#breadcrumb"},"inLanguage":"cs","potentialAction":[{"@type":"ReadAction","target":["https:\/\/www.klinger-kempchen.de\/produkte\/kompensatoren\/"]}]},{"@type":"ImageObject","inLanguage":"cs","@id":"https:\/\/www.klinger-kempchen.de\/produkte\/kompensatoren\/#primaryimage","url":"https:\/\/www.klinger-kempchen.de\/wp-content\/uploads\/2020\/08\/Kompensator_Metallkompensator_Gummikompensator_Gewebekompensator.jpg","contentUrl":"https:\/\/www.klinger-kempchen.de\/wp-content\/uploads\/2020\/08\/Kompensator_Metallkompensator_Gummikompensator_Gewebekompensator.jpg","width":1300,"height":292,"caption":"KLINGER Kempchen Kompensatoren"},{"@type":"BreadcrumbList","@id":"https:\/\/www.klinger-kempchen.de\/produkte\/kompensatoren\/#breadcrumb","itemListElement":[{"@type":"ListItem","position":1,"name":"Home","item":"https:\/\/www.klinger-kempchen.de\/"},{"@type":"ListItem","position":2,"name":"Produkty","item":"https:\/\/www.klinger-kempchen.de\/produkte\/"},{"@type":"ListItem","position":3,"name":"Dilata\u010dn\u00ed sp\u00e1ry"}]},{"@type":"WebSite","@id":"https:\/\/www.klinger-kempchen.de\/#website","url":"https:\/\/www.klinger-kempchen.de\/","name":"KLINGER Kempchen","description":"KLINGER Kempchen","publisher":{"@id":"https:\/\/www.klinger-kempchen.de\/#organization"},"potentialAction":[{"@type":"SearchAction","target":{"@type":"EntryPoint","urlTemplate":"https:\/\/www.klinger-kempchen.de\/?s={search_term_string}"},"query-input":{"@type":"PropertyValueSpecification","valueRequired":true,"valueName":"search_term_string"}}],"inLanguage":"cs"},{"@type":"Organization","@id":"https:\/\/www.klinger-kempchen.de\/#organization","name":"KLINGER-Kempchen","url":"https:\/\/www.klinger-kempchen.de\/","logo":{"@type":"ImageObject","inLanguage":"cs","@id":"https:\/\/www.klinger-kempchen.de\/#\/schema\/logo\/image\/","url":"https:\/\/www.klinger-kempchen.de\/wp-content\/uploads\/2020\/06\/cropped-Klinger-Kempchen-Logo.png","contentUrl":"https:\/\/www.klinger-kempchen.de\/wp-content\/uploads\/2020\/06\/cropped-Klinger-Kempchen-Logo.png","width":512,"height":512,"caption":"KLINGER-Kempchen"},"image":{"@id":"https:\/\/www.klinger-kempchen.de\/#\/schema\/logo\/image\/"}}]}},"coauthors":[],"author_meta":{"author_link":"https:\/\/www.klinger-kempchen.de\/cs\/author\/administrador\/","display_name":"administrador"},"relative_dates":{"created":"Posted 3 roky ago","modified":"Updated 2 roky ago"},"absolute_dates":{"created":"Posted on 18 \u010dervence 2023","modified":"Updated on 11 b\u0159ezna 2024"},"absolute_dates_time":{"created":"Posted on 18 \u010dervence 2023 13:18","modified":"Updated on 11 b\u0159ezna 2024 15:01"},"featured_img_caption":"KLINGER Kempchen Kompensatoren","featured_img":"https:\/\/www.klinger-kempchen.de\/wp-content\/uploads\/2020\/08\/Kompensator_Metallkompensator_Gummikompensator_Gewebekompensator.jpg","series_order":"","_links":{"self":[{"href":"https:\/\/www.klinger-kempchen.de\/cs\/wp-json\/wp\/v2\/pages\/18768","targetHints":{"allow":["GET"]}}],"collection":[{"href":"https:\/\/www.klinger-kempchen.de\/cs\/wp-json\/wp\/v2\/pages"}],"about":[{"href":"https:\/\/www.klinger-kempchen.de\/cs\/wp-json\/wp\/v2\/types\/page"}],"author":[{"embeddable":true,"href":"https:\/\/www.klinger-kempchen.de\/cs\/wp-json\/wp\/v2\/users\/1"}],"replies":[{"embeddable":true,"href":"https:\/\/www.klinger-kempchen.de\/cs\/wp-json\/wp\/v2\/comments?post=18768"}],"version-history":[{"count":0,"href":"https:\/\/www.klinger-kempchen.de\/cs\/wp-json\/wp\/v2\/pages\/18768\/revisions"}],"up":[{"embeddable":true,"href":"https:\/\/www.klinger-kempchen.de\/cs\/wp-json\/wp\/v2\/pages\/18508"}],"wp:featuredmedia":[{"embeddable":true,"href":"https:\/\/www.klinger-kempchen.de\/cs\/wp-json\/wp\/v2\/media\/17938"}],"wp:attachment":[{"href":"https:\/\/www.klinger-kempchen.de\/cs\/wp-json\/wp\/v2\/media?parent=18768"}],"curies":[{"name":"wp","href":"https:\/\/api.w.org\/{rel}","templated":true}]}}