{"id":18775,"date":"2023-07-18T16:19:11","date_gmt":"2023-07-18T14:19:11","guid":{"rendered":"https:\/\/www.klinger-kempchen.de\/?page_id=18775"},"modified":"2024-03-11T15:03:43","modified_gmt":"2024-03-11T14:03:43","slug":"zasuvne-kotouce","status":"publish","type":"page","link":"https:\/\/www.klinger-kempchen.de\/cs\/produkty\/zasuvne-kotouce\/","title":{"rendered":"Z\u00e1suvn\u00e9 kotou\u010de"},"content":{"rendered":"\n<h1 class=\"wp-block-heading h3\">ZAV\u00c1D\u011aC\u00cd DISKY \/ ZAV\u00c1D\u011aC\u00cd DISKY NA BR\u00ddLE<\/h1>\n\n\n\n<div class=\"wp-block-columns is-layout-flex wp-container-core-columns-is-layout-9d6595d7 wp-block-columns-is-layout-flex\">\n<div class=\"wp-block-column is-layout-flow wp-block-column-is-layout-flow\" style=\"flex-basis:66.66%\">\n<p>Krom\u011b komer\u010dn\u011b dostupn\u00fdch n\u00e1suvn\u00fdch podlo\u017eek vyr\u00e1b\u00edme tak\u00e9 speci\u00e1ln\u00ed tvary. Ty proto nab\u00edzej\u00ed v\u00fdhody z hlediska t\u011bsnic\u00ed techniky ve srovn\u00e1n\u00ed se standardn\u00edmi z\u00e1suvn\u00fdmi podlo\u017ekami dostupn\u00fdmi na trhu.<\/p>\n\n\n\n<p>Pokud nen\u00ed specifikov\u00e1na tlou\u0161\u0165ka, navrhujeme tlou\u0161\u0165ku podlo\u017eek podle AD Merkblatt B5 &#8211; 2000. Vysokopevnostn\u00ed materi\u00e1ly umo\u017e\u0148uj\u00ed vyr\u00e1b\u011bt tenk\u00e9, a tedy lehk\u00e9 podlo\u017eky. Podlo\u017eky mus\u00ed b\u00fdt co nejten\u010d\u00ed, proto\u017ee se \u010dasto montuj\u00ed mezi rozp\u011brn\u00e9 p\u0159\u00edruby.<\/p>\n\n\n\n<p>V\u0161echny z\u00e1suvn\u00e9 podlo\u017eky jsou nav\u00edc opat\u0159eny robustn\u00edm ozna\u010dovac\u00edm \u0161t\u00edtkem. Ozna\u010dovac\u00ed \u0161t\u00edtek obsahuje informace o v\u00fdrobci, jmenovit\u00e9m pr\u016fm\u011bru a jmenovit\u00e9m tlaku a tak\u00e9 otvor pro z\u00e1v\u011bsn\u00e9 ulo\u017een\u00ed. M\u016f\u017ee b\u00fdt opat\u0159ena barevn\u00fdm bezpe\u010dnostn\u00edm lakem, aby se zabr\u00e1nilo nehod\u00e1m a n\u00e1hodn\u00e9mu &#8222;zaizolov\u00e1n\u00ed&#8220;.<\/p>\n\n\n\n<p>V neposledn\u00ed \u0159ad\u011b nab\u00edz\u00edme z\u00e1suvnou kladku s na\u0161\u00ed slu\u017ebou na m\u00edst\u011b nebo v kontejneru. Krom\u011b toho poskytujeme po dohod\u011b z\u00e1suvn\u00e9 kotou\u010de a dod\u00e1v\u00e1me tak\u00e9 ploch\u00e1 t\u011bsn\u011bn\u00ed, kter\u00e1 k nim pat\u0159\u00ed (pro A1S). T\u011bsnic\u00ed plochy rovn\u011b\u017e opat\u0159ujeme n\u00e1t\u011brem (pro B7S \/ B9S). Nab\u00edz\u00edme tak\u00e9 v\u00fdstup s poplatkem za pron\u00e1jem. Kontaktujte n\u00e1s pros\u00edm.<\/p>\n\n\n\n<div style=\"height:10px\" aria-hidden=\"true\" class=\"wp-block-spacer\"><\/div>\n\n\n\n<h2 class=\"wp-block-heading h4\">Popisy profil\u016f<\/h2>\n\n\n\n<p><strong>Profil A1S<\/strong><br>Tyto disky jsou na obou stran\u00e1ch opat\u0159eny t\u011bsn\u011bn\u00edm z m\u011bkk\u00e9ho materi\u00e1lu. Na p\u0159\u00e1n\u00ed z\u00e1kazn\u00edka lze p\u0159i\u0161roubovat kompenz\u00e1tor, kter\u00fd sn\u00ed\u017e\u00ed celkovou tlou\u0161\u0165ku. V oblasti upnut\u00ed m\u016f\u017ee m\u00edt podlo\u017eka 70 % tlou\u0161\u0165ky st\u0159edu podlo\u017eky podle p\u0159edpis\u016f AD2000. U tohoto profilu lze tak\u00e9 vyrobit vkl\u00e1dac\u00ed podlo\u017eku a ozna\u010dovac\u00ed desku z jednoho kusu, co\u017e zabra\u0148uje ztr\u00e1t\u00e1m v d\u016fsledku zlomen\u00ed.<\/p>\n\n\n\n<p><strong>Profil B7S, profil B9S<\/strong><br>Stejn\u011b jako b\u011b\u017en\u00e1 h\u0159ebenov\u00e1 profilov\u00e1 t\u011bsn\u011bn\u00ed jsou i tyto kotou\u010de opat\u0159eny oboustrann\u00fdmi vrstvami grafitu nebo PTFE. Lze je pou\u017e\u00edt i v p\u0159\u00edrub\u00e1ch RTJ p\u0159i velmi vysok\u00fdch tlac\u00edch a p\u0159i vhodn\u00e9m dimenzov\u00e1n\u00ed.<\/p>\n\n\n\n<p><strong>Profil A5S, profil A11S a profil A13S<\/strong><br>Podlo\u017eka \u010do\u010dky A5S m\u00e1 tvar t\u011bsn\u011bn\u00ed \u010do\u010dky a podlo\u017eka krou\u017ekov\u00e9ho spoje m\u00e1 tvar t\u011bsn\u011bn\u00ed krou\u017ekov\u00e9ho spoje. Pro snadnou manipulaci jsou disky opat\u0159eny v\u00fdstupkem, kter\u00fd slou\u017e\u00ed tak\u00e9 k identifikaci.<\/p>\n\n\n\n<p><strong>Profil A5BS<\/strong><br>Kotou\u010de s t\u011bsn\u011bn\u00edm pro \u010do\u010dky se skl\u00e1daj\u00ed z t\u011bsnic\u00ed \u010do\u010dky a kotou\u010de s t\u011bsn\u011bn\u00edm pro \u010do\u010dky, kter\u00e9 jsou spojeny ty\u010d\u00ed.<\/p>\n<\/div>\n\n\n\n<div class=\"wp-block-column is-layout-flow wp-block-column-is-layout-flow\" style=\"flex-basis:33.33%\">\n<figure class=\"wp-block-image size-large\"><img loading=\"lazy\" decoding=\"async\" width=\"700\" height=\"1041\" src=\"https:\/\/www.klinger-kempchen.de\/wp-content\/uploads\/2020\/07\/Steckscheiben.jpg\" alt=\"Steckscheiben im Querschnitt\" class=\"wp-image-7345\" title=\"Steckscheiben\"\/><\/figure>\n<\/div>\n<\/div>\n\n\n\n<h3 class=\"wp-block-heading h4\">Downloads<\/h3>\n\n\n\n<p><img loading=\"lazy\" decoding=\"async\" width=\"41\" height=\"26\" class=\"wp-image-7660\" style=\"width: 41px;\" src=\"https:\/\/www.klinger-kempchen.de\/wp-content\/uploads\/2020\/07\/Download-icon-2.png\" alt=\"\" srcset=\"https:\/\/www.klinger-kempchen.de\/wp-content\/uploads\/2020\/07\/Download-icon-2.png 41w, https:\/\/www.klinger-kempchen.de\/wp-content\/uploads\/2020\/07\/Download-icon-2-20x13.png 20w\" sizes=\"auto, (max-width: 41px) 100vw, 41px\" \/><a href=\"https:\/\/www.klinger-kempchen.de\/wp-content\/uploads\/2020\/07\/131-STECKSCHEIBEN.pdf\">Produktdokumentation Steckscheiben (pdf)<\/a><\/p>\n","protected":false},"excerpt":{"rendered":"<p>ZAV\u00c1D\u011aC\u00cd DISKY \/ ZAV\u00c1D\u011aC\u00cd DISKY NA BR\u00ddLE Krom\u011b komer\u010dn\u011b dostupn\u00fdch n\u00e1suvn\u00fdch podlo\u017eek vyr\u00e1b\u00edme tak\u00e9 speci\u00e1ln\u00ed tvary. Ty proto nab\u00edzej\u00ed v\u00fdhody z hlediska t\u011bsnic\u00ed techniky ve srovn\u00e1n\u00ed se standardn\u00edmi z\u00e1suvn\u00fdmi podlo\u017ekami dostupn\u00fdmi na trhu. Pokud nen\u00ed specifikov\u00e1na tlou\u0161\u0165ka, navrhujeme tlou\u0161\u0165ku podlo\u017eek podle AD Merkblatt B5 &#8211; 2000. Vysokopevnostn\u00ed materi\u00e1ly umo\u017e\u0148uj\u00ed vyr\u00e1b\u011bt tenk\u00e9, a tedy lehk\u00e9 podlo\u017eky. [&hellip;]<\/p>\n","protected":false},"author":1,"featured_media":17793,"parent":18508,"menu_order":10,"comment_status":"closed","ping_status":"closed","template":"page-templates\/somos.php","meta":{"advgb_blocks_editor_width":"","advgb_blocks_columns_visual_guide":"","iawp_total_views":10,"footnotes":""},"class_list":["post-18775","page","type-page","status-publish","has-post-thumbnail","hentry"],"yoast_head":"<!-- This site is optimized with the Yoast SEO plugin v27.3 - https:\/\/yoast.com\/product\/yoast-seo-wordpress\/ -->\n<title>Z\u00e1suvn\u00e9 kotou\u010de - KLINGER Kempchen<\/title>\n<meta name=\"description\" content=\"Vyr\u00e1b\u00edme tak\u00e9 speci\u00e1ln\u00ed tvary, kter\u00e9 nab\u00edzej\u00ed t\u011bsnic\u00ed v\u00fdhody ve srovn\u00e1n\u00ed s b\u011b\u017en\u011b dostupn\u00fdmi z\u00e1suvn\u00fdmi podlo\u017ekami.\" \/>\n<meta name=\"robots\" content=\"index, follow, max-snippet:-1, max-image-preview:large, max-video-preview:-1\" \/>\n<link rel=\"canonical\" href=\"https:\/\/www.klinger-kempchen.de\/produkte\/steckscheiben\/\" \/>\n<meta property=\"og:locale\" content=\"cs_CZ\" \/>\n<meta property=\"og:type\" content=\"article\" \/>\n<meta property=\"og:title\" content=\"Z\u00e1suvn\u00e9 kotou\u010de - KLINGER Kempchen\" \/>\n<meta property=\"og:description\" content=\"Vyr\u00e1b\u00edme tak\u00e9 speci\u00e1ln\u00ed tvary, kter\u00e9 nab\u00edzej\u00ed t\u011bsnic\u00ed v\u00fdhody ve srovn\u00e1n\u00ed s b\u011b\u017en\u011b dostupn\u00fdmi z\u00e1suvn\u00fdmi podlo\u017ekami.\" \/>\n<meta property=\"og:url\" content=\"https:\/\/www.klinger-kempchen.de\/produkte\/steckscheiben\/\" \/>\n<meta property=\"og:site_name\" content=\"KLINGER Kempchen\" \/>\n<meta property=\"article:modified_time\" content=\"2024-03-11T14:03:43+00:00\" \/>\n<meta property=\"og:image\" content=\"https:\/\/www.klinger-kempchen.de\/wp-content\/uploads\/2020\/08\/Steckscheiben.jpg\" \/>\n\t<meta property=\"og:image:width\" content=\"1408\" \/>\n\t<meta property=\"og:image:height\" content=\"343\" \/>\n\t<meta property=\"og:image:type\" content=\"image\/jpeg\" \/>\n<meta name=\"twitter:label1\" content=\"Odhadovan\u00e1 doba \u010dten\u00ed\" \/>\n\t<meta name=\"twitter:data1\" content=\"2 minuty\" \/>\n<!-- \/ Yoast SEO plugin. -->","yoast_head_json":{"title":"Z\u00e1suvn\u00e9 kotou\u010de - KLINGER Kempchen","description":"Vyr\u00e1b\u00edme tak\u00e9 speci\u00e1ln\u00ed tvary, kter\u00e9 nab\u00edzej\u00ed t\u011bsnic\u00ed v\u00fdhody ve srovn\u00e1n\u00ed s b\u011b\u017en\u011b dostupn\u00fdmi z\u00e1suvn\u00fdmi podlo\u017ekami.","robots":{"index":"index","follow":"follow","max-snippet":"max-snippet:-1","max-image-preview":"max-image-preview:large","max-video-preview":"max-video-preview:-1"},"canonical":"https:\/\/www.klinger-kempchen.de\/produkte\/steckscheiben\/","og_locale":"cs_CZ","og_type":"article","og_title":"Z\u00e1suvn\u00e9 kotou\u010de - KLINGER Kempchen","og_description":"Vyr\u00e1b\u00edme tak\u00e9 speci\u00e1ln\u00ed tvary, kter\u00e9 nab\u00edzej\u00ed t\u011bsnic\u00ed v\u00fdhody ve srovn\u00e1n\u00ed s b\u011b\u017en\u011b dostupn\u00fdmi z\u00e1suvn\u00fdmi podlo\u017ekami.","og_url":"https:\/\/www.klinger-kempchen.de\/produkte\/steckscheiben\/","og_site_name":"KLINGER Kempchen","article_modified_time":"2024-03-11T14:03:43+00:00","og_image":[{"width":1408,"height":343,"url":"https:\/\/www.klinger-kempchen.de\/wp-content\/uploads\/2020\/08\/Steckscheiben.jpg","type":"image\/jpeg"}],"twitter_misc":{"Odhadovan\u00e1 doba \u010dten\u00ed":"2 minuty"},"schema":{"@context":"https:\/\/schema.org","@graph":[{"@type":"WebPage","@id":"https:\/\/www.klinger-kempchen.de\/produkte\/steckscheiben\/","url":"https:\/\/www.klinger-kempchen.de\/produkte\/steckscheiben\/","name":"Z\u00e1suvn\u00e9 kotou\u010de - KLINGER Kempchen","isPartOf":{"@id":"https:\/\/www.klinger-kempchen.de\/#website"},"primaryImageOfPage":{"@id":"https:\/\/www.klinger-kempchen.de\/produkte\/steckscheiben\/#primaryimage"},"image":{"@id":"https:\/\/www.klinger-kempchen.de\/produkte\/steckscheiben\/#primaryimage"},"thumbnailUrl":"https:\/\/www.klinger-kempchen.de\/wp-content\/uploads\/2020\/08\/Steckscheiben.jpg","datePublished":"2023-07-18T14:19:11+00:00","dateModified":"2024-03-11T14:03:43+00:00","description":"Vyr\u00e1b\u00edme tak\u00e9 speci\u00e1ln\u00ed tvary, kter\u00e9 nab\u00edzej\u00ed t\u011bsnic\u00ed v\u00fdhody ve srovn\u00e1n\u00ed s b\u011b\u017en\u011b dostupn\u00fdmi z\u00e1suvn\u00fdmi podlo\u017ekami.","breadcrumb":{"@id":"https:\/\/www.klinger-kempchen.de\/produkte\/steckscheiben\/#breadcrumb"},"inLanguage":"cs","potentialAction":[{"@type":"ReadAction","target":["https:\/\/www.klinger-kempchen.de\/produkte\/steckscheiben\/"]}]},{"@type":"ImageObject","inLanguage":"cs","@id":"https:\/\/www.klinger-kempchen.de\/produkte\/steckscheiben\/#primaryimage","url":"https:\/\/www.klinger-kempchen.de\/wp-content\/uploads\/2020\/08\/Steckscheiben.jpg","contentUrl":"https:\/\/www.klinger-kempchen.de\/wp-content\/uploads\/2020\/08\/Steckscheiben.jpg","width":1408,"height":343},{"@type":"BreadcrumbList","@id":"https:\/\/www.klinger-kempchen.de\/produkte\/steckscheiben\/#breadcrumb","itemListElement":[{"@type":"ListItem","position":1,"name":"Home","item":"https:\/\/www.klinger-kempchen.de\/"},{"@type":"ListItem","position":2,"name":"Produkty","item":"https:\/\/www.klinger-kempchen.de\/produkte\/"},{"@type":"ListItem","position":3,"name":"Z\u00e1suvn\u00e9 kotou\u010de"}]},{"@type":"WebSite","@id":"https:\/\/www.klinger-kempchen.de\/#website","url":"https:\/\/www.klinger-kempchen.de\/","name":"KLINGER Kempchen","description":"KLINGER Kempchen","publisher":{"@id":"https:\/\/www.klinger-kempchen.de\/#organization"},"potentialAction":[{"@type":"SearchAction","target":{"@type":"EntryPoint","urlTemplate":"https:\/\/www.klinger-kempchen.de\/?s={search_term_string}"},"query-input":{"@type":"PropertyValueSpecification","valueRequired":true,"valueName":"search_term_string"}}],"inLanguage":"cs"},{"@type":"Organization","@id":"https:\/\/www.klinger-kempchen.de\/#organization","name":"KLINGER-Kempchen","url":"https:\/\/www.klinger-kempchen.de\/","logo":{"@type":"ImageObject","inLanguage":"cs","@id":"https:\/\/www.klinger-kempchen.de\/#\/schema\/logo\/image\/","url":"https:\/\/www.klinger-kempchen.de\/wp-content\/uploads\/2020\/06\/cropped-Klinger-Kempchen-Logo.png","contentUrl":"https:\/\/www.klinger-kempchen.de\/wp-content\/uploads\/2020\/06\/cropped-Klinger-Kempchen-Logo.png","width":512,"height":512,"caption":"KLINGER-Kempchen"},"image":{"@id":"https:\/\/www.klinger-kempchen.de\/#\/schema\/logo\/image\/"}}]}},"coauthors":[],"author_meta":{"author_link":"https:\/\/www.klinger-kempchen.de\/cs\/author\/administrador\/","display_name":"administrador"},"relative_dates":{"created":"Posted 3 roky ago","modified":"Updated 2 roky ago"},"absolute_dates":{"created":"Posted on 18 \u010dervence 2023","modified":"Updated on 11 b\u0159ezna 2024"},"absolute_dates_time":{"created":"Posted on 18 \u010dervence 2023 16:19","modified":"Updated on 11 b\u0159ezna 2024 15:03"},"featured_img_caption":"","featured_img":"https:\/\/www.klinger-kempchen.de\/wp-content\/uploads\/2020\/08\/Steckscheiben-1400x341.jpg","series_order":"","_links":{"self":[{"href":"https:\/\/www.klinger-kempchen.de\/cs\/wp-json\/wp\/v2\/pages\/18775","targetHints":{"allow":["GET"]}}],"collection":[{"href":"https:\/\/www.klinger-kempchen.de\/cs\/wp-json\/wp\/v2\/pages"}],"about":[{"href":"https:\/\/www.klinger-kempchen.de\/cs\/wp-json\/wp\/v2\/types\/page"}],"author":[{"embeddable":true,"href":"https:\/\/www.klinger-kempchen.de\/cs\/wp-json\/wp\/v2\/users\/1"}],"replies":[{"embeddable":true,"href":"https:\/\/www.klinger-kempchen.de\/cs\/wp-json\/wp\/v2\/comments?post=18775"}],"version-history":[{"count":0,"href":"https:\/\/www.klinger-kempchen.de\/cs\/wp-json\/wp\/v2\/pages\/18775\/revisions"}],"up":[{"embeddable":true,"href":"https:\/\/www.klinger-kempchen.de\/cs\/wp-json\/wp\/v2\/pages\/18508"}],"wp:featuredmedia":[{"embeddable":true,"href":"https:\/\/www.klinger-kempchen.de\/cs\/wp-json\/wp\/v2\/media\/17793"}],"wp:attachment":[{"href":"https:\/\/www.klinger-kempchen.de\/cs\/wp-json\/wp\/v2\/media?parent=18775"}],"curies":[{"name":"wp","href":"https:\/\/api.w.org\/{rel}","templated":true}]}}