{"id":18777,"date":"2023-07-18T16:24:20","date_gmt":"2023-07-18T14:24:20","guid":{"rendered":"https:\/\/www.klinger-kempchen.de\/?page_id=18777"},"modified":"2024-03-11T15:12:20","modified_gmt":"2024-03-11T14:12:20","slug":"odvetvi","status":"publish","type":"page","link":"https:\/\/www.klinger-kempchen.de\/cs\/spolecnost\/odvetvi\/","title":{"rendered":"Odv\u011btv\u00ed"},"content":{"rendered":"\n<h1 class=\"wp-block-heading h3\">ODV\u011aTV\u00cd, VE KTER\u00ddCH P\u016eSOB\u00cdME<\/h1>\n\n\n\n<h2 class=\"wp-block-heading h4\">Prost\u0159ednictv\u00edm na\u0161\u00ed celosv\u011btov\u00e9 distribu\u010dn\u00ed s\u00edt\u011b, kter\u00e1 se skl\u00e1d\u00e1 z dlouholet\u00fdch, kvalifikovan\u00fdch a kompetentn\u00edch servisn\u00edch a prodejn\u00edch partner\u016f, jsme schopni nab\u00eddnout na\u0161im z\u00e1kazn\u00edk\u016fm \u0159e\u0161en\u00ed specifick\u00e1 pro dan\u00e9 odv\u011btv\u00ed a region.<\/h2>\n\n\n\n<p>V\u00fdrobky spole\u010dnosti KLINGER Kempchen se celosv\u011btov\u011b pou\u017e\u00edvaj\u00ed na mnoha r\u016fzn\u00fdch trz\u00edch a v r\u016fzn\u00fdch odv\u011btv\u00edch. Na\u0161im z\u00e1kazn\u00edk\u016fm nab\u00edz\u00edme \u0159e\u0161en\u00ed specifick\u00e1 pro dan\u00e9 odv\u011btv\u00ed a region, kter\u00e1 jsou podporov\u00e1na na\u0161\u00ed celosv\u011btovou prodejn\u00ed s\u00edt\u00ed s dlouholet\u00fdmi, kvalifikovan\u00fdmi a kompetentn\u00edmi servisn\u00edmi a distribu\u010dn\u00edmi partnery. To umo\u017e\u0148uje rychl\u00fd servis, optimalizovan\u00e9 dodac\u00ed lh\u016fty a slu\u017eby orientovan\u00e9 na z\u00e1kazn\u00edka p\u0159\u00edmo na m\u00edst\u011b.<\/p>\n\n\n\n<h4 class=\"wp-block-heading\">Nab\u00edz\u00edme \u0159e\u0161en\u00ed pro n\u00e1sleduj\u00edc\u00ed odv\u011btv\u00ed:<\/h4>\n\n\n\n<div style=\"height:40px\" aria-hidden=\"true\" class=\"wp-block-spacer advgb-dyn-db4b1242\"><\/div>\n\n\n\n<div class=\"wp-block-columns is-layout-flex wp-container-core-columns-is-layout-9d6595d7 wp-block-columns-is-layout-flex\">\n<div class=\"wp-block-column is-layout-flow wp-block-column-is-layout-flow\">\n<figure class=\"wp-block-table is-style-regular\"><table><tbody><tr><td><img loading=\"lazy\" decoding=\"async\" width=\"270\" height=\"270\" class=\"wp-image-8284\" style=\"width: 270px;\" src=\"https:\/\/www.klinger-kempchen.de\/wp-content\/uploads\/2020\/07\/icon-square-Industry-1.png\" alt=\"Industry\"><\/td><td><a href=\"https:\/\/www.klinger-kempchen.de\/cs\/produkty\/\"><h3>ZPRACOVATELSK\u00dd PR\u016eMYSL<\/h3><br>Zejm\u00e9na pro zpracovatelsk\u00fd pr\u016fmysl je nep\u0159etr\u017eit\u00e1 v\u00fdroba nesm\u00edrn\u011b d\u016fle\u017eit\u00e1. S na\u0161imi revolu\u010dn\u00edmi a vysoce kvalitn\u00edmi t\u011bsn\u011bn\u00edmi v\u00e1m pom\u016f\u017eeme vyhnout se nepl\u00e1novan\u00e9mu zastaven\u00ed v\u00fdroby.<br><img decoding=\"async\" src=\"https:\/\/www.klinger-kempchen.de\/wp-content\/uploads\/2019\/11\/icon-arrow-blue-double.png\" alt=\"Pfeil\"><\/a><\/td><\/tr><\/tbody><\/table><\/figure>\n<\/div>\n\n\n\n<div class=\"wp-block-column is-layout-flow wp-block-column-is-layout-flow\">\n<figure class=\"wp-block-table is-style-regular\"><table><tbody><tr><td><img loading=\"lazy\" decoding=\"async\" width=\"270\" height=\"270\" class=\"wp-image-8280\" style=\"width: 270px;\" src=\"https:\/\/www.klinger-kempchen.de\/wp-content\/uploads\/2020\/07\/icon-square-chemical-1.png\" alt=\"chemical\"><\/td><td><a href=\"https:\/\/www.klinger-kempchen.de\/cs\/produkty\/\"><h3>CHEMIE<\/h3><br>T\u011bsn\u011bn\u00ed KLINGER Kempchen spl\u0148uj\u00ed p\u0159\u00edsn\u00e9 po\u017eadavky chemick\u00e9ho a petrochemick\u00e9ho pr\u016fmyslu. Zam\u011b\u0159ujeme se na zaji\u0161t\u011bn\u00ed bezpe\u010dnosti za\u0159\u00edzen\u00ed a \u017eivotn\u00edho prost\u0159ed\u00ed poskytov\u00e1n\u00edm vysoce kvalitn\u00edch a odoln\u00fdch v\u00fdrobk\u016f.<br><img decoding=\"async\" src=\"https:\/\/www.klinger-kempchen.de\/wp-content\/uploads\/2019\/11\/icon-arrow-blue-double.png\" alt=\"Pfeil\"><\/a><\/td><\/tr><\/tbody><\/table><\/figure>\n<\/div>\n<\/div>\n\n\n\n<div class=\"wp-block-columns is-layout-flex wp-container-core-columns-is-layout-9d6595d7 wp-block-columns-is-layout-flex\">\n<div class=\"wp-block-column is-layout-flow wp-block-column-is-layout-flow\">\n<figure class=\"wp-block-table is-style-regular\"><table><tbody><tr><td><img loading=\"lazy\" decoding=\"async\" width=\"270\" height=\"270\" class=\"wp-image-8288\" style=\"width: 270px;\" src=\"https:\/\/www.klinger-kempchen.de\/wp-content\/uploads\/2020\/07\/icon-square-oil-gas-1.png\" alt=\"oil-gas\"><\/td><td><a href=\"https:\/\/www.klinger-kempchen.de\/cs\/produkty\/\"><h3>ROPA A PLYN<\/h3><br>Po\u017eadavky ropn\u00e9ho a plyn\u00e1rensk\u00e9ho pr\u016fmyslu na t\u011bsnic\u00ed techniku jsou rozmanit\u00e9 a velmi vysok\u00e9. Proto jsme prvn\u00ed volbou z hlediska bezpe\u010dnosti a spolehlivosti. Nab\u00edz\u00edme ten nejlep\u0161\u00ed v\u00fdrobek pro ka\u017edou individu\u00e1ln\u00ed aplikaci.<br><img decoding=\"async\" src=\"https:\/\/www.klinger-kempchen.de\/wp-content\/uploads\/2019\/11\/icon-arrow-blue-double.png\" alt=\"Pfeil\"><\/a><\/td><\/tr><\/tbody><\/table><\/figure>\n<\/div>\n\n\n\n<div class=\"wp-block-column is-layout-flow wp-block-column-is-layout-flow\">\n<figure class=\"wp-block-table is-style-regular\"><table><tbody><tr><td><img loading=\"lazy\" decoding=\"async\" width=\"270\" height=\"270\" class=\"wp-image-8286\" style=\"width: 270px;\" src=\"https:\/\/www.klinger-kempchen.de\/wp-content\/uploads\/2020\/07\/icon-square-Infrastructure-1.png\" alt=\"Infrastruktur\"><\/td><td><a href=\"https:\/\/www.klinger-kempchen.de\/cs\/produkty\/\"><h3>INFRASTRUKTURA<\/h3><br>Vynikaj\u00edc\u00ed tepeln\u00e1 odolnost, dlouh\u00e1 \u017eivotnost a v\u00fdkon zaru\u010duj\u00ed efektivitu. To je to, co p\u0159esv\u011bd\u010duje z\u00e1kazn\u00edky z oblasti d\u00e1lkov\u00e9ho vyt\u00e1p\u011bn\u00ed, vod\u00e1renstv\u00ed a odpadn\u00edch vod o kvalit\u011b na\u0161ich v\u00fdrobk\u016f.<br><img decoding=\"async\" src=\"https:\/\/www.klinger-kempchen.de\/wp-content\/uploads\/2019\/11\/icon-arrow-blue-double.png\" alt=\"Pfeil\"><\/a><\/td><\/tr><\/tbody><\/table><\/figure>\n<\/div>\n<\/div>\n\n\n\n<div class=\"wp-block-columns is-layout-flex wp-container-core-columns-is-layout-9d6595d7 wp-block-columns-is-layout-flex\">\n<div class=\"wp-block-column is-layout-flow wp-block-column-is-layout-flow\">\n<figure class=\"wp-block-table is-style-regular\"><table><tbody><tr><td><img loading=\"lazy\" decoding=\"async\" width=\"270\" height=\"270\" class=\"wp-image-8282\" style=\"width: 270px;\" src=\"https:\/\/www.klinger-kempchen.de\/wp-content\/uploads\/2020\/07\/icon-square-energy-1.png\" alt=\"Energie\"><\/td><td><a href=\"https:\/\/www.klinger-kempchen.de\/cs\/produkty\/\"><h3>ENERGIE<\/h3><br>V energetice jsou vysoce kvalitn\u00ed t\u011bsn\u011bn\u00ed nezbytn\u00e1 pro spolehlivost proces\u016f. Proto spole\u010dnost KLINGER Kempchen nab\u00edz\u00ed bezpe\u010dn\u00e1 a spolehliv\u00e1 \u0159e\u0161en\u00ed pro kombinovan\u00e9 cykly, v\u011btrn\u00e9, sol\u00e1rn\u00ed a vodn\u00ed elektr\u00e1rny.<br><img decoding=\"async\" src=\"https:\/\/www.klinger-kempchen.de\/wp-content\/uploads\/2019\/11\/icon-arrow-blue-double.png\" alt=\"Pfeil\"><\/a><\/td><\/tr><\/tbody><\/table><\/figure>\n<\/div>\n\n\n\n<div class=\"wp-block-column is-layout-flow wp-block-column-is-layout-flow\">\n<figure class=\"wp-block-table is-style-regular\"><table><tbody><tr><td><img loading=\"lazy\" decoding=\"async\" width=\"270\" height=\"270\" class=\"wp-image-8292\" style=\"width: 270px;\" src=\"https:\/\/www.klinger-kempchen.de\/wp-content\/uploads\/2020\/07\/icon-square-pulp-paper-1.png\" alt=\"Papier\"><\/td><td><a href=\"https:\/\/www.klinger-kempchen.de\/cs\/produkty\/\"><h3>PULP A PAP\u00cdR<\/h3><br>Spole\u010dnost KLINGER Kempchen pom\u00e1h\u00e1 celul\u00f3zo-pap\u00edrensk\u00e9mu pr\u016fmyslu zkr\u00e1tit prostoje a zamezit emis\u00edm. Poskytujeme vysoce kvalitn\u00ed a spolehliv\u00e1 t\u011bsn\u011bn\u00ed. To vede k optimalizaci proces\u016f a zv\u00fd\u0161en\u00ed efektivity.<br><img decoding=\"async\" src=\"https:\/\/www.klinger-kempchen.de\/wp-content\/uploads\/2019\/11\/icon-arrow-blue-double.png\" alt=\"Pfeil\"><\/a><\/td><\/tr><\/tbody><\/table><\/figure>\n<\/div>\n<\/div>\n\n\n\n<div class=\"wp-block-columns is-layout-flex wp-container-core-columns-is-layout-9d6595d7 wp-block-columns-is-layout-flex\">\n<div class=\"wp-block-column is-layout-flow wp-block-column-is-layout-flow\">\n<figure class=\"wp-block-table is-style-regular\"><table><tbody><tr><td><img loading=\"lazy\" decoding=\"async\" width=\"270\" height=\"270\" class=\"wp-image-8294\" style=\"width: 270px;\" src=\"https:\/\/www.klinger-kempchen.de\/wp-content\/uploads\/2020\/07\/icon-square-transport-1.png\" alt=\"Transport\" srcset=\"https:\/\/www.klinger-kempchen.de\/wp-content\/uploads\/2020\/07\/icon-square-transport-1.png 270w, https:\/\/www.klinger-kempchen.de\/wp-content\/uploads\/2020\/07\/icon-square-transport-1-20x20.png 20w\" sizes=\"auto, (max-width: 270px) 100vw, 270px\" \/><\/td><td><a href=\"https:\/\/www.klinger-kempchen.de\/cs\/produkty\/\"><h3>TRANSPORT<\/h3><br>Odv\u011btv\u00ed dopravy t\u011b\u017e\u00ed z na\u0161ich vysoce kvalitn\u00edch, inovativn\u00edch t\u011bsn\u011bn\u00ed s dlouhou \u017eivotnost\u00ed. Proto nab\u00edz\u00edme technick\u00e1 \u0159e\u0161en\u00ed a certifikovan\u00e9 v\u00fdrobky i pro pou\u017eit\u00ed v extr\u00e9mn\u00edch podm\u00ednk\u00e1ch.<br><img decoding=\"async\" src=\"https:\/\/www.klinger-kempchen.de\/wp-content\/uploads\/2019\/11\/icon-arrow-blue-double.png\" alt=\"Pfeil\"><\/a><\/td><\/tr><\/tbody><\/table><\/figure>\n<\/div>\n\n\n\n<div class=\"wp-block-column is-layout-flow wp-block-column-is-layout-flow\">\n<figure class=\"wp-block-table is-style-regular\"><table><tbody><tr><td><img loading=\"lazy\" decoding=\"async\" width=\"270\" height=\"270\" class=\"wp-image-8290\" style=\"width: 270px;\" src=\"https:\/\/www.klinger-kempchen.de\/wp-content\/uploads\/2020\/07\/icon-square-pharma-1.png\" alt=\"Pharma\"><\/td><td><a href=\"https:\/\/www.klinger-kempchen.de\/cs\/produkty\/\"><h3>PHARMA<\/h3><br>Zejm\u00e9na ve farmaceutick\u00e9m pr\u016fmyslu jsou po\u017eadavky na \u010distotu a hygienu velmi vysok\u00e9. Spole\u010dnost KLINGER Kempchen nab\u00edz\u00ed odoln\u00e1 t\u011bsn\u011bn\u00ed, kter\u00e1 spl\u0148uj\u00ed po\u017eadavky na odolnost v\u016f\u010di r\u016fzn\u00fdm m\u00e9di\u00edm p\u0159i m\u011bn\u00edc\u00edch se teplot\u00e1ch a tlakov\u00fdch podm\u00ednk\u00e1ch.<br><img decoding=\"async\" src=\"https:\/\/www.klinger-kempchen.de\/wp-content\/uploads\/2019\/11\/icon-arrow-blue-double.png\" alt=\"Pfeil\"><\/a><\/td><\/tr><\/tbody><\/table><\/figure>\n<\/div>\n<\/div>\n\n\n\n<div class=\"wp-block-columns is-layout-flex wp-container-core-columns-is-layout-9d6595d7 wp-block-columns-is-layout-flex\">\n<div class=\"wp-block-column is-layout-flow wp-block-column-is-layout-flow\">\n<figure class=\"wp-block-table is-style-regular\"><table><tbody><tr><td><img loading=\"lazy\" decoding=\"async\" width=\"270\" height=\"270\" class=\"wp-image-8296\" style=\"width: 270px;\" src=\"https:\/\/www.klinger-kempchen.de\/wp-content\/uploads\/2020\/07\/icons-square-food-beverage-1.png\" alt=\"food-beverage\"><\/td><td><a href=\"https:\/\/www.klinger-kempchen.de\/cs\/produkty\/\"><h3>N\u00c1POJE A POTRAVINY<br><\/h3>Krom\u011b bezpe\u010dnosti a spolehlivosti t\u011bsn\u011bn\u00ed mus\u00edme zajistit, aby spl\u0148ovala tak\u00e9 p\u0159\u00edsn\u00e9 po\u017eadavky a omezen\u00ed potravin\u00e1\u0159sk\u00e9ho a n\u00e1pojov\u00e9ho pr\u016fmyslu. Proto spole\u010dnost KLINGER Kempchen nab\u00edz\u00ed i pro r\u016fzn\u00e9 aplikace v tomto odv\u011btv\u00ed ta nejlep\u0161\u00ed mo\u017en\u00e1 \u0159e\u0161en\u00ed.<br><img decoding=\"async\" src=\"https:\/\/www.klinger-kempchen.de\/wp-content\/uploads\/2019\/11\/icon-arrow-blue-double.png\" alt=\"Pfeil\"><\/a><\/td><\/tr><\/tbody><\/table><\/figure>\n<\/div>\n\n\n\n<div class=\"wp-block-column is-layout-flow wp-block-column-is-layout-flow\"><\/div>\n<\/div>\n","protected":false},"excerpt":{"rendered":"<p>ODV\u011aTV\u00cd, VE KTER\u00ddCH P\u016eSOB\u00cdME Prost\u0159ednictv\u00edm na\u0161\u00ed celosv\u011btov\u00e9 distribu\u010dn\u00ed s\u00edt\u011b, kter\u00e1 se skl\u00e1d\u00e1 z dlouholet\u00fdch, kvalifikovan\u00fdch a kompetentn\u00edch servisn\u00edch a prodejn\u00edch partner\u016f, jsme schopni nab\u00eddnout na\u0161im z\u00e1kazn\u00edk\u016fm \u0159e\u0161en\u00ed specifick\u00e1 pro dan\u00e9 odv\u011btv\u00ed a region. V\u00fdrobky spole\u010dnosti KLINGER Kempchen se celosv\u011btov\u011b pou\u017e\u00edvaj\u00ed na mnoha r\u016fzn\u00fdch trz\u00edch a v r\u016fzn\u00fdch odv\u011btv\u00edch. Na\u0161im z\u00e1kazn\u00edk\u016fm nab\u00edz\u00edme \u0159e\u0161en\u00ed specifick\u00e1 pro dan\u00e9 [&hellip;]<\/p>\n","protected":false},"author":1,"featured_media":17607,"parent":18646,"menu_order":3,"comment_status":"closed","ping_status":"closed","template":"page-templates\/secciones-principales.php","meta":{"advgb_blocks_editor_width":"","advgb_blocks_columns_visual_guide":"","iawp_total_views":3,"footnotes":""},"class_list":["post-18777","page","type-page","status-publish","has-post-thumbnail","hentry"],"yoast_head":"<!-- This site is optimized with the Yoast SEO plugin v27.3 - https:\/\/yoast.com\/product\/yoast-seo-wordpress\/ -->\n<title>Odv\u011btv\u00ed - KLINGER Kempchen<\/title>\n<meta name=\"description\" content=\"Know-how v oboru. \u0158e\u0161en\u00ed na m\u00edru pro ka\u017ed\u00e9 odv\u011btv\u00ed. Ve spole\u010dnosti KLINGER Kempchen se zam\u011b\u0159ujeme na bezpe\u010dnost za\u0159\u00edzen\u00ed. V\u017edy a za v\u0161ech okolnost\u00ed.\" \/>\n<meta name=\"robots\" content=\"index, follow, max-snippet:-1, max-image-preview:large, max-video-preview:-1\" \/>\n<link rel=\"canonical\" href=\"https:\/\/www.klinger-kempchen.de\/unternehmen\/branchen\/\" \/>\n<meta property=\"og:locale\" content=\"cs_CZ\" \/>\n<meta property=\"og:type\" content=\"article\" \/>\n<meta property=\"og:title\" content=\"Odv\u011btv\u00ed - KLINGER Kempchen\" \/>\n<meta property=\"og:description\" content=\"Know-how v oboru. \u0158e\u0161en\u00ed na m\u00edru pro ka\u017ed\u00e9 odv\u011btv\u00ed. Ve spole\u010dnosti KLINGER Kempchen se zam\u011b\u0159ujeme na bezpe\u010dnost za\u0159\u00edzen\u00ed. V\u017edy a za v\u0161ech okolnost\u00ed.\" \/>\n<meta property=\"og:url\" content=\"https:\/\/www.klinger-kempchen.de\/unternehmen\/branchen\/\" \/>\n<meta property=\"og:site_name\" content=\"KLINGER Kempchen\" \/>\n<meta property=\"article:modified_time\" content=\"2024-03-11T14:12:20+00:00\" \/>\n<meta property=\"og:image\" content=\"https:\/\/www.klinger-kempchen.de\/wp-content\/uploads\/2020\/07\/Oil-gas-titel.jpg\" \/>\n\t<meta property=\"og:image:width\" content=\"1400\" \/>\n\t<meta property=\"og:image:height\" content=\"334\" \/>\n\t<meta property=\"og:image:type\" content=\"image\/jpeg\" \/>\n<meta name=\"twitter:label1\" content=\"Odhadovan\u00e1 doba \u010dten\u00ed\" \/>\n\t<meta name=\"twitter:data1\" content=\"3 minuty\" \/>\n<!-- \/ Yoast SEO plugin. -->","yoast_head_json":{"title":"Odv\u011btv\u00ed - KLINGER Kempchen","description":"Know-how v oboru. \u0158e\u0161en\u00ed na m\u00edru pro ka\u017ed\u00e9 odv\u011btv\u00ed. Ve spole\u010dnosti KLINGER Kempchen se zam\u011b\u0159ujeme na bezpe\u010dnost za\u0159\u00edzen\u00ed. V\u017edy a za v\u0161ech okolnost\u00ed.","robots":{"index":"index","follow":"follow","max-snippet":"max-snippet:-1","max-image-preview":"max-image-preview:large","max-video-preview":"max-video-preview:-1"},"canonical":"https:\/\/www.klinger-kempchen.de\/unternehmen\/branchen\/","og_locale":"cs_CZ","og_type":"article","og_title":"Odv\u011btv\u00ed - KLINGER Kempchen","og_description":"Know-how v oboru. \u0158e\u0161en\u00ed na m\u00edru pro ka\u017ed\u00e9 odv\u011btv\u00ed. Ve spole\u010dnosti KLINGER Kempchen se zam\u011b\u0159ujeme na bezpe\u010dnost za\u0159\u00edzen\u00ed. V\u017edy a za v\u0161ech okolnost\u00ed.","og_url":"https:\/\/www.klinger-kempchen.de\/unternehmen\/branchen\/","og_site_name":"KLINGER Kempchen","article_modified_time":"2024-03-11T14:12:20+00:00","og_image":[{"width":1400,"height":334,"url":"https:\/\/www.klinger-kempchen.de\/wp-content\/uploads\/2020\/07\/Oil-gas-titel.jpg","type":"image\/jpeg"}],"twitter_misc":{"Odhadovan\u00e1 doba \u010dten\u00ed":"3 minuty"},"schema":{"@context":"https:\/\/schema.org","@graph":[{"@type":"WebPage","@id":"https:\/\/www.klinger-kempchen.de\/unternehmen\/branchen\/","url":"https:\/\/www.klinger-kempchen.de\/unternehmen\/branchen\/","name":"Odv\u011btv\u00ed - KLINGER Kempchen","isPartOf":{"@id":"https:\/\/www.klinger-kempchen.de\/#website"},"primaryImageOfPage":{"@id":"https:\/\/www.klinger-kempchen.de\/unternehmen\/branchen\/#primaryimage"},"image":{"@id":"https:\/\/www.klinger-kempchen.de\/unternehmen\/branchen\/#primaryimage"},"thumbnailUrl":"https:\/\/www.klinger-kempchen.de\/wp-content\/uploads\/2020\/07\/Oil-gas-titel.jpg","datePublished":"2023-07-18T14:24:20+00:00","dateModified":"2024-03-11T14:12:20+00:00","description":"Know-how v oboru. \u0158e\u0161en\u00ed na m\u00edru pro ka\u017ed\u00e9 odv\u011btv\u00ed. Ve spole\u010dnosti KLINGER Kempchen se zam\u011b\u0159ujeme na bezpe\u010dnost za\u0159\u00edzen\u00ed. V\u017edy a za v\u0161ech okolnost\u00ed.","breadcrumb":{"@id":"https:\/\/www.klinger-kempchen.de\/unternehmen\/branchen\/#breadcrumb"},"inLanguage":"cs","potentialAction":[{"@type":"ReadAction","target":["https:\/\/www.klinger-kempchen.de\/unternehmen\/branchen\/"]}]},{"@type":"ImageObject","inLanguage":"cs","@id":"https:\/\/www.klinger-kempchen.de\/unternehmen\/branchen\/#primaryimage","url":"https:\/\/www.klinger-kempchen.de\/wp-content\/uploads\/2020\/07\/Oil-gas-titel.jpg","contentUrl":"https:\/\/www.klinger-kempchen.de\/wp-content\/uploads\/2020\/07\/Oil-gas-titel.jpg","width":1400,"height":334},{"@type":"BreadcrumbList","@id":"https:\/\/www.klinger-kempchen.de\/unternehmen\/branchen\/#breadcrumb","itemListElement":[{"@type":"ListItem","position":1,"name":"Home","item":"https:\/\/www.klinger-kempchen.de\/"},{"@type":"ListItem","position":2,"name":"Spole\u010dnost","item":"https:\/\/www.klinger-kempchen.de\/unternehmen\/"},{"@type":"ListItem","position":3,"name":"Odv\u011btv\u00ed"}]},{"@type":"WebSite","@id":"https:\/\/www.klinger-kempchen.de\/#website","url":"https:\/\/www.klinger-kempchen.de\/","name":"KLINGER Kempchen","description":"KLINGER Kempchen","publisher":{"@id":"https:\/\/www.klinger-kempchen.de\/#organization"},"potentialAction":[{"@type":"SearchAction","target":{"@type":"EntryPoint","urlTemplate":"https:\/\/www.klinger-kempchen.de\/?s={search_term_string}"},"query-input":{"@type":"PropertyValueSpecification","valueRequired":true,"valueName":"search_term_string"}}],"inLanguage":"cs"},{"@type":"Organization","@id":"https:\/\/www.klinger-kempchen.de\/#organization","name":"KLINGER-Kempchen","url":"https:\/\/www.klinger-kempchen.de\/","logo":{"@type":"ImageObject","inLanguage":"cs","@id":"https:\/\/www.klinger-kempchen.de\/#\/schema\/logo\/image\/","url":"https:\/\/www.klinger-kempchen.de\/wp-content\/uploads\/2020\/06\/cropped-Klinger-Kempchen-Logo.png","contentUrl":"https:\/\/www.klinger-kempchen.de\/wp-content\/uploads\/2020\/06\/cropped-Klinger-Kempchen-Logo.png","width":512,"height":512,"caption":"KLINGER-Kempchen"},"image":{"@id":"https:\/\/www.klinger-kempchen.de\/#\/schema\/logo\/image\/"}}]}},"coauthors":[],"author_meta":{"author_link":"https:\/\/www.klinger-kempchen.de\/cs\/author\/administrador\/","display_name":"administrador"},"relative_dates":{"created":"Posted 3 roky ago","modified":"Updated 2 roky ago"},"absolute_dates":{"created":"Posted on 18 \u010dervence 2023","modified":"Updated on 11 b\u0159ezna 2024"},"absolute_dates_time":{"created":"Posted on 18 \u010dervence 2023 16:24","modified":"Updated on 11 b\u0159ezna 2024 15:12"},"featured_img_caption":"","featured_img":"https:\/\/www.klinger-kempchen.de\/wp-content\/uploads\/2020\/07\/Oil-gas-titel.jpg","series_order":"","_links":{"self":[{"href":"https:\/\/www.klinger-kempchen.de\/cs\/wp-json\/wp\/v2\/pages\/18777","targetHints":{"allow":["GET"]}}],"collection":[{"href":"https:\/\/www.klinger-kempchen.de\/cs\/wp-json\/wp\/v2\/pages"}],"about":[{"href":"https:\/\/www.klinger-kempchen.de\/cs\/wp-json\/wp\/v2\/types\/page"}],"author":[{"embeddable":true,"href":"https:\/\/www.klinger-kempchen.de\/cs\/wp-json\/wp\/v2\/users\/1"}],"replies":[{"embeddable":true,"href":"https:\/\/www.klinger-kempchen.de\/cs\/wp-json\/wp\/v2\/comments?post=18777"}],"version-history":[{"count":0,"href":"https:\/\/www.klinger-kempchen.de\/cs\/wp-json\/wp\/v2\/pages\/18777\/revisions"}],"up":[{"embeddable":true,"href":"https:\/\/www.klinger-kempchen.de\/cs\/wp-json\/wp\/v2\/pages\/18646"}],"wp:featuredmedia":[{"embeddable":true,"href":"https:\/\/www.klinger-kempchen.de\/cs\/wp-json\/wp\/v2\/media\/17607"}],"wp:attachment":[{"href":"https:\/\/www.klinger-kempchen.de\/cs\/wp-json\/wp\/v2\/media?parent=18777"}],"curies":[{"name":"wp","href":"https:\/\/api.w.org\/{rel}","templated":true}]}}