{"id":18793,"date":"2023-07-19T13:04:58","date_gmt":"2023-07-19T11:04:58","guid":{"rendered":"https:\/\/www.klinger-kempchen.de\/?page_id=18793"},"modified":"2024-06-26T12:49:45","modified_gmt":"2024-06-26T10:49:45","slug":"technicke-sluzby","status":"publish","type":"page","link":"https:\/\/www.klinger-kempchen.de\/cs\/engineering-kontakty\/technicke-sluzby\/","title":{"rendered":"Technick\u00e9 slu\u017eby"},"content":{"rendered":"\n<h1 class=\"wp-block-heading h3\">TECHNICK\u00c9 SLU\u017dBY<\/h1>\n\n\n\n<h2 class=\"wp-block-heading\">P\u0159ehled v\u0161ech oblast\u00ed slu\u017eeb<\/h2>\n\n\n\n<div style=\"height:30px\" aria-hidden=\"true\" class=\"wp-block-spacer advgb-dyn-afe3be10\"><\/div>\n\n\n\n<div class=\"wp-block-columns is-layout-flex wp-container-core-columns-is-layout-9d6595d7 wp-block-columns-is-layout-flex\">\n<div class=\"wp-block-column is-layout-flow wp-block-column-is-layout-flow\">\n<figure class=\"wp-block-table flecha\"><table class=\"has-background has-fixed-layout\" style=\"background-color:#e8f3fa\"><tbody><tr><td><a href=\"https:\/\/www.klinger-kempchen.de\/cs\/engineering-kontakty\/technicke-sluzby\/konstrukce-tesnicich-spoju\/\"><img loading=\"lazy\" decoding=\"async\" width=\"270\" height=\"270\" class=\"wp-image-16040\" style=\"width: 270px;\" src=\"https:\/\/www.klinger-kempchen.de\/wp-content\/uploads\/2023\/04\/Service1.jpg\" alt=\"Sonderdichtungen\"><\/a><\/td><td><a href=\"https:\/\/www.klinger-kempchen.de\/cs\/engineering-kontakty\/technicke-sluzby\/konstrukce-tesnicich-spoju\/\"><strong>Design<br>T\u011bsnic\u00ed spoje<br>a speci\u00e1ln\u00ed t\u011bsn\u011bn\u00ed<br><img decoding=\"async\" src=\"https:\/\/www.klinger-kempchen.de\/wp-content\/uploads\/2019\/11\/icon-arrow-blue-double.png\" alt=\"Pfeil\"><\/strong><\/a><\/td><\/tr><\/tbody><\/table><\/figure>\n<\/div>\n\n\n\n<div class=\"wp-block-column is-layout-flow wp-block-column-is-layout-flow\">\n<figure class=\"wp-block-table\"><table class=\"has-background has-fixed-layout\" style=\"background-color:#e8f3fa\"><tbody><tr><td><a href=\"https:\/\/www.klinger-kempchen.de\/cs\/engineering-kontakty\/technicke-sluzby\/konstrukce-tesnicich-spoju-v-oblasti-vysokych-teplot\/\"><img loading=\"lazy\" decoding=\"async\" width=\"270\" height=\"270\" class=\"wp-image-16215\" style=\"width: 270px;\" src=\"https:\/\/www.klinger-kempchen.de\/wp-content\/uploads\/2023\/05\/Service2.jpg\" alt=\"Auslegung von Dichtverbindungen im Hochtemperaturbereich\"><\/a><\/td><td><a href=\"https:\/\/www.klinger-kempchen.de\/cs\/engineering-kontakty\/technicke-sluzby\/konstrukce-tesnicich-spoju-v-oblasti-vysokych-teplot\/\"><strong>Design<br>T\u011bsnic\u00ed sp\u00e1ry v<br>Vysok\u00e9 teploty<br><img decoding=\"async\" src=\"https:\/\/www.klinger-kempchen.de\/wp-content\/uploads\/2019\/11\/icon-arrow-blue-double.png\" alt=\"Pfeil\"><\/strong><\/a><\/td><\/tr><\/tbody><\/table><\/figure>\n<\/div>\n<\/div>\n\n\n\n<div class=\"wp-block-columns is-layout-flex wp-container-core-columns-is-layout-9d6595d7 wp-block-columns-is-layout-flex\">\n<div class=\"wp-block-column is-layout-flow wp-block-column-is-layout-flow\">\n<figure class=\"wp-block-table is-style-regular\"><table class=\"has-background has-fixed-layout\" style=\"background-color:#e8f3fa\"><tbody><tr><td><a href=\"https:\/\/www.klinger-kempchen.de\/cs\/engineering-kontakty\/technicke-sluzby\/navrh-a-vypocet-tesneni-svarovacich-krouzku\/\"><img loading=\"lazy\" decoding=\"async\" width=\"270\" height=\"270\" class=\"wp-image-16218\" style=\"width: 270px;\" src=\"https:\/\/www.klinger-kempchen.de\/wp-content\/uploads\/2023\/05\/Service3.jpg\" alt=\"Auslegung und Berechnung von Schwei\u00dfringdichtungen\"><\/a><\/td><td><a href=\"https:\/\/www.klinger-kempchen.de\/cs\/engineering-kontakty\/technicke-sluzby\/navrh-a-vypocet-tesneni-svarovacich-krouzku\/\"><strong>Design a<br>v\u00fdpo\u010det<br>T\u011bsn\u011bn\u00ed sva\u0159ovac\u00edch krou\u017ek\u016f<br><img loading=\"lazy\" decoding=\"async\" width=\"18\" height=\"26\" class=\"wp-image-10612\" style=\"width: 18px;\" src=\"https:\/\/www.klinger-kempchen.de\/wp-content\/uploads\/2019\/11\/icon-arrow-blue-double.png\" alt=\"Pfeil\" srcset=\"https:\/\/www.klinger-kempchen.de\/wp-content\/uploads\/2019\/11\/icon-arrow-blue-double.png 18w, https:\/\/www.klinger-kempchen.de\/wp-content\/uploads\/2019\/11\/icon-arrow-blue-double-14x20.png 14w\" sizes=\"auto, (max-width: 18px) 100vw, 18px\" \/><\/strong><\/a><\/td><\/tr><\/tbody><\/table><\/figure>\n<\/div>\n\n\n\n<div class=\"wp-block-column is-layout-flow wp-block-column-is-layout-flow\">\n<figure class=\"wp-block-table\"><table class=\"has-background has-fixed-layout\" style=\"background-color:#e8f3fa\"><tbody><tr><td><a href=\"https:\/\/www.klinger-kempchen.de\/cs\/engineering-kontakty\/technicke-sluzby\/navrh-a-vypocet-kovovych-tesneni\/\"><img loading=\"lazy\" decoding=\"async\" width=\"270\" height=\"270\" class=\"wp-image-16220\" style=\"width: 270px;\" src=\"https:\/\/www.klinger-kempchen.de\/wp-content\/uploads\/2023\/05\/Service4.jpg\" alt=\"Auslegung und Berechnung von metallischen Dichtungen\"><\/a><\/td><td><a href=\"https:\/\/www.klinger-kempchen.de\/engineering-services\/berechnung-metalldichtungen\/\"><strong>Design a<br>v\u00fdpo\u010det<br>kovov\u00fdch<br>T\u011bsn\u011bn\u00ed<\/strong><\/a><a href=\"https:\/\/www.klinger-kempchen.de\/cs\/engineering-kontakty\/technicke-sluzby\/navrh-a-vypocet-kovovych-tesneni\/\"><strong><br><img decoding=\"async\" src=\"https:\/\/www.klinger-kempchen.de\/wp-content\/uploads\/2019\/11\/icon-arrow-blue-double.png\" alt=\"Pfeil\"><\/strong><\/a><\/td><\/tr><\/tbody><\/table><\/figure>\n<\/div>\n<\/div>\n\n\n\n<div class=\"wp-block-columns is-layout-flex wp-container-core-columns-is-layout-9d6595d7 wp-block-columns-is-layout-flex\">\n<div class=\"wp-block-column is-layout-flow wp-block-column-is-layout-flow\">\n<figure class=\"wp-block-table\"><table class=\"has-background has-fixed-layout\" style=\"background-color:#e8f3fa\"><tbody><tr><td><a href=\"https:\/\/www.klinger-kempchen.de\/cs\/engineering-kontakty\/technicke-sluzby\/3d-navrh-a-analyza-konecnych-prvku\/\"><img loading=\"lazy\" decoding=\"async\" width=\"270\" height=\"270\" class=\"wp-image-16224\" style=\"width: 270px;\" src=\"https:\/\/www.klinger-kempchen.de\/wp-content\/uploads\/2023\/05\/Service5.jpg\" alt=\"3D-Konstruktion &amp; Finite-Elemente-Analyse\"><\/a><\/td><td><a href=\"https:\/\/www.klinger-kempchen.de\/cs\/engineering-kontakty\/technicke-sluzby\/3d-navrh-a-analyza-konecnych-prvku\/\"><strong>3D design &amp;<br>Anal\u00fdza kone\u010dn\u00fdch prvk\u016f<br><img decoding=\"async\" src=\"https:\/\/www.klinger-kempchen.de\/wp-content\/uploads\/2019\/11\/icon-arrow-blue-double.png\" alt=\"Pfeil\"><\/strong><\/a><\/td><\/tr><\/tbody><\/table><\/figure>\n<\/div>\n\n\n\n<div class=\"wp-block-column is-layout-flow wp-block-column-is-layout-flow\">\n<figure class=\"wp-block-table\"><table class=\"has-background has-fixed-layout\" style=\"background-color:#e8f3fa\"><tbody><tr><td><a href=\"https:\/\/www.klinger-kempchen.de\/cs\/engineering-kontakty\/technicke-sluzby\/staticke-analyzy-a-vypocty-potrubi\/\"><img loading=\"lazy\" decoding=\"async\" width=\"270\" height=\"270\" class=\"wp-image-16226\" style=\"width: 270px;\" src=\"https:\/\/www.klinger-kempchen.de\/wp-content\/uploads\/2023\/05\/Service6.jpg\" alt=\"Rohrstatische Analysen und Berechnungen\"><\/a><\/td><td><a href=\"https:\/\/www.klinger-kempchen.de\/cs\/engineering-kontakty\/technicke-sluzby\/staticke-analyzy-a-vypocty-potrubi\/\"><strong>Statick\u00e9 anal\u00fdzy a <br>v\u00fdpo\u010dty potrub\u00edy<br><img decoding=\"async\" src=\"https:\/\/www.klinger-kempchen.de\/wp-content\/uploads\/2019\/11\/icon-arrow-blue-double.png\" alt=\"Pfeil\"><\/strong><\/a><\/td><\/tr><\/tbody><\/table><\/figure>\n<\/div>\n<\/div>\n\n\n\n<div class=\"wp-block-columns is-layout-flex wp-container-core-columns-is-layout-9d6595d7 wp-block-columns-is-layout-flex\">\n<div class=\"wp-block-column is-layout-flow wp-block-column-is-layout-flow\">\n<figure class=\"wp-block-table\"><table class=\"has-background has-fixed-layout\" style=\"background-color:#e8f3fa\"><tbody><tr><td><a href=\"https:\/\/www.klinger-kempchen.de\/cs\/engineering-kontakty\/technicke-sluzby\/konstrukce-a-udrzba-tridy-potrubi\/\"><img loading=\"lazy\" decoding=\"async\" width=\"270\" height=\"270\" class=\"wp-image-16229\" style=\"width: 270px;\" src=\"https:\/\/www.klinger-kempchen.de\/wp-content\/uploads\/2023\/05\/Service7.jpg\" alt=\"Rohrklassenauslegung und -pflege Werkstoffe-Regelwerke und Spezifikationen\"><\/a><\/td><td><strong><a href=\"https:\/\/www.klinger-kempchen.de\/cs\/engineering-kontakty\/technicke-sluzby\/konstrukce-a-udrzba-tridy-potrubi\/\">Konstrukce t\u0159\u00eddy potrub\u00ed<br>a \u00fadr\u017eba<br>P\u0159edpisy t\u00fdkaj\u00edc\u00ed se materi\u00e1l\u016f<br>a specifikace<br><img decoding=\"async\" src=\"https:\/\/www.klinger-kempchen.de\/wp-content\/uploads\/2019\/11\/icon-arrow-blue-double.png\" alt=\"Pfeil\"><\/a><\/strong><\/td><\/tr><\/tbody><\/table><\/figure>\n<\/div>\n\n\n\n<div class=\"wp-block-column is-layout-flow wp-block-column-is-layout-flow\">\n<figure class=\"wp-block-table\"><table class=\"has-background has-fixed-layout\" style=\"background-color:#e8f3fa\"><tbody><tr><td><a href=\"https:\/\/www.klinger-kempchen.de\/cs\/engineering-kontakty\/technicke-sluzby\/turnaround-engineering\/\"><img loading=\"lazy\" decoding=\"async\" width=\"270\" height=\"270\" class=\"wp-image-16232\" style=\"width: 270px;\" src=\"https:\/\/www.klinger-kempchen.de\/wp-content\/uploads\/2023\/05\/Service8.jpg\" alt=\"Turnaround Engineering\"><\/a><\/td><td><strong><a href=\"https:\/\/www.klinger-kempchen.de\/cs\/engineering-kontakty\/technicke-sluzby\/turnaround-engineering\/\">Turnaround <br>engineering<br><img decoding=\"async\" src=\"https:\/\/www.klinger-kempchen.de\/wp-content\/uploads\/2019\/11\/icon-arrow-blue-double.png\" alt=\"Pfeil\"><\/a><\/strong><\/td><\/tr><\/tbody><\/table><\/figure>\n<\/div>\n<\/div>\n\n\n\n<div class=\"wp-block-columns is-layout-flex wp-container-core-columns-is-layout-9d6595d7 wp-block-columns-is-layout-flex\">\n<div class=\"wp-block-column is-layout-flow wp-block-column-is-layout-flow\">\n<figure class=\"wp-block-table\"><table class=\"has-background has-fixed-layout\" style=\"background-color:#e8f3fa\"><tbody><tr><td><a href=\"https:\/\/www.klinger-kempchen.de\/cs\/engineering-kontakty\/technicke-sluzby\/koncepty-rizeni\/\"><img loading=\"lazy\" decoding=\"async\" width=\"270\" height=\"270\" class=\"wp-image-16235\" style=\"width: 270px;\" src=\"https:\/\/www.klinger-kempchen.de\/wp-content\/uploads\/2023\/05\/Service9.jpg\" alt=\"Managementkonzepte\"><\/a><\/td><td><strong><a href=\"https:\/\/www.klinger-kempchen.de\/cs\/engineering-kontakty\/technicke-sluzby\/koncepty-rizeni\/\">Koncepty \u0159\u00edzen\u00ed<br><img decoding=\"async\" src=\"https:\/\/www.klinger-kempchen.de\/wp-content\/uploads\/2019\/11\/icon-arrow-blue-double.png\" alt=\"Pfeil\"><\/a><\/strong><\/td><\/tr><\/tbody><\/table><\/figure>\n<\/div>\n\n\n\n<div class=\"wp-block-column is-layout-flow wp-block-column-is-layout-flow\">\n<figure class=\"wp-block-table\"><table class=\"has-background has-fixed-layout\" style=\"background-color:#e8f3fa\"><tbody><tr><td><a href=\"https:\/\/www.klinger-kempchen.de\/cs\/engineering-kontakty\/technicke-sluzby\/koncepty-spolehlivosti\/\"><img loading=\"lazy\" decoding=\"async\" width=\"270\" height=\"270\" class=\"wp-image-16238\" style=\"width: 270px;\" src=\"https:\/\/www.klinger-kempchen.de\/wp-content\/uploads\/2023\/05\/Service10.jpg\" alt=\"Reliabilitykonzepte\"><\/a><\/td><td><strong><a href=\"https:\/\/www.klinger-kempchen.de\/cs\/engineering-kontakty\/technicke-sluzby\/koncepty-spolehlivosti\/\">Koncepty <br>spolehlivosti<br><img decoding=\"async\" src=\"https:\/\/www.klinger-kempchen.de\/wp-content\/uploads\/2019\/11\/icon-arrow-blue-double.png\" alt=\"Pfeil\"><\/a><\/strong><\/td><\/tr><\/tbody><\/table><\/figure>\n<\/div>\n<\/div>\n\n\n\n<div class=\"wp-block-columns is-layout-flex wp-container-core-columns-is-layout-9d6595d7 wp-block-columns-is-layout-flex\">\n<div class=\"wp-block-column is-layout-flow wp-block-column-is-layout-flow\">\n<figure class=\"wp-block-table\"><table class=\"has-background has-fixed-layout\" style=\"background-color:#e8f3fa\"><tbody><tr><td><a href=\"https:\/\/www.klinger-kempchen.de\/cs\/engineering-kontakty\/technicke-sluzby\/vyroba-specialnich-prirub\/\"><img loading=\"lazy\" decoding=\"async\" width=\"270\" height=\"270\" class=\"wp-image-16241\" style=\"width: 270px;\" src=\"https:\/\/www.klinger-kempchen.de\/wp-content\/uploads\/2023\/05\/Service11.jpg\" alt=\"Fertigung von Sonderflanschen\"><\/a><\/td><td><strong><a href=\"https:\/\/www.klinger-kempchen.de\/cs\/engineering-kontakty\/technicke-sluzby\/vyroba-specialnich-prirub\/\">V\u00fdroba<br>Speci\u00e1ln\u00ed p\u0159\u00edruby<br><img decoding=\"async\" src=\"https:\/\/www.klinger-kempchen.de\/wp-content\/uploads\/2019\/11\/icon-arrow-blue-double.png\" alt=\"Pfeil\"><\/a><\/strong><\/td><\/tr><\/tbody><\/table><\/figure>\n<\/div>\n\n\n\n<div class=\"wp-block-column is-layout-flow wp-block-column-is-layout-flow\"><\/div>\n<\/div>\n","protected":false},"excerpt":{"rendered":"<p>TECHNICK\u00c9 SLU\u017dBY P\u0159ehled v\u0161ech oblast\u00ed slu\u017eeb DesignT\u011bsnic\u00ed spojea speci\u00e1ln\u00ed t\u011bsn\u011bn\u00ed DesignT\u011bsnic\u00ed sp\u00e1ry vVysok\u00e9 teploty Design av\u00fdpo\u010detT\u011bsn\u011bn\u00ed sva\u0159ovac\u00edch krou\u017ek\u016f Design av\u00fdpo\u010detkovov\u00fdchT\u011bsn\u011bn\u00ed 3D design &amp;Anal\u00fdza kone\u010dn\u00fdch prvk\u016f Statick\u00e9 anal\u00fdzy a v\u00fdpo\u010dty potrub\u00edy Konstrukce t\u0159\u00eddy potrub\u00eda \u00fadr\u017ebaP\u0159edpisy t\u00fdkaj\u00edc\u00ed se materi\u00e1l\u016fa specifikace Turnaround engineering Koncepty \u0159\u00edzen\u00ed Koncepty spolehlivosti V\u00fdrobaSpeci\u00e1ln\u00ed p\u0159\u00edruby<\/p>\n","protected":false},"author":1,"featured_media":18349,"parent":18702,"menu_order":2,"comment_status":"closed","ping_status":"closed","template":"page-templates\/secciones-principales.php","meta":{"advgb_blocks_editor_width":"","advgb_blocks_columns_visual_guide":"","iawp_total_views":25,"footnotes":""},"class_list":["post-18793","page","type-page","status-publish","has-post-thumbnail","hentry"],"yoast_head":"<!-- This site is optimized with the Yoast SEO plugin v27.3 - https:\/\/yoast.com\/product\/yoast-seo-wordpress\/ -->\n<title>Technick\u00e9 slu\u017eby - KLINGER Kempchen<\/title>\n<meta name=\"description\" content=\"KLINGER Engineering je organiza\u010dn\u011b sou\u010d\u00e1st\u00ed spole\u010dnosti KLINGER Kempchen GmbH v Oberhausenu a nab\u00edz\u00ed servisn\u00ed linky pro t\u011bsn\u011bn\u00ed.\" \/>\n<meta name=\"robots\" content=\"index, follow, max-snippet:-1, max-image-preview:large, max-video-preview:-1\" \/>\n<link rel=\"canonical\" href=\"https:\/\/www.klinger-kempchen.de\/cs\/engineering-kontakty\/technicke-sluzby\/\" \/>\n<meta property=\"og:locale\" content=\"cs_CZ\" \/>\n<meta property=\"og:type\" content=\"article\" \/>\n<meta property=\"og:title\" content=\"Technick\u00e9 slu\u017eby - KLINGER Kempchen\" \/>\n<meta property=\"og:description\" content=\"KLINGER Engineering je organiza\u010dn\u011b sou\u010d\u00e1st\u00ed spole\u010dnosti KLINGER Kempchen GmbH v Oberhausenu a nab\u00edz\u00ed servisn\u00ed linky pro t\u011bsn\u011bn\u00ed.\" \/>\n<meta property=\"og:url\" content=\"https:\/\/www.klinger-kempchen.de\/cs\/engineering-kontakty\/technicke-sluzby\/\" \/>\n<meta property=\"og:site_name\" content=\"KLINGER Kempchen\" \/>\n<meta property=\"article:modified_time\" content=\"2024-06-26T10:49:45+00:00\" \/>\n<meta property=\"og:image\" content=\"https:\/\/www.klinger-kempchen.de\/wp-content\/uploads\/2023\/04\/engineering-start.jpg\" \/>\n\t<meta property=\"og:image:width\" content=\"1400\" \/>\n\t<meta property=\"og:image:height\" content=\"350\" \/>\n\t<meta property=\"og:image:type\" content=\"image\/jpeg\" \/>\n<!-- \/ Yoast SEO plugin. -->","yoast_head_json":{"title":"Technick\u00e9 slu\u017eby - KLINGER Kempchen","description":"KLINGER Engineering je organiza\u010dn\u011b sou\u010d\u00e1st\u00ed spole\u010dnosti KLINGER Kempchen GmbH v Oberhausenu a nab\u00edz\u00ed servisn\u00ed linky pro t\u011bsn\u011bn\u00ed.","robots":{"index":"index","follow":"follow","max-snippet":"max-snippet:-1","max-image-preview":"max-image-preview:large","max-video-preview":"max-video-preview:-1"},"canonical":"https:\/\/www.klinger-kempchen.de\/cs\/engineering-kontakty\/technicke-sluzby\/","og_locale":"cs_CZ","og_type":"article","og_title":"Technick\u00e9 slu\u017eby - KLINGER Kempchen","og_description":"KLINGER Engineering je organiza\u010dn\u011b sou\u010d\u00e1st\u00ed spole\u010dnosti KLINGER Kempchen GmbH v Oberhausenu a nab\u00edz\u00ed servisn\u00ed linky pro t\u011bsn\u011bn\u00ed.","og_url":"https:\/\/www.klinger-kempchen.de\/cs\/engineering-kontakty\/technicke-sluzby\/","og_site_name":"KLINGER Kempchen","article_modified_time":"2024-06-26T10:49:45+00:00","og_image":[{"width":1400,"height":350,"url":"https:\/\/www.klinger-kempchen.de\/wp-content\/uploads\/2023\/04\/engineering-start.jpg","type":"image\/jpeg"}],"schema":{"@context":"https:\/\/schema.org","@graph":[{"@type":"WebPage","@id":"https:\/\/www.klinger-kempchen.de\/cs\/engineering-kontakty\/technicke-sluzby\/","url":"https:\/\/www.klinger-kempchen.de\/cs\/engineering-kontakty\/technicke-sluzby\/","name":"Technick\u00e9 slu\u017eby - KLINGER Kempchen","isPartOf":{"@id":"https:\/\/www.klinger-kempchen.de\/#website"},"primaryImageOfPage":{"@id":"https:\/\/www.klinger-kempchen.de\/cs\/engineering-kontakty\/technicke-sluzby\/#primaryimage"},"image":{"@id":"https:\/\/www.klinger-kempchen.de\/cs\/engineering-kontakty\/technicke-sluzby\/#primaryimage"},"thumbnailUrl":"https:\/\/www.klinger-kempchen.de\/wp-content\/uploads\/2023\/04\/engineering-start.jpg","datePublished":"2023-07-19T11:04:58+00:00","dateModified":"2024-06-26T10:49:45+00:00","description":"KLINGER Engineering je organiza\u010dn\u011b sou\u010d\u00e1st\u00ed spole\u010dnosti KLINGER Kempchen GmbH v Oberhausenu a nab\u00edz\u00ed servisn\u00ed linky pro t\u011bsn\u011bn\u00ed.","breadcrumb":{"@id":"https:\/\/www.klinger-kempchen.de\/cs\/engineering-kontakty\/technicke-sluzby\/#breadcrumb"},"inLanguage":"cs","potentialAction":[{"@type":"ReadAction","target":["https:\/\/www.klinger-kempchen.de\/cs\/engineering-kontakty\/technicke-sluzby\/"]}]},{"@type":"ImageObject","inLanguage":"cs","@id":"https:\/\/www.klinger-kempchen.de\/cs\/engineering-kontakty\/technicke-sluzby\/#primaryimage","url":"https:\/\/www.klinger-kempchen.de\/wp-content\/uploads\/2023\/04\/engineering-start.jpg","contentUrl":"https:\/\/www.klinger-kempchen.de\/wp-content\/uploads\/2023\/04\/engineering-start.jpg","width":1400,"height":350},{"@type":"BreadcrumbList","@id":"https:\/\/www.klinger-kempchen.de\/cs\/engineering-kontakty\/technicke-sluzby\/#breadcrumb","itemListElement":[{"@type":"ListItem","position":1,"name":"Home","item":"https:\/\/www.klinger-kempchen.de\/"},{"@type":"ListItem","position":2,"name":"Engineering","item":"https:\/\/www.klinger-kempchen.de\/cs\/engineering-kontakty\/"},{"@type":"ListItem","position":3,"name":"Technick\u00e9 slu\u017eby"}]},{"@type":"WebSite","@id":"https:\/\/www.klinger-kempchen.de\/#website","url":"https:\/\/www.klinger-kempchen.de\/","name":"KLINGER Kempchen","description":"KLINGER Kempchen","publisher":{"@id":"https:\/\/www.klinger-kempchen.de\/#organization"},"potentialAction":[{"@type":"SearchAction","target":{"@type":"EntryPoint","urlTemplate":"https:\/\/www.klinger-kempchen.de\/?s={search_term_string}"},"query-input":{"@type":"PropertyValueSpecification","valueRequired":true,"valueName":"search_term_string"}}],"inLanguage":"cs"},{"@type":"Organization","@id":"https:\/\/www.klinger-kempchen.de\/#organization","name":"KLINGER-Kempchen","url":"https:\/\/www.klinger-kempchen.de\/","logo":{"@type":"ImageObject","inLanguage":"cs","@id":"https:\/\/www.klinger-kempchen.de\/#\/schema\/logo\/image\/","url":"https:\/\/www.klinger-kempchen.de\/wp-content\/uploads\/2020\/06\/cropped-Klinger-Kempchen-Logo.png","contentUrl":"https:\/\/www.klinger-kempchen.de\/wp-content\/uploads\/2020\/06\/cropped-Klinger-Kempchen-Logo.png","width":512,"height":512,"caption":"KLINGER-Kempchen"},"image":{"@id":"https:\/\/www.klinger-kempchen.de\/#\/schema\/logo\/image\/"}}]}},"coauthors":[],"author_meta":{"author_link":"https:\/\/www.klinger-kempchen.de\/cs\/author\/administrador\/","display_name":"administrador"},"relative_dates":{"created":"Posted 3 roky ago","modified":"Updated 2 roky ago"},"absolute_dates":{"created":"Posted on 19 \u010dervence 2023","modified":"Updated on 26 \u010dervna 2024"},"absolute_dates_time":{"created":"Posted on 19 \u010dervence 2023 13:04","modified":"Updated on 26 \u010dervna 2024 12:49"},"featured_img_caption":"","featured_img":"https:\/\/www.klinger-kempchen.de\/wp-content\/uploads\/2023\/04\/engineering-start.jpg","series_order":"","_links":{"self":[{"href":"https:\/\/www.klinger-kempchen.de\/cs\/wp-json\/wp\/v2\/pages\/18793","targetHints":{"allow":["GET"]}}],"collection":[{"href":"https:\/\/www.klinger-kempchen.de\/cs\/wp-json\/wp\/v2\/pages"}],"about":[{"href":"https:\/\/www.klinger-kempchen.de\/cs\/wp-json\/wp\/v2\/types\/page"}],"author":[{"embeddable":true,"href":"https:\/\/www.klinger-kempchen.de\/cs\/wp-json\/wp\/v2\/users\/1"}],"replies":[{"embeddable":true,"href":"https:\/\/www.klinger-kempchen.de\/cs\/wp-json\/wp\/v2\/comments?post=18793"}],"version-history":[{"count":0,"href":"https:\/\/www.klinger-kempchen.de\/cs\/wp-json\/wp\/v2\/pages\/18793\/revisions"}],"up":[{"embeddable":true,"href":"https:\/\/www.klinger-kempchen.de\/cs\/wp-json\/wp\/v2\/pages\/18702"}],"wp:featuredmedia":[{"embeddable":true,"href":"https:\/\/www.klinger-kempchen.de\/cs\/wp-json\/wp\/v2\/media\/18349"}],"wp:attachment":[{"href":"https:\/\/www.klinger-kempchen.de\/cs\/wp-json\/wp\/v2\/media?parent=18793"}],"curies":[{"name":"wp","href":"https:\/\/api.w.org\/{rel}","templated":true}]}}