{"id":18802,"date":"2023-07-20T15:18:04","date_gmt":"2023-07-20T13:18:04","guid":{"rendered":"https:\/\/www.klinger-kempchen.de\/?page_id=18802"},"modified":"2024-03-11T15:50:37","modified_gmt":"2024-03-11T14:50:37","slug":"damage-investigation","status":"publish","type":"page","link":"https:\/\/www.klinger-kempchen.de\/cs\/engineering-kontakty\/damage-investigation\/","title":{"rendered":"Vy\u0161et\u0159ov\u00e1n\u00ed \u0161kod a incident\u016f"},"content":{"rendered":"\n<h1 class=\"wp-block-heading h3\">DAMAGE INVESTIGATION<\/h1>\n\n\n\n<h2 class=\"wp-block-heading h3\">Vy\u0161et\u0159ov\u00e1n\u00ed \u0161kod a incident\u016f<\/h2>\n\n\n\n<p><\/p>\n\n\n\n<div style=\"height:30px\" aria-hidden=\"true\" class=\"wp-block-spacer advgb-dyn-afe3be10\"><\/div>\n\n\n\n<div class=\"wp-block-columns is-layout-flex wp-container-core-columns-is-layout-9d6595d7 wp-block-columns-is-layout-flex\">\n<div class=\"wp-block-column is-layout-flow wp-block-column-is-layout-flow\">\n<figure class=\"wp-block-table flecha\"><table class=\"has-background\" style=\"background-color:#e8f3fa\"><tbody><tr><td><a href=\"https:\/\/www.klinger-kempchen.de\/engineering-services\/schadens-und-ereignisuntersuchungen\/\"><img loading=\"lazy\" decoding=\"async\" width=\"270\" height=\"270\" class=\"wp-image-17124\" style=\"width: 270px;\" src=\"https:\/\/www.klinger-kempchen.de\/wp-content\/uploads\/2023\/06\/Damage1.jpg\" alt=\"Damage1\"><\/a><\/td><td><a href=\"https:\/\/www.klinger-kempchen.de\/engineering-services\/schadens-und-ereignisuntersuchungen\/\"><h3>Vy\u0161et\u0159ov\u00e1n\u00ed \u0161kod a incident\u016f<\/h3><br><img decoding=\"async\" src=\"https:\/\/www.klinger-kempchen.de\/wp-content\/uploads\/2019\/11\/icon-arrow-blue-double.png\" alt=\"Pfeil\"><\/a><\/td><\/tr><\/tbody><\/table><\/figure>\n<\/div>\n\n\n\n<div class=\"wp-block-column is-layout-flow wp-block-column-is-layout-flow\">\n<figure class=\"wp-block-table\"><table class=\"has-background\" style=\"background-color:#e8f3fa\"><tbody><tr><td><a href=\"https:\/\/www.klinger-kempchen.de\/engineering-services\/schadensaufnahme-vor-ort\/\"><img loading=\"lazy\" decoding=\"async\" width=\"270\" height=\"270\" class=\"wp-image-17127\" style=\"width: 270px;\" src=\"https:\/\/www.klinger-kempchen.de\/wp-content\/uploads\/2023\/06\/Damage2.jpg\" alt=\"Damage2\"><\/a><\/td><td><a href=\"https:\/\/www.klinger-kempchen.de\/engineering-services\/schadensaufnahme-vor-ort\/\"><h3>Posouzen\u00ed \u0161kod<br>Na m\u00edst\u011b<\/h3><br><img decoding=\"async\" src=\"https:\/\/www.klinger-kempchen.de\/wp-content\/uploads\/2019\/11\/icon-arrow-blue-double.png\" alt=\"Pfeil\"><\/a><\/td><\/tr><\/tbody><\/table><\/figure>\n<\/div>\n<\/div>\n\n\n\n<div class=\"wp-block-columns is-layout-flex wp-container-core-columns-is-layout-9d6595d7 wp-block-columns-is-layout-flex\">\n<div class=\"wp-block-column is-layout-flow wp-block-column-is-layout-flow\">\n<figure class=\"wp-block-table is-style-regular\"><table class=\"has-background\" style=\"background-color:#e8f3fa\"><tbody><tr><td><a href=\"https:\/\/www.klinger-kempchen.de\/engineering-services\/root-cause-analysis\/\"><img loading=\"lazy\" decoding=\"async\" width=\"270\" height=\"270\" class=\"wp-image-17129\" style=\"width: 270px;\" src=\"https:\/\/www.klinger-kempchen.de\/wp-content\/uploads\/2023\/06\/Damage3.jpg\" alt=\"Damage3\"><\/a><\/td><td><a href=\"https:\/\/www.klinger-kempchen.de\/engineering-services\/root-cause-analysis\/\"><h3>Root Cause Analysis &amp;<br>Logic Tree Analysis<\/h3><br><img loading=\"lazy\" decoding=\"async\" width=\"18\" height=\"26\" class=\"wp-image-10612\" style=\"width: 18px;\" src=\"https:\/\/www.klinger-kempchen.de\/wp-content\/uploads\/2019\/11\/icon-arrow-blue-double.png\" alt=\"Pfeil\" srcset=\"https:\/\/www.klinger-kempchen.de\/wp-content\/uploads\/2019\/11\/icon-arrow-blue-double.png 18w, https:\/\/www.klinger-kempchen.de\/wp-content\/uploads\/2019\/11\/icon-arrow-blue-double-14x20.png 14w\" sizes=\"auto, (max-width: 18px) 100vw, 18px\" \/><\/a><\/td><\/tr><\/tbody><\/table><\/figure>\n<\/div>\n\n\n\n<div class=\"wp-block-column is-layout-flow wp-block-column-is-layout-flow\"><\/div>\n<\/div>\n","protected":false},"excerpt":{"rendered":"<p>DAMAGE INVESTIGATION Vy\u0161et\u0159ov\u00e1n\u00ed \u0161kod a incident\u016f Vy\u0161et\u0159ov\u00e1n\u00ed \u0161kod a incident\u016f Posouzen\u00ed \u0161kodNa m\u00edst\u011b Root Cause Analysis &amp;Logic Tree Analysis<\/p>\n","protected":false},"author":1,"featured_media":18349,"parent":18702,"menu_order":3,"comment_status":"closed","ping_status":"closed","template":"page-templates\/secciones-principales.php","meta":{"advgb_blocks_editor_width":"","advgb_blocks_columns_visual_guide":"","iawp_total_views":19,"footnotes":""},"class_list":["post-18802","page","type-page","status-publish","has-post-thumbnail","hentry"],"yoast_head":"<!-- This site is optimized with the Yoast SEO plugin v27.3 - https:\/\/yoast.com\/product\/yoast-seo-wordpress\/ -->\n<title>Vy\u0161et\u0159ov\u00e1n\u00ed \u0161kod a incident\u016f - KLINGER Kempchen<\/title>\n<meta name=\"description\" content=\"KLINGER Engineering je organiza\u010dn\u011b sou\u010d\u00e1st\u00ed spole\u010dnosti KLINGER Kempchen GmbH v Oberhausenu a nab\u00edz\u00ed servisn\u00ed linky pro t\u011bsn\u011bn\u00ed.\" \/>\n<meta name=\"robots\" content=\"index, follow, max-snippet:-1, max-image-preview:large, max-video-preview:-1\" \/>\n<link rel=\"canonical\" href=\"https:\/\/www.klinger-kempchen.de\/cs\/engineering-kontakty\/damage-investigation\/\" \/>\n<meta property=\"og:locale\" content=\"cs_CZ\" \/>\n<meta property=\"og:type\" content=\"article\" \/>\n<meta property=\"og:title\" content=\"Vy\u0161et\u0159ov\u00e1n\u00ed \u0161kod a incident\u016f - KLINGER Kempchen\" \/>\n<meta property=\"og:description\" content=\"KLINGER Engineering je organiza\u010dn\u011b sou\u010d\u00e1st\u00ed spole\u010dnosti KLINGER Kempchen GmbH v Oberhausenu a nab\u00edz\u00ed servisn\u00ed linky pro t\u011bsn\u011bn\u00ed.\" \/>\n<meta property=\"og:url\" content=\"https:\/\/www.klinger-kempchen.de\/cs\/engineering-kontakty\/damage-investigation\/\" \/>\n<meta property=\"og:site_name\" content=\"KLINGER Kempchen\" \/>\n<meta property=\"article:modified_time\" content=\"2024-03-11T14:50:37+00:00\" \/>\n<meta property=\"og:image\" content=\"https:\/\/www.klinger-kempchen.de\/wp-content\/uploads\/2023\/04\/engineering-start.jpg\" \/>\n\t<meta property=\"og:image:width\" content=\"1400\" \/>\n\t<meta property=\"og:image:height\" content=\"350\" \/>\n\t<meta property=\"og:image:type\" content=\"image\/jpeg\" \/>\n<!-- \/ Yoast SEO plugin. -->","yoast_head_json":{"title":"Vy\u0161et\u0159ov\u00e1n\u00ed \u0161kod a incident\u016f - KLINGER Kempchen","description":"KLINGER Engineering je organiza\u010dn\u011b sou\u010d\u00e1st\u00ed spole\u010dnosti KLINGER Kempchen GmbH v Oberhausenu a nab\u00edz\u00ed servisn\u00ed linky pro t\u011bsn\u011bn\u00ed.","robots":{"index":"index","follow":"follow","max-snippet":"max-snippet:-1","max-image-preview":"max-image-preview:large","max-video-preview":"max-video-preview:-1"},"canonical":"https:\/\/www.klinger-kempchen.de\/cs\/engineering-kontakty\/damage-investigation\/","og_locale":"cs_CZ","og_type":"article","og_title":"Vy\u0161et\u0159ov\u00e1n\u00ed \u0161kod a incident\u016f - KLINGER Kempchen","og_description":"KLINGER Engineering je organiza\u010dn\u011b sou\u010d\u00e1st\u00ed spole\u010dnosti KLINGER Kempchen GmbH v Oberhausenu a nab\u00edz\u00ed servisn\u00ed linky pro t\u011bsn\u011bn\u00ed.","og_url":"https:\/\/www.klinger-kempchen.de\/cs\/engineering-kontakty\/damage-investigation\/","og_site_name":"KLINGER Kempchen","article_modified_time":"2024-03-11T14:50:37+00:00","og_image":[{"width":1400,"height":350,"url":"https:\/\/www.klinger-kempchen.de\/wp-content\/uploads\/2023\/04\/engineering-start.jpg","type":"image\/jpeg"}],"schema":{"@context":"https:\/\/schema.org","@graph":[{"@type":"WebPage","@id":"https:\/\/www.klinger-kempchen.de\/cs\/engineering-kontakty\/damage-investigation\/","url":"https:\/\/www.klinger-kempchen.de\/cs\/engineering-kontakty\/damage-investigation\/","name":"Vy\u0161et\u0159ov\u00e1n\u00ed \u0161kod a incident\u016f - KLINGER Kempchen","isPartOf":{"@id":"https:\/\/www.klinger-kempchen.de\/#website"},"primaryImageOfPage":{"@id":"https:\/\/www.klinger-kempchen.de\/cs\/engineering-kontakty\/damage-investigation\/#primaryimage"},"image":{"@id":"https:\/\/www.klinger-kempchen.de\/cs\/engineering-kontakty\/damage-investigation\/#primaryimage"},"thumbnailUrl":"https:\/\/www.klinger-kempchen.de\/wp-content\/uploads\/2023\/04\/engineering-start.jpg","datePublished":"2023-07-20T13:18:04+00:00","dateModified":"2024-03-11T14:50:37+00:00","description":"KLINGER Engineering je organiza\u010dn\u011b sou\u010d\u00e1st\u00ed spole\u010dnosti KLINGER Kempchen GmbH v Oberhausenu a nab\u00edz\u00ed servisn\u00ed linky pro t\u011bsn\u011bn\u00ed.","breadcrumb":{"@id":"https:\/\/www.klinger-kempchen.de\/cs\/engineering-kontakty\/damage-investigation\/#breadcrumb"},"inLanguage":"cs","potentialAction":[{"@type":"ReadAction","target":["https:\/\/www.klinger-kempchen.de\/cs\/engineering-kontakty\/damage-investigation\/"]}]},{"@type":"ImageObject","inLanguage":"cs","@id":"https:\/\/www.klinger-kempchen.de\/cs\/engineering-kontakty\/damage-investigation\/#primaryimage","url":"https:\/\/www.klinger-kempchen.de\/wp-content\/uploads\/2023\/04\/engineering-start.jpg","contentUrl":"https:\/\/www.klinger-kempchen.de\/wp-content\/uploads\/2023\/04\/engineering-start.jpg","width":1400,"height":350},{"@type":"BreadcrumbList","@id":"https:\/\/www.klinger-kempchen.de\/cs\/engineering-kontakty\/damage-investigation\/#breadcrumb","itemListElement":[{"@type":"ListItem","position":1,"name":"Home","item":"https:\/\/www.klinger-kempchen.de\/"},{"@type":"ListItem","position":2,"name":"Engineering","item":"https:\/\/www.klinger-kempchen.de\/cs\/engineering-kontakty\/"},{"@type":"ListItem","position":3,"name":"Vy\u0161et\u0159ov\u00e1n\u00ed \u0161kod a incident\u016f"}]},{"@type":"WebSite","@id":"https:\/\/www.klinger-kempchen.de\/#website","url":"https:\/\/www.klinger-kempchen.de\/","name":"KLINGER Kempchen","description":"KLINGER Kempchen","publisher":{"@id":"https:\/\/www.klinger-kempchen.de\/#organization"},"potentialAction":[{"@type":"SearchAction","target":{"@type":"EntryPoint","urlTemplate":"https:\/\/www.klinger-kempchen.de\/?s={search_term_string}"},"query-input":{"@type":"PropertyValueSpecification","valueRequired":true,"valueName":"search_term_string"}}],"inLanguage":"cs"},{"@type":"Organization","@id":"https:\/\/www.klinger-kempchen.de\/#organization","name":"KLINGER-Kempchen","url":"https:\/\/www.klinger-kempchen.de\/","logo":{"@type":"ImageObject","inLanguage":"cs","@id":"https:\/\/www.klinger-kempchen.de\/#\/schema\/logo\/image\/","url":"https:\/\/www.klinger-kempchen.de\/wp-content\/uploads\/2020\/06\/cropped-Klinger-Kempchen-Logo.png","contentUrl":"https:\/\/www.klinger-kempchen.de\/wp-content\/uploads\/2020\/06\/cropped-Klinger-Kempchen-Logo.png","width":512,"height":512,"caption":"KLINGER-Kempchen"},"image":{"@id":"https:\/\/www.klinger-kempchen.de\/#\/schema\/logo\/image\/"}}]}},"coauthors":[],"author_meta":{"author_link":"https:\/\/www.klinger-kempchen.de\/cs\/author\/administrador\/","display_name":"administrador"},"relative_dates":{"created":"Posted 3 roky ago","modified":"Updated 2 roky ago"},"absolute_dates":{"created":"Posted on 20 \u010dervence 2023","modified":"Updated on 11 b\u0159ezna 2024"},"absolute_dates_time":{"created":"Posted on 20 \u010dervence 2023 15:18","modified":"Updated on 11 b\u0159ezna 2024 15:50"},"featured_img_caption":"","featured_img":"https:\/\/www.klinger-kempchen.de\/wp-content\/uploads\/2023\/04\/engineering-start.jpg","series_order":"","_links":{"self":[{"href":"https:\/\/www.klinger-kempchen.de\/cs\/wp-json\/wp\/v2\/pages\/18802","targetHints":{"allow":["GET"]}}],"collection":[{"href":"https:\/\/www.klinger-kempchen.de\/cs\/wp-json\/wp\/v2\/pages"}],"about":[{"href":"https:\/\/www.klinger-kempchen.de\/cs\/wp-json\/wp\/v2\/types\/page"}],"author":[{"embeddable":true,"href":"https:\/\/www.klinger-kempchen.de\/cs\/wp-json\/wp\/v2\/users\/1"}],"replies":[{"embeddable":true,"href":"https:\/\/www.klinger-kempchen.de\/cs\/wp-json\/wp\/v2\/comments?post=18802"}],"version-history":[{"count":0,"href":"https:\/\/www.klinger-kempchen.de\/cs\/wp-json\/wp\/v2\/pages\/18802\/revisions"}],"up":[{"embeddable":true,"href":"https:\/\/www.klinger-kempchen.de\/cs\/wp-json\/wp\/v2\/pages\/18702"}],"wp:featuredmedia":[{"embeddable":true,"href":"https:\/\/www.klinger-kempchen.de\/cs\/wp-json\/wp\/v2\/media\/18349"}],"wp:attachment":[{"href":"https:\/\/www.klinger-kempchen.de\/cs\/wp-json\/wp\/v2\/media?parent=18802"}],"curies":[{"name":"wp","href":"https:\/\/api.w.org\/{rel}","templated":true}]}}