{"id":18805,"date":"2023-07-20T15:23:28","date_gmt":"2023-07-20T13:23:28","guid":{"rendered":"https:\/\/www.klinger-kempchen.de\/?page_id=18805"},"modified":"2024-06-25T14:21:43","modified_gmt":"2024-06-25T12:21:43","slug":"laboratory-services","status":"publish","type":"page","link":"https:\/\/www.klinger-kempchen.de\/cs\/engineering-kontakty\/laboratory-services\/","title":{"rendered":"Laboratory Services"},"content":{"rendered":"\n<h1 class=\"wp-block-heading h3\">LABORATORY SERVICES<\/h1>\n\n\n\n<h2 class=\"wp-block-heading h3\">V\u0161echny slu\u017eby kolem na\u0161\u00ed laborato\u0159e<\/h2>\n\n\n\n<p><\/p>\n\n\n\n<div style=\"height:30px\" aria-hidden=\"true\" class=\"wp-block-spacer advgb-dyn-afe3be10\"><\/div>\n\n\n\n<div class=\"wp-block-columns is-layout-flex wp-container-core-columns-is-layout-9d6595d7 wp-block-columns-is-layout-flex\">\n<div class=\"wp-block-column is-layout-flow wp-block-column-is-layout-flow\">\n<figure class=\"wp-block-table flecha\"><table class=\"has-background\" style=\"background-color:#e8f3fa\"><tbody><tr><td><a href=\"https:\/\/www.klinger-kempchen.de\/cs\/engineering-kontakty\/laboratory-services\/laboratorni-sluzby-a-analyzy\/\"><img loading=\"lazy\" decoding=\"async\" width=\"270\" height=\"270\" class=\"wp-image-17185\" style=\"width: 270px;\" src=\"https:\/\/www.klinger-kempchen.de\/wp-content\/uploads\/2023\/06\/Labor1.jpg\" alt=\"Labor1\"><\/a><\/td><td><a href=\"https:\/\/www.klinger-kempchen.de\/cs\/engineering-kontakty\/laboratory-services\/laboratorni-sluzby-a-analyzy\/\"><strong>Laboratorn\u00ed slu\u017eby<\/strong><\/a><br><a href=\"https:\/\/www.klinger-kempchen.de\/cs\/engineering-kontakty\/laboratory-services\/laboratorni-sluzby-a-analyzy\/\"><strong>a anal\u00fdzy<\/strong><\/a><br><a href=\"https:\/\/www.klinger-kempchen.de\/cs\/engineering-kontakty\/laboratory-services\/laboratorni-sluzby-a-analyzy\/\"><strong><br><img decoding=\"async\" src=\"https:\/\/www.klinger-kempchen.de\/wp-content\/uploads\/2019\/11\/icon-arrow-blue-double.png\" alt=\"Pfeil\"><\/strong><\/a><\/td><\/tr><\/tbody><\/table><\/figure>\n<\/div>\n\n\n\n<div class=\"wp-block-column is-layout-flow wp-block-column-is-layout-flow\">\n<figure class=\"wp-block-table\"><table class=\"has-background\" style=\"background-color:#e8f3fa\"><tbody><tr><td><a href=\"https:\/\/www.klinger-kempchen.de\/cs\/engineering-kontakty\/laboratory-services\/metalurgicke-analyzy\/\"><img loading=\"lazy\" decoding=\"async\" width=\"270\" height=\"270\" class=\"wp-image-17187\" style=\"width: 270px;\" src=\"https:\/\/www.klinger-kempchen.de\/wp-content\/uploads\/2023\/06\/Labor2.jpg\" alt=\"Labor2\"><\/a><\/td><td><strong><a href=\"https:\/\/www.klinger-kempchen.de\/cs\/engineering-kontakty\/laboratory-services\/metalurgicke-analyzy\/\">Metalurgick\u00e9<br><strong>anal\u00fdzy<\/strong><\/a><\/strong><br><strong><a href=\"https:\/\/www.klinger-kempchen.de\/cs\/engineering-kontakty\/laboratory-services\/metalurgicke-analyzy\/\"><br><img decoding=\"async\" src=\"https:\/\/www.klinger-kempchen.de\/wp-content\/uploads\/2019\/11\/icon-arrow-blue-double.png\" alt=\"Pfeil\"><\/a><\/strong><\/td><\/tr><\/tbody><\/table><\/figure>\n<\/div>\n<\/div>\n\n\n\n<div class=\"wp-block-columns is-layout-flex wp-container-core-columns-is-layout-9d6595d7 wp-block-columns-is-layout-flex\">\n<div class=\"wp-block-column is-layout-flow wp-block-column-is-layout-flow\">\n<figure class=\"wp-block-table flecha\"><table class=\"has-background\" style=\"background-color:#e8f3fa\"><tbody><tr><td><a href=\"https:\/\/www.klinger-kempchen.de\/cs\/engineering-kontakty\/laboratory-services\/analyza-tesnicich-materialu\/\"><img loading=\"lazy\" decoding=\"async\" width=\"270\" height=\"270\" class=\"wp-image-17189\" style=\"width: 270px;\" src=\"https:\/\/www.klinger-kempchen.de\/wp-content\/uploads\/2023\/06\/Labor3.jpg\" alt=\"Labor3\"><\/a><\/td><td><strong><a href=\"https:\/\/www.klinger-kempchen.de\/cs\/engineering-kontakty\/laboratory-services\/analyza-tesnicich-materialu\/\">Anal\u00fdza<br>T\u011bsnic\u00ed materi\u00e1ly<\/a><br><a href=\"https:\/\/www.klinger-kempchen.de\/cs\/engineering-kontakty\/laboratory-services\/analyza-tesnicich-materialu\/\"><br><img decoding=\"async\" src=\"https:\/\/www.klinger-kempchen.de\/wp-content\/uploads\/2019\/11\/icon-arrow-blue-double.png\" alt=\"Pfeil\"><\/a><\/strong><\/td><\/tr><\/tbody><\/table><\/figure>\n<\/div>\n\n\n\n<div class=\"wp-block-column is-layout-flow wp-block-column-is-layout-flow\">\n<figure class=\"wp-block-table\"><table class=\"has-background\" style=\"background-color:#e8f3fa\"><tbody><tr><td><a href=\"https:\/\/www.klinger-kempchen.de\/cs\/engineering-kontakty\/laboratory-services\/stanoveni-tesnicich-vlastnosti\/\"><img loading=\"lazy\" decoding=\"async\" width=\"270\" height=\"270\" class=\"wp-image-17191\" style=\"width: 270px;\" src=\"https:\/\/www.klinger-kempchen.de\/wp-content\/uploads\/2023\/06\/Labor4.jpg\" alt=\"Labor4\"><\/a><\/td><td><strong><a href=\"https:\/\/www.klinger-kempchen.de\/cs\/engineering-kontakty\/laboratory-services\/stanoveni-tesnicich-vlastnosti\/\">Stanoven\u00ed <br>t\u011bsnic\u00edch <br>vlastnost\u00ed<\/a><br><a href=\"https:\/\/www.klinger-kempchen.de\/cs\/engineering-kontakty\/laboratory-services\/stanoveni-tesnicich-vlastnosti\/\"><br><img decoding=\"async\" src=\"https:\/\/www.klinger-kempchen.de\/wp-content\/uploads\/2019\/11\/icon-arrow-blue-double.png\" alt=\"Pfeil\"><\/a><\/strong><\/td><\/tr><\/tbody><\/table><\/figure>\n<\/div>\n<\/div>\n\n\n\n<div class=\"wp-block-columns is-layout-flex wp-container-core-columns-is-layout-9d6595d7 wp-block-columns-is-layout-flex\">\n<div class=\"wp-block-column is-layout-flow wp-block-column-is-layout-flow\">\n<figure class=\"wp-block-table flecha\"><table class=\"has-background\" style=\"background-color:#e8f3fa\"><tbody><tr><td><a href=\"https:\/\/www.klinger-kempchen.de\/cs\/engineering-kontakty\/laboratory-services\/typove-testy-testy-ta-luft-nebo-bezpecnost-pri-vyfouknuti\/\"><img loading=\"lazy\" decoding=\"async\" width=\"270\" height=\"270\" class=\"wp-image-17193\" style=\"width: 270px;\" src=\"https:\/\/www.klinger-kempchen.de\/wp-content\/uploads\/2023\/06\/Labor5.jpg\" alt=\"Labor5\"><\/a><\/td><td><strong><a href=\"https:\/\/www.klinger-kempchen.de\/cs\/engineering-kontakty\/laboratory-services\/typove-testy-testy-ta-luft-nebo-bezpecnost-pri-vyfouknuti\/\">Typov\u00e9 testy,<br>testy TA-Luft nebo<br>Bezpe\u010dnost p\u0159i vyfouknut\u00ed<\/a><\/strong><br><strong><a href=\"https:\/\/www.klinger-kempchen.de\/cs\/engineering-kontakty\/laboratory-services\/typove-testy-testy-ta-luft-nebo-bezpecnost-pri-vyfouknuti\/\"><br><img decoding=\"async\" src=\"https:\/\/www.klinger-kempchen.de\/wp-content\/uploads\/2019\/11\/icon-arrow-blue-double.png\" alt=\"Pfeil\"><\/a><\/strong><\/td><\/tr><\/tbody><\/table><\/figure>\n<\/div>\n\n\n\n<div class=\"wp-block-column is-layout-flow wp-block-column-is-layout-flow\">\n<figure class=\"wp-block-table\"><table class=\"has-background\" style=\"background-color:#e8f3fa\"><tbody><tr><td><a href=\"https:\/\/www.klinger-kempchen.de\/cs\/engineering-kontakty\/laboratory-services\/prakticka-analyza-poskozeni\/\"><img loading=\"lazy\" decoding=\"async\" width=\"270\" height=\"270\" class=\"wp-image-17195\" style=\"width: 270px;\" src=\"https:\/\/www.klinger-kempchen.de\/wp-content\/uploads\/2023\/06\/Labor6.jpg\" alt=\"Labor6\"><\/a><\/td><td><strong><a href=\"https:\/\/www.klinger-kempchen.de\/cs\/engineering-kontakty\/laboratory-services\/prakticka-analyza-poskozeni\/\">Praktick\u00e1 <\/a><br><a href=\"https:\/\/www.klinger-kempchen.de\/cs\/engineering-kontakty\/laboratory-services\/prakticka-analyza-poskozeni\/\">anal\u00fdza <\/a><\/strong><br><strong><a href=\"https:\/\/www.klinger-kempchen.de\/cs\/engineering-kontakty\/laboratory-services\/prakticka-analyza-poskozeni\/\">po\u0161kozen\u00ed<\/a><\/strong><a href=\"https:\/\/www.klinger-kempchen.de\/engineering-services\/schadensaufnahme-vor-ort\/\"><br><img decoding=\"async\" src=\"https:\/\/www.klinger-kempchen.de\/wp-content\/uploads\/2019\/11\/icon-arrow-blue-double.png\" alt=\"Pfeil\"><\/a><\/td><\/tr><\/tbody><\/table><\/figure>\n<\/div>\n<\/div>\n\n\n\n<div class=\"wp-block-columns is-layout-flex wp-container-core-columns-is-layout-9d6595d7 wp-block-columns-is-layout-flex\">\n<div class=\"wp-block-column is-layout-flow wp-block-column-is-layout-flow\">\n<figure class=\"wp-block-table is-style-regular\"><table class=\"has-background\" style=\"background-color:#e8f3fa\"><tbody><tr><td><a href=\"https:\/\/www.klinger-kempchen.de\/cs\/engineering-kontakty\/laboratory-services\/vybaveni-nasich-laboratori\/\"><img loading=\"lazy\" decoding=\"async\" width=\"270\" height=\"270\" class=\"wp-image-17197\" style=\"width: 270px;\" src=\"https:\/\/www.klinger-kempchen.de\/wp-content\/uploads\/2023\/06\/Labor7.jpg\" alt=\"Labor7\"><\/a><\/td><td><a href=\"https:\/\/www.klinger-kempchen.de\/cs\/engineering-kontakty\/laboratory-services\/vybaveni-nasich-laboratori\/\"><strong>Vybaven\u00ed <br>na\u0161ich <br>laborato\u0159\u00ed<br><img loading=\"lazy\" decoding=\"async\" width=\"18\" height=\"26\" class=\"wp-image-10612\" style=\"width: 18px;\" src=\"https:\/\/www.klinger-kempchen.de\/wp-content\/uploads\/2019\/11\/icon-arrow-blue-double.png\" alt=\"Pfeil\" srcset=\"https:\/\/www.klinger-kempchen.de\/wp-content\/uploads\/2019\/11\/icon-arrow-blue-double.png 18w, https:\/\/www.klinger-kempchen.de\/wp-content\/uploads\/2019\/11\/icon-arrow-blue-double-14x20.png 14w\" sizes=\"auto, (max-width: 18px) 100vw, 18px\" \/><\/strong><\/a><\/td><\/tr><\/tbody><\/table><\/figure>\n<\/div>\n\n\n\n<div class=\"wp-block-column is-layout-flow wp-block-column-is-layout-flow\"><\/div>\n<\/div>\n","protected":false},"excerpt":{"rendered":"<p>LABORATORY SERVICES V\u0161echny slu\u017eby kolem na\u0161\u00ed laborato\u0159e Laboratorn\u00ed slu\u017ebya anal\u00fdzy Metalurgick\u00e9anal\u00fdzy Anal\u00fdzaT\u011bsnic\u00ed materi\u00e1ly Stanoven\u00ed t\u011bsnic\u00edch vlastnost\u00ed Typov\u00e9 testy,testy TA-Luft neboBezpe\u010dnost p\u0159i vyfouknut\u00ed Praktick\u00e1 anal\u00fdza po\u0161kozen\u00ed Vybaven\u00ed na\u0161ich laborato\u0159\u00ed<\/p>\n","protected":false},"author":1,"featured_media":18349,"parent":18702,"menu_order":4,"comment_status":"closed","ping_status":"closed","template":"page-templates\/secciones-principales.php","meta":{"advgb_blocks_editor_width":"","advgb_blocks_columns_visual_guide":"","iawp_total_views":32,"footnotes":""},"class_list":["post-18805","page","type-page","status-publish","has-post-thumbnail","hentry"],"yoast_head":"<!-- This site is optimized with the Yoast SEO plugin v27.3 - https:\/\/yoast.com\/product\/yoast-seo-wordpress\/ -->\n<title>Laboratory Services - KLINGER Kempchen<\/title>\n<meta name=\"description\" content=\"KLINGER Engineering je organiza\u010dn\u011b sou\u010d\u00e1st\u00ed spole\u010dnosti KLINGER Kempchen GmbH v Oberhausenu a nab\u00edz\u00ed servisn\u00ed linky pro t\u011bsn\u011bn\u00ed.\" \/>\n<meta name=\"robots\" content=\"index, follow, max-snippet:-1, max-image-preview:large, max-video-preview:-1\" \/>\n<link rel=\"canonical\" href=\"https:\/\/www.klinger-kempchen.de\/cs\/engineering-kontakty\/laboratory-services\/\" \/>\n<meta property=\"og:locale\" content=\"cs_CZ\" \/>\n<meta property=\"og:type\" content=\"article\" \/>\n<meta property=\"og:title\" content=\"Laboratory Services - KLINGER Kempchen\" \/>\n<meta property=\"og:description\" content=\"KLINGER Engineering je organiza\u010dn\u011b sou\u010d\u00e1st\u00ed spole\u010dnosti KLINGER Kempchen GmbH v Oberhausenu a nab\u00edz\u00ed servisn\u00ed linky pro t\u011bsn\u011bn\u00ed.\" \/>\n<meta property=\"og:url\" content=\"https:\/\/www.klinger-kempchen.de\/cs\/engineering-kontakty\/laboratory-services\/\" \/>\n<meta property=\"og:site_name\" content=\"KLINGER Kempchen\" \/>\n<meta property=\"article:modified_time\" content=\"2024-06-25T12:21:43+00:00\" \/>\n<meta property=\"og:image\" content=\"https:\/\/www.klinger-kempchen.de\/wp-content\/uploads\/2023\/04\/engineering-start.jpg\" \/>\n\t<meta property=\"og:image:width\" content=\"1400\" \/>\n\t<meta property=\"og:image:height\" content=\"350\" \/>\n\t<meta property=\"og:image:type\" content=\"image\/jpeg\" \/>\n<!-- \/ Yoast SEO plugin. -->","yoast_head_json":{"title":"Laboratory Services - KLINGER Kempchen","description":"KLINGER Engineering je organiza\u010dn\u011b sou\u010d\u00e1st\u00ed spole\u010dnosti KLINGER Kempchen GmbH v Oberhausenu a nab\u00edz\u00ed servisn\u00ed linky pro t\u011bsn\u011bn\u00ed.","robots":{"index":"index","follow":"follow","max-snippet":"max-snippet:-1","max-image-preview":"max-image-preview:large","max-video-preview":"max-video-preview:-1"},"canonical":"https:\/\/www.klinger-kempchen.de\/cs\/engineering-kontakty\/laboratory-services\/","og_locale":"cs_CZ","og_type":"article","og_title":"Laboratory Services - KLINGER Kempchen","og_description":"KLINGER Engineering je organiza\u010dn\u011b sou\u010d\u00e1st\u00ed spole\u010dnosti KLINGER Kempchen GmbH v Oberhausenu a nab\u00edz\u00ed servisn\u00ed linky pro t\u011bsn\u011bn\u00ed.","og_url":"https:\/\/www.klinger-kempchen.de\/cs\/engineering-kontakty\/laboratory-services\/","og_site_name":"KLINGER Kempchen","article_modified_time":"2024-06-25T12:21:43+00:00","og_image":[{"width":1400,"height":350,"url":"https:\/\/www.klinger-kempchen.de\/wp-content\/uploads\/2023\/04\/engineering-start.jpg","type":"image\/jpeg"}],"schema":{"@context":"https:\/\/schema.org","@graph":[{"@type":"WebPage","@id":"https:\/\/www.klinger-kempchen.de\/cs\/engineering-kontakty\/laboratory-services\/","url":"https:\/\/www.klinger-kempchen.de\/cs\/engineering-kontakty\/laboratory-services\/","name":"Laboratory Services - KLINGER Kempchen","isPartOf":{"@id":"https:\/\/www.klinger-kempchen.de\/#website"},"primaryImageOfPage":{"@id":"https:\/\/www.klinger-kempchen.de\/cs\/engineering-kontakty\/laboratory-services\/#primaryimage"},"image":{"@id":"https:\/\/www.klinger-kempchen.de\/cs\/engineering-kontakty\/laboratory-services\/#primaryimage"},"thumbnailUrl":"https:\/\/www.klinger-kempchen.de\/wp-content\/uploads\/2023\/04\/engineering-start.jpg","datePublished":"2023-07-20T13:23:28+00:00","dateModified":"2024-06-25T12:21:43+00:00","description":"KLINGER Engineering je organiza\u010dn\u011b sou\u010d\u00e1st\u00ed spole\u010dnosti KLINGER Kempchen GmbH v Oberhausenu a nab\u00edz\u00ed servisn\u00ed linky pro t\u011bsn\u011bn\u00ed.","breadcrumb":{"@id":"https:\/\/www.klinger-kempchen.de\/cs\/engineering-kontakty\/laboratory-services\/#breadcrumb"},"inLanguage":"cs","potentialAction":[{"@type":"ReadAction","target":["https:\/\/www.klinger-kempchen.de\/cs\/engineering-kontakty\/laboratory-services\/"]}]},{"@type":"ImageObject","inLanguage":"cs","@id":"https:\/\/www.klinger-kempchen.de\/cs\/engineering-kontakty\/laboratory-services\/#primaryimage","url":"https:\/\/www.klinger-kempchen.de\/wp-content\/uploads\/2023\/04\/engineering-start.jpg","contentUrl":"https:\/\/www.klinger-kempchen.de\/wp-content\/uploads\/2023\/04\/engineering-start.jpg","width":1400,"height":350},{"@type":"BreadcrumbList","@id":"https:\/\/www.klinger-kempchen.de\/cs\/engineering-kontakty\/laboratory-services\/#breadcrumb","itemListElement":[{"@type":"ListItem","position":1,"name":"Home","item":"https:\/\/www.klinger-kempchen.de\/"},{"@type":"ListItem","position":2,"name":"Engineering","item":"https:\/\/www.klinger-kempchen.de\/cs\/engineering-kontakty\/"},{"@type":"ListItem","position":3,"name":"Laboratory Services"}]},{"@type":"WebSite","@id":"https:\/\/www.klinger-kempchen.de\/#website","url":"https:\/\/www.klinger-kempchen.de\/","name":"KLINGER Kempchen","description":"KLINGER Kempchen","publisher":{"@id":"https:\/\/www.klinger-kempchen.de\/#organization"},"potentialAction":[{"@type":"SearchAction","target":{"@type":"EntryPoint","urlTemplate":"https:\/\/www.klinger-kempchen.de\/?s={search_term_string}"},"query-input":{"@type":"PropertyValueSpecification","valueRequired":true,"valueName":"search_term_string"}}],"inLanguage":"cs"},{"@type":"Organization","@id":"https:\/\/www.klinger-kempchen.de\/#organization","name":"KLINGER-Kempchen","url":"https:\/\/www.klinger-kempchen.de\/","logo":{"@type":"ImageObject","inLanguage":"cs","@id":"https:\/\/www.klinger-kempchen.de\/#\/schema\/logo\/image\/","url":"https:\/\/www.klinger-kempchen.de\/wp-content\/uploads\/2020\/06\/cropped-Klinger-Kempchen-Logo.png","contentUrl":"https:\/\/www.klinger-kempchen.de\/wp-content\/uploads\/2020\/06\/cropped-Klinger-Kempchen-Logo.png","width":512,"height":512,"caption":"KLINGER-Kempchen"},"image":{"@id":"https:\/\/www.klinger-kempchen.de\/#\/schema\/logo\/image\/"}}]}},"coauthors":[],"author_meta":{"author_link":"https:\/\/www.klinger-kempchen.de\/cs\/author\/administrador\/","display_name":"administrador"},"relative_dates":{"created":"Posted 3 roky ago","modified":"Updated 2 roky ago"},"absolute_dates":{"created":"Posted on 20 \u010dervence 2023","modified":"Updated on 25 \u010dervna 2024"},"absolute_dates_time":{"created":"Posted on 20 \u010dervence 2023 15:23","modified":"Updated on 25 \u010dervna 2024 14:21"},"featured_img_caption":"","featured_img":"https:\/\/www.klinger-kempchen.de\/wp-content\/uploads\/2023\/04\/engineering-start.jpg","series_order":"","_links":{"self":[{"href":"https:\/\/www.klinger-kempchen.de\/cs\/wp-json\/wp\/v2\/pages\/18805","targetHints":{"allow":["GET"]}}],"collection":[{"href":"https:\/\/www.klinger-kempchen.de\/cs\/wp-json\/wp\/v2\/pages"}],"about":[{"href":"https:\/\/www.klinger-kempchen.de\/cs\/wp-json\/wp\/v2\/types\/page"}],"author":[{"embeddable":true,"href":"https:\/\/www.klinger-kempchen.de\/cs\/wp-json\/wp\/v2\/users\/1"}],"replies":[{"embeddable":true,"href":"https:\/\/www.klinger-kempchen.de\/cs\/wp-json\/wp\/v2\/comments?post=18805"}],"version-history":[{"count":0,"href":"https:\/\/www.klinger-kempchen.de\/cs\/wp-json\/wp\/v2\/pages\/18805\/revisions"}],"up":[{"embeddable":true,"href":"https:\/\/www.klinger-kempchen.de\/cs\/wp-json\/wp\/v2\/pages\/18702"}],"wp:featuredmedia":[{"embeddable":true,"href":"https:\/\/www.klinger-kempchen.de\/cs\/wp-json\/wp\/v2\/media\/18349"}],"wp:attachment":[{"href":"https:\/\/www.klinger-kempchen.de\/cs\/wp-json\/wp\/v2\/media?parent=18805"}],"curies":[{"name":"wp","href":"https:\/\/api.w.org\/{rel}","templated":true}]}}