{"id":18834,"date":"2023-07-21T12:20:23","date_gmt":"2023-07-21T10:20:23","guid":{"rendered":"https:\/\/www.klinger-kempchen.de\/?page_id=18834"},"modified":"2024-03-11T16:04:58","modified_gmt":"2024-03-11T15:04:58","slug":"programovy-system-klinger-babsy","status":"publish","type":"page","link":"https:\/\/www.klinger-kempchen.de\/cs\/engineering-kontakty\/programovy-system-klinger-babsy\/","title":{"rendered":"Programov\u00fd syst\u00e9m KLINGER BABSy"},"content":{"rendered":"\n<h1 class=\"wp-block-heading h3\" id=\"equipment-procurement-services-eps-c32bad83-cb4b-4628-981e-56a324ca8b73\">PROGRAMOV\u00dd SYST\u00c9M KLINGER BABSY<\/h1>\n\n\n\n<h2 class=\"wp-block-heading\" id=\"klinger-epsfull-und-klinger-epssmart-0b5be237-ae33-4e70-8e9a-96948ec5f20e\">BABSy &#8211; Syst\u00e9m pro konstrukci n\u00e1dob a p\u0159\u00edstroj\u016f<\/h2>\n\n\n\n<p>Programov\u00fd syst\u00e9m KLINGER BABSy je modul\u00e1rn\u00ed v\u00fdpo\u010detn\u00ed n\u00e1stroj pro rychl\u00fd a efektivn\u00ed v\u00fdpo\u010det tlakov\u011b a teplotn\u011b nam\u00e1han\u00fdch sou\u010d\u00e1st\u00ed p\u0159i v\u00fdrob\u011b a oprav\u00e1ch potrub\u00ed a p\u0159\u00edstroj\u016f.<\/p>\n\n\n\n<p>N\u00e1zev BABSy je kombinac\u00ed slov Beh\u00e4lter- und Apparate Bau System (syst\u00e9m pro konstrukci n\u00e1dob a apar\u00e1t\u016f) a jako modul\u00e1rn\u00ed syst\u00e9m umo\u017e\u0148uje prov\u00e1d\u011bt v\u00fdpo\u010dty v souladu s celou \u0159adou konstruk\u010dn\u00edch p\u0159edpis\u016f, jako jsou AD2000, DIN EN 13480, DIN EN 13445 a ASME Code Section VIII Div. 1. Kompletn\u00ed seznam dostupn\u00fdch programov\u00fdch modul\u016f najdete jako p\u0159ehled na konci str\u00e1nky.<\/p>\n\n\n\n<p>Programov\u00fd syst\u00e9m vyv\u00edj\u00ed a programuje in\u017een\u00fdrsk\u00e1 kancel\u00e1\u0159 Thomas Dutz od roku 1982. V pr\u016fb\u011bhu desetilet\u00ed dok\u00e1zal syst\u00e9m, kter\u00fd byl d\u00e1le vyv\u00edjen a aktualizov\u00e1n a\u017e do sou\u010dasnosti, p\u0159esv\u011bd\u010dit mnoho z\u00e1kazn\u00edk\u016f z oboru stroj\u00edrenstv\u00ed a p\u0159\u00edstrojov\u00e9 techniky, u\u017eivatele z mnoha projek\u010dn\u00edch a pl\u00e1novac\u00edch kancel\u00e1\u0159\u00ed i \u0159adu renomovan\u00fdch provozovatel\u016f za\u0159\u00edzen\u00ed a u\u010dinit z nich st\u00e1l\u00e9 z\u00e1kazn\u00edky a u\u017eivatele. V roce 2020 byl p\u0159ed\u00e1n z rukou v\u00fdvoj\u00e1\u0159e spole\u010dnosti KLINGER Kempchen GmbH a od po\u010d\u00e1tku roku 2021 je udr\u017eov\u00e1n, aktualizov\u00e1n a d\u00e1le rozv\u00edjen v n\u00e1sleduj\u00edc\u00edch m\u011bs\u00edc\u00edch a letech odd\u011blen\u00edm KLINGER Engineering.<\/p>\n\n\n\n<p>R\u00e1di bychom touto cestou pod\u011bkovali Thomasi Dutzovi za to, \u017ee n\u00e1m i nad\u00e1le poskytuje podporu a pomoc.<\/p>\n\n\n\n<h2 class=\"wp-block-heading\">KLINGER BABSy v sou\u010dasn\u00e9 dob\u011b nab\u00edz\u00ed v\u00fdpo\u010detn\u00ed moduly pro n\u00e1sleduj\u00edc\u00ed p\u0159edpisy:<\/h2>\n\n\n\n<ul class=\"wp-block-list\">\n<li>AD 2000 \u0159ady B a S<\/li>\n\n\n\n<li>DIN EN 13480 Kovov\u00e9 pr\u016fmyslov\u00e9 potrub\u00ed<\/li>\n\n\n\n<li>DIN EN 13445 Nevyh\u0159\u00edvan\u00e9 tlakov\u00e9 n\u00e1doby<\/li>\n\n\n\n<li>BS5500 Britsk\u00e1 norma<\/li>\n\n\n\n<li>ASME Code Section VIII \/ Div.1<\/li>\n\n\n\n<li>ASME Code Section VIII \/ Div.2<\/li>\n\n\n\n<li>Stoomwezen<\/li>\n<\/ul>\n\n\n\n<p>Krom\u011b toho jsou k dispozici dal\u0161\u00ed moduly, n\u011bkter\u00e9 z nich individu\u00e1ln\u00ed, pro \u0161irokou \u0161k\u00e1lu aplikac\u00ed.<\/p>\n\n\n\n<h2 class=\"wp-block-heading\">Pou\u017eit\u00ed programu:<\/h2>\n\n\n\n<p>P\u0159\u00edstup* do syst\u00e9mu programu pl\u00e1nujeme z\u00e1jemc\u016fm poskytnout od t\u0159et\u00edho \u010dtvrtlet\u00ed roku 2021. P\u0159\u00edstup bude poskytov\u00e1n jako instalace pro jednoho u\u017eivatele. Vyu\u017eit\u00edm na\u0161eho programov\u00e9ho syst\u00e9mu bychom cht\u011bli b\u00fdt oporou na\u0161im v\u011brn\u00fdm z\u00e1kazn\u00edk\u016fm a usnadnit jim pr\u00e1ci na a s tlakov\u00fdmi d\u00edly. Proto se bude po\u0159izovac\u00ed cena i ro\u010dn\u00ed servisn\u00ed poplatek \u010d\u00e1ste\u010dn\u011b odv\u00edjet od obratu z posledn\u00edch let. M\u00e1te z\u00e1jem o n\u00e1\u0161 programov\u00fd syst\u00e9m? Obra\u0165te se na n\u00e1s a my v\u00e1m vypracujeme vhodnou nab\u00eddku.<\/p>\n\n\n\n<p>*Na n\u00e1kup a vyu\u017e\u00edv\u00e1n\u00ed programov\u00e9ho syst\u00e9mu KLINGER BABSy maj\u00ed n\u00e1rok pouze st\u00e1vaj\u00edc\u00ed z\u00e1kazn\u00edci spole\u010dnosti KLINGER Kempchen GmbH, kte\u0159\u00ed ji\u017e maj\u00ed z\u00e1kaznick\u00e9 \u010d\u00edslo do 31. 12. 2020.<\/p>\n\n\n\n<div class=\"wp-block-advgb-button alignnone\"><a class=\"wp-block-advgb-button_link advgbbtn-78ee5308-26dc-4931-a9c3-00442735af54\" href=\"#\" target=\"_blank\" rel=\"noopener noreferrer\"><span><a href=\"https:\/\/www.klinger-engineering.com\/de\/engineering-services\/babsy\/babsy-module.php\">Dal\u0161\u00ed informace o na\u0161ich modulech a informa\u010dn\u00edch listech \u00bb<\/a><\/span><\/a><\/div>\n\n\n\n<div class=\"wp-block-media-text alignwide is-stacked-on-mobile has-background\" style=\"background-color:#e8f3fa\"><figure class=\"wp-block-media-text__media\"><img loading=\"lazy\" decoding=\"async\" width=\"960\" height=\"600\" src=\"https:\/\/www.klinger-kempchen.de\/wp-content\/uploads\/2023\/06\/ad-b9c-klinger-kempchen.jpg\" alt=\"\" class=\"wp-image-17047 size-full\" srcset=\"https:\/\/www.klinger-kempchen.de\/wp-content\/uploads\/2023\/06\/ad-b9c-klinger-kempchen.jpg 960w, https:\/\/www.klinger-kempchen.de\/wp-content\/uploads\/2023\/06\/ad-b9c-klinger-kempchen-768x480.jpg 768w\" sizes=\"auto, (max-width: 960px) 100vw, 960px\" \/><\/figure><div class=\"wp-block-media-text__content\">\n<h3 class=\"wp-block-heading\">Dal\u0161\u00ed v\u00fdvoj do budoucna:<\/h3>\n\n\n\n<p>Modul\u00e1rn\u00ed programov\u00fd syst\u00e9m, jako je KLINGER BABSy, n\u00e1m jako poskytovateli in\u017een\u00fdrsk\u00fdch slu\u017eeb nab\u00edz\u00ed mo\u017enost vyv\u00edjet optimalizovan\u00e9 v\u00fdpo\u010detn\u00ed algoritmy nebo v p\u0159\u00edpad\u011b pot\u0159eby nov\u00e1 v\u00fdpo\u010detn\u00ed \u0159e\u0161en\u00ed pro na\u0161e z\u00e1kazn\u00edky.<\/p>\n<\/div><\/div>\n\n\n\n<div class=\"wp-block-media-text alignwide has-media-on-the-right is-stacked-on-mobile has-background\" style=\"background-color:#e8f3fa\"><div class=\"wp-block-media-text__content\">\n<p>T\u011bsn\u011bn\u00e9 spoje jsou na\u0161\u00ed hlavn\u00ed \u010dinnost\u00ed. Proto intenzivn\u011b pracujeme na nov\u00e9 verzi normy DIN EN 1591-1, jej\u00ed\u017e v\u011bt\u0161\u00ed \u010d\u00e1st je ji\u017e na dom\u00e1c\u00edm trhu. Zam\u011b\u0159ujeme se p\u0159edev\u0161\u00edm na v\u00fdvoj n\u00e1stroj\u016f pro matematick\u00e9 ov\u011b\u0159en\u00ed pevnosti a t\u011bsnosti p\u0159\u00edrubov\u00fdch spoj\u016f se sklen\u011bnou vlo\u017ekou, p\u0159\u00edrubov\u00fdch spoj\u016f s vlo\u017ekami nebo povlaky a p\u0159\u00edrubov\u00fdch spoj\u016f z plast\u016f.<\/p>\n<\/div><figure class=\"wp-block-media-text__media\"><img loading=\"lazy\" decoding=\"async\" width=\"960\" height=\"600\" src=\"https:\/\/www.klinger-kempchen.de\/wp-content\/uploads\/2023\/06\/ad-s32-2c-klinger-kempchen.jpg\" alt=\"\" class=\"wp-image-17049 size-full\" srcset=\"https:\/\/www.klinger-kempchen.de\/wp-content\/uploads\/2023\/06\/ad-s32-2c-klinger-kempchen.jpg 960w, https:\/\/www.klinger-kempchen.de\/wp-content\/uploads\/2023\/06\/ad-s32-2c-klinger-kempchen-768x480.jpg 768w\" sizes=\"auto, (max-width: 960px) 100vw, 960px\" \/><\/figure><\/div>\n\n\n\n<div class=\"wp-block-media-text alignwide is-stacked-on-mobile has-background\" style=\"background-color:#e8f3fa\"><figure class=\"wp-block-media-text__media\"><img loading=\"lazy\" decoding=\"async\" width=\"960\" height=\"600\" src=\"https:\/\/www.klinger-kempchen.de\/wp-content\/uploads\/2023\/06\/asme-flanschc-klinger-kempchen.jpg\" alt=\"\" class=\"wp-image-17051 size-full\" srcset=\"https:\/\/www.klinger-kempchen.de\/wp-content\/uploads\/2023\/06\/asme-flanschc-klinger-kempchen.jpg 960w, https:\/\/www.klinger-kempchen.de\/wp-content\/uploads\/2023\/06\/asme-flanschc-klinger-kempchen-768x480.jpg 768w\" sizes=\"auto, (max-width: 960px) 100vw, 960px\" \/><\/figure><div class=\"wp-block-media-text__content\">\n<p>Je to proto, \u017ee jejich v\u00fdpo\u010det podle st\u00e1vaj\u00edc\u00ed verze normy DIN EN 1591-1 s parametry t\u011bsn\u011bn\u00ed podle DIN EN 13555 nen\u00ed zat\u00edm jednodu\u0161e mo\u017en\u00fd. Na\u0161\u00edm c\u00edlem je tuto mezeru v roce 2021 s pomoc\u00ed na\u0161ich zku\u0161enost\u00ed a znalost\u00ed odstranit a v budoucnu umo\u017enit v\u00fdpo\u010det v\u010detn\u011b pr\u016fkazu t\u011bsnosti.<\/p>\n<\/div><\/div>\n<style class=\"advgb-styles-renderer\">.advgbbtn-78ee5308-26dc-4931-a9c3-00442735af54{font-size:18px;color:#ffffff !important;background-color:#0693e3 !important;margin:0px 0px 0px 0px !important;padding:10px 30px 10px 30px;border-width:1px !important;border-style:none;border-radius:0px !important;}.advgbbtn-78ee5308-26dc-4931-a9c3-00442735af54:hover{box-shadow:1px 1px 12px 0px #ccc;opacity:1;transition:all 0.2s ease;}.advgbbtn-78ee5308-26dc-4931-a9c3-00442735af54 > i {display: none !important;}<\/style>","protected":false},"excerpt":{"rendered":"<p>PROGRAMOV\u00dd SYST\u00c9M KLINGER BABSY BABSy &#8211; Syst\u00e9m pro konstrukci n\u00e1dob a p\u0159\u00edstroj\u016f Programov\u00fd syst\u00e9m KLINGER BABSy je modul\u00e1rn\u00ed v\u00fdpo\u010detn\u00ed n\u00e1stroj pro rychl\u00fd a efektivn\u00ed v\u00fdpo\u010det tlakov\u011b a teplotn\u011b nam\u00e1han\u00fdch sou\u010d\u00e1st\u00ed p\u0159i v\u00fdrob\u011b a oprav\u00e1ch potrub\u00ed a p\u0159\u00edstroj\u016f. N\u00e1zev BABSy je kombinac\u00ed slov Beh\u00e4lter- und Apparate Bau System (syst\u00e9m pro konstrukci n\u00e1dob a apar\u00e1t\u016f) a jako [&hellip;]<\/p>\n","protected":false},"author":1,"featured_media":18483,"parent":18702,"menu_order":6,"comment_status":"closed","ping_status":"closed","template":"page-templates\/somos.php","meta":{"advgb_blocks_editor_width":"","advgb_blocks_columns_visual_guide":"","iawp_total_views":19,"footnotes":""},"class_list":["post-18834","page","type-page","status-publish","has-post-thumbnail","hentry"],"yoast_head":"<!-- This site is optimized with the Yoast SEO plugin v26.9 - https:\/\/yoast.com\/product\/yoast-seo-wordpress\/ -->\n<title>Programov\u00fd syst\u00e9m KLINGER BABSy - KLINGER Kempchen<\/title>\n<meta name=\"description\" content=\"KLINGER BABSy je modul\u00e1rn\u00ed v\u00fdpo\u010detn\u00ed n\u00e1stroj pro rychl\u00fd a efektivn\u00ed v\u00fdpo\u010det konstruk\u010dn\u00edch d\u00edl\u016f zat\u00ed\u017een\u00fdch tlakem a teplotou.\" \/>\n<meta name=\"robots\" content=\"index, follow, max-snippet:-1, max-image-preview:large, max-video-preview:-1\" \/>\n<link rel=\"canonical\" href=\"https:\/\/www.klinger-kempchen.de\/cs\/engineering-kontakty\/programovy-system-klinger-babsy\/\" \/>\n<meta property=\"og:locale\" content=\"cs_CZ\" \/>\n<meta property=\"og:type\" content=\"article\" \/>\n<meta property=\"og:title\" content=\"Programov\u00fd syst\u00e9m KLINGER BABSy - KLINGER Kempchen\" \/>\n<meta property=\"og:description\" content=\"KLINGER BABSy je modul\u00e1rn\u00ed v\u00fdpo\u010detn\u00ed n\u00e1stroj pro rychl\u00fd a efektivn\u00ed v\u00fdpo\u010det konstruk\u010dn\u00edch d\u00edl\u016f zat\u00ed\u017een\u00fdch tlakem a teplotou.\" \/>\n<meta property=\"og:url\" content=\"https:\/\/www.klinger-kempchen.de\/cs\/engineering-kontakty\/programovy-system-klinger-babsy\/\" \/>\n<meta property=\"og:site_name\" content=\"KLINGER Kempchen\" \/>\n<meta property=\"article:modified_time\" content=\"2024-03-11T15:04:58+00:00\" \/>\n<meta property=\"og:image\" content=\"https:\/\/www.klinger-kempchen.de\/wp-content\/uploads\/2023\/06\/BABSy.jpg\" \/>\n\t<meta property=\"og:image:width\" content=\"1400\" \/>\n\t<meta property=\"og:image:height\" content=\"350\" \/>\n\t<meta property=\"og:image:type\" content=\"image\/jpeg\" \/>\n<meta name=\"twitter:label1\" content=\"Odhadovan\u00e1 doba \u010dten\u00ed\" \/>\n\t<meta name=\"twitter:data1\" content=\"3 minuty\" \/>\n<!-- \/ Yoast SEO plugin. -->","yoast_head_json":{"title":"Programov\u00fd syst\u00e9m KLINGER BABSy - KLINGER Kempchen","description":"KLINGER BABSy je modul\u00e1rn\u00ed v\u00fdpo\u010detn\u00ed n\u00e1stroj pro rychl\u00fd a efektivn\u00ed v\u00fdpo\u010det konstruk\u010dn\u00edch d\u00edl\u016f zat\u00ed\u017een\u00fdch tlakem a teplotou.","robots":{"index":"index","follow":"follow","max-snippet":"max-snippet:-1","max-image-preview":"max-image-preview:large","max-video-preview":"max-video-preview:-1"},"canonical":"https:\/\/www.klinger-kempchen.de\/cs\/engineering-kontakty\/programovy-system-klinger-babsy\/","og_locale":"cs_CZ","og_type":"article","og_title":"Programov\u00fd syst\u00e9m KLINGER BABSy - KLINGER Kempchen","og_description":"KLINGER BABSy je modul\u00e1rn\u00ed v\u00fdpo\u010detn\u00ed n\u00e1stroj pro rychl\u00fd a efektivn\u00ed v\u00fdpo\u010det konstruk\u010dn\u00edch d\u00edl\u016f zat\u00ed\u017een\u00fdch tlakem a teplotou.","og_url":"https:\/\/www.klinger-kempchen.de\/cs\/engineering-kontakty\/programovy-system-klinger-babsy\/","og_site_name":"KLINGER Kempchen","article_modified_time":"2024-03-11T15:04:58+00:00","og_image":[{"width":1400,"height":350,"url":"https:\/\/www.klinger-kempchen.de\/wp-content\/uploads\/2023\/06\/BABSy.jpg","type":"image\/jpeg"}],"twitter_misc":{"Odhadovan\u00e1 doba \u010dten\u00ed":"3 minuty"},"schema":{"@context":"https:\/\/schema.org","@graph":[{"@type":"WebPage","@id":"https:\/\/www.klinger-kempchen.de\/cs\/engineering-kontakty\/programovy-system-klinger-babsy\/","url":"https:\/\/www.klinger-kempchen.de\/cs\/engineering-kontakty\/programovy-system-klinger-babsy\/","name":"Programov\u00fd syst\u00e9m KLINGER BABSy - KLINGER Kempchen","isPartOf":{"@id":"https:\/\/www.klinger-kempchen.de\/#website"},"primaryImageOfPage":{"@id":"https:\/\/www.klinger-kempchen.de\/cs\/engineering-kontakty\/programovy-system-klinger-babsy\/#primaryimage"},"image":{"@id":"https:\/\/www.klinger-kempchen.de\/cs\/engineering-kontakty\/programovy-system-klinger-babsy\/#primaryimage"},"thumbnailUrl":"https:\/\/www.klinger-kempchen.de\/wp-content\/uploads\/2023\/06\/BABSy.jpg","datePublished":"2023-07-21T10:20:23+00:00","dateModified":"2024-03-11T15:04:58+00:00","description":"KLINGER BABSy je modul\u00e1rn\u00ed v\u00fdpo\u010detn\u00ed n\u00e1stroj pro rychl\u00fd a efektivn\u00ed v\u00fdpo\u010det konstruk\u010dn\u00edch d\u00edl\u016f zat\u00ed\u017een\u00fdch tlakem a teplotou.","breadcrumb":{"@id":"https:\/\/www.klinger-kempchen.de\/cs\/engineering-kontakty\/programovy-system-klinger-babsy\/#breadcrumb"},"inLanguage":"cs","potentialAction":[{"@type":"ReadAction","target":["https:\/\/www.klinger-kempchen.de\/cs\/engineering-kontakty\/programovy-system-klinger-babsy\/"]}]},{"@type":"ImageObject","inLanguage":"cs","@id":"https:\/\/www.klinger-kempchen.de\/cs\/engineering-kontakty\/programovy-system-klinger-babsy\/#primaryimage","url":"https:\/\/www.klinger-kempchen.de\/wp-content\/uploads\/2023\/06\/BABSy.jpg","contentUrl":"https:\/\/www.klinger-kempchen.de\/wp-content\/uploads\/2023\/06\/BABSy.jpg","width":1400,"height":350},{"@type":"BreadcrumbList","@id":"https:\/\/www.klinger-kempchen.de\/cs\/engineering-kontakty\/programovy-system-klinger-babsy\/#breadcrumb","itemListElement":[{"@type":"ListItem","position":1,"name":"Home","item":"https:\/\/www.klinger-kempchen.de\/"},{"@type":"ListItem","position":2,"name":"Engineering","item":"https:\/\/www.klinger-kempchen.de\/cs\/engineering-kontakty\/"},{"@type":"ListItem","position":3,"name":"Programov\u00fd syst\u00e9m KLINGER BABSy"}]},{"@type":"WebSite","@id":"https:\/\/www.klinger-kempchen.de\/#website","url":"https:\/\/www.klinger-kempchen.de\/","name":"KLINGER Kempchen","description":"KLINGER Kempchen","publisher":{"@id":"https:\/\/www.klinger-kempchen.de\/#organization"},"potentialAction":[{"@type":"SearchAction","target":{"@type":"EntryPoint","urlTemplate":"https:\/\/www.klinger-kempchen.de\/?s={search_term_string}"},"query-input":{"@type":"PropertyValueSpecification","valueRequired":true,"valueName":"search_term_string"}}],"inLanguage":"cs"},{"@type":"Organization","@id":"https:\/\/www.klinger-kempchen.de\/#organization","name":"KLINGER-Kempchen","url":"https:\/\/www.klinger-kempchen.de\/","logo":{"@type":"ImageObject","inLanguage":"cs","@id":"https:\/\/www.klinger-kempchen.de\/#\/schema\/logo\/image\/","url":"https:\/\/www.klinger-kempchen.de\/wp-content\/uploads\/2020\/06\/cropped-Klinger-Kempchen-Logo.png","contentUrl":"https:\/\/www.klinger-kempchen.de\/wp-content\/uploads\/2020\/06\/cropped-Klinger-Kempchen-Logo.png","width":512,"height":512,"caption":"KLINGER-Kempchen"},"image":{"@id":"https:\/\/www.klinger-kempchen.de\/#\/schema\/logo\/image\/"}}]}},"coauthors":[],"author_meta":{"author_link":"https:\/\/www.klinger-kempchen.de\/cs\/author\/administrador\/","display_name":"administrador"},"relative_dates":{"created":"Posted 3 roky ago","modified":"Updated 2 roky ago"},"absolute_dates":{"created":"Posted on 21 \u010dervence 2023","modified":"Updated on 11 b\u0159ezna 2024"},"absolute_dates_time":{"created":"Posted on 21 \u010dervence 2023 12:20","modified":"Updated on 11 b\u0159ezna 2024 16:04"},"featured_img_caption":"","featured_img":"https:\/\/www.klinger-kempchen.de\/wp-content\/uploads\/2023\/06\/BABSy.jpg","series_order":"","_links":{"self":[{"href":"https:\/\/www.klinger-kempchen.de\/cs\/wp-json\/wp\/v2\/pages\/18834","targetHints":{"allow":["GET"]}}],"collection":[{"href":"https:\/\/www.klinger-kempchen.de\/cs\/wp-json\/wp\/v2\/pages"}],"about":[{"href":"https:\/\/www.klinger-kempchen.de\/cs\/wp-json\/wp\/v2\/types\/page"}],"author":[{"embeddable":true,"href":"https:\/\/www.klinger-kempchen.de\/cs\/wp-json\/wp\/v2\/users\/1"}],"replies":[{"embeddable":true,"href":"https:\/\/www.klinger-kempchen.de\/cs\/wp-json\/wp\/v2\/comments?post=18834"}],"version-history":[{"count":0,"href":"https:\/\/www.klinger-kempchen.de\/cs\/wp-json\/wp\/v2\/pages\/18834\/revisions"}],"up":[{"embeddable":true,"href":"https:\/\/www.klinger-kempchen.de\/cs\/wp-json\/wp\/v2\/pages\/18702"}],"wp:featuredmedia":[{"embeddable":true,"href":"https:\/\/www.klinger-kempchen.de\/cs\/wp-json\/wp\/v2\/media\/18483"}],"wp:attachment":[{"href":"https:\/\/www.klinger-kempchen.de\/cs\/wp-json\/wp\/v2\/media?parent=18834"}],"curies":[{"name":"wp","href":"https:\/\/api.w.org\/{rel}","templated":true}]}}