{"id":18841,"date":"2023-07-21T14:50:48","date_gmt":"2023-07-21T12:50:48","guid":{"rendered":"https:\/\/www.klinger-kempchen.de\/?page_id=18841"},"modified":"2024-03-11T15:15:27","modified_gmt":"2024-03-11T14:15:27","slug":"skupina-klinger","status":"publish","type":"page","link":"https:\/\/www.klinger-kempchen.de\/cs\/spolecnost\/skupina-klinger\/","title":{"rendered":"Skupina KLINGER"},"content":{"rendered":"\n<h1 class=\"wp-block-heading h2\">SKUPINA KLINGER GROUP<\/h1>\n\n\n\n<h2 class=\"wp-block-heading h4 has-vivid-cyan-blue-color has-text-color\">Spole\u010dnost <a href=\"https:\/\/www.klinger-international.com\/en\/\" target=\"_blank\" rel=\"noreferrer noopener\">KLINGER <\/a>je p\u0159edn\u00edm sv\u011btov\u00fdm v\u00fdrobcem a dodavatelem pr\u016fmyslov\u00fdch t\u011bsn\u011bn\u00ed a \u0161rouben\u00ed. Spole\u010dnost byla zalo\u017eena v roce 1886 jako rodinn\u00fd podnik a dnes se prezentuje jako celosv\u011btov\u011b aktivn\u00ed skupina.<\/h2>\n\n\n\n<div class=\"wp-block-columns is-layout-flex wp-container-core-columns-is-layout-9d6595d7 wp-block-columns-is-layout-flex\">\n<div class=\"wp-block-column is-layout-flow wp-block-column-is-layout-flow\">\n<p>Celkem <strong>42 nez\u00e1visl\u00fdch spole\u010dnost\u00ed<\/strong> skupiny KLINGER nab\u00edz\u00ed jedine\u010dn\u00e9 know-how a kompetentn\u00ed poradenstv\u00ed p\u0159\u00edmo na m\u00edst\u011b v 60 v\u00fdrobn\u00edch, prodejn\u00edch a servisn\u00edch z\u00e1vodech po cel\u00e9m sv\u011bt\u011b.<\/p>\n\n\n\n<p>Mezi na\u0161e z\u00e1kazn\u00edky pat\u0159\u00ed p\u0159edn\u00ed spole\u010dnosti z petrochemick\u00e9ho, chemick\u00e9ho a infrastrukturn\u00edho pr\u016fmyslu a dopravy.<\/p>\n\n\n\n<p>Dod\u00e1v\u00e1me certifikovanou \u0161pi\u010dkovou kvalitu, kter\u00e1 spl\u0148uje i mezin\u00e1rodn\u00ed standardy a v n\u011bkter\u00fdch p\u0159\u00edpadech je ji\u017e p\u0159ekra\u010duje s ohledem na budouc\u00ed v\u00fdvoj. D\u00edky na\u0161emu know-how, kter\u00e9 trv\u00e1 ji\u017e v\u00edce ne\u017e 130 let, se sna\u017e\u00edme dod\u00e1vat nejen v\u00fdrobky, ale tak\u00e9 \u0159e\u0161en\u00ed na m\u00edru &#8211; aby se na\u0161i z\u00e1kazn\u00edci a partne\u0159i mohli soust\u0159edit na svou hlavn\u00ed \u010dinnost.<\/p>\n\n\n\n<p><strong>Tehdy, nyn\u00ed i v budoucnu.<\/strong><\/p>\n<\/div>\n\n\n\n<div class=\"wp-block-column is-layout-flow wp-block-column-is-layout-flow\">\n<figure class=\"wp-block-embed is-type-video is-provider-youtube wp-block-embed-youtube wp-embed-aspect-16-9 wp-has-aspect-ratio\"><div class=\"wp-block-embed__wrapper\">\n<iframe loading=\"lazy\" title=\"KLINGER  Imagefilm Deutsch\" width=\"625\" height=\"352\" src=\"https:\/\/www.youtube.com\/embed\/NhqmHEkPgZI?feature=oembed\" frameborder=\"0\" allow=\"accelerometer; autoplay; clipboard-write; encrypted-media; gyroscope; picture-in-picture; web-share\" referrerpolicy=\"strict-origin-when-cross-origin\" allowfullscreen><\/iframe>\n<\/div><\/figure>\n<\/div>\n<\/div>\n","protected":false},"excerpt":{"rendered":"<p>SKUPINA KLINGER GROUP Spole\u010dnost KLINGER je p\u0159edn\u00edm sv\u011btov\u00fdm v\u00fdrobcem a dodavatelem pr\u016fmyslov\u00fdch t\u011bsn\u011bn\u00ed a \u0161rouben\u00ed. Spole\u010dnost byla zalo\u017eena v roce 1886 jako rodinn\u00fd podnik a dnes se prezentuje jako celosv\u011btov\u011b aktivn\u00ed skupina. Celkem 42 nez\u00e1visl\u00fdch spole\u010dnost\u00ed skupiny KLINGER nab\u00edz\u00ed jedine\u010dn\u00e9 know-how a kompetentn\u00ed poradenstv\u00ed p\u0159\u00edmo na m\u00edst\u011b v 60 v\u00fdrobn\u00edch, prodejn\u00edch a servisn\u00edch z\u00e1vodech po [&hellip;]<\/p>\n","protected":false},"author":1,"featured_media":17608,"parent":18646,"menu_order":5,"comment_status":"closed","ping_status":"closed","template":"page-templates\/somos.php","meta":{"advgb_blocks_editor_width":"","advgb_blocks_columns_visual_guide":"","iawp_total_views":17,"footnotes":""},"class_list":["post-18841","page","type-page","status-publish","has-post-thumbnail","hentry"],"yoast_head":"<!-- This site is optimized with the Yoast SEO plugin v27.3 - https:\/\/yoast.com\/product\/yoast-seo-wordpress\/ -->\n<title>Skupina KLINGER - KLINGER Kempchen<\/title>\n<meta name=\"description\" content=\"Skupina KLINGER: ventily a t\u011bsnic\u00ed technika \u2713 130 let na trhu \u2713 520 milion\u016f eur ro\u010dn\u00edho obratu \u2713 60 zem\u00ed \u2713\" \/>\n<meta name=\"robots\" content=\"index, follow, max-snippet:-1, max-image-preview:large, max-video-preview:-1\" \/>\n<link rel=\"canonical\" href=\"https:\/\/www.klinger-kempchen.de\/unternehmen\/klinger-gruppe\/\" \/>\n<meta property=\"og:locale\" content=\"cs_CZ\" \/>\n<meta property=\"og:type\" content=\"article\" \/>\n<meta property=\"og:title\" content=\"Skupina KLINGER - KLINGER Kempchen\" \/>\n<meta property=\"og:description\" content=\"Skupina KLINGER: ventily a t\u011bsnic\u00ed technika \u2713 130 let na trhu \u2713 520 milion\u016f eur ro\u010dn\u00edho obratu \u2713 60 zem\u00ed \u2713\" \/>\n<meta property=\"og:url\" content=\"https:\/\/www.klinger-kempchen.de\/unternehmen\/klinger-gruppe\/\" \/>\n<meta property=\"og:site_name\" content=\"KLINGER Kempchen\" \/>\n<meta property=\"article:modified_time\" content=\"2024-03-11T14:15:27+00:00\" \/>\n<meta property=\"og:image\" content=\"https:\/\/www.klinger-kempchen.de\/wp-content\/uploads\/2020\/07\/klinger-holding-titel.jpg\" \/>\n\t<meta property=\"og:image:width\" content=\"1400\" \/>\n\t<meta property=\"og:image:height\" content=\"334\" \/>\n\t<meta property=\"og:image:type\" content=\"image\/jpeg\" \/>\n<meta name=\"twitter:label1\" content=\"Odhadovan\u00e1 doba \u010dten\u00ed\" \/>\n\t<meta name=\"twitter:data1\" content=\"1 minuta\" \/>\n<!-- \/ Yoast SEO plugin. -->","yoast_head_json":{"title":"Skupina KLINGER - KLINGER Kempchen","description":"Skupina KLINGER: ventily a t\u011bsnic\u00ed technika \u2713 130 let na trhu \u2713 520 milion\u016f eur ro\u010dn\u00edho obratu \u2713 60 zem\u00ed \u2713","robots":{"index":"index","follow":"follow","max-snippet":"max-snippet:-1","max-image-preview":"max-image-preview:large","max-video-preview":"max-video-preview:-1"},"canonical":"https:\/\/www.klinger-kempchen.de\/unternehmen\/klinger-gruppe\/","og_locale":"cs_CZ","og_type":"article","og_title":"Skupina KLINGER - KLINGER Kempchen","og_description":"Skupina KLINGER: ventily a t\u011bsnic\u00ed technika \u2713 130 let na trhu \u2713 520 milion\u016f eur ro\u010dn\u00edho obratu \u2713 60 zem\u00ed \u2713","og_url":"https:\/\/www.klinger-kempchen.de\/unternehmen\/klinger-gruppe\/","og_site_name":"KLINGER Kempchen","article_modified_time":"2024-03-11T14:15:27+00:00","og_image":[{"width":1400,"height":334,"url":"https:\/\/www.klinger-kempchen.de\/wp-content\/uploads\/2020\/07\/klinger-holding-titel.jpg","type":"image\/jpeg"}],"twitter_misc":{"Odhadovan\u00e1 doba \u010dten\u00ed":"1 minuta"},"schema":{"@context":"https:\/\/schema.org","@graph":[{"@type":"WebPage","@id":"https:\/\/www.klinger-kempchen.de\/unternehmen\/klinger-gruppe\/","url":"https:\/\/www.klinger-kempchen.de\/unternehmen\/klinger-gruppe\/","name":"Skupina KLINGER - KLINGER Kempchen","isPartOf":{"@id":"https:\/\/www.klinger-kempchen.de\/#website"},"primaryImageOfPage":{"@id":"https:\/\/www.klinger-kempchen.de\/unternehmen\/klinger-gruppe\/#primaryimage"},"image":{"@id":"https:\/\/www.klinger-kempchen.de\/unternehmen\/klinger-gruppe\/#primaryimage"},"thumbnailUrl":"https:\/\/www.klinger-kempchen.de\/wp-content\/uploads\/2020\/07\/klinger-holding-titel.jpg","datePublished":"2023-07-21T12:50:48+00:00","dateModified":"2024-03-11T14:15:27+00:00","description":"Skupina KLINGER: ventily a t\u011bsnic\u00ed technika \u2713 130 let na trhu \u2713 520 milion\u016f eur ro\u010dn\u00edho obratu \u2713 60 zem\u00ed \u2713","breadcrumb":{"@id":"https:\/\/www.klinger-kempchen.de\/unternehmen\/klinger-gruppe\/#breadcrumb"},"inLanguage":"cs","potentialAction":[{"@type":"ReadAction","target":["https:\/\/www.klinger-kempchen.de\/unternehmen\/klinger-gruppe\/"]}]},{"@type":"ImageObject","inLanguage":"cs","@id":"https:\/\/www.klinger-kempchen.de\/unternehmen\/klinger-gruppe\/#primaryimage","url":"https:\/\/www.klinger-kempchen.de\/wp-content\/uploads\/2020\/07\/klinger-holding-titel.jpg","contentUrl":"https:\/\/www.klinger-kempchen.de\/wp-content\/uploads\/2020\/07\/klinger-holding-titel.jpg","width":1400,"height":334,"caption":"Klinger International"},{"@type":"BreadcrumbList","@id":"https:\/\/www.klinger-kempchen.de\/unternehmen\/klinger-gruppe\/#breadcrumb","itemListElement":[{"@type":"ListItem","position":1,"name":"Home","item":"https:\/\/www.klinger-kempchen.de\/"},{"@type":"ListItem","position":2,"name":"Spole\u010dnost","item":"https:\/\/www.klinger-kempchen.de\/unternehmen\/"},{"@type":"ListItem","position":3,"name":"Skupina KLINGER"}]},{"@type":"WebSite","@id":"https:\/\/www.klinger-kempchen.de\/#website","url":"https:\/\/www.klinger-kempchen.de\/","name":"KLINGER Kempchen","description":"KLINGER Kempchen","publisher":{"@id":"https:\/\/www.klinger-kempchen.de\/#organization"},"potentialAction":[{"@type":"SearchAction","target":{"@type":"EntryPoint","urlTemplate":"https:\/\/www.klinger-kempchen.de\/?s={search_term_string}"},"query-input":{"@type":"PropertyValueSpecification","valueRequired":true,"valueName":"search_term_string"}}],"inLanguage":"cs"},{"@type":"Organization","@id":"https:\/\/www.klinger-kempchen.de\/#organization","name":"KLINGER-Kempchen","url":"https:\/\/www.klinger-kempchen.de\/","logo":{"@type":"ImageObject","inLanguage":"cs","@id":"https:\/\/www.klinger-kempchen.de\/#\/schema\/logo\/image\/","url":"https:\/\/www.klinger-kempchen.de\/wp-content\/uploads\/2020\/06\/cropped-Klinger-Kempchen-Logo.png","contentUrl":"https:\/\/www.klinger-kempchen.de\/wp-content\/uploads\/2020\/06\/cropped-Klinger-Kempchen-Logo.png","width":512,"height":512,"caption":"KLINGER-Kempchen"},"image":{"@id":"https:\/\/www.klinger-kempchen.de\/#\/schema\/logo\/image\/"}}]}},"coauthors":[],"author_meta":{"author_link":"https:\/\/www.klinger-kempchen.de\/cs\/author\/administrador\/","display_name":"administrador"},"relative_dates":{"created":"Posted 3 roky ago","modified":"Updated 2 roky ago"},"absolute_dates":{"created":"Posted on 21 \u010dervence 2023","modified":"Updated on 11 b\u0159ezna 2024"},"absolute_dates_time":{"created":"Posted on 21 \u010dervence 2023 14:50","modified":"Updated on 11 b\u0159ezna 2024 15:15"},"featured_img_caption":"Klinger International","featured_img":"https:\/\/www.klinger-kempchen.de\/wp-content\/uploads\/2020\/07\/klinger-holding-titel.jpg","series_order":"","_links":{"self":[{"href":"https:\/\/www.klinger-kempchen.de\/cs\/wp-json\/wp\/v2\/pages\/18841","targetHints":{"allow":["GET"]}}],"collection":[{"href":"https:\/\/www.klinger-kempchen.de\/cs\/wp-json\/wp\/v2\/pages"}],"about":[{"href":"https:\/\/www.klinger-kempchen.de\/cs\/wp-json\/wp\/v2\/types\/page"}],"author":[{"embeddable":true,"href":"https:\/\/www.klinger-kempchen.de\/cs\/wp-json\/wp\/v2\/users\/1"}],"replies":[{"embeddable":true,"href":"https:\/\/www.klinger-kempchen.de\/cs\/wp-json\/wp\/v2\/comments?post=18841"}],"version-history":[{"count":0,"href":"https:\/\/www.klinger-kempchen.de\/cs\/wp-json\/wp\/v2\/pages\/18841\/revisions"}],"up":[{"embeddable":true,"href":"https:\/\/www.klinger-kempchen.de\/cs\/wp-json\/wp\/v2\/pages\/18646"}],"wp:featuredmedia":[{"embeddable":true,"href":"https:\/\/www.klinger-kempchen.de\/cs\/wp-json\/wp\/v2\/media\/17608"}],"wp:attachment":[{"href":"https:\/\/www.klinger-kempchen.de\/cs\/wp-json\/wp\/v2\/media?parent=18841"}],"curies":[{"name":"wp","href":"https:\/\/api.w.org\/{rel}","templated":true}]}}