{"id":18844,"date":"2023-07-21T16:43:52","date_gmt":"2023-07-21T14:43:52","guid":{"rendered":"https:\/\/www.klinger-kempchen.de\/?page_id=18844"},"modified":"2024-03-11T15:45:47","modified_gmt":"2024-03-11T14:45:47","slug":"konstrukce-tesnicich-spoju","status":"publish","type":"page","link":"https:\/\/www.klinger-kempchen.de\/cs\/engineering-kontakty\/technicke-sluzby\/konstrukce-tesnicich-spoju\/","title":{"rendered":"Konstrukce t\u011bsnic\u00edch spoj\u016f"},"content":{"rendered":"\n<h1 class=\"wp-block-heading\">KONSTRUKCE T\u011aSNIC\u00cdCH SPOJ\u016e A SPECI\u00c1LN\u00cdCH T\u011aSN\u011aN\u00cd<\/h1>\n\n\n\n<div class=\"wp-block-columns is-layout-flex wp-container-core-columns-is-layout-9d6595d7 wp-block-columns-is-layout-flex\">\n<div class=\"wp-block-column is-layout-flow wp-block-column-is-layout-flow\" style=\"flex-basis:100%\">\n<h2 class=\"wp-block-heading\">Zku\u0161enosti a znalost t\u011bsn\u011bn\u00ed a t\u011bsnic\u00edch materi\u00e1l\u016f<\/h2>\n\n\n\n<p>N\u00e1vrh, konstrukce, v\u00fdpo\u010det a specifikace t\u011bsn\u011bn\u00ed a t\u011bsnic\u00edch spoj\u016f vy\u017eaduje mnoho zku\u0161enost\u00ed a znalost\u00ed o chov\u00e1n\u00ed t\u011bsn\u011bn\u00ed a t\u011bsnic\u00edch materi\u00e1l\u016f v \u0161irok\u00e9m rozsahu provozn\u00edch podm\u00ednek. Pouh\u00e9 pou\u017eit\u00ed zn\u00e1m\u00fdch pravidel a p\u0159edpis\u016f, jako jsou ASME, DIN EN 13445 nebo AD 2000, a pouh\u00e9 posouzen\u00ed t\u011bsn\u011bn\u00ed nebo t\u011bsnic\u00edho spoje prost\u0159ednictv\u00edm charakteristik t\u011bsn\u011bn\u00ed, jako je DIN EN 13555, ne\u0159\u00edk\u00e1 nic o t\u011bsnosti p\u0159\u00edrubov\u00e9ho spoje v mont\u00e1\u017en\u00edch nebo provozn\u00edch podm\u00ednk\u00e1ch.<\/p>\n\n\n\n<p>Nab\u00edz\u00edme v\u00e1m uzav\u0159en\u00fd servis, po\u010d\u00ednaje p\u0159edb\u011b\u017en\u00fdm v\u00fdb\u011brem vhodn\u00fdch materi\u00e1l\u016f i vhodn\u00fdch t\u011bsnic\u00edch syst\u00e9m\u016f p\u0159es n\u00e1vrh a specifikaci po\u017eadovan\u00fdch komponent a\u017e po koordinaci s p\u0159\u00edslu\u0161n\u00fdmi zku\u0161ebn\u00edmi organizacemi (notifikovan\u00fd org\u00e1n) nebo inspek\u010dn\u00edmi agenturami ASME.<\/p>\n<\/div>\n<\/div>\n\n\n\n<div class=\"wp-block-columns is-layout-flex wp-container-core-columns-is-layout-9d6595d7 wp-block-columns-is-layout-flex\">\n<div class=\"wp-block-column is-vertically-aligned-center is-layout-flow wp-block-column-is-layout-flow\" style=\"flex-basis:50%\">\n<h3 class=\"wp-block-heading h2\">Konstruk\u010dn\u00ed krit\u00e9rium T\u011bsn\u011bn\u00ed<br>N\u00e1vrhov\u00fd parametr T\u011bsn\u011bn\u00ed<\/h3>\n\n\n\n<p>Z\u00e1kladem pro v\u00fdb\u011br t\u011bsn\u011bn\u00ed jsou \u010dasto vlastnosti t\u011bsn\u011bn\u00ed zji\u0161t\u011bn\u00e9 na normalizovan\u00fdch zku\u0161ebn\u00edch stolic\u00edch, zejm\u00e9na v\u00fdsledky zkou\u0161ek t\u011bsnosti. Aby v\u0161ak bylo mo\u017en\u00e9 vyrobit spolehliv\u00e9 a t\u011bsn\u00e9 p\u0159\u00edrubov\u00e9 spoje, je t\u0159eba na t\u011bsnic\u00ed spoj a konstrukci pohl\u00ed\u017eet komplexn\u011b.<\/p>\n<\/div>\n\n\n\n<div class=\"wp-block-column is-layout-flow wp-block-column-is-layout-flow\" style=\"flex-basis:50%\">\n<figure class=\"wp-block-image size-full\"><img loading=\"lazy\" decoding=\"async\" width=\"960\" height=\"600\" src=\"https:\/\/www.klinger-kempchen.de\/wp-content\/uploads\/2023\/04\/r1-konstruktion-01-klinger-kempchen.jpg\" alt=\"Konstruktion 3\" class=\"wp-image-16050\" srcset=\"https:\/\/www.klinger-kempchen.de\/wp-content\/uploads\/2023\/04\/r1-konstruktion-01-klinger-kempchen.jpg 960w, https:\/\/www.klinger-kempchen.de\/wp-content\/uploads\/2023\/04\/r1-konstruktion-01-klinger-kempchen-768x480.jpg 768w\" sizes=\"auto, (max-width: 960px) 100vw, 960px\" \/><\/figure>\n<\/div>\n<\/div>\n\n\n\n<div class=\"wp-block-columns is-layout-flex wp-container-core-columns-is-layout-9d6595d7 wp-block-columns-is-layout-flex\">\n<div class=\"wp-block-column is-vertically-aligned-center is-layout-flow wp-block-column-is-layout-flow\" style=\"flex-basis:50%\">\n<figure class=\"wp-block-image size-full\"><img loading=\"lazy\" decoding=\"async\" width=\"960\" height=\"600\" src=\"https:\/\/www.klinger-kempchen.de\/wp-content\/uploads\/2023\/04\/r1-konstruktion-02-klinger-kempchen.jpg\" alt=\"Konstruktion 3\" class=\"wp-image-16054\" srcset=\"https:\/\/www.klinger-kempchen.de\/wp-content\/uploads\/2023\/04\/r1-konstruktion-02-klinger-kempchen.jpg 960w, https:\/\/www.klinger-kempchen.de\/wp-content\/uploads\/2023\/04\/r1-konstruktion-02-klinger-kempchen-768x480.jpg 768w\" sizes=\"auto, (max-width: 960px) 100vw, 960px\" \/><\/figure>\n<\/div>\n\n\n\n<div class=\"wp-block-column is-vertically-aligned-center is-layout-flow wp-block-column-is-layout-flow\" style=\"flex-basis:50%\">\n<h3 class=\"wp-block-heading h2\">Konstrukce a design<br>t\u011bsn\u011bn\u00ed a p\u0159\u00edrubov\u00fdch spoj\u016f<\/h3>\n\n\n\n<ul class=\"wp-block-list\">\n<li>s t\u011bsn\u011bn\u00edm v p\u0159\u00edpojce silov\u00e9ho potrub\u00ed<\/li>\n\n\n\n<li>s t\u011bsn\u011bn\u00edm v silov\u00e9m zkratu<\/li>\n\n\n\n<li>P\u0159\u00edrubov\u00e9 spoje na v\u00fdm\u011bn\u00edc\u00edch tepla<\/li>\n\n\n\n<li>s kovov\u00fdmi t\u011bsn\u011bn\u00edmi, jako jsou dvojit\u00e9 ku\u017eely, t\u011bsn\u011bn\u00ed sva\u0159ovac\u00edch krou\u017ek\u016f, krou\u017ekov\u00e9 spoje nebo t\u011bsnic\u00ed \u010do\u010dky.<\/li>\n<\/ul>\n<\/div>\n<\/div>\n\n\n\n<div class=\"wp-block-columns is-layout-flex wp-container-core-columns-is-layout-9d6595d7 wp-block-columns-is-layout-flex\">\n<div class=\"wp-block-column is-vertically-aligned-center is-layout-flow wp-block-column-is-layout-flow\" style=\"flex-basis:50%\">\n<h3 class=\"wp-block-heading h2\">V\u00fdpo\u010dty t\u011bsnic\u00edch sp\u00e1r<\/h3>\n\n\n\n<ul class=\"wp-block-list\">\n<li>podle DIN EN 1591-1<\/li>\n\n\n\n<li>DIN EN 13445 a DIN EN 13480<\/li>\n\n\n\n<li>KTA 3211.2 (silov\u00fd bo\u010dn\u00edk)<\/li>\n\n\n\n<li>ASME, odd\u00edl 8, divize I a divize II<\/li>\n\n\n\n<li>V\u00fdpo\u010dtov\u00e1 specifikace KLINGER Kempchen pro pravo\u00fahl\u00e9 p\u0159\u00edrubov\u00e9 spoje<\/li>\n\n\n\n<li>V\u00fdpo\u010dtov\u00e1 specifikace KLINGER Kempchen pro p\u0159\u00edrubov\u00e9 sva\u0159ovan\u00e9 spoje s kruhov\u00fdm pr\u016f\u0159ezem<\/li>\n\n\n\n<li>Utahovac\u00ed momenty pro mont\u00e1\u017e p\u0159\u00edrubov\u00fdch spoj\u016f<\/li>\n\n\n\n<li>V\u00fdpo\u010dtov\u00e9 ov\u011b\u0159en\u00ed t\u011bsnosti podle TA-Luft \/ VDI 2290<\/li>\n\n\n\n<li>N\u00e1vrh a v\u00fdpo\u010det upnut\u00fdch trubkov\u00fdch plech\u016f podle v\u00fdpo\u010dtov\u00e9 specifikace KLINGER Kempchen nebo DIN EN 1591-1<\/li>\n<\/ul>\n<\/div>\n\n\n\n<div class=\"wp-block-column is-layout-flow wp-block-column-is-layout-flow\" style=\"flex-basis:50%\">\n<figure class=\"wp-block-image size-full\"><img loading=\"lazy\" decoding=\"async\" width=\"960\" height=\"600\" src=\"https:\/\/www.klinger-kempchen.de\/wp-content\/uploads\/2023\/04\/r1-konstruktion-03-klinger-kempchen.jpg\" alt=\"Konstruktion 3\" class=\"wp-image-16056\" srcset=\"https:\/\/www.klinger-kempchen.de\/wp-content\/uploads\/2023\/04\/r1-konstruktion-03-klinger-kempchen.jpg 960w, https:\/\/www.klinger-kempchen.de\/wp-content\/uploads\/2023\/04\/r1-konstruktion-03-klinger-kempchen-768x480.jpg 768w\" sizes=\"auto, (max-width: 960px) 100vw, 960px\" \/><\/figure>\n<\/div>\n<\/div>\n","protected":false},"excerpt":{"rendered":"<p>KONSTRUKCE T\u011aSNIC\u00cdCH SPOJ\u016e A SPECI\u00c1LN\u00cdCH T\u011aSN\u011aN\u00cd Zku\u0161enosti a znalost t\u011bsn\u011bn\u00ed a t\u011bsnic\u00edch materi\u00e1l\u016f N\u00e1vrh, konstrukce, v\u00fdpo\u010det a specifikace t\u011bsn\u011bn\u00ed a t\u011bsnic\u00edch spoj\u016f vy\u017eaduje mnoho zku\u0161enost\u00ed a znalost\u00ed o chov\u00e1n\u00ed t\u011bsn\u011bn\u00ed a t\u011bsnic\u00edch materi\u00e1l\u016f v \u0161irok\u00e9m rozsahu provozn\u00edch podm\u00ednek. Pouh\u00e9 pou\u017eit\u00ed zn\u00e1m\u00fdch pravidel a p\u0159edpis\u016f, jako jsou ASME, DIN EN 13445 nebo AD 2000, a pouh\u00e9 [&hellip;]<\/p>\n","protected":false},"author":1,"featured_media":18343,"parent":18793,"menu_order":1,"comment_status":"closed","ping_status":"closed","template":"page-templates\/somos.php","meta":{"advgb_blocks_editor_width":"","advgb_blocks_columns_visual_guide":"","iawp_total_views":15,"footnotes":""},"class_list":["post-18844","page","type-page","status-publish","has-post-thumbnail","hentry"],"yoast_head":"<!-- This site is optimized with the Yoast SEO plugin v27.3 - https:\/\/yoast.com\/product\/yoast-seo-wordpress\/ -->\n<title>Konstrukce t\u011bsnic\u00edch spoj\u016f - KLINGER Kempchen<\/title>\n<meta name=\"description\" content=\"N\u00e1vrh, konstrukce, v\u00fdpo\u010det a specifikace t\u011bsn\u011bn\u00ed a t\u011bsnic\u00edch spoj\u016f vy\u017eaduje mnoho zku\u0161enost\u00ed a znalost\u00ed.\" \/>\n<meta name=\"robots\" content=\"index, follow, max-snippet:-1, max-image-preview:large, max-video-preview:-1\" \/>\n<link rel=\"canonical\" href=\"https:\/\/www.klinger-kempchen.de\/engineering\/engineering-services\/auslegung-dichtverbindungen\/\" \/>\n<meta property=\"og:locale\" content=\"cs_CZ\" \/>\n<meta property=\"og:type\" content=\"article\" \/>\n<meta property=\"og:title\" content=\"Konstrukce t\u011bsnic\u00edch spoj\u016f - KLINGER Kempchen\" \/>\n<meta property=\"og:description\" content=\"N\u00e1vrh, konstrukce, v\u00fdpo\u010det a specifikace t\u011bsn\u011bn\u00ed a t\u011bsnic\u00edch spoj\u016f vy\u017eaduje mnoho zku\u0161enost\u00ed a znalost\u00ed.\" \/>\n<meta property=\"og:url\" content=\"https:\/\/www.klinger-kempchen.de\/engineering\/engineering-services\/auslegung-dichtverbindungen\/\" \/>\n<meta property=\"og:site_name\" content=\"KLINGER Kempchen\" \/>\n<meta property=\"article:modified_time\" content=\"2024-03-11T14:45:47+00:00\" \/>\n<meta property=\"og:image\" content=\"https:\/\/www.klinger-kempchen.de\/wp-content\/uploads\/2023\/04\/Dichtverbindungen.jpg\" \/>\n\t<meta property=\"og:image:width\" content=\"1400\" \/>\n\t<meta property=\"og:image:height\" content=\"350\" \/>\n\t<meta property=\"og:image:type\" content=\"image\/jpeg\" \/>\n<meta name=\"twitter:label1\" content=\"Odhadovan\u00e1 doba \u010dten\u00ed\" \/>\n\t<meta name=\"twitter:data1\" content=\"2 minuty\" \/>\n<!-- \/ Yoast SEO plugin. -->","yoast_head_json":{"title":"Konstrukce t\u011bsnic\u00edch spoj\u016f - KLINGER Kempchen","description":"N\u00e1vrh, konstrukce, v\u00fdpo\u010det a specifikace t\u011bsn\u011bn\u00ed a t\u011bsnic\u00edch spoj\u016f vy\u017eaduje mnoho zku\u0161enost\u00ed a znalost\u00ed.","robots":{"index":"index","follow":"follow","max-snippet":"max-snippet:-1","max-image-preview":"max-image-preview:large","max-video-preview":"max-video-preview:-1"},"canonical":"https:\/\/www.klinger-kempchen.de\/engineering\/engineering-services\/auslegung-dichtverbindungen\/","og_locale":"cs_CZ","og_type":"article","og_title":"Konstrukce t\u011bsnic\u00edch spoj\u016f - KLINGER Kempchen","og_description":"N\u00e1vrh, konstrukce, v\u00fdpo\u010det a specifikace t\u011bsn\u011bn\u00ed a t\u011bsnic\u00edch spoj\u016f vy\u017eaduje mnoho zku\u0161enost\u00ed a znalost\u00ed.","og_url":"https:\/\/www.klinger-kempchen.de\/engineering\/engineering-services\/auslegung-dichtverbindungen\/","og_site_name":"KLINGER Kempchen","article_modified_time":"2024-03-11T14:45:47+00:00","og_image":[{"width":1400,"height":350,"url":"https:\/\/www.klinger-kempchen.de\/wp-content\/uploads\/2023\/04\/Dichtverbindungen.jpg","type":"image\/jpeg"}],"twitter_misc":{"Odhadovan\u00e1 doba \u010dten\u00ed":"2 minuty"},"schema":{"@context":"https:\/\/schema.org","@graph":[{"@type":"WebPage","@id":"https:\/\/www.klinger-kempchen.de\/engineering\/engineering-services\/auslegung-dichtverbindungen\/","url":"https:\/\/www.klinger-kempchen.de\/engineering\/engineering-services\/auslegung-dichtverbindungen\/","name":"Konstrukce t\u011bsnic\u00edch spoj\u016f - KLINGER Kempchen","isPartOf":{"@id":"https:\/\/www.klinger-kempchen.de\/#website"},"primaryImageOfPage":{"@id":"https:\/\/www.klinger-kempchen.de\/engineering\/engineering-services\/auslegung-dichtverbindungen\/#primaryimage"},"image":{"@id":"https:\/\/www.klinger-kempchen.de\/engineering\/engineering-services\/auslegung-dichtverbindungen\/#primaryimage"},"thumbnailUrl":"https:\/\/www.klinger-kempchen.de\/wp-content\/uploads\/2023\/04\/Dichtverbindungen.jpg","datePublished":"2023-07-21T14:43:52+00:00","dateModified":"2024-03-11T14:45:47+00:00","description":"N\u00e1vrh, konstrukce, v\u00fdpo\u010det a specifikace t\u011bsn\u011bn\u00ed a t\u011bsnic\u00edch spoj\u016f vy\u017eaduje mnoho zku\u0161enost\u00ed a znalost\u00ed.","breadcrumb":{"@id":"https:\/\/www.klinger-kempchen.de\/engineering\/engineering-services\/auslegung-dichtverbindungen\/#breadcrumb"},"inLanguage":"cs","potentialAction":[{"@type":"ReadAction","target":["https:\/\/www.klinger-kempchen.de\/engineering\/engineering-services\/auslegung-dichtverbindungen\/"]}]},{"@type":"ImageObject","inLanguage":"cs","@id":"https:\/\/www.klinger-kempchen.de\/engineering\/engineering-services\/auslegung-dichtverbindungen\/#primaryimage","url":"https:\/\/www.klinger-kempchen.de\/wp-content\/uploads\/2023\/04\/Dichtverbindungen.jpg","contentUrl":"https:\/\/www.klinger-kempchen.de\/wp-content\/uploads\/2023\/04\/Dichtverbindungen.jpg","width":1400,"height":350},{"@type":"BreadcrumbList","@id":"https:\/\/www.klinger-kempchen.de\/engineering\/engineering-services\/auslegung-dichtverbindungen\/#breadcrumb","itemListElement":[{"@type":"ListItem","position":1,"name":"Home","item":"https:\/\/www.klinger-kempchen.de\/"},{"@type":"ListItem","position":2,"name":"Engineering","item":"https:\/\/www.klinger-kempchen.de\/cs\/engineering-kontakty\/"},{"@type":"ListItem","position":3,"name":"Technick\u00e9 slu\u017eby","item":"https:\/\/www.klinger-kempchen.de\/cs\/engineering-kontakty\/technicke-sluzby\/"},{"@type":"ListItem","position":4,"name":"Konstrukce t\u011bsnic\u00edch spoj\u016f"}]},{"@type":"WebSite","@id":"https:\/\/www.klinger-kempchen.de\/#website","url":"https:\/\/www.klinger-kempchen.de\/","name":"KLINGER Kempchen","description":"KLINGER Kempchen","publisher":{"@id":"https:\/\/www.klinger-kempchen.de\/#organization"},"potentialAction":[{"@type":"SearchAction","target":{"@type":"EntryPoint","urlTemplate":"https:\/\/www.klinger-kempchen.de\/?s={search_term_string}"},"query-input":{"@type":"PropertyValueSpecification","valueRequired":true,"valueName":"search_term_string"}}],"inLanguage":"cs"},{"@type":"Organization","@id":"https:\/\/www.klinger-kempchen.de\/#organization","name":"KLINGER-Kempchen","url":"https:\/\/www.klinger-kempchen.de\/","logo":{"@type":"ImageObject","inLanguage":"cs","@id":"https:\/\/www.klinger-kempchen.de\/#\/schema\/logo\/image\/","url":"https:\/\/www.klinger-kempchen.de\/wp-content\/uploads\/2020\/06\/cropped-Klinger-Kempchen-Logo.png","contentUrl":"https:\/\/www.klinger-kempchen.de\/wp-content\/uploads\/2020\/06\/cropped-Klinger-Kempchen-Logo.png","width":512,"height":512,"caption":"KLINGER-Kempchen"},"image":{"@id":"https:\/\/www.klinger-kempchen.de\/#\/schema\/logo\/image\/"}}]}},"coauthors":[],"author_meta":{"author_link":"https:\/\/www.klinger-kempchen.de\/cs\/author\/administrador\/","display_name":"administrador"},"relative_dates":{"created":"Posted 3 roky ago","modified":"Updated 2 roky ago"},"absolute_dates":{"created":"Posted on 21 \u010dervence 2023","modified":"Updated on 11 b\u0159ezna 2024"},"absolute_dates_time":{"created":"Posted on 21 \u010dervence 2023 16:43","modified":"Updated on 11 b\u0159ezna 2024 15:45"},"featured_img_caption":"","featured_img":"https:\/\/www.klinger-kempchen.de\/wp-content\/uploads\/2023\/04\/Dichtverbindungen.jpg","series_order":"","_links":{"self":[{"href":"https:\/\/www.klinger-kempchen.de\/cs\/wp-json\/wp\/v2\/pages\/18844","targetHints":{"allow":["GET"]}}],"collection":[{"href":"https:\/\/www.klinger-kempchen.de\/cs\/wp-json\/wp\/v2\/pages"}],"about":[{"href":"https:\/\/www.klinger-kempchen.de\/cs\/wp-json\/wp\/v2\/types\/page"}],"author":[{"embeddable":true,"href":"https:\/\/www.klinger-kempchen.de\/cs\/wp-json\/wp\/v2\/users\/1"}],"replies":[{"embeddable":true,"href":"https:\/\/www.klinger-kempchen.de\/cs\/wp-json\/wp\/v2\/comments?post=18844"}],"version-history":[{"count":0,"href":"https:\/\/www.klinger-kempchen.de\/cs\/wp-json\/wp\/v2\/pages\/18844\/revisions"}],"up":[{"embeddable":true,"href":"https:\/\/www.klinger-kempchen.de\/cs\/wp-json\/wp\/v2\/pages\/18793"}],"wp:featuredmedia":[{"embeddable":true,"href":"https:\/\/www.klinger-kempchen.de\/cs\/wp-json\/wp\/v2\/media\/18343"}],"wp:attachment":[{"href":"https:\/\/www.klinger-kempchen.de\/cs\/wp-json\/wp\/v2\/media?parent=18844"}],"curies":[{"name":"wp","href":"https:\/\/api.w.org\/{rel}","templated":true}]}}