{"id":18855,"date":"2023-07-21T21:09:22","date_gmt":"2023-07-21T19:09:22","guid":{"rendered":"https:\/\/www.klinger-kempchen.de\/?page_id=18855"},"modified":"2025-10-06T11:24:19","modified_gmt":"2025-10-06T09:24:19","slug":"certifikaty","status":"publish","type":"page","link":"https:\/\/www.klinger-kempchen.de\/cs\/kvalita\/certifikaty\/","title":{"rendered":"Certifik\u00e1ty"},"content":{"rendered":"\n<h1 class=\"wp-block-heading h3\">\u0158\u00edzen\u00ed kvality &#8211; certifik\u00e1ty<\/h1>\n\n\n\n<p>Na\u0161e certifik\u00e1ty, nap\u0159\u00edklad <a href=\"http:\/\/tuev.com\" target=\"_blank\" rel=\"noreferrer noopener\">ISO 9001<\/a>, dokl\u00e1daj\u00ed na\u0161e spolehliv\u00e9 pracovn\u00ed postupy a kvalitu. To znamen\u00e1, \u017ee jste v\u017edy na bezpe\u010dn\u00e9 stran\u011b p\u0159i pou\u017e\u00edv\u00e1n\u00ed spr\u00e1vn\u00e9ho produktu pro va\u0161i spole\u010dnost. Pravideln\u00e9 obnovov\u00e1n\u00ed dokument\u016f prost\u0159ednictv\u00edm audit\u016f je pro n\u00e1s samoz\u0159ejmost\u00ed a nenech\u00e1v\u00e1 nikoho na pochyb\u00e1ch o na\u0161ich profesion\u00e1ln\u00edch pracovn\u00edch postupech.<\/p>\n\n\n\n<p>Aktu\u00e1ln\u00ed certifik\u00e1ty jsou k dispozici ke sta\u017een\u00ed zde:<\/p>\n\n\n\n<figure class=\"wp-block-table aligncenter is-style-stripes\"><table class=\"has-fixed-layout\"><tbody><tr><td class=\"has-text-align-center\" data-align=\"center\"><a href=\"https:\/\/www.klinger-kempchen.de\/wp-content\/uploads\/2024\/02\/Certifikat-ISO-9001-do-2024-CZ.pdf\"><img loading=\"lazy\" decoding=\"async\" width=\"100\" height=\"150\" class=\"wp-image-16730\" style=\"width: 100px;\" src=\"https:\/\/www.klinger-kempchen.de\/wp-content\/uploads\/2023\/06\/DIN-EN-ISO-9001-2015_DE.png\" alt=\"DIN EN ISO 9001 2015_DE\"><\/a><a href=\"https:\/\/www.klinger-kempchen.de\/wp-content\/uploads\/2024\/02\/Certifikat-ISO-9001-do-2024-CZ.pdf\" target=\"_blank\" rel=\"noreferrer noopener\"><br><strong>DIN CZ ISO 9001<\/strong><\/a><br><\/td><td class=\"has-text-align-center\" data-align=\"center\"><a href=\"https:\/\/www.klinger-kempchen.de\/wp-content\/uploads\/2022\/09\/KLINGER-Kempchen-14001-DE.pdf\" target=\"_blank\" rel=\"noreferrer noopener\"><img loading=\"lazy\" decoding=\"async\" width=\"100\" height=\"141\" class=\"wp-image-7155\" style=\"width: 100px;\" src=\"https:\/\/www.klinger-kempchen.de\/wp-content\/uploads\/2020\/07\/DIN-ISO14001.jpg\" alt=\"Zertifikate DIN-ISO14001\"><br><strong>DIN EN ISO 14001:2015<\/strong><\/a><br><\/td><td class=\"has-text-align-center\" data-align=\"center\"><a href=\"https:\/\/www.klinger-kempchen.de\/wp-content\/uploads\/2022\/09\/KLINGER-Kempchen-50001-DE.pdf\" target=\"_blank\" rel=\"noreferrer noopener\"><img loading=\"lazy\" decoding=\"async\" width=\"100\" height=\"141\" class=\"wp-image-10810\" style=\"width: 100px;\" src=\"https:\/\/www.klinger-kempchen.de\/wp-content\/uploads\/2020\/09\/Managementsystem-DIN-ISO-50001.jpg\" alt=\"Zertifikate DIN-ISO-50001\" srcset=\"https:\/\/www.klinger-kempchen.de\/wp-content\/uploads\/2020\/09\/Managementsystem-DIN-ISO-50001.jpg 646w, https:\/\/www.klinger-kempchen.de\/wp-content\/uploads\/2020\/09\/Managementsystem-DIN-ISO-50001-14x20.jpg 14w\" sizes=\"auto, (max-width: 100px) 100vw, 100px\" \/><br><strong>DIN EN ISO 50001:2018<\/strong><\/a><br><\/td><\/tr><tr><td class=\"has-text-align-center\" data-align=\"center\"><a href=\"https:\/\/www.klinger-kempchen.de\/wp-content\/uploads\/2023\/06\/KLINGER-Kempchen_ISO-45001_DE.pdf\"><img loading=\"lazy\" decoding=\"async\" width=\"100\" height=\"149\" class=\"wp-image-16733\" style=\"width: 100px;\" src=\"https:\/\/www.klinger-kempchen.de\/wp-content\/uploads\/2023\/06\/DIN-EN-ISO-45001-2018_DE.png\" alt=\"DIN EN ISO 45001 2018_DE\"><\/a><a href=\"https:\/\/www.klinger-kempchen.de\/wp-content\/uploads\/2020\/07\/BS_OHSAS_18001_2007_deutsch.pdf\" target=\"_blank\" rel=\"noreferrer noopener\"><br><\/a><a href=\"https:\/\/www.klinger-kempchen.de\/wp-content\/uploads\/2023\/06\/KLINGER-Kempchen_ISO-45001_DE.pdf\" target=\"_blank\" rel=\"noreferrer noopener\"><strong>DIN ISO 45001:2018<\/strong><\/a><br><\/td><td class=\"has-text-align-center\" data-align=\"center\"><a href=\"https:\/\/www.klinger-kempchen.de\/wp-content\/uploads\/2023\/05\/DIN-EN-ISO-3834-2.pdf\"><img loading=\"lazy\" decoding=\"async\" width=\"100\" height=\"141\" class=\"wp-image-16557\" style=\"width: 100px;\" src=\"https:\/\/www.klinger-kempchen.de\/wp-content\/uploads\/2023\/05\/DIN-EN-ISO-3834-2.png\" alt=\"DIN EN ISO 3834-2\"><\/a><br><strong><a href=\"https:\/\/www.klinger-kempchen.de\/wp-content\/uploads\/2023\/05\/DIN-EN-ISO-3834-2.pdf\" target=\"_blank\" rel=\"noreferrer noopener\">DIN EN ISO 3834-2<\/a><\/strong><a href=\"https:\/\/www.klinger-kempchen.de\/wp-content\/uploads\/2021\/04\/API-Certificate-6A-0046_2021.pdf\" target=\"_blank\" rel=\"noreferrer noopener\"><br><\/a><\/td><td class=\"has-text-align-center\" data-align=\"center\"><a href=\"https:\/\/www.klinger-kempchen.de\/wp-content\/uploads\/2022\/11\/2023_Zertifikat-KLINGER-Kempchen-VGB.pdf\"><img loading=\"lazy\" decoding=\"async\" width=\"100\" height=\"140\" class=\"wp-image-7147\" style=\"width: 100px;\" src=\"https:\/\/www.klinger-kempchen.de\/wp-content\/uploads\/2020\/07\/Zert-RAL.jpg\" alt=\"Zertifikate RAL\"><br><strong>RAL G\u00fctegemeinschaft<\/strong><br><strong>Weichstoffkompensatoren e.V.<\/strong><\/a><br><\/td><\/tr><tr><td class=\"has-text-align-center\" data-align=\"center\"><a href=\"https:\/\/www.klinger-kempchen.de\/wp-content\/uploads\/2020\/07\/BME_Zertifikat.pdf\" target=\"_blank\" rel=\"noreferrer noopener\"><img loading=\"lazy\" decoding=\"async\" width=\"100\" height=\"145\" class=\"wp-image-7145\" style=\"width: 100px;\" src=\"https:\/\/www.klinger-kempchen.de\/wp-content\/uploads\/2020\/07\/BMEcat.jpg\" alt=\"BMEcat\"><br><strong>BMEcat<br>elektronische Produktkataloge<\/strong><\/a><br><\/td><td class=\"has-text-align-center\" data-align=\"center\"><a href=\"https:\/\/www.klinger-kempchen.de\/wp-content\/uploads\/2022\/01\/KTA-1401-DE.pdf\" target=\"_blank\" rel=\"noreferrer noopener\"><img loading=\"lazy\" decoding=\"async\" width=\"100\" height=\"141\" class=\"wp-image-7143\" style=\"width: 100px;\" src=\"https:\/\/www.klinger-kempchen.de\/wp-content\/uploads\/2020\/07\/Zert-KTA1401_eon_d.jpg\" alt=\"Zert-KTA1401_eon_d\"><br><strong>KTA 1401:2017<\/strong><\/a><br><br><\/td><td class=\"has-text-align-center\" data-align=\"center\"><a href=\"https:\/\/www.klinger-kempchen.de\/wp-content\/uploads\/2025\/10\/Zertifikat-mit-Anhang.pdf\" target=\"_blank\" rel=\"noreferrer noopener\"><img loading=\"lazy\" decoding=\"async\" width=\"100\" height=\"144\" class=\"wp-image-7141\" style=\"width: 100px;\" src=\"https:\/\/www.klinger-kempchen.de\/wp-content\/uploads\/2020\/07\/TQCert.jpg\" alt=\"TQCert\"><br><strong>TQCertZertifikat als Bildungstr\u00e4ger<\/strong><\/a><br><\/td><\/tr><tr><td class=\"has-text-align-center\" data-align=\"center\"><br><a href=\"https:\/\/www.klinger-kempchen.de\/wp-content\/uploads\/2024\/09\/IE-402-7.pdf\"><img loading=\"lazy\" decoding=\"async\" width=\"100\" height=\"140\" class=\"wp-image-46180\" style=\"width: 100px;\" src=\"https:\/\/www.klinger-kempchen.de\/wp-content\/uploads\/2024\/09\/Screenshot-KTA-1401-2017-GES.png\" alt=\"KTA 1401:2017 (GES)\"><\/a><a href=\"https:\/\/www.klinger-kempchen.de\/wp-content\/uploads\/2021\/04\/API-Certificate-6A-0046_2021-1.pdf\" target=\"_blank\" rel=\"noreferrer noopener\"><strong><br><\/strong><\/a><strong><a href=\"https:\/\/www.klinger-kempchen.de\/wp-content\/uploads\/2024\/09\/IE-402-7.pdf\">KTA 1401:2017 (GES)<\/a><\/strong><br><\/td><td class=\"has-text-align-center\" data-align=\"center\"><\/td><td class=\"has-text-align-center\" data-align=\"center\"><\/td><\/tr><\/tbody><\/table><\/figure>\n\n\n","protected":false},"excerpt":{"rendered":"<p>\u0158\u00edzen\u00ed kvality &#8211; certifik\u00e1ty Na\u0161e certifik\u00e1ty, nap\u0159\u00edklad ISO 9001, dokl\u00e1daj\u00ed na\u0161e spolehliv\u00e9 pracovn\u00ed postupy a kvalitu. To znamen\u00e1, \u017ee jste v\u017edy na bezpe\u010dn\u00e9 stran\u011b p\u0159i pou\u017e\u00edv\u00e1n\u00ed spr\u00e1vn\u00e9ho produktu pro va\u0161i spole\u010dnost. Pravideln\u00e9 obnovov\u00e1n\u00ed dokument\u016f prost\u0159ednictv\u00edm audit\u016f je pro n\u00e1s samoz\u0159ejmost\u00ed a nenech\u00e1v\u00e1 nikoho na pochyb\u00e1ch o na\u0161ich profesion\u00e1ln\u00edch pracovn\u00edch postupech. Aktu\u00e1ln\u00ed certifik\u00e1ty jsou k dispozici [&hellip;]<\/p>\n","protected":false},"author":1,"featured_media":0,"parent":18688,"menu_order":1,"comment_status":"closed","ping_status":"closed","template":"page-templates\/valves.php","meta":{"advgb_blocks_editor_width":"","advgb_blocks_columns_visual_guide":"","iawp_total_views":7,"footnotes":""},"class_list":["post-18855","page","type-page","status-publish","hentry"],"yoast_head":"<!-- This site is optimized with the Yoast SEO plugin v26.9 - https:\/\/yoast.com\/product\/yoast-seo-wordpress\/ -->\n<title>Certifik\u00e1ty - KLINGER Kempchen<\/title>\n<meta name=\"description\" content=\"Jsme certifikov\u00e1ni podle. Na\u0161e certifik\u00e1ty DIN EN ISO 9001, DIN EN ISO 14001, DIN ISO 45001, DIN EN ISO 5001, KTA 1401, API.\" \/>\n<meta name=\"robots\" content=\"index, follow, max-snippet:-1, max-image-preview:large, max-video-preview:-1\" \/>\n<link rel=\"canonical\" href=\"https:\/\/www.klinger-kempchen.de\/cs\/kvalita\/certifikaty\/\" \/>\n<meta property=\"og:locale\" content=\"cs_CZ\" \/>\n<meta property=\"og:type\" content=\"article\" \/>\n<meta property=\"og:title\" content=\"Certifik\u00e1ty - KLINGER Kempchen\" \/>\n<meta property=\"og:description\" content=\"Jsme certifikov\u00e1ni podle. Na\u0161e certifik\u00e1ty DIN EN ISO 9001, DIN EN ISO 14001, DIN ISO 45001, DIN EN ISO 5001, KTA 1401, API.\" \/>\n<meta property=\"og:url\" content=\"https:\/\/www.klinger-kempchen.de\/cs\/kvalita\/certifikaty\/\" \/>\n<meta property=\"og:site_name\" content=\"KLINGER Kempchen\" \/>\n<meta property=\"article:modified_time\" content=\"2025-10-06T09:24:19+00:00\" \/>\n<meta property=\"og:image\" content=\"https:\/\/www.klinger-kempchen.de\/wp-content\/uploads\/2024\/03\/Qualitaet-kempchen-1.jpg\" \/>\n\t<meta property=\"og:image:width\" content=\"1300\" \/>\n\t<meta property=\"og:image:height\" content=\"269\" \/>\n\t<meta property=\"og:image:type\" content=\"image\/jpeg\" \/>\n<meta name=\"twitter:label1\" content=\"Odhadovan\u00e1 doba \u010dten\u00ed\" \/>\n\t<meta name=\"twitter:data1\" content=\"1 minuta\" \/>\n<!-- \/ Yoast SEO plugin. -->","yoast_head_json":{"title":"Certifik\u00e1ty - KLINGER Kempchen","description":"Jsme certifikov\u00e1ni podle. Na\u0161e certifik\u00e1ty DIN EN ISO 9001, DIN EN ISO 14001, DIN ISO 45001, DIN EN ISO 5001, KTA 1401, API.","robots":{"index":"index","follow":"follow","max-snippet":"max-snippet:-1","max-image-preview":"max-image-preview:large","max-video-preview":"max-video-preview:-1"},"canonical":"https:\/\/www.klinger-kempchen.de\/cs\/kvalita\/certifikaty\/","og_locale":"cs_CZ","og_type":"article","og_title":"Certifik\u00e1ty - KLINGER Kempchen","og_description":"Jsme certifikov\u00e1ni podle. Na\u0161e certifik\u00e1ty DIN EN ISO 9001, DIN EN ISO 14001, DIN ISO 45001, DIN EN ISO 5001, KTA 1401, API.","og_url":"https:\/\/www.klinger-kempchen.de\/cs\/kvalita\/certifikaty\/","og_site_name":"KLINGER Kempchen","article_modified_time":"2025-10-06T09:24:19+00:00","og_image":[{"width":1300,"height":269,"url":"https:\/\/www.klinger-kempchen.de\/wp-content\/uploads\/2024\/03\/Qualitaet-kempchen-1.jpg","type":"image\/jpeg"}],"twitter_misc":{"Odhadovan\u00e1 doba \u010dten\u00ed":"1 minuta"},"schema":{"@context":"https:\/\/schema.org","@graph":[{"@type":"WebPage","@id":"https:\/\/www.klinger-kempchen.de\/cs\/kvalita\/certifikaty\/","url":"https:\/\/www.klinger-kempchen.de\/cs\/kvalita\/certifikaty\/","name":"Certifik\u00e1ty - KLINGER Kempchen","isPartOf":{"@id":"https:\/\/www.klinger-kempchen.de\/#website"},"primaryImageOfPage":{"@id":"https:\/\/www.klinger-kempchen.de\/cs\/kvalita\/certifikaty\/#primaryimage"},"image":{"@id":"https:\/\/www.klinger-kempchen.de\/cs\/kvalita\/certifikaty\/#primaryimage"},"thumbnailUrl":"https:\/\/www.klinger-kempchen.de\/wp-content\/uploads\/2023\/06\/DIN-EN-ISO-9001-2015_DE.png","datePublished":"2023-07-21T19:09:22+00:00","dateModified":"2025-10-06T09:24:19+00:00","description":"Jsme certifikov\u00e1ni podle. Na\u0161e certifik\u00e1ty DIN EN ISO 9001, DIN EN ISO 14001, DIN ISO 45001, DIN EN ISO 5001, KTA 1401, API.","breadcrumb":{"@id":"https:\/\/www.klinger-kempchen.de\/cs\/kvalita\/certifikaty\/#breadcrumb"},"inLanguage":"cs","potentialAction":[{"@type":"ReadAction","target":["https:\/\/www.klinger-kempchen.de\/cs\/kvalita\/certifikaty\/"]}]},{"@type":"ImageObject","inLanguage":"cs","@id":"https:\/\/www.klinger-kempchen.de\/cs\/kvalita\/certifikaty\/#primaryimage","url":"https:\/\/www.klinger-kempchen.de\/wp-content\/uploads\/2023\/06\/DIN-EN-ISO-9001-2015_DE.png","contentUrl":"https:\/\/www.klinger-kempchen.de\/wp-content\/uploads\/2023\/06\/DIN-EN-ISO-9001-2015_DE.png"},{"@type":"BreadcrumbList","@id":"https:\/\/www.klinger-kempchen.de\/cs\/kvalita\/certifikaty\/#breadcrumb","itemListElement":[{"@type":"ListItem","position":1,"name":"Home","item":"https:\/\/www.klinger-kempchen.de\/"},{"@type":"ListItem","position":2,"name":"Kvalita","item":"https:\/\/www.klinger-kempchen.de\/cs\/kvalita\/"},{"@type":"ListItem","position":3,"name":"Certifik\u00e1ty"}]},{"@type":"WebSite","@id":"https:\/\/www.klinger-kempchen.de\/#website","url":"https:\/\/www.klinger-kempchen.de\/","name":"KLINGER Kempchen","description":"KLINGER Kempchen","publisher":{"@id":"https:\/\/www.klinger-kempchen.de\/#organization"},"potentialAction":[{"@type":"SearchAction","target":{"@type":"EntryPoint","urlTemplate":"https:\/\/www.klinger-kempchen.de\/?s={search_term_string}"},"query-input":{"@type":"PropertyValueSpecification","valueRequired":true,"valueName":"search_term_string"}}],"inLanguage":"cs"},{"@type":"Organization","@id":"https:\/\/www.klinger-kempchen.de\/#organization","name":"KLINGER-Kempchen","url":"https:\/\/www.klinger-kempchen.de\/","logo":{"@type":"ImageObject","inLanguage":"cs","@id":"https:\/\/www.klinger-kempchen.de\/#\/schema\/logo\/image\/","url":"https:\/\/www.klinger-kempchen.de\/wp-content\/uploads\/2020\/06\/cropped-Klinger-Kempchen-Logo.png","contentUrl":"https:\/\/www.klinger-kempchen.de\/wp-content\/uploads\/2020\/06\/cropped-Klinger-Kempchen-Logo.png","width":512,"height":512,"caption":"KLINGER-Kempchen"},"image":{"@id":"https:\/\/www.klinger-kempchen.de\/#\/schema\/logo\/image\/"}}]}},"coauthors":[],"author_meta":{"author_link":"https:\/\/www.klinger-kempchen.de\/cs\/author\/administrador\/","display_name":"administrador"},"relative_dates":{"created":"Posted 3 roky ago","modified":"Updated 6 m\u011bs\u00edc\u016f ago"},"absolute_dates":{"created":"Posted on 21 \u010dervence 2023","modified":"Updated on 6 \u0159\u00edjna 2025"},"absolute_dates_time":{"created":"Posted on 21 \u010dervence 2023 21:09","modified":"Updated on 6 \u0159\u00edjna 2025 11:24"},"featured_img_caption":"","featured_img":false,"series_order":"","_links":{"self":[{"href":"https:\/\/www.klinger-kempchen.de\/cs\/wp-json\/wp\/v2\/pages\/18855","targetHints":{"allow":["GET"]}}],"collection":[{"href":"https:\/\/www.klinger-kempchen.de\/cs\/wp-json\/wp\/v2\/pages"}],"about":[{"href":"https:\/\/www.klinger-kempchen.de\/cs\/wp-json\/wp\/v2\/types\/page"}],"author":[{"embeddable":true,"href":"https:\/\/www.klinger-kempchen.de\/cs\/wp-json\/wp\/v2\/users\/1"}],"replies":[{"embeddable":true,"href":"https:\/\/www.klinger-kempchen.de\/cs\/wp-json\/wp\/v2\/comments?post=18855"}],"version-history":[{"count":1,"href":"https:\/\/www.klinger-kempchen.de\/cs\/wp-json\/wp\/v2\/pages\/18855\/revisions"}],"predecessor-version":[{"id":63856,"href":"https:\/\/www.klinger-kempchen.de\/cs\/wp-json\/wp\/v2\/pages\/18855\/revisions\/63856"}],"up":[{"embeddable":true,"href":"https:\/\/www.klinger-kempchen.de\/cs\/wp-json\/wp\/v2\/pages\/18688"}],"wp:attachment":[{"href":"https:\/\/www.klinger-kempchen.de\/cs\/wp-json\/wp\/v2\/media?parent=18855"}],"curies":[{"name":"wp","href":"https:\/\/api.w.org\/{rel}","templated":true}]}}