{"id":18870,"date":"2023-07-23T12:40:17","date_gmt":"2023-07-23T10:40:17","guid":{"rendered":"https:\/\/www.klinger-kempchen.de\/?page_id=18870"},"modified":"2023-07-23T12:40:18","modified_gmt":"2023-07-23T10:40:18","slug":"konstrukce-tesnicich-spoju-v-oblasti-vysokych-teplot","status":"publish","type":"page","link":"https:\/\/www.klinger-kempchen.de\/cs\/engineering-kontakty\/technicke-sluzby\/konstrukce-tesnicich-spoju-v-oblasti-vysokych-teplot\/","title":{"rendered":"Konstrukce t\u011bsnic\u00edch spoj\u016f v oblasti vysok\u00fdch teplot"},"content":{"rendered":"\n<h1 class=\"wp-block-heading advgb-dyn-4c3c0bb6\">KONSTRUKCE T\u011aSNIC\u00cdCH SPOJ\u016e V OBLASTI VYSOK\u00ddCH TEPLOT<\/h1>\n\n\n\n<h2 class=\"wp-block-heading\">Kdy za\u010d\u00edn\u00e1 vysok\u00fd teplotn\u00ed rozsah?<\/h2>\n\n\n\n<p>V\u00fdvoj nov\u00fdch technologick\u00fdch postup\u016f v r\u016fzn\u00fdch pr\u016fmyslov\u00fdch odv\u011btv\u00edch vy\u017eaduje st\u00e1le vy\u0161\u0161\u00ed provozn\u00ed teploty a provozn\u00ed tlaky. Aplikace a pou\u017eit\u00ed standardn\u00edch t\u011bsn\u011bn\u00ed a standardn\u00edch materi\u00e1l\u016f z t\u011bsnic\u00ed techniky dos\u00e1hly nejpozd\u011bji p\u0159i teplot\u011b 500 \u00b0C sv\u00fdch limit\u016f z hlediska funk\u010dnosti a trvanlivosti. Tot\u00e9\u017e plat\u00ed pro normalizovan\u00e9 v\u00fdpo\u010dtov\u00e9 metody zn\u00e1m\u00fdch p\u0159edpis\u016f ASME, DIN EN 13445 nebo AD 2000.<\/p>\n\n\n\n<p>Zde v\u00e1m na po\u017e\u00e1d\u00e1n\u00ed r\u00e1di poskytneme na\u0161e know-how v oblasti pou\u017eit\u00ed materi\u00e1l\u016f a aplikace v\u00fdpo\u010dtov\u00fdch metod p\u0159izp\u016fsoben\u00fdch vysok\u00fdm teplot\u00e1m. Zat\u00edmco p\u0159ed n\u011bkolika lety byla v\u00fdpo\u010dtov\u00e1 teplota 650 a\u017e 700 \u00b0C \u00fakolem a p\u0159ek\u00e1\u017ekou, kterou bylo t\u0159eba zvl\u00e1dnout poprv\u00e9, dnes ji\u017e m\u016f\u017eeme prok\u00e1zat zku\u0161enosti s v\u00fdpo\u010dtov\u00fdmi teplotami a\u017e 1050 \u00b0C.<\/p>\n\n\n\n<p>Nab\u00edz\u00edme v\u00e1m kompletn\u00ed servis, po\u010d\u00ednaje p\u0159edb\u011b\u017en\u00fdm v\u00fdb\u011brem vhodn\u00fdch materi\u00e1l\u016f a t\u011bsnic\u00edch syst\u00e9m\u016f, p\u0159es n\u00e1vrh a specifikaci po\u017eadovan\u00fdch komponent a\u017e po koordinaci s p\u0159\u00edslu\u0161n\u00fdmi zku\u0161ebn\u00edmi organizacemi (Notified Body) nebo inspek\u010dn\u00edmi agenturami ASME.<br>Na p\u0159\u00e1n\u00ed z\u00e1kazn\u00edka tak\u00e9 pl\u00e1nujeme a prov\u00e1d\u00edme p\u0159\u00edslu\u0161n\u00e9 zkou\u0161ky komponent p\u0159i p\u0159\u00edslu\u0161n\u00fdch provozn\u00edch teplot\u00e1ch, abychom ov\u011b\u0159ili \u00fa\u010dinnost n\u00e1vrh\u016f a potvrdili trvanlivost t\u011bsn\u011bn\u00ed.<\/p>\n","protected":false},"excerpt":{"rendered":"<p>KONSTRUKCE T\u011aSNIC\u00cdCH SPOJ\u016e V OBLASTI VYSOK\u00ddCH TEPLOT Kdy za\u010d\u00edn\u00e1 vysok\u00fd teplotn\u00ed rozsah? V\u00fdvoj nov\u00fdch technologick\u00fdch postup\u016f v r\u016fzn\u00fdch pr\u016fmyslov\u00fdch odv\u011btv\u00edch vy\u017eaduje st\u00e1le vy\u0161\u0161\u00ed provozn\u00ed teploty a provozn\u00ed tlaky. Aplikace a pou\u017eit\u00ed standardn\u00edch t\u011bsn\u011bn\u00ed a standardn\u00edch materi\u00e1l\u016f z t\u011bsnic\u00ed techniky dos\u00e1hly nejpozd\u011bji p\u0159i teplot\u011b 500 \u00b0C sv\u00fdch limit\u016f z hlediska funk\u010dnosti a trvanlivosti. Tot\u00e9\u017e plat\u00ed pro [&hellip;]<\/p>\n","protected":false},"author":1,"featured_media":18342,"parent":18793,"menu_order":2,"comment_status":"closed","ping_status":"closed","template":"page-templates\/somos.php","meta":{"advgb_blocks_editor_width":"","advgb_blocks_columns_visual_guide":"","iawp_total_views":17,"footnotes":""},"class_list":["post-18870","page","type-page","status-publish","has-post-thumbnail","hentry"],"yoast_head":"<!-- This site is optimized with the Yoast SEO plugin v26.9 - https:\/\/yoast.com\/product\/yoast-seo-wordpress\/ -->\n<title>Konstrukce t\u011bsnic\u00edch spoj\u016f v oblasti vysok\u00fdch teplot - KLINGER Kempchen<\/title>\n<meta name=\"description\" content=\"R\u00e1di v\u00e1m porad\u00edme s pou\u017eit\u00edm materi\u00e1l\u016f a v\u00fdpo\u010detn\u00edch metod p\u0159izp\u016fsoben\u00fdch vysok\u00fdm teplot\u00e1m.\" \/>\n<meta name=\"robots\" content=\"index, follow, max-snippet:-1, max-image-preview:large, max-video-preview:-1\" \/>\n<link rel=\"canonical\" href=\"https:\/\/www.klinger-kempchen.de\/engineering\/engineering-services\/auslegung-dichtverbindungen-hochtemperaturbereich\/\" \/>\n<meta property=\"og:locale\" content=\"cs_CZ\" \/>\n<meta property=\"og:type\" content=\"article\" \/>\n<meta property=\"og:title\" content=\"Konstrukce t\u011bsnic\u00edch spoj\u016f v oblasti vysok\u00fdch teplot - KLINGER Kempchen\" \/>\n<meta property=\"og:description\" content=\"R\u00e1di v\u00e1m porad\u00edme s pou\u017eit\u00edm materi\u00e1l\u016f a v\u00fdpo\u010detn\u00edch metod p\u0159izp\u016fsoben\u00fdch vysok\u00fdm teplot\u00e1m.\" \/>\n<meta property=\"og:url\" content=\"https:\/\/www.klinger-kempchen.de\/engineering\/engineering-services\/auslegung-dichtverbindungen-hochtemperaturbereich\/\" \/>\n<meta property=\"og:site_name\" content=\"KLINGER Kempchen\" \/>\n<meta property=\"article:modified_time\" content=\"2023-07-23T10:40:18+00:00\" \/>\n<meta property=\"og:image\" content=\"https:\/\/www.klinger-kempchen.de\/wp-content\/uploads\/2023\/04\/Dichtverbindungen2.jpg\" \/>\n\t<meta property=\"og:image:width\" content=\"1400\" \/>\n\t<meta property=\"og:image:height\" content=\"350\" \/>\n\t<meta property=\"og:image:type\" content=\"image\/jpeg\" \/>\n<meta name=\"twitter:label1\" content=\"Odhadovan\u00e1 doba \u010dten\u00ed\" \/>\n\t<meta name=\"twitter:data1\" content=\"1 minuta\" \/>\n<!-- \/ Yoast SEO plugin. -->","yoast_head_json":{"title":"Konstrukce t\u011bsnic\u00edch spoj\u016f v oblasti vysok\u00fdch teplot - KLINGER Kempchen","description":"R\u00e1di v\u00e1m porad\u00edme s pou\u017eit\u00edm materi\u00e1l\u016f a v\u00fdpo\u010detn\u00edch metod p\u0159izp\u016fsoben\u00fdch vysok\u00fdm teplot\u00e1m.","robots":{"index":"index","follow":"follow","max-snippet":"max-snippet:-1","max-image-preview":"max-image-preview:large","max-video-preview":"max-video-preview:-1"},"canonical":"https:\/\/www.klinger-kempchen.de\/engineering\/engineering-services\/auslegung-dichtverbindungen-hochtemperaturbereich\/","og_locale":"cs_CZ","og_type":"article","og_title":"Konstrukce t\u011bsnic\u00edch spoj\u016f v oblasti vysok\u00fdch teplot - KLINGER Kempchen","og_description":"R\u00e1di v\u00e1m porad\u00edme s pou\u017eit\u00edm materi\u00e1l\u016f a v\u00fdpo\u010detn\u00edch metod p\u0159izp\u016fsoben\u00fdch vysok\u00fdm teplot\u00e1m.","og_url":"https:\/\/www.klinger-kempchen.de\/engineering\/engineering-services\/auslegung-dichtverbindungen-hochtemperaturbereich\/","og_site_name":"KLINGER Kempchen","article_modified_time":"2023-07-23T10:40:18+00:00","og_image":[{"width":1400,"height":350,"url":"https:\/\/www.klinger-kempchen.de\/wp-content\/uploads\/2023\/04\/Dichtverbindungen2.jpg","type":"image\/jpeg"}],"twitter_misc":{"Odhadovan\u00e1 doba \u010dten\u00ed":"1 minuta"},"schema":{"@context":"https:\/\/schema.org","@graph":[{"@type":"WebPage","@id":"https:\/\/www.klinger-kempchen.de\/engineering\/engineering-services\/auslegung-dichtverbindungen-hochtemperaturbereich\/","url":"https:\/\/www.klinger-kempchen.de\/engineering\/engineering-services\/auslegung-dichtverbindungen-hochtemperaturbereich\/","name":"Konstrukce t\u011bsnic\u00edch spoj\u016f v oblasti vysok\u00fdch teplot - KLINGER Kempchen","isPartOf":{"@id":"https:\/\/www.klinger-kempchen.de\/#website"},"primaryImageOfPage":{"@id":"https:\/\/www.klinger-kempchen.de\/engineering\/engineering-services\/auslegung-dichtverbindungen-hochtemperaturbereich\/#primaryimage"},"image":{"@id":"https:\/\/www.klinger-kempchen.de\/engineering\/engineering-services\/auslegung-dichtverbindungen-hochtemperaturbereich\/#primaryimage"},"thumbnailUrl":"https:\/\/www.klinger-kempchen.de\/wp-content\/uploads\/2023\/04\/Dichtverbindungen2.jpg","datePublished":"2023-07-23T10:40:17+00:00","dateModified":"2023-07-23T10:40:18+00:00","description":"R\u00e1di v\u00e1m porad\u00edme s pou\u017eit\u00edm materi\u00e1l\u016f a v\u00fdpo\u010detn\u00edch metod p\u0159izp\u016fsoben\u00fdch vysok\u00fdm teplot\u00e1m.","breadcrumb":{"@id":"https:\/\/www.klinger-kempchen.de\/engineering\/engineering-services\/auslegung-dichtverbindungen-hochtemperaturbereich\/#breadcrumb"},"inLanguage":"cs","potentialAction":[{"@type":"ReadAction","target":["https:\/\/www.klinger-kempchen.de\/engineering\/engineering-services\/auslegung-dichtverbindungen-hochtemperaturbereich\/"]}]},{"@type":"ImageObject","inLanguage":"cs","@id":"https:\/\/www.klinger-kempchen.de\/engineering\/engineering-services\/auslegung-dichtverbindungen-hochtemperaturbereich\/#primaryimage","url":"https:\/\/www.klinger-kempchen.de\/wp-content\/uploads\/2023\/04\/Dichtverbindungen2.jpg","contentUrl":"https:\/\/www.klinger-kempchen.de\/wp-content\/uploads\/2023\/04\/Dichtverbindungen2.jpg","width":1400,"height":350},{"@type":"BreadcrumbList","@id":"https:\/\/www.klinger-kempchen.de\/engineering\/engineering-services\/auslegung-dichtverbindungen-hochtemperaturbereich\/#breadcrumb","itemListElement":[{"@type":"ListItem","position":1,"name":"Home","item":"https:\/\/www.klinger-kempchen.de\/"},{"@type":"ListItem","position":2,"name":"Engineering","item":"https:\/\/www.klinger-kempchen.de\/cs\/engineering-kontakty\/"},{"@type":"ListItem","position":3,"name":"Technick\u00e9 slu\u017eby","item":"https:\/\/www.klinger-kempchen.de\/cs\/engineering-kontakty\/technicke-sluzby\/"},{"@type":"ListItem","position":4,"name":"Konstrukce t\u011bsnic\u00edch spoj\u016f v oblasti vysok\u00fdch teplot"}]},{"@type":"WebSite","@id":"https:\/\/www.klinger-kempchen.de\/#website","url":"https:\/\/www.klinger-kempchen.de\/","name":"KLINGER Kempchen","description":"KLINGER Kempchen","publisher":{"@id":"https:\/\/www.klinger-kempchen.de\/#organization"},"potentialAction":[{"@type":"SearchAction","target":{"@type":"EntryPoint","urlTemplate":"https:\/\/www.klinger-kempchen.de\/?s={search_term_string}"},"query-input":{"@type":"PropertyValueSpecification","valueRequired":true,"valueName":"search_term_string"}}],"inLanguage":"cs"},{"@type":"Organization","@id":"https:\/\/www.klinger-kempchen.de\/#organization","name":"KLINGER-Kempchen","url":"https:\/\/www.klinger-kempchen.de\/","logo":{"@type":"ImageObject","inLanguage":"cs","@id":"https:\/\/www.klinger-kempchen.de\/#\/schema\/logo\/image\/","url":"https:\/\/www.klinger-kempchen.de\/wp-content\/uploads\/2020\/06\/cropped-Klinger-Kempchen-Logo.png","contentUrl":"https:\/\/www.klinger-kempchen.de\/wp-content\/uploads\/2020\/06\/cropped-Klinger-Kempchen-Logo.png","width":512,"height":512,"caption":"KLINGER-Kempchen"},"image":{"@id":"https:\/\/www.klinger-kempchen.de\/#\/schema\/logo\/image\/"}}]}},"coauthors":[],"author_meta":{"author_link":"https:\/\/www.klinger-kempchen.de\/cs\/author\/administrador\/","display_name":"administrador"},"relative_dates":{"created":"Posted 3 roky ago","modified":"Updated 3 roky ago"},"absolute_dates":{"created":"Posted on 23 \u010dervence 2023","modified":"Updated on 23 \u010dervence 2023"},"absolute_dates_time":{"created":"Posted on 23 \u010dervence 2023 12:40","modified":"Updated on 23 \u010dervence 2023 12:40"},"featured_img_caption":"","featured_img":"https:\/\/www.klinger-kempchen.de\/wp-content\/uploads\/2023\/04\/Dichtverbindungen2.jpg","series_order":"","_links":{"self":[{"href":"https:\/\/www.klinger-kempchen.de\/cs\/wp-json\/wp\/v2\/pages\/18870","targetHints":{"allow":["GET"]}}],"collection":[{"href":"https:\/\/www.klinger-kempchen.de\/cs\/wp-json\/wp\/v2\/pages"}],"about":[{"href":"https:\/\/www.klinger-kempchen.de\/cs\/wp-json\/wp\/v2\/types\/page"}],"author":[{"embeddable":true,"href":"https:\/\/www.klinger-kempchen.de\/cs\/wp-json\/wp\/v2\/users\/1"}],"replies":[{"embeddable":true,"href":"https:\/\/www.klinger-kempchen.de\/cs\/wp-json\/wp\/v2\/comments?post=18870"}],"version-history":[{"count":0,"href":"https:\/\/www.klinger-kempchen.de\/cs\/wp-json\/wp\/v2\/pages\/18870\/revisions"}],"up":[{"embeddable":true,"href":"https:\/\/www.klinger-kempchen.de\/cs\/wp-json\/wp\/v2\/pages\/18793"}],"wp:featuredmedia":[{"embeddable":true,"href":"https:\/\/www.klinger-kempchen.de\/cs\/wp-json\/wp\/v2\/media\/18342"}],"wp:attachment":[{"href":"https:\/\/www.klinger-kempchen.de\/cs\/wp-json\/wp\/v2\/media?parent=18870"}],"curies":[{"name":"wp","href":"https:\/\/api.w.org\/{rel}","templated":true}]}}