{"id":18937,"date":"2023-07-29T16:17:15","date_gmt":"2023-07-29T14:17:15","guid":{"rendered":"https:\/\/www.klinger-kempchen.de\/?page_id=18937"},"modified":"2024-03-11T15:52:25","modified_gmt":"2024-03-11T14:52:25","slug":"vyhodnoceni-skod-na-miste","status":"publish","type":"page","link":"https:\/\/www.klinger-kempchen.de\/cs\/engineering-kontakty\/damage-investigation\/vyhodnoceni-skod-na-miste\/","title":{"rendered":"Vyhodnocen\u00ed \u0161kod na m\u00edst\u011b"},"content":{"rendered":"\n<h1 class=\"wp-block-heading h3\">VYHODNOCEN\u00cd \u0160KOD NA M\u00cdST\u011a<\/h1>\n\n\n\n<h2 class=\"wp-block-heading\">Prevence nebezpe\u010d\u00ed a bezpe\u010dnost<\/h2>\n\n\n\n<p>Pokud dojde ke \u0161kod\u00e1m, je prvo\u0159ad\u00e9 pokra\u010dovat v odvracen\u00ed nebezpe\u010d\u00ed nebo zabezpe\u010dit okol\u00ed a zabr\u00e1nit dal\u0161\u00edmu ohro\u017een\u00ed osob a \u017eivotn\u00edho prost\u0159ed\u00ed. Druh\u00fdm krokem je napl\u00e1nov\u00e1n\u00ed anal\u00fdzy \u0161kod a stanoven\u00ed typu a rozsahu vy\u0161et\u0159ovac\u00edch krok\u016f. Velk\u00fd v\u00fdznam m\u00e1 zaji\u0161t\u011bn\u00ed d\u016fkaz\u016f na m\u00edst\u011b \u0161kody. Pokud jsou d\u016fkazy nebo informace nedostate\u010dn\u011b zaznamen\u00e1ny nebo ne\u00famysln\u011b zni\u010deny, sni\u017euje se pravd\u011bpodobnost anal\u00fdzy zalo\u017een\u00e9 na faktech a zvy\u0161uje se m\u00edra nep\u0159\u00edm\u00e9 anal\u00fdzy. Pouze anal\u00fdza zalo\u017een\u00e1 na faktech v\u0161ak nab\u00edz\u00ed mo\u017enost spolehliv\u011b vylou\u010dit chyby a slab\u00e1 m\u00edsta v procesech a konstrukc\u00edch v budoucnu.<\/p>\n\n\n\n<h3 class=\"wp-block-heading h4\"><strong>Wir biV t\u00e9to souvislosti nab\u00edz\u00edme n\u00e1sleduj\u00edc\u00ed slu\u017eby:eten Ihnen in diesem Zusammenhang folgende Leistungen:<\/strong><\/h3>\n\n\n\n<div class=\"wp-block-media-text alignwide is-stacked-on-mobile has-background\" style=\"background-color:#e8f3fa\"><figure class=\"wp-block-media-text__media\"><img loading=\"lazy\" decoding=\"async\" width=\"960\" height=\"600\" src=\"https:\/\/www.klinger-kempchen.de\/wp-content\/uploads\/2023\/06\/r10-1-01-klinger-engineering.jpg\" alt=\"\" class=\"wp-image-16785 size-full\" srcset=\"https:\/\/www.klinger-kempchen.de\/wp-content\/uploads\/2023\/06\/r10-1-01-klinger-engineering.jpg 960w, https:\/\/www.klinger-kempchen.de\/wp-content\/uploads\/2023\/06\/r10-1-01-klinger-engineering-768x480.jpg 768w\" sizes=\"auto, (max-width: 960px) 100vw, 960px\" \/><\/figure><div class=\"wp-block-media-text__content\">\n<ul class=\"wp-block-list\">\n<li>Anal\u00fdza p\u0159\u00edrubov\u00e9ho spoje na m\u00edst\u011b po vzniku net\u011bsnosti.<\/li>\n\n\n\n<li>Anal\u00fdza p\u0159\u00ed\u010diny: Jak byl p\u0159\u00edrubov\u00fd spoj sestaven? Existuj\u00ed zn\u00e1mky nedostate\u010dn\u00e9 p\u00e9\u010de p\u0159i mont\u00e1\u017ei? Byly pou\u017eity spr\u00e1vn\u00e9 sou\u010d\u00e1sti?<\/li>\n<\/ul>\n<\/div><\/div>\n\n\n\n<div class=\"wp-block-media-text alignwide has-media-on-the-right is-stacked-on-mobile has-background\" style=\"background-color:#e8f3fa\"><div class=\"wp-block-media-text__content\">\n<ul class=\"wp-block-list\">\n<li>Doprovod p\u0159i demont\u00e1\u017ei net\u011bsn\u00fdch p\u0159\u00edrubov\u00fdch spoj\u016f na m\u00edst\u011b ve va\u0161ich prostor\u00e1ch.<\/li>\n\n\n\n<li>P\u0159esn\u00e1 dokumentace n\u00e1lez\u016f p\u0159i otev\u0159en\u00ed p\u0159\u00edrubov\u00e9ho spoje.<\/li>\n<\/ul>\n<\/div><figure class=\"wp-block-media-text__media\"><img loading=\"lazy\" decoding=\"async\" width=\"960\" height=\"600\" src=\"https:\/\/www.klinger-kempchen.de\/wp-content\/uploads\/2023\/06\/r10-1-02-klinger-engineering.jpg\" alt=\"\" class=\"wp-image-16787 size-full\" srcset=\"https:\/\/www.klinger-kempchen.de\/wp-content\/uploads\/2023\/06\/r10-1-02-klinger-engineering.jpg 960w, https:\/\/www.klinger-kempchen.de\/wp-content\/uploads\/2023\/06\/r10-1-02-klinger-engineering-768x480.jpg 768w\" sizes=\"auto, (max-width: 960px) 100vw, 960px\" \/><\/figure><\/div>\n\n\n\n<div class=\"wp-block-media-text alignwide is-stacked-on-mobile has-background\" style=\"background-color:#e8f3fa\"><figure class=\"wp-block-media-text__media\"><img loading=\"lazy\" decoding=\"async\" width=\"960\" height=\"600\" src=\"https:\/\/www.klinger-kempchen.de\/wp-content\/uploads\/2023\/06\/r10-1-03-klinger-engineering.jpg\" alt=\"\" class=\"wp-image-16789 size-full\" srcset=\"https:\/\/www.klinger-kempchen.de\/wp-content\/uploads\/2023\/06\/r10-1-03-klinger-engineering.jpg 960w, https:\/\/www.klinger-kempchen.de\/wp-content\/uploads\/2023\/06\/r10-1-03-klinger-engineering-768x480.jpg 768w\" sizes=\"auto, (max-width: 960px) 100vw, 960px\" \/><\/figure><div class=\"wp-block-media-text__content\">\n<ul class=\"wp-block-list\">\n<li>Zaji\u0161t\u011bn\u00ed, ozna\u010den\u00ed a zabalen\u00ed pou\u017eit\u00fdch sou\u010d\u00e1st\u00ed a jejich p\u0159eprava ke zkoum\u00e1n\u00ed v na\u0161ich laborato\u0159\u00edch.<\/li>\n<\/ul>\n<\/div><\/div>\n\n\n\n<div class=\"wp-block-media-text alignwide has-media-on-the-right is-stacked-on-mobile has-background\" style=\"background-color:#e8f3fa\"><div class=\"wp-block-media-text__content\">\n<ul class=\"wp-block-list\">\n<li>Posouzen\u00ed a anal\u00fdza zaji\u0161t\u011bn\u00fdch sou\u010d\u00e1st\u00ed v na\u0161ich chemick\u00fdch a fyzik\u00e1ln\u00edch laborato\u0159\u00edch, aby bylo mo\u017en\u00e9 spolehliv\u011b identifikovat p\u0159\u00edpadn\u00e9 systematick\u00e9 vady.<\/li>\n<\/ul>\n<\/div><figure class=\"wp-block-media-text__media\"><img loading=\"lazy\" decoding=\"async\" width=\"960\" height=\"600\" src=\"https:\/\/www.klinger-kempchen.de\/wp-content\/uploads\/2023\/06\/r10-1-04-klinger-engineering.jpg\" alt=\"\" class=\"wp-image-16791 size-full\" srcset=\"https:\/\/www.klinger-kempchen.de\/wp-content\/uploads\/2023\/06\/r10-1-04-klinger-engineering.jpg 960w, https:\/\/www.klinger-kempchen.de\/wp-content\/uploads\/2023\/06\/r10-1-04-klinger-engineering-768x480.jpg 768w\" sizes=\"auto, (max-width: 960px) 100vw, 960px\" \/><\/figure><\/div>\n","protected":false},"excerpt":{"rendered":"<p>VYHODNOCEN\u00cd \u0160KOD NA M\u00cdST\u011a Prevence nebezpe\u010d\u00ed a bezpe\u010dnost Pokud dojde ke \u0161kod\u00e1m, je prvo\u0159ad\u00e9 pokra\u010dovat v odvracen\u00ed nebezpe\u010d\u00ed nebo zabezpe\u010dit okol\u00ed a zabr\u00e1nit dal\u0161\u00edmu ohro\u017een\u00ed osob a \u017eivotn\u00edho prost\u0159ed\u00ed. Druh\u00fdm krokem je napl\u00e1nov\u00e1n\u00ed anal\u00fdzy \u0161kod a stanoven\u00ed typu a rozsahu vy\u0161et\u0159ovac\u00edch krok\u016f. Velk\u00fd v\u00fdznam m\u00e1 zaji\u0161t\u011bn\u00ed d\u016fkaz\u016f na m\u00edst\u011b \u0161kody. Pokud jsou d\u016fkazy nebo informace [&hellip;]<\/p>\n","protected":false},"author":1,"featured_media":18423,"parent":18802,"menu_order":2,"comment_status":"closed","ping_status":"closed","template":"page-templates\/somos.php","meta":{"advgb_blocks_editor_width":"","advgb_blocks_columns_visual_guide":"","iawp_total_views":15,"footnotes":""},"class_list":["post-18937","page","type-page","status-publish","has-post-thumbnail","hentry"],"yoast_head":"<!-- This site is optimized with the Yoast SEO plugin v26.9 - https:\/\/yoast.com\/product\/yoast-seo-wordpress\/ -->\n<title>Vyhodnocen\u00ed \u0161kod na m\u00edst\u011b - KLINGER Kempchen<\/title>\n<meta name=\"description\" content=\"I p\u0159es pe\u010dlivou konstrukci a kvalitn\u00ed t\u011bsn\u011bn\u00ed nen\u00ed v\u017edy mo\u017en\u00e9 zabr\u00e1nit selh\u00e1n\u00ed p\u0159\u00edrubov\u00fdch spoj\u016f.\" \/>\n<meta name=\"robots\" content=\"index, follow, max-snippet:-1, max-image-preview:large, max-video-preview:-1\" \/>\n<link rel=\"canonical\" href=\"https:\/\/www.klinger-kempchen.de\/engineering\/damage-investigation\/schadensaufnahme-vor-ort\/\" \/>\n<meta property=\"og:locale\" content=\"cs_CZ\" \/>\n<meta property=\"og:type\" content=\"article\" \/>\n<meta property=\"og:title\" content=\"Vyhodnocen\u00ed \u0161kod na m\u00edst\u011b - KLINGER Kempchen\" \/>\n<meta property=\"og:description\" content=\"I p\u0159es pe\u010dlivou konstrukci a kvalitn\u00ed t\u011bsn\u011bn\u00ed nen\u00ed v\u017edy mo\u017en\u00e9 zabr\u00e1nit selh\u00e1n\u00ed p\u0159\u00edrubov\u00fdch spoj\u016f.\" \/>\n<meta property=\"og:url\" content=\"https:\/\/www.klinger-kempchen.de\/engineering\/damage-investigation\/schadensaufnahme-vor-ort\/\" \/>\n<meta property=\"og:site_name\" content=\"KLINGER Kempchen\" \/>\n<meta property=\"article:modified_time\" content=\"2024-03-11T14:52:25+00:00\" \/>\n<meta property=\"og:image\" content=\"https:\/\/www.klinger-kempchen.de\/wp-content\/uploads\/2023\/06\/schadensaufnahme.jpg\" \/>\n\t<meta property=\"og:image:width\" content=\"1400\" \/>\n\t<meta property=\"og:image:height\" content=\"350\" \/>\n\t<meta property=\"og:image:type\" content=\"image\/jpeg\" \/>\n<meta name=\"twitter:label1\" content=\"Odhadovan\u00e1 doba \u010dten\u00ed\" \/>\n\t<meta name=\"twitter:data1\" content=\"1 minuta\" \/>\n<!-- \/ Yoast SEO plugin. -->","yoast_head_json":{"title":"Vyhodnocen\u00ed \u0161kod na m\u00edst\u011b - KLINGER Kempchen","description":"I p\u0159es pe\u010dlivou konstrukci a kvalitn\u00ed t\u011bsn\u011bn\u00ed nen\u00ed v\u017edy mo\u017en\u00e9 zabr\u00e1nit selh\u00e1n\u00ed p\u0159\u00edrubov\u00fdch spoj\u016f.","robots":{"index":"index","follow":"follow","max-snippet":"max-snippet:-1","max-image-preview":"max-image-preview:large","max-video-preview":"max-video-preview:-1"},"canonical":"https:\/\/www.klinger-kempchen.de\/engineering\/damage-investigation\/schadensaufnahme-vor-ort\/","og_locale":"cs_CZ","og_type":"article","og_title":"Vyhodnocen\u00ed \u0161kod na m\u00edst\u011b - KLINGER Kempchen","og_description":"I p\u0159es pe\u010dlivou konstrukci a kvalitn\u00ed t\u011bsn\u011bn\u00ed nen\u00ed v\u017edy mo\u017en\u00e9 zabr\u00e1nit selh\u00e1n\u00ed p\u0159\u00edrubov\u00fdch spoj\u016f.","og_url":"https:\/\/www.klinger-kempchen.de\/engineering\/damage-investigation\/schadensaufnahme-vor-ort\/","og_site_name":"KLINGER Kempchen","article_modified_time":"2024-03-11T14:52:25+00:00","og_image":[{"width":1400,"height":350,"url":"https:\/\/www.klinger-kempchen.de\/wp-content\/uploads\/2023\/06\/schadensaufnahme.jpg","type":"image\/jpeg"}],"twitter_misc":{"Odhadovan\u00e1 doba \u010dten\u00ed":"1 minuta"},"schema":{"@context":"https:\/\/schema.org","@graph":[{"@type":"WebPage","@id":"https:\/\/www.klinger-kempchen.de\/engineering\/damage-investigation\/schadensaufnahme-vor-ort\/","url":"https:\/\/www.klinger-kempchen.de\/engineering\/damage-investigation\/schadensaufnahme-vor-ort\/","name":"Vyhodnocen\u00ed \u0161kod na m\u00edst\u011b - KLINGER Kempchen","isPartOf":{"@id":"https:\/\/www.klinger-kempchen.de\/#website"},"primaryImageOfPage":{"@id":"https:\/\/www.klinger-kempchen.de\/engineering\/damage-investigation\/schadensaufnahme-vor-ort\/#primaryimage"},"image":{"@id":"https:\/\/www.klinger-kempchen.de\/engineering\/damage-investigation\/schadensaufnahme-vor-ort\/#primaryimage"},"thumbnailUrl":"https:\/\/www.klinger-kempchen.de\/wp-content\/uploads\/2023\/06\/schadensaufnahme.jpg","datePublished":"2023-07-29T14:17:15+00:00","dateModified":"2024-03-11T14:52:25+00:00","description":"I p\u0159es pe\u010dlivou konstrukci a kvalitn\u00ed t\u011bsn\u011bn\u00ed nen\u00ed v\u017edy mo\u017en\u00e9 zabr\u00e1nit selh\u00e1n\u00ed p\u0159\u00edrubov\u00fdch spoj\u016f.","breadcrumb":{"@id":"https:\/\/www.klinger-kempchen.de\/engineering\/damage-investigation\/schadensaufnahme-vor-ort\/#breadcrumb"},"inLanguage":"cs","potentialAction":[{"@type":"ReadAction","target":["https:\/\/www.klinger-kempchen.de\/engineering\/damage-investigation\/schadensaufnahme-vor-ort\/"]}]},{"@type":"ImageObject","inLanguage":"cs","@id":"https:\/\/www.klinger-kempchen.de\/engineering\/damage-investigation\/schadensaufnahme-vor-ort\/#primaryimage","url":"https:\/\/www.klinger-kempchen.de\/wp-content\/uploads\/2023\/06\/schadensaufnahme.jpg","contentUrl":"https:\/\/www.klinger-kempchen.de\/wp-content\/uploads\/2023\/06\/schadensaufnahme.jpg","width":1400,"height":350},{"@type":"BreadcrumbList","@id":"https:\/\/www.klinger-kempchen.de\/engineering\/damage-investigation\/schadensaufnahme-vor-ort\/#breadcrumb","itemListElement":[{"@type":"ListItem","position":1,"name":"Home","item":"https:\/\/www.klinger-kempchen.de\/"},{"@type":"ListItem","position":2,"name":"Engineering","item":"https:\/\/www.klinger-kempchen.de\/cs\/engineering-kontakty\/"},{"@type":"ListItem","position":3,"name":"Vy\u0161et\u0159ov\u00e1n\u00ed \u0161kod a incident\u016f","item":"https:\/\/www.klinger-kempchen.de\/cs\/engineering-kontakty\/damage-investigation\/"},{"@type":"ListItem","position":4,"name":"Vyhodnocen\u00ed \u0161kod na m\u00edst\u011b"}]},{"@type":"WebSite","@id":"https:\/\/www.klinger-kempchen.de\/#website","url":"https:\/\/www.klinger-kempchen.de\/","name":"KLINGER Kempchen","description":"KLINGER Kempchen","publisher":{"@id":"https:\/\/www.klinger-kempchen.de\/#organization"},"potentialAction":[{"@type":"SearchAction","target":{"@type":"EntryPoint","urlTemplate":"https:\/\/www.klinger-kempchen.de\/?s={search_term_string}"},"query-input":{"@type":"PropertyValueSpecification","valueRequired":true,"valueName":"search_term_string"}}],"inLanguage":"cs"},{"@type":"Organization","@id":"https:\/\/www.klinger-kempchen.de\/#organization","name":"KLINGER-Kempchen","url":"https:\/\/www.klinger-kempchen.de\/","logo":{"@type":"ImageObject","inLanguage":"cs","@id":"https:\/\/www.klinger-kempchen.de\/#\/schema\/logo\/image\/","url":"https:\/\/www.klinger-kempchen.de\/wp-content\/uploads\/2020\/06\/cropped-Klinger-Kempchen-Logo.png","contentUrl":"https:\/\/www.klinger-kempchen.de\/wp-content\/uploads\/2020\/06\/cropped-Klinger-Kempchen-Logo.png","width":512,"height":512,"caption":"KLINGER-Kempchen"},"image":{"@id":"https:\/\/www.klinger-kempchen.de\/#\/schema\/logo\/image\/"}}]}},"coauthors":[],"author_meta":{"author_link":"https:\/\/www.klinger-kempchen.de\/cs\/author\/administrador\/","display_name":"administrador"},"relative_dates":{"created":"Posted 3 roky ago","modified":"Updated 2 roky ago"},"absolute_dates":{"created":"Posted on 29 \u010dervence 2023","modified":"Updated on 11 b\u0159ezna 2024"},"absolute_dates_time":{"created":"Posted on 29 \u010dervence 2023 16:17","modified":"Updated on 11 b\u0159ezna 2024 15:52"},"featured_img_caption":"","featured_img":"https:\/\/www.klinger-kempchen.de\/wp-content\/uploads\/2023\/06\/schadensaufnahme.jpg","series_order":"","_links":{"self":[{"href":"https:\/\/www.klinger-kempchen.de\/cs\/wp-json\/wp\/v2\/pages\/18937","targetHints":{"allow":["GET"]}}],"collection":[{"href":"https:\/\/www.klinger-kempchen.de\/cs\/wp-json\/wp\/v2\/pages"}],"about":[{"href":"https:\/\/www.klinger-kempchen.de\/cs\/wp-json\/wp\/v2\/types\/page"}],"author":[{"embeddable":true,"href":"https:\/\/www.klinger-kempchen.de\/cs\/wp-json\/wp\/v2\/users\/1"}],"replies":[{"embeddable":true,"href":"https:\/\/www.klinger-kempchen.de\/cs\/wp-json\/wp\/v2\/comments?post=18937"}],"version-history":[{"count":0,"href":"https:\/\/www.klinger-kempchen.de\/cs\/wp-json\/wp\/v2\/pages\/18937\/revisions"}],"up":[{"embeddable":true,"href":"https:\/\/www.klinger-kempchen.de\/cs\/wp-json\/wp\/v2\/pages\/18802"}],"wp:featuredmedia":[{"embeddable":true,"href":"https:\/\/www.klinger-kempchen.de\/cs\/wp-json\/wp\/v2\/media\/18423"}],"wp:attachment":[{"href":"https:\/\/www.klinger-kempchen.de\/cs\/wp-json\/wp\/v2\/media?parent=18937"}],"curies":[{"name":"wp","href":"https:\/\/api.w.org\/{rel}","templated":true}]}}