{"id":18956,"date":"2023-07-31T15:20:09","date_gmt":"2023-07-31T13:20:09","guid":{"rendered":"https:\/\/www.klinger-kempchen.de\/?page_id=18956"},"modified":"2024-03-11T16:12:33","modified_gmt":"2024-03-11T15:12:33","slug":"reseni-pro-elektronicke-obchodovani","status":"publish","type":"page","link":"https:\/\/www.klinger-kempchen.de\/cs\/sluzby\/reseni-pro-elektronicke-obchodovani\/","title":{"rendered":"\u0158e\u0161en\u00ed pro elektronick\u00e9 obchodov\u00e1n\u00ed"},"content":{"rendered":"\n<h1 class=\"wp-block-heading h2\">\u0158E\u0160EN\u00cd PRO ELEKTRONICK\u00c9 OBCHODOV\u00c1N\u00cd<\/h1>\n\n\n\n<p>Vyu\u017eijte dal\u0161\u00ed \u00faspory p\u0159i n\u00e1kupu u spole\u010dnosti KLINGER Kempchen.<br>Spole\u010dnost KLINGER Kempchen je obzvl\u00e1\u0161t\u011b hrd\u00e1 na dlouhodob\u00e9 vztahy se sv\u00fdmi dodavateli, partnery a z\u00e1kazn\u00edky.<\/p>\n\n\n\n<p>Abychom tato partnerstv\u00ed je\u0161t\u011b v\u00edce pos\u00edlili a poskytli na\u0161im z\u00e1kazn\u00edk\u016fm dal\u0161\u00ed \u00faspory, vyvinuli jsme \u0159e\u0161en\u00ed elektronick\u00e9ho obchodov\u00e1n\u00ed na m\u00edru.<br>To v\u00e1m d\u00e1v\u00e1 dal\u0161\u00ed jistotu, \u017ee n\u00e1s m\u016f\u017eete kdykoli kontaktovat online.<br>Va\u0161e obchody tak budou vy\u0159\u00edzeny nekomplikovan\u011b a s podstatn\u011b men\u0161\u00ed byrokraci\u00ed.<\/p>\n\n\n\n<p>Ovl\u00e1d\u00e1me technologie nejobl\u00edben\u011bj\u0161\u00edch platforem elektronick\u00e9ho obchodov\u00e1n\u00ed a jsme schopni implementovat v\u0161echny b\u011b\u017en\u00e9 form\u00e1ty a protokoly.<\/p>\n\n\n\n<p>Na\u0161e nab\u00eddka je rozd\u011blena do t\u0159\u00ed \u00farovn\u00ed:<\/p>\n\n\n\n<ul class=\"wp-block-list\">\n<li>elektronick\u00fd katalog<\/li>\n\n\n\n<li>\u00dapln\u00e1 integrace<\/li>\n\n\n\n<li>P\u0159izp\u016fsoben\u00fd <a href=\"http:\/\/klinger.shop\/gebetsroither\/de\/EUR\/\" target=\"_blank\" rel=\"noreferrer noopener\">online obchod<\/a><\/li>\n<\/ul>\n\n\n\n<div style=\"height:10px\" aria-hidden=\"true\" class=\"wp-block-spacer\"><\/div>\n\n\n\n<p><strong>Elektronick\u00fd katalog<\/strong> je vytvo\u0159en\u00ed kmenov\u00e9 polo\u017eky dohodnut\u00e9 se z\u00e1kazn\u00edkem v elektronick\u00e9 podob\u011b. Elektronick\u00fd katalog je integrov\u00e1n do e-shopu z\u00e1kazn\u00edka. Obchodn\u00ed procesy tak m\u016f\u017ee prov\u00e1d\u011bt p\u0159\u00edmo u\u017eivatel. Elektronick\u00fd katalog je k dispozici v \u0161esti jazykov\u00fdch variant\u00e1ch.<\/p>\n\n\n\n<p><strong>Pln\u00e1 integrace<\/strong> je propojen\u00ed dvou syst\u00e9m\u016f pro spr\u00e1vu zbo\u017e\u00ed prost\u0159ednictv\u00edm internetu a mapuje elektronick\u00e9 zpracov\u00e1n\u00ed objedn\u00e1vek. V\u00fdsledkem je kompletn\u00ed zpracov\u00e1n\u00ed objedn\u00e1vkov\u00fdch proces\u016f v elektronick\u00e9 podob\u011b, a tedy rychl\u00e9, bezpe\u010dn\u00e9 a bezchybn\u00e9.<\/p>\n\n\n\n<p>Na vy\u017e\u00e1d\u00e1n\u00ed v\u00e1m r\u00e1di poskytneme podrobnosti o aktu\u00e1ln\u00edch pln\u00fdch integrac\u00edch u na\u0161ich z\u00e1kazn\u00edk\u016f.<\/p>\n\n\n\n<p><strong>Internetov\u00fd obchod<\/strong> pro konkr\u00e9tn\u00ed z\u00e1kazn\u00edky je na\u0161e nab\u00eddka pro z\u00e1kazn\u00edky, kte\u0159\u00ed neprovozuj\u00ed vlastn\u00ed e-shop. Nab\u00edz\u00edme p\u0159\u00edstup do na\u0161eho internetov\u00e9ho obchodu na \u00farovni z\u00e1kazn\u00edka. Tento internetov\u00fd obchod pro konkr\u00e9tn\u00ed z\u00e1kazn\u00edky obsahuje v\u0161echny dohodnut\u00e9 polo\u017eky. Ka\u017ed\u00fd po\u017eadavek prost\u0159ednictv\u00edm tohoto internetov\u00e9ho obchodu generuje elektronickou objedn\u00e1vku.<\/p>\n\n\n\n<p>Ve v\u0161ech v\u00fd\u0161e uveden\u00fdch nab\u00eddk\u00e1ch jsou soub\u011b\u017en\u011b vedena \u010d\u00edsla na\u0161ich polo\u017eek a \u010d\u00edsla polo\u017eek z objedn\u00e1vkov\u00fdch syst\u00e9m\u016f z\u00e1kazn\u00edka. V\u00fdsledkem je nep\u0159etr\u017eit\u00fd p\u0159\u00edstup ke v\u0161em \u010dl\u00e1nk\u016fm pro p\u0159\u00edpadn\u00e9 statistiky a anal\u00fdzy.<\/p>\n\n\n\n<p>Stejn\u011b tak m\u016f\u017ee b\u00fdt ka\u017ed\u00fd v\u00fdrobek ulo\u017een s rozs\u00e1hl\u00fdmi technick\u00fdmi specifikacemi.<\/p>\n\n\n\n<p>Zeptejte se n\u00e1s, jak\u00e9 \u0159e\u0161en\u00ed nebo jak\u00e9<strong> <a href=\"https:\/\/www.klinger-kempchen.de\/cs\/produkty\/\">produkty<\/a><\/strong><a href=\"https:\/\/www.klinger-kempchen.de\/cs\/produkty\/\"> <\/a>pro v\u00e1s m\u00e1me p\u0159ipraven\u00e9, abyste si mohli sv\u016fj v\u00fdrobek po\u0159\u00eddit co nejjednodu\u0161eji.<\/p>\n\n\n\n<p>Ur\u010dit\u011b pro v\u00e1s vypracujeme vhodn\u00fd koncept.<\/p>\n\n\n\n<div class=\"wp-block-button alignleft\"><a class=\"wp-block-button__link has-very-light-gray-color has-text-color has-background no-border-radius wp-element-button\" href=\"https:\/\/www.klinger-kempchen.de\/kontakt\/\" style=\"background-color:#0168b5\" target=\"_blank\" rel=\"noreferrer noopener\"><img loading=\"lazy\" decoding=\"async\" width=\"50\" height=\"30\" class=\"wp-image-8597\" style=\"width: 50px;\" src=\"https:\/\/www.klinger-kempchen.de\/wp-content\/uploads\/2020\/08\/Mail.png\" alt=\"Mail\" srcset=\"https:\/\/www.klinger-kempchen.de\/wp-content\/uploads\/2020\/08\/Mail.png 100w, https:\/\/www.klinger-kempchen.de\/wp-content\/uploads\/2020\/08\/Mail-20x12.png 20w\" sizes=\"auto, (max-width: 50px) 100vw, 50px\" \/><\/a><\/div>\n\n\n\n<p><img decoding=\"async\" src=\"https:\/\/www.klinger-kempchen.de\/wp-content\/uploads\/2020\/07\/Download-icon-2.png\" alt=\"Download\"><a href=\"https:\/\/www.klinger-kempchen.de\/wp-content\/uploads\/2020\/07\/BME_Zertifikat.pdf\" target=\"_blank\" rel=\"noreferrer noopener\">BMEcat_Zertifikat<\/a><\/p>\n","protected":false},"excerpt":{"rendered":"<p>\u0158E\u0160EN\u00cd PRO ELEKTRONICK\u00c9 OBCHODOV\u00c1N\u00cd Vyu\u017eijte dal\u0161\u00ed \u00faspory p\u0159i n\u00e1kupu u spole\u010dnosti KLINGER Kempchen.Spole\u010dnost KLINGER Kempchen je obzvl\u00e1\u0161t\u011b hrd\u00e1 na dlouhodob\u00e9 vztahy se sv\u00fdmi dodavateli, partnery a z\u00e1kazn\u00edky. Abychom tato partnerstv\u00ed je\u0161t\u011b v\u00edce pos\u00edlili a poskytli na\u0161im z\u00e1kazn\u00edk\u016fm dal\u0161\u00ed \u00faspory, vyvinuli jsme \u0159e\u0161en\u00ed elektronick\u00e9ho obchodov\u00e1n\u00ed na m\u00edru.To v\u00e1m d\u00e1v\u00e1 dal\u0161\u00ed jistotu, \u017ee n\u00e1s m\u016f\u017eete kdykoli kontaktovat [&hellip;]<\/p>\n","protected":false},"author":1,"featured_media":17721,"parent":18651,"menu_order":1,"comment_status":"closed","ping_status":"closed","template":"page-templates\/somos.php","meta":{"advgb_blocks_editor_width":"","advgb_blocks_columns_visual_guide":"","iawp_total_views":2,"footnotes":""},"class_list":["post-18956","page","type-page","status-publish","has-post-thumbnail","hentry"],"yoast_head":"<!-- This site is optimized with the Yoast SEO plugin v27.3 - https:\/\/yoast.com\/product\/yoast-seo-wordpress\/ -->\n<title>\u0158e\u0161en\u00ed pro elektronick\u00e9 obchodov\u00e1n\u00ed - KLINGER Kempchen<\/title>\n<meta name=\"description\" content=\"Vyu\u017eijte dal\u0161\u00ed \u00faspory p\u0159i n\u00e1kupu \u2713 E-commerce \u0159e\u0161en\u00ed na m\u00edru \u2713 Zavolejte n\u00e1m!\" \/>\n<meta name=\"robots\" content=\"index, follow, max-snippet:-1, max-image-preview:large, max-video-preview:-1\" \/>\n<link rel=\"canonical\" href=\"https:\/\/www.klinger-kempchen.de\/service\/e-commerce-loesungen\/\" \/>\n<meta property=\"og:locale\" content=\"cs_CZ\" \/>\n<meta property=\"og:type\" content=\"article\" \/>\n<meta property=\"og:title\" content=\"\u0158e\u0161en\u00ed pro elektronick\u00e9 obchodov\u00e1n\u00ed - KLINGER Kempchen\" \/>\n<meta property=\"og:description\" content=\"Vyu\u017eijte dal\u0161\u00ed \u00faspory p\u0159i n\u00e1kupu \u2713 E-commerce \u0159e\u0161en\u00ed na m\u00edru \u2713 Zavolejte n\u00e1m!\" \/>\n<meta property=\"og:url\" content=\"https:\/\/www.klinger-kempchen.de\/service\/e-commerce-loesungen\/\" \/>\n<meta property=\"og:site_name\" content=\"KLINGER Kempchen\" \/>\n<meta property=\"article:modified_time\" content=\"2024-03-11T15:12:33+00:00\" \/>\n<meta property=\"og:image\" content=\"https:\/\/www.klinger-kempchen.de\/wp-content\/uploads\/2020\/07\/E-Commerce_header.jpg\" \/>\n\t<meta property=\"og:image:width\" content=\"1400\" \/>\n\t<meta property=\"og:image:height\" content=\"334\" \/>\n\t<meta property=\"og:image:type\" content=\"image\/jpeg\" \/>\n<meta name=\"twitter:label1\" content=\"Odhadovan\u00e1 doba \u010dten\u00ed\" \/>\n\t<meta name=\"twitter:data1\" content=\"2 minuty\" \/>\n<!-- \/ Yoast SEO plugin. -->","yoast_head_json":{"title":"\u0158e\u0161en\u00ed pro elektronick\u00e9 obchodov\u00e1n\u00ed - KLINGER Kempchen","description":"Vyu\u017eijte dal\u0161\u00ed \u00faspory p\u0159i n\u00e1kupu \u2713 E-commerce \u0159e\u0161en\u00ed na m\u00edru \u2713 Zavolejte n\u00e1m!","robots":{"index":"index","follow":"follow","max-snippet":"max-snippet:-1","max-image-preview":"max-image-preview:large","max-video-preview":"max-video-preview:-1"},"canonical":"https:\/\/www.klinger-kempchen.de\/service\/e-commerce-loesungen\/","og_locale":"cs_CZ","og_type":"article","og_title":"\u0158e\u0161en\u00ed pro elektronick\u00e9 obchodov\u00e1n\u00ed - KLINGER Kempchen","og_description":"Vyu\u017eijte dal\u0161\u00ed \u00faspory p\u0159i n\u00e1kupu \u2713 E-commerce \u0159e\u0161en\u00ed na m\u00edru \u2713 Zavolejte n\u00e1m!","og_url":"https:\/\/www.klinger-kempchen.de\/service\/e-commerce-loesungen\/","og_site_name":"KLINGER Kempchen","article_modified_time":"2024-03-11T15:12:33+00:00","og_image":[{"width":1400,"height":334,"url":"https:\/\/www.klinger-kempchen.de\/wp-content\/uploads\/2020\/07\/E-Commerce_header.jpg","type":"image\/jpeg"}],"twitter_misc":{"Odhadovan\u00e1 doba \u010dten\u00ed":"2 minuty"},"schema":{"@context":"https:\/\/schema.org","@graph":[{"@type":"WebPage","@id":"https:\/\/www.klinger-kempchen.de\/service\/e-commerce-loesungen\/","url":"https:\/\/www.klinger-kempchen.de\/service\/e-commerce-loesungen\/","name":"\u0158e\u0161en\u00ed pro elektronick\u00e9 obchodov\u00e1n\u00ed - KLINGER Kempchen","isPartOf":{"@id":"https:\/\/www.klinger-kempchen.de\/#website"},"primaryImageOfPage":{"@id":"https:\/\/www.klinger-kempchen.de\/service\/e-commerce-loesungen\/#primaryimage"},"image":{"@id":"https:\/\/www.klinger-kempchen.de\/service\/e-commerce-loesungen\/#primaryimage"},"thumbnailUrl":"https:\/\/www.klinger-kempchen.de\/wp-content\/uploads\/2020\/07\/E-Commerce_header.jpg","datePublished":"2023-07-31T13:20:09+00:00","dateModified":"2024-03-11T15:12:33+00:00","description":"Vyu\u017eijte dal\u0161\u00ed \u00faspory p\u0159i n\u00e1kupu \u2713 E-commerce \u0159e\u0161en\u00ed na m\u00edru \u2713 Zavolejte n\u00e1m!","breadcrumb":{"@id":"https:\/\/www.klinger-kempchen.de\/service\/e-commerce-loesungen\/#breadcrumb"},"inLanguage":"cs","potentialAction":[{"@type":"ReadAction","target":["https:\/\/www.klinger-kempchen.de\/service\/e-commerce-loesungen\/"]}]},{"@type":"ImageObject","inLanguage":"cs","@id":"https:\/\/www.klinger-kempchen.de\/service\/e-commerce-loesungen\/#primaryimage","url":"https:\/\/www.klinger-kempchen.de\/wp-content\/uploads\/2020\/07\/E-Commerce_header.jpg","contentUrl":"https:\/\/www.klinger-kempchen.de\/wp-content\/uploads\/2020\/07\/E-Commerce_header.jpg","width":1400,"height":334},{"@type":"BreadcrumbList","@id":"https:\/\/www.klinger-kempchen.de\/service\/e-commerce-loesungen\/#breadcrumb","itemListElement":[{"@type":"ListItem","position":1,"name":"Home","item":"https:\/\/www.klinger-kempchen.de\/"},{"@type":"ListItem","position":2,"name":"Slu\u017eby","item":"https:\/\/www.klinger-kempchen.de\/cs\/sluzby\/"},{"@type":"ListItem","position":3,"name":"\u0158e\u0161en\u00ed pro elektronick\u00e9 obchodov\u00e1n\u00ed"}]},{"@type":"WebSite","@id":"https:\/\/www.klinger-kempchen.de\/#website","url":"https:\/\/www.klinger-kempchen.de\/","name":"KLINGER Kempchen","description":"KLINGER Kempchen","publisher":{"@id":"https:\/\/www.klinger-kempchen.de\/#organization"},"potentialAction":[{"@type":"SearchAction","target":{"@type":"EntryPoint","urlTemplate":"https:\/\/www.klinger-kempchen.de\/?s={search_term_string}"},"query-input":{"@type":"PropertyValueSpecification","valueRequired":true,"valueName":"search_term_string"}}],"inLanguage":"cs"},{"@type":"Organization","@id":"https:\/\/www.klinger-kempchen.de\/#organization","name":"KLINGER-Kempchen","url":"https:\/\/www.klinger-kempchen.de\/","logo":{"@type":"ImageObject","inLanguage":"cs","@id":"https:\/\/www.klinger-kempchen.de\/#\/schema\/logo\/image\/","url":"https:\/\/www.klinger-kempchen.de\/wp-content\/uploads\/2020\/06\/cropped-Klinger-Kempchen-Logo.png","contentUrl":"https:\/\/www.klinger-kempchen.de\/wp-content\/uploads\/2020\/06\/cropped-Klinger-Kempchen-Logo.png","width":512,"height":512,"caption":"KLINGER-Kempchen"},"image":{"@id":"https:\/\/www.klinger-kempchen.de\/#\/schema\/logo\/image\/"}}]}},"coauthors":[],"author_meta":{"author_link":"https:\/\/www.klinger-kempchen.de\/cs\/author\/administrador\/","display_name":"administrador"},"relative_dates":{"created":"Posted 3 roky ago","modified":"Updated 2 roky ago"},"absolute_dates":{"created":"Posted on 31 \u010dervence 2023","modified":"Updated on 11 b\u0159ezna 2024"},"absolute_dates_time":{"created":"Posted on 31 \u010dervence 2023 15:20","modified":"Updated on 11 b\u0159ezna 2024 16:12"},"featured_img_caption":"","featured_img":"https:\/\/www.klinger-kempchen.de\/wp-content\/uploads\/2020\/07\/E-Commerce_header.jpg","series_order":"","_links":{"self":[{"href":"https:\/\/www.klinger-kempchen.de\/cs\/wp-json\/wp\/v2\/pages\/18956","targetHints":{"allow":["GET"]}}],"collection":[{"href":"https:\/\/www.klinger-kempchen.de\/cs\/wp-json\/wp\/v2\/pages"}],"about":[{"href":"https:\/\/www.klinger-kempchen.de\/cs\/wp-json\/wp\/v2\/types\/page"}],"author":[{"embeddable":true,"href":"https:\/\/www.klinger-kempchen.de\/cs\/wp-json\/wp\/v2\/users\/1"}],"replies":[{"embeddable":true,"href":"https:\/\/www.klinger-kempchen.de\/cs\/wp-json\/wp\/v2\/comments?post=18956"}],"version-history":[{"count":0,"href":"https:\/\/www.klinger-kempchen.de\/cs\/wp-json\/wp\/v2\/pages\/18956\/revisions"}],"up":[{"embeddable":true,"href":"https:\/\/www.klinger-kempchen.de\/cs\/wp-json\/wp\/v2\/pages\/18651"}],"wp:featuredmedia":[{"embeddable":true,"href":"https:\/\/www.klinger-kempchen.de\/cs\/wp-json\/wp\/v2\/media\/17721"}],"wp:attachment":[{"href":"https:\/\/www.klinger-kempchen.de\/cs\/wp-json\/wp\/v2\/media?parent=18956"}],"curies":[{"name":"wp","href":"https:\/\/api.w.org\/{rel}","templated":true}]}}