{"id":18959,"date":"2023-07-31T15:27:21","date_gmt":"2023-07-31T13:27:21","guid":{"rendered":"https:\/\/www.klinger-kempchen.de\/?page_id=18959"},"modified":"2023-07-31T15:27:22","modified_gmt":"2023-07-31T13:27:22","slug":"navrh-a-vypocet-tesneni-svarovacich-krouzku","status":"publish","type":"page","link":"https:\/\/www.klinger-kempchen.de\/cs\/engineering-kontakty\/technicke-sluzby\/navrh-a-vypocet-tesneni-svarovacich-krouzku\/","title":{"rendered":"N\u00e1vrh a v\u00fdpo\u010det t\u011bsn\u011bn\u00ed sva\u0159ovac\u00edch krou\u017ek\u016f"},"content":{"rendered":"\n<h1 class=\"wp-block-heading advgb-dyn-e693a3f8\">N\u00c1VRH A V\u00ddPO\u010cET T\u011aSN\u011aN\u00cd SVA\u0158OVAC\u00cdCH KROU\u017dK\u016e<\/h1>\n\n\n\n<h2 class=\"wp-block-heading advgb-dyn-5f4b2854\">Po\u017eadovan\u00e1 t\u011bsnost a spolehlivost<\/h2>\n\n\n\n<div class=\"wp-block-columns is-layout-flex wp-container-core-columns-is-layout-9d6595d7 wp-block-columns-is-layout-flex\">\n<div class=\"wp-block-column is-layout-flow wp-block-column-is-layout-flow\" style=\"flex-basis:100%\">\n<p>T\u011bsn\u011bn\u00ed se sva\u0159ovac\u00edmi krou\u017eky se pou\u017e\u00edvaj\u00ed v\u017edy, kdy\u017e pou\u017eit\u00ed jin\u00fdch statick\u00fdch t\u011bsn\u011bn\u00ed nen\u00ed mo\u017en\u00e9 z d\u016fvodu zna\u010dn\u011b rozd\u00edln\u00fdch teplot, kdy\u017e riziko net\u011bsnosti vede k p\u0159eru\u0161en\u00ed provozu nebo kdy\u017e nebezpe\u010dn\u00e1 povaha m\u00e9dia vy\u017eaduje vy\u0161\u0161\u00ed stupe\u0148 t\u011bsnosti a spolehlivosti.<\/p>\n\n\n\n<p>T\u011bsn\u011bn\u00ed se sva\u0159ovac\u00edmi krou\u017eky jsou obvykle vyrobena ze stejn\u00e9ho nebo p\u0159\u00edbuzn\u00e9ho materi\u00e1lu jako trubky nebo p\u0159\u00edruby a pou\u017e\u00edvaj\u00ed se pouze v p\u00e1rech. Austenitick\u00e1 t\u011bsn\u011bn\u00ed sva\u0159ovac\u00edch krou\u017ek\u016f se tak\u00e9 \u010dasto pou\u017e\u00edvaj\u00ed pro p\u0159\u00edrubov\u00e9 spoje z CrMo ocel\u00ed s niklov\u00fdm povlakem na t\u011bsnic\u00edch ploch\u00e1ch.<\/p>\n\n\n\n<p>T\u011bsn\u011bn\u00ed sva\u0159ovac\u00edch krou\u017ek\u016f jsou k dispozici v mnoha typech a materi\u00e1lech i v kombinac\u00edch s pomocn\u00fdmi t\u011bsn\u011bn\u00edmi.<br>Kter\u00fd typ t\u011bsn\u011bn\u00ed sva\u0159ovac\u00edho krou\u017eku se v t\u011bsnic\u00ed sp\u00e1\u0159e pou\u017eije, z\u00e1vis\u00ed na r\u016fzn\u00fdch parametrech a po\u017eadavc\u00edch. T\u011bsn\u011bn\u00ed sva\u0159ovac\u00edch krou\u017ek\u016f podle profilu A21 nebo A22 se obvykle pou\u017e\u00edvaj\u00ed v p\u0159\u00edrubov\u00fdch spoj\u00edch, kde je zaji\u0161t\u011bno rovnom\u011brn\u00e9 chov\u00e1n\u00ed p\u0159i tepeln\u00e9 rozta\u017enosti a rozlo\u017een\u00ed teploty. U p\u0159\u00edrubov\u00fdch spoj\u016f s nerovnom\u011brn\u00fdm chov\u00e1n\u00edm p\u0159i tepeln\u00e9 rozta\u017enosti a rozlo\u017een\u00edm teplot se obecn\u011b doporu\u010duje pou\u017eit\u00ed t\u011bsn\u011bn\u00ed sva\u0159ovac\u00edho krou\u017eku s dut\u00fdm okrajem podle profil\u016f A24, A25 a A23. Dut\u00fd okraj optimalizuje nap\u011b\u0165ov\u00e9 podm\u00ednky v t\u011bsnic\u00edm \u0161vu mezi ob\u011bma polovinami svarov\u00e9ho krou\u017eku.<br>Pokud je d\u016fle\u017eit\u00e1 uzav\u0159en\u00e1 konstrukce a nedestruktivn\u00ed testov\u00e1n\u00ed nebo pokud je t\u0159eba v\u00fdrazn\u011b sn\u00ed\u017eit n\u00e1roky na mont\u00e1\u017e, r\u00e1di navrhneme na\u0161e t\u011bsn\u011bn\u00ed sva\u0159ovac\u00edch krou\u017ek\u016f typu A42 tak\u00e9 podle va\u0161ich po\u017eadavk\u016f.<\/p>\n\n\n\n<p>Bez ohledu na zvolen\u00fd profil sva\u0159ovac\u00edho krou\u017eku se d\u016frazn\u011b doporu\u010duje zkontrolovat proveden\u00ed p\u0159\u00edruby a t\u011bsn\u011bn\u00ed. V\u00fdpo\u010det po\u017eadovan\u00fdch \u0161\u00ed\u0159ek t\u011bsnic\u00edch krou\u017ek\u016f, kontrola \u00fanavov\u00e9 pevnosti, po\u017eadovan\u00fdch sil na \u0161rouby i povrchov\u00fdch tlak\u016f na t\u011bsn\u011bn\u00ed p\u0159i v\u0161ech vyskytuj\u00edc\u00edch se provozn\u00edch podm\u00ednk\u00e1ch uk\u00e1\u017ee p\u0159\u00edpadn\u00e1 slab\u00e1 m\u00edsta t\u011bsnic\u00edho spoje. Zejm\u00e9na v p\u0159\u00edpad\u011b spoj\u016f se sva\u0159ovac\u00edmi krou\u017eky s r\u016fzn\u00fdmi materi\u00e1lov\u00fdmi dvojicemi m\u016f\u017ee b\u00fdt povinn\u00fd v\u00fdpo\u010det svarov\u00fdch \u0161v\u016f.<\/p>\n<\/div>\n<\/div>\n\n\n\n<div class=\"wp-block-columns is-layout-flex wp-container-core-columns-is-layout-9d6595d7 wp-block-columns-is-layout-flex\">\n<div class=\"wp-block-column is-vertically-aligned-center is-layout-flow wp-block-column-is-layout-flow advgb-dyn-95452af5\" style=\"flex-basis:50%\">\n<h2 class=\"wp-block-heading\">V t\u00e9to souvislosti v\u00e1m nab\u00edz\u00edme:<\/h2>\n\n\n\n<ul class=\"wp-block-list\">\n<li>V\u00fdpo\u010det st\u00e1vaj\u00edc\u00edch t\u011bsn\u011bn\u00ed sva\u0159ovac\u00edch krou\u017ek\u016f podle normy KEMPCHEN s pr\u016fkazem a bez pr\u016fkazu p\u0159\u00edrubov\u00e9ho spoje podle DIN EN 1591-1.<\/li>\n<\/ul>\n<\/div>\n\n\n\n<div class=\"wp-block-column is-layout-flow wp-block-column-is-layout-flow\" style=\"flex-basis:50%\">\n<figure class=\"wp-block-image size-full\"><img loading=\"lazy\" decoding=\"async\" width=\"960\" height=\"600\" src=\"https:\/\/www.klinger-kempchen.de\/wp-content\/uploads\/2023\/05\/r2-schweissring-01-klinger-engineering.jpg\" alt=\"schweissring\" class=\"wp-image-16258\" srcset=\"https:\/\/www.klinger-kempchen.de\/wp-content\/uploads\/2023\/05\/r2-schweissring-01-klinger-engineering.jpg 960w, https:\/\/www.klinger-kempchen.de\/wp-content\/uploads\/2023\/05\/r2-schweissring-01-klinger-engineering-768x480.jpg 768w\" sizes=\"auto, (max-width: 960px) 100vw, 960px\" \/><\/figure>\n<\/div>\n<\/div>\n\n\n\n<div class=\"wp-block-columns is-layout-flex wp-container-core-columns-is-layout-9d6595d7 wp-block-columns-is-layout-flex\">\n<div class=\"wp-block-column is-vertically-aligned-center is-layout-flow wp-block-column-is-layout-flow advgb-dyn-7874989e\" style=\"flex-basis:50%\">\n<figure class=\"wp-block-image size-full\"><img loading=\"lazy\" decoding=\"async\" width=\"960\" height=\"600\" src=\"https:\/\/www.klinger-kempchen.de\/wp-content\/uploads\/2023\/05\/r2-schweissring-02-klinger-engineering.jpg\" alt=\"schweissring2\" class=\"wp-image-16261\" srcset=\"https:\/\/www.klinger-kempchen.de\/wp-content\/uploads\/2023\/05\/r2-schweissring-02-klinger-engineering.jpg 960w, https:\/\/www.klinger-kempchen.de\/wp-content\/uploads\/2023\/05\/r2-schweissring-02-klinger-engineering-768x480.jpg 768w\" sizes=\"auto, (max-width: 960px) 100vw, 960px\" \/><\/figure>\n<\/div>\n\n\n\n<div class=\"wp-block-column is-vertically-aligned-center is-layout-flow wp-block-column-is-layout-flow\" style=\"flex-basis:50%\">\n<ul class=\"wp-block-list\">\n<li>N\u00e1vrh t\u011bsn\u011bn\u00ed sva\u0159ovac\u00edch krou\u017ek\u016f podle normy KEMPCHEN a stanoven\u00ed po\u017eadovan\u00e9 geometrie t\u011bsn\u011bn\u00ed s ohledem na stanoven\u00e9 konstruk\u010dn\u00ed, zku\u0161ebn\u00ed a provozn\u00ed podm\u00ednky, s n\u00e1vrhem nebo bez n\u00e1vrhu souvisej\u00edc\u00edho p\u0159\u00edrubov\u00e9ho spoje podle DIN EN 1591-1.<\/li>\n<\/ul>\n<\/div>\n<\/div>\n\n\n\n<div class=\"wp-block-columns is-layout-flex wp-container-core-columns-is-layout-9d6595d7 wp-block-columns-is-layout-flex\">\n<div class=\"wp-block-column is-vertically-aligned-center is-layout-flow wp-block-column-is-layout-flow advgb-dyn-7874989e\" style=\"flex-basis:50%\">\n<ul class=\"wp-block-list\">\n<li>Stanoven\u00ed po\u017eadovan\u00fdch materi\u00e1l\u016f pro zvolen\u00fd profil sva\u0159ovac\u00edho krou\u017eku.<\/li>\n<\/ul>\n<\/div>\n\n\n\n<div class=\"wp-block-column is-layout-flow wp-block-column-is-layout-flow\" style=\"flex-basis:50%\">\n<figure class=\"wp-block-image size-full\"><img loading=\"lazy\" decoding=\"async\" width=\"961\" height=\"600\" src=\"https:\/\/www.klinger-kempchen.de\/wp-content\/uploads\/2023\/05\/r2_schweiring_03_klein.gif\" alt=\"Schweissring 3\" class=\"wp-image-16264\"\/><\/figure>\n<\/div>\n<\/div>\n\n\n\n<div class=\"wp-block-columns is-layout-flex wp-container-core-columns-is-layout-9d6595d7 wp-block-columns-is-layout-flex\">\n<div class=\"wp-block-column is-vertically-aligned-center is-layout-flow wp-block-column-is-layout-flow advgb-dyn-7874989e\" style=\"flex-basis:50%\">\n<figure class=\"wp-block-image size-full\"><img loading=\"lazy\" decoding=\"async\" width=\"961\" height=\"600\" src=\"https:\/\/www.klinger-kempchen.de\/wp-content\/uploads\/2023\/05\/r2_schweiring_04_klein.gif\" alt=\"schweissring4\" class=\"wp-image-16266\"\/><\/figure>\n<\/div>\n\n\n\n<div class=\"wp-block-column is-vertically-aligned-center is-layout-flow wp-block-column-is-layout-flow\" style=\"flex-basis:50%\">\n<ul class=\"wp-block-list\">\n<li>Stanoven\u00ed minim\u00e1ln\u00ed po\u017eadovan\u00e9 geometrie svaru pro upev\u0148ovac\u00ed svary.<\/li>\n\n\n\n<li>N\u00e1vrh a dod\u00e1vka up\u00ednac\u00edch za\u0159\u00edzen\u00ed pro mont\u00e1\u017e t\u011bsnic\u00edch krou\u017ek\u016f svar\u016f.<\/li>\n<\/ul>\n<\/div>\n<\/div>\n\n\n\n<div class=\"wp-block-columns is-layout-flex wp-container-core-columns-is-layout-9d6595d7 wp-block-columns-is-layout-flex\">\n<div class=\"wp-block-column is-vertically-aligned-center is-layout-flow wp-block-column-is-layout-flow advgb-dyn-7874989e\" style=\"flex-basis:50%\">\n<ul class=\"wp-block-list\">\n<li>Podpora\/poradenstv\u00ed na m\u00edst\u011b p\u0159ed mont\u00e1\u017e\u00ed a b\u011bhem n\u00ed.<\/li>\n\n\n\n<li>\u0158\u00edzen\u00ed kvality v r\u00e1mci cel\u00e9 v\u00fdroby t\u011bsnic\u00edho spoje.<\/li>\n<\/ul>\n<\/div>\n\n\n\n<div class=\"wp-block-column is-layout-flow wp-block-column-is-layout-flow\" style=\"flex-basis:50%\">\n<figure class=\"wp-block-image size-full\"><img loading=\"lazy\" decoding=\"async\" width=\"960\" height=\"600\" src=\"https:\/\/www.klinger-kempchen.de\/wp-content\/uploads\/2023\/05\/r2-schweissring-05-klinger-engineering.jpg\" alt=\"schweissring 5\" class=\"wp-image-16272\" srcset=\"https:\/\/www.klinger-kempchen.de\/wp-content\/uploads\/2023\/05\/r2-schweissring-05-klinger-engineering.jpg 960w, https:\/\/www.klinger-kempchen.de\/wp-content\/uploads\/2023\/05\/r2-schweissring-05-klinger-engineering-768x480.jpg 768w\" sizes=\"auto, (max-width: 960px) 100vw, 960px\" \/><\/figure>\n<\/div>\n<\/div>\n\n\n\n<h2 class=\"wp-block-heading\">Vhodnost materi\u00e1l\u016f a jejich kombinac\u00ed pro sva\u0159ov\u00e1n\u00ed<\/h2>\n\n\n\n<p>Sva\u0159ovac\u00ed vhodnost materi\u00e1l\u016f a materi\u00e1lov\u00fdch dvojic, specifikace p\u0159\u00eddavn\u00fdch kov\u016f, sva\u0159ovac\u00edch postup\u016f a parametr\u016f, jako\u017e i proveden\u00ed p\u0159\u00edpadn\u00fdch tepeln\u00fdch \u00faprav (p\u0159ed\/po WHT) mus\u00ed b\u00fdt zkontrolov\u00e1ny a specifikov\u00e1ny sv\u00e1\u0159e\u010dsk\u00fdm in\u017een\u00fdrem s ohledem na podm\u00ednky v m\u00edst\u011b instalace. Mo\u017enost sva\u0159ov\u00e1n\u00ed a prostorov\u00e9 podm\u00ednky p\u0159i mont\u00e1\u017ei, jako\u017e i kvalifikaci a stupe\u0148 zku\u0161enost\u00ed prov\u00e1d\u011bj\u00edc\u00edho person\u00e1lu, kter\u00e9 souvisej\u00ed se stanoven\u00fdm postupem sva\u0159ov\u00e1n\u00ed, mus\u00ed rovn\u011b\u017e stanovit nebo zkontrolovat sv\u00e1\u0159e\u010dsk\u00fd technik.<\/p>\n","protected":false},"excerpt":{"rendered":"<p>N\u00c1VRH A V\u00ddPO\u010cET T\u011aSN\u011aN\u00cd SVA\u0158OVAC\u00cdCH KROU\u017dK\u016e Po\u017eadovan\u00e1 t\u011bsnost a spolehlivost T\u011bsn\u011bn\u00ed se sva\u0159ovac\u00edmi krou\u017eky se pou\u017e\u00edvaj\u00ed v\u017edy, kdy\u017e pou\u017eit\u00ed jin\u00fdch statick\u00fdch t\u011bsn\u011bn\u00ed nen\u00ed mo\u017en\u00e9 z d\u016fvodu zna\u010dn\u011b rozd\u00edln\u00fdch teplot, kdy\u017e riziko net\u011bsnosti vede k p\u0159eru\u0161en\u00ed provozu nebo kdy\u017e nebezpe\u010dn\u00e1 povaha m\u00e9dia vy\u017eaduje vy\u0161\u0161\u00ed stupe\u0148 t\u011bsnosti a spolehlivosti. T\u011bsn\u011bn\u00ed se sva\u0159ovac\u00edmi krou\u017eky jsou obvykle vyrobena ze [&hellip;]<\/p>\n","protected":false},"author":1,"featured_media":18364,"parent":18793,"menu_order":3,"comment_status":"closed","ping_status":"closed","template":"page-templates\/somos.php","meta":{"advgb_blocks_editor_width":"","advgb_blocks_columns_visual_guide":"","iawp_total_views":14,"footnotes":""},"class_list":["post-18959","page","type-page","status-publish","has-post-thumbnail","hentry"],"yoast_head":"<!-- This site is optimized with the Yoast SEO plugin v27.3 - https:\/\/yoast.com\/product\/yoast-seo-wordpress\/ -->\n<title>N\u00e1vrh a v\u00fdpo\u010det t\u011bsn\u011bn\u00ed sva\u0159ovac\u00edch krou\u017ek\u016f - KLINGER Kempchen<\/title>\n<meta name=\"description\" content=\"Zejm\u00e9na u svarov\u00fdch krou\u017ekov\u00fdch spoj\u016f s r\u016fzn\u00fdmi dvojicemi materi\u00e1l\u016f m\u016f\u017ee b\u00fdt v\u00fdpo\u010det svarov\u00fdch spoj\u016f povinn\u00fd.\" \/>\n<meta name=\"robots\" content=\"index, follow, max-snippet:-1, max-image-preview:large, max-video-preview:-1\" \/>\n<link rel=\"canonical\" href=\"https:\/\/www.klinger-kempchen.de\/engineering\/engineering-services\/schweissringverbindungen\/\" \/>\n<meta property=\"og:locale\" content=\"cs_CZ\" \/>\n<meta property=\"og:type\" content=\"article\" \/>\n<meta property=\"og:title\" content=\"N\u00e1vrh a v\u00fdpo\u010det t\u011bsn\u011bn\u00ed sva\u0159ovac\u00edch krou\u017ek\u016f - KLINGER Kempchen\" \/>\n<meta property=\"og:description\" content=\"Zejm\u00e9na u svarov\u00fdch krou\u017ekov\u00fdch spoj\u016f s r\u016fzn\u00fdmi dvojicemi materi\u00e1l\u016f m\u016f\u017ee b\u00fdt v\u00fdpo\u010det svarov\u00fdch spoj\u016f povinn\u00fd.\" \/>\n<meta property=\"og:url\" content=\"https:\/\/www.klinger-kempchen.de\/engineering\/engineering-services\/schweissringverbindungen\/\" \/>\n<meta property=\"og:site_name\" content=\"KLINGER Kempchen\" \/>\n<meta property=\"article:modified_time\" content=\"2023-07-31T13:27:22+00:00\" \/>\n<meta property=\"og:image\" content=\"https:\/\/www.klinger-kempchen.de\/wp-content\/uploads\/2023\/05\/Schweissen.jpg\" \/>\n\t<meta property=\"og:image:width\" content=\"1400\" \/>\n\t<meta property=\"og:image:height\" content=\"350\" \/>\n\t<meta property=\"og:image:type\" content=\"image\/jpeg\" \/>\n<meta name=\"twitter:label1\" content=\"Odhadovan\u00e1 doba \u010dten\u00ed\" \/>\n\t<meta name=\"twitter:data1\" content=\"4 minuty\" \/>\n<!-- \/ Yoast SEO plugin. -->","yoast_head_json":{"title":"N\u00e1vrh a v\u00fdpo\u010det t\u011bsn\u011bn\u00ed sva\u0159ovac\u00edch krou\u017ek\u016f - KLINGER Kempchen","description":"Zejm\u00e9na u svarov\u00fdch krou\u017ekov\u00fdch spoj\u016f s r\u016fzn\u00fdmi dvojicemi materi\u00e1l\u016f m\u016f\u017ee b\u00fdt v\u00fdpo\u010det svarov\u00fdch spoj\u016f povinn\u00fd.","robots":{"index":"index","follow":"follow","max-snippet":"max-snippet:-1","max-image-preview":"max-image-preview:large","max-video-preview":"max-video-preview:-1"},"canonical":"https:\/\/www.klinger-kempchen.de\/engineering\/engineering-services\/schweissringverbindungen\/","og_locale":"cs_CZ","og_type":"article","og_title":"N\u00e1vrh a v\u00fdpo\u010det t\u011bsn\u011bn\u00ed sva\u0159ovac\u00edch krou\u017ek\u016f - KLINGER Kempchen","og_description":"Zejm\u00e9na u svarov\u00fdch krou\u017ekov\u00fdch spoj\u016f s r\u016fzn\u00fdmi dvojicemi materi\u00e1l\u016f m\u016f\u017ee b\u00fdt v\u00fdpo\u010det svarov\u00fdch spoj\u016f povinn\u00fd.","og_url":"https:\/\/www.klinger-kempchen.de\/engineering\/engineering-services\/schweissringverbindungen\/","og_site_name":"KLINGER Kempchen","article_modified_time":"2023-07-31T13:27:22+00:00","og_image":[{"width":1400,"height":350,"url":"https:\/\/www.klinger-kempchen.de\/wp-content\/uploads\/2023\/05\/Schweissen.jpg","type":"image\/jpeg"}],"twitter_misc":{"Odhadovan\u00e1 doba \u010dten\u00ed":"4 minuty"},"schema":{"@context":"https:\/\/schema.org","@graph":[{"@type":"WebPage","@id":"https:\/\/www.klinger-kempchen.de\/engineering\/engineering-services\/schweissringverbindungen\/","url":"https:\/\/www.klinger-kempchen.de\/engineering\/engineering-services\/schweissringverbindungen\/","name":"N\u00e1vrh a v\u00fdpo\u010det t\u011bsn\u011bn\u00ed sva\u0159ovac\u00edch krou\u017ek\u016f - KLINGER Kempchen","isPartOf":{"@id":"https:\/\/www.klinger-kempchen.de\/#website"},"primaryImageOfPage":{"@id":"https:\/\/www.klinger-kempchen.de\/engineering\/engineering-services\/schweissringverbindungen\/#primaryimage"},"image":{"@id":"https:\/\/www.klinger-kempchen.de\/engineering\/engineering-services\/schweissringverbindungen\/#primaryimage"},"thumbnailUrl":"https:\/\/www.klinger-kempchen.de\/wp-content\/uploads\/2023\/05\/Schweissen.jpg","datePublished":"2023-07-31T13:27:21+00:00","dateModified":"2023-07-31T13:27:22+00:00","description":"Zejm\u00e9na u svarov\u00fdch krou\u017ekov\u00fdch spoj\u016f s r\u016fzn\u00fdmi dvojicemi materi\u00e1l\u016f m\u016f\u017ee b\u00fdt v\u00fdpo\u010det svarov\u00fdch spoj\u016f povinn\u00fd.","breadcrumb":{"@id":"https:\/\/www.klinger-kempchen.de\/engineering\/engineering-services\/schweissringverbindungen\/#breadcrumb"},"inLanguage":"cs","potentialAction":[{"@type":"ReadAction","target":["https:\/\/www.klinger-kempchen.de\/engineering\/engineering-services\/schweissringverbindungen\/"]}]},{"@type":"ImageObject","inLanguage":"cs","@id":"https:\/\/www.klinger-kempchen.de\/engineering\/engineering-services\/schweissringverbindungen\/#primaryimage","url":"https:\/\/www.klinger-kempchen.de\/wp-content\/uploads\/2023\/05\/Schweissen.jpg","contentUrl":"https:\/\/www.klinger-kempchen.de\/wp-content\/uploads\/2023\/05\/Schweissen.jpg","width":1400,"height":350},{"@type":"BreadcrumbList","@id":"https:\/\/www.klinger-kempchen.de\/engineering\/engineering-services\/schweissringverbindungen\/#breadcrumb","itemListElement":[{"@type":"ListItem","position":1,"name":"Home","item":"https:\/\/www.klinger-kempchen.de\/"},{"@type":"ListItem","position":2,"name":"Engineering","item":"https:\/\/www.klinger-kempchen.de\/cs\/engineering-kontakty\/"},{"@type":"ListItem","position":3,"name":"Technick\u00e9 slu\u017eby","item":"https:\/\/www.klinger-kempchen.de\/cs\/engineering-kontakty\/technicke-sluzby\/"},{"@type":"ListItem","position":4,"name":"N\u00e1vrh a v\u00fdpo\u010det t\u011bsn\u011bn\u00ed sva\u0159ovac\u00edch krou\u017ek\u016f"}]},{"@type":"WebSite","@id":"https:\/\/www.klinger-kempchen.de\/#website","url":"https:\/\/www.klinger-kempchen.de\/","name":"KLINGER Kempchen","description":"KLINGER Kempchen","publisher":{"@id":"https:\/\/www.klinger-kempchen.de\/#organization"},"potentialAction":[{"@type":"SearchAction","target":{"@type":"EntryPoint","urlTemplate":"https:\/\/www.klinger-kempchen.de\/?s={search_term_string}"},"query-input":{"@type":"PropertyValueSpecification","valueRequired":true,"valueName":"search_term_string"}}],"inLanguage":"cs"},{"@type":"Organization","@id":"https:\/\/www.klinger-kempchen.de\/#organization","name":"KLINGER-Kempchen","url":"https:\/\/www.klinger-kempchen.de\/","logo":{"@type":"ImageObject","inLanguage":"cs","@id":"https:\/\/www.klinger-kempchen.de\/#\/schema\/logo\/image\/","url":"https:\/\/www.klinger-kempchen.de\/wp-content\/uploads\/2020\/06\/cropped-Klinger-Kempchen-Logo.png","contentUrl":"https:\/\/www.klinger-kempchen.de\/wp-content\/uploads\/2020\/06\/cropped-Klinger-Kempchen-Logo.png","width":512,"height":512,"caption":"KLINGER-Kempchen"},"image":{"@id":"https:\/\/www.klinger-kempchen.de\/#\/schema\/logo\/image\/"}}]}},"coauthors":[],"author_meta":{"author_link":"https:\/\/www.klinger-kempchen.de\/cs\/author\/administrador\/","display_name":"administrador"},"relative_dates":{"created":"Posted 3 roky ago","modified":"Updated 3 roky ago"},"absolute_dates":{"created":"Posted on 31 \u010dervence 2023","modified":"Updated on 31 \u010dervence 2023"},"absolute_dates_time":{"created":"Posted on 31 \u010dervence 2023 15:27","modified":"Updated on 31 \u010dervence 2023 15:27"},"featured_img_caption":"","featured_img":"https:\/\/www.klinger-kempchen.de\/wp-content\/uploads\/2023\/05\/Schweissen.jpg","series_order":"","_links":{"self":[{"href":"https:\/\/www.klinger-kempchen.de\/cs\/wp-json\/wp\/v2\/pages\/18959","targetHints":{"allow":["GET"]}}],"collection":[{"href":"https:\/\/www.klinger-kempchen.de\/cs\/wp-json\/wp\/v2\/pages"}],"about":[{"href":"https:\/\/www.klinger-kempchen.de\/cs\/wp-json\/wp\/v2\/types\/page"}],"author":[{"embeddable":true,"href":"https:\/\/www.klinger-kempchen.de\/cs\/wp-json\/wp\/v2\/users\/1"}],"replies":[{"embeddable":true,"href":"https:\/\/www.klinger-kempchen.de\/cs\/wp-json\/wp\/v2\/comments?post=18959"}],"version-history":[{"count":0,"href":"https:\/\/www.klinger-kempchen.de\/cs\/wp-json\/wp\/v2\/pages\/18959\/revisions"}],"up":[{"embeddable":true,"href":"https:\/\/www.klinger-kempchen.de\/cs\/wp-json\/wp\/v2\/pages\/18793"}],"wp:featuredmedia":[{"embeddable":true,"href":"https:\/\/www.klinger-kempchen.de\/cs\/wp-json\/wp\/v2\/media\/18364"}],"wp:attachment":[{"href":"https:\/\/www.klinger-kempchen.de\/cs\/wp-json\/wp\/v2\/media?parent=18959"}],"curies":[{"name":"wp","href":"https:\/\/api.w.org\/{rel}","templated":true}]}}