{"id":18964,"date":"2023-07-31T18:50:22","date_gmt":"2023-07-31T16:50:22","guid":{"rendered":"https:\/\/www.klinger-kempchen.de\/?page_id=18964"},"modified":"2024-03-11T15:51:28","modified_gmt":"2024-03-11T14:51:28","slug":"vysetrovani-skod-a-incidentu","status":"publish","type":"page","link":"https:\/\/www.klinger-kempchen.de\/cs\/engineering-kontakty\/damage-investigation\/vysetrovani-skod-a-incidentu\/","title":{"rendered":"Vy\u0161et\u0159ov\u00e1n\u00ed \u0161kod a incident\u016f"},"content":{"rendered":"\n<h1 class=\"wp-block-heading h3\">VY\u0160ET\u0158OV\u00c1N\u00cd \u0160KOD A INCIDENT\u016e<\/h1>\n\n\n\n<h2 class=\"wp-block-heading\">Systematick\u00e1 opat\u0159en\u00ed ke zji\u0161t\u011bn\u00ed p\u0159\u00ed\u010din<\/h2>\n\n\n\n<div class=\"wp-block-media-text alignwide is-stacked-on-mobile\" style=\"grid-template-columns:31% auto\"><figure class=\"wp-block-media-text__media\"><img loading=\"lazy\" decoding=\"async\" width=\"469\" height=\"842\" src=\"https:\/\/www.klinger-kempchen.de\/wp-content\/uploads\/2023\/07\/Analyza.jpg\" alt=\"\" class=\"wp-image-18966 size-full\"\/><\/figure><div class=\"wp-block-media-text__content\">\n<p>Navzdory pe\u010dliv\u00e9mu n\u00e1vrhu, kvalitn\u00edm t\u011bsn\u011bn\u00edm a zvy\u0161uj\u00edc\u00ed se kvalit\u011b mont\u00e1\u017ee nen\u00ed v\u017edy mo\u017en\u00e9 zabr\u00e1nit selh\u00e1n\u00ed p\u0159\u00edrubov\u00fdch spoj\u016f, a to ani p\u0159i dodr\u017een\u00ed zam\u00fd\u0161len\u00e9ho provozn\u00edho re\u017eimu. Zejm\u00e9na zn\u00e1m\u00e9 soubory pravidel trp\u00ed n\u011bkter\u00fdmi nedostatky.<\/p>\n<\/div><\/div>\n\n\n\n<div class=\"wp-block-media-text alignwide is-stacked-on-mobile has-background\" style=\"background-color:#e8f3fa\"><figure class=\"wp-block-media-text__media\"><img loading=\"lazy\" decoding=\"async\" width=\"960\" height=\"600\" src=\"https:\/\/www.klinger-kempchen.de\/wp-content\/uploads\/2023\/06\/r10-0-01-klinger-engineering.jpg\" alt=\"\" class=\"wp-image-16763 size-full\" srcset=\"https:\/\/www.klinger-kempchen.de\/wp-content\/uploads\/2023\/06\/r10-0-01-klinger-engineering.jpg 960w, https:\/\/www.klinger-kempchen.de\/wp-content\/uploads\/2023\/06\/r10-0-01-klinger-engineering-768x480.jpg 768w\" sizes=\"auto, (max-width: 960px) 100vw, 960px\" \/><\/figure><div class=\"wp-block-media-text__content\">\n<p>Takov\u00e9 net\u011bsnosti p\u0159\u00edrubov\u00fdch spoj\u016f \u010dasto zp\u016fsobuj\u00ed obrovsk\u00e9 ekonomick\u00e9 ztr\u00e1ty v d\u016fsledku ne\u017e\u00e1douc\u00edho \u00faniku m\u00e9dia a s t\u00edm obvykle spojen\u00e9ho zastaven\u00ed v\u00fdroby.<\/p>\n<\/div><\/div>\n\n\n\n<div class=\"wp-block-media-text alignwide has-media-on-the-right is-stacked-on-mobile has-background\" style=\"background-color:#e8f3fa\"><div class=\"wp-block-media-text__content\">\n<p>Po\u0161kozen\u00ed nav\u00edc obvykle vede ke zna\u010dn\u00fdm oprav\u00e1m s pom\u011brn\u011b vysok\u00fdmi n\u00e1klady na \u00fadr\u017ebu a \u010di\u0161t\u011bn\u00ed net\u011bsn\u00e9ho prost\u0159ed\u00ed.<br>Zde je d\u016fle\u017eit\u00e9 zah\u00e1jit c\u00edlen\u00e1 systematick\u00e1 opat\u0159en\u00ed ke zji\u0161t\u011bn\u00ed p\u0159\u00ed\u010diny a objasn\u011bn\u00ed v\u0161ech okolnost\u00ed s c\u00edlem zjistit p\u0159\u00ed\u010diny \u00faniku.<\/p>\n<\/div><figure class=\"wp-block-media-text__media\"><img loading=\"lazy\" decoding=\"async\" width=\"960\" height=\"600\" src=\"https:\/\/www.klinger-kempchen.de\/wp-content\/uploads\/2023\/06\/r10-0-02-klinger-engineering.jpg\" alt=\"\" class=\"wp-image-16767 size-full\" srcset=\"https:\/\/www.klinger-kempchen.de\/wp-content\/uploads\/2023\/06\/r10-0-02-klinger-engineering.jpg 960w, https:\/\/www.klinger-kempchen.de\/wp-content\/uploads\/2023\/06\/r10-0-02-klinger-engineering-768x480.jpg 768w\" sizes=\"auto, (max-width: 960px) 100vw, 960px\" \/><\/figure><\/div>\n\n\n\n<div class=\"wp-block-media-text alignwide is-stacked-on-mobile has-background\" style=\"background-color:#e8f3fa\"><figure class=\"wp-block-media-text__media\"><img loading=\"lazy\" decoding=\"async\" width=\"960\" height=\"600\" src=\"https:\/\/www.klinger-kempchen.de\/wp-content\/uploads\/2023\/06\/r10-0-03-klinger-engineering.jpg\" alt=\"\" class=\"wp-image-16769 size-full\" srcset=\"https:\/\/www.klinger-kempchen.de\/wp-content\/uploads\/2023\/06\/r10-0-03-klinger-engineering.jpg 960w, https:\/\/www.klinger-kempchen.de\/wp-content\/uploads\/2023\/06\/r10-0-03-klinger-engineering-768x480.jpg 768w\" sizes=\"auto, (max-width: 960px) 100vw, 960px\" \/><\/figure><div class=\"wp-block-media-text__content\">\n<p>N\u00e1pravn\u00e1 opat\u0159en\u00ed lze c\u00edlen\u011b zah\u00e1jit pouze tehdy, pokud jsou p\u0159\u00ed\u010diny \u0161kod objasn\u011bny na z\u00e1klad\u011b p\u0159\u00edslu\u0161n\u00fdch \u0161et\u0159en\u00ed. Stejn\u00e9 nebo podobn\u00e9 ne\u017e\u00e1douc\u00ed p\u0159\u00edhody lze v budoucnu bezpe\u010dn\u011b vylou\u010dit.<\/p>\n<\/div><\/div>\n\n\n\n<h2 class=\"wp-block-heading\">Z\u00e1v\u011bre\u010dn\u00e1 zpr\u00e1va o \u0161et\u0159en\u00ed<\/h2>\n\n\n\n<p>Na z\u00e1v\u011br spole\u010dn\u011b s v\u00e1mi vypracujeme vy\u0161et\u0159ovac\u00ed zpr\u00e1vu s bezprost\u0159edn\u00edmi p\u0159\u00ed\u010dinami \u00faniku. V\u0161echna \u0161et\u0159en\u00ed podl\u00e9haj\u00ed p\u0159\u00edsn\u00e9 d\u016fv\u011brnosti.<\/p>\n\n\n\n<div class=\"wp-block-buttons is-layout-flex wp-block-buttons-is-layout-flex\">\n<div class=\"wp-block-button\"><a class=\"wp-block-button__link has-background wp-element-button\" href=\"https:\/\/www.klinger-kempchen.de\/engineering\/laboratory-services\/praktische-schadensanalyse\/\" style=\"background-color:#006fb0\">K praktick\u00e9 anal\u00fdze po\u0161kozen\u00ed \u00bb<\/a><\/div>\n<\/div>\n","protected":false},"excerpt":{"rendered":"<p>VY\u0160ET\u0158OV\u00c1N\u00cd \u0160KOD A INCIDENT\u016e Systematick\u00e1 opat\u0159en\u00ed ke zji\u0161t\u011bn\u00ed p\u0159\u00ed\u010din Navzdory pe\u010dliv\u00e9mu n\u00e1vrhu, kvalitn\u00edm t\u011bsn\u011bn\u00edm a zvy\u0161uj\u00edc\u00ed se kvalit\u011b mont\u00e1\u017ee nen\u00ed v\u017edy mo\u017en\u00e9 zabr\u00e1nit selh\u00e1n\u00ed p\u0159\u00edrubov\u00fdch spoj\u016f, a to ani p\u0159i dodr\u017een\u00ed zam\u00fd\u0161len\u00e9ho provozn\u00edho re\u017eimu. Zejm\u00e9na zn\u00e1m\u00e9 soubory pravidel trp\u00ed n\u011bkter\u00fdmi nedostatky. Takov\u00e9 net\u011bsnosti p\u0159\u00edrubov\u00fdch spoj\u016f \u010dasto zp\u016fsobuj\u00ed obrovsk\u00e9 ekonomick\u00e9 ztr\u00e1ty v d\u016fsledku ne\u017e\u00e1douc\u00edho \u00faniku m\u00e9dia [&hellip;]<\/p>\n","protected":false},"author":1,"featured_media":18417,"parent":18802,"menu_order":1,"comment_status":"closed","ping_status":"closed","template":"page-templates\/somos.php","meta":{"advgb_blocks_editor_width":"","advgb_blocks_columns_visual_guide":"","iawp_total_views":17,"footnotes":""},"class_list":["post-18964","page","type-page","status-publish","has-post-thumbnail","hentry"],"yoast_head":"<!-- This site is optimized with the Yoast SEO plugin v27.3 - https:\/\/yoast.com\/product\/yoast-seo-wordpress\/ -->\n<title>Vy\u0161et\u0159ov\u00e1n\u00ed \u0161kod a incident\u016f - KLINGER Kempchen<\/title>\n<meta name=\"description\" content=\"I p\u0159es pe\u010dlivou konstrukci a kvalitn\u00ed t\u011bsn\u011bn\u00ed nen\u00ed v\u017edy mo\u017en\u00e9 zabr\u00e1nit selh\u00e1n\u00ed p\u0159\u00edrubov\u00fdch spoj\u016f.\" \/>\n<meta name=\"robots\" content=\"index, follow, max-snippet:-1, max-image-preview:large, max-video-preview:-1\" \/>\n<link rel=\"canonical\" href=\"https:\/\/www.klinger-kempchen.de\/engineering\/damage-investigation\/schadens-und-ereignisuntersuchungen\/\" \/>\n<meta property=\"og:locale\" content=\"cs_CZ\" \/>\n<meta property=\"og:type\" content=\"article\" \/>\n<meta property=\"og:title\" content=\"Vy\u0161et\u0159ov\u00e1n\u00ed \u0161kod a incident\u016f - KLINGER Kempchen\" \/>\n<meta property=\"og:description\" content=\"I p\u0159es pe\u010dlivou konstrukci a kvalitn\u00ed t\u011bsn\u011bn\u00ed nen\u00ed v\u017edy mo\u017en\u00e9 zabr\u00e1nit selh\u00e1n\u00ed p\u0159\u00edrubov\u00fdch spoj\u016f.\" \/>\n<meta property=\"og:url\" content=\"https:\/\/www.klinger-kempchen.de\/engineering\/damage-investigation\/schadens-und-ereignisuntersuchungen\/\" \/>\n<meta property=\"og:site_name\" content=\"KLINGER Kempchen\" \/>\n<meta property=\"article:modified_time\" content=\"2024-03-11T14:51:28+00:00\" \/>\n<meta property=\"og:image\" content=\"https:\/\/www.klinger-kempchen.de\/wp-content\/uploads\/2023\/06\/schaden-klinger-engineering.jpg\" \/>\n\t<meta property=\"og:image:width\" content=\"1400\" \/>\n\t<meta property=\"og:image:height\" content=\"350\" \/>\n\t<meta property=\"og:image:type\" content=\"image\/jpeg\" \/>\n<meta name=\"twitter:label1\" content=\"Odhadovan\u00e1 doba \u010dten\u00ed\" \/>\n\t<meta name=\"twitter:data1\" content=\"1 minuta\" \/>\n<!-- \/ Yoast SEO plugin. -->","yoast_head_json":{"title":"Vy\u0161et\u0159ov\u00e1n\u00ed \u0161kod a incident\u016f - KLINGER Kempchen","description":"I p\u0159es pe\u010dlivou konstrukci a kvalitn\u00ed t\u011bsn\u011bn\u00ed nen\u00ed v\u017edy mo\u017en\u00e9 zabr\u00e1nit selh\u00e1n\u00ed p\u0159\u00edrubov\u00fdch spoj\u016f.","robots":{"index":"index","follow":"follow","max-snippet":"max-snippet:-1","max-image-preview":"max-image-preview:large","max-video-preview":"max-video-preview:-1"},"canonical":"https:\/\/www.klinger-kempchen.de\/engineering\/damage-investigation\/schadens-und-ereignisuntersuchungen\/","og_locale":"cs_CZ","og_type":"article","og_title":"Vy\u0161et\u0159ov\u00e1n\u00ed \u0161kod a incident\u016f - KLINGER Kempchen","og_description":"I p\u0159es pe\u010dlivou konstrukci a kvalitn\u00ed t\u011bsn\u011bn\u00ed nen\u00ed v\u017edy mo\u017en\u00e9 zabr\u00e1nit selh\u00e1n\u00ed p\u0159\u00edrubov\u00fdch spoj\u016f.","og_url":"https:\/\/www.klinger-kempchen.de\/engineering\/damage-investigation\/schadens-und-ereignisuntersuchungen\/","og_site_name":"KLINGER Kempchen","article_modified_time":"2024-03-11T14:51:28+00:00","og_image":[{"width":1400,"height":350,"url":"https:\/\/www.klinger-kempchen.de\/wp-content\/uploads\/2023\/06\/schaden-klinger-engineering.jpg","type":"image\/jpeg"}],"twitter_misc":{"Odhadovan\u00e1 doba \u010dten\u00ed":"1 minuta"},"schema":{"@context":"https:\/\/schema.org","@graph":[{"@type":"WebPage","@id":"https:\/\/www.klinger-kempchen.de\/engineering\/damage-investigation\/schadens-und-ereignisuntersuchungen\/","url":"https:\/\/www.klinger-kempchen.de\/engineering\/damage-investigation\/schadens-und-ereignisuntersuchungen\/","name":"Vy\u0161et\u0159ov\u00e1n\u00ed \u0161kod a incident\u016f - KLINGER Kempchen","isPartOf":{"@id":"https:\/\/www.klinger-kempchen.de\/#website"},"primaryImageOfPage":{"@id":"https:\/\/www.klinger-kempchen.de\/engineering\/damage-investigation\/schadens-und-ereignisuntersuchungen\/#primaryimage"},"image":{"@id":"https:\/\/www.klinger-kempchen.de\/engineering\/damage-investigation\/schadens-und-ereignisuntersuchungen\/#primaryimage"},"thumbnailUrl":"https:\/\/www.klinger-kempchen.de\/wp-content\/uploads\/2023\/06\/schaden-klinger-engineering.jpg","datePublished":"2023-07-31T16:50:22+00:00","dateModified":"2024-03-11T14:51:28+00:00","description":"I p\u0159es pe\u010dlivou konstrukci a kvalitn\u00ed t\u011bsn\u011bn\u00ed nen\u00ed v\u017edy mo\u017en\u00e9 zabr\u00e1nit selh\u00e1n\u00ed p\u0159\u00edrubov\u00fdch spoj\u016f.","breadcrumb":{"@id":"https:\/\/www.klinger-kempchen.de\/engineering\/damage-investigation\/schadens-und-ereignisuntersuchungen\/#breadcrumb"},"inLanguage":"cs","potentialAction":[{"@type":"ReadAction","target":["https:\/\/www.klinger-kempchen.de\/engineering\/damage-investigation\/schadens-und-ereignisuntersuchungen\/"]}]},{"@type":"ImageObject","inLanguage":"cs","@id":"https:\/\/www.klinger-kempchen.de\/engineering\/damage-investigation\/schadens-und-ereignisuntersuchungen\/#primaryimage","url":"https:\/\/www.klinger-kempchen.de\/wp-content\/uploads\/2023\/06\/schaden-klinger-engineering.jpg","contentUrl":"https:\/\/www.klinger-kempchen.de\/wp-content\/uploads\/2023\/06\/schaden-klinger-engineering.jpg","width":1400,"height":350},{"@type":"BreadcrumbList","@id":"https:\/\/www.klinger-kempchen.de\/engineering\/damage-investigation\/schadens-und-ereignisuntersuchungen\/#breadcrumb","itemListElement":[{"@type":"ListItem","position":1,"name":"Home","item":"https:\/\/www.klinger-kempchen.de\/"},{"@type":"ListItem","position":2,"name":"Engineering","item":"https:\/\/www.klinger-kempchen.de\/cs\/engineering-kontakty\/"},{"@type":"ListItem","position":3,"name":"Vy\u0161et\u0159ov\u00e1n\u00ed \u0161kod a incident\u016f","item":"https:\/\/www.klinger-kempchen.de\/cs\/engineering-kontakty\/damage-investigation\/"},{"@type":"ListItem","position":4,"name":"Vy\u0161et\u0159ov\u00e1n\u00ed \u0161kod a incident\u016f"}]},{"@type":"WebSite","@id":"https:\/\/www.klinger-kempchen.de\/#website","url":"https:\/\/www.klinger-kempchen.de\/","name":"KLINGER Kempchen","description":"KLINGER Kempchen","publisher":{"@id":"https:\/\/www.klinger-kempchen.de\/#organization"},"potentialAction":[{"@type":"SearchAction","target":{"@type":"EntryPoint","urlTemplate":"https:\/\/www.klinger-kempchen.de\/?s={search_term_string}"},"query-input":{"@type":"PropertyValueSpecification","valueRequired":true,"valueName":"search_term_string"}}],"inLanguage":"cs"},{"@type":"Organization","@id":"https:\/\/www.klinger-kempchen.de\/#organization","name":"KLINGER-Kempchen","url":"https:\/\/www.klinger-kempchen.de\/","logo":{"@type":"ImageObject","inLanguage":"cs","@id":"https:\/\/www.klinger-kempchen.de\/#\/schema\/logo\/image\/","url":"https:\/\/www.klinger-kempchen.de\/wp-content\/uploads\/2020\/06\/cropped-Klinger-Kempchen-Logo.png","contentUrl":"https:\/\/www.klinger-kempchen.de\/wp-content\/uploads\/2020\/06\/cropped-Klinger-Kempchen-Logo.png","width":512,"height":512,"caption":"KLINGER-Kempchen"},"image":{"@id":"https:\/\/www.klinger-kempchen.de\/#\/schema\/logo\/image\/"}}]}},"coauthors":[],"author_meta":{"author_link":"https:\/\/www.klinger-kempchen.de\/cs\/author\/administrador\/","display_name":"administrador"},"relative_dates":{"created":"Posted 3 roky ago","modified":"Updated 2 roky ago"},"absolute_dates":{"created":"Posted on 31 \u010dervence 2023","modified":"Updated on 11 b\u0159ezna 2024"},"absolute_dates_time":{"created":"Posted on 31 \u010dervence 2023 18:50","modified":"Updated on 11 b\u0159ezna 2024 15:51"},"featured_img_caption":"","featured_img":"https:\/\/www.klinger-kempchen.de\/wp-content\/uploads\/2023\/06\/schaden-klinger-engineering.jpg","series_order":"","_links":{"self":[{"href":"https:\/\/www.klinger-kempchen.de\/cs\/wp-json\/wp\/v2\/pages\/18964","targetHints":{"allow":["GET"]}}],"collection":[{"href":"https:\/\/www.klinger-kempchen.de\/cs\/wp-json\/wp\/v2\/pages"}],"about":[{"href":"https:\/\/www.klinger-kempchen.de\/cs\/wp-json\/wp\/v2\/types\/page"}],"author":[{"embeddable":true,"href":"https:\/\/www.klinger-kempchen.de\/cs\/wp-json\/wp\/v2\/users\/1"}],"replies":[{"embeddable":true,"href":"https:\/\/www.klinger-kempchen.de\/cs\/wp-json\/wp\/v2\/comments?post=18964"}],"version-history":[{"count":0,"href":"https:\/\/www.klinger-kempchen.de\/cs\/wp-json\/wp\/v2\/pages\/18964\/revisions"}],"up":[{"embeddable":true,"href":"https:\/\/www.klinger-kempchen.de\/cs\/wp-json\/wp\/v2\/pages\/18802"}],"wp:featuredmedia":[{"embeddable":true,"href":"https:\/\/www.klinger-kempchen.de\/cs\/wp-json\/wp\/v2\/media\/18417"}],"wp:attachment":[{"href":"https:\/\/www.klinger-kempchen.de\/cs\/wp-json\/wp\/v2\/media?parent=18964"}],"curies":[{"name":"wp","href":"https:\/\/api.w.org\/{rel}","templated":true}]}}