{"id":18996,"date":"2023-08-03T18:26:34","date_gmt":"2023-08-03T16:26:34","guid":{"rendered":"https:\/\/www.klinger-kempchen.de\/?page_id=18996"},"modified":"2024-03-11T15:53:13","modified_gmt":"2024-03-11T14:53:13","slug":"root-cause-analysis","status":"publish","type":"page","link":"https:\/\/www.klinger-kempchen.de\/cs\/engineering-kontakty\/damage-investigation\/root-cause-analysis\/","title":{"rendered":"Root Cause Analysis"},"content":{"rendered":"\n<h1 class=\"wp-block-heading h3\">ROOT CAUSE ANALYSIS &amp; LOGIC TREE ANALYSIS<\/h1>\n\n\n\n<h2 class=\"wp-block-heading\">Anal\u00fdzy po\u0161kozen\u00ed<\/h2>\n\n\n\n<p>Typ a rozsah anal\u00fdzy poruch obvykle z\u00e1vis\u00ed na z\u00e1va\u017enosti a v\u00fdznamu dan\u00e9 ud\u00e1losti. V p\u0159\u00edrodn\u00edch a technick\u00fdch v\u011bd\u00e1ch je anal\u00fdza ko\u0159enov\u00fdch p\u0159\u00ed\u010din <strong>(RCA) <\/strong>b\u011b\u017enou metodou identifikace a odstra\u0148ov\u00e1n\u00ed p\u0159\u00ed\u010din poruch nebo probl\u00e9m\u016f. Zejm\u00e9na v chemick\u00e9m \u010di petrochemick\u00e9m pr\u016fmyslu nebo p\u0159i anal\u00fdze hav\u00e1ri\u00ed se <strong>technika RCA<\/strong> pravideln\u011b pou\u017e\u00edv\u00e1.<br>Z\u00e1kladn\u00ed my\u0161lenka v\u0161ech metod RCA spo\u010d\u00edv\u00e1 p\u0159edev\u0161\u00edm v p\u0159esn\u00e9m popisu probl\u00e9mu nebo ud\u00e1losti, my\u0161lenkov\u00e9m zaznamen\u00e1n\u00ed mo\u017en\u00fdch p\u0159\u00ed\u010din a n\u00e1sledn\u00e9m systematick\u00e9m zkoum\u00e1n\u00ed dr\u00e1hy chyby. D\u016fle\u017eitou roli zde hraj\u00ed technick\u00e1 fakta a sv\u011bdeck\u00e9 v\u00fdpov\u011bdi, ale tak\u00e9 n\u00e1sledn\u00e1 simulace ud\u00e1losti.<\/p>\n\n\n\n<p>Pomocn\u00fdmi n\u00e1stroji dobr\u00e9 RCA jsou krom\u011b spr\u00e1vn\u00fdch technik dotazov\u00e1n\u00ed tak\u00e9 vytvo\u0159en\u00ed \u010dasov\u00e9 osy od minulosti a\u017e po vznik ud\u00e1losti, rozli\u0161en\u00ed mezi hlavn\u00ed p\u0159\u00ed\u010dinou a ostatn\u00edmi p\u0159\u00ed\u010dinn\u00fdmi faktory a tak\u00e9 vytvo\u0159en\u00ed kauz\u00e1ln\u00edho diagramu <strong>(Cause And Effect Logic Tree)<\/strong> pro objasn\u011bn\u00ed souvislosti mezi hlavn\u00ed p\u0159\u00ed\u010dinou a ud\u00e1lost\u00ed.<\/p>\n","protected":false},"excerpt":{"rendered":"<p>ROOT CAUSE ANALYSIS &amp; LOGIC TREE ANALYSIS Anal\u00fdzy po\u0161kozen\u00ed Typ a rozsah anal\u00fdzy poruch obvykle z\u00e1vis\u00ed na z\u00e1va\u017enosti a v\u00fdznamu dan\u00e9 ud\u00e1losti. V p\u0159\u00edrodn\u00edch a technick\u00fdch v\u011bd\u00e1ch je anal\u00fdza ko\u0159enov\u00fdch p\u0159\u00ed\u010din (RCA) b\u011b\u017enou metodou identifikace a odstra\u0148ov\u00e1n\u00ed p\u0159\u00ed\u010din poruch nebo probl\u00e9m\u016f. Zejm\u00e9na v chemick\u00e9m \u010di petrochemick\u00e9m pr\u016fmyslu nebo p\u0159i anal\u00fdze hav\u00e1ri\u00ed se technika RCA pravideln\u011b [&hellip;]<\/p>\n","protected":false},"author":1,"featured_media":18428,"parent":18802,"menu_order":3,"comment_status":"closed","ping_status":"closed","template":"page-templates\/somos.php","meta":{"advgb_blocks_editor_width":"","advgb_blocks_columns_visual_guide":"","iawp_total_views":31,"footnotes":""},"class_list":["post-18996","page","type-page","status-publish","has-post-thumbnail","hentry"],"yoast_head":"<!-- This site is optimized with the Yoast SEO plugin v27.3 - https:\/\/yoast.com\/product\/yoast-seo-wordpress\/ -->\n<title>Root Cause Analysis - KLINGER Kempchen<\/title>\n<meta name=\"description\" content=\"Typ a rozsah anal\u00fdzy poruch obvykle z\u00e1vis\u00ed na z\u00e1va\u017enosti a v\u00fdznamu dan\u00e9 ud\u00e1losti.\" \/>\n<meta name=\"robots\" content=\"index, follow, max-snippet:-1, max-image-preview:large, max-video-preview:-1\" \/>\n<link rel=\"canonical\" href=\"https:\/\/www.klinger-kempchen.de\/engineering\/damage-investigation\/root-cause-analysis\/\" \/>\n<meta property=\"og:locale\" content=\"cs_CZ\" \/>\n<meta property=\"og:type\" content=\"article\" \/>\n<meta property=\"og:title\" content=\"Root Cause Analysis - KLINGER Kempchen\" \/>\n<meta property=\"og:description\" content=\"Typ a rozsah anal\u00fdzy poruch obvykle z\u00e1vis\u00ed na z\u00e1va\u017enosti a v\u00fdznamu dan\u00e9 ud\u00e1losti.\" \/>\n<meta property=\"og:url\" content=\"https:\/\/www.klinger-kempchen.de\/engineering\/damage-investigation\/root-cause-analysis\/\" \/>\n<meta property=\"og:site_name\" content=\"KLINGER Kempchen\" \/>\n<meta property=\"article:modified_time\" content=\"2024-03-11T14:53:13+00:00\" \/>\n<meta property=\"og:image\" content=\"https:\/\/www.klinger-kempchen.de\/wp-content\/uploads\/2023\/06\/Schadensanalysen.jpg\" \/>\n\t<meta property=\"og:image:width\" content=\"1400\" \/>\n\t<meta property=\"og:image:height\" content=\"350\" \/>\n\t<meta property=\"og:image:type\" content=\"image\/jpeg\" \/>\n<meta name=\"twitter:label1\" content=\"Odhadovan\u00e1 doba \u010dten\u00ed\" \/>\n\t<meta name=\"twitter:data1\" content=\"1 minuta\" \/>\n<!-- \/ Yoast SEO plugin. -->","yoast_head_json":{"title":"Root Cause Analysis - KLINGER Kempchen","description":"Typ a rozsah anal\u00fdzy poruch obvykle z\u00e1vis\u00ed na z\u00e1va\u017enosti a v\u00fdznamu dan\u00e9 ud\u00e1losti.","robots":{"index":"index","follow":"follow","max-snippet":"max-snippet:-1","max-image-preview":"max-image-preview:large","max-video-preview":"max-video-preview:-1"},"canonical":"https:\/\/www.klinger-kempchen.de\/engineering\/damage-investigation\/root-cause-analysis\/","og_locale":"cs_CZ","og_type":"article","og_title":"Root Cause Analysis - KLINGER Kempchen","og_description":"Typ a rozsah anal\u00fdzy poruch obvykle z\u00e1vis\u00ed na z\u00e1va\u017enosti a v\u00fdznamu dan\u00e9 ud\u00e1losti.","og_url":"https:\/\/www.klinger-kempchen.de\/engineering\/damage-investigation\/root-cause-analysis\/","og_site_name":"KLINGER Kempchen","article_modified_time":"2024-03-11T14:53:13+00:00","og_image":[{"width":1400,"height":350,"url":"https:\/\/www.klinger-kempchen.de\/wp-content\/uploads\/2023\/06\/Schadensanalysen.jpg","type":"image\/jpeg"}],"twitter_misc":{"Odhadovan\u00e1 doba \u010dten\u00ed":"1 minuta"},"schema":{"@context":"https:\/\/schema.org","@graph":[{"@type":"WebPage","@id":"https:\/\/www.klinger-kempchen.de\/engineering\/damage-investigation\/root-cause-analysis\/","url":"https:\/\/www.klinger-kempchen.de\/engineering\/damage-investigation\/root-cause-analysis\/","name":"Root Cause Analysis - KLINGER Kempchen","isPartOf":{"@id":"https:\/\/www.klinger-kempchen.de\/#website"},"primaryImageOfPage":{"@id":"https:\/\/www.klinger-kempchen.de\/engineering\/damage-investigation\/root-cause-analysis\/#primaryimage"},"image":{"@id":"https:\/\/www.klinger-kempchen.de\/engineering\/damage-investigation\/root-cause-analysis\/#primaryimage"},"thumbnailUrl":"https:\/\/www.klinger-kempchen.de\/wp-content\/uploads\/2023\/06\/Schadensanalysen.jpg","datePublished":"2023-08-03T16:26:34+00:00","dateModified":"2024-03-11T14:53:13+00:00","description":"Typ a rozsah anal\u00fdzy poruch obvykle z\u00e1vis\u00ed na z\u00e1va\u017enosti a v\u00fdznamu dan\u00e9 ud\u00e1losti.","breadcrumb":{"@id":"https:\/\/www.klinger-kempchen.de\/engineering\/damage-investigation\/root-cause-analysis\/#breadcrumb"},"inLanguage":"cs","potentialAction":[{"@type":"ReadAction","target":["https:\/\/www.klinger-kempchen.de\/engineering\/damage-investigation\/root-cause-analysis\/"]}]},{"@type":"ImageObject","inLanguage":"cs","@id":"https:\/\/www.klinger-kempchen.de\/engineering\/damage-investigation\/root-cause-analysis\/#primaryimage","url":"https:\/\/www.klinger-kempchen.de\/wp-content\/uploads\/2023\/06\/Schadensanalysen.jpg","contentUrl":"https:\/\/www.klinger-kempchen.de\/wp-content\/uploads\/2023\/06\/Schadensanalysen.jpg","width":1400,"height":350},{"@type":"BreadcrumbList","@id":"https:\/\/www.klinger-kempchen.de\/engineering\/damage-investigation\/root-cause-analysis\/#breadcrumb","itemListElement":[{"@type":"ListItem","position":1,"name":"Home","item":"https:\/\/www.klinger-kempchen.de\/"},{"@type":"ListItem","position":2,"name":"Engineering","item":"https:\/\/www.klinger-kempchen.de\/cs\/engineering-kontakty\/"},{"@type":"ListItem","position":3,"name":"Vy\u0161et\u0159ov\u00e1n\u00ed \u0161kod a incident\u016f","item":"https:\/\/www.klinger-kempchen.de\/cs\/engineering-kontakty\/damage-investigation\/"},{"@type":"ListItem","position":4,"name":"Root Cause Analysis"}]},{"@type":"WebSite","@id":"https:\/\/www.klinger-kempchen.de\/#website","url":"https:\/\/www.klinger-kempchen.de\/","name":"KLINGER Kempchen","description":"KLINGER Kempchen","publisher":{"@id":"https:\/\/www.klinger-kempchen.de\/#organization"},"potentialAction":[{"@type":"SearchAction","target":{"@type":"EntryPoint","urlTemplate":"https:\/\/www.klinger-kempchen.de\/?s={search_term_string}"},"query-input":{"@type":"PropertyValueSpecification","valueRequired":true,"valueName":"search_term_string"}}],"inLanguage":"cs"},{"@type":"Organization","@id":"https:\/\/www.klinger-kempchen.de\/#organization","name":"KLINGER-Kempchen","url":"https:\/\/www.klinger-kempchen.de\/","logo":{"@type":"ImageObject","inLanguage":"cs","@id":"https:\/\/www.klinger-kempchen.de\/#\/schema\/logo\/image\/","url":"https:\/\/www.klinger-kempchen.de\/wp-content\/uploads\/2020\/06\/cropped-Klinger-Kempchen-Logo.png","contentUrl":"https:\/\/www.klinger-kempchen.de\/wp-content\/uploads\/2020\/06\/cropped-Klinger-Kempchen-Logo.png","width":512,"height":512,"caption":"KLINGER-Kempchen"},"image":{"@id":"https:\/\/www.klinger-kempchen.de\/#\/schema\/logo\/image\/"}}]}},"coauthors":[],"author_meta":{"author_link":"https:\/\/www.klinger-kempchen.de\/cs\/author\/administrador\/","display_name":"administrador"},"relative_dates":{"created":"Posted 3 roky ago","modified":"Updated 2 roky ago"},"absolute_dates":{"created":"Posted on 3 srpna 2023","modified":"Updated on 11 b\u0159ezna 2024"},"absolute_dates_time":{"created":"Posted on 3 srpna 2023 18:26","modified":"Updated on 11 b\u0159ezna 2024 15:53"},"featured_img_caption":"","featured_img":"https:\/\/www.klinger-kempchen.de\/wp-content\/uploads\/2023\/06\/Schadensanalysen.jpg","series_order":"","_links":{"self":[{"href":"https:\/\/www.klinger-kempchen.de\/cs\/wp-json\/wp\/v2\/pages\/18996","targetHints":{"allow":["GET"]}}],"collection":[{"href":"https:\/\/www.klinger-kempchen.de\/cs\/wp-json\/wp\/v2\/pages"}],"about":[{"href":"https:\/\/www.klinger-kempchen.de\/cs\/wp-json\/wp\/v2\/types\/page"}],"author":[{"embeddable":true,"href":"https:\/\/www.klinger-kempchen.de\/cs\/wp-json\/wp\/v2\/users\/1"}],"replies":[{"embeddable":true,"href":"https:\/\/www.klinger-kempchen.de\/cs\/wp-json\/wp\/v2\/comments?post=18996"}],"version-history":[{"count":0,"href":"https:\/\/www.klinger-kempchen.de\/cs\/wp-json\/wp\/v2\/pages\/18996\/revisions"}],"up":[{"embeddable":true,"href":"https:\/\/www.klinger-kempchen.de\/cs\/wp-json\/wp\/v2\/pages\/18802"}],"wp:featuredmedia":[{"embeddable":true,"href":"https:\/\/www.klinger-kempchen.de\/cs\/wp-json\/wp\/v2\/media\/18428"}],"wp:attachment":[{"href":"https:\/\/www.klinger-kempchen.de\/cs\/wp-json\/wp\/v2\/media?parent=18996"}],"curies":[{"name":"wp","href":"https:\/\/api.w.org\/{rel}","templated":true}]}}