{"id":19976,"date":"2023-10-31T11:16:52","date_gmt":"2023-10-31T10:16:52","guid":{"rendered":"https:\/\/www.klinger-kempchen.de\/?page_id=19976"},"modified":"2023-10-31T11:16:53","modified_gmt":"2023-10-31T10:16:53","slug":"navrh-a-vypocet-kovovych-tesneni","status":"publish","type":"page","link":"https:\/\/www.klinger-kempchen.de\/cs\/engineering-kontakty\/technicke-sluzby\/navrh-a-vypocet-kovovych-tesneni\/","title":{"rendered":"N\u00e1vrh a v\u00fdpo\u010det kovov\u00fdch t\u011bsn\u011bn\u00ed"},"content":{"rendered":"\n<h1 class=\"wp-block-heading advgb-dyn-2df016eb\">N\u00c1VRH A V\u00ddPO\u010cET KOVOV\u00ddCH T\u011aSN\u011aN\u00cd<\/h1>\n\n\n\n<h2 class=\"wp-block-heading advgb-dyn-4c7e280d\">Pro sotva m\u011b\u0159iteln\u00e9 nejmen\u0161\u00ed m\u00edry \u00fanik\u016f<\/h2>\n\n\n\n<div class=\"wp-block-columns is-layout-flex wp-container-core-columns-is-layout-9d6595d7 wp-block-columns-is-layout-flex\">\n<div class=\"wp-block-column is-layout-flow wp-block-column-is-layout-flow\" style=\"flex-basis:100%\">\n<p>Kovov\u00e1 t\u011bsn\u011bn\u00ed se v pr\u016fmyslu a v t\u011bsnic\u00ed technice vyskytuj\u00ed ve velk\u00e9m mno\u017estv\u00ed geometrick\u00fdch tvar\u016f a materi\u00e1l\u016f. \u0160k\u00e1la aplikac\u00ed kovov\u00fdch t\u011bsn\u011bn\u00ed za\u010d\u00edn\u00e1 tam, kde t\u011bsn\u011bn\u00ed z m\u011bkk\u00fdch materi\u00e1l\u016f, jako jsou vl\u00e1kna, grafit a elastomery, ji\u017e nepracuj\u00ed dostate\u010dn\u011b spolehliv\u011b p\u0159i provozn\u00edm tlaku nebo teplot\u011b, kterou je t\u0159eba ut\u011bsnit, nebo tam, kde hroz\u00ed nebezpe\u010d\u00ed selh\u00e1n\u00ed t\u011bsn\u011bn\u00ed. Konstrukce kovov\u00fdch t\u011bsn\u011bn\u00ed maj\u00ed potenci\u00e1l st\u00e1t se skute\u010dn\u011b &#8222;t\u011bsn\u00fdmi&#8220;, p\u0159i\u010dem\u017e &#8222;t\u011bsnost&#8220; lze v tomto bod\u011b ch\u00e1pat jako &#8222;rychlost \u00faniku, kter\u00e1 ji\u017e nen\u00ed m\u011b\u0159iteln\u00e1 (qL &lt; 10-10 mbar * l * s-1)&#8220;.<\/p>\n\n\n\n<p>Obecn\u011b \u0159e\u010deno: Obd\u00e9ln\u00edkov\u00e1 ploch\u00e1 t\u011bsn\u011bn\u00ed, t\u011bsn\u011bn\u00ed s kulov\u00fdm profilem, kulat\u00e1 dr\u00e1t\u011bn\u00e1 t\u011bsn\u011bn\u00ed, \u010do\u010dkov\u00e1 t\u011bsn\u011bn\u00ed, t\u011bsn\u011bn\u00ed s dvojit\u00fdm ku\u017eelem a t\u011bsn\u011bn\u00ed s krou\u017ekov\u00fdm spojem.<\/p>\n\n\n\n<p>jsou k dispozici v nes\u010detn\u00fdch materi\u00e1lech a kombinac\u00edch materi\u00e1l\u016f s povlaky i bez nich (nikl, m\u011b\u010f, st\u0159\u00edbro, \u2026). Krom\u011b v\u00fd\u0161e uveden\u00fdch forem t\u011bsn\u011bn\u00ed existuje tak\u00e9 n\u011bkolik dal\u0161\u00edch proveden\u00ed, jako jsou t\u011bsn\u011bn\u00ed s hrotem nebo t\u011bsn\u011bn\u00ed s C-krou\u017ekem.<\/p>\n\n\n\n<p>Do skupiny kovov\u00fdch t\u011bsn\u011bn\u00ed lze po\u010d\u00edtat i t\u011bsn\u011bn\u00ed s kovov\u00fdm pl\u00e1\u0161t\u011bm. A\u010dkoli je v tomto proveden\u00ed t\u011bsn\u011bn\u00ed do t\u011bsn\u011bn\u00ed za\u010dlen\u011bn m\u011bkk\u00fd materi\u00e1l, samotn\u00fd t\u011bsnic\u00ed \u00fa\u010dinek je \u010dist\u011b kovov\u00fd se v\u0161emi v\u00fdhodami a nev\u00fdhodami kovov\u00e9ho t\u011bsn\u011bn\u00ed.<\/p>\n<\/div>\n<\/div>\n\n\n\n<div class=\"wp-block-columns is-layout-flex wp-container-core-columns-is-layout-9d6595d7 wp-block-columns-is-layout-flex\">\n<div class=\"wp-block-column is-vertically-aligned-center is-layout-flow wp-block-column-is-layout-flow advgb-dyn-95452af5\" style=\"flex-basis:50%\">\n<p><strong>V\u00fdpo\u010det a n\u00e1vrh je na\u0161e know-how<\/strong><\/p>\n\n\n\n<p>Spole\u010dnost KLINGER Engineering technicky vy\u0159e\u0161ila n\u00e1vrh t\u011bsnic\u00edch spoj\u016f s kovov\u00fdmi protilehl\u00fdmi t\u011bsn\u011bn\u00edmi pro v\u0161echna kovov\u00e1 t\u011bsn\u011bn\u00ed dostupn\u00e1 na trhu.<\/p>\n<\/div>\n\n\n\n<div class=\"wp-block-column is-layout-flow wp-block-column-is-layout-flow\" style=\"flex-basis:50%\">\n<figure class=\"wp-block-image size-full\"><img loading=\"lazy\" decoding=\"async\" width=\"655\" height=\"410\" src=\"https:\/\/www.klinger-kempchen.de\/wp-content\/uploads\/2023\/05\/stress-dichtungsflaenchenpressung.gif\" alt=\"Dichtungsflaenchenpressung\" class=\"wp-image-16284\"\/><\/figure>\n<\/div>\n<\/div>\n\n\n\n<div class=\"wp-block-columns is-layout-flex wp-container-core-columns-is-layout-9d6595d7 wp-block-columns-is-layout-flex\">\n<div class=\"wp-block-column is-vertically-aligned-center is-layout-flow wp-block-column-is-layout-flow advgb-dyn-7874989e\" style=\"flex-basis:50%\">\n<figure class=\"wp-block-image size-full\"><img loading=\"lazy\" decoding=\"async\" width=\"655\" height=\"410\" src=\"https:\/\/www.klinger-kempchen.de\/wp-content\/uploads\/2023\/05\/stress-vergleichsspannung.gif\" alt=\"Vergleichsspannung\" class=\"wp-image-16282\"\/><\/figure>\n<\/div>\n\n\n\n<div class=\"wp-block-column is-vertically-aligned-center is-layout-flow wp-block-column-is-layout-flow\" style=\"flex-basis:50%\">\n<p>Rozhodli jsme se znovu prozkoumat a vyhodnotit tv\u00e1\u0159ec\u00ed a t\u011bsnic\u00ed vlastnosti kovov\u00fdch t\u011bsn\u011bn\u00ed s p\u0159ihl\u00e9dnut\u00edm ke v\u0161em vlastnostem materi\u00e1lu, jako je mez kluzu a tvrdost. D\u016fvodem je skute\u010dnost, \u017ee v\u00fdpo\u010det a konstrukce kovov\u00fdch t\u011bsnic\u00edch spoj\u016f nen\u00ed ve srovn\u00e1n\u00ed s jin\u00fdmi typy t\u011bsn\u011bn\u00ed nikterak trivi\u00e1ln\u00ed.<\/p>\n<\/div>\n<\/div>\n\n\n\n<div class=\"wp-block-columns is-layout-flex wp-container-core-columns-is-layout-9d6595d7 wp-block-columns-is-layout-flex\">\n<div class=\"wp-block-column is-vertically-aligned-center is-layout-flow wp-block-column-is-layout-flow advgb-dyn-95452af5\" style=\"flex-basis:50%\">\n<p><strong>V tuto chv\u00edli v\u00e1m nab\u00edz\u00edme \u0159adu v\u00fdpo\u010detn\u00edch \u0159e\u0161en\u00ed a v\u00fdklad\u016f.<\/strong><\/p>\n\n\n\n<ul class=\"wp-block-list\">\n<li>T\u011bsnic\u00ed spoje s dvojit\u00fdm ku\u017eelov\u00fdm t\u011bsn\u011bn\u00edm<\/li>\n<\/ul>\n<\/div>\n\n\n\n<div class=\"wp-block-column is-layout-flow wp-block-column-is-layout-flow\" style=\"flex-basis:50%\">\n<figure class=\"wp-block-image size-full\"><img loading=\"lazy\" decoding=\"async\" width=\"655\" height=\"410\" src=\"https:\/\/www.klinger-kempchen.de\/wp-content\/uploads\/2023\/05\/Doppelkonus-Dichtungen.gif\" alt=\"Doppelkonus-Dichtungen\" class=\"wp-image-16280\"\/><\/figure>\n<\/div>\n<\/div>\n\n\n\n<div class=\"wp-block-columns is-layout-flex wp-container-core-columns-is-layout-9d6595d7 wp-block-columns-is-layout-flex\">\n<div class=\"wp-block-column is-vertically-aligned-center is-layout-flow wp-block-column-is-layout-flow advgb-dyn-7874989e\" style=\"flex-basis:50%\">\n<figure class=\"wp-block-image size-full\"><img loading=\"lazy\" decoding=\"async\" width=\"655\" height=\"410\" src=\"https:\/\/www.klinger-kempchen.de\/wp-content\/uploads\/2023\/05\/Doppelkonus_Spalt.gif\" alt=\"Doppelkonus_Spalt\" class=\"wp-image-16278\"\/><\/figure>\n<\/div>\n\n\n\n<div class=\"wp-block-column is-vertically-aligned-center is-layout-flow wp-block-column-is-layout-flow\" style=\"flex-basis:50%\">\n<ul class=\"wp-block-list\">\n<li>T\u011bsn\u011bn\u00ed spoj\u016f pomoc\u00ed t\u011bsn\u011bn\u00ed \u010do\u010dek DIN<\/li>\n\n\n\n<li>T\u011bsnic\u00ed spoje s t\u011bsnic\u00edmi krou\u017eky podle ASME<\/li>\n\n\n\n<li>T\u011bsnic\u00ed spoje s t\u011bsn\u011bn\u00edm z korunov\u00e9ho profilu podle normy ASME<\/li>\n<\/ul>\n<\/div>\n<\/div>\n\n\n\n<h2 class=\"wp-block-heading\">Speci\u00e1ln\u00ed \u0159e\u0161en\u00ed d\u00edky know-how<\/h2>\n\n\n\n<p>D\u00edky na\u0161emu know-how a zku\u0161enostem jsme schopni posoudit a vyhodnotit prakticky jak\u00e9koliv speci\u00e1ln\u00ed \u0159e\u0161en\u00ed pomoc\u00ed nejmodern\u011bj\u0161\u00edch v\u00fdpo\u010dtov\u00fdch metod. D\u00edky na\u0161im t\u0159em vlastn\u00edm laborato\u0159\u00edm (mechanick\u00e1 laborato\u0159, chemick\u00e1 laborato\u0159 a pilotn\u00ed z\u00e1vod) m\u00e1me tak\u00e9 mo\u017enost ov\u011b\u0159it v\u00fdsledky v\u00fdpo\u010dt\u016f a proveditelnost s ohledem na v\u00fdrobn\u00ed technologii pomoc\u00ed zkou\u0161ek komponent.<\/p>\n\n\n\n<p>Pokud se krom\u011b pevnosti bere v \u00favahu tak\u00e9 t\u011bsnost, prov\u00e1d\u00ed se v\u00fdpo\u010det p\u0159\u00edrubov\u00fdch spoj\u016f citliv\u011b podle normy DIN EN 1591-1 nebo pon\u011bkud komplikovan\u011bji v kombinaci s dopl\u0148kovou nebo podp\u016frnou numerickou simulac\u00ed (FEA). Na tomto m\u00edst\u011b bychom r\u00e1di upozornili, \u017ee v\u0161echny ostatn\u00ed v sou\u010dasnosti pou\u017e\u00edvan\u00e9 p\u0159edpisy nejsou vhodn\u00e9 pro stanoven\u00ed smyslupln\u00fdch mont\u00e1\u017en\u00edch hodnot nebo o\u010dek\u00e1van\u00fdch t\u011bsnostn\u00edch vlastnost\u00ed v re\u00e1ln\u00fdch provozn\u00edch podm\u00ednk\u00e1ch. V\u00fdslovn\u011b je zde zahrnuta i Taylorova-Forgeova metoda, kter\u00e1 na prvn\u00ed dojem nazna\u010duje zohledn\u011bn\u00ed mont\u00e1\u017en\u00edch, zku\u0161ebn\u00edch a konstruk\u010dn\u00edch podm\u00ednek. V \u017e\u00e1dn\u00e9m p\u0159\u00edpad\u011b nen\u00ed vhodn\u00e1 pro ur\u010den\u00ed, zda lze syst\u00e9m skute\u010dn\u011b sestavit tak, aby spl\u0148oval po\u017eadavky na t\u011bsnost ve v\u0161ech uva\u017eovan\u00fdch zat\u011b\u017eovac\u00edch situac\u00edch. <\/p>\n\n\n\n<p>Na\u0161e v\u00fdpo\u010dty ur\u010duj\u00ed nej\u00fa\u010dinn\u011bj\u0161\u00ed p\u0159edp\u00ednac\u00ed s\u00edlu a z\u00e1rove\u0148 poskytuj\u00ed p\u0159edpov\u011b\u010f plastick\u00e9 deformace t\u011bsnic\u00edch bok\u016f. T\u00edm je sou\u010dasn\u011b zaji\u0161t\u011bna t\u011bsnost na jedn\u00e9 stran\u011b a omezena postupn\u00e1 plastifikace t\u011bsnic\u00edch ploch p\u0159\u00edrub na stran\u011b druh\u00e9. Nebo v\u00e1m m\u016f\u017eeme sd\u011blit, kdy je nutn\u00e9 mechanick\u00e9 opracov\u00e1n\u00ed t\u011bsnic\u00edch ploch.<\/p>\n\n\n\n<figure class=\"wp-block-gallery has-nested-images columns-4 is-cropped wp-block-gallery-1 is-layout-flex wp-block-gallery-is-layout-flex\">\n<figure class=\"wp-block-image size-large\"><a href=\"https:\/\/www.klinger-kempchen.de\/wp-content\/uploads\/2023\/05\/01-klinger-engineering-metallische-dichtungen.jpg\"><img loading=\"lazy\" decoding=\"async\" width=\"960\" height=\"600\" data-id=\"16291\" src=\"https:\/\/www.klinger-kempchen.de\/wp-content\/uploads\/2023\/05\/01-klinger-engineering-metallische-dichtungen.jpg\" alt=\"metallische Dichtungen 1\" class=\"wp-image-16291\" srcset=\"https:\/\/www.klinger-kempchen.de\/wp-content\/uploads\/2023\/05\/01-klinger-engineering-metallische-dichtungen.jpg 960w, https:\/\/www.klinger-kempchen.de\/wp-content\/uploads\/2023\/05\/01-klinger-engineering-metallische-dichtungen-768x480.jpg 768w\" sizes=\"auto, (max-width: 960px) 100vw, 960px\" \/><\/a><\/figure>\n\n\n\n<figure class=\"wp-block-image size-large\"><a href=\"https:\/\/www.klinger-kempchen.de\/wp-content\/uploads\/2023\/05\/02-klinger-engineering-metallische-dichtungen.jpg\"><img loading=\"lazy\" decoding=\"async\" width=\"960\" height=\"600\" data-id=\"16293\" src=\"https:\/\/www.klinger-kempchen.de\/wp-content\/uploads\/2023\/05\/02-klinger-engineering-metallische-dichtungen.jpg\" alt=\"metallische Dichtungen 2\" class=\"wp-image-16293\" srcset=\"https:\/\/www.klinger-kempchen.de\/wp-content\/uploads\/2023\/05\/02-klinger-engineering-metallische-dichtungen.jpg 960w, https:\/\/www.klinger-kempchen.de\/wp-content\/uploads\/2023\/05\/02-klinger-engineering-metallische-dichtungen-768x480.jpg 768w\" sizes=\"auto, (max-width: 960px) 100vw, 960px\" \/><\/a><\/figure>\n\n\n\n<figure class=\"wp-block-image size-large\"><a href=\"https:\/\/www.klinger-kempchen.de\/wp-content\/uploads\/2023\/05\/03-klinger-engineering-metallische-dichtungen.jpg\"><img loading=\"lazy\" decoding=\"async\" width=\"960\" height=\"600\" data-id=\"16295\" src=\"https:\/\/www.klinger-kempchen.de\/wp-content\/uploads\/2023\/05\/03-klinger-engineering-metallische-dichtungen.jpg\" alt=\"metallische Dichtungen 3\" class=\"wp-image-16295\" srcset=\"https:\/\/www.klinger-kempchen.de\/wp-content\/uploads\/2023\/05\/03-klinger-engineering-metallische-dichtungen.jpg 960w, https:\/\/www.klinger-kempchen.de\/wp-content\/uploads\/2023\/05\/03-klinger-engineering-metallische-dichtungen-768x480.jpg 768w\" sizes=\"auto, (max-width: 960px) 100vw, 960px\" \/><\/a><\/figure>\n\n\n\n<figure class=\"wp-block-image size-large\"><a href=\"https:\/\/www.klinger-kempchen.de\/wp-content\/uploads\/2023\/05\/04-klinger-engineering-metallische-dichtungen.jpg\"><img loading=\"lazy\" decoding=\"async\" width=\"960\" height=\"600\" data-id=\"16297\" src=\"https:\/\/www.klinger-kempchen.de\/wp-content\/uploads\/2023\/05\/04-klinger-engineering-metallische-dichtungen.jpg\" alt=\"metallische Dichtungen 4\" class=\"wp-image-16297\" srcset=\"https:\/\/www.klinger-kempchen.de\/wp-content\/uploads\/2023\/05\/04-klinger-engineering-metallische-dichtungen.jpg 960w, https:\/\/www.klinger-kempchen.de\/wp-content\/uploads\/2023\/05\/04-klinger-engineering-metallische-dichtungen-768x480.jpg 768w\" sizes=\"auto, (max-width: 960px) 100vw, 960px\" \/><\/a><\/figure>\n<\/figure>\n","protected":false},"excerpt":{"rendered":"<p>N\u00c1VRH A V\u00ddPO\u010cET KOVOV\u00ddCH T\u011aSN\u011aN\u00cd Pro sotva m\u011b\u0159iteln\u00e9 nejmen\u0161\u00ed m\u00edry \u00fanik\u016f Kovov\u00e1 t\u011bsn\u011bn\u00ed se v pr\u016fmyslu a v t\u011bsnic\u00ed technice vyskytuj\u00ed ve velk\u00e9m mno\u017estv\u00ed geometrick\u00fdch tvar\u016f a materi\u00e1l\u016f. \u0160k\u00e1la aplikac\u00ed kovov\u00fdch t\u011bsn\u011bn\u00ed za\u010d\u00edn\u00e1 tam, kde t\u011bsn\u011bn\u00ed z m\u011bkk\u00fdch materi\u00e1l\u016f, jako jsou vl\u00e1kna, grafit a elastomery, ji\u017e nepracuj\u00ed dostate\u010dn\u011b spolehliv\u011b p\u0159i provozn\u00edm tlaku nebo teplot\u011b, kterou [&hellip;]<\/p>\n","protected":false},"author":1,"featured_media":18370,"parent":18793,"menu_order":4,"comment_status":"closed","ping_status":"closed","template":"page-templates\/somos.php","meta":{"advgb_blocks_editor_width":"","advgb_blocks_columns_visual_guide":"","iawp_total_views":20,"footnotes":""},"class_list":["post-19976","page","type-page","status-publish","has-post-thumbnail","hentry"],"yoast_head":"<!-- This site is optimized with the Yoast SEO plugin v27.3 - https:\/\/yoast.com\/product\/yoast-seo-wordpress\/ -->\n<title>N\u00e1vrh a v\u00fdpo\u010det kovov\u00fdch t\u011bsn\u011bn\u00ed - KLINGER Kempchen<\/title>\n<meta name=\"description\" content=\"Kovov\u00e1 t\u011bsn\u011bn\u00ed se v pr\u016fmyslu a v t\u011bsnic\u00ed technice vyskytuj\u00ed ve velk\u00e9m mno\u017estv\u00ed geometrick\u00fdch tvar\u016f a materi\u00e1l\u016f.\" \/>\n<meta name=\"robots\" content=\"index, follow, max-snippet:-1, max-image-preview:large, max-video-preview:-1\" \/>\n<link rel=\"canonical\" href=\"https:\/\/www.klinger-kempchen.de\/engineering\/engineering-services\/berechnung-metalldichtungen\/\" \/>\n<meta property=\"og:locale\" content=\"cs_CZ\" \/>\n<meta property=\"og:type\" content=\"article\" \/>\n<meta property=\"og:title\" content=\"N\u00e1vrh a v\u00fdpo\u010det kovov\u00fdch t\u011bsn\u011bn\u00ed - KLINGER Kempchen\" \/>\n<meta property=\"og:description\" content=\"Kovov\u00e1 t\u011bsn\u011bn\u00ed se v pr\u016fmyslu a v t\u011bsnic\u00ed technice vyskytuj\u00ed ve velk\u00e9m mno\u017estv\u00ed geometrick\u00fdch tvar\u016f a materi\u00e1l\u016f.\" \/>\n<meta property=\"og:url\" content=\"https:\/\/www.klinger-kempchen.de\/engineering\/engineering-services\/berechnung-metalldichtungen\/\" \/>\n<meta property=\"og:site_name\" content=\"KLINGER Kempchen\" \/>\n<meta property=\"article:modified_time\" content=\"2023-10-31T10:16:53+00:00\" \/>\n<meta property=\"og:image\" content=\"https:\/\/www.klinger-kempchen.de\/wp-content\/uploads\/2023\/05\/Metalldichtungen.jpg\" \/>\n\t<meta property=\"og:image:width\" content=\"1400\" \/>\n\t<meta property=\"og:image:height\" content=\"350\" \/>\n\t<meta property=\"og:image:type\" content=\"image\/jpeg\" \/>\n<meta name=\"twitter:label1\" content=\"Odhadovan\u00e1 doba \u010dten\u00ed\" \/>\n\t<meta name=\"twitter:data1\" content=\"4 minuty\" \/>\n<!-- \/ Yoast SEO plugin. -->","yoast_head_json":{"title":"N\u00e1vrh a v\u00fdpo\u010det kovov\u00fdch t\u011bsn\u011bn\u00ed - KLINGER Kempchen","description":"Kovov\u00e1 t\u011bsn\u011bn\u00ed se v pr\u016fmyslu a v t\u011bsnic\u00ed technice vyskytuj\u00ed ve velk\u00e9m mno\u017estv\u00ed geometrick\u00fdch tvar\u016f a materi\u00e1l\u016f.","robots":{"index":"index","follow":"follow","max-snippet":"max-snippet:-1","max-image-preview":"max-image-preview:large","max-video-preview":"max-video-preview:-1"},"canonical":"https:\/\/www.klinger-kempchen.de\/engineering\/engineering-services\/berechnung-metalldichtungen\/","og_locale":"cs_CZ","og_type":"article","og_title":"N\u00e1vrh a v\u00fdpo\u010det kovov\u00fdch t\u011bsn\u011bn\u00ed - KLINGER Kempchen","og_description":"Kovov\u00e1 t\u011bsn\u011bn\u00ed se v pr\u016fmyslu a v t\u011bsnic\u00ed technice vyskytuj\u00ed ve velk\u00e9m mno\u017estv\u00ed geometrick\u00fdch tvar\u016f a materi\u00e1l\u016f.","og_url":"https:\/\/www.klinger-kempchen.de\/engineering\/engineering-services\/berechnung-metalldichtungen\/","og_site_name":"KLINGER Kempchen","article_modified_time":"2023-10-31T10:16:53+00:00","og_image":[{"width":1400,"height":350,"url":"https:\/\/www.klinger-kempchen.de\/wp-content\/uploads\/2023\/05\/Metalldichtungen.jpg","type":"image\/jpeg"}],"twitter_misc":{"Odhadovan\u00e1 doba \u010dten\u00ed":"4 minuty"},"schema":{"@context":"https:\/\/schema.org","@graph":[{"@type":"WebPage","@id":"https:\/\/www.klinger-kempchen.de\/engineering\/engineering-services\/berechnung-metalldichtungen\/","url":"https:\/\/www.klinger-kempchen.de\/engineering\/engineering-services\/berechnung-metalldichtungen\/","name":"N\u00e1vrh a v\u00fdpo\u010det kovov\u00fdch t\u011bsn\u011bn\u00ed - KLINGER Kempchen","isPartOf":{"@id":"https:\/\/www.klinger-kempchen.de\/#website"},"primaryImageOfPage":{"@id":"https:\/\/www.klinger-kempchen.de\/engineering\/engineering-services\/berechnung-metalldichtungen\/#primaryimage"},"image":{"@id":"https:\/\/www.klinger-kempchen.de\/engineering\/engineering-services\/berechnung-metalldichtungen\/#primaryimage"},"thumbnailUrl":"https:\/\/www.klinger-kempchen.de\/wp-content\/uploads\/2023\/05\/Metalldichtungen.jpg","datePublished":"2023-10-31T10:16:52+00:00","dateModified":"2023-10-31T10:16:53+00:00","description":"Kovov\u00e1 t\u011bsn\u011bn\u00ed se v pr\u016fmyslu a v t\u011bsnic\u00ed technice vyskytuj\u00ed ve velk\u00e9m mno\u017estv\u00ed geometrick\u00fdch tvar\u016f a materi\u00e1l\u016f.","breadcrumb":{"@id":"https:\/\/www.klinger-kempchen.de\/engineering\/engineering-services\/berechnung-metalldichtungen\/#breadcrumb"},"inLanguage":"cs","potentialAction":[{"@type":"ReadAction","target":["https:\/\/www.klinger-kempchen.de\/engineering\/engineering-services\/berechnung-metalldichtungen\/"]}]},{"@type":"ImageObject","inLanguage":"cs","@id":"https:\/\/www.klinger-kempchen.de\/engineering\/engineering-services\/berechnung-metalldichtungen\/#primaryimage","url":"https:\/\/www.klinger-kempchen.de\/wp-content\/uploads\/2023\/05\/Metalldichtungen.jpg","contentUrl":"https:\/\/www.klinger-kempchen.de\/wp-content\/uploads\/2023\/05\/Metalldichtungen.jpg","width":1400,"height":350},{"@type":"BreadcrumbList","@id":"https:\/\/www.klinger-kempchen.de\/engineering\/engineering-services\/berechnung-metalldichtungen\/#breadcrumb","itemListElement":[{"@type":"ListItem","position":1,"name":"Home","item":"https:\/\/www.klinger-kempchen.de\/"},{"@type":"ListItem","position":2,"name":"Engineering","item":"https:\/\/www.klinger-kempchen.de\/cs\/engineering-kontakty\/"},{"@type":"ListItem","position":3,"name":"Technick\u00e9 slu\u017eby","item":"https:\/\/www.klinger-kempchen.de\/cs\/engineering-kontakty\/technicke-sluzby\/"},{"@type":"ListItem","position":4,"name":"N\u00e1vrh a v\u00fdpo\u010det kovov\u00fdch t\u011bsn\u011bn\u00ed"}]},{"@type":"WebSite","@id":"https:\/\/www.klinger-kempchen.de\/#website","url":"https:\/\/www.klinger-kempchen.de\/","name":"KLINGER Kempchen","description":"KLINGER Kempchen","publisher":{"@id":"https:\/\/www.klinger-kempchen.de\/#organization"},"potentialAction":[{"@type":"SearchAction","target":{"@type":"EntryPoint","urlTemplate":"https:\/\/www.klinger-kempchen.de\/?s={search_term_string}"},"query-input":{"@type":"PropertyValueSpecification","valueRequired":true,"valueName":"search_term_string"}}],"inLanguage":"cs"},{"@type":"Organization","@id":"https:\/\/www.klinger-kempchen.de\/#organization","name":"KLINGER-Kempchen","url":"https:\/\/www.klinger-kempchen.de\/","logo":{"@type":"ImageObject","inLanguage":"cs","@id":"https:\/\/www.klinger-kempchen.de\/#\/schema\/logo\/image\/","url":"https:\/\/www.klinger-kempchen.de\/wp-content\/uploads\/2020\/06\/cropped-Klinger-Kempchen-Logo.png","contentUrl":"https:\/\/www.klinger-kempchen.de\/wp-content\/uploads\/2020\/06\/cropped-Klinger-Kempchen-Logo.png","width":512,"height":512,"caption":"KLINGER-Kempchen"},"image":{"@id":"https:\/\/www.klinger-kempchen.de\/#\/schema\/logo\/image\/"}}]}},"coauthors":[],"author_meta":{"author_link":"https:\/\/www.klinger-kempchen.de\/cs\/author\/administrador\/","display_name":"administrador"},"relative_dates":{"created":"Posted 2 roky ago","modified":"Updated 2 roky ago"},"absolute_dates":{"created":"Posted on 31 \u0159\u00edjna 2023","modified":"Updated on 31 \u0159\u00edjna 2023"},"absolute_dates_time":{"created":"Posted on 31 \u0159\u00edjna 2023 11:16","modified":"Updated on 31 \u0159\u00edjna 2023 11:16"},"featured_img_caption":"","featured_img":"https:\/\/www.klinger-kempchen.de\/wp-content\/uploads\/2023\/05\/Metalldichtungen.jpg","series_order":"","_links":{"self":[{"href":"https:\/\/www.klinger-kempchen.de\/cs\/wp-json\/wp\/v2\/pages\/19976","targetHints":{"allow":["GET"]}}],"collection":[{"href":"https:\/\/www.klinger-kempchen.de\/cs\/wp-json\/wp\/v2\/pages"}],"about":[{"href":"https:\/\/www.klinger-kempchen.de\/cs\/wp-json\/wp\/v2\/types\/page"}],"author":[{"embeddable":true,"href":"https:\/\/www.klinger-kempchen.de\/cs\/wp-json\/wp\/v2\/users\/1"}],"replies":[{"embeddable":true,"href":"https:\/\/www.klinger-kempchen.de\/cs\/wp-json\/wp\/v2\/comments?post=19976"}],"version-history":[{"count":0,"href":"https:\/\/www.klinger-kempchen.de\/cs\/wp-json\/wp\/v2\/pages\/19976\/revisions"}],"up":[{"embeddable":true,"href":"https:\/\/www.klinger-kempchen.de\/cs\/wp-json\/wp\/v2\/pages\/18793"}],"wp:featuredmedia":[{"embeddable":true,"href":"https:\/\/www.klinger-kempchen.de\/cs\/wp-json\/wp\/v2\/media\/18370"}],"wp:attachment":[{"href":"https:\/\/www.klinger-kempchen.de\/cs\/wp-json\/wp\/v2\/media?parent=19976"}],"curies":[{"name":"wp","href":"https:\/\/api.w.org\/{rel}","templated":true}]}}