{"id":20378,"date":"2023-11-29T14:08:11","date_gmt":"2023-11-29T13:08:11","guid":{"rendered":"https:\/\/www.klinger-kempchen.de\/?page_id=20378"},"modified":"2024-03-11T16:26:39","modified_gmt":"2024-03-11T15:26:39","slug":"instrukce","status":"publish","type":"page","link":"https:\/\/www.klinger-kempchen.de\/cs\/kvalita\/instrukce\/","title":{"rendered":"Instrukce"},"content":{"rendered":"\n<h1 class=\"wp-block-heading h3\">INSTRUKCE POKYNY A N\u00c1VODY<\/h1>\n\n\n\n<p>St\u00e1hn\u011bte si r\u016fzn\u00e9 pokyny a pochopte, jak spr\u00e1vn\u011b pou\u017e\u00edvat na\u0161e  <a href=\"https:\/\/www.klinger-kempchen.de\/cs\/produkty\/\">V\u00fdrobky<\/a>.<\/p>\n\n\n\n<div class=\"wp-block-columns is-layout-flex wp-container-core-columns-is-layout-9d6595d7 wp-block-columns-is-layout-flex\">\n<div class=\"wp-block-column is-layout-flow wp-block-column-is-layout-flow\">\n<figure class=\"wp-block-image size-large is-resized\"><a href=\"https:\/\/www.klinger-kempchen.de\/wp-content\/uploads\/2020\/07\/Einbau-Flachdichtung.pdf\"><img loading=\"lazy\" decoding=\"async\" width=\"450\" height=\"657\" src=\"https:\/\/www.klinger-kempchen.de\/wp-content\/uploads\/2020\/07\/Einbau-Flachdichtung.jpg\" alt=\"Anweisungen: Hier Einbauanleitung f\u00fcr Flachdichtungen\" class=\"wp-image-8349\" style=\"height:500px\" title=\"Anweisungen\"\/><\/a><\/figure>\n<\/div>\n\n\n\n<div class=\"wp-block-column is-layout-flow wp-block-column-is-layout-flow\">\n<figure class=\"wp-block-image size-large is-resized\"><a href=\"https:\/\/www.klinger-kempchen.de\/wp-content\/uploads\/2020\/07\/Wegweiser-Dichtverbindung.pdf\"><img loading=\"lazy\" decoding=\"async\" width=\"400\" height=\"575\" src=\"https:\/\/www.klinger-kempchen.de\/wp-content\/uploads\/2020\/07\/Wegweiser-Dichtverbindung.jpg\" alt=\"Anweisungen: Hier Wegweiser f\u00fcr eine sichere Dichtverbindung an Flanschen\" class=\"wp-image-8356\" style=\"height:500px\" title=\"Anweisungen\" srcset=\"https:\/\/www.klinger-kempchen.de\/wp-content\/uploads\/2020\/07\/Wegweiser-Dichtverbindung.jpg 400w, https:\/\/www.klinger-kempchen.de\/wp-content\/uploads\/2020\/07\/Wegweiser-Dichtverbindung-14x20.jpg 14w\" sizes=\"auto, (max-width: 400px) 100vw, 400px\" \/><\/a><\/figure>\n<\/div>\n\n\n\n<div class=\"wp-block-column is-layout-flow wp-block-column-is-layout-flow\"><\/div>\n<\/div>\n\n\n\n<p><\/p>\n","protected":false},"excerpt":{"rendered":"<p>INSTRUKCE POKYNY A N\u00c1VODY St\u00e1hn\u011bte si r\u016fzn\u00e9 pokyny a pochopte, jak spr\u00e1vn\u011b pou\u017e\u00edvat na\u0161e V\u00fdrobky.<\/p>\n","protected":false},"author":10,"featured_media":17571,"parent":18688,"menu_order":5,"comment_status":"closed","ping_status":"closed","template":"page-templates\/somos.php","meta":{"advgb_blocks_editor_width":"","advgb_blocks_columns_visual_guide":"","iawp_total_views":2,"footnotes":""},"class_list":["post-20378","page","type-page","status-publish","has-post-thumbnail","hentry"],"yoast_head":"<!-- This site is optimized with the Yoast SEO plugin v27.3 - https:\/\/yoast.com\/product\/yoast-seo-wordpress\/ -->\n<title>Instrukce - KLINGER Kempchen<\/title>\n<meta name=\"robots\" content=\"index, follow, max-snippet:-1, max-image-preview:large, max-video-preview:-1\" \/>\n<link rel=\"canonical\" href=\"https:\/\/www.klinger-kempchen.de\/qualitaet\/anweisungen\/\" \/>\n<meta property=\"og:locale\" content=\"cs_CZ\" \/>\n<meta property=\"og:type\" content=\"article\" \/>\n<meta property=\"og:title\" content=\"Instrukce - KLINGER Kempchen\" \/>\n<meta property=\"og:description\" content=\"INSTRUKCE POKYNY A N\u00c1VODY St\u00e1hn\u011bte si r\u016fzn\u00e9 pokyny a pochopte, jak spr\u00e1vn\u011b pou\u017e\u00edvat na\u0161e V\u00fdrobky.\" \/>\n<meta property=\"og:url\" content=\"https:\/\/www.klinger-kempchen.de\/qualitaet\/anweisungen\/\" \/>\n<meta property=\"og:site_name\" content=\"KLINGER Kempchen\" \/>\n<meta property=\"article:modified_time\" content=\"2024-03-11T15:26:39+00:00\" \/>\n<meta property=\"og:image\" content=\"https:\/\/www.klinger-kempchen.de\/wp-content\/uploads\/2020\/07\/Dummy.jpg\" \/>\n\t<meta property=\"og:image:width\" content=\"1400\" \/>\n\t<meta property=\"og:image:height\" content=\"334\" \/>\n\t<meta property=\"og:image:type\" content=\"image\/jpeg\" \/>\n<!-- \/ Yoast SEO plugin. -->","yoast_head_json":{"title":"Instrukce - KLINGER Kempchen","robots":{"index":"index","follow":"follow","max-snippet":"max-snippet:-1","max-image-preview":"max-image-preview:large","max-video-preview":"max-video-preview:-1"},"canonical":"https:\/\/www.klinger-kempchen.de\/qualitaet\/anweisungen\/","og_locale":"cs_CZ","og_type":"article","og_title":"Instrukce - KLINGER Kempchen","og_description":"INSTRUKCE POKYNY A N\u00c1VODY St\u00e1hn\u011bte si r\u016fzn\u00e9 pokyny a pochopte, jak spr\u00e1vn\u011b pou\u017e\u00edvat na\u0161e V\u00fdrobky.","og_url":"https:\/\/www.klinger-kempchen.de\/qualitaet\/anweisungen\/","og_site_name":"KLINGER Kempchen","article_modified_time":"2024-03-11T15:26:39+00:00","og_image":[{"width":1400,"height":334,"url":"https:\/\/www.klinger-kempchen.de\/wp-content\/uploads\/2020\/07\/Dummy.jpg","type":"image\/jpeg"}],"schema":{"@context":"https:\/\/schema.org","@graph":[{"@type":"WebPage","@id":"https:\/\/www.klinger-kempchen.de\/qualitaet\/anweisungen\/","url":"https:\/\/www.klinger-kempchen.de\/qualitaet\/anweisungen\/","name":"Instrukce - KLINGER Kempchen","isPartOf":{"@id":"https:\/\/www.klinger-kempchen.de\/#website"},"primaryImageOfPage":{"@id":"https:\/\/www.klinger-kempchen.de\/qualitaet\/anweisungen\/#primaryimage"},"image":{"@id":"https:\/\/www.klinger-kempchen.de\/qualitaet\/anweisungen\/#primaryimage"},"thumbnailUrl":"https:\/\/www.klinger-kempchen.de\/wp-content\/uploads\/2020\/07\/Dummy.jpg","datePublished":"2023-11-29T13:08:11+00:00","dateModified":"2024-03-11T15:26:39+00:00","breadcrumb":{"@id":"https:\/\/www.klinger-kempchen.de\/qualitaet\/anweisungen\/#breadcrumb"},"inLanguage":"cs","potentialAction":[{"@type":"ReadAction","target":["https:\/\/www.klinger-kempchen.de\/qualitaet\/anweisungen\/"]}]},{"@type":"ImageObject","inLanguage":"cs","@id":"https:\/\/www.klinger-kempchen.de\/qualitaet\/anweisungen\/#primaryimage","url":"https:\/\/www.klinger-kempchen.de\/wp-content\/uploads\/2020\/07\/Dummy.jpg","contentUrl":"https:\/\/www.klinger-kempchen.de\/wp-content\/uploads\/2020\/07\/Dummy.jpg","width":1400,"height":334},{"@type":"BreadcrumbList","@id":"https:\/\/www.klinger-kempchen.de\/qualitaet\/anweisungen\/#breadcrumb","itemListElement":[{"@type":"ListItem","position":1,"name":"Home","item":"https:\/\/www.klinger-kempchen.de\/"},{"@type":"ListItem","position":2,"name":"Kvalita","item":"https:\/\/www.klinger-kempchen.de\/cs\/kvalita\/"},{"@type":"ListItem","position":3,"name":"Instrukce"}]},{"@type":"WebSite","@id":"https:\/\/www.klinger-kempchen.de\/#website","url":"https:\/\/www.klinger-kempchen.de\/","name":"KLINGER Kempchen","description":"KLINGER Kempchen","publisher":{"@id":"https:\/\/www.klinger-kempchen.de\/#organization"},"potentialAction":[{"@type":"SearchAction","target":{"@type":"EntryPoint","urlTemplate":"https:\/\/www.klinger-kempchen.de\/?s={search_term_string}"},"query-input":{"@type":"PropertyValueSpecification","valueRequired":true,"valueName":"search_term_string"}}],"inLanguage":"cs"},{"@type":"Organization","@id":"https:\/\/www.klinger-kempchen.de\/#organization","name":"KLINGER-Kempchen","url":"https:\/\/www.klinger-kempchen.de\/","logo":{"@type":"ImageObject","inLanguage":"cs","@id":"https:\/\/www.klinger-kempchen.de\/#\/schema\/logo\/image\/","url":"https:\/\/www.klinger-kempchen.de\/wp-content\/uploads\/2020\/06\/cropped-Klinger-Kempchen-Logo.png","contentUrl":"https:\/\/www.klinger-kempchen.de\/wp-content\/uploads\/2020\/06\/cropped-Klinger-Kempchen-Logo.png","width":512,"height":512,"caption":"KLINGER-Kempchen"},"image":{"@id":"https:\/\/www.klinger-kempchen.de\/#\/schema\/logo\/image\/"}}]}},"coauthors":[],"author_meta":{"author_link":"https:\/\/www.klinger-kempchen.de\/cs\/author\/vesely\/","display_name":"Vlastislav Vesel\u00fd"},"relative_dates":{"created":"Posted 2 roky ago","modified":"Updated 2 roky ago"},"absolute_dates":{"created":"Posted on 29 listopadu 2023","modified":"Updated on 11 b\u0159ezna 2024"},"absolute_dates_time":{"created":"Posted on 29 listopadu 2023 14:08","modified":"Updated on 11 b\u0159ezna 2024 16:26"},"featured_img_caption":"","featured_img":"https:\/\/www.klinger-kempchen.de\/wp-content\/uploads\/2020\/07\/Dummy.jpg","series_order":"","_links":{"self":[{"href":"https:\/\/www.klinger-kempchen.de\/cs\/wp-json\/wp\/v2\/pages\/20378","targetHints":{"allow":["GET"]}}],"collection":[{"href":"https:\/\/www.klinger-kempchen.de\/cs\/wp-json\/wp\/v2\/pages"}],"about":[{"href":"https:\/\/www.klinger-kempchen.de\/cs\/wp-json\/wp\/v2\/types\/page"}],"author":[{"embeddable":true,"href":"https:\/\/www.klinger-kempchen.de\/cs\/wp-json\/wp\/v2\/users\/10"}],"replies":[{"embeddable":true,"href":"https:\/\/www.klinger-kempchen.de\/cs\/wp-json\/wp\/v2\/comments?post=20378"}],"version-history":[{"count":0,"href":"https:\/\/www.klinger-kempchen.de\/cs\/wp-json\/wp\/v2\/pages\/20378\/revisions"}],"up":[{"embeddable":true,"href":"https:\/\/www.klinger-kempchen.de\/cs\/wp-json\/wp\/v2\/pages\/18688"}],"wp:featuredmedia":[{"embeddable":true,"href":"https:\/\/www.klinger-kempchen.de\/cs\/wp-json\/wp\/v2\/media\/17571"}],"wp:attachment":[{"href":"https:\/\/www.klinger-kempchen.de\/cs\/wp-json\/wp\/v2\/media?parent=20378"}],"curies":[{"name":"wp","href":"https:\/\/api.w.org\/{rel}","templated":true}]}}