{"id":20384,"date":"2023-11-29T14:15:36","date_gmt":"2023-11-29T13:15:36","guid":{"rendered":"https:\/\/www.klinger-kempchen.de\/?page_id=20384"},"modified":"2024-03-11T16:26:16","modified_gmt":"2024-03-11T15:26:16","slug":"downloady","status":"publish","type":"page","link":"https:\/\/www.klinger-kempchen.de\/cs\/kvalita\/downloady\/","title":{"rendered":"Downloady"},"content":{"rendered":"\n<h1 class=\"wp-block-heading h3\">DOWNLOAD<\/h1>\n\n\n\n<h2 class=\"wp-block-heading h4\">V t\u00e9to \u010d\u00e1sti  naleznete materi\u00e1ly a dal\u0161\u00ed obecn\u00e9 informace o na\u0161ich produktech a na\u0161\u00ed spole\u010dnosti.<\/h2>\n\n\n\n<figure class=\"wp-block-table\"><table><tbody><tr><td><a href=\"https:\/\/www.klinger-kempchen.de\/wp-content\/uploads\/2020\/07\/KLINGER-Kempchen-Katalog-D.pdf\"><img loading=\"lazy\" decoding=\"async\" width=\"300\" height=\"431\" class=\"wp-image-8375\" style=\"width: 300px;\" src=\"https:\/\/www.klinger-kempchen.de\/wp-content\/uploads\/2020\/07\/Katalog-D.jpg\" alt=\"Katalog-D\"><\/a><\/td><td><a href=\"http:\/\/www.klinger-kempchen.de\/wp-content\/uploads\/2023\/09\/KLKE-VertrauenVerbindet-DE.pdf\"><img loading=\"lazy\" decoding=\"async\" width=\"300\" height=\"422\" class=\"wp-image-8373\" style=\"width: 300px;\" src=\"https:\/\/www.klinger-kempchen.de\/wp-content\/uploads\/2020\/07\/Image-D.jpg\" alt=\"Image-D\" srcset=\"https:\/\/www.klinger-kempchen.de\/wp-content\/uploads\/2020\/07\/Image-D.jpg 317w, https:\/\/www.klinger-kempchen.de\/wp-content\/uploads\/2020\/07\/Image-D-14x20.jpg 14w\" sizes=\"auto, (max-width: 300px) 100vw, 300px\" \/><\/a><\/td><td><a href=\"https:\/\/www.klinger-kempchen.de\/wp-content\/uploads\/2020\/07\/Metallkompensatoren-D.pdf\" target=\"_blank\" rel=\"noreferrer noopener\"><img loading=\"lazy\" decoding=\"async\" width=\"300\" height=\"423\" class=\"wp-image-8371\" style=\"width: 300px;\" src=\"https:\/\/www.klinger-kempchen.de\/wp-content\/uploads\/2020\/07\/Metallkompensatoren-D.jpg\" alt=\"Metallkompensatoren\"><\/a><\/td><td><a href=\"https:\/\/www.klinger-kempchen.de\/wp-content\/uploads\/2020\/07\/Dichtungen-D.pdf\" target=\"_blank\" rel=\"noreferrer noopener\"><img loading=\"lazy\" decoding=\"async\" width=\"300\" height=\"422\" class=\"wp-image-8369\" style=\"width: 300px;\" src=\"https:\/\/www.klinger-kempchen.de\/wp-content\/uploads\/2020\/07\/Dichtungen-D.jpg\" alt=\"Dichtungen\"><\/a><\/td><\/tr><tr><td><a href=\"http:\/\/klinger-kempchen.de\/wp-content\/uploads\/2023\/08\/KLKE_BRO_Engineering_A4_DE-05.pdf\" target=\"_blank\" rel=\"noreferrer noopener\"><img loading=\"lazy\" decoding=\"async\" width=\"300\" height=\"423\" class=\"wp-image-19064\" style=\"width: 300px;\" src=\"https:\/\/www.klinger-kempchen.de\/wp-content\/uploads\/2023\/08\/Engineering-d.jpg\" alt=\"Engineering\"><\/a><\/td><td><\/td><td><\/td><td><\/td><\/tr><\/tbody><\/table><\/figure>\n","protected":false},"excerpt":{"rendered":"<p>DOWNLOAD V t\u00e9to \u010d\u00e1sti naleznete materi\u00e1ly a dal\u0161\u00ed obecn\u00e9 informace o na\u0161ich produktech a na\u0161\u00ed spole\u010dnosti.<\/p>\n","protected":false},"author":10,"featured_media":17571,"parent":18688,"menu_order":5,"comment_status":"closed","ping_status":"closed","template":"page-templates\/somos.php","meta":{"advgb_blocks_editor_width":"","advgb_blocks_columns_visual_guide":"","iawp_total_views":5,"footnotes":""},"class_list":["post-20384","page","type-page","status-publish","has-post-thumbnail","hentry"],"yoast_head":"<!-- This site is optimized with the Yoast SEO plugin v27.3 - https:\/\/yoast.com\/product\/yoast-seo-wordpress\/ -->\n<title>Downloady - KLINGER Kempchen<\/title>\n<meta name=\"robots\" content=\"index, follow, max-snippet:-1, max-image-preview:large, max-video-preview:-1\" \/>\n<link rel=\"canonical\" href=\"https:\/\/www.klinger-kempchen.de\/qualitaet\/downloads\/\" \/>\n<meta property=\"og:locale\" content=\"cs_CZ\" \/>\n<meta property=\"og:type\" content=\"article\" \/>\n<meta property=\"og:title\" content=\"Downloady - KLINGER Kempchen\" \/>\n<meta property=\"og:description\" content=\"DOWNLOAD V t\u00e9to \u010d\u00e1sti naleznete materi\u00e1ly a dal\u0161\u00ed obecn\u00e9 informace o na\u0161ich produktech a na\u0161\u00ed spole\u010dnosti.\" \/>\n<meta property=\"og:url\" content=\"https:\/\/www.klinger-kempchen.de\/qualitaet\/downloads\/\" \/>\n<meta property=\"og:site_name\" content=\"KLINGER Kempchen\" \/>\n<meta property=\"article:modified_time\" content=\"2024-03-11T15:26:16+00:00\" \/>\n<meta property=\"og:image\" content=\"https:\/\/www.klinger-kempchen.de\/wp-content\/uploads\/2020\/07\/Dummy.jpg\" \/>\n\t<meta property=\"og:image:width\" content=\"1400\" \/>\n\t<meta property=\"og:image:height\" content=\"334\" \/>\n\t<meta property=\"og:image:type\" content=\"image\/jpeg\" \/>\n<!-- \/ Yoast SEO plugin. -->","yoast_head_json":{"title":"Downloady - KLINGER Kempchen","robots":{"index":"index","follow":"follow","max-snippet":"max-snippet:-1","max-image-preview":"max-image-preview:large","max-video-preview":"max-video-preview:-1"},"canonical":"https:\/\/www.klinger-kempchen.de\/qualitaet\/downloads\/","og_locale":"cs_CZ","og_type":"article","og_title":"Downloady - KLINGER Kempchen","og_description":"DOWNLOAD V t\u00e9to \u010d\u00e1sti naleznete materi\u00e1ly a dal\u0161\u00ed obecn\u00e9 informace o na\u0161ich produktech a na\u0161\u00ed spole\u010dnosti.","og_url":"https:\/\/www.klinger-kempchen.de\/qualitaet\/downloads\/","og_site_name":"KLINGER Kempchen","article_modified_time":"2024-03-11T15:26:16+00:00","og_image":[{"width":1400,"height":334,"url":"https:\/\/www.klinger-kempchen.de\/wp-content\/uploads\/2020\/07\/Dummy.jpg","type":"image\/jpeg"}],"schema":{"@context":"https:\/\/schema.org","@graph":[{"@type":"WebPage","@id":"https:\/\/www.klinger-kempchen.de\/qualitaet\/downloads\/","url":"https:\/\/www.klinger-kempchen.de\/qualitaet\/downloads\/","name":"Downloady - KLINGER Kempchen","isPartOf":{"@id":"https:\/\/www.klinger-kempchen.de\/#website"},"primaryImageOfPage":{"@id":"https:\/\/www.klinger-kempchen.de\/qualitaet\/downloads\/#primaryimage"},"image":{"@id":"https:\/\/www.klinger-kempchen.de\/qualitaet\/downloads\/#primaryimage"},"thumbnailUrl":"https:\/\/www.klinger-kempchen.de\/wp-content\/uploads\/2020\/07\/Dummy.jpg","datePublished":"2023-11-29T13:15:36+00:00","dateModified":"2024-03-11T15:26:16+00:00","breadcrumb":{"@id":"https:\/\/www.klinger-kempchen.de\/qualitaet\/downloads\/#breadcrumb"},"inLanguage":"cs","potentialAction":[{"@type":"ReadAction","target":["https:\/\/www.klinger-kempchen.de\/qualitaet\/downloads\/"]}]},{"@type":"ImageObject","inLanguage":"cs","@id":"https:\/\/www.klinger-kempchen.de\/qualitaet\/downloads\/#primaryimage","url":"https:\/\/www.klinger-kempchen.de\/wp-content\/uploads\/2020\/07\/Dummy.jpg","contentUrl":"https:\/\/www.klinger-kempchen.de\/wp-content\/uploads\/2020\/07\/Dummy.jpg","width":1400,"height":334},{"@type":"BreadcrumbList","@id":"https:\/\/www.klinger-kempchen.de\/qualitaet\/downloads\/#breadcrumb","itemListElement":[{"@type":"ListItem","position":1,"name":"Home","item":"https:\/\/www.klinger-kempchen.de\/"},{"@type":"ListItem","position":2,"name":"Kvalita","item":"https:\/\/www.klinger-kempchen.de\/cs\/kvalita\/"},{"@type":"ListItem","position":3,"name":"Downloady"}]},{"@type":"WebSite","@id":"https:\/\/www.klinger-kempchen.de\/#website","url":"https:\/\/www.klinger-kempchen.de\/","name":"KLINGER Kempchen","description":"KLINGER Kempchen","publisher":{"@id":"https:\/\/www.klinger-kempchen.de\/#organization"},"potentialAction":[{"@type":"SearchAction","target":{"@type":"EntryPoint","urlTemplate":"https:\/\/www.klinger-kempchen.de\/?s={search_term_string}"},"query-input":{"@type":"PropertyValueSpecification","valueRequired":true,"valueName":"search_term_string"}}],"inLanguage":"cs"},{"@type":"Organization","@id":"https:\/\/www.klinger-kempchen.de\/#organization","name":"KLINGER-Kempchen","url":"https:\/\/www.klinger-kempchen.de\/","logo":{"@type":"ImageObject","inLanguage":"cs","@id":"https:\/\/www.klinger-kempchen.de\/#\/schema\/logo\/image\/","url":"https:\/\/www.klinger-kempchen.de\/wp-content\/uploads\/2020\/06\/cropped-Klinger-Kempchen-Logo.png","contentUrl":"https:\/\/www.klinger-kempchen.de\/wp-content\/uploads\/2020\/06\/cropped-Klinger-Kempchen-Logo.png","width":512,"height":512,"caption":"KLINGER-Kempchen"},"image":{"@id":"https:\/\/www.klinger-kempchen.de\/#\/schema\/logo\/image\/"}}]}},"coauthors":[],"author_meta":{"author_link":"https:\/\/www.klinger-kempchen.de\/cs\/author\/vesely\/","display_name":"Vlastislav Vesel\u00fd"},"relative_dates":{"created":"Posted 2 roky ago","modified":"Updated 2 roky ago"},"absolute_dates":{"created":"Posted on 29 listopadu 2023","modified":"Updated on 11 b\u0159ezna 2024"},"absolute_dates_time":{"created":"Posted on 29 listopadu 2023 14:15","modified":"Updated on 11 b\u0159ezna 2024 16:26"},"featured_img_caption":"","featured_img":"https:\/\/www.klinger-kempchen.de\/wp-content\/uploads\/2020\/07\/Dummy.jpg","series_order":"","_links":{"self":[{"href":"https:\/\/www.klinger-kempchen.de\/cs\/wp-json\/wp\/v2\/pages\/20384","targetHints":{"allow":["GET"]}}],"collection":[{"href":"https:\/\/www.klinger-kempchen.de\/cs\/wp-json\/wp\/v2\/pages"}],"about":[{"href":"https:\/\/www.klinger-kempchen.de\/cs\/wp-json\/wp\/v2\/types\/page"}],"author":[{"embeddable":true,"href":"https:\/\/www.klinger-kempchen.de\/cs\/wp-json\/wp\/v2\/users\/10"}],"replies":[{"embeddable":true,"href":"https:\/\/www.klinger-kempchen.de\/cs\/wp-json\/wp\/v2\/comments?post=20384"}],"version-history":[{"count":0,"href":"https:\/\/www.klinger-kempchen.de\/cs\/wp-json\/wp\/v2\/pages\/20384\/revisions"}],"up":[{"embeddable":true,"href":"https:\/\/www.klinger-kempchen.de\/cs\/wp-json\/wp\/v2\/pages\/18688"}],"wp:featuredmedia":[{"embeddable":true,"href":"https:\/\/www.klinger-kempchen.de\/cs\/wp-json\/wp\/v2\/media\/17571"}],"wp:attachment":[{"href":"https:\/\/www.klinger-kempchen.de\/cs\/wp-json\/wp\/v2\/media?parent=20384"}],"curies":[{"name":"wp","href":"https:\/\/api.w.org\/{rel}","templated":true}]}}