{"id":20386,"date":"2023-11-29T14:21:15","date_gmt":"2023-11-29T13:21:15","guid":{"rendered":"https:\/\/www.klinger-kempchen.de\/?page_id=20386"},"modified":"2024-03-11T16:13:15","modified_gmt":"2024-03-11T15:13:15","slug":"e-learning","status":"publish","type":"page","link":"https:\/\/www.klinger-kempchen.de\/cs\/sluzby\/e-learning\/","title":{"rendered":"E-Learning"},"content":{"rendered":"\n<h1 class=\"wp-block-heading h3\">E-LEARNING<\/h1>\n\n\n\n<h2 class=\"wp-block-heading h4\">Profesion\u00e1ln\u00ed e-learning pro \u0161rouba\u0159e<\/h2>\n\n\n\n<div class=\"wp-block-columns is-layout-flex wp-container-core-columns-is-layout-9d6595d7 wp-block-columns-is-layout-flex\">\n<div class=\"wp-block-column is-layout-flow wp-block-column-is-layout-flow\" style=\"flex-basis:66.66%\">\n<p>\u010ctvrtou \u010d\u00e1st\u00ed DIN EN 1591, kter\u00e1 vstoupila v platnost v roce 2013, byla provozovatel\u016fm ud\u011blena norma, kter\u00e1 standardizuje \u0161kolen\u00ed mont\u00e9r\u016f. To umo\u017e\u0148uje v\u00fdb\u011br mont\u00e1\u017en\u00edho person\u00e1lu na z\u00e1klad\u011b krit\u00e9ria individu\u00e1ln\u00ed mont\u00e1\u017en\u00ed zp\u016fsobilosti. \u0160roubov\u00e9 spoje v tlakov\u00fdch syst\u00e9mech v kritick\u00e9m pou\u017eit\u00ed proto mus\u00ed kvalifikovan\u011b sestavit kvalifikovan\u00fd a certifikovan\u00fd person\u00e1l. KLINGER Kempchen navrhl k tomu pot\u0159ebn\u00e1 \u0161kolen\u00ed na z\u00e1klad\u011b DIN EN 1591 a byl tak\u00e9 certifikov\u00e1n podle ISO 9001. V souladu se standardy nab\u00edz\u00edme online a praktickou f\u00e1zi, kter\u00e1 poskytuje z\u00e1kladn\u00ed znalosti pot\u0159ebn\u00e9 k vytvo\u0159en\u00ed t\u011bsn\u00e9ho p\u0159\u00edrubov\u00e9ho spojen\u00ed.<\/p>\n\n\n\n<p><strong>Po \u00fasp\u011b\u0161n\u00e9 online f\u00e1zi si mu\u017eete odpov\u011bd\u011bt na n\u00e1sleduj\u00edc\u00ed ot\u00e1zky:<\/strong><\/p>\n\n\n\n<ul class=\"wp-block-list\">\n<li>Co je t\u0159eba vz\u00edt v \u00favahu p\u0159i skladov\u00e1n\u00ed, p\u0159eprav\u011b a tedy i manipulaci s na\u0161imi v\u00fdrobky?<\/li>\n\n\n\n<li>Na co si d\u00e1t pozor p\u0159i instalaci t\u011bsn\u011bn\u00ed?<\/li>\n\n\n\n<li>Jak\u00e9 po\u017eadavky na bezpe\u010dnost pr\u00e1ce mus\u00ed b\u00fdt spln\u011bny p\u0159i mont\u00e1\u017ei a demont\u00e1\u017ei?<\/li>\n\n\n\n<li>Jak\u00e9 n\u00e1stroje \/ postupy utahov\u00e1n\u00ed a utahov\u00e1n\u00ed by se m\u011bly pou\u017e\u00edt &#8211; v z\u00e1vislosti na p\u0159\u00edpadu?<\/li>\n\n\n\n<li>Jak o\u0161et\u0159ujete v\u00fdztu\u017en\u00e9 prvky (jak, kter\u00e9, kdy)?<\/li>\n\n\n\n<li>Na co si d\u00e1t pozor p\u0159i demont\u00e1\u017ei t\u011bsn\u011bn\u00ed?<\/li>\n<\/ul>\n\n\n\n<p>Teoretick\u00e1 online v\u00fduka je rozd\u011blena do kapitol. Kontrola \u00fasp\u011b\u0161nosti se prov\u00e1d\u00ed na konci kapitoly a lze ji v p\u0159\u00edpad\u011b pot\u0159eby znovu opakovat. Existuje tak\u00e9 mo\u017enost, aby teoreticky vy\u0161kolen\u00fd mont\u00e9r z\u00edskal certifikaci (modul 3) po absolvov\u00e1n\u00ed dvouhodinov\u00e9 praktick\u00e9 f\u00e1ze (modul 2). V praktick\u00e9m modulu jsou tak\u00e9 procvi\u010dov\u00e1ny mont\u00e1\u017en\u00ed procesy. S podporou st\u00e1vaj\u00edc\u00ed m\u011b\u0159ic\u00ed techniky ve \u0161kolic\u00edch st\u0159edisc\u00edch by si mont\u00e9r m\u011bl vyp\u011bstovat cit pro d\u016fle\u017eitost spr\u00e1vn\u00e9ho v\u00fdb\u011bru a aplikace po\u017eadovan\u00fdch to\u010div\u00fdch moment\u016f.<\/p>\n\n\n\n<p class=\"has-kb-palette-1-color has-text-color has-background\" style=\"background-color:#0068b4\">\u0160kolen\u00ed mont\u00e1\u017ee p\u0159\u00edruby se skl\u00e1d\u00e1 ze t\u0159\u00ed modul\u016f. Modul 1 teoretick\u00e9 online \u0161kolen\u00ed, Modul 2 praktick\u00e1 cvi\u010den\u00ed a Modul 3 certifikace. V\u0161echny moduly lze tak\u00e9 rezervovat jednotliv\u011b nebo v r\u016fzn\u00fdch \u010dasech.<\/p>\n\n\n\n<p>Stahov\u00e1n\u00ed<\/p>\n\n\n\n<p> V p\u0159\u00edloze naleznete soubory ke sta\u017een\u00ed, jako je produktov\u00e1 dokumentace, produktov\u00e9 listy, bezpe\u010dnostn\u00ed informace a vlastnosti t\u011bsn\u011bn\u00ed.<\/p>\n\n\n\n<p><img loading=\"lazy\" decoding=\"async\" width=\"41\" height=\"26\" class=\"wp-image-7660\" style=\"width: 41px;\" src=\"https:\/\/www.klinger-kempchen.de\/wp-content\/uploads\/2020\/07\/Download-icon-2.png\" alt=\"Download\" srcset=\"https:\/\/www.klinger-kempchen.de\/wp-content\/uploads\/2020\/07\/Download-icon-2.png 41w, https:\/\/www.klinger-kempchen.de\/wp-content\/uploads\/2020\/07\/Download-icon-2-20x13.png 20w\" sizes=\"auto, (max-width: 41px) 100vw, 41px\" \/><a href=\"https:\/\/www.klinger-kempchen.de\/wp-content\/uploads\/2020\/07\/042020_FLYER_MONTAGESCHULUNG_E-LEARNING-DE-LR.pdf\">Flyer Montageschulungen mit e-Learning-Tool  (pdf)<\/a><\/p>\n<\/div>\n\n\n\n<div class=\"wp-block-column is-layout-flow wp-block-column-is-layout-flow\" style=\"flex-basis:33.33%\">\n<div style=\"height:5px\" aria-hidden=\"true\" class=\"wp-block-spacer advgb-dyn-021f1209\"><\/div>\n\n\n\n<figure class=\"wp-block-embed is-type-video is-provider-youtube wp-block-embed-youtube wp-embed-aspect-16-9 wp-has-aspect-ratio\"><div class=\"wp-block-embed__wrapper\">\n<iframe loading=\"lazy\" title=\"KLINGER Kempchen e -Learning\" width=\"625\" height=\"352\" src=\"https:\/\/www.youtube.com\/embed\/N7fGgg8h6dE?feature=oembed\" frameborder=\"0\" allow=\"accelerometer; autoplay; clipboard-write; encrypted-media; gyroscope; picture-in-picture; web-share\" referrerpolicy=\"strict-origin-when-cross-origin\" allowfullscreen><\/iframe>\n<\/div><\/figure>\n\n\n\n<p>KLINGER &nbsp;Kempchen p\u0159edstavuje svou digit\u00e1ln\u00ed e-v\u00fdukovou platformu.<\/p>\n\n\n\n<figure class=\"wp-block-image size-large\"><img loading=\"lazy\" decoding=\"async\" width=\"1600\" height=\"1439\" src=\"https:\/\/www.klinger-kempchen.de\/wp-content\/uploads\/2020\/08\/E-Learning-1.jpg\" alt=\"E-Learning Webinar\" class=\"wp-image-10451\" srcset=\"https:\/\/www.klinger-kempchen.de\/wp-content\/uploads\/2020\/08\/E-Learning-1.jpg 1600w, https:\/\/www.klinger-kempchen.de\/wp-content\/uploads\/2020\/08\/E-Learning-1-768x691.jpg 768w, https:\/\/www.klinger-kempchen.de\/wp-content\/uploads\/2020\/08\/E-Learning-1-1536x1381.jpg 1536w, https:\/\/www.klinger-kempchen.de\/wp-content\/uploads\/2020\/08\/E-Learning-1-1400x1259.jpg 1400w, https:\/\/www.klinger-kempchen.de\/wp-content\/uploads\/2020\/08\/E-Learning-1-20x18.jpg 20w\" sizes=\"auto, (max-width: 1600px) 100vw, 1600px\" \/><\/figure>\n<\/div>\n<\/div>\n\n\n\n<div class=\"wp-block-button alignleft advgb-dyn-eeb52247\"><a class=\"wp-block-button__link has-very-light-gray-color has-text-color has-background no-border-radius wp-element-button\" href=\"https:\/\/www.klinger-kempchen.de\/kontakt\/\" style=\"background-color:#0168b5\"><img loading=\"lazy\" decoding=\"async\" width=\"50\" height=\"30\" class=\"wp-image-8597\" style=\"width: 50px;\" src=\"https:\/\/www.klinger-kempchen.de\/wp-content\/uploads\/2020\/08\/Mail.png\" alt=\"Mail\" srcset=\"https:\/\/www.klinger-kempchen.de\/wp-content\/uploads\/2020\/08\/Mail.png 100w, https:\/\/www.klinger-kempchen.de\/wp-content\/uploads\/2020\/08\/Mail-20x12.png 20w\" sizes=\"auto, (max-width: 50px) 100vw, 50px\" \/><\/a><\/div>\n","protected":false},"excerpt":{"rendered":"<p>E-LEARNING Profesion\u00e1ln\u00ed e-learning pro \u0161rouba\u0159e \u010ctvrtou \u010d\u00e1st\u00ed DIN EN 1591, kter\u00e1 vstoupila v platnost v roce 2013, byla provozovatel\u016fm ud\u011blena norma, kter\u00e1 standardizuje \u0161kolen\u00ed mont\u00e9r\u016f. To umo\u017e\u0148uje v\u00fdb\u011br mont\u00e1\u017en\u00edho person\u00e1lu na z\u00e1klad\u011b krit\u00e9ria individu\u00e1ln\u00ed mont\u00e1\u017en\u00ed zp\u016fsobilosti. \u0160roubov\u00e9 spoje v tlakov\u00fdch syst\u00e9mech v kritick\u00e9m pou\u017eit\u00ed proto mus\u00ed kvalifikovan\u011b sestavit kvalifikovan\u00fd a certifikovan\u00fd person\u00e1l. KLINGER Kempchen navrhl [&hellip;]<\/p>\n","protected":false},"author":10,"featured_media":17965,"parent":18651,"menu_order":2,"comment_status":"closed","ping_status":"closed","template":"page-templates\/somos.php","meta":{"advgb_blocks_editor_width":"","advgb_blocks_columns_visual_guide":"","iawp_total_views":2,"footnotes":""},"class_list":["post-20386","page","type-page","status-publish","has-post-thumbnail","hentry"],"yoast_head":"<!-- This site is optimized with the Yoast SEO plugin v27.3 - https:\/\/yoast.com\/product\/yoast-seo-wordpress\/ -->\n<title>E-Learning - KLINGER Kempchen<\/title>\n<meta name=\"robots\" content=\"index, follow, max-snippet:-1, max-image-preview:large, max-video-preview:-1\" \/>\n<link rel=\"canonical\" href=\"https:\/\/www.klinger-kempchen.de\/service\/e-learning\/\" \/>\n<meta property=\"og:locale\" content=\"cs_CZ\" \/>\n<meta property=\"og:type\" content=\"article\" \/>\n<meta property=\"og:title\" content=\"E-Learning - KLINGER Kempchen\" \/>\n<meta property=\"og:description\" content=\"E-LEARNING Profesion\u00e1ln\u00ed e-learning pro \u0161rouba\u0159e \u010ctvrtou \u010d\u00e1st\u00ed DIN EN 1591, kter\u00e1 vstoupila v platnost v roce 2013, byla provozovatel\u016fm ud\u011blena norma, kter\u00e1 standardizuje \u0161kolen\u00ed mont\u00e9r\u016f. To umo\u017e\u0148uje v\u00fdb\u011br mont\u00e1\u017en\u00edho person\u00e1lu na z\u00e1klad\u011b krit\u00e9ria individu\u00e1ln\u00ed mont\u00e1\u017en\u00ed zp\u016fsobilosti. \u0160roubov\u00e9 spoje v tlakov\u00fdch syst\u00e9mech v kritick\u00e9m pou\u017eit\u00ed proto mus\u00ed kvalifikovan\u011b sestavit kvalifikovan\u00fd a certifikovan\u00fd person\u00e1l. KLINGER Kempchen navrhl [&hellip;]\" \/>\n<meta property=\"og:url\" content=\"https:\/\/www.klinger-kempchen.de\/service\/e-learning\/\" \/>\n<meta property=\"og:site_name\" content=\"KLINGER Kempchen\" \/>\n<meta property=\"article:modified_time\" content=\"2024-03-11T15:13:15+00:00\" \/>\n<meta property=\"og:image\" content=\"https:\/\/www.klinger-kempchen.de\/wp-content\/uploads\/2020\/08\/Header_e-learning.jpg\" \/>\n\t<meta property=\"og:image:width\" content=\"1400\" \/>\n\t<meta property=\"og:image:height\" content=\"334\" \/>\n\t<meta property=\"og:image:type\" content=\"image\/jpeg\" \/>\n<meta name=\"twitter:label1\" content=\"Odhadovan\u00e1 doba \u010dten\u00ed\" \/>\n\t<meta name=\"twitter:data1\" content=\"2 minuty\" \/>\n<!-- \/ Yoast SEO plugin. -->","yoast_head_json":{"title":"E-Learning - KLINGER Kempchen","robots":{"index":"index","follow":"follow","max-snippet":"max-snippet:-1","max-image-preview":"max-image-preview:large","max-video-preview":"max-video-preview:-1"},"canonical":"https:\/\/www.klinger-kempchen.de\/service\/e-learning\/","og_locale":"cs_CZ","og_type":"article","og_title":"E-Learning - KLINGER Kempchen","og_description":"E-LEARNING Profesion\u00e1ln\u00ed e-learning pro \u0161rouba\u0159e \u010ctvrtou \u010d\u00e1st\u00ed DIN EN 1591, kter\u00e1 vstoupila v platnost v roce 2013, byla provozovatel\u016fm ud\u011blena norma, kter\u00e1 standardizuje \u0161kolen\u00ed mont\u00e9r\u016f. To umo\u017e\u0148uje v\u00fdb\u011br mont\u00e1\u017en\u00edho person\u00e1lu na z\u00e1klad\u011b krit\u00e9ria individu\u00e1ln\u00ed mont\u00e1\u017en\u00ed zp\u016fsobilosti. \u0160roubov\u00e9 spoje v tlakov\u00fdch syst\u00e9mech v kritick\u00e9m pou\u017eit\u00ed proto mus\u00ed kvalifikovan\u011b sestavit kvalifikovan\u00fd a certifikovan\u00fd person\u00e1l. KLINGER Kempchen navrhl [&hellip;]","og_url":"https:\/\/www.klinger-kempchen.de\/service\/e-learning\/","og_site_name":"KLINGER Kempchen","article_modified_time":"2024-03-11T15:13:15+00:00","og_image":[{"width":1400,"height":334,"url":"https:\/\/www.klinger-kempchen.de\/wp-content\/uploads\/2020\/08\/Header_e-learning.jpg","type":"image\/jpeg"}],"twitter_misc":{"Odhadovan\u00e1 doba \u010dten\u00ed":"2 minuty"},"schema":{"@context":"https:\/\/schema.org","@graph":[{"@type":"WebPage","@id":"https:\/\/www.klinger-kempchen.de\/service\/e-learning\/","url":"https:\/\/www.klinger-kempchen.de\/service\/e-learning\/","name":"E-Learning - KLINGER Kempchen","isPartOf":{"@id":"https:\/\/www.klinger-kempchen.de\/#website"},"primaryImageOfPage":{"@id":"https:\/\/www.klinger-kempchen.de\/service\/e-learning\/#primaryimage"},"image":{"@id":"https:\/\/www.klinger-kempchen.de\/service\/e-learning\/#primaryimage"},"thumbnailUrl":"https:\/\/www.klinger-kempchen.de\/wp-content\/uploads\/2020\/08\/Header_e-learning.jpg","datePublished":"2023-11-29T13:21:15+00:00","dateModified":"2024-03-11T15:13:15+00:00","breadcrumb":{"@id":"https:\/\/www.klinger-kempchen.de\/service\/e-learning\/#breadcrumb"},"inLanguage":"cs","potentialAction":[{"@type":"ReadAction","target":["https:\/\/www.klinger-kempchen.de\/service\/e-learning\/"]}]},{"@type":"ImageObject","inLanguage":"cs","@id":"https:\/\/www.klinger-kempchen.de\/service\/e-learning\/#primaryimage","url":"https:\/\/www.klinger-kempchen.de\/wp-content\/uploads\/2020\/08\/Header_e-learning.jpg","contentUrl":"https:\/\/www.klinger-kempchen.de\/wp-content\/uploads\/2020\/08\/Header_e-learning.jpg","width":1400,"height":334,"caption":"E-Learning Tool"},{"@type":"BreadcrumbList","@id":"https:\/\/www.klinger-kempchen.de\/service\/e-learning\/#breadcrumb","itemListElement":[{"@type":"ListItem","position":1,"name":"Home","item":"https:\/\/www.klinger-kempchen.de\/"},{"@type":"ListItem","position":2,"name":"Slu\u017eby","item":"https:\/\/www.klinger-kempchen.de\/cs\/sluzby\/"},{"@type":"ListItem","position":3,"name":"E-Learning"}]},{"@type":"WebSite","@id":"https:\/\/www.klinger-kempchen.de\/#website","url":"https:\/\/www.klinger-kempchen.de\/","name":"KLINGER Kempchen","description":"KLINGER Kempchen","publisher":{"@id":"https:\/\/www.klinger-kempchen.de\/#organization"},"potentialAction":[{"@type":"SearchAction","target":{"@type":"EntryPoint","urlTemplate":"https:\/\/www.klinger-kempchen.de\/?s={search_term_string}"},"query-input":{"@type":"PropertyValueSpecification","valueRequired":true,"valueName":"search_term_string"}}],"inLanguage":"cs"},{"@type":"Organization","@id":"https:\/\/www.klinger-kempchen.de\/#organization","name":"KLINGER-Kempchen","url":"https:\/\/www.klinger-kempchen.de\/","logo":{"@type":"ImageObject","inLanguage":"cs","@id":"https:\/\/www.klinger-kempchen.de\/#\/schema\/logo\/image\/","url":"https:\/\/www.klinger-kempchen.de\/wp-content\/uploads\/2020\/06\/cropped-Klinger-Kempchen-Logo.png","contentUrl":"https:\/\/www.klinger-kempchen.de\/wp-content\/uploads\/2020\/06\/cropped-Klinger-Kempchen-Logo.png","width":512,"height":512,"caption":"KLINGER-Kempchen"},"image":{"@id":"https:\/\/www.klinger-kempchen.de\/#\/schema\/logo\/image\/"}}]}},"coauthors":[],"author_meta":{"author_link":"https:\/\/www.klinger-kempchen.de\/cs\/author\/vesely\/","display_name":"Vlastislav Vesel\u00fd"},"relative_dates":{"created":"Posted 2 roky ago","modified":"Updated 2 roky ago"},"absolute_dates":{"created":"Posted on 29 listopadu 2023","modified":"Updated on 11 b\u0159ezna 2024"},"absolute_dates_time":{"created":"Posted on 29 listopadu 2023 14:21","modified":"Updated on 11 b\u0159ezna 2024 16:13"},"featured_img_caption":"E-Learning Tool","featured_img":"https:\/\/www.klinger-kempchen.de\/wp-content\/uploads\/2020\/08\/Header_e-learning.jpg","series_order":"","_links":{"self":[{"href":"https:\/\/www.klinger-kempchen.de\/cs\/wp-json\/wp\/v2\/pages\/20386","targetHints":{"allow":["GET"]}}],"collection":[{"href":"https:\/\/www.klinger-kempchen.de\/cs\/wp-json\/wp\/v2\/pages"}],"about":[{"href":"https:\/\/www.klinger-kempchen.de\/cs\/wp-json\/wp\/v2\/types\/page"}],"author":[{"embeddable":true,"href":"https:\/\/www.klinger-kempchen.de\/cs\/wp-json\/wp\/v2\/users\/10"}],"replies":[{"embeddable":true,"href":"https:\/\/www.klinger-kempchen.de\/cs\/wp-json\/wp\/v2\/comments?post=20386"}],"version-history":[{"count":0,"href":"https:\/\/www.klinger-kempchen.de\/cs\/wp-json\/wp\/v2\/pages\/20386\/revisions"}],"up":[{"embeddable":true,"href":"https:\/\/www.klinger-kempchen.de\/cs\/wp-json\/wp\/v2\/pages\/18651"}],"wp:featuredmedia":[{"embeddable":true,"href":"https:\/\/www.klinger-kempchen.de\/cs\/wp-json\/wp\/v2\/media\/17965"}],"wp:attachment":[{"href":"https:\/\/www.klinger-kempchen.de\/cs\/wp-json\/wp\/v2\/media?parent=20386"}],"curies":[{"name":"wp","href":"https:\/\/api.w.org\/{rel}","templated":true}]}}