{"id":20396,"date":"2023-11-29T14:34:35","date_gmt":"2023-11-29T13:34:35","guid":{"rendered":"https:\/\/www.klinger-kempchen.de\/?page_id=20396"},"modified":"2024-03-11T16:13:50","modified_gmt":"2024-03-11T15:13:50","slug":"sprava-prirub","status":"publish","type":"page","link":"https:\/\/www.klinger-kempchen.de\/cs\/sluzby\/sprava-prirub\/","title":{"rendered":"Spr\u00e1va p\u0159\u00edrub"},"content":{"rendered":"\n<h1 class=\"wp-block-heading h3\">Spr\u00e1va p\u0159\u00edrub<\/h1>\n\n\n\n<p>Zaji\u0161t\u011bn\u00ed kvality p\u0159\u00edrubov\u00fdch spoj\u016f b\u011bhem odst\u00e1vky, odstaven\u00ed za\u0159\u00edzen\u00ed a reviz\u00ed. Krom\u011b bezprobl\u00e9mov\u00e9 dod\u00e1vky t\u011bsn\u00edc\u00edch prvk\u016f a mobiln\u00ed v\u00fdroby na m\u00edst\u011b zaji\u0161\u0165uje spr\u00e1va p\u0159\u00edrub dobr\u00fd p\u0159ehled a dopl\u0148uje na\u0161i nab\u00eddku kompletn\u00edch slu\u017eeb z hlediska zaji\u0161t\u011bn\u00ed kvality mont\u00e1\u017ee p\u0159\u00edrub. Na\u0161i zam\u011bstnanci kvalifikovan\u00ed podle DIN EN 1591-4 dohl\u00ed\u017eej\u00ed na demont\u00e1\u017e a mont\u00e1\u017e p\u0159\u00edrubov\u00fdch spoj\u016f na m\u00edst\u011b v po\u017eadovan\u00e9m term\u00ednu. Podle sv\u00fdch specifikac\u00ed vizu\u00e1ln\u011b posoud\u00ed situaci a zaznamenaj\u00ed p\u0159\u00edpadn\u00e9 odchylky. Krom\u011b toho je n\u00e1\u0161 t\u00fdm k dispozici, aby poskytl technick\u00e9 poradenstv\u00ed va\u0161im mont\u00e1\u017en\u00edm partner\u016fm b\u011bhem pou\u017e\u00edv\u00e1n\u00ed. Po dokon\u010den\u00ed projektu je n\u00e1\u0161 bal\u00ed\u010dek slu\u017eeb dopln\u011bn protokolem s celkovou dokumentac\u00ed a kone\u010dn\u00fdm posouzen\u00edm.<\/p>\n\n\n\n<ul class=\"wp-block-list\">\n<li>Zaji\u0161t\u011bn\u00ed kvality p\u0159\u00edrubov\u00fdch prvk\u016f<\/li>\n\n\n\n<li>Kvalifikovan\u00ed zam\u011bstnanci dle DIN EN 1591-4<\/li>\n\n\n\n<li>Vizu\u00e1ln\u00ed kontrola, z\u00e1znam odchylek<\/li>\n\n\n\n<li>Pou\u017eit\u00ed bezpe\u010dnostn\u00edch plomb<\/li>\n\n\n\n<li>Posouzen\u00ed a dokumentace s na\u0161\u00ed aplikac\u00ed QS<\/li>\n\n\n\n<li>Rady p\u0159i nasazen\u00ed<\/li>\n\n\n\n<li>Tvorba celkov\u00e9 dokumentace<\/li>\n<\/ul>\n\n\n\n<p> Nenech\u00e1vejte nic n\u00e1hod\u011b a po\u017e\u00e1dejte na\u0161e <a href=\"https:\/\/www.klinger-kempchen.de\/kontakt\/\">specialisty<\/a>, aby v\u00e1s ujistili, \u017ee se s va\u0161\u00edm syst\u00e9mem nic nepokaz\u00ed d\u00edky rozumn\u00e9 spr\u00e1v\u011b p\u0159\u00edrub<\/p>\n\n\n\n<div style=\"height:50px\" aria-hidden=\"true\" class=\"wp-block-spacer advgb-dyn-a1f5334f\"><\/div>\n\n\n<div class=\"kb-gallery-wrap-id-20396_9723fd-d2 alignnone wp-block-kadence-advancedgallery\"><div class=\"kb-gallery-ul kb-gallery-non-static kb-gallery-type-carousel kb-gallery-id-20396_9723fd-d2 kb-gallery-caption-style-bottom-hover kb-gallery-filter-none\" data-image-filter=\"none\" data-lightbox-caption=\"true\"><div class=\"kt-blocks-carousel splide kt-carousel-container-dotstyle-dark kt-carousel-arrowstyle-whiteondark kt-carousel-dotstyle-dark kb-slider-group-arrow kb-slider-arrow-position-center\" data-columns-xxl=\"3\" data-columns-xl=\"3\" data-columns-md=\"3\" data-columns-sm=\"2\" data-columns-xs=\"1\" data-columns-ss=\"1\" data-slider-anim-speed=\"400\" data-slider-scroll=\"1\" data-slider-arrows=\"true\" data-slider-dots=\"true\" data-slider-hover-pause=\"false\" data-slider-auto=\"\" data-slider-speed=\"7000\" data-slider-gap=\"10px\" data-slider-gap-tablet=\"10px\" data-slider-gap-mobile=\"10px\" data-show-pause-button=\"false\" data-slider-label=\"Photo Gallery Carousel\"><div class=\"splide__track\"><ul class=\"kt-blocks-carousel-init kb-gallery-carousel splide__list\"><li class=\"kb-slide-item kb-gallery-carousel-item splide__slide\"><div class=\"kadence-blocks-gallery-item\"><div class=\"kadence-blocks-gallery-item-inner\"><figure class=\"kb-gallery-figure kadence-blocks-gallery-item-hide-caption\"><div class=\"kb-gal-image-radius\"><div class=\"kb-gallery-image-contain kadence-blocks-gallery-intrinsic kb-gallery-image-ratio-square kb-has-image-ratio-square\" ><img loading=\"lazy\" decoding=\"async\" src=\"https:\/\/www.klinger-kempchen.de\/wp-content\/uploads\/2020\/07\/QS-Management-icon-270x270.jpg\" width=\"270\" height=\"270\" alt=\"Flanschmanagement\" data-full-image=\"https:\/\/www.klinger-kempchen.de\/wp-content\/uploads\/2020\/07\/QS-Management-icon.jpg\" data-light-image=\"https:\/\/www.klinger-kempchen.de\/wp-content\/uploads\/2020\/07\/QS-Management-icon.jpg\" data-id=\"6983\" class=\"wp-image-6983 skip-lazy\" srcset=\"https:\/\/www.klinger-kempchen.de\/wp-content\/uploads\/2020\/07\/QS-Management-icon.jpg 270w, https:\/\/www.klinger-kempchen.de\/wp-content\/uploads\/2020\/07\/QS-Management-icon-20x20.jpg 20w\" sizes=\"auto, (max-width: 270px) 100vw, 270px\" \/><\/div><\/div><\/figure><\/div><\/div><\/li><li class=\"kb-slide-item kb-gallery-carousel-item splide__slide\"><div class=\"kadence-blocks-gallery-item\"><div class=\"kadence-blocks-gallery-item-inner\"><figure class=\"kb-gallery-figure kadence-blocks-gallery-item-hide-caption\"><div class=\"kb-gal-image-radius\"><div class=\"kb-gallery-image-contain kadence-blocks-gallery-intrinsic kb-gallery-image-ratio-square kb-has-image-ratio-square\" ><img loading=\"lazy\" decoding=\"async\" src=\"https:\/\/www.klinger-kempchen.de\/wp-content\/uploads\/2023\/01\/Flanschmanagement-270x270.jpg\" width=\"270\" height=\"270\" alt=\"Flanschmanagement\" data-full-image=\"https:\/\/www.klinger-kempchen.de\/wp-content\/uploads\/2023\/01\/Flanschmanagement.jpg\" data-light-image=\"https:\/\/www.klinger-kempchen.de\/wp-content\/uploads\/2023\/01\/Flanschmanagement.jpg\" data-id=\"15226\" class=\"wp-image-15226 skip-lazy\"\/><\/div><\/div><\/figure><\/div><\/div><\/li><li class=\"kb-slide-item kb-gallery-carousel-item splide__slide\"><div class=\"kadence-blocks-gallery-item\"><div class=\"kadence-blocks-gallery-item-inner\"><figure class=\"kb-gallery-figure kadence-blocks-gallery-item-hide-caption\"><div class=\"kb-gal-image-radius\"><div class=\"kb-gallery-image-contain kadence-blocks-gallery-intrinsic kb-gallery-image-ratio-square kb-has-image-ratio-square\" ><img loading=\"lazy\" decoding=\"async\" src=\"https:\/\/www.klinger-kempchen.de\/wp-content\/uploads\/2020\/07\/Produkte-icon-270x270.jpg\" width=\"270\" height=\"270\" alt=\"Flanschmanagement\" data-full-image=\"https:\/\/www.klinger-kempchen.de\/wp-content\/uploads\/2020\/07\/Produkte-icon.jpg\" data-light-image=\"https:\/\/www.klinger-kempchen.de\/wp-content\/uploads\/2020\/07\/Produkte-icon.jpg\" data-id=\"6943\" class=\"wp-image-6943 skip-lazy\"\/><\/div><\/div><\/figure><\/div><\/div><\/li><\/ul><\/div><\/div><\/div><\/div>\n\n\n<p><\/p>\n<style class=\"advgb-styles-renderer\">.wp-block-kadence-advancedgallery.kb-gallery-wrap-id-20396_9723fd-d2{overflow:hidden;}.kb-gallery-id-20396_9723fd-d2 .kadence-blocks-gallery-item .kb-gal-image-radius, .kb-gallery-id-20396_9723fd-d2 .kb-slide-item .kb-gal-image-radius img{border-radius:0px 0px 0px 0px;;}.kb-gallery-wrap-id-20396_9723fd-d2.wp-block-kadence-advancedgallery{overflow:visible;}.kb-gallery-wrap-id-20396_9723fd-d2.wp-block-kadence-advancedgallery .kt-blocks-carousel{overflow:visible;}<\/style>","protected":false},"excerpt":{"rendered":"<p>Spr\u00e1va p\u0159\u00edrub Zaji\u0161t\u011bn\u00ed kvality p\u0159\u00edrubov\u00fdch spoj\u016f b\u011bhem odst\u00e1vky, odstaven\u00ed za\u0159\u00edzen\u00ed a reviz\u00ed. Krom\u011b bezprobl\u00e9mov\u00e9 dod\u00e1vky t\u011bsn\u00edc\u00edch prvk\u016f a mobiln\u00ed v\u00fdroby na m\u00edst\u011b zaji\u0161\u0165uje spr\u00e1va p\u0159\u00edrub dobr\u00fd p\u0159ehled a dopl\u0148uje na\u0161i nab\u00eddku kompletn\u00edch slu\u017eeb z hlediska zaji\u0161t\u011bn\u00ed kvality mont\u00e1\u017ee p\u0159\u00edrub. Na\u0161i zam\u011bstnanci kvalifikovan\u00ed podle DIN EN 1591-4 dohl\u00ed\u017eej\u00ed na demont\u00e1\u017e a mont\u00e1\u017e p\u0159\u00edrubov\u00fdch spoj\u016f na m\u00edst\u011b [&hellip;]<\/p>\n","protected":false},"author":10,"featured_media":17700,"parent":18651,"menu_order":3,"comment_status":"closed","ping_status":"closed","template":"page-templates\/somos.php","meta":{"advgb_blocks_editor_width":"","advgb_blocks_columns_visual_guide":"","iawp_total_views":5,"footnotes":""},"class_list":["post-20396","page","type-page","status-publish","has-post-thumbnail","hentry"],"yoast_head":"<!-- This site is optimized with the Yoast SEO plugin v27.3 - https:\/\/yoast.com\/product\/yoast-seo-wordpress\/ -->\n<title>Spr\u00e1va p\u0159\u00edrub - KLINGER Kempchen<\/title>\n<meta name=\"robots\" content=\"index, follow, max-snippet:-1, max-image-preview:large, max-video-preview:-1\" \/>\n<link rel=\"canonical\" href=\"https:\/\/www.klinger-kempchen.de\/service\/flanschmanagement\/\" \/>\n<meta property=\"og:locale\" content=\"cs_CZ\" \/>\n<meta property=\"og:type\" content=\"article\" \/>\n<meta property=\"og:title\" content=\"Spr\u00e1va p\u0159\u00edrub - KLINGER Kempchen\" \/>\n<meta property=\"og:description\" content=\"Spr\u00e1va p\u0159\u00edrub Zaji\u0161t\u011bn\u00ed kvality p\u0159\u00edrubov\u00fdch spoj\u016f b\u011bhem odst\u00e1vky, odstaven\u00ed za\u0159\u00edzen\u00ed a reviz\u00ed. Krom\u011b bezprobl\u00e9mov\u00e9 dod\u00e1vky t\u011bsn\u00edc\u00edch prvk\u016f a mobiln\u00ed v\u00fdroby na m\u00edst\u011b zaji\u0161\u0165uje spr\u00e1va p\u0159\u00edrub dobr\u00fd p\u0159ehled a dopl\u0148uje na\u0161i nab\u00eddku kompletn\u00edch slu\u017eeb z hlediska zaji\u0161t\u011bn\u00ed kvality mont\u00e1\u017ee p\u0159\u00edrub. Na\u0161i zam\u011bstnanci kvalifikovan\u00ed podle DIN EN 1591-4 dohl\u00ed\u017eej\u00ed na demont\u00e1\u017e a mont\u00e1\u017e p\u0159\u00edrubov\u00fdch spoj\u016f na m\u00edst\u011b [&hellip;]\" \/>\n<meta property=\"og:url\" content=\"https:\/\/www.klinger-kempchen.de\/service\/flanschmanagement\/\" \/>\n<meta property=\"og:site_name\" content=\"KLINGER Kempchen\" \/>\n<meta property=\"article:modified_time\" content=\"2024-03-11T15:13:50+00:00\" \/>\n<meta property=\"og:image\" content=\"https:\/\/www.klinger-kempchen.de\/wp-content\/uploads\/2020\/07\/Flanschmanagement_Klinger_Kempchen.jpg\" \/>\n\t<meta property=\"og:image:width\" content=\"1920\" \/>\n\t<meta property=\"og:image:height\" content=\"655\" \/>\n\t<meta property=\"og:image:type\" content=\"image\/jpeg\" \/>\n<meta name=\"twitter:label1\" content=\"Odhadovan\u00e1 doba \u010dten\u00ed\" \/>\n\t<meta name=\"twitter:data1\" content=\"1 minuta\" \/>\n<!-- \/ Yoast SEO plugin. -->","yoast_head_json":{"title":"Spr\u00e1va p\u0159\u00edrub - KLINGER Kempchen","robots":{"index":"index","follow":"follow","max-snippet":"max-snippet:-1","max-image-preview":"max-image-preview:large","max-video-preview":"max-video-preview:-1"},"canonical":"https:\/\/www.klinger-kempchen.de\/service\/flanschmanagement\/","og_locale":"cs_CZ","og_type":"article","og_title":"Spr\u00e1va p\u0159\u00edrub - KLINGER Kempchen","og_description":"Spr\u00e1va p\u0159\u00edrub Zaji\u0161t\u011bn\u00ed kvality p\u0159\u00edrubov\u00fdch spoj\u016f b\u011bhem odst\u00e1vky, odstaven\u00ed za\u0159\u00edzen\u00ed a reviz\u00ed. Krom\u011b bezprobl\u00e9mov\u00e9 dod\u00e1vky t\u011bsn\u00edc\u00edch prvk\u016f a mobiln\u00ed v\u00fdroby na m\u00edst\u011b zaji\u0161\u0165uje spr\u00e1va p\u0159\u00edrub dobr\u00fd p\u0159ehled a dopl\u0148uje na\u0161i nab\u00eddku kompletn\u00edch slu\u017eeb z hlediska zaji\u0161t\u011bn\u00ed kvality mont\u00e1\u017ee p\u0159\u00edrub. Na\u0161i zam\u011bstnanci kvalifikovan\u00ed podle DIN EN 1591-4 dohl\u00ed\u017eej\u00ed na demont\u00e1\u017e a mont\u00e1\u017e p\u0159\u00edrubov\u00fdch spoj\u016f na m\u00edst\u011b [&hellip;]","og_url":"https:\/\/www.klinger-kempchen.de\/service\/flanschmanagement\/","og_site_name":"KLINGER Kempchen","article_modified_time":"2024-03-11T15:13:50+00:00","og_image":[{"width":1920,"height":655,"url":"https:\/\/www.klinger-kempchen.de\/wp-content\/uploads\/2020\/07\/Flanschmanagement_Klinger_Kempchen.jpg","type":"image\/jpeg"}],"twitter_misc":{"Odhadovan\u00e1 doba \u010dten\u00ed":"1 minuta"},"schema":{"@context":"https:\/\/schema.org","@graph":[{"@type":"WebPage","@id":"https:\/\/www.klinger-kempchen.de\/service\/flanschmanagement\/","url":"https:\/\/www.klinger-kempchen.de\/service\/flanschmanagement\/","name":"Spr\u00e1va p\u0159\u00edrub - KLINGER Kempchen","isPartOf":{"@id":"https:\/\/www.klinger-kempchen.de\/#website"},"primaryImageOfPage":{"@id":"https:\/\/www.klinger-kempchen.de\/service\/flanschmanagement\/#primaryimage"},"image":{"@id":"https:\/\/www.klinger-kempchen.de\/service\/flanschmanagement\/#primaryimage"},"thumbnailUrl":"https:\/\/www.klinger-kempchen.de\/wp-content\/uploads\/2020\/07\/Flanschmanagement_Klinger_Kempchen.jpg","datePublished":"2023-11-29T13:34:35+00:00","dateModified":"2024-03-11T15:13:50+00:00","breadcrumb":{"@id":"https:\/\/www.klinger-kempchen.de\/service\/flanschmanagement\/#breadcrumb"},"inLanguage":"cs","potentialAction":[{"@type":"ReadAction","target":["https:\/\/www.klinger-kempchen.de\/service\/flanschmanagement\/"]}]},{"@type":"ImageObject","inLanguage":"cs","@id":"https:\/\/www.klinger-kempchen.de\/service\/flanschmanagement\/#primaryimage","url":"https:\/\/www.klinger-kempchen.de\/wp-content\/uploads\/2020\/07\/Flanschmanagement_Klinger_Kempchen.jpg","contentUrl":"https:\/\/www.klinger-kempchen.de\/wp-content\/uploads\/2020\/07\/Flanschmanagement_Klinger_Kempchen.jpg","width":1920,"height":655,"caption":"Flanschmanagement"},{"@type":"BreadcrumbList","@id":"https:\/\/www.klinger-kempchen.de\/service\/flanschmanagement\/#breadcrumb","itemListElement":[{"@type":"ListItem","position":1,"name":"Home","item":"https:\/\/www.klinger-kempchen.de\/"},{"@type":"ListItem","position":2,"name":"Slu\u017eby","item":"https:\/\/www.klinger-kempchen.de\/cs\/sluzby\/"},{"@type":"ListItem","position":3,"name":"Spr\u00e1va p\u0159\u00edrub"}]},{"@type":"WebSite","@id":"https:\/\/www.klinger-kempchen.de\/#website","url":"https:\/\/www.klinger-kempchen.de\/","name":"KLINGER Kempchen","description":"KLINGER Kempchen","publisher":{"@id":"https:\/\/www.klinger-kempchen.de\/#organization"},"potentialAction":[{"@type":"SearchAction","target":{"@type":"EntryPoint","urlTemplate":"https:\/\/www.klinger-kempchen.de\/?s={search_term_string}"},"query-input":{"@type":"PropertyValueSpecification","valueRequired":true,"valueName":"search_term_string"}}],"inLanguage":"cs"},{"@type":"Organization","@id":"https:\/\/www.klinger-kempchen.de\/#organization","name":"KLINGER-Kempchen","url":"https:\/\/www.klinger-kempchen.de\/","logo":{"@type":"ImageObject","inLanguage":"cs","@id":"https:\/\/www.klinger-kempchen.de\/#\/schema\/logo\/image\/","url":"https:\/\/www.klinger-kempchen.de\/wp-content\/uploads\/2020\/06\/cropped-Klinger-Kempchen-Logo.png","contentUrl":"https:\/\/www.klinger-kempchen.de\/wp-content\/uploads\/2020\/06\/cropped-Klinger-Kempchen-Logo.png","width":512,"height":512,"caption":"KLINGER-Kempchen"},"image":{"@id":"https:\/\/www.klinger-kempchen.de\/#\/schema\/logo\/image\/"}}]}},"coauthors":[],"author_meta":{"author_link":"https:\/\/www.klinger-kempchen.de\/cs\/author\/vesely\/","display_name":"Vlastislav Vesel\u00fd"},"relative_dates":{"created":"Posted 2 roky ago","modified":"Updated 2 roky ago"},"absolute_dates":{"created":"Posted on 29 listopadu 2023","modified":"Updated on 11 b\u0159ezna 2024"},"absolute_dates_time":{"created":"Posted on 29 listopadu 2023 14:34","modified":"Updated on 11 b\u0159ezna 2024 16:13"},"featured_img_caption":"Flanschmanagement","featured_img":"https:\/\/www.klinger-kempchen.de\/wp-content\/uploads\/2020\/07\/Flanschmanagement_Klinger_Kempchen-1400x478.jpg","series_order":"","_links":{"self":[{"href":"https:\/\/www.klinger-kempchen.de\/cs\/wp-json\/wp\/v2\/pages\/20396","targetHints":{"allow":["GET"]}}],"collection":[{"href":"https:\/\/www.klinger-kempchen.de\/cs\/wp-json\/wp\/v2\/pages"}],"about":[{"href":"https:\/\/www.klinger-kempchen.de\/cs\/wp-json\/wp\/v2\/types\/page"}],"author":[{"embeddable":true,"href":"https:\/\/www.klinger-kempchen.de\/cs\/wp-json\/wp\/v2\/users\/10"}],"replies":[{"embeddable":true,"href":"https:\/\/www.klinger-kempchen.de\/cs\/wp-json\/wp\/v2\/comments?post=20396"}],"version-history":[{"count":0,"href":"https:\/\/www.klinger-kempchen.de\/cs\/wp-json\/wp\/v2\/pages\/20396\/revisions"}],"up":[{"embeddable":true,"href":"https:\/\/www.klinger-kempchen.de\/cs\/wp-json\/wp\/v2\/pages\/18651"}],"wp:featuredmedia":[{"embeddable":true,"href":"https:\/\/www.klinger-kempchen.de\/cs\/wp-json\/wp\/v2\/media\/17700"}],"wp:attachment":[{"href":"https:\/\/www.klinger-kempchen.de\/cs\/wp-json\/wp\/v2\/media?parent=20396"}],"curies":[{"name":"wp","href":"https:\/\/api.w.org\/{rel}","templated":true}]}}