{"id":20402,"date":"2023-11-29T14:55:02","date_gmt":"2023-11-29T13:55:02","guid":{"rendered":"https:\/\/www.klinger-kempchen.de\/?page_id=20402"},"modified":"2024-03-11T16:14:42","modified_gmt":"2024-03-11T15:14:42","slug":"kemanalysis","status":"publish","type":"page","link":"https:\/\/www.klinger-kempchen.de\/cs\/sluzby\/kemanalysis\/","title":{"rendered":"KemAnalysis"},"content":{"rendered":"\n<h1 class=\"wp-block-heading h4\">Profesion\u00e1ln\u00ed anal\u00fdza t\u011bsn\u00edc\u00edch ploch a p\u0159\u00edrubov\u00fdch spoj\u016f<\/h1>\n\n\n\n<div class=\"wp-block-columns is-layout-flex wp-container-core-columns-is-layout-9d6595d7 wp-block-columns-is-layout-flex\">\n<div class=\"wp-block-column is-layout-flow wp-block-column-is-layout-flow\" style=\"flex-basis:66.66%\">\n<p>V praxi se setk\u00e1te s p\u0159\u00edrubami, kter\u00e9 maj\u00ed r\u016fzn\u00e9 vady na sty\u010dn\u00e9 plo\u0161e s t\u011bsn\u011bn\u00edm. Zda je po\u0161kozen\u00ed v\u00e1\u017en\u00e9, v z\u00e1vislosti na p\u016fsoben\u00ed m\u00edstn\u00edho povrchov\u00fdho tlaku. Jako p\u0159\u00edklady lze identifikovat n\u00e1sleduj\u00edc\u00ed probl\u00e9my:<\/p>\n\n\n\n<ul class=\"wp-block-list\">\n<li>Nerovnosti v p\u0159\u00edrub\u011b v d\u016fsledku koroze (povrchov\u00e1 eroze a\/nebo d\u016flkov\u00e1 koroze).<\/li>\n\n\n\n<li>\u0160kr\u00e1bance vych\u00e1zej\u00edc\u00ed zevnit\u0159 ven, nap\u0159\u00edklad p\u0159i \u010di\u0161t\u011bn\u00ed p\u0159\u00edruby pomoc\u00ed \u0161krabek nebo kart\u00e1\u010d\u016f, kter\u00e9 jsou tvrd\u0161\u00ed ne\u017e materi\u00e1l p\u0159\u00edruby<\/li>\n\n\n\n<li>Prohlubn\u011b ve vn\u011bj\u0161\u00ed oblasti t\u011bsnic\u00edho p\u00e1su, vytvo\u0159en\u00e9 rozta\u017een\u00edm n\u00e1stroj\u016f p\u0159i instalaci nebo demont\u00e1\u017ei t\u011bsn\u011bn\u00ed.<\/li>\n\n\n\n<li>\u010c\u00e1ste\u010dn\u00e9 prom\u00e1\u010dkliny uprost\u0159ed t\u011bsnic\u00edch ploch.<\/li>\n\n\n\n<li>a dal\u0161\u00ed&#8230;<\/li>\n<\/ul>\n\n\n\n<div style=\"height:25px\" aria-hidden=\"true\" class=\"wp-block-spacer advgb-dyn-90a12b08\"><\/div>\n\n\n\n<p><strong>Posouzen\u00ed situace<\/strong> <\/p>\n\n\n\n<p>KemAnalysis umo\u017e\u0148uje posouzen\u00ed t\u00e9to situace. Souvislost mezi deformac\u00ed a p\u016fsob\u00edc\u00edm povrchov\u00fdm tlakem je vytvo\u0159ena jasn\u00fdm zobrazen\u00edm nerovnost\u00ed jako otisku formy v grafitov\u00e9 vrstv\u011b a sou\u010dasn\u011b zobrazen\u00edm povrchov\u00e9ho tlaku pomoc\u00ed pap\u00edru citliv\u00e9ho na tlak.<\/p>\n\n\n\n<div style=\"height:25px\" aria-hidden=\"true\" class=\"wp-block-spacer advgb-dyn-90a12b08\"><\/div>\n\n\n\n<p><strong>Realizace KEM<\/strong> <\/p>\n\n\n\n<p>KemAnalysis se instaluje jako konven\u010dn\u00ed t\u011bsn\u011bn\u00ed. Speci\u00e1ln\u00ed pouzdro dr\u017e\u00ed m\u011b\u0159ic\u00ed jednotku bezpe\u010dn\u011b pohromad\u011b a chr\u00e1n\u00ed citliv\u00fd m\u011b\u0159ic\u00ed pap\u00edr p\u0159ed chemick\u00fdm napaden\u00edm. Anal\u00fdza pak m\u016f\u017ee za\u010d\u00edt okam\u017eit\u011b. Bu\u010f pomoc\u00ed \u010dist\u011b vizu\u00e1ln\u00edho odhadu nebo pomoc\u00ed softwarov\u011b podporovan\u00e9 plo\u0161n\u00e9 anal\u00fdzy.<\/p>\n\n\n\n<div style=\"height:25px\" aria-hidden=\"true\" class=\"wp-block-spacer advgb-dyn-90a12b08\"><\/div>\n\n\n\n<p><strong>KemAnalysis poskytuje mimo jin\u00e9 :<\/strong><\/p>\n\n\n\n<ul class=\"wp-block-list\">\n<li>Znalosti o ztr\u00e1t\u011b s\u00edly \u0161roubu p\u0159i mont\u00e1\u017ei.<\/li>\n\n\n\n<li>Zji\u0161t\u011bn\u00ed  deformace p\u0159\u00edruby p\u0159i mont\u00e1\u017ei.<\/li>\n\n\n\n<li>Posouzen\u00ed vlivu nerovnost\u00ed t\u011bsn\u00edc\u00ed plochy na t\u011bsnic\u00ed chov\u00e1n\u00ed.<\/li>\n\n\n\n<li>Lokalizace m\u00edsta z\u00e1vad nebo po\u0161kozen\u00ed.<\/li>\n\n\n\n<li>Zji\u0161t\u011bn\u00ed ke stanoven\u00ed pot\u0159ebn\u00fdch sana\u010dn\u00edch opat\u0159en\u00ed.<\/li>\n\n\n\n<li>Znalosti pro ur\u010den\u00ed nejlep\u0161\u00ed mo\u017en\u00e9 konfigurace t\u011bsn\u011bn\u00ed.<\/li>\n<\/ul>\n<\/div>\n\n\n\n<div class=\"wp-block-column is-layout-flow wp-block-column-is-layout-flow\" style=\"flex-basis:33.33%\"><div class=\"wp-block-image is-resized\">\n<figure class=\"aligncenter size-large advgb-dyn-e6647437\"><img loading=\"lazy\" decoding=\"async\" width=\"270\" height=\"270\" src=\"https:\/\/www.klinger-kempchen.de\/wp-content\/uploads\/2020\/07\/Kemanalysis-icon.jpg\" alt=\"\" class=\"wp-image-6991\" srcset=\"https:\/\/www.klinger-kempchen.de\/wp-content\/uploads\/2020\/07\/Kemanalysis-icon.jpg 270w, https:\/\/www.klinger-kempchen.de\/wp-content\/uploads\/2020\/07\/Kemanalysis-icon-20x20.jpg 20w\" sizes=\"auto, (max-width: 270px) 100vw, 270px\" \/><\/figure>\n<\/div><\/div>\n<\/div>\n","protected":false},"excerpt":{"rendered":"<p>Profesion\u00e1ln\u00ed anal\u00fdza t\u011bsn\u00edc\u00edch ploch a p\u0159\u00edrubov\u00fdch spoj\u016f V praxi se setk\u00e1te s p\u0159\u00edrubami, kter\u00e9 maj\u00ed r\u016fzn\u00e9 vady na sty\u010dn\u00e9 plo\u0161e s t\u011bsn\u011bn\u00edm. Zda je po\u0161kozen\u00ed v\u00e1\u017en\u00e9, v z\u00e1vislosti na p\u016fsoben\u00ed m\u00edstn\u00edho povrchov\u00fdho tlaku. Jako p\u0159\u00edklady lze identifikovat n\u00e1sleduj\u00edc\u00ed probl\u00e9my: Posouzen\u00ed situace KemAnalysis umo\u017e\u0148uje posouzen\u00ed t\u00e9to situace. Souvislost mezi deformac\u00ed a p\u016fsob\u00edc\u00edm povrchov\u00fdm tlakem je vytvo\u0159ena [&hellip;]<\/p>\n","protected":false},"author":10,"featured_media":18335,"parent":18651,"menu_order":4,"comment_status":"closed","ping_status":"closed","template":"page-templates\/somos.php","meta":{"advgb_blocks_editor_width":"","advgb_blocks_columns_visual_guide":"","iawp_total_views":2,"footnotes":""},"class_list":["post-20402","page","type-page","status-publish","has-post-thumbnail","hentry"],"yoast_head":"<!-- This site is optimized with the Yoast SEO plugin v27.3 - https:\/\/yoast.com\/product\/yoast-seo-wordpress\/ -->\n<title>KemAnalysis - KLINGER Kempchen<\/title>\n<meta name=\"robots\" content=\"index, follow, max-snippet:-1, max-image-preview:large, max-video-preview:-1\" \/>\n<link rel=\"canonical\" href=\"https:\/\/www.klinger-kempchen.de\/cs\/sluzby\/kemanalysis\/\" \/>\n<meta property=\"og:locale\" content=\"cs_CZ\" \/>\n<meta property=\"og:type\" content=\"article\" \/>\n<meta property=\"og:title\" content=\"KemAnalysis - KLINGER Kempchen\" \/>\n<meta property=\"og:description\" content=\"Profesion\u00e1ln\u00ed anal\u00fdza t\u011bsn\u00edc\u00edch ploch a p\u0159\u00edrubov\u00fdch spoj\u016f V praxi se setk\u00e1te s p\u0159\u00edrubami, kter\u00e9 maj\u00ed r\u016fzn\u00e9 vady na sty\u010dn\u00e9 plo\u0161e s t\u011bsn\u011bn\u00edm. Zda je po\u0161kozen\u00ed v\u00e1\u017en\u00e9, v z\u00e1vislosti na p\u016fsoben\u00ed m\u00edstn\u00edho povrchov\u00fdho tlaku. Jako p\u0159\u00edklady lze identifikovat n\u00e1sleduj\u00edc\u00ed probl\u00e9my: Posouzen\u00ed situace KemAnalysis umo\u017e\u0148uje posouzen\u00ed t\u00e9to situace. Souvislost mezi deformac\u00ed a p\u016fsob\u00edc\u00edm povrchov\u00fdm tlakem je vytvo\u0159ena [&hellip;]\" \/>\n<meta property=\"og:url\" content=\"https:\/\/www.klinger-kempchen.de\/cs\/sluzby\/kemanalysis\/\" \/>\n<meta property=\"og:site_name\" content=\"KLINGER Kempchen\" \/>\n<meta property=\"article:modified_time\" content=\"2024-03-11T15:14:42+00:00\" \/>\n<meta property=\"og:image\" content=\"https:\/\/www.klinger-kempchen.de\/wp-content\/uploads\/2023\/03\/Kemanalysis_KLINGER_Kempchen.webp\" \/>\n\t<meta property=\"og:image:width\" content=\"1920\" \/>\n\t<meta property=\"og:image:height\" content=\"875\" \/>\n\t<meta property=\"og:image:type\" content=\"image\/webp\" \/>\n<meta name=\"twitter:label1\" content=\"Odhadovan\u00e1 doba \u010dten\u00ed\" \/>\n\t<meta name=\"twitter:data1\" content=\"2 minuty\" \/>\n<!-- \/ Yoast SEO plugin. -->","yoast_head_json":{"title":"KemAnalysis - KLINGER Kempchen","robots":{"index":"index","follow":"follow","max-snippet":"max-snippet:-1","max-image-preview":"max-image-preview:large","max-video-preview":"max-video-preview:-1"},"canonical":"https:\/\/www.klinger-kempchen.de\/cs\/sluzby\/kemanalysis\/","og_locale":"cs_CZ","og_type":"article","og_title":"KemAnalysis - KLINGER Kempchen","og_description":"Profesion\u00e1ln\u00ed anal\u00fdza t\u011bsn\u00edc\u00edch ploch a p\u0159\u00edrubov\u00fdch spoj\u016f V praxi se setk\u00e1te s p\u0159\u00edrubami, kter\u00e9 maj\u00ed r\u016fzn\u00e9 vady na sty\u010dn\u00e9 plo\u0161e s t\u011bsn\u011bn\u00edm. Zda je po\u0161kozen\u00ed v\u00e1\u017en\u00e9, v z\u00e1vislosti na p\u016fsoben\u00ed m\u00edstn\u00edho povrchov\u00fdho tlaku. Jako p\u0159\u00edklady lze identifikovat n\u00e1sleduj\u00edc\u00ed probl\u00e9my: Posouzen\u00ed situace KemAnalysis umo\u017e\u0148uje posouzen\u00ed t\u00e9to situace. Souvislost mezi deformac\u00ed a p\u016fsob\u00edc\u00edm povrchov\u00fdm tlakem je vytvo\u0159ena [&hellip;]","og_url":"https:\/\/www.klinger-kempchen.de\/cs\/sluzby\/kemanalysis\/","og_site_name":"KLINGER Kempchen","article_modified_time":"2024-03-11T15:14:42+00:00","og_image":[{"width":1920,"height":875,"url":"https:\/\/www.klinger-kempchen.de\/wp-content\/uploads\/2023\/03\/Kemanalysis_KLINGER_Kempchen.webp","type":"image\/webp"}],"twitter_misc":{"Odhadovan\u00e1 doba \u010dten\u00ed":"2 minuty"},"schema":{"@context":"https:\/\/schema.org","@graph":[{"@type":"WebPage","@id":"https:\/\/www.klinger-kempchen.de\/cs\/sluzby\/kemanalysis\/","url":"https:\/\/www.klinger-kempchen.de\/cs\/sluzby\/kemanalysis\/","name":"KemAnalysis - KLINGER Kempchen","isPartOf":{"@id":"https:\/\/www.klinger-kempchen.de\/#website"},"primaryImageOfPage":{"@id":"https:\/\/www.klinger-kempchen.de\/cs\/sluzby\/kemanalysis\/#primaryimage"},"image":{"@id":"https:\/\/www.klinger-kempchen.de\/cs\/sluzby\/kemanalysis\/#primaryimage"},"thumbnailUrl":"https:\/\/www.klinger-kempchen.de\/wp-content\/uploads\/2023\/03\/Kemanalysis_KLINGER_Kempchen.webp","datePublished":"2023-11-29T13:55:02+00:00","dateModified":"2024-03-11T15:14:42+00:00","breadcrumb":{"@id":"https:\/\/www.klinger-kempchen.de\/cs\/sluzby\/kemanalysis\/#breadcrumb"},"inLanguage":"cs","potentialAction":[{"@type":"ReadAction","target":["https:\/\/www.klinger-kempchen.de\/cs\/sluzby\/kemanalysis\/"]}]},{"@type":"ImageObject","inLanguage":"cs","@id":"https:\/\/www.klinger-kempchen.de\/cs\/sluzby\/kemanalysis\/#primaryimage","url":"https:\/\/www.klinger-kempchen.de\/wp-content\/uploads\/2023\/03\/Kemanalysis_KLINGER_Kempchen.webp","contentUrl":"https:\/\/www.klinger-kempchen.de\/wp-content\/uploads\/2023\/03\/Kemanalysis_KLINGER_Kempchen.webp","width":1920,"height":875,"caption":"Dichtfl\u00e4chenanalyse"},{"@type":"BreadcrumbList","@id":"https:\/\/www.klinger-kempchen.de\/cs\/sluzby\/kemanalysis\/#breadcrumb","itemListElement":[{"@type":"ListItem","position":1,"name":"Home","item":"https:\/\/www.klinger-kempchen.de\/"},{"@type":"ListItem","position":2,"name":"Slu\u017eby","item":"https:\/\/www.klinger-kempchen.de\/cs\/sluzby\/"},{"@type":"ListItem","position":3,"name":"KemAnalysis"}]},{"@type":"WebSite","@id":"https:\/\/www.klinger-kempchen.de\/#website","url":"https:\/\/www.klinger-kempchen.de\/","name":"KLINGER Kempchen","description":"KLINGER Kempchen","publisher":{"@id":"https:\/\/www.klinger-kempchen.de\/#organization"},"potentialAction":[{"@type":"SearchAction","target":{"@type":"EntryPoint","urlTemplate":"https:\/\/www.klinger-kempchen.de\/?s={search_term_string}"},"query-input":{"@type":"PropertyValueSpecification","valueRequired":true,"valueName":"search_term_string"}}],"inLanguage":"cs"},{"@type":"Organization","@id":"https:\/\/www.klinger-kempchen.de\/#organization","name":"KLINGER-Kempchen","url":"https:\/\/www.klinger-kempchen.de\/","logo":{"@type":"ImageObject","inLanguage":"cs","@id":"https:\/\/www.klinger-kempchen.de\/#\/schema\/logo\/image\/","url":"https:\/\/www.klinger-kempchen.de\/wp-content\/uploads\/2020\/06\/cropped-Klinger-Kempchen-Logo.png","contentUrl":"https:\/\/www.klinger-kempchen.de\/wp-content\/uploads\/2020\/06\/cropped-Klinger-Kempchen-Logo.png","width":512,"height":512,"caption":"KLINGER-Kempchen"},"image":{"@id":"https:\/\/www.klinger-kempchen.de\/#\/schema\/logo\/image\/"}}]}},"coauthors":[],"author_meta":{"author_link":"https:\/\/www.klinger-kempchen.de\/cs\/author\/vesely\/","display_name":"Vlastislav Vesel\u00fd"},"relative_dates":{"created":"Posted 2 roky ago","modified":"Updated 2 roky ago"},"absolute_dates":{"created":"Posted on 29 listopadu 2023","modified":"Updated on 11 b\u0159ezna 2024"},"absolute_dates_time":{"created":"Posted on 29 listopadu 2023 14:55","modified":"Updated on 11 b\u0159ezna 2024 16:14"},"featured_img_caption":"Dichtfl\u00e4chenanalyse","featured_img":"https:\/\/www.klinger-kempchen.de\/wp-content\/uploads\/2023\/03\/Kemanalysis_KLINGER_Kempchen-1400x638.webp","series_order":"","_links":{"self":[{"href":"https:\/\/www.klinger-kempchen.de\/cs\/wp-json\/wp\/v2\/pages\/20402","targetHints":{"allow":["GET"]}}],"collection":[{"href":"https:\/\/www.klinger-kempchen.de\/cs\/wp-json\/wp\/v2\/pages"}],"about":[{"href":"https:\/\/www.klinger-kempchen.de\/cs\/wp-json\/wp\/v2\/types\/page"}],"author":[{"embeddable":true,"href":"https:\/\/www.klinger-kempchen.de\/cs\/wp-json\/wp\/v2\/users\/10"}],"replies":[{"embeddable":true,"href":"https:\/\/www.klinger-kempchen.de\/cs\/wp-json\/wp\/v2\/comments?post=20402"}],"version-history":[{"count":0,"href":"https:\/\/www.klinger-kempchen.de\/cs\/wp-json\/wp\/v2\/pages\/20402\/revisions"}],"up":[{"embeddable":true,"href":"https:\/\/www.klinger-kempchen.de\/cs\/wp-json\/wp\/v2\/pages\/18651"}],"wp:featuredmedia":[{"embeddable":true,"href":"https:\/\/www.klinger-kempchen.de\/cs\/wp-json\/wp\/v2\/media\/18335"}],"wp:attachment":[{"href":"https:\/\/www.klinger-kempchen.de\/cs\/wp-json\/wp\/v2\/media?parent=20402"}],"curies":[{"name":"wp","href":"https:\/\/api.w.org\/{rel}","templated":true}]}}