{"id":20418,"date":"2023-11-29T15:11:58","date_gmt":"2023-11-29T14:11:58","guid":{"rendered":"https:\/\/www.klinger-kempchen.de\/?page_id=20418"},"modified":"2024-03-11T16:15:31","modified_gmt":"2024-03-11T15:15:31","slug":"vypoctovy-program-kemproof","status":"publish","type":"page","link":"https:\/\/www.klinger-kempchen.de\/cs\/sluzby\/vypoctovy-program-kemproof\/","title":{"rendered":"V\u00fdpo\u010dtov\u00fd program KemProof"},"content":{"rendered":"\n<h1 class=\"wp-block-heading h3\">KEMPROOF\u00ae BERECHNUNGSPROGRAMM <\/h1>\n\n\n\n<h2 class=\"wp-block-heading h4\">bezplatn\u00fd online v\u00fdpo\u010detn\u00ed program pro utahovac\u00ed momenty \u0161roub\u016f<\/h2>\n\n\n\n<div class=\"wp-block-columns is-layout-flex wp-container-core-columns-is-layout-9d6595d7 wp-block-columns-is-layout-flex\">\n<div class=\"wp-block-column is-layout-flow wp-block-column-is-layout-flow\" style=\"flex-basis:66.66%\">\n<p>Podporujeme na\u0161e z\u00e1kazn\u00edky komplexn\u011b a podle jejich pot\u0159eb p\u0159i v\u00fdpo\u010dtech t\u011bsn\u00edc\u00edch spoj\u016f: s na\u0161\u00edm bezplatn\u00fdm online programem KemProof pro v\u00fdpo\u010det utahovac\u00edch moment\u016f \u0161roub\u016f a tak\u00e9 s komplexn\u00edmi anal\u00fdzami podle projektov\u00fdch specifikac\u00ed. Na na\u0161ich webov\u00fdch str\u00e1nk\u00e1ch www.klinger-kempchen.de nab\u00edz\u00edme na\u0161im z\u00e1kazn\u00edk\u016fm bezplatn\u00fd v\u00fdpo\u010det utahovac\u00edch moment\u016f \u0161roub\u016f v 5 jednoduch\u00fdch kroc\u00edch. <\/p>\n\n\n\n<p><strong>Program poskytuje utahovac\u00ed moment \u0161roub\u016f s ohledem na:<\/strong><\/p>\n\n\n\n<ul class=\"wp-block-list\">\n<li>DIN-, ANSI-Typ p\u0159\u00edruby<\/li>\n\n\n\n<li>Dodate\u010dn\u00e9 zat\u00ed\u017een\u00ed<\/li>\n\n\n\n<li>Typ \u0161roubu a materi\u00e1l \u0161roubu<\/li>\n\n\n\n<li>Tlak<\/li>\n\n\n\n<li>Teplota<\/li>\n\n\n\n<li>po\u017eadovan\u00e1 t\u0159\u00edda \u00faniku \/ net\u011bsnosti<\/li>\n\n\n\n<li>Koeficienty t\u0159en\u00ed<\/li>\n\n\n\n<li>Typ t\u011bsn\u011bn\u00ed<\/li>\n<\/ul>\n\n\n\n<p>V p\u0159\u00edpad\u011b pot\u0159eby je mo\u017en\u00fd kontroln\u00ed v\u00fdpo\u010det podle DIN EN 1591-1 za p\u0159edpokladu pou\u017eit\u00ed p\u0159\u00edrub DIN EN 1092-1. Zohled\u0148uj\u00ed se dal\u0161\u00ed \u00fadaje, jako je materi\u00e1l p\u0159\u00edruby a jmenovit\u00e9 v\u00fdpo\u010dtov\u00e9 nap\u011bt\u00ed. Krom\u011b to\u010div\u00e9ho momentu poskytuje v\u00fdpo\u010det tak\u00e9 optim\u00e1ln\u00ed \u00farovn\u011b vyu\u017eit\u00ed p\u0159\u00edrub, \u0161roub\u016f a t\u011bsn\u011bn\u00ed a tak\u00e9 sklon listu p\u0159\u00edruby. Pokud je p\u0159ekro\u010den maxim\u00e1ln\u00ed sklon p\u0159\u00edrubov\u00e9ho listu, program to signalizuje. P\u0159i v\u00fdpo\u010dtu to\u010div\u00e9ho momentu je zohledn\u011bn po\u017eadavek na minimalizaci VDI 2290. Bezplatn\u00e1 online kalkulace je samoz\u0159ejm\u011b dostupn\u00e1 i na va\u0161em smartphonu. To znamen\u00e1, \u017ee na\u0161i slu\u017ebu m\u016f\u017eete vyu\u017e\u00edt kdekoli, nap\u0159\u00edklad p\u0159\u00edmo na m\u00edst\u011b mont\u00e1\u017ee.<\/p>\n\n\n\n<p class=\"has-luminous-vivid-orange-color has-text-color\">Zaregistrujte se na&nbsp;<a href=\"https:\/\/kemproof.klinger-kempchen.de\/\" target=\"_blank\" rel=\"noreferrer noopener\">kemproof.klinger-kempchen.de<\/a>&nbsp;. <\/p>\n\n\n\n<p>Kr\u00e1tce nato obdr\u017e\u00edte e-mailem povolen\u00ed p\u0159\u00edstupu, se kter\u00fdm m\u016f\u017eete KemProof okam\u017eit\u011b pou\u017e\u00edvat. V\u0161echny relevantn\u00ed parametry lze vybrat z datov\u00fdch tabulek pomoc\u00ed struktury menu. U\u017e po n\u011bkolika polo\u017ek\u00e1ch u\u017eivatelsky p\u0159\u00edv\u011btiv\u00fd program uk\u00e1\u017ee po\u017eadovan\u00fd v\u00fdsledek. V\u0161echna data v\u00e1m budou zasl\u00e1na e-mailem jako soubor PDF.<\/p>\n<\/div>\n\n\n\n<div class=\"wp-block-column is-layout-flow wp-block-column-is-layout-flow\" style=\"flex-basis:33.33%\">\n<figure class=\"wp-block-image size-large\"><img loading=\"lazy\" decoding=\"async\" width=\"700\" height=\"500\" src=\"https:\/\/www.klinger-kempchen.de\/wp-content\/uploads\/2020\/07\/KemProof_Bildschirm.jpg\" alt=\"\" class=\"wp-image-8209\"\/><figcaption class=\"wp-element-caption\">KemProof Berechnungsservice<\/figcaption><\/figure>\n<\/div>\n<\/div>\n","protected":false},"excerpt":{"rendered":"<p>KEMPROOF\u00ae BERECHNUNGSPROGRAMM bezplatn\u00fd online v\u00fdpo\u010detn\u00ed program pro utahovac\u00ed momenty \u0161roub\u016f Podporujeme na\u0161e z\u00e1kazn\u00edky komplexn\u011b a podle jejich pot\u0159eb p\u0159i v\u00fdpo\u010dtech t\u011bsn\u00edc\u00edch spoj\u016f: s na\u0161\u00edm bezplatn\u00fdm online programem KemProof pro v\u00fdpo\u010det utahovac\u00edch moment\u016f \u0161roub\u016f a tak\u00e9 s komplexn\u00edmi anal\u00fdzami podle projektov\u00fdch specifikac\u00ed. Na na\u0161ich webov\u00fdch str\u00e1nk\u00e1ch www.klinger-kempchen.de nab\u00edz\u00edme na\u0161im z\u00e1kazn\u00edk\u016fm bezplatn\u00fd v\u00fdpo\u010det utahovac\u00edch moment\u016f \u0161roub\u016f v [&hellip;]<\/p>\n","protected":false},"author":10,"featured_media":17749,"parent":18651,"menu_order":5,"comment_status":"closed","ping_status":"closed","template":"page-templates\/somos.php","meta":{"advgb_blocks_editor_width":"","advgb_blocks_columns_visual_guide":"","iawp_total_views":21,"footnotes":""},"class_list":["post-20418","page","type-page","status-publish","has-post-thumbnail","hentry"],"yoast_head":"<!-- This site is optimized with the Yoast SEO plugin v27.3 - https:\/\/yoast.com\/product\/yoast-seo-wordpress\/ -->\n<title>V\u00fdpo\u010dtov\u00fd program KemProof - KLINGER Kempchen<\/title>\n<meta name=\"robots\" content=\"index, follow, max-snippet:-1, max-image-preview:large, max-video-preview:-1\" \/>\n<link rel=\"canonical\" href=\"https:\/\/www.klinger-kempchen.de\/service\/kemproof-berechnungsprogramm\/\" \/>\n<meta property=\"og:locale\" content=\"cs_CZ\" \/>\n<meta property=\"og:type\" content=\"article\" \/>\n<meta property=\"og:title\" content=\"V\u00fdpo\u010dtov\u00fd program KemProof - KLINGER Kempchen\" \/>\n<meta property=\"og:description\" content=\"KEMPROOF\u00ae BERECHNUNGSPROGRAMM bezplatn\u00fd online v\u00fdpo\u010detn\u00ed program pro utahovac\u00ed momenty \u0161roub\u016f Podporujeme na\u0161e z\u00e1kazn\u00edky komplexn\u011b a podle jejich pot\u0159eb p\u0159i v\u00fdpo\u010dtech t\u011bsn\u00edc\u00edch spoj\u016f: s na\u0161\u00edm bezplatn\u00fdm online programem KemProof pro v\u00fdpo\u010det utahovac\u00edch moment\u016f \u0161roub\u016f a tak\u00e9 s komplexn\u00edmi anal\u00fdzami podle projektov\u00fdch specifikac\u00ed. Na na\u0161ich webov\u00fdch str\u00e1nk\u00e1ch www.klinger-kempchen.de nab\u00edz\u00edme na\u0161im z\u00e1kazn\u00edk\u016fm bezplatn\u00fd v\u00fdpo\u010det utahovac\u00edch moment\u016f \u0161roub\u016f v [&hellip;]\" \/>\n<meta property=\"og:url\" content=\"https:\/\/www.klinger-kempchen.de\/service\/kemproof-berechnungsprogramm\/\" \/>\n<meta property=\"og:site_name\" content=\"KLINGER Kempchen\" \/>\n<meta property=\"article:modified_time\" content=\"2024-03-11T15:15:31+00:00\" \/>\n<meta property=\"og:image\" content=\"https:\/\/www.klinger-kempchen.de\/wp-content\/uploads\/2020\/07\/KemProof_Service_Header.jpg\" \/>\n\t<meta property=\"og:image:width\" content=\"1400\" \/>\n\t<meta property=\"og:image:height\" content=\"334\" \/>\n\t<meta property=\"og:image:type\" content=\"image\/jpeg\" \/>\n<meta name=\"twitter:label1\" content=\"Odhadovan\u00e1 doba \u010dten\u00ed\" \/>\n\t<meta name=\"twitter:data1\" content=\"2 minuty\" \/>\n<!-- \/ Yoast SEO plugin. -->","yoast_head_json":{"title":"V\u00fdpo\u010dtov\u00fd program KemProof - KLINGER Kempchen","robots":{"index":"index","follow":"follow","max-snippet":"max-snippet:-1","max-image-preview":"max-image-preview:large","max-video-preview":"max-video-preview:-1"},"canonical":"https:\/\/www.klinger-kempchen.de\/service\/kemproof-berechnungsprogramm\/","og_locale":"cs_CZ","og_type":"article","og_title":"V\u00fdpo\u010dtov\u00fd program KemProof - KLINGER Kempchen","og_description":"KEMPROOF\u00ae BERECHNUNGSPROGRAMM bezplatn\u00fd online v\u00fdpo\u010detn\u00ed program pro utahovac\u00ed momenty \u0161roub\u016f Podporujeme na\u0161e z\u00e1kazn\u00edky komplexn\u011b a podle jejich pot\u0159eb p\u0159i v\u00fdpo\u010dtech t\u011bsn\u00edc\u00edch spoj\u016f: s na\u0161\u00edm bezplatn\u00fdm online programem KemProof pro v\u00fdpo\u010det utahovac\u00edch moment\u016f \u0161roub\u016f a tak\u00e9 s komplexn\u00edmi anal\u00fdzami podle projektov\u00fdch specifikac\u00ed. Na na\u0161ich webov\u00fdch str\u00e1nk\u00e1ch www.klinger-kempchen.de nab\u00edz\u00edme na\u0161im z\u00e1kazn\u00edk\u016fm bezplatn\u00fd v\u00fdpo\u010det utahovac\u00edch moment\u016f \u0161roub\u016f v [&hellip;]","og_url":"https:\/\/www.klinger-kempchen.de\/service\/kemproof-berechnungsprogramm\/","og_site_name":"KLINGER Kempchen","article_modified_time":"2024-03-11T15:15:31+00:00","og_image":[{"width":1400,"height":334,"url":"https:\/\/www.klinger-kempchen.de\/wp-content\/uploads\/2020\/07\/KemProof_Service_Header.jpg","type":"image\/jpeg"}],"twitter_misc":{"Odhadovan\u00e1 doba \u010dten\u00ed":"2 minuty"},"schema":{"@context":"https:\/\/schema.org","@graph":[{"@type":"WebPage","@id":"https:\/\/www.klinger-kempchen.de\/service\/kemproof-berechnungsprogramm\/","url":"https:\/\/www.klinger-kempchen.de\/service\/kemproof-berechnungsprogramm\/","name":"V\u00fdpo\u010dtov\u00fd program KemProof - KLINGER Kempchen","isPartOf":{"@id":"https:\/\/www.klinger-kempchen.de\/#website"},"primaryImageOfPage":{"@id":"https:\/\/www.klinger-kempchen.de\/service\/kemproof-berechnungsprogramm\/#primaryimage"},"image":{"@id":"https:\/\/www.klinger-kempchen.de\/service\/kemproof-berechnungsprogramm\/#primaryimage"},"thumbnailUrl":"https:\/\/www.klinger-kempchen.de\/wp-content\/uploads\/2020\/07\/KemProof_Service_Header.jpg","datePublished":"2023-11-29T14:11:58+00:00","dateModified":"2024-03-11T15:15:31+00:00","breadcrumb":{"@id":"https:\/\/www.klinger-kempchen.de\/service\/kemproof-berechnungsprogramm\/#breadcrumb"},"inLanguage":"cs","potentialAction":[{"@type":"ReadAction","target":["https:\/\/www.klinger-kempchen.de\/service\/kemproof-berechnungsprogramm\/"]}]},{"@type":"ImageObject","inLanguage":"cs","@id":"https:\/\/www.klinger-kempchen.de\/service\/kemproof-berechnungsprogramm\/#primaryimage","url":"https:\/\/www.klinger-kempchen.de\/wp-content\/uploads\/2020\/07\/KemProof_Service_Header.jpg","contentUrl":"https:\/\/www.klinger-kempchen.de\/wp-content\/uploads\/2020\/07\/KemProof_Service_Header.jpg","width":1400,"height":334,"caption":"KemProof_Berechnungsprogramm"},{"@type":"BreadcrumbList","@id":"https:\/\/www.klinger-kempchen.de\/service\/kemproof-berechnungsprogramm\/#breadcrumb","itemListElement":[{"@type":"ListItem","position":1,"name":"Home","item":"https:\/\/www.klinger-kempchen.de\/"},{"@type":"ListItem","position":2,"name":"Slu\u017eby","item":"https:\/\/www.klinger-kempchen.de\/cs\/sluzby\/"},{"@type":"ListItem","position":3,"name":"V\u00fdpo\u010dtov\u00fd program KemProof"}]},{"@type":"WebSite","@id":"https:\/\/www.klinger-kempchen.de\/#website","url":"https:\/\/www.klinger-kempchen.de\/","name":"KLINGER Kempchen","description":"KLINGER Kempchen","publisher":{"@id":"https:\/\/www.klinger-kempchen.de\/#organization"},"potentialAction":[{"@type":"SearchAction","target":{"@type":"EntryPoint","urlTemplate":"https:\/\/www.klinger-kempchen.de\/?s={search_term_string}"},"query-input":{"@type":"PropertyValueSpecification","valueRequired":true,"valueName":"search_term_string"}}],"inLanguage":"cs"},{"@type":"Organization","@id":"https:\/\/www.klinger-kempchen.de\/#organization","name":"KLINGER-Kempchen","url":"https:\/\/www.klinger-kempchen.de\/","logo":{"@type":"ImageObject","inLanguage":"cs","@id":"https:\/\/www.klinger-kempchen.de\/#\/schema\/logo\/image\/","url":"https:\/\/www.klinger-kempchen.de\/wp-content\/uploads\/2020\/06\/cropped-Klinger-Kempchen-Logo.png","contentUrl":"https:\/\/www.klinger-kempchen.de\/wp-content\/uploads\/2020\/06\/cropped-Klinger-Kempchen-Logo.png","width":512,"height":512,"caption":"KLINGER-Kempchen"},"image":{"@id":"https:\/\/www.klinger-kempchen.de\/#\/schema\/logo\/image\/"}}]}},"coauthors":[],"author_meta":{"author_link":"https:\/\/www.klinger-kempchen.de\/cs\/author\/vesely\/","display_name":"Vlastislav Vesel\u00fd"},"relative_dates":{"created":"Posted 2 roky ago","modified":"Updated 2 roky ago"},"absolute_dates":{"created":"Posted on 29 listopadu 2023","modified":"Updated on 11 b\u0159ezna 2024"},"absolute_dates_time":{"created":"Posted on 29 listopadu 2023 15:11","modified":"Updated on 11 b\u0159ezna 2024 16:15"},"featured_img_caption":"KemProof_Berechnungsprogramm","featured_img":"https:\/\/www.klinger-kempchen.de\/wp-content\/uploads\/2020\/07\/KemProof_Service_Header.jpg","series_order":"","_links":{"self":[{"href":"https:\/\/www.klinger-kempchen.de\/cs\/wp-json\/wp\/v2\/pages\/20418","targetHints":{"allow":["GET"]}}],"collection":[{"href":"https:\/\/www.klinger-kempchen.de\/cs\/wp-json\/wp\/v2\/pages"}],"about":[{"href":"https:\/\/www.klinger-kempchen.de\/cs\/wp-json\/wp\/v2\/types\/page"}],"author":[{"embeddable":true,"href":"https:\/\/www.klinger-kempchen.de\/cs\/wp-json\/wp\/v2\/users\/10"}],"replies":[{"embeddable":true,"href":"https:\/\/www.klinger-kempchen.de\/cs\/wp-json\/wp\/v2\/comments?post=20418"}],"version-history":[{"count":0,"href":"https:\/\/www.klinger-kempchen.de\/cs\/wp-json\/wp\/v2\/pages\/20418\/revisions"}],"up":[{"embeddable":true,"href":"https:\/\/www.klinger-kempchen.de\/cs\/wp-json\/wp\/v2\/pages\/18651"}],"wp:featuredmedia":[{"embeddable":true,"href":"https:\/\/www.klinger-kempchen.de\/cs\/wp-json\/wp\/v2\/media\/17749"}],"wp:attachment":[{"href":"https:\/\/www.klinger-kempchen.de\/cs\/wp-json\/wp\/v2\/media?parent=20418"}],"curies":[{"name":"wp","href":"https:\/\/api.w.org\/{rel}","templated":true}]}}