{"id":20424,"date":"2023-11-29T15:20:50","date_gmt":"2023-11-29T14:20:50","guid":{"rendered":"https:\/\/www.klinger-kempchen.de\/?page_id=20424"},"modified":"2024-08-01T10:14:06","modified_gmt":"2024-08-01T08:14:06","slug":"skoleni-a-vzdelavani","status":"publish","type":"page","link":"https:\/\/www.klinger-kempchen.de\/cs\/sluzby\/skoleni-a-vzdelavani\/","title":{"rendered":"\u0160kolen\u00ed a vzd\u011bl\u00e1v\u00e1n\u00ed"},"content":{"rendered":"\n<h1 class=\"wp-block-heading h3\">VZD\u011aL\u00c1V\u00c1N\u00cd,  MONTA\u017dE-A V\u00ddCVIK TECHNIK\u016e<\/h1>\n\n\n\n<div class=\"wp-block-columns is-layout-flex wp-container-core-columns-is-layout-9d6595d7 wp-block-columns-is-layout-flex\">\n<div class=\"wp-block-column is-layout-flow wp-block-column-is-layout-flow\">\n<p>Maximalizujte bezpe\u010dnost va\u0161eho syst\u00e9mu pomoc\u00ed na\u0161ich \u0161kolic\u00edch kurz\u016f Pokud jde o t\u011bsn\u011bn\u00ed, \u0161kolen\u00ed mont\u00e1\u017ee jsou rozhoduj\u00edc\u00ed t\u0159i faktory bezpe\u010dnosti syst\u00e9mu: v\u00fdb\u011br t\u011bsnic\u00edho materi\u00e1lu vhodn\u00e9ho pro po\u017eadovanou aplikaci, spr\u00e1vnou instalaci a v neposledn\u00ed \u0159ad\u011b spr\u00e1vnou manipulaci. KLINGER Kempchen nab\u00edz\u00ed z\u00e1kladn\u00ed \u0161kolen\u00ed v souladu s normou DIN EN 1591-4 a dal\u0161\u00ed \u0161kolic\u00ed moduly ve vlastn\u00edch \u0161kolic\u00edch st\u0159edisc\u00edch v Leun\u011b a Oberhausenu s c\u00edlem zajistit \u0161kolen\u00ed mont\u00e9r\u016f v souladu se standardy ve va\u0161\u00ed spole\u010dnosti.<\/p>\n\n\n\n<p><\/p>\n\n\n\n<p><strong>Rozsah na\u0161eho \u0161kolen\u00ed<\/strong><\/p>\n\n\n\n<ul class=\"wp-block-list\">\n<li>Skladov\u00e1n\u00ed, doprava a manipulace<\/li>\n\n\n\n<li>Instalace t\u011bsn\u011bn\u00ed<\/li>\n\n\n\n<li>Osobn\u00ed bezpe\u010dnostn\u00ed vybaven\u00ed<\/li>\n\n\n\n<li>N\u00e1stroje a postupy utahov\u00e1n\u00ed<\/li>\n\n\n\n<li>\u0160roubov\u00e9 prvky (\u0161rouby, matice, podlo\u017eky)chrauben, Muttern, Beilagscheiben)<\/li>\n\n\n\n<li>Spr\u00e1vn\u00e1 demont\u00e1\u017e t\u011bsn\u011bn\u00ed<\/li>\n<\/ul>\n<\/div>\n\n\n\n<div class=\"wp-block-column is-layout-flow wp-block-column-is-layout-flow\">\n<figure class=\"wp-block-embed is-type-video is-provider-youtube wp-block-embed-youtube wp-embed-aspect-16-9 wp-has-aspect-ratio\"><div class=\"wp-block-embed__wrapper\">\n<iframe loading=\"lazy\" title=\"KLINGER Kempchen Montageschulung  gem\u00e4\u00df der DIN EN 1591-4\" width=\"625\" height=\"352\" src=\"https:\/\/www.youtube.com\/embed\/SX0bXDo_9lY?feature=oembed\" frameborder=\"0\" allow=\"accelerometer; autoplay; clipboard-write; encrypted-media; gyroscope; picture-in-picture; web-share\" referrerpolicy=\"strict-origin-when-cross-origin\" allowfullscreen><\/iframe>\n<\/div><\/figure>\n\n\n\n<p>Se zam\u011b\u0159en\u00edm na tyto c\u00edle nab\u00edz\u00ed KLINGER Kempchen pro v\u00e1\u0161 odborn\u00fd person\u00e1l certifikovan\u00e1, teoretick\u00e1 a praktick\u00e1 \u0161kolen\u00ed v souladu s DIN EN 1591-4..<\/p>\n<\/div>\n<\/div>\n\n\n\n<div class=\"wp-block-columns is-layout-flex wp-container-core-columns-is-layout-9d6595d7 wp-block-columns-is-layout-flex\">\n<div class=\"wp-block-column is-layout-flow wp-block-column-is-layout-flow\">\n<figure class=\"wp-block-image size-large\"><img loading=\"lazy\" decoding=\"async\" width=\"1181\" height=\"787\" src=\"https:\/\/www.klinger-kempchen.de\/wp-content\/uploads\/2020\/07\/Kempchen_Klinger-Truck_2.jpg\" alt=\"Schulungstruck f\u00fcr Montageschulung\" class=\"wp-image-7508\" srcset=\"https:\/\/www.klinger-kempchen.de\/wp-content\/uploads\/2020\/07\/Kempchen_Klinger-Truck_2.jpg 1181w, https:\/\/www.klinger-kempchen.de\/wp-content\/uploads\/2020\/07\/Kempchen_Klinger-Truck_2-768x512.jpg 768w\" sizes=\"auto, (max-width: 1181px) 100vw, 1181px\" \/><\/figure>\n\n\n\n<p><\/p>\n<\/div>\n\n\n\n<div class=\"wp-block-column is-layout-flow wp-block-column-is-layout-flow\">\n<figure class=\"wp-block-image size-large\"><img loading=\"lazy\" decoding=\"async\" width=\"1181\" height=\"787\" src=\"https:\/\/www.klinger-kempchen.de\/wp-content\/uploads\/2020\/07\/Kempchen_Klinger-Truck_3.jpg\" alt=\"Montageschulung\" class=\"wp-image-7510\" srcset=\"https:\/\/www.klinger-kempchen.de\/wp-content\/uploads\/2020\/07\/Kempchen_Klinger-Truck_3.jpg 1181w, https:\/\/www.klinger-kempchen.de\/wp-content\/uploads\/2020\/07\/Kempchen_Klinger-Truck_3-768x512.jpg 768w\" sizes=\"auto, (max-width: 1181px) 100vw, 1181px\" \/><figcaption class=\"wp-element-caption\">\u0160kolen\u00ed mont\u00e1\u017ee<\/figcaption><\/figure>\n<\/div>\n<\/div>\n\n\n\n<h2 class=\"wp-block-heading h4\">Downloads<\/h2>\n\n\n\n<p>Zde najdete ty nejlep\u0161\u00ed podm\u00ednky pro soust\u0159ed\u011bn\u00fd tr\u00e9nink.<\/p>\n\n\n\n<p><img loading=\"lazy\" decoding=\"async\" width=\"41\" height=\"26\" class=\"wp-image-7660\" style=\"width: 41px;\" src=\"https:\/\/www.klinger-kempchen.de\/wp-content\/uploads\/2020\/07\/Download-icon-2.png\" alt=\"Download\" srcset=\"https:\/\/www.klinger-kempchen.de\/wp-content\/uploads\/2020\/07\/Download-icon-2.png 41w, https:\/\/www.klinger-kempchen.de\/wp-content\/uploads\/2020\/07\/Download-icon-2-20x13.png 20w\" sizes=\"auto, (max-width: 41px) 100vw, 41px\" \/><a href=\"https:\/\/www.klinger-kempchen.de\/wp-content\/uploads\/2022\/11\/042020_FLYER_MONTAGESCHULUNG_2023.pdf\" target=\"_blank\" rel=\"noreferrer noopener\">Flyer Montageschulungen Termine 2023 (pdf)<\/a><\/p>\n\n\n\n<p><img loading=\"lazy\" decoding=\"async\" width=\"41\" height=\"26\" class=\"wp-image-7660\" style=\"width: 41px;\" src=\"https:\/\/www.klinger-kempchen.de\/wp-content\/uploads\/2020\/07\/Download-icon-2.png\" alt=\"Download\" srcset=\"https:\/\/www.klinger-kempchen.de\/wp-content\/uploads\/2020\/07\/Download-icon-2.png 41w, https:\/\/www.klinger-kempchen.de\/wp-content\/uploads\/2020\/07\/Download-icon-2-20x13.png 20w\" sizes=\"auto, (max-width: 41px) 100vw, 41px\" \/><a href=\"https:\/\/www.klinger-kempchen.de\/wp-content\/uploads\/2023\/08\/042020_FLYER_MONTAGESCHULUNG_2024.pdf\" target=\"_blank\" rel=\"noreferrer noopener\">Flyer Montageschulungen Termine 2024 (pdf)<\/a><\/p>\n\n\n\n<div style=\"height:50px\" aria-hidden=\"true\" class=\"wp-block-spacer advgb-dyn-a1f5334f\"><\/div>\n\n\n\n<h2 class=\"wp-block-heading\">STROJ\u00cdRENSK\u00dd V\u00ddCVIK<\/h2>\n\n\n\n<h3 class=\"wp-block-heading h4\">Know-how v technice t\u011bsn\u011bn\u00ed &#8211; od z\u00e1klad\u016f a\u017e po v\u00fdpo\u010det<\/h3>\n\n\n\n<div class=\"wp-block-columns is-layout-flex wp-container-core-columns-is-layout-9d6595d7 wp-block-columns-is-layout-flex\">\n<div class=\"wp-block-column is-layout-flow wp-block-column-is-layout-flow\" style=\"flex-basis:66.66%\">\n<div style=\"height:10px\" aria-hidden=\"true\" class=\"wp-block-spacer advgb-dyn-d28b3ae8\"><\/div>\n\n\n\n<p>S touto nab\u00eddkou \u0161kolen\u00ed konkr\u00e9tn\u011b oslovujeme in\u017een\u00fdry, kte\u0159\u00ed jsou zodpov\u011bdn\u00ed za v\u00fdpo\u010dty a mont\u00e1\u017e t\u011bsnic\u00edch prvk\u016f. Na\u0161i zku\u0161en\u00ed \u0161kolitel\u00e9 nau\u010d\u00ed va\u0161e zam\u011bstnance z\u00e1klad\u016fm technologie t\u011bsn\u011bn\u00ed a v\u00fdpo\u010dtu t\u011bsn\u011bn\u00ed ve dvou tematick\u00fdch bloc\u00edch.<\/p>\n\n\n\n<div style=\"height:10px\" aria-hidden=\"true\" class=\"wp-block-spacer advgb-dyn-d28b3ae8\"><\/div>\n\n\n\n<h4 class=\"wp-block-heading\"><strong>T\u00e9mata v\u00fdcviku<\/strong><\/h4>\n\n\n\n<h4 class=\"wp-block-heading\">T\u00e9matick\u00fd blok 1: Z\u00e1klady technologie t\u011bsn\u011bn\u00ed<\/h4>\n\n\n\n<ul class=\"wp-block-list\">\n<li>Kroky k vysoce kvalitn\u00edmu t\u011bsn\u00edc\u00edmu spojen\u00ed<\/li>\n\n\n\n<li> Pravidla, p\u0159edpisy, nejnov\u011bj\u0161\u00ed v\u00fdvoj<\/li>\n\n\n\n<li> Z\u00e1kladn\u00ed typy t\u011bsn\u011bn\u00ed<\/li>\n\n\n\n<li> V\u00fdb\u011br spr\u00e1vn\u00e9ho t\u011bsn\u011bn\u00ed<\/li>\n\n\n\n<li> Volba t\u011bsn\u00edc\u00edch charakteristik<\/li>\n\n\n\n<li> Hodnocen\u00ed t\u011bsn\u00edc\u00edch vlastnost\u00ed<\/li>\n\n\n\n<li> Vliv na chov\u00e1n\u00ed t\u011bsn\u011bn\u00ed<\/li>\n\n\n\n<li> Kvalita t\u011bsn\u00edc\u00ed plochy<\/li>\n\n\n\n<li> Vliv mont\u00e1\u017ee<\/li>\n<\/ul>\n\n\n\n<div style=\"height:10px\" aria-hidden=\"true\" class=\"wp-block-spacer advgb-dyn-d28b3ae8\"><\/div>\n\n\n\n<h4 class=\"wp-block-heading\"><strong>T\u00e9matick\u00fd blok 2: V\u00fdpo\u010dty<\/strong><\/h4>\n\n\n\n<ul class=\"wp-block-list\">\n<li> Z\u00e1klady v\u00fdpo\u010dtu t\u011bsn\u00edc\u00edch spoj\u016f<\/li>\n\n\n\n<li> Prezentace v\u00fdpo\u010dtov\u00fdch metod<\/li>\n\n\n\n<li> Kempchenalgorithmus<\/li>\n\n\n\n<li>Prov\u00e1d\u011bn\u00ed v\u00fdpo\u010dt\u016f:\n<ul class=\"wp-block-list\">\n<li>DIN EN 1591-1<\/li>\n\n\n\n<li>KemProof\u00ae <\/li>\n<\/ul>\n<\/li>\n<\/ul>\n\n\n\n<p><\/p>\n<\/div>\n\n\n\n<div class=\"wp-block-column is-layout-flow wp-block-column-is-layout-flow\" style=\"flex-basis:33.33%\">\n<figure class=\"wp-block-image size-full\"><img loading=\"lazy\" decoding=\"async\" width=\"468\" height=\"672\" src=\"https:\/\/www.klinger-kempchen.de\/wp-content\/uploads\/2021\/01\/Ingenieurschulung_KLINGER-Kempchen.png\" alt=\"Trainings-Schulungen\" class=\"wp-image-11551\"\/><figcaption class=\"wp-element-caption\"><br>In\u017een\u00fdrsk\u00e9 a mont\u00e1\u017en\u00ed \u0161kolen\u00ed<\/figcaption><\/figure>\n<\/div>\n<\/div>\n\n\n\n<p>\u0160kolen\u00ed prob\u00edhaj\u00ed po domluv\u011b v na\u0161ich intern\u00edch \u0161kolic\u00edch st\u0159edisc\u00edch.<\/p>\n","protected":false},"excerpt":{"rendered":"<p>VZD\u011aL\u00c1V\u00c1N\u00cd, MONTA\u017dE-A V\u00ddCVIK TECHNIK\u016e Maximalizujte bezpe\u010dnost va\u0161eho syst\u00e9mu pomoc\u00ed na\u0161ich \u0161kolic\u00edch kurz\u016f Pokud jde o t\u011bsn\u011bn\u00ed, \u0161kolen\u00ed mont\u00e1\u017ee jsou rozhoduj\u00edc\u00ed t\u0159i faktory bezpe\u010dnosti syst\u00e9mu: v\u00fdb\u011br t\u011bsnic\u00edho materi\u00e1lu vhodn\u00e9ho pro po\u017eadovanou aplikaci, spr\u00e1vnou instalaci a v neposledn\u00ed \u0159ad\u011b spr\u00e1vnou manipulaci. KLINGER Kempchen nab\u00edz\u00ed z\u00e1kladn\u00ed \u0161kolen\u00ed v souladu s normou DIN EN 1591-4 a dal\u0161\u00ed \u0161kolic\u00ed moduly [&hellip;]<\/p>\n","protected":false},"author":10,"featured_media":17613,"parent":18651,"menu_order":8,"comment_status":"closed","ping_status":"closed","template":"page-templates\/somos.php","meta":{"advgb_blocks_editor_width":"","advgb_blocks_columns_visual_guide":"","iawp_total_views":3,"footnotes":""},"class_list":["post-20424","page","type-page","status-publish","has-post-thumbnail","hentry"],"yoast_head":"<!-- This site is optimized with the Yoast SEO plugin v26.9 - https:\/\/yoast.com\/product\/yoast-seo-wordpress\/ -->\n<title>\u0160kolen\u00ed a vzd\u011bl\u00e1v\u00e1n\u00ed - KLINGER Kempchen<\/title>\n<meta name=\"robots\" content=\"index, follow, max-snippet:-1, max-image-preview:large, max-video-preview:-1\" \/>\n<link rel=\"canonical\" href=\"https:\/\/www.klinger-kempchen.de\/cs\/sluzby\/skoleni-a-vzdelavani\/\" \/>\n<meta property=\"og:locale\" content=\"cs_CZ\" \/>\n<meta property=\"og:type\" content=\"article\" \/>\n<meta property=\"og:title\" content=\"\u0160kolen\u00ed a vzd\u011bl\u00e1v\u00e1n\u00ed - KLINGER Kempchen\" \/>\n<meta property=\"og:description\" content=\"VZD\u011aL\u00c1V\u00c1N\u00cd, MONTA\u017dE-A V\u00ddCVIK TECHNIK\u016e Maximalizujte bezpe\u010dnost va\u0161eho syst\u00e9mu pomoc\u00ed na\u0161ich \u0161kolic\u00edch kurz\u016f Pokud jde o t\u011bsn\u011bn\u00ed, \u0161kolen\u00ed mont\u00e1\u017ee jsou rozhoduj\u00edc\u00ed t\u0159i faktory bezpe\u010dnosti syst\u00e9mu: v\u00fdb\u011br t\u011bsnic\u00edho materi\u00e1lu vhodn\u00e9ho pro po\u017eadovanou aplikaci, spr\u00e1vnou instalaci a v neposledn\u00ed \u0159ad\u011b spr\u00e1vnou manipulaci. KLINGER Kempchen nab\u00edz\u00ed z\u00e1kladn\u00ed \u0161kolen\u00ed v souladu s normou DIN EN 1591-4 a dal\u0161\u00ed \u0161kolic\u00ed moduly [&hellip;]\" \/>\n<meta property=\"og:url\" content=\"https:\/\/www.klinger-kempchen.de\/cs\/sluzby\/skoleni-a-vzdelavani\/\" \/>\n<meta property=\"og:site_name\" content=\"KLINGER Kempchen\" \/>\n<meta property=\"article:modified_time\" content=\"2024-08-01T08:14:06+00:00\" \/>\n<meta property=\"og:image\" content=\"https:\/\/www.klinger-kempchen.de\/wp-content\/uploads\/2020\/07\/Trainings-titel.jpg\" \/>\n\t<meta property=\"og:image:width\" content=\"1400\" \/>\n\t<meta property=\"og:image:height\" content=\"334\" \/>\n\t<meta property=\"og:image:type\" content=\"image\/jpeg\" \/>\n<meta name=\"twitter:label1\" content=\"Odhadovan\u00e1 doba \u010dten\u00ed\" \/>\n\t<meta name=\"twitter:data1\" content=\"2 minuty\" \/>\n<!-- \/ Yoast SEO plugin. -->","yoast_head_json":{"title":"\u0160kolen\u00ed a vzd\u011bl\u00e1v\u00e1n\u00ed - KLINGER Kempchen","robots":{"index":"index","follow":"follow","max-snippet":"max-snippet:-1","max-image-preview":"max-image-preview:large","max-video-preview":"max-video-preview:-1"},"canonical":"https:\/\/www.klinger-kempchen.de\/cs\/sluzby\/skoleni-a-vzdelavani\/","og_locale":"cs_CZ","og_type":"article","og_title":"\u0160kolen\u00ed a vzd\u011bl\u00e1v\u00e1n\u00ed - KLINGER Kempchen","og_description":"VZD\u011aL\u00c1V\u00c1N\u00cd, MONTA\u017dE-A V\u00ddCVIK TECHNIK\u016e Maximalizujte bezpe\u010dnost va\u0161eho syst\u00e9mu pomoc\u00ed na\u0161ich \u0161kolic\u00edch kurz\u016f Pokud jde o t\u011bsn\u011bn\u00ed, \u0161kolen\u00ed mont\u00e1\u017ee jsou rozhoduj\u00edc\u00ed t\u0159i faktory bezpe\u010dnosti syst\u00e9mu: v\u00fdb\u011br t\u011bsnic\u00edho materi\u00e1lu vhodn\u00e9ho pro po\u017eadovanou aplikaci, spr\u00e1vnou instalaci a v neposledn\u00ed \u0159ad\u011b spr\u00e1vnou manipulaci. KLINGER Kempchen nab\u00edz\u00ed z\u00e1kladn\u00ed \u0161kolen\u00ed v souladu s normou DIN EN 1591-4 a dal\u0161\u00ed \u0161kolic\u00ed moduly [&hellip;]","og_url":"https:\/\/www.klinger-kempchen.de\/cs\/sluzby\/skoleni-a-vzdelavani\/","og_site_name":"KLINGER Kempchen","article_modified_time":"2024-08-01T08:14:06+00:00","og_image":[{"width":1400,"height":334,"url":"https:\/\/www.klinger-kempchen.de\/wp-content\/uploads\/2020\/07\/Trainings-titel.jpg","type":"image\/jpeg"}],"twitter_misc":{"Odhadovan\u00e1 doba \u010dten\u00ed":"2 minuty"},"schema":{"@context":"https:\/\/schema.org","@graph":[{"@type":"WebPage","@id":"https:\/\/www.klinger-kempchen.de\/cs\/sluzby\/skoleni-a-vzdelavani\/","url":"https:\/\/www.klinger-kempchen.de\/cs\/sluzby\/skoleni-a-vzdelavani\/","name":"\u0160kolen\u00ed a vzd\u011bl\u00e1v\u00e1n\u00ed - KLINGER Kempchen","isPartOf":{"@id":"https:\/\/www.klinger-kempchen.de\/#website"},"primaryImageOfPage":{"@id":"https:\/\/www.klinger-kempchen.de\/cs\/sluzby\/skoleni-a-vzdelavani\/#primaryimage"},"image":{"@id":"https:\/\/www.klinger-kempchen.de\/cs\/sluzby\/skoleni-a-vzdelavani\/#primaryimage"},"thumbnailUrl":"https:\/\/www.klinger-kempchen.de\/wp-content\/uploads\/2020\/07\/Trainings-titel.jpg","datePublished":"2023-11-29T14:20:50+00:00","dateModified":"2024-08-01T08:14:06+00:00","breadcrumb":{"@id":"https:\/\/www.klinger-kempchen.de\/cs\/sluzby\/skoleni-a-vzdelavani\/#breadcrumb"},"inLanguage":"cs","potentialAction":[{"@type":"ReadAction","target":["https:\/\/www.klinger-kempchen.de\/cs\/sluzby\/skoleni-a-vzdelavani\/"]}]},{"@type":"ImageObject","inLanguage":"cs","@id":"https:\/\/www.klinger-kempchen.de\/cs\/sluzby\/skoleni-a-vzdelavani\/#primaryimage","url":"https:\/\/www.klinger-kempchen.de\/wp-content\/uploads\/2020\/07\/Trainings-titel.jpg","contentUrl":"https:\/\/www.klinger-kempchen.de\/wp-content\/uploads\/2020\/07\/Trainings-titel.jpg","width":1400,"height":334,"caption":"Montageschulung"},{"@type":"BreadcrumbList","@id":"https:\/\/www.klinger-kempchen.de\/cs\/sluzby\/skoleni-a-vzdelavani\/#breadcrumb","itemListElement":[{"@type":"ListItem","position":1,"name":"Home","item":"https:\/\/www.klinger-kempchen.de\/"},{"@type":"ListItem","position":2,"name":"Slu\u017eby","item":"https:\/\/www.klinger-kempchen.de\/cs\/sluzby\/"},{"@type":"ListItem","position":3,"name":"\u0160kolen\u00ed a vzd\u011bl\u00e1v\u00e1n\u00ed"}]},{"@type":"WebSite","@id":"https:\/\/www.klinger-kempchen.de\/#website","url":"https:\/\/www.klinger-kempchen.de\/","name":"KLINGER Kempchen","description":"KLINGER Kempchen","publisher":{"@id":"https:\/\/www.klinger-kempchen.de\/#organization"},"potentialAction":[{"@type":"SearchAction","target":{"@type":"EntryPoint","urlTemplate":"https:\/\/www.klinger-kempchen.de\/?s={search_term_string}"},"query-input":{"@type":"PropertyValueSpecification","valueRequired":true,"valueName":"search_term_string"}}],"inLanguage":"cs"},{"@type":"Organization","@id":"https:\/\/www.klinger-kempchen.de\/#organization","name":"KLINGER-Kempchen","url":"https:\/\/www.klinger-kempchen.de\/","logo":{"@type":"ImageObject","inLanguage":"cs","@id":"https:\/\/www.klinger-kempchen.de\/#\/schema\/logo\/image\/","url":"https:\/\/www.klinger-kempchen.de\/wp-content\/uploads\/2020\/06\/cropped-Klinger-Kempchen-Logo.png","contentUrl":"https:\/\/www.klinger-kempchen.de\/wp-content\/uploads\/2020\/06\/cropped-Klinger-Kempchen-Logo.png","width":512,"height":512,"caption":"KLINGER-Kempchen"},"image":{"@id":"https:\/\/www.klinger-kempchen.de\/#\/schema\/logo\/image\/"}}]}},"coauthors":[],"author_meta":{"author_link":"https:\/\/www.klinger-kempchen.de\/cs\/author\/vesely\/","display_name":"Vlastislav Vesel\u00fd"},"relative_dates":{"created":"Posted 2 roky ago","modified":"Updated 2 roky ago"},"absolute_dates":{"created":"Posted on 29 listopadu 2023","modified":"Updated on 1 srpna 2024"},"absolute_dates_time":{"created":"Posted on 29 listopadu 2023 15:20","modified":"Updated on 1 srpna 2024 10:14"},"featured_img_caption":"Montageschulung","featured_img":"https:\/\/www.klinger-kempchen.de\/wp-content\/uploads\/2020\/07\/Trainings-titel.jpg","series_order":"","_links":{"self":[{"href":"https:\/\/www.klinger-kempchen.de\/cs\/wp-json\/wp\/v2\/pages\/20424","targetHints":{"allow":["GET"]}}],"collection":[{"href":"https:\/\/www.klinger-kempchen.de\/cs\/wp-json\/wp\/v2\/pages"}],"about":[{"href":"https:\/\/www.klinger-kempchen.de\/cs\/wp-json\/wp\/v2\/types\/page"}],"author":[{"embeddable":true,"href":"https:\/\/www.klinger-kempchen.de\/cs\/wp-json\/wp\/v2\/users\/10"}],"replies":[{"embeddable":true,"href":"https:\/\/www.klinger-kempchen.de\/cs\/wp-json\/wp\/v2\/comments?post=20424"}],"version-history":[{"count":0,"href":"https:\/\/www.klinger-kempchen.de\/cs\/wp-json\/wp\/v2\/pages\/20424\/revisions"}],"up":[{"embeddable":true,"href":"https:\/\/www.klinger-kempchen.de\/cs\/wp-json\/wp\/v2\/pages\/18651"}],"wp:featuredmedia":[{"embeddable":true,"href":"https:\/\/www.klinger-kempchen.de\/cs\/wp-json\/wp\/v2\/media\/17613"}],"wp:attachment":[{"href":"https:\/\/www.klinger-kempchen.de\/cs\/wp-json\/wp\/v2\/media?parent=20424"}],"curies":[{"name":"wp","href":"https:\/\/api.w.org\/{rel}","templated":true}]}}