{"id":20445,"date":"2023-11-29T15:48:48","date_gmt":"2023-11-29T14:48:48","guid":{"rendered":"https:\/\/www.klinger-kempchen.de\/?page_id=20445"},"modified":"2024-06-06T10:07:39","modified_gmt":"2024-06-06T08:07:39","slug":"servisni-mista","status":"publish","type":"page","link":"https:\/\/www.klinger-kempchen.de\/cs\/spolecnost\/servisni-mista\/","title":{"rendered":"Servisn\u00ed m\u00edsta"},"content":{"rendered":"\n<h1 class=\"wp-block-heading h3\">SERVISN\u00cd Z\u00c1KLADNA V N\u011aMECKU<\/h1>\n\n\n\n<p>Pokud m\u00e1te nal\u00e9hav\u00fd probl\u00e9m, informujte se o na\u0161ich servisn\u00edch m\u00edstech a kontaktech ve va\u0161\u00ed oblasti. N\u00e1\u0161 odborn\u00fd person\u00e1l v\u00e1m jist\u011b m\u016f\u017ee okam\u017eit\u011b pomoci. Na\u0161e servisn\u00ed z\u00e1kladny jsou strategicky rozm\u00edst\u011bny po cel\u00e9m N\u011bmecku, tak\u017ee v\u00e1m m\u016f\u017eeme rychle pomoci, pokud se n\u011bco pokaz\u00ed. Na\u0161i odborn\u00edci maj\u00ed tak\u00e9 spr\u00e1vn\u00e9 know-how a spr\u00e1vn\u00e9 vybaven\u00ed, aby mohli okam\u017eit\u011b pomoci. N\u00ed\u017ee vid\u00edte kontaktn\u00ed osoby, kter\u00e9 jsou za v\u00e1s zodpov\u011bdn\u00e9. M\u016f\u017eete tak\u00e9 vid\u011bt v\u00fdrobn\u00ed za\u0159\u00edzen\u00ed, kter\u00e1 jsou na m\u00edst\u011b se schopnost\u00ed velmi rychle reagovat.<\/p>\n\n\n\n<p><\/p>\n\n\n\n<h4 class=\"wp-block-heading\"><\/h4>\n\n\n\n<div class=\"wp-block-columns is-layout-flex wp-container-core-columns-is-layout-9d6595d7 wp-block-columns-is-layout-flex\">\n<div class=\"wp-block-column is-layout-flow wp-block-column-is-layout-flow\" style=\"flex-basis:66.66%\">\n<h2 class=\"wp-block-heading\">Servisn\u00ed m\u00edsto Leuna<\/h2>\n\n\n\n<p><strong>KLINGER Kempchen Leuna GmbH<br>Dichtungsfertigung vor Ort<\/strong><br><br>Am Haupttor &#8211; Geb. 5512<br>06237 Leuna<br>T&nbsp; &nbsp;+49 3461 4332 93<br>F&nbsp; &nbsp;+49 3461 4332 91<br>E-mail:&nbsp;<a href=\"mailto:info@klinger-kempchen-leuna.de\">info@klinger-kempchen-leuna.de<\/a><\/p>\n\n\n\n<p>Hlavn\u00ed v\u00fdrobn\u00ed za\u0159\u00edzen\u00ed<\/p>\n\n\n\n<ul class=\"wp-block-list\">\n<li>Plotter<\/li>\n\n\n\n<li>D\u011brova\u010dka<\/li>\n\n\n\n<li>Soustruh (do \u00d8 500 mm)<\/li>\n\n\n\n<li>N\u016f\u017eky<\/li>\n\n\n\n<li>Syst\u00e9m \u010di\u0161t\u011bn\u00ed h\u0159ebenov\u00fdch profilov\u00fdch t\u011bsn\u011bn\u00ed do \u00d8 1000 mm)<\/li>\n<\/ul>\n<\/div>\n\n\n\n<div class=\"wp-block-column is-layout-flow wp-block-column-is-layout-flow\" style=\"flex-basis:33.33%\">\n<div style=\"height:100px\" aria-hidden=\"true\" class=\"wp-block-spacer\"><\/div>\n\n\n\n<div class=\"wp-block-columns has-kb-palette-1-background-color has-background is-layout-flex wp-container-core-columns-is-layout-9d6595d7 wp-block-columns-is-layout-flex\">\n<div class=\"wp-block-column is-layout-flow wp-block-column-is-layout-flow\" style=\"flex-basis:100%\">\n<p><strong>KLINGER Kempchen Leuna GmbH<\/strong><\/p>\n\n\n\n<ul class=\"wp-block-list\">\n<li>Firmengr\u00fcndung: 1995<\/li>\n\n\n\n<li>Mitarbeiter:&nbsp; 5<\/li>\n\n\n\n<li>Produktionsfl\u00e4che: 650 qm<\/li>\n\n\n\n<li>QM-System: DIN EN ISO 9001<\/li>\n<\/ul>\n<\/div>\n\n\n\n<div class=\"wp-block-column is-layout-flow wp-block-column-is-layout-flow\"><\/div>\n<\/div>\n<\/div>\n<\/div>\n\n\n\n<div style=\"height:50px\" aria-hidden=\"true\" class=\"wp-block-spacer advgb-dyn-a1f5334f\"><\/div>\n\n\n\n<div class=\"wp-block-columns is-layout-flex wp-container-core-columns-is-layout-9d6595d7 wp-block-columns-is-layout-flex\">\n<div class=\"wp-block-column is-layout-flow wp-block-column-is-layout-flow\" style=\"flex-basis:66.66%\">\n<h2 class=\"wp-block-heading\">Service-St\u00fctzpunkt Ludwigshafen<\/h2>\n\n\n\n<p><strong>KLINGER Kempchen GmbH<br>Dichtungsfertigung und -belegung vor Ort<\/strong><br><br>Gel\u00e4nde der BASF, Geb\u00e4ude J544<br>67056 Ludwigshafen<\/p>\n\n\n\n<p>M &nbsp;+49 172 52 69 974<br>T&nbsp; &nbsp;+49 621 58 79 0773<br>F&nbsp; &nbsp;+49 621 53 83 5880<br>E-mail:&nbsp;<a href=\"mailto:ludwigshafen@klinger-kempchen.de\">ludwigshafen@klinger-kempchen.de<\/a><\/p>\n\n\n\n<p><strong>Haupts\u00e4chliche Fertigungseinrichtungen<\/strong><\/p>\n\n\n\n<ul class=\"wp-block-list\">\n<li>Ringschneidemaschine<\/li>\n\n\n\n<li>Reinigungsanlage f\u00fcr Kammprofildichtungen<\/li>\n\n\n\n<li>Plotter<\/li>\n<\/ul>\n<\/div>\n\n\n\n<div class=\"wp-block-column is-layout-flow wp-block-column-is-layout-flow\" style=\"flex-basis:33.33%\">\n<div style=\"height:100px\" aria-hidden=\"true\" class=\"wp-block-spacer\"><\/div>\n\n\n\n<div class=\"wp-block-columns has-kb-palette-1-background-color has-background is-layout-flex wp-container-core-columns-is-layout-9d6595d7 wp-block-columns-is-layout-flex\">\n<div class=\"wp-block-column is-layout-flow wp-block-column-is-layout-flow\" style=\"flex-basis:100%\">\n<p><strong>KLINGER Kempchen GmbH \/ <\/strong><br><strong>SERVICE-ST\u00dcTZPUNKT LUDWIGSHAFEN<\/strong><\/p>\n\n\n\n<ul class=\"wp-block-list\">\n<li>Firmengr\u00fcndung: 1889<\/li>\n\n\n\n<li>Mitarbeiter: 1<\/li>\n\n\n\n<li>Produktionsfl\u00e4che: 200 qm<\/li>\n\n\n\n<li>QM-System: DIN EN ISO 9001, DIN EN ISO 14001, DIN ISO 45000<\/li>\n<\/ul>\n<\/div>\n\n\n\n<div class=\"wp-block-column is-layout-flow wp-block-column-is-layout-flow\"><\/div>\n<\/div>\n<\/div>\n<\/div>\n\n\n\n<div style=\"height:50px\" aria-hidden=\"true\" class=\"wp-block-spacer advgb-dyn-a1f5334f\"><\/div>\n\n\n\n<div class=\"wp-block-columns is-layout-flex wp-container-core-columns-is-layout-9d6595d7 wp-block-columns-is-layout-flex\">\n<div class=\"wp-block-column is-layout-flow wp-block-column-is-layout-flow\" style=\"flex-basis:66.66%\">\n<h2 class=\"wp-block-heading\">Service-St\u00fctzpunkt Wesseling<\/h2>\n\n\n\n<p><strong>KLINGER Kempchen GmbH<br>Dichtungsfertigung vor Ort<\/strong><br><br>Hauptmagazin Raum 19<br>Ludwigshafener Stra\u00dfe 1<\/p>\n\n\n\n<p>50389 Wesseling<br>M +49 172 91 20 918<br>F&nbsp; +49 2236 9299582<br>E-mail:&nbsp;<a href=\"mailto:standort.shell@kempchen.de\">standort.shell@kempchen.de<\/a><\/p>\n\n\n\n<p><strong>Haupts\u00e4chliche Fertigungseinrichtungen<\/strong><\/p>\n\n\n\n<ul class=\"wp-block-list\">\n<li>Plotter<\/li>\n\n\n\n<li>Stanze<\/li>\n\n\n\n<li>Drehbank<\/li>\n<\/ul>\n<\/div>\n\n\n\n<div class=\"wp-block-column is-layout-flow wp-block-column-is-layout-flow\" style=\"flex-basis:33.33%\">\n<div style=\"height:100px\" aria-hidden=\"true\" class=\"wp-block-spacer\"><\/div>\n\n\n\n<div class=\"wp-block-columns has-kb-palette-1-background-color has-background is-layout-flex wp-container-core-columns-is-layout-9d6595d7 wp-block-columns-is-layout-flex\">\n<div class=\"wp-block-column is-layout-flow wp-block-column-is-layout-flow\" style=\"flex-basis:100%\">\n<p><strong>KLINGER Kempchen GmbH \/ <\/strong><br><strong>Service-St\u00fctzpunkt Wesseling<\/strong><\/p>\n\n\n\n<ul class=\"wp-block-list\">\n<li>Firmengr\u00fcndung: 1889<\/li>\n\n\n\n<li>Mitarbeiter: 1<\/li>\n\n\n\n<li>Produktionsfl\u00e4che: 280 qm<\/li>\n\n\n\n<li>QM-System: DIN EN ISO 9001, DIN EN ISO 14001, DIN ISO 45000<\/li>\n<\/ul>\n<\/div>\n\n\n\n<div class=\"wp-block-column is-layout-flow wp-block-column-is-layout-flow\"><\/div>\n<\/div>\n<\/div>\n<\/div>\n\n\n\n<div style=\"height:50px\" aria-hidden=\"true\" class=\"wp-block-spacer advgb-dyn-a1f5334f\"><\/div>\n\n\n\n<div class=\"wp-block-columns is-layout-flex wp-container-core-columns-is-layout-9d6595d7 wp-block-columns-is-layout-flex\"><\/div>\n","protected":false},"excerpt":{"rendered":"<p>SERVISN\u00cd Z\u00c1KLADNA V N\u011aMECKU Pokud m\u00e1te nal\u00e9hav\u00fd probl\u00e9m, informujte se o na\u0161ich servisn\u00edch m\u00edstech a kontaktech ve va\u0161\u00ed oblasti. N\u00e1\u0161 odborn\u00fd person\u00e1l v\u00e1m jist\u011b m\u016f\u017ee okam\u017eit\u011b pomoci. Na\u0161e servisn\u00ed z\u00e1kladny jsou strategicky rozm\u00edst\u011bny po cel\u00e9m N\u011bmecku, tak\u017ee v\u00e1m m\u016f\u017eeme rychle pomoci, pokud se n\u011bco pokaz\u00ed. Na\u0161i odborn\u00edci maj\u00ed tak\u00e9 spr\u00e1vn\u00e9 know-how a spr\u00e1vn\u00e9 vybaven\u00ed, aby [&hellip;]<\/p>\n","protected":false},"author":10,"featured_media":17606,"parent":18646,"menu_order":4,"comment_status":"closed","ping_status":"closed","template":"page-templates\/industria.php","meta":{"advgb_blocks_editor_width":"","advgb_blocks_columns_visual_guide":"","iawp_total_views":9,"footnotes":""},"class_list":["post-20445","page","type-page","status-publish","has-post-thumbnail","hentry"],"yoast_head":"<!-- This site is optimized with the Yoast SEO plugin v27.3 - https:\/\/yoast.com\/product\/yoast-seo-wordpress\/ -->\n<title>Servisn\u00ed m\u00edsta - KLINGER Kempchen<\/title>\n<meta name=\"robots\" content=\"index, follow, max-snippet:-1, max-image-preview:large, max-video-preview:-1\" \/>\n<link rel=\"canonical\" href=\"https:\/\/www.klinger-kempchen.de\/cs\/spolecnost\/servisni-mista\/\" \/>\n<meta property=\"og:locale\" content=\"cs_CZ\" \/>\n<meta property=\"og:type\" content=\"article\" \/>\n<meta property=\"og:title\" content=\"Servisn\u00ed m\u00edsta - KLINGER Kempchen\" \/>\n<meta property=\"og:description\" content=\"SERVISN\u00cd Z\u00c1KLADNA V N\u011aMECKU Pokud m\u00e1te nal\u00e9hav\u00fd probl\u00e9m, informujte se o na\u0161ich servisn\u00edch m\u00edstech a kontaktech ve va\u0161\u00ed oblasti. N\u00e1\u0161 odborn\u00fd person\u00e1l v\u00e1m jist\u011b m\u016f\u017ee okam\u017eit\u011b pomoci. Na\u0161e servisn\u00ed z\u00e1kladny jsou strategicky rozm\u00edst\u011bny po cel\u00e9m N\u011bmecku, tak\u017ee v\u00e1m m\u016f\u017eeme rychle pomoci, pokud se n\u011bco pokaz\u00ed. Na\u0161i odborn\u00edci maj\u00ed tak\u00e9 spr\u00e1vn\u00e9 know-how a spr\u00e1vn\u00e9 vybaven\u00ed, aby [&hellip;]\" \/>\n<meta property=\"og:url\" content=\"https:\/\/www.klinger-kempchen.de\/cs\/spolecnost\/servisni-mista\/\" \/>\n<meta property=\"og:site_name\" content=\"KLINGER Kempchen\" \/>\n<meta property=\"article:modified_time\" content=\"2024-06-06T08:07:39+00:00\" \/>\n<meta property=\"og:image\" content=\"https:\/\/www.klinger-kempchen.de\/wp-content\/uploads\/2020\/07\/Unternehmen-titel.jpg\" \/>\n\t<meta property=\"og:image:width\" content=\"1070\" \/>\n\t<meta property=\"og:image:height\" content=\"255\" \/>\n\t<meta property=\"og:image:type\" content=\"image\/jpeg\" \/>\n<meta name=\"twitter:label1\" content=\"Odhadovan\u00e1 doba \u010dten\u00ed\" \/>\n\t<meta name=\"twitter:data1\" content=\"1 minuta\" \/>\n<!-- \/ Yoast SEO plugin. -->","yoast_head_json":{"title":"Servisn\u00ed m\u00edsta - KLINGER Kempchen","robots":{"index":"index","follow":"follow","max-snippet":"max-snippet:-1","max-image-preview":"max-image-preview:large","max-video-preview":"max-video-preview:-1"},"canonical":"https:\/\/www.klinger-kempchen.de\/cs\/spolecnost\/servisni-mista\/","og_locale":"cs_CZ","og_type":"article","og_title":"Servisn\u00ed m\u00edsta - KLINGER Kempchen","og_description":"SERVISN\u00cd Z\u00c1KLADNA V N\u011aMECKU Pokud m\u00e1te nal\u00e9hav\u00fd probl\u00e9m, informujte se o na\u0161ich servisn\u00edch m\u00edstech a kontaktech ve va\u0161\u00ed oblasti. N\u00e1\u0161 odborn\u00fd person\u00e1l v\u00e1m jist\u011b m\u016f\u017ee okam\u017eit\u011b pomoci. Na\u0161e servisn\u00ed z\u00e1kladny jsou strategicky rozm\u00edst\u011bny po cel\u00e9m N\u011bmecku, tak\u017ee v\u00e1m m\u016f\u017eeme rychle pomoci, pokud se n\u011bco pokaz\u00ed. Na\u0161i odborn\u00edci maj\u00ed tak\u00e9 spr\u00e1vn\u00e9 know-how a spr\u00e1vn\u00e9 vybaven\u00ed, aby [&hellip;]","og_url":"https:\/\/www.klinger-kempchen.de\/cs\/spolecnost\/servisni-mista\/","og_site_name":"KLINGER Kempchen","article_modified_time":"2024-06-06T08:07:39+00:00","og_image":[{"width":1070,"height":255,"url":"https:\/\/www.klinger-kempchen.de\/wp-content\/uploads\/2020\/07\/Unternehmen-titel.jpg","type":"image\/jpeg"}],"twitter_misc":{"Odhadovan\u00e1 doba \u010dten\u00ed":"1 minuta"},"schema":{"@context":"https:\/\/schema.org","@graph":[{"@type":"WebPage","@id":"https:\/\/www.klinger-kempchen.de\/cs\/spolecnost\/servisni-mista\/","url":"https:\/\/www.klinger-kempchen.de\/cs\/spolecnost\/servisni-mista\/","name":"Servisn\u00ed m\u00edsta - KLINGER Kempchen","isPartOf":{"@id":"https:\/\/www.klinger-kempchen.de\/#website"},"primaryImageOfPage":{"@id":"https:\/\/www.klinger-kempchen.de\/cs\/spolecnost\/servisni-mista\/#primaryimage"},"image":{"@id":"https:\/\/www.klinger-kempchen.de\/cs\/spolecnost\/servisni-mista\/#primaryimage"},"thumbnailUrl":"https:\/\/www.klinger-kempchen.de\/wp-content\/uploads\/2020\/07\/Unternehmen-titel.jpg","datePublished":"2023-11-29T14:48:48+00:00","dateModified":"2024-06-06T08:07:39+00:00","breadcrumb":{"@id":"https:\/\/www.klinger-kempchen.de\/cs\/spolecnost\/servisni-mista\/#breadcrumb"},"inLanguage":"cs","potentialAction":[{"@type":"ReadAction","target":["https:\/\/www.klinger-kempchen.de\/cs\/spolecnost\/servisni-mista\/"]}]},{"@type":"ImageObject","inLanguage":"cs","@id":"https:\/\/www.klinger-kempchen.de\/cs\/spolecnost\/servisni-mista\/#primaryimage","url":"https:\/\/www.klinger-kempchen.de\/wp-content\/uploads\/2020\/07\/Unternehmen-titel.jpg","contentUrl":"https:\/\/www.klinger-kempchen.de\/wp-content\/uploads\/2020\/07\/Unternehmen-titel.jpg","width":1070,"height":255},{"@type":"BreadcrumbList","@id":"https:\/\/www.klinger-kempchen.de\/cs\/spolecnost\/servisni-mista\/#breadcrumb","itemListElement":[{"@type":"ListItem","position":1,"name":"Home","item":"https:\/\/www.klinger-kempchen.de\/"},{"@type":"ListItem","position":2,"name":"Spole\u010dnost","item":"https:\/\/www.klinger-kempchen.de\/unternehmen\/"},{"@type":"ListItem","position":3,"name":"Servisn\u00ed m\u00edsta"}]},{"@type":"WebSite","@id":"https:\/\/www.klinger-kempchen.de\/#website","url":"https:\/\/www.klinger-kempchen.de\/","name":"KLINGER Kempchen","description":"KLINGER Kempchen","publisher":{"@id":"https:\/\/www.klinger-kempchen.de\/#organization"},"potentialAction":[{"@type":"SearchAction","target":{"@type":"EntryPoint","urlTemplate":"https:\/\/www.klinger-kempchen.de\/?s={search_term_string}"},"query-input":{"@type":"PropertyValueSpecification","valueRequired":true,"valueName":"search_term_string"}}],"inLanguage":"cs"},{"@type":"Organization","@id":"https:\/\/www.klinger-kempchen.de\/#organization","name":"KLINGER-Kempchen","url":"https:\/\/www.klinger-kempchen.de\/","logo":{"@type":"ImageObject","inLanguage":"cs","@id":"https:\/\/www.klinger-kempchen.de\/#\/schema\/logo\/image\/","url":"https:\/\/www.klinger-kempchen.de\/wp-content\/uploads\/2020\/06\/cropped-Klinger-Kempchen-Logo.png","contentUrl":"https:\/\/www.klinger-kempchen.de\/wp-content\/uploads\/2020\/06\/cropped-Klinger-Kempchen-Logo.png","width":512,"height":512,"caption":"KLINGER-Kempchen"},"image":{"@id":"https:\/\/www.klinger-kempchen.de\/#\/schema\/logo\/image\/"}}]}},"coauthors":[],"author_meta":{"author_link":"https:\/\/www.klinger-kempchen.de\/cs\/author\/vesely\/","display_name":"Vlastislav Vesel\u00fd"},"relative_dates":{"created":"Posted 2 roky ago","modified":"Updated 2 roky ago"},"absolute_dates":{"created":"Posted on 29 listopadu 2023","modified":"Updated on 6 \u010dervna 2024"},"absolute_dates_time":{"created":"Posted on 29 listopadu 2023 15:48","modified":"Updated on 6 \u010dervna 2024 10:07"},"featured_img_caption":"","featured_img":"https:\/\/www.klinger-kempchen.de\/wp-content\/uploads\/2020\/07\/Unternehmen-titel.jpg","series_order":"","_links":{"self":[{"href":"https:\/\/www.klinger-kempchen.de\/cs\/wp-json\/wp\/v2\/pages\/20445","targetHints":{"allow":["GET"]}}],"collection":[{"href":"https:\/\/www.klinger-kempchen.de\/cs\/wp-json\/wp\/v2\/pages"}],"about":[{"href":"https:\/\/www.klinger-kempchen.de\/cs\/wp-json\/wp\/v2\/types\/page"}],"author":[{"embeddable":true,"href":"https:\/\/www.klinger-kempchen.de\/cs\/wp-json\/wp\/v2\/users\/10"}],"replies":[{"embeddable":true,"href":"https:\/\/www.klinger-kempchen.de\/cs\/wp-json\/wp\/v2\/comments?post=20445"}],"version-history":[{"count":0,"href":"https:\/\/www.klinger-kempchen.de\/cs\/wp-json\/wp\/v2\/pages\/20445\/revisions"}],"up":[{"embeddable":true,"href":"https:\/\/www.klinger-kempchen.de\/cs\/wp-json\/wp\/v2\/pages\/18646"}],"wp:featuredmedia":[{"embeddable":true,"href":"https:\/\/www.klinger-kempchen.de\/cs\/wp-json\/wp\/v2\/media\/17606"}],"wp:attachment":[{"href":"https:\/\/www.klinger-kempchen.de\/cs\/wp-json\/wp\/v2\/media?parent=20445"}],"curies":[{"name":"wp","href":"https:\/\/api.w.org\/{rel}","templated":true}]}}