{"id":21476,"date":"2020-07-25T12:40:56","date_gmt":"2020-07-25T10:40:56","guid":{"rendered":"https:\/\/www.klinger-kempchen.de\/agbs\/"},"modified":"2024-03-08T16:21:29","modified_gmt":"2024-03-08T15:21:29","slug":"agbs","status":"publish","type":"page","link":"https:\/\/www.klinger-kempchen.de\/cs\/agbs\/","title":{"rendered":"AGB"},"content":{"rendered":"\n<h1 class=\"wp-block-heading\">Hier finden Sie unsere AGBS<\/h1>\n\n\n\n<h2 class=\"wp-block-heading\">Einkauf<\/h2>\n\n\n\n<p>Nur schriftliche Auftr\u00e4ge sind f\u00fcr uns verpflichtend. M\u00fcndliche Vereinbarungen<br>bed\u00fcrfen der schriftlichen Best\u00e4tigung. Die Annahme unserer Bestellung<br>muss vorbehaltlos sein, da sonst nach \u00a7 150 Abs. 2 BGB die Bestellung<br>nicht erteilt ist. Wir sind zu einer Antwort nicht verpflichtet, wenn<br>der Lieferer eine von der Bestellung abweichende Auftragsbest\u00e4tigung<br>einreicht.<\/p>\n\n\n\n<p>Weitere Informationen zu Download:<\/p>\n\n\n\n<p><a href=\"https:\/\/www.klinger-kempchen.de\/wp-content\/uploads\/2023\/10\/Allgemeine-Einkaufsbedingungen-11.9.2023-1.pdf\" target=\"_blank\" rel=\"noreferrer noopener\">\u00bb Einkaufsbedingungen<\/a><\/p>\n\n\n\n<h2 class=\"wp-block-heading\">Verkauf<\/h2>\n\n\n\n<p>Nachstehende Lieferungs- und Zahlungsbedingungen gelten nur<br>gegen\u00fcber Kaufleuten und f\u00fcr alle mit diesen get\u00e4tigten, beiderseitigen<br>Handelsgesch\u00e4fte. Unsere Lieferungs- und Zahlungsbedingungen<br>gelten, nachdem sie dem Besteller einmal zugegangen sind, f\u00fcr alle<br>folgenden Gesch\u00e4fte. Anders lautende Bedingungen &#8211; soweit sie nicht<br>in dem gesamten Angebot und der Auftragsbest\u00e4tigung festgelegt sind.<\/p>\n\n\n\n<p>Weitere Informationen zu Download:<\/p>\n\n\n\n<p><a href=\"https:\/\/www.klinger-kempchen.de\/wp-content\/uploads\/2023\/11\/KLINGER-Kempchen-Allgemeine-Vertragsbedingungen-Stand-10.11.2023.pdf\" target=\"_blank\" rel=\"noreferrer noopener\">\u00bb Allgemeine Vertragsbedingungen<\/a><\/p>\n","protected":false},"excerpt":{"rendered":"<p>Hier finden Sie unsere AGBS Einkauf Nur schriftliche Auftr\u00e4ge sind f\u00fcr uns verpflichtend. M\u00fcndliche Vereinbarungenbed\u00fcrfen der schriftlichen Best\u00e4tigung. Die Annahme unserer Bestellungmuss vorbehaltlos sein, da sonst nach \u00a7 150 Abs. 2 BGB die Bestellungnicht erteilt ist. Wir sind zu einer Antwort nicht verpflichtet, wennder Lieferer eine von der Bestellung abweichende Auftragsbest\u00e4tigungeinreicht. Weitere Informationen zu Download: [&hellip;]<\/p>\n","protected":false},"author":1,"featured_media":17571,"parent":0,"menu_order":0,"comment_status":"closed","ping_status":"closed","template":"page-templates\/somos.php","meta":{"advgb_blocks_editor_width":"","advgb_blocks_columns_visual_guide":"","iawp_total_views":4,"footnotes":""},"class_list":["post-21476","page","type-page","status-publish","has-post-thumbnail","hentry"],"yoast_head":"<!-- This site is optimized with the Yoast SEO plugin v27.3 - https:\/\/yoast.com\/product\/yoast-seo-wordpress\/ -->\n<title>AGB - KLINGER Kempchen<\/title>\n<meta name=\"description\" content=\"Informieren Sie sich \u00fcber die Allgemeinen Gesch\u00e4ftsbedingungen (AGB) von KLINGER Kempchen f\u00fcr Einkauf und Verkauf.\" \/>\n<meta name=\"robots\" content=\"noindex, nofollow\" \/>\n<meta property=\"og:locale\" content=\"cs_CZ\" \/>\n<meta property=\"og:type\" content=\"article\" \/>\n<meta property=\"og:title\" content=\"AGB - KLINGER Kempchen\" \/>\n<meta property=\"og:description\" content=\"Informieren Sie sich \u00fcber die Allgemeinen Gesch\u00e4ftsbedingungen (AGB) von KLINGER Kempchen f\u00fcr Einkauf und Verkauf.\" \/>\n<meta property=\"og:url\" content=\"https:\/\/www.klinger-kempchen.de\/agbs\/\" \/>\n<meta property=\"og:site_name\" content=\"KLINGER Kempchen\" \/>\n<meta property=\"article:modified_time\" content=\"2024-03-08T15:21:29+00:00\" \/>\n<meta property=\"og:image\" content=\"https:\/\/www.klinger-kempchen.de\/wp-content\/uploads\/2020\/07\/Dummy.jpg\" \/>\n\t<meta property=\"og:image:width\" content=\"1400\" \/>\n\t<meta property=\"og:image:height\" content=\"334\" \/>\n\t<meta property=\"og:image:type\" content=\"image\/jpeg\" \/>\n<meta name=\"twitter:label1\" content=\"Odhadovan\u00e1 doba \u010dten\u00ed\" \/>\n\t<meta name=\"twitter:data1\" content=\"1 minuta\" \/>\n<!-- \/ Yoast SEO plugin. -->","yoast_head_json":{"title":"AGB - KLINGER Kempchen","description":"Informieren Sie sich \u00fcber die Allgemeinen Gesch\u00e4ftsbedingungen (AGB) von KLINGER Kempchen f\u00fcr Einkauf und Verkauf.","robots":{"index":"noindex","follow":"nofollow"},"og_locale":"cs_CZ","og_type":"article","og_title":"AGB - KLINGER Kempchen","og_description":"Informieren Sie sich \u00fcber die Allgemeinen Gesch\u00e4ftsbedingungen (AGB) von KLINGER Kempchen f\u00fcr Einkauf und Verkauf.","og_url":"https:\/\/www.klinger-kempchen.de\/agbs\/","og_site_name":"KLINGER Kempchen","article_modified_time":"2024-03-08T15:21:29+00:00","og_image":[{"width":1400,"height":334,"url":"https:\/\/www.klinger-kempchen.de\/wp-content\/uploads\/2020\/07\/Dummy.jpg","type":"image\/jpeg"}],"twitter_misc":{"Odhadovan\u00e1 doba \u010dten\u00ed":"1 minuta"},"schema":{"@context":"https:\/\/schema.org","@graph":[{"@type":"WebPage","@id":"https:\/\/www.klinger-kempchen.de\/agbs\/","url":"https:\/\/www.klinger-kempchen.de\/agbs\/","name":"AGB - KLINGER Kempchen","isPartOf":{"@id":"https:\/\/www.klinger-kempchen.de\/#website"},"primaryImageOfPage":{"@id":"https:\/\/www.klinger-kempchen.de\/agbs\/#primaryimage"},"image":{"@id":"https:\/\/www.klinger-kempchen.de\/agbs\/#primaryimage"},"thumbnailUrl":"https:\/\/www.klinger-kempchen.de\/wp-content\/uploads\/2020\/07\/Dummy.jpg","datePublished":"2020-07-25T10:40:56+00:00","dateModified":"2024-03-08T15:21:29+00:00","description":"Informieren Sie sich \u00fcber die Allgemeinen Gesch\u00e4ftsbedingungen (AGB) von KLINGER Kempchen f\u00fcr Einkauf und Verkauf.","breadcrumb":{"@id":"https:\/\/www.klinger-kempchen.de\/agbs\/#breadcrumb"},"inLanguage":"cs","potentialAction":[{"@type":"ReadAction","target":["https:\/\/www.klinger-kempchen.de\/agbs\/"]}]},{"@type":"ImageObject","inLanguage":"cs","@id":"https:\/\/www.klinger-kempchen.de\/agbs\/#primaryimage","url":"https:\/\/www.klinger-kempchen.de\/wp-content\/uploads\/2020\/07\/Dummy.jpg","contentUrl":"https:\/\/www.klinger-kempchen.de\/wp-content\/uploads\/2020\/07\/Dummy.jpg","width":1400,"height":334},{"@type":"BreadcrumbList","@id":"https:\/\/www.klinger-kempchen.de\/agbs\/#breadcrumb","itemListElement":[{"@type":"ListItem","position":1,"name":"Home","item":"https:\/\/www.klinger-kempchen.de\/"},{"@type":"ListItem","position":2,"name":"AGB"}]},{"@type":"WebSite","@id":"https:\/\/www.klinger-kempchen.de\/#website","url":"https:\/\/www.klinger-kempchen.de\/","name":"KLINGER Kempchen","description":"KLINGER Kempchen","publisher":{"@id":"https:\/\/www.klinger-kempchen.de\/#organization"},"potentialAction":[{"@type":"SearchAction","target":{"@type":"EntryPoint","urlTemplate":"https:\/\/www.klinger-kempchen.de\/?s={search_term_string}"},"query-input":{"@type":"PropertyValueSpecification","valueRequired":true,"valueName":"search_term_string"}}],"inLanguage":"cs"},{"@type":"Organization","@id":"https:\/\/www.klinger-kempchen.de\/#organization","name":"KLINGER-Kempchen","url":"https:\/\/www.klinger-kempchen.de\/","logo":{"@type":"ImageObject","inLanguage":"cs","@id":"https:\/\/www.klinger-kempchen.de\/#\/schema\/logo\/image\/","url":"https:\/\/www.klinger-kempchen.de\/wp-content\/uploads\/2020\/06\/cropped-Klinger-Kempchen-Logo.png","contentUrl":"https:\/\/www.klinger-kempchen.de\/wp-content\/uploads\/2020\/06\/cropped-Klinger-Kempchen-Logo.png","width":512,"height":512,"caption":"KLINGER-Kempchen"},"image":{"@id":"https:\/\/www.klinger-kempchen.de\/#\/schema\/logo\/image\/"}}]}},"coauthors":[],"author_meta":{"author_link":"https:\/\/www.klinger-kempchen.de\/cs\/author\/administrador\/","display_name":"administrador"},"relative_dates":{"created":"Posted 6 roky ago","modified":"Updated 2 roky ago"},"absolute_dates":{"created":"Posted on 25 \u010dervence 2020","modified":"Updated on 8 b\u0159ezna 2024"},"absolute_dates_time":{"created":"Posted on 25 \u010dervence 2020 12:40","modified":"Updated on 8 b\u0159ezna 2024 16:21"},"featured_img_caption":"","featured_img":"https:\/\/www.klinger-kempchen.de\/wp-content\/uploads\/2020\/07\/Dummy.jpg","series_order":"","_links":{"self":[{"href":"https:\/\/www.klinger-kempchen.de\/cs\/wp-json\/wp\/v2\/pages\/21476","targetHints":{"allow":["GET"]}}],"collection":[{"href":"https:\/\/www.klinger-kempchen.de\/cs\/wp-json\/wp\/v2\/pages"}],"about":[{"href":"https:\/\/www.klinger-kempchen.de\/cs\/wp-json\/wp\/v2\/types\/page"}],"author":[{"embeddable":true,"href":"https:\/\/www.klinger-kempchen.de\/cs\/wp-json\/wp\/v2\/users\/1"}],"replies":[{"embeddable":true,"href":"https:\/\/www.klinger-kempchen.de\/cs\/wp-json\/wp\/v2\/comments?post=21476"}],"version-history":[{"count":0,"href":"https:\/\/www.klinger-kempchen.de\/cs\/wp-json\/wp\/v2\/pages\/21476\/revisions"}],"wp:featuredmedia":[{"embeddable":true,"href":"https:\/\/www.klinger-kempchen.de\/cs\/wp-json\/wp\/v2\/media\/17571"}],"wp:attachment":[{"href":"https:\/\/www.klinger-kempchen.de\/cs\/wp-json\/wp\/v2\/media?parent=21476"}],"curies":[{"name":"wp","href":"https:\/\/api.w.org\/{rel}","templated":true}]}}