{"id":22381,"date":"2024-02-14T14:59:27","date_gmt":"2024-02-14T13:59:27","guid":{"rendered":"https:\/\/www.klinger-kempchen.de\/?page_id=22381"},"modified":"2025-11-17T09:17:14","modified_gmt":"2025-11-17T08:17:14","slug":"kontakt","status":"publish","type":"page","link":"https:\/\/www.klinger-kempchen.de\/cs\/kontakt\/","title":{"rendered":"Kontakty"},"content":{"rendered":"\n<p><strong>Adresa<\/strong><\/p>\n\n\n\n<p>KLINGER Kempchen s. r. o.<br>O\u010dihov 148<br>439 87 O\u010dihov<\/p>\n\n\n\n<figure class=\"wp-block-image size-full\"><a href=\"https:\/\/www.google.com\/maps\/place\/Kempchen+S.r.o.\/@50.1975498,13.4564386,15.02z\/data=!4m5!3m4!1s0x470a6a849dd0da01:0x127bb2f5ce3b8308!8m2!3d50.1968953!4d13.4579247?hl=en\" target=\"_blank\" rel=\"noreferrer noopener\"><img loading=\"lazy\" decoding=\"async\" width=\"48\" height=\"48\" src=\"https:\/\/www.klinger-kempchen.de\/wp-content\/uploads\/2023\/12\/place_gm_blue_24dp.png\" alt=\"\" class=\"wp-image-20884\"\/><\/a><\/figure>\n\n\n\n<p><a href=\"https:\/\/www.google.com\/maps\/place\/Kempchen+S.r.o.\/@50.1975498,13.4564386,15.02z\/data=!4m5!3m4!1s0x470a6a849dd0da01:0x127bb2f5ce3b8308!8m2!3d50.1968953!4d13.4579247?hl=en\" target=\"_blank\" rel=\"noreferrer noopener\">zobrazit na google map<\/a><\/p>\n\n\n\n<p><strong>Identifika\u010dn\u00ed \u00fadaje:<\/strong><br>I\u010c: 61538272<br>DI\u010c: CZ61538272<br>Zaps\u00e1no u KS v \u00dast\u00ed nad Labem, spis C\/7752<\/p>\n\n\n\n<div class=\"wp-block-group\"><div class=\"wp-block-group__inner-container is-layout-constrained wp-block-group-is-layout-constrained\">\n<h2 class=\"wp-block-heading\">Veden\u00ed spole\u010dnosti<\/h2>\n\n\n\n<p><\/p>\n\n\n\n<p><strong>Pavel Balko<\/strong><br><small><em>jednatel spole\u010dnosti a vedouc\u00ed v\u00fdroby <\/em><\/small><\/p>\n\n\n\n<p><\/p>\n\n\n\n<p>GSM: +420 734 748 199<br>E-mail: <a href=\"mailto:balko@klinger-kempchen.cz\">balko@klinger-kempchen.cz<\/a><\/p>\n\n\n\n<p><\/p>\n\n\n\n<p><strong>Ing. Vlastislav Vesel\u00fd<\/strong><br><small><em>poradce jednatele spole\u010dnosti<\/em><\/small><\/p>\n\n\n\n<p>GSM: +420 602 159 835<br>E-mail: <a href=\"mailto: vesely@klinger-kempchen.cz\">vesely@klinger-kempchen.cz<\/a><\/p>\n\n\n\n<p><\/p>\n\n\n\n<p><\/p>\n\n\n\n<h2 class=\"wp-block-heading\">Obchodn\u00ed odd\u011blen\u00ed<\/h2>\n\n\n\n<p><strong>Ing. Zden\u011bk Pt\u00e1\u010dek<\/strong><br><small><em>vedouc\u00ed obchodn\u00edho odd.<\/em><\/small><\/p>\n\n\n\n<p>GSM: +420 602 192 386<br>E-mail: <a href=\"mailto:ptacek@klinger-kempchen.cz\">ptacek@klinger-kempchen.cz<\/a><\/p>\n\n\n\n<p><strong>Andrea Hoffmannov\u00e1<\/strong><br><small><em>obchodn\u00ed referentka<\/em><\/small><\/p>\n\n\n\n<p>GSM: +420 734 748 218<br>E-mail: <a href=\"mailto:hoffmannova@klinger-kempchen.cz\">hoffmannova@klinger-kempchen.cz<\/a><\/p>\n\n\n\n<p><strong>Petra Brodsk\u00e1<\/strong><br><small><em>obchodn\u00ed referentka<\/em><\/small><\/p>\n\n\n\n<p><\/p>\n\n\n\n<p>GSM: +420 732 744 600<br>E-mail: <a href=\"mailto:brodska@klinger-kempchen.cz\">brodska@klinger-kempchen.cz<\/a><\/p>\n\n\n\n<p><\/p>\n\n\n\n<h2 class=\"wp-block-heading\">Odd. p\u0159\u00edpravy v\u00fdroby kompenz\u00e1tor\u016f<\/h2>\n\n\n\n<p><strong>Ing. Libor Hai\u0161man<\/strong><br><small><em>vedouc\u00ed odd. p\u0159\u00edpravy v\u00fdroby kompenz\u00e1tor\u016f<\/em><\/small><\/p>\n\n\n\n<p>GSM: +420 724 245 476<br>E-mail: <a href=\"mailto:haisman@klinger-kempchen.cz\">haisman@klinger-kempchen.cz<\/a><\/p>\n\n\n\n<p><\/p>\n\n\n\n<h2 class=\"wp-block-heading\">Odd. logistiky a n\u00e1kupu<\/h2>\n\n\n\n<p><strong>Petr Maxa<\/strong><br><small><em>technik odd. logistiky a n\u00e1kupu<\/em><\/small><\/p>\n\n\n\n<p>GSM: +420 734 748 188<br>E-mail: <a href=\"mailto:maxa@klinger-kempchen.cz\">maxa@klinger-kempchen.cz<\/a><\/p>\n\n\n\n<p><strong>Ing. Lubor V\u00e1clavek<\/strong><br><small><em>technik odd. logistiky a n\u00e1kupu<\/em><\/small><\/p>\n\n\n\n<p>GSM: +420 602 483 527<br>E-mail: <a href=\"mailto:vaclavek@klinger-kempchen.cz\">vaclavek@klinger-kempchen.cz<\/a><\/p>\n\n\n\n<p><strong>Martin Hoffmann<\/strong><br><small><em>technik odd. logistiky a n\u00e1kupu<\/em><\/small><\/p>\n\n\n\n<p>GSM: +420 724 162 588<br>E-mail: <a href=\"mailto:hoffmann@klinger-kempchen.cz\">hoffmann@klinger-kempchen.cz<\/a><\/p>\n<\/div><\/div>\n\n\n\n<h2 class=\"wp-block-heading\">V\u00fdroba<\/h2>\n\n\n\n<p><strong>Luk\u00e1\u0161 Bela<\/strong><br><small><em>mistr v\u00fdroby<\/em><\/small><\/p>\n\n\n\n<p>GSM: +420 724 245 478<br>E-mail: <a href=\"mailto:bela@klinger-kempchen.cz\">bela@klinger-kempchen.cz<\/a><\/p>\n\n\n\n<p><strong>Pavel Hanzl\u00ed\u010dek<\/strong><br><small><em>mistr v\u00fdroby<\/em><\/small><\/p>\n\n\n\n<p>GSM: +420 606 677 155<br>E-mail:<a href=\"mailto:hanzlicek@klinger-kempchen.cz\"> hanzlicek@klinger-kempchen.cz<\/a><\/p>\n\n\n\n<h4 class=\"wp-block-heading\"><strong>Luk\u00e1\u0161 <\/strong>Folk<br><strong><small><em>mistr<\/em><\/small> <small>v\u00fdroby<\/small><\/strong><\/h4>\n\n\n\n<p>GSM: +420 724 240 157<\/p>\n\n\n\n<p>E-mail:<a href=\"mailto:folk@klinger-kempchen.cz\"> folk@klinger-kempchen.cz<\/a><\/p>\n","protected":false},"excerpt":{"rendered":"<p>Adresa KLINGER Kempchen s. r. o.O\u010dihov 148439 87 O\u010dihov zobrazit na google map Identifika\u010dn\u00ed \u00fadaje:I\u010c: 61538272DI\u010c: CZ61538272Zaps\u00e1no u KS v \u00dast\u00ed nad Labem, spis C\/7752 Veden\u00ed spole\u010dnosti Pavel Balkojednatel spole\u010dnosti a vedouc\u00ed v\u00fdroby GSM: +420 734 748 199E-mail: balko@klinger-kempchen.cz Ing. Vlastislav Vesel\u00fdporadce jednatele spole\u010dnosti GSM: +420 602 159 835E-mail: vesely@klinger-kempchen.cz Obchodn\u00ed odd\u011blen\u00ed Ing. Zden\u011bk Pt\u00e1\u010dekvedouc\u00ed [&hellip;]<\/p>\n","protected":false},"author":10,"featured_media":0,"parent":0,"menu_order":4,"comment_status":"closed","ping_status":"closed","template":"page-templates\/contacto.php","meta":{"advgb_blocks_editor_width":"","advgb_blocks_columns_visual_guide":"","iawp_total_views":218,"footnotes":""},"class_list":["post-22381","page","type-page","status-publish","hentry"],"yoast_head":"<!-- This site is optimized with the Yoast SEO plugin v26.9 - https:\/\/yoast.com\/product\/yoast-seo-wordpress\/ -->\n<title>Kontakty - KLINGER Kempchen<\/title>\n<meta name=\"robots\" content=\"index, follow, max-snippet:-1, max-image-preview:large, max-video-preview:-1\" \/>\n<link rel=\"canonical\" href=\"https:\/\/www.klinger-kempchen.de\/cs\/kontakt\/\" \/>\n<meta property=\"og:locale\" content=\"cs_CZ\" \/>\n<meta property=\"og:type\" content=\"article\" \/>\n<meta property=\"og:title\" content=\"Kontakty - KLINGER Kempchen\" \/>\n<meta property=\"og:description\" content=\"Adresa KLINGER Kempchen s. r. o.O\u010dihov 148439 87 O\u010dihov zobrazit na google map Identifika\u010dn\u00ed \u00fadaje:I\u010c: 61538272DI\u010c: CZ61538272Zaps\u00e1no u KS v \u00dast\u00ed nad Labem, spis C\/7752 Veden\u00ed spole\u010dnosti Pavel Balkojednatel spole\u010dnosti a vedouc\u00ed v\u00fdroby GSM: +420 734 748 199E-mail: balko@klinger-kempchen.cz Ing. Vlastislav Vesel\u00fdporadce jednatele spole\u010dnosti GSM: +420 602 159 835E-mail: vesely@klinger-kempchen.cz Obchodn\u00ed odd\u011blen\u00ed Ing. Zden\u011bk Pt\u00e1\u010dekvedouc\u00ed [&hellip;]\" \/>\n<meta property=\"og:url\" content=\"https:\/\/www.klinger-kempchen.de\/cs\/kontakt\/\" \/>\n<meta property=\"og:site_name\" content=\"KLINGER Kempchen\" \/>\n<meta property=\"article:modified_time\" content=\"2025-11-17T08:17:14+00:00\" \/>\n<meta property=\"og:image\" content=\"https:\/\/www.klinger-kempchen.de\/wp-content\/uploads\/2023\/12\/place_gm_blue_24dp.png\" \/>\n\t<meta property=\"og:image:width\" content=\"48\" \/>\n\t<meta property=\"og:image:height\" content=\"48\" \/>\n\t<meta property=\"og:image:type\" content=\"image\/png\" \/>\n<meta name=\"twitter:label1\" content=\"Odhadovan\u00e1 doba \u010dten\u00ed\" \/>\n\t<meta name=\"twitter:data1\" content=\"1 minuta\" \/>\n<!-- \/ Yoast SEO plugin. -->","yoast_head_json":{"title":"Kontakty - KLINGER Kempchen","robots":{"index":"index","follow":"follow","max-snippet":"max-snippet:-1","max-image-preview":"max-image-preview:large","max-video-preview":"max-video-preview:-1"},"canonical":"https:\/\/www.klinger-kempchen.de\/cs\/kontakt\/","og_locale":"cs_CZ","og_type":"article","og_title":"Kontakty - KLINGER Kempchen","og_description":"Adresa KLINGER Kempchen s. r. o.O\u010dihov 148439 87 O\u010dihov zobrazit na google map Identifika\u010dn\u00ed \u00fadaje:I\u010c: 61538272DI\u010c: CZ61538272Zaps\u00e1no u KS v \u00dast\u00ed nad Labem, spis C\/7752 Veden\u00ed spole\u010dnosti Pavel Balkojednatel spole\u010dnosti a vedouc\u00ed v\u00fdroby GSM: +420 734 748 199E-mail: balko@klinger-kempchen.cz Ing. Vlastislav Vesel\u00fdporadce jednatele spole\u010dnosti GSM: +420 602 159 835E-mail: vesely@klinger-kempchen.cz Obchodn\u00ed odd\u011blen\u00ed Ing. Zden\u011bk Pt\u00e1\u010dekvedouc\u00ed [&hellip;]","og_url":"https:\/\/www.klinger-kempchen.de\/cs\/kontakt\/","og_site_name":"KLINGER Kempchen","article_modified_time":"2025-11-17T08:17:14+00:00","og_image":[{"width":48,"height":48,"url":"https:\/\/www.klinger-kempchen.de\/wp-content\/uploads\/2023\/12\/place_gm_blue_24dp.png","type":"image\/png"}],"twitter_misc":{"Odhadovan\u00e1 doba \u010dten\u00ed":"1 minuta"},"schema":{"@context":"https:\/\/schema.org","@graph":[{"@type":"WebPage","@id":"https:\/\/www.klinger-kempchen.de\/cs\/kontakt\/","url":"https:\/\/www.klinger-kempchen.de\/cs\/kontakt\/","name":"Kontakty - KLINGER Kempchen","isPartOf":{"@id":"https:\/\/www.klinger-kempchen.de\/#website"},"primaryImageOfPage":{"@id":"https:\/\/www.klinger-kempchen.de\/cs\/kontakt\/#primaryimage"},"image":{"@id":"https:\/\/www.klinger-kempchen.de\/cs\/kontakt\/#primaryimage"},"thumbnailUrl":"https:\/\/www.klinger-kempchen.de\/wp-content\/uploads\/2023\/12\/place_gm_blue_24dp.png","datePublished":"2024-02-14T13:59:27+00:00","dateModified":"2025-11-17T08:17:14+00:00","breadcrumb":{"@id":"https:\/\/www.klinger-kempchen.de\/cs\/kontakt\/#breadcrumb"},"inLanguage":"cs","potentialAction":[{"@type":"ReadAction","target":["https:\/\/www.klinger-kempchen.de\/cs\/kontakt\/"]}]},{"@type":"ImageObject","inLanguage":"cs","@id":"https:\/\/www.klinger-kempchen.de\/cs\/kontakt\/#primaryimage","url":"https:\/\/www.klinger-kempchen.de\/wp-content\/uploads\/2023\/12\/place_gm_blue_24dp.png","contentUrl":"https:\/\/www.klinger-kempchen.de\/wp-content\/uploads\/2023\/12\/place_gm_blue_24dp.png"},{"@type":"BreadcrumbList","@id":"https:\/\/www.klinger-kempchen.de\/cs\/kontakt\/#breadcrumb","itemListElement":[{"@type":"ListItem","position":1,"name":"Home","item":"https:\/\/www.klinger-kempchen.de\/"},{"@type":"ListItem","position":2,"name":"Kontakty"}]},{"@type":"WebSite","@id":"https:\/\/www.klinger-kempchen.de\/#website","url":"https:\/\/www.klinger-kempchen.de\/","name":"KLINGER Kempchen","description":"KLINGER Kempchen","publisher":{"@id":"https:\/\/www.klinger-kempchen.de\/#organization"},"potentialAction":[{"@type":"SearchAction","target":{"@type":"EntryPoint","urlTemplate":"https:\/\/www.klinger-kempchen.de\/?s={search_term_string}"},"query-input":{"@type":"PropertyValueSpecification","valueRequired":true,"valueName":"search_term_string"}}],"inLanguage":"cs"},{"@type":"Organization","@id":"https:\/\/www.klinger-kempchen.de\/#organization","name":"KLINGER-Kempchen","url":"https:\/\/www.klinger-kempchen.de\/","logo":{"@type":"ImageObject","inLanguage":"cs","@id":"https:\/\/www.klinger-kempchen.de\/#\/schema\/logo\/image\/","url":"https:\/\/www.klinger-kempchen.de\/wp-content\/uploads\/2020\/06\/cropped-Klinger-Kempchen-Logo.png","contentUrl":"https:\/\/www.klinger-kempchen.de\/wp-content\/uploads\/2020\/06\/cropped-Klinger-Kempchen-Logo.png","width":512,"height":512,"caption":"KLINGER-Kempchen"},"image":{"@id":"https:\/\/www.klinger-kempchen.de\/#\/schema\/logo\/image\/"}}]}},"coauthors":[],"author_meta":{"author_link":"https:\/\/www.klinger-kempchen.de\/cs\/author\/vesely\/","display_name":"Vlastislav Vesel\u00fd"},"relative_dates":{"created":"Posted 2 roky ago","modified":"Updated 5 m\u011bs\u00edc\u016f ago"},"absolute_dates":{"created":"Posted on 14 \u00fanora 2024","modified":"Updated on 17 listopadu 2025"},"absolute_dates_time":{"created":"Posted on 14 \u00fanora 2024 14:59","modified":"Updated on 17 listopadu 2025 09:17"},"featured_img_caption":"","featured_img":false,"series_order":"","_links":{"self":[{"href":"https:\/\/www.klinger-kempchen.de\/cs\/wp-json\/wp\/v2\/pages\/22381","targetHints":{"allow":["GET"]}}],"collection":[{"href":"https:\/\/www.klinger-kempchen.de\/cs\/wp-json\/wp\/v2\/pages"}],"about":[{"href":"https:\/\/www.klinger-kempchen.de\/cs\/wp-json\/wp\/v2\/types\/page"}],"author":[{"embeddable":true,"href":"https:\/\/www.klinger-kempchen.de\/cs\/wp-json\/wp\/v2\/users\/10"}],"replies":[{"embeddable":true,"href":"https:\/\/www.klinger-kempchen.de\/cs\/wp-json\/wp\/v2\/comments?post=22381"}],"version-history":[{"count":1,"href":"https:\/\/www.klinger-kempchen.de\/cs\/wp-json\/wp\/v2\/pages\/22381\/revisions"}],"predecessor-version":[{"id":64123,"href":"https:\/\/www.klinger-kempchen.de\/cs\/wp-json\/wp\/v2\/pages\/22381\/revisions\/64123"}],"wp:attachment":[{"href":"https:\/\/www.klinger-kempchen.de\/cs\/wp-json\/wp\/v2\/media?parent=22381"}],"curies":[{"name":"wp","href":"https:\/\/api.w.org\/{rel}","templated":true}]}}