{"id":22489,"date":"2024-02-18T14:20:12","date_gmt":"2024-02-18T13:20:12","guid":{"rendered":"https:\/\/www.klinger-kempchen.de\/sluzby\/flangemontage-kompetenztest\/"},"modified":"2024-03-11T16:16:09","modified_gmt":"2024-03-11T15:16:09","slug":"zkouska-zpusobilosti-prirubove-sestavy","status":"publish","type":"page","link":"https:\/\/www.klinger-kempchen.de\/cs\/sluzby\/zkouska-zpusobilosti-prirubove-sestavy\/","title":{"rendered":"Zkou\u0161ka zp\u016fsobilosti p\u0159\u00edrubov\u00e9 sestavy"},"content":{"rendered":"\n<h1 class=\"wp-block-heading h3\">ZKOU\u0160KA ZP\u016eSOBILOSTI P\u0158\u00cdRUBOV\u00c9 SESTAVY<\/h1>\n\n\n\n<div class=\"wp-block-columns is-layout-flex wp-container-core-columns-is-layout-9d6595d7 wp-block-columns-is-layout-flex\">\n<div class=\"wp-block-column is-layout-flow wp-block-column-is-layout-flow\" style=\"flex-basis:50%\">\n<p>\u0160roubov\u00e9 p\u0159\u00edrubov\u00e9 spoje jsou v chemick\u00e9m a petrochemick\u00e9m pr\u016fmyslu kl\u00ed\u010dov\u00fdm aspektem konstrukce za\u0159\u00edzen\u00ed. Selh\u00e1n\u00ed t\u011bchto p\u0159\u00edrubov\u00fdch spoj\u016f m\u016f\u017ee v\u00fdznamn\u011b ohrozit bezpe\u010dnost osob a \u017eivotn\u00edho prost\u0159ed\u00ed a v\u00e9st k vysok\u00fdm n\u00e1klad\u016fm na prostoje, opravy a ztr\u00e1ty ve v\u00fdrob\u011b. V mnoha p\u0159\u00edpadech je p\u0159\u00ed\u010dinou selh\u00e1n\u00ed kritick\u00fdch p\u0159\u00edrubov\u00fdch spoj\u016f nevhodn\u00e1 mont\u00e1\u017e. Z tohoto d\u016fvodu spole\u010dnost TA-Luft po\u017eaduje, aby provozovatel\u00e9 zajistili kvalifikaci pracovn\u00edk\u016f prov\u00e1d\u011bj\u00edc\u00edch mont\u00e1\u017e p\u0159\u00edrubov\u00fdch spoj\u016f.<\/p>\n\n\n\n<p>Za \u00fa\u010delem kontroly kvalifikace mont\u00e1\u017en\u00edho person\u00e1lu se od provozovatel\u016f obvykle po\u017eaduje p\u0159edlo\u017een\u00ed osv\u011bd\u010den\u00ed o zp\u016fsobilosti podle normy DIN EN 1591-4. V p\u0159\u00edpad\u011b, \u017ee se jedn\u00e1 o mont\u00e1\u017en\u00ed person\u00e1l, je nutn\u00e9 p\u0159edlo\u017eit osv\u011bd\u010den\u00ed o zp\u016fsobilosti. V praxi se v\u0161ak uk\u00e1zalo, \u017ee osobn\u00ed znalosti a zku\u0161enosti ne v\u017edy spl\u0148uj\u00ed po\u017eadavky, zejm\u00e9na v p\u0159\u00edpad\u011b rozs\u00e1hl\u00fdch odst\u00e1vek za\u0159\u00edzen\u00ed s mezin\u00e1rodn\u00edm mont\u00e1\u017en\u00edm person\u00e1lem, a to i p\u0159es existenci osv\u011bd\u010den\u00ed o zp\u016fsobilosti.<\/p>\n\n\n\n<p>K posouzen\u00ed osobn\u00ed zp\u016fsobilosti mont\u00e9ra a k ov\u011b\u0159en\u00ed specifick\u00fdch po\u017eadavk\u016f na provozovatele byla vyvinuta zkou\u0161ka zp\u016fsobilosti jako dopln\u011bk k osv\u011bd\u010den\u00ed o zp\u016fsobilosti podle normy DIN EN 1591-4. Zkou\u0161ka zp\u016fsobilosti byla provedena v souladu s normou DIN EN 1591-4 a byla provedena v souladu s normou DIN EN 1591-4.<\/p>\n\n\n\n<p>C\u00edlem zkou\u0161ky zp\u016fsobilosti pro mont\u00e1\u017e p\u0159\u00edrub je individu\u00e1ln\u00ed a praktick\u00e9 ov\u011b\u0159en\u00ed dovednost\u00ed mont\u00e9ra p\u0159\u00edrub. Jsou zad\u00e1ny praktick\u00e9 \u00fakoly pro \u0161roubov\u00e1n\u00ed, nap\u0159\u00edklad na p\u0159\u00edrubov\u00fdch spoj\u00edch s odsazen\u00edm. Hodnotitel hodnot\u00ed jednotliv\u00e9 pracovn\u00ed kroky pomoc\u00ed hodnot\u00edc\u00ed matice. Ta zahrnuje aspekty, jako je p\u0159\u00edprava pracovi\u0161t\u011b, spr\u00e1vn\u00e9 pou\u017e\u00edv\u00e1n\u00ed osobn\u00edch ochrann\u00fdch pom\u016fcek, v\u00fdb\u011br p\u0159edepsan\u00fdch materi\u00e1l\u016f, kontrola kvality materi\u00e1lu, maz\u00e1n\u00ed z\u00e1vitu \u0161roubu a sty\u010dn\u00e9 plochy matice, vyrovn\u00e1n\u00ed p\u0159\u00edrub, manipulace s momentov\u00fdm kl\u00ed\u010dem a pou\u017eit\u00ed p\u0159edepsan\u00fdch kroutic\u00edch moment\u016f.<\/p>\n\n\n\n<p>Zkou\u0161ka zp\u016fsobilosti pro mont\u00e1\u017e p\u0159\u00edrub poskytuje provozovateli re\u00e1ln\u00e9 posouzen\u00ed, zda m\u00e1 mont\u00e9r dostate\u010dn\u00e9 zku\u0161enosti a zp\u016fsobilost pro mont\u00e1\u017e p\u0159\u00edrub. T\u00edm se v\u00fdznamn\u011b sni\u017euje riziko net\u011bsnost\u00ed p\u0159\u00edrubov\u00fdch spoj\u016f zp\u016fsoben\u00fdch chybami p\u0159i mont\u00e1\u017ei.<\/p>\n<\/div>\n\n\n\n<div class=\"wp-block-column is-layout-flow wp-block-column-is-layout-flow\" style=\"flex-basis:50%\">\n<figure class=\"wp-block-gallery has-nested-images columns-3 is-cropped wp-block-gallery-1 is-layout-flex wp-block-gallery-is-layout-flex\">\n<figure class=\"wp-block-image size-full\"><a href=\"https:\/\/www.klinger-kempchen.de\/wp-content\/uploads\/2024\/02\/K800__MG_1381.jpg\"><img loading=\"lazy\" decoding=\"async\" width=\"600\" height=\"900\" data-id=\"22476\" src=\"https:\/\/www.klinger-kempchen.de\/wp-content\/uploads\/2024\/02\/K800__MG_1381.jpg\" alt=\"Verschraubung\" class=\"wp-image-22476\"\/><\/a><\/figure>\n\n\n\n<figure class=\"wp-block-image size-full\"><a href=\"https:\/\/www.klinger-kempchen.de\/wp-content\/uploads\/2024\/02\/K800__MG_1353.jpg\"><img loading=\"lazy\" decoding=\"async\" width=\"900\" height=\"600\" data-id=\"22473\" src=\"https:\/\/www.klinger-kempchen.de\/wp-content\/uploads\/2024\/02\/K800__MG_1353.jpg\" alt=\"Demonstration\" class=\"wp-image-22473\" srcset=\"https:\/\/www.klinger-kempchen.de\/wp-content\/uploads\/2024\/02\/K800__MG_1353.jpg 900w, https:\/\/www.klinger-kempchen.de\/wp-content\/uploads\/2024\/02\/K800__MG_1353-768x512.jpg 768w\" sizes=\"auto, (max-width: 900px) 100vw, 900px\" \/><\/a><\/figure>\n\n\n\n<figure class=\"wp-block-image size-full\"><a href=\"https:\/\/www.klinger-kempchen.de\/wp-content\/uploads\/2024\/02\/Foto-Milena-Dichtungen-Enrico.jpg\"><img loading=\"lazy\" decoding=\"async\" width=\"900\" height=\"600\" data-id=\"22470\" src=\"https:\/\/www.klinger-kempchen.de\/wp-content\/uploads\/2024\/02\/Foto-Milena-Dichtungen-Enrico.jpg\" alt=\"Pr\u00fcfung\" class=\"wp-image-22470\" srcset=\"https:\/\/www.klinger-kempchen.de\/wp-content\/uploads\/2024\/02\/Foto-Milena-Dichtungen-Enrico.jpg 900w, https:\/\/www.klinger-kempchen.de\/wp-content\/uploads\/2024\/02\/Foto-Milena-Dichtungen-Enrico-768x512.jpg 768w\" sizes=\"auto, (max-width: 900px) 100vw, 900px\" \/><\/a><\/figure>\n\n\n\n<figure class=\"wp-block-image size-full\"><a href=\"https:\/\/www.klinger-kempchen.de\/wp-content\/uploads\/2024\/02\/Foto-Flansch-Mo-Enrico-1.jpg\"><img loading=\"lazy\" decoding=\"async\" width=\"900\" height=\"600\" data-id=\"22467\" src=\"https:\/\/www.klinger-kempchen.de\/wp-content\/uploads\/2024\/02\/Foto-Flansch-Mo-Enrico-1.jpg\" alt=\"Flangemontage\" class=\"wp-image-22467\" srcset=\"https:\/\/www.klinger-kempchen.de\/wp-content\/uploads\/2024\/02\/Foto-Flansch-Mo-Enrico-1.jpg 900w, https:\/\/www.klinger-kempchen.de\/wp-content\/uploads\/2024\/02\/Foto-Flansch-Mo-Enrico-1-768x512.jpg 768w\" sizes=\"auto, (max-width: 900px) 100vw, 900px\" \/><\/a><\/figure>\n<\/figure>\n<\/div>\n<\/div>\n","protected":false},"excerpt":{"rendered":"<p>ZKOU\u0160KA ZP\u016eSOBILOSTI P\u0158\u00cdRUBOV\u00c9 SESTAVY \u0160roubov\u00e9 p\u0159\u00edrubov\u00e9 spoje jsou v chemick\u00e9m a petrochemick\u00e9m pr\u016fmyslu kl\u00ed\u010dov\u00fdm aspektem konstrukce za\u0159\u00edzen\u00ed. Selh\u00e1n\u00ed t\u011bchto p\u0159\u00edrubov\u00fdch spoj\u016f m\u016f\u017ee v\u00fdznamn\u011b ohrozit bezpe\u010dnost osob a \u017eivotn\u00edho prost\u0159ed\u00ed a v\u00e9st k vysok\u00fdm n\u00e1klad\u016fm na prostoje, opravy a ztr\u00e1ty ve v\u00fdrob\u011b. V mnoha p\u0159\u00edpadech je p\u0159\u00ed\u010dinou selh\u00e1n\u00ed kritick\u00fdch p\u0159\u00edrubov\u00fdch spoj\u016f nevhodn\u00e1 mont\u00e1\u017e. Z tohoto d\u016fvodu [&hellip;]<\/p>\n","protected":false},"author":1,"featured_media":22464,"parent":18651,"menu_order":6,"comment_status":"closed","ping_status":"closed","template":"page-templates\/somos.php","meta":{"advgb_blocks_editor_width":"","advgb_blocks_columns_visual_guide":"","iawp_total_views":4,"footnotes":""},"class_list":["post-22489","page","type-page","status-publish","has-post-thumbnail","hentry"],"yoast_head":"<!-- This site is optimized with the Yoast SEO plugin v27.3 - https:\/\/yoast.com\/product\/yoast-seo-wordpress\/ -->\n<title>Zkou\u0161ka zp\u016fsobilosti p\u0159\u00edrubov\u00e9 sestavy - KLINGER Kempchen<\/title>\n<meta name=\"description\" content=\"Selh\u00e1n\u00ed p\u0159\u00edrubov\u00fdch spoj\u016f m\u016f\u017ee ohrozit bezpe\u010dnost osob a \u017eivotn\u00edho prost\u0159ed\u00ed a zp\u016fsobit vysok\u00e9 n\u00e1klady.\" \/>\n<meta name=\"robots\" content=\"index, follow, max-snippet:-1, max-image-preview:large, max-video-preview:-1\" \/>\n<link rel=\"canonical\" href=\"https:\/\/www.klinger-kempchen.de\/service\/flangemontage-kompetenztest\/\" \/>\n<meta property=\"og:locale\" content=\"cs_CZ\" \/>\n<meta property=\"og:type\" content=\"article\" \/>\n<meta property=\"og:title\" content=\"Zkou\u0161ka zp\u016fsobilosti p\u0159\u00edrubov\u00e9 sestavy - KLINGER Kempchen\" \/>\n<meta property=\"og:description\" content=\"Selh\u00e1n\u00ed p\u0159\u00edrubov\u00fdch spoj\u016f m\u016f\u017ee ohrozit bezpe\u010dnost osob a \u017eivotn\u00edho prost\u0159ed\u00ed a zp\u016fsobit vysok\u00e9 n\u00e1klady.\" \/>\n<meta property=\"og:url\" content=\"https:\/\/www.klinger-kempchen.de\/service\/flangemontage-kompetenztest\/\" \/>\n<meta property=\"og:site_name\" content=\"KLINGER Kempchen\" \/>\n<meta property=\"article:modified_time\" content=\"2024-03-11T15:16:09+00:00\" \/>\n<meta property=\"og:image\" content=\"https:\/\/www.klinger-kempchen.de\/wp-content\/uploads\/2024\/02\/Flangemontage_Header.jpg\" \/>\n\t<meta property=\"og:image:width\" content=\"1400\" \/>\n\t<meta property=\"og:image:height\" content=\"334\" \/>\n\t<meta property=\"og:image:type\" content=\"image\/jpeg\" \/>\n<meta name=\"twitter:label1\" content=\"Odhadovan\u00e1 doba \u010dten\u00ed\" \/>\n\t<meta name=\"twitter:data1\" content=\"2 minuty\" \/>\n<!-- \/ Yoast SEO plugin. -->","yoast_head_json":{"title":"Zkou\u0161ka zp\u016fsobilosti p\u0159\u00edrubov\u00e9 sestavy - KLINGER Kempchen","description":"Selh\u00e1n\u00ed p\u0159\u00edrubov\u00fdch spoj\u016f m\u016f\u017ee ohrozit bezpe\u010dnost osob a \u017eivotn\u00edho prost\u0159ed\u00ed a zp\u016fsobit vysok\u00e9 n\u00e1klady.","robots":{"index":"index","follow":"follow","max-snippet":"max-snippet:-1","max-image-preview":"max-image-preview:large","max-video-preview":"max-video-preview:-1"},"canonical":"https:\/\/www.klinger-kempchen.de\/service\/flangemontage-kompetenztest\/","og_locale":"cs_CZ","og_type":"article","og_title":"Zkou\u0161ka zp\u016fsobilosti p\u0159\u00edrubov\u00e9 sestavy - KLINGER Kempchen","og_description":"Selh\u00e1n\u00ed p\u0159\u00edrubov\u00fdch spoj\u016f m\u016f\u017ee ohrozit bezpe\u010dnost osob a \u017eivotn\u00edho prost\u0159ed\u00ed a zp\u016fsobit vysok\u00e9 n\u00e1klady.","og_url":"https:\/\/www.klinger-kempchen.de\/service\/flangemontage-kompetenztest\/","og_site_name":"KLINGER Kempchen","article_modified_time":"2024-03-11T15:16:09+00:00","og_image":[{"width":1400,"height":334,"url":"https:\/\/www.klinger-kempchen.de\/wp-content\/uploads\/2024\/02\/Flangemontage_Header.jpg","type":"image\/jpeg"}],"twitter_misc":{"Odhadovan\u00e1 doba \u010dten\u00ed":"2 minuty"},"schema":{"@context":"https:\/\/schema.org","@graph":[{"@type":"WebPage","@id":"https:\/\/www.klinger-kempchen.de\/service\/flangemontage-kompetenztest\/","url":"https:\/\/www.klinger-kempchen.de\/service\/flangemontage-kompetenztest\/","name":"Zkou\u0161ka zp\u016fsobilosti p\u0159\u00edrubov\u00e9 sestavy - KLINGER Kempchen","isPartOf":{"@id":"https:\/\/www.klinger-kempchen.de\/#website"},"primaryImageOfPage":{"@id":"https:\/\/www.klinger-kempchen.de\/service\/flangemontage-kompetenztest\/#primaryimage"},"image":{"@id":"https:\/\/www.klinger-kempchen.de\/service\/flangemontage-kompetenztest\/#primaryimage"},"thumbnailUrl":"https:\/\/www.klinger-kempchen.de\/wp-content\/uploads\/2024\/02\/Flangemontage_Header.jpg","datePublished":"2024-02-18T13:20:12+00:00","dateModified":"2024-03-11T15:16:09+00:00","description":"Selh\u00e1n\u00ed p\u0159\u00edrubov\u00fdch spoj\u016f m\u016f\u017ee ohrozit bezpe\u010dnost osob a \u017eivotn\u00edho prost\u0159ed\u00ed a zp\u016fsobit vysok\u00e9 n\u00e1klady.","breadcrumb":{"@id":"https:\/\/www.klinger-kempchen.de\/service\/flangemontage-kompetenztest\/#breadcrumb"},"inLanguage":"cs","potentialAction":[{"@type":"ReadAction","target":["https:\/\/www.klinger-kempchen.de\/service\/flangemontage-kompetenztest\/"]}]},{"@type":"ImageObject","inLanguage":"cs","@id":"https:\/\/www.klinger-kempchen.de\/service\/flangemontage-kompetenztest\/#primaryimage","url":"https:\/\/www.klinger-kempchen.de\/wp-content\/uploads\/2024\/02\/Flangemontage_Header.jpg","contentUrl":"https:\/\/www.klinger-kempchen.de\/wp-content\/uploads\/2024\/02\/Flangemontage_Header.jpg","width":1400,"height":334,"caption":"Flangemontage"},{"@type":"BreadcrumbList","@id":"https:\/\/www.klinger-kempchen.de\/service\/flangemontage-kompetenztest\/#breadcrumb","itemListElement":[{"@type":"ListItem","position":1,"name":"Home","item":"https:\/\/www.klinger-kempchen.de\/"},{"@type":"ListItem","position":2,"name":"Slu\u017eby","item":"https:\/\/www.klinger-kempchen.de\/cs\/sluzby\/"},{"@type":"ListItem","position":3,"name":"Zkou\u0161ka zp\u016fsobilosti p\u0159\u00edrubov\u00e9 sestavy"}]},{"@type":"WebSite","@id":"https:\/\/www.klinger-kempchen.de\/#website","url":"https:\/\/www.klinger-kempchen.de\/","name":"KLINGER Kempchen","description":"KLINGER Kempchen","publisher":{"@id":"https:\/\/www.klinger-kempchen.de\/#organization"},"potentialAction":[{"@type":"SearchAction","target":{"@type":"EntryPoint","urlTemplate":"https:\/\/www.klinger-kempchen.de\/?s={search_term_string}"},"query-input":{"@type":"PropertyValueSpecification","valueRequired":true,"valueName":"search_term_string"}}],"inLanguage":"cs"},{"@type":"Organization","@id":"https:\/\/www.klinger-kempchen.de\/#organization","name":"KLINGER-Kempchen","url":"https:\/\/www.klinger-kempchen.de\/","logo":{"@type":"ImageObject","inLanguage":"cs","@id":"https:\/\/www.klinger-kempchen.de\/#\/schema\/logo\/image\/","url":"https:\/\/www.klinger-kempchen.de\/wp-content\/uploads\/2020\/06\/cropped-Klinger-Kempchen-Logo.png","contentUrl":"https:\/\/www.klinger-kempchen.de\/wp-content\/uploads\/2020\/06\/cropped-Klinger-Kempchen-Logo.png","width":512,"height":512,"caption":"KLINGER-Kempchen"},"image":{"@id":"https:\/\/www.klinger-kempchen.de\/#\/schema\/logo\/image\/"}}]}},"coauthors":[],"author_meta":{"author_link":"https:\/\/www.klinger-kempchen.de\/cs\/author\/administrador\/","display_name":"administrador"},"relative_dates":{"created":"Posted 2 roky ago","modified":"Updated 2 roky ago"},"absolute_dates":{"created":"Posted on 18 \u00fanora 2024","modified":"Updated on 11 b\u0159ezna 2024"},"absolute_dates_time":{"created":"Posted on 18 \u00fanora 2024 14:20","modified":"Updated on 11 b\u0159ezna 2024 16:16"},"featured_img_caption":"","featured_img":"https:\/\/www.klinger-kempchen.de\/wp-content\/uploads\/2024\/02\/Flangemontage_Header.jpg","series_order":"","_links":{"self":[{"href":"https:\/\/www.klinger-kempchen.de\/cs\/wp-json\/wp\/v2\/pages\/22489","targetHints":{"allow":["GET"]}}],"collection":[{"href":"https:\/\/www.klinger-kempchen.de\/cs\/wp-json\/wp\/v2\/pages"}],"about":[{"href":"https:\/\/www.klinger-kempchen.de\/cs\/wp-json\/wp\/v2\/types\/page"}],"author":[{"embeddable":true,"href":"https:\/\/www.klinger-kempchen.de\/cs\/wp-json\/wp\/v2\/users\/1"}],"replies":[{"embeddable":true,"href":"https:\/\/www.klinger-kempchen.de\/cs\/wp-json\/wp\/v2\/comments?post=22489"}],"version-history":[{"count":0,"href":"https:\/\/www.klinger-kempchen.de\/cs\/wp-json\/wp\/v2\/pages\/22489\/revisions"}],"up":[{"embeddable":true,"href":"https:\/\/www.klinger-kempchen.de\/cs\/wp-json\/wp\/v2\/pages\/18651"}],"wp:featuredmedia":[{"embeddable":true,"href":"https:\/\/www.klinger-kempchen.de\/cs\/wp-json\/wp\/v2\/media\/22464"}],"wp:attachment":[{"href":"https:\/\/www.klinger-kempchen.de\/cs\/wp-json\/wp\/v2\/media?parent=22489"}],"curies":[{"name":"wp","href":"https:\/\/api.w.org\/{rel}","templated":true}]}}