{"id":22525,"date":"2024-02-18T21:47:08","date_gmt":"2024-02-18T20:47:08","guid":{"rendered":"https:\/\/www.klinger-kempchen.de\/?page_id=22525"},"modified":"2024-03-11T16:02:45","modified_gmt":"2024-03-11T15:02:45","slug":"metalurgicke-analyzy","status":"publish","type":"page","link":"https:\/\/www.klinger-kempchen.de\/cs\/engineering-kontakty\/laboratory-services\/metalurgicke-analyzy\/","title":{"rendered":"Metalurgick\u00e9 anal\u00fdzy"},"content":{"rendered":"\n<h1 class=\"wp-block-heading h3\">METALURGICK\u00c9 ANAL\u00ddZY<\/h1>\n\n\n\n<h2 class=\"wp-block-heading\">Hled\u00e1n\u00ed a rozpozn\u00e1v\u00e1n\u00ed p\u0159\u00ed\u010din<\/h2>\n\n\n\n<p>U kovov\u00fdch t\u011bsn\u011bn\u00ed, zejm\u00e9na u t\u011bsn\u011bn\u00ed sva\u0159ovac\u00edch krou\u017ek\u016f, doch\u00e1z\u00ed \u010dasto k po\u0161kozen\u00ed v podob\u011b trhlin. Anal\u00fdzou mikrostruktury kovov\u00fdch materi\u00e1l\u016f lze vyvodit z\u00e1v\u011bry o v\u00fdrobn\u00edch procesech nebo tepeln\u00e9m zpracov\u00e1n\u00ed \u010di fyzik\u00e1ln\u00edch a chemick\u00fdch vlastnostech. K lokalizaci p\u0159\u00ed\u010din vzniku trhlin nebo k posouzen\u00ed kvality svarov\u00e9ho spoje vyu\u017e\u00edv\u00e1me kvalifikovan\u00e9 a akreditovan\u00e9 zku\u0161ebn\u00ed laborato\u0159e v na\u0161em oboru. V r\u00e1mci \u0161et\u0159en\u00ed p\u0159ed\u00e1v\u00e1me po\u0161kozen\u00e9 d\u00edly p\u0159\u00edslu\u0161n\u00fdm laborato\u0159\u00edm a organizujeme zpracov\u00e1n\u00ed \u0161et\u0159en\u00ed od p\u0159\u00edpravy vzork\u016f a\u017e po odsouhlasen\u00fd zku\u0161ebn\u00ed protokol.<\/p>\n\n\n\n<p>Men\u0161\u00ed zkou\u0161ky, jako je m\u011b\u0159en\u00ed tvrdosti nebo topologick\u00e9 zkoum\u00e1n\u00ed po\u0161kozen\u00fdch t\u011bsnic\u00edch prvk\u016f a povrch\u016f, prov\u00e1d\u00edme ve vlastn\u00edch laborato\u0159\u00edch.<\/p>\n\n\n\n<div style=\"height:50px\" aria-hidden=\"true\" class=\"wp-block-spacer\"><\/div>\n\n\n<div class=\"kb-gallery-wrap-id-22525_c157fe-fd alignnone wp-block-kadence-advancedgallery\"><div class=\"kb-gallery-ul kb-gallery-non-static kb-gallery-type-carousel kb-gallery-id-22525_c157fe-fd kb-gallery-caption-style-bottom-hover kb-gallery-filter-none kb-gallery-magnific-init\" data-image-filter=\"none\" data-lightbox-caption=\"true\"><div class=\"kt-blocks-carousel splide kt-carousel-container-dotstyle-dark kt-carousel-arrowstyle-whiteondark kt-carousel-dotstyle-dark kb-slider-group-arrow kb-slider-arrow-position-center\" data-columns-xxl=\"4\" data-columns-xl=\"4\" data-columns-md=\"4\" data-columns-sm=\"3\" data-columns-xs=\"2\" data-columns-ss=\"2\" data-slider-anim-speed=\"400\" data-slider-scroll=\"1\" data-slider-arrows=\"true\" data-slider-dots=\"true\" data-slider-hover-pause=\"false\" data-slider-auto=\"\" data-slider-speed=\"7000\" data-slider-gap=\"10px\" data-slider-gap-tablet=\"10px\" data-slider-gap-mobile=\"10px\" data-show-pause-button=\"false\" data-slider-label=\"Photo Gallery Carousel\"><div class=\"splide__track\"><ul class=\"kt-blocks-carousel-init kb-gallery-carousel splide__list\"><li class=\"kb-slide-item kb-gallery-carousel-item splide__slide\"><div class=\"kadence-blocks-gallery-item\"><div class=\"kadence-blocks-gallery-item-inner\"><figure class=\"kb-gallery-figure kb-gallery-item-has-link kadence-blocks-gallery-item-hide-caption\"><a href=\"https:\/\/www.klinger-kempchen.de\/wp-content\/uploads\/2023\/06\/r11-2-metallurgie-01-klinger-engineering.jpg\" data-alt=\"Metallurgie-01\" class=\"kb-gallery-item-link\"   role=\"button\" aria-haspopup=\"dialog\"><div class=\"kb-gal-image-radius\"><div class=\"kb-gallery-image-contain kadence-blocks-gallery-intrinsic kb-gallery-image-ratio-land32 kb-has-image-ratio-land32\" ><img loading=\"lazy\" decoding=\"async\" src=\"https:\/\/www.klinger-kempchen.de\/wp-content\/uploads\/2023\/06\/r11-2-metallurgie-01-klinger-engineering.jpg\" width=\"960\" height=\"600\" alt=\"Metallurgie-01\" data-full-image=\"https:\/\/www.klinger-kempchen.de\/wp-content\/uploads\/2023\/06\/r11-2-metallurgie-01-klinger-engineering.jpg\" data-light-image=\"https:\/\/www.klinger-kempchen.de\/wp-content\/uploads\/2023\/06\/r11-2-metallurgie-01-klinger-engineering.jpg\" data-id=\"18457\" class=\"wp-image-18457 skip-lazy\" srcset=\"https:\/\/www.klinger-kempchen.de\/wp-content\/uploads\/2023\/06\/r11-2-metallurgie-01-klinger-engineering.jpg 960w, https:\/\/www.klinger-kempchen.de\/wp-content\/uploads\/2023\/06\/r11-2-metallurgie-01-klinger-engineering-768x480.jpg 768w\" sizes=\"auto, (max-width: 960px) 100vw, 960px\" \/><\/div><\/div><\/a><\/figure><\/div><\/div><\/li><li class=\"kb-slide-item kb-gallery-carousel-item splide__slide\"><div class=\"kadence-blocks-gallery-item\"><div class=\"kadence-blocks-gallery-item-inner\"><figure class=\"kb-gallery-figure kb-gallery-item-has-link kadence-blocks-gallery-item-hide-caption\"><a href=\"https:\/\/www.klinger-kempchen.de\/wp-content\/uploads\/2023\/06\/r11-2-metallurgie-02-klinger-engineering.jpg\" data-alt=\"Metallurgie-02\" class=\"kb-gallery-item-link\"   role=\"button\" aria-haspopup=\"dialog\"><div class=\"kb-gal-image-radius\"><div class=\"kb-gallery-image-contain kadence-blocks-gallery-intrinsic kb-gallery-image-ratio-land32 kb-has-image-ratio-land32\" ><img loading=\"lazy\" decoding=\"async\" src=\"https:\/\/www.klinger-kempchen.de\/wp-content\/uploads\/2023\/06\/r11-2-metallurgie-02-klinger-engineering.jpg\" width=\"960\" height=\"600\" alt=\"Metallurgie-02\" data-full-image=\"https:\/\/www.klinger-kempchen.de\/wp-content\/uploads\/2023\/06\/r11-2-metallurgie-02-klinger-engineering.jpg\" data-light-image=\"https:\/\/www.klinger-kempchen.de\/wp-content\/uploads\/2023\/06\/r11-2-metallurgie-02-klinger-engineering.jpg\" data-id=\"18458\" class=\"wp-image-18458 skip-lazy\" srcset=\"https:\/\/www.klinger-kempchen.de\/wp-content\/uploads\/2023\/06\/r11-2-metallurgie-02-klinger-engineering.jpg 960w, https:\/\/www.klinger-kempchen.de\/wp-content\/uploads\/2023\/06\/r11-2-metallurgie-02-klinger-engineering-768x480.jpg 768w\" sizes=\"auto, (max-width: 960px) 100vw, 960px\" \/><\/div><\/div><\/a><\/figure><\/div><\/div><\/li><li class=\"kb-slide-item kb-gallery-carousel-item splide__slide\"><div class=\"kadence-blocks-gallery-item\"><div class=\"kadence-blocks-gallery-item-inner\"><figure class=\"kb-gallery-figure kb-gallery-item-has-link kadence-blocks-gallery-item-hide-caption\"><a href=\"https:\/\/www.klinger-kempchen.de\/wp-content\/uploads\/2023\/06\/r11-2_metallurgie-03-klinger-engineering.jpg\" data-alt=\"Metallurgie-03\" class=\"kb-gallery-item-link\"   role=\"button\" aria-haspopup=\"dialog\"><div class=\"kb-gal-image-radius\"><div class=\"kb-gallery-image-contain kadence-blocks-gallery-intrinsic kb-gallery-image-ratio-land32 kb-has-image-ratio-land32\" ><img loading=\"lazy\" decoding=\"async\" src=\"https:\/\/www.klinger-kempchen.de\/wp-content\/uploads\/2023\/06\/r11-2_metallurgie-03-klinger-engineering.jpg\" width=\"960\" height=\"600\" alt=\"Metallurgie-03\" data-full-image=\"https:\/\/www.klinger-kempchen.de\/wp-content\/uploads\/2023\/06\/r11-2_metallurgie-03-klinger-engineering.jpg\" data-light-image=\"https:\/\/www.klinger-kempchen.de\/wp-content\/uploads\/2023\/06\/r11-2_metallurgie-03-klinger-engineering.jpg\" data-id=\"18456\" class=\"wp-image-18456 skip-lazy\" srcset=\"https:\/\/www.klinger-kempchen.de\/wp-content\/uploads\/2023\/06\/r11-2_metallurgie-03-klinger-engineering.jpg 960w, https:\/\/www.klinger-kempchen.de\/wp-content\/uploads\/2023\/06\/r11-2_metallurgie-03-klinger-engineering-768x480.jpg 768w\" sizes=\"auto, (max-width: 960px) 100vw, 960px\" \/><\/div><\/div><\/a><\/figure><\/div><\/div><\/li><li class=\"kb-slide-item kb-gallery-carousel-item splide__slide\"><div class=\"kadence-blocks-gallery-item\"><div class=\"kadence-blocks-gallery-item-inner\"><figure class=\"kb-gallery-figure kb-gallery-item-has-link kadence-blocks-gallery-item-hide-caption\"><a href=\"https:\/\/www.klinger-kempchen.de\/wp-content\/uploads\/2023\/06\/r11-2-metallurgie-04-klinger-engineering.jpg\" data-alt=\"Metallurgie-04\" class=\"kb-gallery-item-link\"   role=\"button\" aria-haspopup=\"dialog\"><div class=\"kb-gal-image-radius\"><div class=\"kb-gallery-image-contain kadence-blocks-gallery-intrinsic kb-gallery-image-ratio-land32 kb-has-image-ratio-land32\" ><img loading=\"lazy\" decoding=\"async\" src=\"https:\/\/www.klinger-kempchen.de\/wp-content\/uploads\/2023\/06\/r11-2-metallurgie-04-klinger-engineering.jpg\" width=\"960\" height=\"600\" alt=\"Metallurgie-04\" data-full-image=\"https:\/\/www.klinger-kempchen.de\/wp-content\/uploads\/2023\/06\/r11-2-metallurgie-04-klinger-engineering.jpg\" data-light-image=\"https:\/\/www.klinger-kempchen.de\/wp-content\/uploads\/2023\/06\/r11-2-metallurgie-04-klinger-engineering.jpg\" data-id=\"18459\" class=\"wp-image-18459 skip-lazy\" srcset=\"https:\/\/www.klinger-kempchen.de\/wp-content\/uploads\/2023\/06\/r11-2-metallurgie-04-klinger-engineering.jpg 960w, https:\/\/www.klinger-kempchen.de\/wp-content\/uploads\/2023\/06\/r11-2-metallurgie-04-klinger-engineering-768x480.jpg 768w\" sizes=\"auto, (max-width: 960px) 100vw, 960px\" \/><\/div><\/div><\/a><\/figure><\/div><\/div><\/li><\/ul><\/div><\/div><\/div><\/div><style class=\"advgb-styles-renderer\">.wp-block-kadence-advancedgallery.kb-gallery-wrap-id-22525_c157fe-fd{overflow:hidden;}.kb-gallery-id-22525_c157fe-fd .kadence-blocks-gallery-item .kb-gal-image-radius, .kb-gallery-id-22525_c157fe-fd .kb-slide-item .kb-gal-image-radius img{border-radius:0px 0px 0px 0px;;}.kb-gallery-wrap-id-22525_c157fe-fd.wp-block-kadence-advancedgallery{overflow:visible;}.kb-gallery-wrap-id-22525_c157fe-fd.wp-block-kadence-advancedgallery .kt-blocks-carousel{overflow:visible;}<\/style>","protected":false},"excerpt":{"rendered":"<p>METALURGICK\u00c9 ANAL\u00ddZY Hled\u00e1n\u00ed a rozpozn\u00e1v\u00e1n\u00ed p\u0159\u00ed\u010din U kovov\u00fdch t\u011bsn\u011bn\u00ed, zejm\u00e9na u t\u011bsn\u011bn\u00ed sva\u0159ovac\u00edch krou\u017ek\u016f, doch\u00e1z\u00ed \u010dasto k po\u0161kozen\u00ed v podob\u011b trhlin. Anal\u00fdzou mikrostruktury kovov\u00fdch materi\u00e1l\u016f lze vyvodit z\u00e1v\u011bry o v\u00fdrobn\u00edch procesech nebo tepeln\u00e9m zpracov\u00e1n\u00ed \u010di fyzik\u00e1ln\u00edch a chemick\u00fdch vlastnostech. K lokalizaci p\u0159\u00ed\u010din vzniku trhlin nebo k posouzen\u00ed kvality svarov\u00e9ho spoje vyu\u017e\u00edv\u00e1me kvalifikovan\u00e9 a akreditovan\u00e9 zku\u0161ebn\u00ed [&hellip;]<\/p>\n","protected":false},"author":1,"featured_media":18455,"parent":18805,"menu_order":2,"comment_status":"closed","ping_status":"closed","template":"page-templates\/somos.php","meta":{"advgb_blocks_editor_width":"","advgb_blocks_columns_visual_guide":"","iawp_total_views":15,"footnotes":""},"class_list":["post-22525","page","type-page","status-publish","has-post-thumbnail","hentry"],"yoast_head":"<!-- This site is optimized with the Yoast SEO plugin v27.3 - https:\/\/yoast.com\/product\/yoast-seo-wordpress\/ -->\n<title>Metalurgick\u00e9 anal\u00fdzy - KLINGER Kempchen<\/title>\n<meta name=\"description\" content=\"U kovov\u00fdch t\u011bsn\u011bn\u00ed, zejm\u00e9na u t\u011bsn\u011bn\u00ed sva\u0159ovac\u00edch krou\u017ek\u016f, doch\u00e1z\u00ed \u010dasto k po\u0161kozen\u00ed v podob\u011b trhlin.\" \/>\n<meta name=\"robots\" content=\"index, follow, max-snippet:-1, max-image-preview:large, max-video-preview:-1\" \/>\n<link rel=\"canonical\" href=\"https:\/\/www.klinger-kempchen.de\/cs\/engineering-kontakty\/laboratory-services\/metalurgicke-analyzy\/\" \/>\n<meta property=\"og:locale\" content=\"cs_CZ\" \/>\n<meta property=\"og:type\" content=\"article\" \/>\n<meta property=\"og:title\" content=\"Metalurgick\u00e9 anal\u00fdzy - KLINGER Kempchen\" \/>\n<meta property=\"og:description\" content=\"U kovov\u00fdch t\u011bsn\u011bn\u00ed, zejm\u00e9na u t\u011bsn\u011bn\u00ed sva\u0159ovac\u00edch krou\u017ek\u016f, doch\u00e1z\u00ed \u010dasto k po\u0161kozen\u00ed v podob\u011b trhlin.\" \/>\n<meta property=\"og:url\" content=\"https:\/\/www.klinger-kempchen.de\/cs\/engineering-kontakty\/laboratory-services\/metalurgicke-analyzy\/\" \/>\n<meta property=\"og:site_name\" content=\"KLINGER Kempchen\" \/>\n<meta property=\"article:modified_time\" content=\"2024-03-11T15:02:45+00:00\" \/>\n<meta property=\"og:image\" content=\"https:\/\/www.klinger-kempchen.de\/wp-content\/uploads\/2023\/06\/Metallurgische-Untersuchungen.jpg\" \/>\n\t<meta property=\"og:image:width\" content=\"1400\" \/>\n\t<meta property=\"og:image:height\" content=\"350\" \/>\n\t<meta property=\"og:image:type\" content=\"image\/jpeg\" \/>\n<meta name=\"twitter:label1\" content=\"Odhadovan\u00e1 doba \u010dten\u00ed\" \/>\n\t<meta name=\"twitter:data1\" content=\"1 minuta\" \/>\n<!-- \/ Yoast SEO plugin. -->","yoast_head_json":{"title":"Metalurgick\u00e9 anal\u00fdzy - KLINGER Kempchen","description":"U kovov\u00fdch t\u011bsn\u011bn\u00ed, zejm\u00e9na u t\u011bsn\u011bn\u00ed sva\u0159ovac\u00edch krou\u017ek\u016f, doch\u00e1z\u00ed \u010dasto k po\u0161kozen\u00ed v podob\u011b trhlin.","robots":{"index":"index","follow":"follow","max-snippet":"max-snippet:-1","max-image-preview":"max-image-preview:large","max-video-preview":"max-video-preview:-1"},"canonical":"https:\/\/www.klinger-kempchen.de\/cs\/engineering-kontakty\/laboratory-services\/metalurgicke-analyzy\/","og_locale":"cs_CZ","og_type":"article","og_title":"Metalurgick\u00e9 anal\u00fdzy - KLINGER Kempchen","og_description":"U kovov\u00fdch t\u011bsn\u011bn\u00ed, zejm\u00e9na u t\u011bsn\u011bn\u00ed sva\u0159ovac\u00edch krou\u017ek\u016f, doch\u00e1z\u00ed \u010dasto k po\u0161kozen\u00ed v podob\u011b trhlin.","og_url":"https:\/\/www.klinger-kempchen.de\/cs\/engineering-kontakty\/laboratory-services\/metalurgicke-analyzy\/","og_site_name":"KLINGER Kempchen","article_modified_time":"2024-03-11T15:02:45+00:00","og_image":[{"width":1400,"height":350,"url":"https:\/\/www.klinger-kempchen.de\/wp-content\/uploads\/2023\/06\/Metallurgische-Untersuchungen.jpg","type":"image\/jpeg"}],"twitter_misc":{"Odhadovan\u00e1 doba \u010dten\u00ed":"1 minuta"},"schema":{"@context":"https:\/\/schema.org","@graph":[{"@type":"WebPage","@id":"https:\/\/www.klinger-kempchen.de\/cs\/engineering-kontakty\/laboratory-services\/metalurgicke-analyzy\/","url":"https:\/\/www.klinger-kempchen.de\/cs\/engineering-kontakty\/laboratory-services\/metalurgicke-analyzy\/","name":"Metalurgick\u00e9 anal\u00fdzy - KLINGER Kempchen","isPartOf":{"@id":"https:\/\/www.klinger-kempchen.de\/#website"},"primaryImageOfPage":{"@id":"https:\/\/www.klinger-kempchen.de\/cs\/engineering-kontakty\/laboratory-services\/metalurgicke-analyzy\/#primaryimage"},"image":{"@id":"https:\/\/www.klinger-kempchen.de\/cs\/engineering-kontakty\/laboratory-services\/metalurgicke-analyzy\/#primaryimage"},"thumbnailUrl":"https:\/\/www.klinger-kempchen.de\/wp-content\/uploads\/2023\/06\/Metallurgische-Untersuchungen.jpg","datePublished":"2024-02-18T20:47:08+00:00","dateModified":"2024-03-11T15:02:45+00:00","description":"U kovov\u00fdch t\u011bsn\u011bn\u00ed, zejm\u00e9na u t\u011bsn\u011bn\u00ed sva\u0159ovac\u00edch krou\u017ek\u016f, doch\u00e1z\u00ed \u010dasto k po\u0161kozen\u00ed v podob\u011b trhlin.","breadcrumb":{"@id":"https:\/\/www.klinger-kempchen.de\/cs\/engineering-kontakty\/laboratory-services\/metalurgicke-analyzy\/#breadcrumb"},"inLanguage":"cs","potentialAction":[{"@type":"ReadAction","target":["https:\/\/www.klinger-kempchen.de\/cs\/engineering-kontakty\/laboratory-services\/metalurgicke-analyzy\/"]}]},{"@type":"ImageObject","inLanguage":"cs","@id":"https:\/\/www.klinger-kempchen.de\/cs\/engineering-kontakty\/laboratory-services\/metalurgicke-analyzy\/#primaryimage","url":"https:\/\/www.klinger-kempchen.de\/wp-content\/uploads\/2023\/06\/Metallurgische-Untersuchungen.jpg","contentUrl":"https:\/\/www.klinger-kempchen.de\/wp-content\/uploads\/2023\/06\/Metallurgische-Untersuchungen.jpg","width":1400,"height":350},{"@type":"BreadcrumbList","@id":"https:\/\/www.klinger-kempchen.de\/cs\/engineering-kontakty\/laboratory-services\/metalurgicke-analyzy\/#breadcrumb","itemListElement":[{"@type":"ListItem","position":1,"name":"Home","item":"https:\/\/www.klinger-kempchen.de\/"},{"@type":"ListItem","position":2,"name":"Engineering","item":"https:\/\/www.klinger-kempchen.de\/cs\/engineering-kontakty\/"},{"@type":"ListItem","position":3,"name":"Laboratory Services","item":"https:\/\/www.klinger-kempchen.de\/cs\/engineering-kontakty\/laboratory-services\/"},{"@type":"ListItem","position":4,"name":"Metalurgick\u00e9 anal\u00fdzy"}]},{"@type":"WebSite","@id":"https:\/\/www.klinger-kempchen.de\/#website","url":"https:\/\/www.klinger-kempchen.de\/","name":"KLINGER Kempchen","description":"KLINGER Kempchen","publisher":{"@id":"https:\/\/www.klinger-kempchen.de\/#organization"},"potentialAction":[{"@type":"SearchAction","target":{"@type":"EntryPoint","urlTemplate":"https:\/\/www.klinger-kempchen.de\/?s={search_term_string}"},"query-input":{"@type":"PropertyValueSpecification","valueRequired":true,"valueName":"search_term_string"}}],"inLanguage":"cs"},{"@type":"Organization","@id":"https:\/\/www.klinger-kempchen.de\/#organization","name":"KLINGER-Kempchen","url":"https:\/\/www.klinger-kempchen.de\/","logo":{"@type":"ImageObject","inLanguage":"cs","@id":"https:\/\/www.klinger-kempchen.de\/#\/schema\/logo\/image\/","url":"https:\/\/www.klinger-kempchen.de\/wp-content\/uploads\/2020\/06\/cropped-Klinger-Kempchen-Logo.png","contentUrl":"https:\/\/www.klinger-kempchen.de\/wp-content\/uploads\/2020\/06\/cropped-Klinger-Kempchen-Logo.png","width":512,"height":512,"caption":"KLINGER-Kempchen"},"image":{"@id":"https:\/\/www.klinger-kempchen.de\/#\/schema\/logo\/image\/"}}]}},"coauthors":[],"author_meta":{"author_link":"https:\/\/www.klinger-kempchen.de\/cs\/author\/administrador\/","display_name":"administrador"},"relative_dates":{"created":"Posted 2 roky ago","modified":"Updated 2 roky ago"},"absolute_dates":{"created":"Posted on 18 \u00fanora 2024","modified":"Updated on 11 b\u0159ezna 2024"},"absolute_dates_time":{"created":"Posted on 18 \u00fanora 2024 21:47","modified":"Updated on 11 b\u0159ezna 2024 16:02"},"featured_img_caption":"","featured_img":"https:\/\/www.klinger-kempchen.de\/wp-content\/uploads\/2023\/06\/Metallurgische-Untersuchungen.jpg","series_order":"","_links":{"self":[{"href":"https:\/\/www.klinger-kempchen.de\/cs\/wp-json\/wp\/v2\/pages\/22525","targetHints":{"allow":["GET"]}}],"collection":[{"href":"https:\/\/www.klinger-kempchen.de\/cs\/wp-json\/wp\/v2\/pages"}],"about":[{"href":"https:\/\/www.klinger-kempchen.de\/cs\/wp-json\/wp\/v2\/types\/page"}],"author":[{"embeddable":true,"href":"https:\/\/www.klinger-kempchen.de\/cs\/wp-json\/wp\/v2\/users\/1"}],"replies":[{"embeddable":true,"href":"https:\/\/www.klinger-kempchen.de\/cs\/wp-json\/wp\/v2\/comments?post=22525"}],"version-history":[{"count":0,"href":"https:\/\/www.klinger-kempchen.de\/cs\/wp-json\/wp\/v2\/pages\/22525\/revisions"}],"up":[{"embeddable":true,"href":"https:\/\/www.klinger-kempchen.de\/cs\/wp-json\/wp\/v2\/pages\/18805"}],"wp:featuredmedia":[{"embeddable":true,"href":"https:\/\/www.klinger-kempchen.de\/cs\/wp-json\/wp\/v2\/media\/18455"}],"wp:attachment":[{"href":"https:\/\/www.klinger-kempchen.de\/cs\/wp-json\/wp\/v2\/media?parent=22525"}],"curies":[{"name":"wp","href":"https:\/\/api.w.org\/{rel}","templated":true}]}}