{"id":22569,"date":"2024-02-21T18:21:32","date_gmt":"2024-02-21T17:21:32","guid":{"rendered":"https:\/\/www.klinger-kempchen.de\/?page_id=22569"},"modified":"2024-02-21T18:21:35","modified_gmt":"2024-02-21T17:21:35","slug":"3d-navrh-a-analyza-konecnych-prvku","status":"publish","type":"page","link":"https:\/\/www.klinger-kempchen.de\/cs\/engineering-kontakty\/technicke-sluzby\/3d-navrh-a-analyza-konecnych-prvku\/","title":{"rendered":"3D n\u00e1vrh a anal\u00fdza kone\u010dn\u00fdch prvk\u016f"},"content":{"rendered":"\n<h1 class=\"wp-block-heading\">3D N\u00c1VRH A ANAL\u00ddZA KONE\u010cN\u00ddCH PRVK\u016e<\/h1>\n\n\n\n<h2 class=\"wp-block-heading\">Ov\u011b\u0159en\u00ed teori\u00ed po\u0161kozen\u00ed<\/h2>\n\n\n\n<p>Pokud jsou mo\u017enosti analytick\u00fdch v\u00fdpo\u010dtov\u00fdch metod vy\u010derp\u00e1ny nebo jsou geometrie sou\u010d\u00e1st\u00ed, provozn\u00ed nebo j\u00edzdn\u00ed re\u017eimy velmi slo\u017eit\u00e9, jsme schopni v\u00e1m pomoci tak\u00e9 s 3D n\u00e1vrhem. D\u00edky na\u0161im odborn\u00fdm znalostem v\u00e1m nab\u00edz\u00edme trojrozm\u011brn\u00e9 modelov\u00e1n\u00ed s n\u00e1slednou line\u00e1rn\u00ed nebo neline\u00e1rn\u00ed simulac\u00ed metodou kone\u010dn\u00fdch prvk\u016f.<\/p>\n\n\n\n<p>Zvl\u00e1\u0161tn\u00ed pozornost v\u011bnujeme:<\/p>\n\n\n\n<div class=\"wp-block-columns is-layout-flex wp-container-core-columns-is-layout-9d6595d7 wp-block-columns-is-layout-flex\">\n<div class=\"wp-block-column is-vertically-aligned-center is-layout-flow wp-block-column-is-layout-flow\" style=\"flex-basis:50%\">\n<ul class=\"wp-block-list\">\n<li>Stanoven\u00ed mezn\u00ed hodnoty zat\u00ed\u017een\u00ed p\u0159ed po\u0161kozen\u00edm sou\u010d\u00e1sti<\/li>\n\n\n\n<li>V\u00fdpo\u010det deformace, nap\u011bt\u00ed a deformace<\/li>\n<\/ul>\n<\/div>\n\n\n\n<div class=\"wp-block-column is-layout-flow wp-block-column-is-layout-flow\" style=\"flex-basis:50%\">\n<figure class=\"wp-block-image size-full\"><img loading=\"lazy\" decoding=\"async\" width=\"960\" height=\"600\" src=\"https:\/\/www.klinger-kempchen.de\/wp-content\/uploads\/2023\/05\/r3-simulation-01-klinger-engineering.jpg\" alt=\"Simulation-01\" class=\"wp-image-16309\" srcset=\"https:\/\/www.klinger-kempchen.de\/wp-content\/uploads\/2023\/05\/r3-simulation-01-klinger-engineering.jpg 960w, https:\/\/www.klinger-kempchen.de\/wp-content\/uploads\/2023\/05\/r3-simulation-01-klinger-engineering-768x480.jpg 768w\" sizes=\"auto, (max-width: 960px) 100vw, 960px\" \/><\/figure>\n<\/div>\n<\/div>\n\n\n\n<div class=\"wp-block-columns is-layout-flex wp-container-core-columns-is-layout-9d6595d7 wp-block-columns-is-layout-flex\">\n<div class=\"wp-block-column is-vertically-aligned-center is-layout-flow wp-block-column-is-layout-flow\" style=\"flex-basis:50%\">\n<figure class=\"wp-block-image size-full\"><img loading=\"lazy\" decoding=\"async\" width=\"960\" height=\"600\" src=\"https:\/\/www.klinger-kempchen.de\/wp-content\/uploads\/2023\/05\/r3-simulation-02-klinger-engineering.jpg\" alt=\"Simulation-02\" class=\"wp-image-16311\" srcset=\"https:\/\/www.klinger-kempchen.de\/wp-content\/uploads\/2023\/05\/r3-simulation-02-klinger-engineering.jpg 960w, https:\/\/www.klinger-kempchen.de\/wp-content\/uploads\/2023\/05\/r3-simulation-02-klinger-engineering-768x480.jpg 768w\" sizes=\"auto, (max-width: 960px) 100vw, 960px\" \/><\/figure>\n<\/div>\n\n\n\n<div class=\"wp-block-column is-vertically-aligned-center is-layout-flow wp-block-column-is-layout-flow\" style=\"flex-basis:50%\">\n<ul class=\"wp-block-list\">\n<li>Vizualizace kontaktn\u00ed situace mezi sou\u010d\u00e1stmi a t\u011bsn\u011bn\u00edmi<\/li>\n\n\n\n<li>Nap\u011bt\u00ed v sou\u010d\u00e1stech v d\u016fsledku teplotn\u00edch vliv\u016f<\/li>\n<\/ul>\n<\/div>\n<\/div>\n\n\n\n<div class=\"wp-block-columns is-layout-flex wp-container-core-columns-is-layout-9d6595d7 wp-block-columns-is-layout-flex\">\n<div class=\"wp-block-column is-vertically-aligned-center is-layout-flow wp-block-column-is-layout-flow\" style=\"flex-basis:50%\">\n<ul class=\"wp-block-list\">\n<li>Ur\u010den\u00ed kritick\u00fdch diferen\u010dn\u00edch pohyb\u016f z asymetrick\u00e9ho tepeln\u00e9ho zat\u00ed\u017een\u00ed<\/li>\n\n\n\n<li>Spannungsanalysen und Bewertung nach AD2000 S4 oder ASME Section VIII, Division 2, Part 5<\/li>\n\n\n\n<li>DIN EN 13445<\/li>\n<\/ul>\n<\/div>\n\n\n\n<div class=\"wp-block-column is-layout-flow wp-block-column-is-layout-flow\" style=\"flex-basis:50%\">\n<figure class=\"wp-block-image size-full\"><img loading=\"lazy\" decoding=\"async\" width=\"960\" height=\"600\" src=\"https:\/\/www.klinger-kempchen.de\/wp-content\/uploads\/2023\/05\/r3-simulation-03-klinger-engineering.jpg\" alt=\"Simulation-03\" class=\"wp-image-16313\" srcset=\"https:\/\/www.klinger-kempchen.de\/wp-content\/uploads\/2023\/05\/r3-simulation-03-klinger-engineering.jpg 960w, https:\/\/www.klinger-kempchen.de\/wp-content\/uploads\/2023\/05\/r3-simulation-03-klinger-engineering-768x480.jpg 768w\" sizes=\"auto, (max-width: 960px) 100vw, 960px\" \/><\/figure>\n<\/div>\n<\/div>\n\n\n\n<h2 class=\"wp-block-heading\">3D n\u00e1vrh s n\u00e1slednou simulac\u00ed metodou kone\u010dn\u00fdch prvk\u016f<\/h2>\n\n\n\n<p>Anal\u00fdza metodou kone\u010dn\u00fdch prvk\u016f je \u010dasto pou\u017e\u00edvan\u00fdm n\u00e1strojem pro ov\u011b\u0159ov\u00e1n\u00ed teori\u00ed po\u0161kozen\u00ed, zejm\u00e9na v souvislosti s vy\u0161et\u0159ov\u00e1n\u00edm po\u0161kozen\u00ed.<\/p>\n\n\n\n<p>V t\u00e9to souvislosti v\u00e1m nab\u00edz\u00edme n\u00e1vrh a v\u00fdpo\u010det:<\/p>\n\n\n\n<div class=\"wp-block-columns is-layout-flex wp-container-core-columns-is-layout-9d6595d7 wp-block-columns-is-layout-flex\">\n<div class=\"wp-block-column is-vertically-aligned-center is-layout-flow wp-block-column-is-layout-flow\" style=\"flex-basis:50%\">\n<figure class=\"wp-block-image size-full\"><img loading=\"lazy\" decoding=\"async\" width=\"960\" height=\"600\" src=\"https:\/\/www.klinger-kempchen.de\/wp-content\/uploads\/2023\/05\/r3-simulation-04-klinger-engineering.jpg\" alt=\"Simulation-04\" class=\"wp-image-16315\" srcset=\"https:\/\/www.klinger-kempchen.de\/wp-content\/uploads\/2023\/05\/r3-simulation-04-klinger-engineering.jpg 960w, https:\/\/www.klinger-kempchen.de\/wp-content\/uploads\/2023\/05\/r3-simulation-04-klinger-engineering-768x480.jpg 768w\" sizes=\"auto, (max-width: 960px) 100vw, 960px\" \/><\/figure>\n<\/div>\n\n\n\n<div class=\"wp-block-column is-vertically-aligned-center is-layout-flow wp-block-column-is-layout-flow\" style=\"flex-basis:50%\">\n<ul class=\"wp-block-list\">\n<li>pro t\u011bsn\u011bn\u00ed v silov\u00e9 p\u0159\u00edpojce \/ silov\u00e9 p\u0159\u00edpojce bo\u010dn\u00edku<\/li>\n\n\n\n<li>pro p\u0159\u00edrubov\u00e9 a t\u011bsnic\u00ed spoje v\u0161eho druhu<\/li>\n<\/ul>\n<\/div>\n<\/div>\n\n\n\n<div class=\"wp-block-columns is-layout-flex wp-container-core-columns-is-layout-9d6595d7 wp-block-columns-is-layout-flex\">\n<div class=\"wp-block-column is-vertically-aligned-center is-layout-flow wp-block-column-is-layout-flow\" style=\"flex-basis:50%\">\n<ul class=\"wp-block-list\">\n<li>pro kovov\u00e1 t\u011bsn\u011bn\u00ed, jako jsou dvojit\u00e9 ku\u017eely, t\u011bsnic\u00ed krou\u017eky, krou\u017ekov\u00e9 spoje nebo t\u011bsnic\u00ed \u010do\u010dky.<\/li>\n\n\n\n<li>pro zv\u00e1\u017een\u00ed nestandardizovan\u00fdch \/ nestandardizovan\u00fdch speci\u00e1ln\u00edch konstrukc\u00ed<\/li>\n<\/ul>\n<\/div>\n\n\n\n<div class=\"wp-block-column is-layout-flow wp-block-column-is-layout-flow\" style=\"flex-basis:50%\">\n<figure class=\"wp-block-image size-full\"><img loading=\"lazy\" decoding=\"async\" width=\"961\" height=\"600\" src=\"https:\/\/www.klinger-kempchen.de\/wp-content\/uploads\/2023\/05\/r3_simulation_6_klein.gif\" alt=\"Simulation-06\n\" class=\"wp-image-16317\"\/><\/figure>\n<\/div>\n<\/div>\n","protected":false},"excerpt":{"rendered":"<p>3D N\u00c1VRH A ANAL\u00ddZA KONE\u010cN\u00ddCH PRVK\u016e Ov\u011b\u0159en\u00ed teori\u00ed po\u0161kozen\u00ed Pokud jsou mo\u017enosti analytick\u00fdch v\u00fdpo\u010dtov\u00fdch metod vy\u010derp\u00e1ny nebo jsou geometrie sou\u010d\u00e1st\u00ed, provozn\u00ed nebo j\u00edzdn\u00ed re\u017eimy velmi slo\u017eit\u00e9, jsme schopni v\u00e1m pomoci tak\u00e9 s 3D n\u00e1vrhem. D\u00edky na\u0161im odborn\u00fdm znalostem v\u00e1m nab\u00edz\u00edme trojrozm\u011brn\u00e9 modelov\u00e1n\u00ed s n\u00e1slednou line\u00e1rn\u00ed nebo neline\u00e1rn\u00ed simulac\u00ed metodou kone\u010dn\u00fdch prvk\u016f. Zvl\u00e1\u0161tn\u00ed pozornost v\u011bnujeme: 3D [&hellip;]<\/p>\n","protected":false},"author":1,"featured_media":17165,"parent":18793,"menu_order":5,"comment_status":"closed","ping_status":"closed","template":"page-templates\/somos.php","meta":{"advgb_blocks_editor_width":"","advgb_blocks_columns_visual_guide":"","iawp_total_views":25,"footnotes":""},"class_list":["post-22569","page","type-page","status-publish","has-post-thumbnail","hentry"],"yoast_head":"<!-- This site is optimized with the Yoast SEO plugin v27.3 - https:\/\/yoast.com\/product\/yoast-seo-wordpress\/ -->\n<title>3D n\u00e1vrh a anal\u00fdza kone\u010dn\u00fdch prvk\u016f - KLINGER Kempchen<\/title>\n<meta name=\"description\" content=\"D\u00edky na\u0161emu know-how nab\u00edz\u00edme 3D n\u00e1vrh s n\u00e1slednou line\u00e1rn\u00ed nebo neline\u00e1rn\u00ed simulac\u00ed metodou kone\u010dn\u00fdch prvk\u016f.\" \/>\n<meta name=\"robots\" content=\"index, follow, max-snippet:-1, max-image-preview:large, max-video-preview:-1\" \/>\n<link rel=\"canonical\" href=\"https:\/\/www.klinger-kempchen.de\/engineering\/engineering-services\/3d-konstruktion\/\" \/>\n<meta property=\"og:locale\" content=\"cs_CZ\" \/>\n<meta property=\"og:type\" content=\"article\" \/>\n<meta property=\"og:title\" content=\"3D n\u00e1vrh a anal\u00fdza kone\u010dn\u00fdch prvk\u016f - KLINGER Kempchen\" \/>\n<meta property=\"og:description\" content=\"D\u00edky na\u0161emu know-how nab\u00edz\u00edme 3D n\u00e1vrh s n\u00e1slednou line\u00e1rn\u00ed nebo neline\u00e1rn\u00ed simulac\u00ed metodou kone\u010dn\u00fdch prvk\u016f.\" \/>\n<meta property=\"og:url\" content=\"https:\/\/www.klinger-kempchen.de\/engineering\/engineering-services\/3d-konstruktion\/\" \/>\n<meta property=\"og:site_name\" content=\"KLINGER Kempchen\" \/>\n<meta property=\"article:modified_time\" content=\"2024-02-21T17:21:35+00:00\" \/>\n<meta property=\"og:image\" content=\"https:\/\/www.klinger-kempchen.de\/wp-content\/uploads\/2023\/06\/engineering-start.jpg\" \/>\n\t<meta property=\"og:image:width\" content=\"1400\" \/>\n\t<meta property=\"og:image:height\" content=\"350\" \/>\n\t<meta property=\"og:image:type\" content=\"image\/jpeg\" \/>\n<meta name=\"twitter:label1\" content=\"Odhadovan\u00e1 doba \u010dten\u00ed\" \/>\n\t<meta name=\"twitter:data1\" content=\"1 minuta\" \/>\n<!-- \/ Yoast SEO plugin. -->","yoast_head_json":{"title":"3D n\u00e1vrh a anal\u00fdza kone\u010dn\u00fdch prvk\u016f - KLINGER Kempchen","description":"D\u00edky na\u0161emu know-how nab\u00edz\u00edme 3D n\u00e1vrh s n\u00e1slednou line\u00e1rn\u00ed nebo neline\u00e1rn\u00ed simulac\u00ed metodou kone\u010dn\u00fdch prvk\u016f.","robots":{"index":"index","follow":"follow","max-snippet":"max-snippet:-1","max-image-preview":"max-image-preview:large","max-video-preview":"max-video-preview:-1"},"canonical":"https:\/\/www.klinger-kempchen.de\/engineering\/engineering-services\/3d-konstruktion\/","og_locale":"cs_CZ","og_type":"article","og_title":"3D n\u00e1vrh a anal\u00fdza kone\u010dn\u00fdch prvk\u016f - KLINGER Kempchen","og_description":"D\u00edky na\u0161emu know-how nab\u00edz\u00edme 3D n\u00e1vrh s n\u00e1slednou line\u00e1rn\u00ed nebo neline\u00e1rn\u00ed simulac\u00ed metodou kone\u010dn\u00fdch prvk\u016f.","og_url":"https:\/\/www.klinger-kempchen.de\/engineering\/engineering-services\/3d-konstruktion\/","og_site_name":"KLINGER Kempchen","article_modified_time":"2024-02-21T17:21:35+00:00","og_image":[{"width":1400,"height":350,"url":"https:\/\/www.klinger-kempchen.de\/wp-content\/uploads\/2023\/06\/engineering-start.jpg","type":"image\/jpeg"}],"twitter_misc":{"Odhadovan\u00e1 doba \u010dten\u00ed":"1 minuta"},"schema":{"@context":"https:\/\/schema.org","@graph":[{"@type":"WebPage","@id":"https:\/\/www.klinger-kempchen.de\/engineering\/engineering-services\/3d-konstruktion\/","url":"https:\/\/www.klinger-kempchen.de\/engineering\/engineering-services\/3d-konstruktion\/","name":"3D n\u00e1vrh a anal\u00fdza kone\u010dn\u00fdch prvk\u016f - KLINGER Kempchen","isPartOf":{"@id":"https:\/\/www.klinger-kempchen.de\/#website"},"primaryImageOfPage":{"@id":"https:\/\/www.klinger-kempchen.de\/engineering\/engineering-services\/3d-konstruktion\/#primaryimage"},"image":{"@id":"https:\/\/www.klinger-kempchen.de\/engineering\/engineering-services\/3d-konstruktion\/#primaryimage"},"thumbnailUrl":"https:\/\/www.klinger-kempchen.de\/wp-content\/uploads\/2023\/06\/engineering-start.jpg","datePublished":"2024-02-21T17:21:32+00:00","dateModified":"2024-02-21T17:21:35+00:00","description":"D\u00edky na\u0161emu know-how nab\u00edz\u00edme 3D n\u00e1vrh s n\u00e1slednou line\u00e1rn\u00ed nebo neline\u00e1rn\u00ed simulac\u00ed metodou kone\u010dn\u00fdch prvk\u016f.","breadcrumb":{"@id":"https:\/\/www.klinger-kempchen.de\/engineering\/engineering-services\/3d-konstruktion\/#breadcrumb"},"inLanguage":"cs","potentialAction":[{"@type":"ReadAction","target":["https:\/\/www.klinger-kempchen.de\/engineering\/engineering-services\/3d-konstruktion\/"]}]},{"@type":"ImageObject","inLanguage":"cs","@id":"https:\/\/www.klinger-kempchen.de\/engineering\/engineering-services\/3d-konstruktion\/#primaryimage","url":"https:\/\/www.klinger-kempchen.de\/wp-content\/uploads\/2023\/06\/engineering-start.jpg","contentUrl":"https:\/\/www.klinger-kempchen.de\/wp-content\/uploads\/2023\/06\/engineering-start.jpg","width":1400,"height":350,"caption":"engineering-start"},{"@type":"BreadcrumbList","@id":"https:\/\/www.klinger-kempchen.de\/engineering\/engineering-services\/3d-konstruktion\/#breadcrumb","itemListElement":[{"@type":"ListItem","position":1,"name":"Home","item":"https:\/\/www.klinger-kempchen.de\/"},{"@type":"ListItem","position":2,"name":"Engineering","item":"https:\/\/www.klinger-kempchen.de\/cs\/engineering-kontakty\/"},{"@type":"ListItem","position":3,"name":"Technick\u00e9 slu\u017eby","item":"https:\/\/www.klinger-kempchen.de\/cs\/engineering-kontakty\/technicke-sluzby\/"},{"@type":"ListItem","position":4,"name":"3D n\u00e1vrh a anal\u00fdza kone\u010dn\u00fdch prvk\u016f"}]},{"@type":"WebSite","@id":"https:\/\/www.klinger-kempchen.de\/#website","url":"https:\/\/www.klinger-kempchen.de\/","name":"KLINGER Kempchen","description":"KLINGER Kempchen","publisher":{"@id":"https:\/\/www.klinger-kempchen.de\/#organization"},"potentialAction":[{"@type":"SearchAction","target":{"@type":"EntryPoint","urlTemplate":"https:\/\/www.klinger-kempchen.de\/?s={search_term_string}"},"query-input":{"@type":"PropertyValueSpecification","valueRequired":true,"valueName":"search_term_string"}}],"inLanguage":"cs"},{"@type":"Organization","@id":"https:\/\/www.klinger-kempchen.de\/#organization","name":"KLINGER-Kempchen","url":"https:\/\/www.klinger-kempchen.de\/","logo":{"@type":"ImageObject","inLanguage":"cs","@id":"https:\/\/www.klinger-kempchen.de\/#\/schema\/logo\/image\/","url":"https:\/\/www.klinger-kempchen.de\/wp-content\/uploads\/2020\/06\/cropped-Klinger-Kempchen-Logo.png","contentUrl":"https:\/\/www.klinger-kempchen.de\/wp-content\/uploads\/2020\/06\/cropped-Klinger-Kempchen-Logo.png","width":512,"height":512,"caption":"KLINGER-Kempchen"},"image":{"@id":"https:\/\/www.klinger-kempchen.de\/#\/schema\/logo\/image\/"}}]}},"coauthors":[],"author_meta":{"author_link":"https:\/\/www.klinger-kempchen.de\/cs\/author\/administrador\/","display_name":"administrador"},"relative_dates":{"created":"Posted 2 roky ago","modified":"Updated 2 roky ago"},"absolute_dates":{"created":"Posted on 21 \u00fanora 2024","modified":"Updated on 21 \u00fanora 2024"},"absolute_dates_time":{"created":"Posted on 21 \u00fanora 2024 18:21","modified":"Updated on 21 \u00fanora 2024 18:21"},"featured_img_caption":"","featured_img":"https:\/\/www.klinger-kempchen.de\/wp-content\/uploads\/2023\/06\/engineering-start.jpg","series_order":"","_links":{"self":[{"href":"https:\/\/www.klinger-kempchen.de\/cs\/wp-json\/wp\/v2\/pages\/22569","targetHints":{"allow":["GET"]}}],"collection":[{"href":"https:\/\/www.klinger-kempchen.de\/cs\/wp-json\/wp\/v2\/pages"}],"about":[{"href":"https:\/\/www.klinger-kempchen.de\/cs\/wp-json\/wp\/v2\/types\/page"}],"author":[{"embeddable":true,"href":"https:\/\/www.klinger-kempchen.de\/cs\/wp-json\/wp\/v2\/users\/1"}],"replies":[{"embeddable":true,"href":"https:\/\/www.klinger-kempchen.de\/cs\/wp-json\/wp\/v2\/comments?post=22569"}],"version-history":[{"count":0,"href":"https:\/\/www.klinger-kempchen.de\/cs\/wp-json\/wp\/v2\/pages\/22569\/revisions"}],"up":[{"embeddable":true,"href":"https:\/\/www.klinger-kempchen.de\/cs\/wp-json\/wp\/v2\/pages\/18793"}],"wp:featuredmedia":[{"embeddable":true,"href":"https:\/\/www.klinger-kempchen.de\/cs\/wp-json\/wp\/v2\/media\/17165"}],"wp:attachment":[{"href":"https:\/\/www.klinger-kempchen.de\/cs\/wp-json\/wp\/v2\/media?parent=22569"}],"curies":[{"name":"wp","href":"https:\/\/api.w.org\/{rel}","templated":true}]}}