{"id":25988,"date":"2024-02-28T20:45:04","date_gmt":"2024-02-28T19:45:04","guid":{"rendered":"https:\/\/www.klinger-kempchen.de\/?page_id=25988"},"modified":"2024-02-28T20:45:05","modified_gmt":"2024-02-28T19:45:05","slug":"staticke-analyzy-a-vypocty-potrubi","status":"publish","type":"page","link":"https:\/\/www.klinger-kempchen.de\/cs\/engineering-kontakty\/technicke-sluzby\/staticke-analyzy-a-vypocty-potrubi\/","title":{"rendered":"Statick\u00e9 anal\u00fdzy a v\u00fdpo\u010dty potrub\u00ed"},"content":{"rendered":"\n<h1 class=\"wp-block-heading\">STATICK\u00c9 ANAL\u00ddZY A V\u00ddPO\u010cTY POTRUB\u00cd<\/h1>\n\n\n\n<h2 class=\"wp-block-heading\">Stanoven\u00ed \u0159ezn\u00e9ho zat\u00ed\u017een\u00ed p\u0159\u00edrubov\u00fdch spoj\u016f<\/h2>\n\n\n\n<p>Stavebn\u00ed anal\u00fdzy potrub\u00ed a n\u00e1vrh a v\u00fdpo\u010det p\u0159\u00edrubov\u00fdch spoj\u016f se st\u00e1le v\u00edce spojuj\u00ed. Zat\u00edmco d\u0159\u00edve se statick\u00e1 anal\u00fdza potrub\u00ed pou\u017e\u00edvala pouze v projektech pro kontrolu n\u00e1vrhu potrub\u00ed, v budoucnu bude hr\u00e1t st\u00e1le d\u016fle\u017eit\u011bj\u0161\u00ed roli. A\u010dkoli v\u00fdpo\u010det p\u0159\u00edrubov\u00fdch spoj\u016f lze prov\u00e1d\u011bt i s ur\u010dit\u00fdmi konzervativn\u00edmi p\u0159edpoklady pro vn\u011bj\u0161\u00ed p\u0159\u00eddavn\u00e1 zat\u00ed\u017een\u00ed (nap\u0159. DIN EN 1092), pot\u00ed\u017e spo\u010d\u00edv\u00e1 v t\u011bchto p\u0159edpokladech samotn\u00fdch.<\/p>\n\n\n\n<p>Mnoho st\u00e1vaj\u00edc\u00edch p\u0159\u00edrubov\u00fdch spoj\u016f je beznad\u011bjn\u011b p\u0159et\u00ed\u017eeno konzervativn\u00edmi p\u0159edpoklady a nen\u00ed snadn\u00e9 prok\u00e1zat jejich pevnost a t\u011bsnost. Zejm\u00e9na kv\u016fli rostouc\u00edm pr\u00e1vn\u00edm p\u0159edpis\u016fm a strategii navrhov\u00e1n\u00ed a realizace nov\u00fdch syst\u00e9m\u016f a za\u0159\u00edzen\u00ed ve st\u00e1le kompaktn\u011bj\u0161\u00edm proveden\u00ed nab\u00fdv\u00e1 ekonomick\u00e1 efektivita p\u0159i pl\u00e1nov\u00e1n\u00ed je\u0161t\u011b v\u011bt\u0161\u00edho v\u00fdznamu.<\/p>\n\n\n\n<p>Zat\u00ed\u017een\u00ed komponent, kter\u00e9 vych\u00e1z\u00ed z p\u0159edpokladu pro n\u00e1vrh, m\u016f\u017ee za ur\u010dit\u00fdch okolnost\u00ed v\u00e9st k nehospod\u00e1rn\u00e9mu p\u0159edimenzov\u00e1n\u00ed jednotliv\u00fdch komponent za\u0159\u00edzen\u00ed. Zam\u011b\u0159ujeme se p\u0159edev\u0161\u00edm na stanoven\u00ed vnit\u0159n\u00edho zat\u00ed\u017een\u00ed p\u0159\u00edrubov\u00fdch spoj\u016f, kter\u00e9 vypl\u00fdv\u00e1 z provozu st\u00e1vaj\u00edc\u00edho potrub\u00ed p\u0159\u00edslu\u0161n\u00e9ho za\u0159\u00edzen\u00ed. Tato vnit\u0159n\u00ed zat\u00ed\u017een\u00ed vyu\u017e\u00edv\u00e1me k vlastn\u00edmu n\u00e1vrhu nebo v\u00fdpo\u010dtu p\u0159\u00edslu\u0161n\u00e9ho p\u0159\u00edrubov\u00e9ho spoje. Statick\u00e9 anal\u00fdzy potrub\u00ed v\u0161ak lze pou\u017e\u00edt tak\u00e9 k potvrzen\u00ed nebo zam\u00edtnut\u00ed teorie po\u0161kozen\u00ed p\u0159i vy\u0161et\u0159ov\u00e1n\u00ed net\u011bsnost\u00ed a syst\u00e9mov\u00fdch poruch.<\/p>\n\n\n\n<div class=\"wp-block-columns is-layout-flex wp-container-core-columns-is-layout-9d6595d7 wp-block-columns-is-layout-flex\">\n<div class=\"wp-block-column is-vertically-aligned-center is-layout-flow wp-block-column-is-layout-flow\" style=\"flex-basis:50%\">\n<h2 class=\"wp-block-heading\">V t\u00e9to souvislosti nab\u00edz\u00edme na\u0161im z\u00e1kazn\u00edk\u016fm<\/h2>\n\n\n\n<ul class=\"wp-block-list\">\n<li>Vytv\u00e1\u0159en\u00ed a prov\u00e1d\u011bn\u00ed statick\u00fdch anal\u00fdz potrub\u00ed pomoc\u00ed programov\u00e9ho syst\u00e9mu ROHR 2:<\/li>\n<\/ul>\n<\/div>\n\n\n\n<div class=\"wp-block-column is-layout-flow wp-block-column-is-layout-flow\" style=\"flex-basis:50%\">\n<figure class=\"wp-block-image size-full\"><img loading=\"lazy\" decoding=\"async\" width=\"960\" height=\"600\" src=\"https:\/\/www.klinger-kempchen.de\/wp-content\/uploads\/2023\/05\/r4-rohrstatik-02-klinger-engineering.jpg\" alt=\"Rohrstatik-2\" class=\"wp-image-16326\" srcset=\"https:\/\/www.klinger-kempchen.de\/wp-content\/uploads\/2023\/05\/r4-rohrstatik-02-klinger-engineering.jpg 960w, https:\/\/www.klinger-kempchen.de\/wp-content\/uploads\/2023\/05\/r4-rohrstatik-02-klinger-engineering-768x480.jpg 768w\" sizes=\"auto, (max-width: 960px) 100vw, 960px\" \/><\/figure>\n<\/div>\n<\/div>\n\n\n\n<div class=\"wp-block-columns is-layout-flex wp-container-core-columns-is-layout-9d6595d7 wp-block-columns-is-layout-flex\">\n<div class=\"wp-block-column is-vertically-aligned-center is-layout-flow wp-block-column-is-layout-flow\" style=\"flex-basis:50%\">\n<figure class=\"wp-block-image size-full\"><img loading=\"lazy\" decoding=\"async\" width=\"960\" height=\"600\" src=\"https:\/\/www.klinger-kempchen.de\/wp-content\/uploads\/2023\/05\/r4-rohrstatik-03-klinger-engineering.jpg\" alt=\"Rohrstatik-3\" class=\"wp-image-16328\" srcset=\"https:\/\/www.klinger-kempchen.de\/wp-content\/uploads\/2023\/05\/r4-rohrstatik-03-klinger-engineering.jpg 960w, https:\/\/www.klinger-kempchen.de\/wp-content\/uploads\/2023\/05\/r4-rohrstatik-03-klinger-engineering-768x480.jpg 768w\" sizes=\"auto, (max-width: 960px) 100vw, 960px\" \/><\/figure>\n<\/div>\n\n\n\n<div class=\"wp-block-column is-vertically-aligned-center is-layout-flow wp-block-column-is-layout-flow\" style=\"flex-basis:50%\">\n<p>V\u00fdpo\u010dty podle p\u0159edpis\u016f DIN EN 13480, ASME B31.1, ASME B31.3 a dal\u0161\u00edch.<\/p>\n\n\n\n<ul class=\"wp-block-list\">\n<li>Statick\u00fd v\u00fdpo\u010det ocelov\u00fdch procesn\u00edch potrub\u00ed, potrub\u00ed se stopov\u00fdm oh\u0159evem \/ opl\u00e1\u0161t\u011bn\u00fdch potrub\u00ed s komplexn\u00edm popisem zat\u011b\u017eovac\u00edho stavu<\/li>\n<\/ul>\n<\/div>\n<\/div>\n\n\n\n<div class=\"wp-block-columns is-layout-flex wp-container-core-columns-is-layout-9d6595d7 wp-block-columns-is-layout-flex\">\n<div class=\"wp-block-column is-vertically-aligned-center is-layout-flow wp-block-column-is-layout-flow\" style=\"flex-basis:50%\">\n<ul class=\"wp-block-list\">\n<li>Vytvo\u0159en\u00ed popt\u00e1vkov\u00fdch specifikac\u00ed pro ocelov\u00e9 kompenz\u00e1tory, lo\u017eiskov\u00e9 body s pru\u017einov\u00fdmi nebo konstantn\u00edmi podp\u011brami a speci\u00e1ln\u00ed trubkov\u00e1 lo\u017eiska.<\/li>\n\n\n\n<li>Stanoven\u00ed nosn\u00fdch zat\u00ed\u017een\u00ed pro pl\u00e1nov\u00e1n\u00ed ocelov\u00fdch konstrukc\u00ed<\/li>\n\n\n\n<li>Vytvo\u0159en\u00ed specifikac\u00ed v\u00fdpo\u010dtu pro konkr\u00e9tn\u00ed m\u00edsto<\/li>\n\n\n\n<li>P\u0159\u00edprava ov\u011b\u0159iteln\u00e9 dokumentace<\/li>\n<\/ul>\n<\/div>\n\n\n\n<div class=\"wp-block-column is-layout-flow wp-block-column-is-layout-flow\" style=\"flex-basis:50%\">\n<figure class=\"wp-block-image size-full\"><img loading=\"lazy\" decoding=\"async\" width=\"960\" height=\"600\" src=\"https:\/\/www.klinger-kempchen.de\/wp-content\/uploads\/2023\/05\/r4_rohrstatik_01-klinger-engineering.jpg\" alt=\"Rohrstatik-1\" class=\"wp-image-16324\" srcset=\"https:\/\/www.klinger-kempchen.de\/wp-content\/uploads\/2023\/05\/r4_rohrstatik_01-klinger-engineering.jpg 960w, https:\/\/www.klinger-kempchen.de\/wp-content\/uploads\/2023\/05\/r4_rohrstatik_01-klinger-engineering-768x480.jpg 768w\" sizes=\"auto, (max-width: 960px) 100vw, 960px\" \/><\/figure>\n<\/div>\n<\/div>\n\n\n\n<h2 class=\"wp-block-heading\">Pl\u00e1novac\u00ed izometrie nebo izometrie podle stavu<\/h2>\n\n\n\n<p>V\u00fdpo\u010dty obvykle prov\u00e1d\u00edme na z\u00e1klad\u011b pl\u00e1n\u016f nebo izometrick\u00fdch \u00fadaj\u016f poskytnut\u00fdch z\u00e1kazn\u00edkem. Ka\u017ed\u00fd izometrick\u00fd v\u00fdkres v\u017edy obsahuje specifikaci nebo v\u00fdkres konzol nebo podp\u011br. Pokud nem\u00e1te k dispozici dostate\u010dnou dokumentaci, je sou\u010d\u00e1st\u00ed na\u0161ich slu\u017eeb zaznamenat dot\u010den\u00e9 syst\u00e9my v\u010detn\u011b konzol a podp\u011br na m\u00edst\u011b.<\/p>\n","protected":false},"excerpt":{"rendered":"<p>STATICK\u00c9 ANAL\u00ddZY A V\u00ddPO\u010cTY POTRUB\u00cd Stanoven\u00ed \u0159ezn\u00e9ho zat\u00ed\u017een\u00ed p\u0159\u00edrubov\u00fdch spoj\u016f Stavebn\u00ed anal\u00fdzy potrub\u00ed a n\u00e1vrh a v\u00fdpo\u010det p\u0159\u00edrubov\u00fdch spoj\u016f se st\u00e1le v\u00edce spojuj\u00ed. Zat\u00edmco d\u0159\u00edve se statick\u00e1 anal\u00fdza potrub\u00ed pou\u017e\u00edvala pouze v projektech pro kontrolu n\u00e1vrhu potrub\u00ed, v budoucnu bude hr\u00e1t st\u00e1le d\u016fle\u017eit\u011bj\u0161\u00ed roli. A\u010dkoli v\u00fdpo\u010det p\u0159\u00edrubov\u00fdch spoj\u016f lze prov\u00e1d\u011bt i s ur\u010dit\u00fdmi konzervativn\u00edmi p\u0159edpoklady [&hellip;]<\/p>\n","protected":false},"author":1,"featured_media":18380,"parent":18793,"menu_order":6,"comment_status":"closed","ping_status":"closed","template":"page-templates\/somos.php","meta":{"advgb_blocks_editor_width":"","advgb_blocks_columns_visual_guide":"","iawp_total_views":41,"footnotes":""},"class_list":["post-25988","page","type-page","status-publish","has-post-thumbnail","hentry"],"yoast_head":"<!-- This site is optimized with the Yoast SEO plugin v27.3 - https:\/\/yoast.com\/product\/yoast-seo-wordpress\/ -->\n<title>Statick\u00e9 anal\u00fdzy a v\u00fdpo\u010dty potrub\u00ed - KLINGER Kempchen<\/title>\n<meta name=\"description\" content=\"Stavebn\u00ed anal\u00fdzy potrub\u00ed a n\u00e1vrh a v\u00fdpo\u010det p\u0159\u00edrubov\u00fdch spoj\u016f se st\u00e1le v\u00edce spojuj\u00ed.\" \/>\n<meta name=\"robots\" content=\"index, follow, max-snippet:-1, max-image-preview:large, max-video-preview:-1\" \/>\n<link rel=\"canonical\" href=\"https:\/\/www.klinger-kempchen.de\/cs\/engineering-kontakty\/technicke-sluzby\/staticke-analyzy-a-vypocty-potrubi\/\" \/>\n<meta property=\"og:locale\" content=\"cs_CZ\" \/>\n<meta property=\"og:type\" content=\"article\" \/>\n<meta property=\"og:title\" content=\"Statick\u00e9 anal\u00fdzy a v\u00fdpo\u010dty potrub\u00ed - KLINGER Kempchen\" \/>\n<meta property=\"og:description\" content=\"Stavebn\u00ed anal\u00fdzy potrub\u00ed a n\u00e1vrh a v\u00fdpo\u010det p\u0159\u00edrubov\u00fdch spoj\u016f se st\u00e1le v\u00edce spojuj\u00ed.\" \/>\n<meta property=\"og:url\" content=\"https:\/\/www.klinger-kempchen.de\/cs\/engineering-kontakty\/technicke-sluzby\/staticke-analyzy-a-vypocty-potrubi\/\" \/>\n<meta property=\"og:site_name\" content=\"KLINGER Kempchen\" \/>\n<meta property=\"article:modified_time\" content=\"2024-02-28T19:45:05+00:00\" \/>\n<meta property=\"og:image\" content=\"https:\/\/www.klinger-kempchen.de\/wp-content\/uploads\/2023\/05\/Rohrstatische_Analysen.jpg\" \/>\n\t<meta property=\"og:image:width\" content=\"1400\" \/>\n\t<meta property=\"og:image:height\" content=\"350\" \/>\n\t<meta property=\"og:image:type\" content=\"image\/jpeg\" \/>\n<meta name=\"twitter:label1\" content=\"Odhadovan\u00e1 doba \u010dten\u00ed\" \/>\n\t<meta name=\"twitter:data1\" content=\"3 minuty\" \/>\n<!-- \/ Yoast SEO plugin. -->","yoast_head_json":{"title":"Statick\u00e9 anal\u00fdzy a v\u00fdpo\u010dty potrub\u00ed - KLINGER Kempchen","description":"Stavebn\u00ed anal\u00fdzy potrub\u00ed a n\u00e1vrh a v\u00fdpo\u010det p\u0159\u00edrubov\u00fdch spoj\u016f se st\u00e1le v\u00edce spojuj\u00ed.","robots":{"index":"index","follow":"follow","max-snippet":"max-snippet:-1","max-image-preview":"max-image-preview:large","max-video-preview":"max-video-preview:-1"},"canonical":"https:\/\/www.klinger-kempchen.de\/cs\/engineering-kontakty\/technicke-sluzby\/staticke-analyzy-a-vypocty-potrubi\/","og_locale":"cs_CZ","og_type":"article","og_title":"Statick\u00e9 anal\u00fdzy a v\u00fdpo\u010dty potrub\u00ed - KLINGER Kempchen","og_description":"Stavebn\u00ed anal\u00fdzy potrub\u00ed a n\u00e1vrh a v\u00fdpo\u010det p\u0159\u00edrubov\u00fdch spoj\u016f se st\u00e1le v\u00edce spojuj\u00ed.","og_url":"https:\/\/www.klinger-kempchen.de\/cs\/engineering-kontakty\/technicke-sluzby\/staticke-analyzy-a-vypocty-potrubi\/","og_site_name":"KLINGER Kempchen","article_modified_time":"2024-02-28T19:45:05+00:00","og_image":[{"width":1400,"height":350,"url":"https:\/\/www.klinger-kempchen.de\/wp-content\/uploads\/2023\/05\/Rohrstatische_Analysen.jpg","type":"image\/jpeg"}],"twitter_misc":{"Odhadovan\u00e1 doba \u010dten\u00ed":"3 minuty"},"schema":{"@context":"https:\/\/schema.org","@graph":[{"@type":"WebPage","@id":"https:\/\/www.klinger-kempchen.de\/cs\/engineering-kontakty\/technicke-sluzby\/staticke-analyzy-a-vypocty-potrubi\/","url":"https:\/\/www.klinger-kempchen.de\/cs\/engineering-kontakty\/technicke-sluzby\/staticke-analyzy-a-vypocty-potrubi\/","name":"Statick\u00e9 anal\u00fdzy a v\u00fdpo\u010dty potrub\u00ed - KLINGER Kempchen","isPartOf":{"@id":"https:\/\/www.klinger-kempchen.de\/#website"},"primaryImageOfPage":{"@id":"https:\/\/www.klinger-kempchen.de\/cs\/engineering-kontakty\/technicke-sluzby\/staticke-analyzy-a-vypocty-potrubi\/#primaryimage"},"image":{"@id":"https:\/\/www.klinger-kempchen.de\/cs\/engineering-kontakty\/technicke-sluzby\/staticke-analyzy-a-vypocty-potrubi\/#primaryimage"},"thumbnailUrl":"https:\/\/www.klinger-kempchen.de\/wp-content\/uploads\/2023\/05\/Rohrstatische_Analysen.jpg","datePublished":"2024-02-28T19:45:04+00:00","dateModified":"2024-02-28T19:45:05+00:00","description":"Stavebn\u00ed anal\u00fdzy potrub\u00ed a n\u00e1vrh a v\u00fdpo\u010det p\u0159\u00edrubov\u00fdch spoj\u016f se st\u00e1le v\u00edce spojuj\u00ed.","breadcrumb":{"@id":"https:\/\/www.klinger-kempchen.de\/cs\/engineering-kontakty\/technicke-sluzby\/staticke-analyzy-a-vypocty-potrubi\/#breadcrumb"},"inLanguage":"cs","potentialAction":[{"@type":"ReadAction","target":["https:\/\/www.klinger-kempchen.de\/cs\/engineering-kontakty\/technicke-sluzby\/staticke-analyzy-a-vypocty-potrubi\/"]}]},{"@type":"ImageObject","inLanguage":"cs","@id":"https:\/\/www.klinger-kempchen.de\/cs\/engineering-kontakty\/technicke-sluzby\/staticke-analyzy-a-vypocty-potrubi\/#primaryimage","url":"https:\/\/www.klinger-kempchen.de\/wp-content\/uploads\/2023\/05\/Rohrstatische_Analysen.jpg","contentUrl":"https:\/\/www.klinger-kempchen.de\/wp-content\/uploads\/2023\/05\/Rohrstatische_Analysen.jpg","width":1400,"height":350},{"@type":"BreadcrumbList","@id":"https:\/\/www.klinger-kempchen.de\/cs\/engineering-kontakty\/technicke-sluzby\/staticke-analyzy-a-vypocty-potrubi\/#breadcrumb","itemListElement":[{"@type":"ListItem","position":1,"name":"Home","item":"https:\/\/www.klinger-kempchen.de\/"},{"@type":"ListItem","position":2,"name":"Engineering","item":"https:\/\/www.klinger-kempchen.de\/cs\/engineering-kontakty\/"},{"@type":"ListItem","position":3,"name":"Technick\u00e9 slu\u017eby","item":"https:\/\/www.klinger-kempchen.de\/cs\/engineering-kontakty\/technicke-sluzby\/"},{"@type":"ListItem","position":4,"name":"Statick\u00e9 anal\u00fdzy a v\u00fdpo\u010dty potrub\u00ed"}]},{"@type":"WebSite","@id":"https:\/\/www.klinger-kempchen.de\/#website","url":"https:\/\/www.klinger-kempchen.de\/","name":"KLINGER Kempchen","description":"KLINGER Kempchen","publisher":{"@id":"https:\/\/www.klinger-kempchen.de\/#organization"},"potentialAction":[{"@type":"SearchAction","target":{"@type":"EntryPoint","urlTemplate":"https:\/\/www.klinger-kempchen.de\/?s={search_term_string}"},"query-input":{"@type":"PropertyValueSpecification","valueRequired":true,"valueName":"search_term_string"}}],"inLanguage":"cs"},{"@type":"Organization","@id":"https:\/\/www.klinger-kempchen.de\/#organization","name":"KLINGER-Kempchen","url":"https:\/\/www.klinger-kempchen.de\/","logo":{"@type":"ImageObject","inLanguage":"cs","@id":"https:\/\/www.klinger-kempchen.de\/#\/schema\/logo\/image\/","url":"https:\/\/www.klinger-kempchen.de\/wp-content\/uploads\/2020\/06\/cropped-Klinger-Kempchen-Logo.png","contentUrl":"https:\/\/www.klinger-kempchen.de\/wp-content\/uploads\/2020\/06\/cropped-Klinger-Kempchen-Logo.png","width":512,"height":512,"caption":"KLINGER-Kempchen"},"image":{"@id":"https:\/\/www.klinger-kempchen.de\/#\/schema\/logo\/image\/"}}]}},"coauthors":[],"author_meta":{"author_link":"https:\/\/www.klinger-kempchen.de\/cs\/author\/administrador\/","display_name":"administrador"},"relative_dates":{"created":"Posted 2 roky ago","modified":"Updated 2 roky ago"},"absolute_dates":{"created":"Posted on 28 \u00fanora 2024","modified":"Updated on 28 \u00fanora 2024"},"absolute_dates_time":{"created":"Posted on 28 \u00fanora 2024 20:45","modified":"Updated on 28 \u00fanora 2024 20:45"},"featured_img_caption":"","featured_img":"https:\/\/www.klinger-kempchen.de\/wp-content\/uploads\/2023\/05\/Rohrstatische_Analysen.jpg","series_order":"","_links":{"self":[{"href":"https:\/\/www.klinger-kempchen.de\/cs\/wp-json\/wp\/v2\/pages\/25988","targetHints":{"allow":["GET"]}}],"collection":[{"href":"https:\/\/www.klinger-kempchen.de\/cs\/wp-json\/wp\/v2\/pages"}],"about":[{"href":"https:\/\/www.klinger-kempchen.de\/cs\/wp-json\/wp\/v2\/types\/page"}],"author":[{"embeddable":true,"href":"https:\/\/www.klinger-kempchen.de\/cs\/wp-json\/wp\/v2\/users\/1"}],"replies":[{"embeddable":true,"href":"https:\/\/www.klinger-kempchen.de\/cs\/wp-json\/wp\/v2\/comments?post=25988"}],"version-history":[{"count":0,"href":"https:\/\/www.klinger-kempchen.de\/cs\/wp-json\/wp\/v2\/pages\/25988\/revisions"}],"up":[{"embeddable":true,"href":"https:\/\/www.klinger-kempchen.de\/cs\/wp-json\/wp\/v2\/pages\/18793"}],"wp:featuredmedia":[{"embeddable":true,"href":"https:\/\/www.klinger-kempchen.de\/cs\/wp-json\/wp\/v2\/media\/18380"}],"wp:attachment":[{"href":"https:\/\/www.klinger-kempchen.de\/cs\/wp-json\/wp\/v2\/media?parent=25988"}],"curies":[{"name":"wp","href":"https:\/\/api.w.org\/{rel}","templated":true}]}}