{"id":44034,"date":"2024-05-10T20:20:38","date_gmt":"2024-05-10T18:20:38","guid":{"rendered":"https:\/\/www.klinger-kempchen.de\/?page_id=44034"},"modified":"2024-05-10T20:20:40","modified_gmt":"2024-05-10T18:20:40","slug":"laboratorni-sluzby-a-analyzy","status":"publish","type":"page","link":"https:\/\/www.klinger-kempchen.de\/cs\/engineering-kontakty\/laboratory-services\/laboratorni-sluzby-a-analyzy\/","title":{"rendered":"Laboratorn\u00ed slu\u017eby a anal\u00fdzy"},"content":{"rendered":"\n<h1 class=\"wp-block-heading h3\">LABORATORN\u00cd SLU\u017dBY A ANAL\u00ddZY<\/h1>\n\n\n\n<h2 class=\"wp-block-heading\">Zaji\u0161t\u011bn\u00ed kvality materi\u00e1l\u016f<\/h2>\n\n\n\n<p>Na\u0161e chemick\u00e9 a fyzik\u00e1ln\u00ed laborato\u0159e jsou z\u00e1kladn\u00edm kamenem pro zaji\u0161t\u011bn\u00ed kvality na\u0161ich materi\u00e1l\u016f a hotov\u00fdch v\u00fdrobk\u016f. V\u0161e, co nelze posoudit pouhou vizu\u00e1ln\u00ed kontrolou, pravideln\u011b proch\u00e1z\u00ed na\u0161imi laborato\u0159emi, aby byla zaji\u0161t\u011bna trvale vysok\u00e1 kvalita. Nov\u011b vyvinut\u00e9 v\u00fdrobky, materi\u00e1ly a kombinace materi\u00e1l\u016f jsou podrobov\u00e1ny zkou\u0161k\u00e1m. Zvl\u00e1\u0161t\u011b d\u016fle\u017eitou roli hraj\u00ed zkou\u0161ky chemick\u00e9 odolnosti, kter\u00e9 se \u010dasto prov\u00e1d\u011bj\u00ed na \u017e\u00e1dost z\u00e1kazn\u00edka.<br>T\u011bsnic\u00ed vlastnosti na\u0161ich t\u011bsnic\u00edch profil\u016f jsou opakovan\u011b testov\u00e1ny podle normy DIN EN 13555 a v p\u0159\u00edpad\u011b zm\u011bn jsou odpov\u00eddaj\u00edc\u00edm zp\u016fsobem aktualizov\u00e1ny datov\u00e9 listy. Pro smysluplnou anal\u00fdzu po\u0161kozen\u00ed je rovn\u011b\u017e nezbytn\u00e1 kvalitn\u00ed laborato\u0159.<\/p>\n\n\n\n<div style=\"height:50px\" aria-hidden=\"true\" class=\"wp-block-spacer\"><\/div>\n\n\n<div class=\"kb-gallery-wrap-id-44034_1b0785-8a alignnone wp-block-kadence-advancedgallery\"><div class=\"kb-gallery-ul kb-gallery-non-static kb-gallery-type-carousel kb-gallery-id-44034_1b0785-8a kb-gallery-caption-style-bottom-hover kb-gallery-filter-none kb-gallery-magnific-init\" data-image-filter=\"none\" data-lightbox-caption=\"true\"><div class=\"kt-blocks-carousel splide kt-carousel-container-dotstyle-dark kt-carousel-arrowstyle-whiteondark kt-carousel-dotstyle-dark kb-slider-group-arrow kb-slider-arrow-position-center\" data-columns-xxl=\"4\" data-columns-xl=\"4\" data-columns-md=\"4\" data-columns-sm=\"3\" data-columns-xs=\"2\" data-columns-ss=\"2\" data-slider-anim-speed=\"400\" data-slider-scroll=\"1\" data-slider-arrows=\"true\" data-slider-dots=\"true\" data-slider-hover-pause=\"false\" data-slider-auto=\"\" data-slider-speed=\"7000\" data-slider-gap=\"10px\" data-slider-gap-tablet=\"10px\" data-slider-gap-mobile=\"10px\" data-show-pause-button=\"false\" data-slider-label=\"Photo Gallery Carousel\"><div class=\"splide__track\"><ul class=\"kt-blocks-carousel-init kb-gallery-carousel splide__list\"><li class=\"kb-slide-item kb-gallery-carousel-item splide__slide\"><div class=\"kadence-blocks-gallery-item\"><div class=\"kadence-blocks-gallery-item-inner\"><figure class=\"kb-gallery-figure kb-gallery-item-has-link kadence-blocks-gallery-item-hide-caption\"><a href=\"https:\/\/www.klinger-kempchen.de\/wp-content\/uploads\/2023\/06\/r11-1-labor-01-klinger-engineering.jpg\" data-alt=\"labor-01\" class=\"kb-gallery-item-link\"   role=\"button\" aria-haspopup=\"dialog\"><div class=\"kb-gal-image-radius\"><div class=\"kb-gallery-image-contain kadence-blocks-gallery-intrinsic kb-gallery-image-ratio-land32 kb-has-image-ratio-land32\" ><img loading=\"lazy\" decoding=\"async\" src=\"https:\/\/www.klinger-kempchen.de\/wp-content\/uploads\/2023\/06\/r11-1-labor-01-klinger-engineering.jpg\" width=\"960\" height=\"600\" alt=\"labor-01\" data-full-image=\"https:\/\/www.klinger-kempchen.de\/wp-content\/uploads\/2023\/06\/r11-1-labor-01-klinger-engineering.jpg\" data-light-image=\"https:\/\/www.klinger-kempchen.de\/wp-content\/uploads\/2023\/06\/r11-1-labor-01-klinger-engineering.jpg\" data-id=\"16879\" class=\"wp-image-16879 skip-lazy\" srcset=\"https:\/\/www.klinger-kempchen.de\/wp-content\/uploads\/2023\/06\/r11-1-labor-01-klinger-engineering.jpg 960w, https:\/\/www.klinger-kempchen.de\/wp-content\/uploads\/2023\/06\/r11-1-labor-01-klinger-engineering-768x480.jpg 768w\" sizes=\"auto, (max-width: 960px) 100vw, 960px\" \/><\/div><\/div><\/a><\/figure><\/div><\/div><\/li><li class=\"kb-slide-item kb-gallery-carousel-item splide__slide\"><div class=\"kadence-blocks-gallery-item\"><div class=\"kadence-blocks-gallery-item-inner\"><figure class=\"kb-gallery-figure kb-gallery-item-has-link kadence-blocks-gallery-item-hide-caption\"><a href=\"https:\/\/www.klinger-kempchen.de\/wp-content\/uploads\/2023\/06\/r11-1-labor-02-klinger-engineering.jpg\" data-alt=\"labor-02\" class=\"kb-gallery-item-link\"   role=\"button\" aria-haspopup=\"dialog\"><div class=\"kb-gal-image-radius\"><div class=\"kb-gallery-image-contain kadence-blocks-gallery-intrinsic kb-gallery-image-ratio-land32 kb-has-image-ratio-land32\" ><img loading=\"lazy\" decoding=\"async\" src=\"https:\/\/www.klinger-kempchen.de\/wp-content\/uploads\/2023\/06\/r11-1-labor-02-klinger-engineering.jpg\" width=\"960\" height=\"600\" alt=\"labor-02\" data-full-image=\"https:\/\/www.klinger-kempchen.de\/wp-content\/uploads\/2023\/06\/r11-1-labor-02-klinger-engineering.jpg\" data-light-image=\"https:\/\/www.klinger-kempchen.de\/wp-content\/uploads\/2023\/06\/r11-1-labor-02-klinger-engineering.jpg\" data-id=\"16881\" class=\"wp-image-16881 skip-lazy\" srcset=\"https:\/\/www.klinger-kempchen.de\/wp-content\/uploads\/2023\/06\/r11-1-labor-02-klinger-engineering.jpg 960w, https:\/\/www.klinger-kempchen.de\/wp-content\/uploads\/2023\/06\/r11-1-labor-02-klinger-engineering-768x480.jpg 768w\" sizes=\"auto, (max-width: 960px) 100vw, 960px\" \/><\/div><\/div><\/a><\/figure><\/div><\/div><\/li><li class=\"kb-slide-item kb-gallery-carousel-item splide__slide\"><div class=\"kadence-blocks-gallery-item\"><div class=\"kadence-blocks-gallery-item-inner\"><figure class=\"kb-gallery-figure kb-gallery-item-has-link kadence-blocks-gallery-item-hide-caption\"><a href=\"https:\/\/www.klinger-kempchen.de\/wp-content\/uploads\/2023\/06\/r11-1-labor-03-klinger-engineering.jpg\" data-alt=\"labor-03\" class=\"kb-gallery-item-link\"   role=\"button\" aria-haspopup=\"dialog\"><div class=\"kb-gal-image-radius\"><div class=\"kb-gallery-image-contain kadence-blocks-gallery-intrinsic kb-gallery-image-ratio-land32 kb-has-image-ratio-land32\" ><img loading=\"lazy\" decoding=\"async\" src=\"https:\/\/www.klinger-kempchen.de\/wp-content\/uploads\/2023\/06\/r11-1-labor-03-klinger-engineering.jpg\" width=\"960\" height=\"600\" alt=\"labor-03\" data-full-image=\"https:\/\/www.klinger-kempchen.de\/wp-content\/uploads\/2023\/06\/r11-1-labor-03-klinger-engineering.jpg\" data-light-image=\"https:\/\/www.klinger-kempchen.de\/wp-content\/uploads\/2023\/06\/r11-1-labor-03-klinger-engineering.jpg\" data-id=\"16883\" class=\"wp-image-16883 skip-lazy\" srcset=\"https:\/\/www.klinger-kempchen.de\/wp-content\/uploads\/2023\/06\/r11-1-labor-03-klinger-engineering.jpg 960w, https:\/\/www.klinger-kempchen.de\/wp-content\/uploads\/2023\/06\/r11-1-labor-03-klinger-engineering-768x480.jpg 768w\" sizes=\"auto, (max-width: 960px) 100vw, 960px\" \/><\/div><\/div><\/a><\/figure><\/div><\/div><\/li><li class=\"kb-slide-item kb-gallery-carousel-item splide__slide\"><div class=\"kadence-blocks-gallery-item\"><div class=\"kadence-blocks-gallery-item-inner\"><figure class=\"kb-gallery-figure kb-gallery-item-has-link kadence-blocks-gallery-item-hide-caption\"><a href=\"https:\/\/www.klinger-kempchen.de\/wp-content\/uploads\/2023\/06\/r11-1-labor-04-klinger-engineering.jpg\" data-alt=\"labor-04\" class=\"kb-gallery-item-link\"   role=\"button\" aria-haspopup=\"dialog\"><div class=\"kb-gal-image-radius\"><div class=\"kb-gallery-image-contain kadence-blocks-gallery-intrinsic kb-gallery-image-ratio-land32 kb-has-image-ratio-land32\" ><img loading=\"lazy\" decoding=\"async\" src=\"https:\/\/www.klinger-kempchen.de\/wp-content\/uploads\/2023\/06\/r11-1-labor-04-klinger-engineering.jpg\" width=\"960\" height=\"600\" alt=\"labor-04\" data-full-image=\"https:\/\/www.klinger-kempchen.de\/wp-content\/uploads\/2023\/06\/r11-1-labor-04-klinger-engineering.jpg\" data-light-image=\"https:\/\/www.klinger-kempchen.de\/wp-content\/uploads\/2023\/06\/r11-1-labor-04-klinger-engineering.jpg\" data-id=\"16885\" class=\"wp-image-16885 skip-lazy\" srcset=\"https:\/\/www.klinger-kempchen.de\/wp-content\/uploads\/2023\/06\/r11-1-labor-04-klinger-engineering.jpg 960w, https:\/\/www.klinger-kempchen.de\/wp-content\/uploads\/2023\/06\/r11-1-labor-04-klinger-engineering-768x480.jpg 768w\" sizes=\"auto, (max-width: 960px) 100vw, 960px\" \/><\/div><\/div><\/a><\/figure><\/div><\/div><\/li><\/ul><\/div><\/div><\/div><\/div><style class=\"advgb-styles-renderer\">.wp-block-kadence-advancedgallery.kb-gallery-wrap-id-44034_1b0785-8a{overflow:hidden;}.kb-gallery-id-44034_1b0785-8a .kadence-blocks-gallery-item .kb-gal-image-radius, .kb-gallery-id-44034_1b0785-8a .kb-slide-item .kb-gal-image-radius img{border-radius:0px 0px 0px 0px;;}.kb-gallery-wrap-id-44034_1b0785-8a.wp-block-kadence-advancedgallery{overflow:visible;}.kb-gallery-wrap-id-44034_1b0785-8a.wp-block-kadence-advancedgallery .kt-blocks-carousel{overflow:visible;}<\/style>","protected":false},"excerpt":{"rendered":"<p>LABORATORN\u00cd SLU\u017dBY A ANAL\u00ddZY Zaji\u0161t\u011bn\u00ed kvality materi\u00e1l\u016f Na\u0161e chemick\u00e9 a fyzik\u00e1ln\u00ed laborato\u0159e jsou z\u00e1kladn\u00edm kamenem pro zaji\u0161t\u011bn\u00ed kvality na\u0161ich materi\u00e1l\u016f a hotov\u00fdch v\u00fdrobk\u016f. V\u0161e, co nelze posoudit pouhou vizu\u00e1ln\u00ed kontrolou, pravideln\u011b proch\u00e1z\u00ed na\u0161imi laborato\u0159emi, aby byla zaji\u0161t\u011bna trvale vysok\u00e1 kvalita. Nov\u011b vyvinut\u00e9 v\u00fdrobky, materi\u00e1ly a kombinace materi\u00e1l\u016f jsou podrobov\u00e1ny zkou\u0161k\u00e1m. Zvl\u00e1\u0161t\u011b d\u016fle\u017eitou roli hraj\u00ed zkou\u0161ky [&hellip;]<\/p>\n","protected":false},"author":1,"featured_media":18450,"parent":18805,"menu_order":1,"comment_status":"closed","ping_status":"closed","template":"page-templates\/somos.php","meta":{"advgb_blocks_editor_width":"","advgb_blocks_columns_visual_guide":"","iawp_total_views":21,"footnotes":""},"class_list":["post-44034","page","type-page","status-publish","has-post-thumbnail","hentry"],"yoast_head":"<!-- This site is optimized with the Yoast SEO plugin v27.3 - https:\/\/yoast.com\/product\/yoast-seo-wordpress\/ -->\n<title>Laboratorn\u00ed slu\u017eby a anal\u00fdzy - KLINGER Kempchen<\/title>\n<meta name=\"description\" content=\"Na\u0161e chemick\u00e9 a fyzik\u00e1ln\u00ed laborato\u0159e jsou z\u00e1kladn\u00edm kamenem pro zaji\u0161t\u011bn\u00ed kvality na\u0161ich materi\u00e1l\u016f a hotov\u00fdch v\u00fdrobk\u016f.\" \/>\n<meta name=\"robots\" content=\"index, follow, max-snippet:-1, max-image-preview:large, max-video-preview:-1\" \/>\n<link rel=\"canonical\" href=\"https:\/\/www.klinger-kempchen.de\/cs\/engineering-kontakty\/laboratory-services\/laboratorni-sluzby-a-analyzy\/\" \/>\n<meta property=\"og:locale\" content=\"cs_CZ\" \/>\n<meta property=\"og:type\" content=\"article\" \/>\n<meta property=\"og:title\" content=\"Laboratorn\u00ed slu\u017eby a anal\u00fdzy - KLINGER Kempchen\" \/>\n<meta property=\"og:description\" content=\"Na\u0161e chemick\u00e9 a fyzik\u00e1ln\u00ed laborato\u0159e jsou z\u00e1kladn\u00edm kamenem pro zaji\u0161t\u011bn\u00ed kvality na\u0161ich materi\u00e1l\u016f a hotov\u00fdch v\u00fdrobk\u016f.\" \/>\n<meta property=\"og:url\" content=\"https:\/\/www.klinger-kempchen.de\/cs\/engineering-kontakty\/laboratory-services\/laboratorni-sluzby-a-analyzy\/\" \/>\n<meta property=\"og:site_name\" content=\"KLINGER Kempchen\" \/>\n<meta property=\"article:modified_time\" content=\"2024-05-10T18:20:40+00:00\" \/>\n<meta property=\"og:image\" content=\"https:\/\/www.klinger-kempchen.de\/wp-content\/uploads\/2023\/06\/Labordienstleistungen.jpg\" \/>\n\t<meta property=\"og:image:width\" content=\"1400\" \/>\n\t<meta property=\"og:image:height\" content=\"350\" \/>\n\t<meta property=\"og:image:type\" content=\"image\/jpeg\" \/>\n<meta name=\"twitter:label1\" content=\"Odhadovan\u00e1 doba \u010dten\u00ed\" \/>\n\t<meta name=\"twitter:data1\" content=\"1 minuta\" \/>\n<!-- \/ Yoast SEO plugin. -->","yoast_head_json":{"title":"Laboratorn\u00ed slu\u017eby a anal\u00fdzy - KLINGER Kempchen","description":"Na\u0161e chemick\u00e9 a fyzik\u00e1ln\u00ed laborato\u0159e jsou z\u00e1kladn\u00edm kamenem pro zaji\u0161t\u011bn\u00ed kvality na\u0161ich materi\u00e1l\u016f a hotov\u00fdch v\u00fdrobk\u016f.","robots":{"index":"index","follow":"follow","max-snippet":"max-snippet:-1","max-image-preview":"max-image-preview:large","max-video-preview":"max-video-preview:-1"},"canonical":"https:\/\/www.klinger-kempchen.de\/cs\/engineering-kontakty\/laboratory-services\/laboratorni-sluzby-a-analyzy\/","og_locale":"cs_CZ","og_type":"article","og_title":"Laboratorn\u00ed slu\u017eby a anal\u00fdzy - KLINGER Kempchen","og_description":"Na\u0161e chemick\u00e9 a fyzik\u00e1ln\u00ed laborato\u0159e jsou z\u00e1kladn\u00edm kamenem pro zaji\u0161t\u011bn\u00ed kvality na\u0161ich materi\u00e1l\u016f a hotov\u00fdch v\u00fdrobk\u016f.","og_url":"https:\/\/www.klinger-kempchen.de\/cs\/engineering-kontakty\/laboratory-services\/laboratorni-sluzby-a-analyzy\/","og_site_name":"KLINGER Kempchen","article_modified_time":"2024-05-10T18:20:40+00:00","og_image":[{"width":1400,"height":350,"url":"https:\/\/www.klinger-kempchen.de\/wp-content\/uploads\/2023\/06\/Labordienstleistungen.jpg","type":"image\/jpeg"}],"twitter_misc":{"Odhadovan\u00e1 doba \u010dten\u00ed":"1 minuta"},"schema":{"@context":"https:\/\/schema.org","@graph":[{"@type":"WebPage","@id":"https:\/\/www.klinger-kempchen.de\/cs\/engineering-kontakty\/laboratory-services\/laboratorni-sluzby-a-analyzy\/","url":"https:\/\/www.klinger-kempchen.de\/cs\/engineering-kontakty\/laboratory-services\/laboratorni-sluzby-a-analyzy\/","name":"Laboratorn\u00ed slu\u017eby a anal\u00fdzy - KLINGER Kempchen","isPartOf":{"@id":"https:\/\/www.klinger-kempchen.de\/#website"},"primaryImageOfPage":{"@id":"https:\/\/www.klinger-kempchen.de\/cs\/engineering-kontakty\/laboratory-services\/laboratorni-sluzby-a-analyzy\/#primaryimage"},"image":{"@id":"https:\/\/www.klinger-kempchen.de\/cs\/engineering-kontakty\/laboratory-services\/laboratorni-sluzby-a-analyzy\/#primaryimage"},"thumbnailUrl":"https:\/\/www.klinger-kempchen.de\/wp-content\/uploads\/2023\/06\/Labordienstleistungen.jpg","datePublished":"2024-05-10T18:20:38+00:00","dateModified":"2024-05-10T18:20:40+00:00","description":"Na\u0161e chemick\u00e9 a fyzik\u00e1ln\u00ed laborato\u0159e jsou z\u00e1kladn\u00edm kamenem pro zaji\u0161t\u011bn\u00ed kvality na\u0161ich materi\u00e1l\u016f a hotov\u00fdch v\u00fdrobk\u016f.","breadcrumb":{"@id":"https:\/\/www.klinger-kempchen.de\/cs\/engineering-kontakty\/laboratory-services\/laboratorni-sluzby-a-analyzy\/#breadcrumb"},"inLanguage":"cs","potentialAction":[{"@type":"ReadAction","target":["https:\/\/www.klinger-kempchen.de\/cs\/engineering-kontakty\/laboratory-services\/laboratorni-sluzby-a-analyzy\/"]}]},{"@type":"ImageObject","inLanguage":"cs","@id":"https:\/\/www.klinger-kempchen.de\/cs\/engineering-kontakty\/laboratory-services\/laboratorni-sluzby-a-analyzy\/#primaryimage","url":"https:\/\/www.klinger-kempchen.de\/wp-content\/uploads\/2023\/06\/Labordienstleistungen.jpg","contentUrl":"https:\/\/www.klinger-kempchen.de\/wp-content\/uploads\/2023\/06\/Labordienstleistungen.jpg","width":1400,"height":350},{"@type":"BreadcrumbList","@id":"https:\/\/www.klinger-kempchen.de\/cs\/engineering-kontakty\/laboratory-services\/laboratorni-sluzby-a-analyzy\/#breadcrumb","itemListElement":[{"@type":"ListItem","position":1,"name":"Home","item":"https:\/\/www.klinger-kempchen.de\/"},{"@type":"ListItem","position":2,"name":"Engineering","item":"https:\/\/www.klinger-kempchen.de\/cs\/engineering-kontakty\/"},{"@type":"ListItem","position":3,"name":"Laboratory Services","item":"https:\/\/www.klinger-kempchen.de\/cs\/engineering-kontakty\/laboratory-services\/"},{"@type":"ListItem","position":4,"name":"Laboratorn\u00ed slu\u017eby a anal\u00fdzy"}]},{"@type":"WebSite","@id":"https:\/\/www.klinger-kempchen.de\/#website","url":"https:\/\/www.klinger-kempchen.de\/","name":"KLINGER Kempchen","description":"KLINGER Kempchen","publisher":{"@id":"https:\/\/www.klinger-kempchen.de\/#organization"},"potentialAction":[{"@type":"SearchAction","target":{"@type":"EntryPoint","urlTemplate":"https:\/\/www.klinger-kempchen.de\/?s={search_term_string}"},"query-input":{"@type":"PropertyValueSpecification","valueRequired":true,"valueName":"search_term_string"}}],"inLanguage":"cs"},{"@type":"Organization","@id":"https:\/\/www.klinger-kempchen.de\/#organization","name":"KLINGER-Kempchen","url":"https:\/\/www.klinger-kempchen.de\/","logo":{"@type":"ImageObject","inLanguage":"cs","@id":"https:\/\/www.klinger-kempchen.de\/#\/schema\/logo\/image\/","url":"https:\/\/www.klinger-kempchen.de\/wp-content\/uploads\/2020\/06\/cropped-Klinger-Kempchen-Logo.png","contentUrl":"https:\/\/www.klinger-kempchen.de\/wp-content\/uploads\/2020\/06\/cropped-Klinger-Kempchen-Logo.png","width":512,"height":512,"caption":"KLINGER-Kempchen"},"image":{"@id":"https:\/\/www.klinger-kempchen.de\/#\/schema\/logo\/image\/"}}]}},"coauthors":[],"author_meta":{"author_link":"https:\/\/www.klinger-kempchen.de\/cs\/author\/administrador\/","display_name":"administrador"},"relative_dates":{"created":"Posted 2 roky ago","modified":"Updated 2 roky ago"},"absolute_dates":{"created":"Posted on 10 kv\u011btna 2024","modified":"Updated on 10 kv\u011btna 2024"},"absolute_dates_time":{"created":"Posted on 10 kv\u011btna 2024 20:20","modified":"Updated on 10 kv\u011btna 2024 20:20"},"featured_img_caption":"","featured_img":"https:\/\/www.klinger-kempchen.de\/wp-content\/uploads\/2023\/06\/Labordienstleistungen.jpg","series_order":"","_links":{"self":[{"href":"https:\/\/www.klinger-kempchen.de\/cs\/wp-json\/wp\/v2\/pages\/44034","targetHints":{"allow":["GET"]}}],"collection":[{"href":"https:\/\/www.klinger-kempchen.de\/cs\/wp-json\/wp\/v2\/pages"}],"about":[{"href":"https:\/\/www.klinger-kempchen.de\/cs\/wp-json\/wp\/v2\/types\/page"}],"author":[{"embeddable":true,"href":"https:\/\/www.klinger-kempchen.de\/cs\/wp-json\/wp\/v2\/users\/1"}],"replies":[{"embeddable":true,"href":"https:\/\/www.klinger-kempchen.de\/cs\/wp-json\/wp\/v2\/comments?post=44034"}],"version-history":[{"count":0,"href":"https:\/\/www.klinger-kempchen.de\/cs\/wp-json\/wp\/v2\/pages\/44034\/revisions"}],"up":[{"embeddable":true,"href":"https:\/\/www.klinger-kempchen.de\/cs\/wp-json\/wp\/v2\/pages\/18805"}],"wp:featuredmedia":[{"embeddable":true,"href":"https:\/\/www.klinger-kempchen.de\/cs\/wp-json\/wp\/v2\/media\/18450"}],"wp:attachment":[{"href":"https:\/\/www.klinger-kempchen.de\/cs\/wp-json\/wp\/v2\/media?parent=44034"}],"curies":[{"name":"wp","href":"https:\/\/api.w.org\/{rel}","templated":true}]}}