{"id":44070,"date":"2024-05-11T12:37:37","date_gmt":"2024-05-11T10:37:37","guid":{"rendered":"https:\/\/www.klinger-kempchen.de\/?page_id=44070"},"modified":"2024-05-11T12:37:38","modified_gmt":"2024-05-11T10:37:38","slug":"analyza-tesnicich-materialu","status":"publish","type":"page","link":"https:\/\/www.klinger-kempchen.de\/cs\/engineering-kontakty\/laboratory-services\/analyza-tesnicich-materialu\/","title":{"rendered":"Anal\u00fdza t\u011bsnic\u00edch materi\u00e1l\u016f"},"content":{"rendered":"\n<h1 class=\"wp-block-heading h3\">ANAL\u00ddZA T\u011aSNIC\u00cdCH MATERI\u00c1L\u016e<\/h1>\n\n\n\n<h2 class=\"wp-block-heading\">Analytick\u00e9 metody a za\u0159\u00edzen\u00ed<\/h2>\n\n\n\n<p>P\u0159i anal\u00fdze n\u011bkter\u00fdch p\u0159\u00edpad\u016f po\u0161kozen\u00ed se zam\u011b\u0159ujeme na interakci mezi pou\u017eit\u00fdmi t\u011bsnic\u00edmi materi\u00e1ly, provozn\u00edm m\u00e9diem a provozn\u00ed teplotou a v n\u011bkter\u00fdch p\u0159\u00edpadech tak\u00e9 na kvalitu surovin dodan\u00fdch pro v\u00fdrobu t\u011bsn\u011bn\u00ed. V na\u0161\u00ed chemick\u00e9 laborato\u0159i pou\u017e\u00edv\u00e1me nejmodern\u011bj\u0161\u00ed analytick\u00e9 metody a za\u0159\u00edzen\u00ed k charakterizaci, katalogizaci a archivaci jednotliv\u00fdch materi\u00e1l\u016f. V r\u00e1mci anal\u00fdzy po\u0161kozen\u00ed m\u00e1me k dispozici nejen p\u0159\u00edslu\u0161n\u00e9 analytick\u00e9 metody a vybaven\u00ed, ale tak\u00e9 \u0161irokou \u0161k\u00e1lu informac\u00ed o materi\u00e1lech, kter\u00e9 umo\u017e\u0148uj\u00ed posoudit z\u00e1konitosti po\u0161kozen\u00ed.<\/p>\n\n\n\n<div style=\"height:50px\" aria-hidden=\"true\" class=\"wp-block-spacer\"><\/div>\n\n\n<div class=\"kb-gallery-wrap-id-44070_a548b5-f8 alignnone wp-block-kadence-advancedgallery\"><div class=\"kb-gallery-ul kb-gallery-non-static kb-gallery-type-carousel kb-gallery-id-44070_a548b5-f8 kb-gallery-caption-style-bottom-hover kb-gallery-filter-none kb-gallery-magnific-init\" data-image-filter=\"none\" data-lightbox-caption=\"true\"><div class=\"kt-blocks-carousel splide kt-carousel-container-dotstyle-dark kt-carousel-arrowstyle-whiteondark kt-carousel-dotstyle-dark kb-slider-group-arrow kb-slider-arrow-position-center\" data-columns-xxl=\"4\" data-columns-xl=\"4\" data-columns-md=\"4\" data-columns-sm=\"3\" data-columns-xs=\"2\" data-columns-ss=\"2\" data-slider-anim-speed=\"400\" data-slider-scroll=\"1\" data-slider-arrows=\"true\" data-slider-dots=\"true\" data-slider-hover-pause=\"false\" data-slider-auto=\"\" data-slider-speed=\"7000\" data-slider-gap=\"10px\" data-slider-gap-tablet=\"10px\" data-slider-gap-mobile=\"10px\" data-show-pause-button=\"false\" data-slider-label=\"Photo Gallery Carousel\"><div class=\"splide__track\"><ul class=\"kt-blocks-carousel-init kb-gallery-carousel splide__list\"><li class=\"kb-slide-item kb-gallery-carousel-item splide__slide\"><div class=\"kadence-blocks-gallery-item\"><div class=\"kadence-blocks-gallery-item-inner\"><figure class=\"kb-gallery-figure kb-gallery-item-has-link kadence-blocks-gallery-item-hide-caption\"><a href=\"https:\/\/www.klinger-kempchen.de\/wp-content\/uploads\/2023\/06\/r11-3-lab-01-klinger-engineering.jpg\" data-alt=\"labor-1\" class=\"kb-gallery-item-link\"   role=\"button\" aria-haspopup=\"dialog\"><div class=\"kb-gal-image-radius\"><div class=\"kb-gallery-image-contain kadence-blocks-gallery-intrinsic kb-gallery-image-ratio-land32 kb-has-image-ratio-land32\" ><img loading=\"lazy\" decoding=\"async\" src=\"https:\/\/www.klinger-kempchen.de\/wp-content\/uploads\/2023\/06\/r11-3-lab-01-klinger-engineering.jpg\" width=\"960\" height=\"600\" alt=\"labor-1\" data-full-image=\"https:\/\/www.klinger-kempchen.de\/wp-content\/uploads\/2023\/06\/r11-3-lab-01-klinger-engineering.jpg\" data-light-image=\"https:\/\/www.klinger-kempchen.de\/wp-content\/uploads\/2023\/06\/r11-3-lab-01-klinger-engineering.jpg\" data-id=\"16907\" class=\"wp-image-16907 skip-lazy\" srcset=\"https:\/\/www.klinger-kempchen.de\/wp-content\/uploads\/2023\/06\/r11-3-lab-01-klinger-engineering.jpg 960w, https:\/\/www.klinger-kempchen.de\/wp-content\/uploads\/2023\/06\/r11-3-lab-01-klinger-engineering-768x480.jpg 768w\" sizes=\"auto, (max-width: 960px) 100vw, 960px\" \/><\/div><\/div><\/a><\/figure><\/div><\/div><\/li><li class=\"kb-slide-item kb-gallery-carousel-item splide__slide\"><div class=\"kadence-blocks-gallery-item\"><div class=\"kadence-blocks-gallery-item-inner\"><figure class=\"kb-gallery-figure kb-gallery-item-has-link kadence-blocks-gallery-item-hide-caption\"><a href=\"https:\/\/www.klinger-kempchen.de\/wp-content\/uploads\/2023\/06\/r11-3-lab-02-klinger-engineering.jpg\" data-alt=\"labor-2\" class=\"kb-gallery-item-link\"   role=\"button\" aria-haspopup=\"dialog\"><div class=\"kb-gal-image-radius\"><div class=\"kb-gallery-image-contain kadence-blocks-gallery-intrinsic kb-gallery-image-ratio-land32 kb-has-image-ratio-land32\" ><img loading=\"lazy\" decoding=\"async\" src=\"https:\/\/www.klinger-kempchen.de\/wp-content\/uploads\/2023\/06\/r11-3-lab-02-klinger-engineering.jpg\" width=\"960\" height=\"600\" alt=\"labor-2\" data-full-image=\"https:\/\/www.klinger-kempchen.de\/wp-content\/uploads\/2023\/06\/r11-3-lab-02-klinger-engineering.jpg\" data-light-image=\"https:\/\/www.klinger-kempchen.de\/wp-content\/uploads\/2023\/06\/r11-3-lab-02-klinger-engineering.jpg\" data-id=\"16909\" class=\"wp-image-16909 skip-lazy\" srcset=\"https:\/\/www.klinger-kempchen.de\/wp-content\/uploads\/2023\/06\/r11-3-lab-02-klinger-engineering.jpg 960w, https:\/\/www.klinger-kempchen.de\/wp-content\/uploads\/2023\/06\/r11-3-lab-02-klinger-engineering-768x480.jpg 768w\" sizes=\"auto, (max-width: 960px) 100vw, 960px\" \/><\/div><\/div><\/a><\/figure><\/div><\/div><\/li><li class=\"kb-slide-item kb-gallery-carousel-item splide__slide\"><div class=\"kadence-blocks-gallery-item\"><div class=\"kadence-blocks-gallery-item-inner\"><figure class=\"kb-gallery-figure kb-gallery-item-has-link kadence-blocks-gallery-item-hide-caption\"><a href=\"https:\/\/www.klinger-kempchen.de\/wp-content\/uploads\/2023\/06\/r11-3-lab-03-klinger-engineering.jpg\" data-alt=\"labor-3\" class=\"kb-gallery-item-link\"   role=\"button\" aria-haspopup=\"dialog\"><div class=\"kb-gal-image-radius\"><div class=\"kb-gallery-image-contain kadence-blocks-gallery-intrinsic kb-gallery-image-ratio-land32 kb-has-image-ratio-land32\" ><img loading=\"lazy\" decoding=\"async\" src=\"https:\/\/www.klinger-kempchen.de\/wp-content\/uploads\/2023\/06\/r11-3-lab-03-klinger-engineering.jpg\" width=\"960\" height=\"600\" alt=\"labor-3\" data-full-image=\"https:\/\/www.klinger-kempchen.de\/wp-content\/uploads\/2023\/06\/r11-3-lab-03-klinger-engineering.jpg\" data-light-image=\"https:\/\/www.klinger-kempchen.de\/wp-content\/uploads\/2023\/06\/r11-3-lab-03-klinger-engineering.jpg\" data-id=\"16911\" class=\"wp-image-16911 skip-lazy\" srcset=\"https:\/\/www.klinger-kempchen.de\/wp-content\/uploads\/2023\/06\/r11-3-lab-03-klinger-engineering.jpg 960w, https:\/\/www.klinger-kempchen.de\/wp-content\/uploads\/2023\/06\/r11-3-lab-03-klinger-engineering-768x480.jpg 768w\" sizes=\"auto, (max-width: 960px) 100vw, 960px\" \/><\/div><\/div><\/a><\/figure><\/div><\/div><\/li><li class=\"kb-slide-item kb-gallery-carousel-item splide__slide\"><div class=\"kadence-blocks-gallery-item\"><div class=\"kadence-blocks-gallery-item-inner\"><figure class=\"kb-gallery-figure kb-gallery-item-has-link kadence-blocks-gallery-item-hide-caption\"><a href=\"https:\/\/www.klinger-kempchen.de\/wp-content\/uploads\/2023\/06\/r11-3-lab-04-klinger-engineering.jpg\" data-alt=\"labor-4\" class=\"kb-gallery-item-link\"   role=\"button\" aria-haspopup=\"dialog\"><div class=\"kb-gal-image-radius\"><div class=\"kb-gallery-image-contain kadence-blocks-gallery-intrinsic kb-gallery-image-ratio-land32 kb-has-image-ratio-land32\" ><img loading=\"lazy\" decoding=\"async\" src=\"https:\/\/www.klinger-kempchen.de\/wp-content\/uploads\/2023\/06\/r11-3-lab-04-klinger-engineering.jpg\" width=\"960\" height=\"600\" alt=\"labor-4\" data-full-image=\"https:\/\/www.klinger-kempchen.de\/wp-content\/uploads\/2023\/06\/r11-3-lab-04-klinger-engineering.jpg\" data-light-image=\"https:\/\/www.klinger-kempchen.de\/wp-content\/uploads\/2023\/06\/r11-3-lab-04-klinger-engineering.jpg\" data-id=\"16913\" class=\"wp-image-16913 skip-lazy\" srcset=\"https:\/\/www.klinger-kempchen.de\/wp-content\/uploads\/2023\/06\/r11-3-lab-04-klinger-engineering.jpg 960w, https:\/\/www.klinger-kempchen.de\/wp-content\/uploads\/2023\/06\/r11-3-lab-04-klinger-engineering-768x480.jpg 768w\" sizes=\"auto, (max-width: 960px) 100vw, 960px\" \/><\/div><\/div><\/a><\/figure><\/div><\/div><\/li><\/ul><\/div><\/div><\/div><\/div>\n\n\n<div class=\"wp-block-buttons is-layout-flex wp-block-buttons-is-layout-flex\">\n<div class=\"wp-block-button\"><a class=\"wp-block-button__link has-background wp-element-button\" href=\"https:\/\/www.klinger-kempchen.de\/engineering\/laboratory-services\/ausstattungsmerkmale-unserer-labore\/\" style=\"background-color:#004973\">Vybaven\u00ed laborato\u0159e \u00bb<\/a><\/div>\n<\/div>\n<style class=\"advgb-styles-renderer\">.wp-block-kadence-advancedgallery.kb-gallery-wrap-id-44070_a548b5-f8{overflow:hidden;}.kb-gallery-id-44070_a548b5-f8 .kadence-blocks-gallery-item .kb-gal-image-radius, .kb-gallery-id-44070_a548b5-f8 .kb-slide-item .kb-gal-image-radius img{border-radius:0px 0px 0px 0px;;}.kb-gallery-wrap-id-44070_a548b5-f8.wp-block-kadence-advancedgallery{overflow:visible;}.kb-gallery-wrap-id-44070_a548b5-f8.wp-block-kadence-advancedgallery .kt-blocks-carousel{overflow:visible;}<\/style>","protected":false},"excerpt":{"rendered":"<p>ANAL\u00ddZA T\u011aSNIC\u00cdCH MATERI\u00c1L\u016e Analytick\u00e9 metody a za\u0159\u00edzen\u00ed P\u0159i anal\u00fdze n\u011bkter\u00fdch p\u0159\u00edpad\u016f po\u0161kozen\u00ed se zam\u011b\u0159ujeme na interakci mezi pou\u017eit\u00fdmi t\u011bsnic\u00edmi materi\u00e1ly, provozn\u00edm m\u00e9diem a provozn\u00ed teplotou a v n\u011bkter\u00fdch p\u0159\u00edpadech tak\u00e9 na kvalitu surovin dodan\u00fdch pro v\u00fdrobu t\u011bsn\u011bn\u00ed. V na\u0161\u00ed chemick\u00e9 laborato\u0159i pou\u017e\u00edv\u00e1me nejmodern\u011bj\u0161\u00ed analytick\u00e9 metody a za\u0159\u00edzen\u00ed k charakterizaci, katalogizaci a archivaci jednotliv\u00fdch materi\u00e1l\u016f. V [&hellip;]<\/p>\n","protected":false},"author":1,"featured_media":18464,"parent":18805,"menu_order":3,"comment_status":"closed","ping_status":"closed","template":"page-templates\/somos.php","meta":{"advgb_blocks_editor_width":"","advgb_blocks_columns_visual_guide":"","iawp_total_views":18,"footnotes":""},"class_list":["post-44070","page","type-page","status-publish","has-post-thumbnail","hentry"],"yoast_head":"<!-- This site is optimized with the Yoast SEO plugin v27.3 - https:\/\/yoast.com\/product\/yoast-seo-wordpress\/ -->\n<title>Anal\u00fdza t\u011bsnic\u00edch materi\u00e1l\u016f - KLINGER Kempchen<\/title>\n<meta name=\"description\" content=\"P\u0159i anal\u00fdze n\u011bkter\u00fdch p\u0159\u00edpad\u016f po\u0161kozen\u00ed se zam\u011b\u0159ujeme na interakci mezi pou\u017eit\u00fdmi t\u011bsnic\u00edmi materi\u00e1ly\" \/>\n<meta name=\"robots\" content=\"index, follow, max-snippet:-1, max-image-preview:large, max-video-preview:-1\" \/>\n<link rel=\"canonical\" href=\"https:\/\/www.klinger-kempchen.de\/cs\/engineering-kontakty\/laboratory-services\/analyza-tesnicich-materialu\/\" \/>\n<meta property=\"og:locale\" content=\"cs_CZ\" \/>\n<meta property=\"og:type\" content=\"article\" \/>\n<meta property=\"og:title\" content=\"Anal\u00fdza t\u011bsnic\u00edch materi\u00e1l\u016f - KLINGER Kempchen\" \/>\n<meta property=\"og:description\" content=\"P\u0159i anal\u00fdze n\u011bkter\u00fdch p\u0159\u00edpad\u016f po\u0161kozen\u00ed se zam\u011b\u0159ujeme na interakci mezi pou\u017eit\u00fdmi t\u011bsnic\u00edmi materi\u00e1ly\" \/>\n<meta property=\"og:url\" content=\"https:\/\/www.klinger-kempchen.de\/cs\/engineering-kontakty\/laboratory-services\/analyza-tesnicich-materialu\/\" \/>\n<meta property=\"og:site_name\" content=\"KLINGER Kempchen\" \/>\n<meta property=\"article:modified_time\" content=\"2024-05-11T10:37:38+00:00\" \/>\n<meta property=\"og:image\" content=\"https:\/\/www.klinger-kempchen.de\/wp-content\/uploads\/2023\/06\/Analyse.jpg\" \/>\n\t<meta property=\"og:image:width\" content=\"1400\" \/>\n\t<meta property=\"og:image:height\" content=\"350\" \/>\n\t<meta property=\"og:image:type\" content=\"image\/jpeg\" \/>\n<meta name=\"twitter:label1\" content=\"Odhadovan\u00e1 doba \u010dten\u00ed\" \/>\n\t<meta name=\"twitter:data1\" content=\"1 minuta\" \/>\n<!-- \/ Yoast SEO plugin. -->","yoast_head_json":{"title":"Anal\u00fdza t\u011bsnic\u00edch materi\u00e1l\u016f - KLINGER Kempchen","description":"P\u0159i anal\u00fdze n\u011bkter\u00fdch p\u0159\u00edpad\u016f po\u0161kozen\u00ed se zam\u011b\u0159ujeme na interakci mezi pou\u017eit\u00fdmi t\u011bsnic\u00edmi materi\u00e1ly","robots":{"index":"index","follow":"follow","max-snippet":"max-snippet:-1","max-image-preview":"max-image-preview:large","max-video-preview":"max-video-preview:-1"},"canonical":"https:\/\/www.klinger-kempchen.de\/cs\/engineering-kontakty\/laboratory-services\/analyza-tesnicich-materialu\/","og_locale":"cs_CZ","og_type":"article","og_title":"Anal\u00fdza t\u011bsnic\u00edch materi\u00e1l\u016f - KLINGER Kempchen","og_description":"P\u0159i anal\u00fdze n\u011bkter\u00fdch p\u0159\u00edpad\u016f po\u0161kozen\u00ed se zam\u011b\u0159ujeme na interakci mezi pou\u017eit\u00fdmi t\u011bsnic\u00edmi materi\u00e1ly","og_url":"https:\/\/www.klinger-kempchen.de\/cs\/engineering-kontakty\/laboratory-services\/analyza-tesnicich-materialu\/","og_site_name":"KLINGER Kempchen","article_modified_time":"2024-05-11T10:37:38+00:00","og_image":[{"width":1400,"height":350,"url":"https:\/\/www.klinger-kempchen.de\/wp-content\/uploads\/2023\/06\/Analyse.jpg","type":"image\/jpeg"}],"twitter_misc":{"Odhadovan\u00e1 doba \u010dten\u00ed":"1 minuta"},"schema":{"@context":"https:\/\/schema.org","@graph":[{"@type":"WebPage","@id":"https:\/\/www.klinger-kempchen.de\/cs\/engineering-kontakty\/laboratory-services\/analyza-tesnicich-materialu\/","url":"https:\/\/www.klinger-kempchen.de\/cs\/engineering-kontakty\/laboratory-services\/analyza-tesnicich-materialu\/","name":"Anal\u00fdza t\u011bsnic\u00edch materi\u00e1l\u016f - KLINGER Kempchen","isPartOf":{"@id":"https:\/\/www.klinger-kempchen.de\/#website"},"primaryImageOfPage":{"@id":"https:\/\/www.klinger-kempchen.de\/cs\/engineering-kontakty\/laboratory-services\/analyza-tesnicich-materialu\/#primaryimage"},"image":{"@id":"https:\/\/www.klinger-kempchen.de\/cs\/engineering-kontakty\/laboratory-services\/analyza-tesnicich-materialu\/#primaryimage"},"thumbnailUrl":"https:\/\/www.klinger-kempchen.de\/wp-content\/uploads\/2023\/06\/Analyse.jpg","datePublished":"2024-05-11T10:37:37+00:00","dateModified":"2024-05-11T10:37:38+00:00","description":"P\u0159i anal\u00fdze n\u011bkter\u00fdch p\u0159\u00edpad\u016f po\u0161kozen\u00ed se zam\u011b\u0159ujeme na interakci mezi pou\u017eit\u00fdmi t\u011bsnic\u00edmi materi\u00e1ly","breadcrumb":{"@id":"https:\/\/www.klinger-kempchen.de\/cs\/engineering-kontakty\/laboratory-services\/analyza-tesnicich-materialu\/#breadcrumb"},"inLanguage":"cs","potentialAction":[{"@type":"ReadAction","target":["https:\/\/www.klinger-kempchen.de\/cs\/engineering-kontakty\/laboratory-services\/analyza-tesnicich-materialu\/"]}]},{"@type":"ImageObject","inLanguage":"cs","@id":"https:\/\/www.klinger-kempchen.de\/cs\/engineering-kontakty\/laboratory-services\/analyza-tesnicich-materialu\/#primaryimage","url":"https:\/\/www.klinger-kempchen.de\/wp-content\/uploads\/2023\/06\/Analyse.jpg","contentUrl":"https:\/\/www.klinger-kempchen.de\/wp-content\/uploads\/2023\/06\/Analyse.jpg","width":1400,"height":350},{"@type":"BreadcrumbList","@id":"https:\/\/www.klinger-kempchen.de\/cs\/engineering-kontakty\/laboratory-services\/analyza-tesnicich-materialu\/#breadcrumb","itemListElement":[{"@type":"ListItem","position":1,"name":"Home","item":"https:\/\/www.klinger-kempchen.de\/"},{"@type":"ListItem","position":2,"name":"Engineering","item":"https:\/\/www.klinger-kempchen.de\/cs\/engineering-kontakty\/"},{"@type":"ListItem","position":3,"name":"Laboratory Services","item":"https:\/\/www.klinger-kempchen.de\/cs\/engineering-kontakty\/laboratory-services\/"},{"@type":"ListItem","position":4,"name":"Anal\u00fdza t\u011bsnic\u00edch materi\u00e1l\u016f"}]},{"@type":"WebSite","@id":"https:\/\/www.klinger-kempchen.de\/#website","url":"https:\/\/www.klinger-kempchen.de\/","name":"KLINGER Kempchen","description":"KLINGER Kempchen","publisher":{"@id":"https:\/\/www.klinger-kempchen.de\/#organization"},"potentialAction":[{"@type":"SearchAction","target":{"@type":"EntryPoint","urlTemplate":"https:\/\/www.klinger-kempchen.de\/?s={search_term_string}"},"query-input":{"@type":"PropertyValueSpecification","valueRequired":true,"valueName":"search_term_string"}}],"inLanguage":"cs"},{"@type":"Organization","@id":"https:\/\/www.klinger-kempchen.de\/#organization","name":"KLINGER-Kempchen","url":"https:\/\/www.klinger-kempchen.de\/","logo":{"@type":"ImageObject","inLanguage":"cs","@id":"https:\/\/www.klinger-kempchen.de\/#\/schema\/logo\/image\/","url":"https:\/\/www.klinger-kempchen.de\/wp-content\/uploads\/2020\/06\/cropped-Klinger-Kempchen-Logo.png","contentUrl":"https:\/\/www.klinger-kempchen.de\/wp-content\/uploads\/2020\/06\/cropped-Klinger-Kempchen-Logo.png","width":512,"height":512,"caption":"KLINGER-Kempchen"},"image":{"@id":"https:\/\/www.klinger-kempchen.de\/#\/schema\/logo\/image\/"}}]}},"coauthors":[],"author_meta":{"author_link":"https:\/\/www.klinger-kempchen.de\/cs\/author\/administrador\/","display_name":"administrador"},"relative_dates":{"created":"Posted 2 roky ago","modified":"Updated 2 roky ago"},"absolute_dates":{"created":"Posted on 11 kv\u011btna 2024","modified":"Updated on 11 kv\u011btna 2024"},"absolute_dates_time":{"created":"Posted on 11 kv\u011btna 2024 12:37","modified":"Updated on 11 kv\u011btna 2024 12:37"},"featured_img_caption":"","featured_img":"https:\/\/www.klinger-kempchen.de\/wp-content\/uploads\/2023\/06\/Analyse.jpg","series_order":"","_links":{"self":[{"href":"https:\/\/www.klinger-kempchen.de\/cs\/wp-json\/wp\/v2\/pages\/44070","targetHints":{"allow":["GET"]}}],"collection":[{"href":"https:\/\/www.klinger-kempchen.de\/cs\/wp-json\/wp\/v2\/pages"}],"about":[{"href":"https:\/\/www.klinger-kempchen.de\/cs\/wp-json\/wp\/v2\/types\/page"}],"author":[{"embeddable":true,"href":"https:\/\/www.klinger-kempchen.de\/cs\/wp-json\/wp\/v2\/users\/1"}],"replies":[{"embeddable":true,"href":"https:\/\/www.klinger-kempchen.de\/cs\/wp-json\/wp\/v2\/comments?post=44070"}],"version-history":[{"count":0,"href":"https:\/\/www.klinger-kempchen.de\/cs\/wp-json\/wp\/v2\/pages\/44070\/revisions"}],"up":[{"embeddable":true,"href":"https:\/\/www.klinger-kempchen.de\/cs\/wp-json\/wp\/v2\/pages\/18805"}],"wp:featuredmedia":[{"embeddable":true,"href":"https:\/\/www.klinger-kempchen.de\/cs\/wp-json\/wp\/v2\/media\/18464"}],"wp:attachment":[{"href":"https:\/\/www.klinger-kempchen.de\/cs\/wp-json\/wp\/v2\/media?parent=44070"}],"curies":[{"name":"wp","href":"https:\/\/api.w.org\/{rel}","templated":true}]}}