{"id":44084,"date":"2024-05-11T19:00:01","date_gmt":"2024-05-11T17:00:01","guid":{"rendered":"https:\/\/www.klinger-kempchen.de\/?page_id=44084"},"modified":"2024-05-11T19:00:02","modified_gmt":"2024-05-11T17:00:02","slug":"stanoveni-tesnicich-vlastnosti","status":"publish","type":"page","link":"https:\/\/www.klinger-kempchen.de\/cs\/engineering-kontakty\/laboratory-services\/stanoveni-tesnicich-vlastnosti\/","title":{"rendered":"Stanoven\u00ed t\u011bsnic\u00edch vlastnost\u00ed"},"content":{"rendered":"\n<h1 class=\"wp-block-heading h3\">STANOVEN\u00cd T\u011aSNIC\u00cdCH VLASTNOST\u00cd<\/h1>\n\n\n\n<h2 class=\"wp-block-heading\">podle DIN EN 13555<\/h2>\n\n\n\n<p>Na\u0161e fyzik\u00e1ln\u00ed laborato\u0159 m\u00e1 v porovn\u00e1n\u00ed s konkurenc\u00ed nejv\u0161estrann\u011bj\u0161\u00ed vybaven\u00ed zku\u0161ebn\u00edmi stoly pro t\u011bsn\u011bn\u00ed. Od pokojov\u00e9 teploty a\u017e po 900 \u00b0C jsme schopni stanovit t\u011bsnic\u00ed vlastnosti v souladu s normou DIN EN 13555 a dal\u0161\u00edmi p\u0159edpisy a po\u017eadavky. M\u011b\u0159en\u00ed t\u011bsnosti lze prov\u00e1d\u011bt a\u017e do zku\u0161ebn\u00ed teploty 600 \u00b0C a maxim\u00e1ln\u00edho zku\u0161ebn\u00edho tlaku 160 bar\u016f. R\u00e1di v\u00e1m porad\u00edme a pom\u016f\u017eeme a stanov\u00edme p\u0159esn\u00e9 parametry t\u011bsn\u011bn\u00ed, kter\u00e9 pot\u0159ebujete pro va\u0161i aplikaci &#8211; pro jak\u00fdkoli typ t\u011bsnic\u00edho materi\u00e1lu a bez ohledu na v\u00fdrobce.<\/p>\n\n\n\n<p>V\u0161echny ve\u0159ejn\u00e9 parametry t\u011bsn\u011bn\u00ed jsou zpracov\u00e1ny a zaneseny do na\u0161\u00ed datab\u00e1ze t\u011bsn\u011bn\u00ed. V r\u00e1mci datab\u00e1ze t\u011bsn\u011bn\u00ed m\u016f\u017eete vybrat charakteristiky t\u011bsn\u011bn\u00ed pro va\u0161e t\u011bsn\u011bn\u00ed a zobrazit \u00fadaje v tabulkov\u00e9 a grafick\u00e9 podob\u011b. Vybran\u00e9 \u00fadaje lze kdykoli st\u00e1hnout ve form\u011b souboru XML nebo ve form\u00e1tu PDF.<\/p>\n\n\n\n<div class=\"wp-block-kadence-advancedbtn kb-buttons-wrap kb-btns44084_124141-e6\"><a class=\"kb-button kt-button button kb-btn44084_a1b4a8-f4 kt-btn-size-large kt-btn-width-type-auto kb-btn-global-fill  kt-btn-has-text-true kt-btn-has-svg-false  wp-block-kadence-singlebtn\" href=\"https:\/\/gasketdata.amtec.de\/de\/nne523bme\" target=\"_blank\" rel=\"noreferrer noopener\"><span class=\"kt-btn-inner-text\"><a href=\"https:\/\/gasketdata.amtec.de\/de\/nne523bme\" target=\"_blank\" rel=\"noreferrer noopener\">Dal\u0161\u00ed informace o t\u011bsn\u00edc\u00edm n\u00e1stroji \u00bb<\/a><\/span><\/a><\/div>\n\n\n\n<div style=\"height:50px\" aria-hidden=\"true\" class=\"wp-block-spacer\"><\/div>\n\n\n<div class=\"kb-gallery-wrap-id-44084_423bd0-fa alignnone wp-block-kadence-advancedgallery\"><div class=\"kb-gallery-ul kb-gallery-non-static kb-gallery-type-carousel kb-gallery-id-44084_423bd0-fa kb-gallery-caption-style-bottom-hover kb-gallery-filter-none kb-gallery-magnific-init\" data-image-filter=\"none\" data-lightbox-caption=\"true\"><div class=\"kt-blocks-carousel splide kt-carousel-container-dotstyle-dark kt-carousel-arrowstyle-whiteondark kt-carousel-dotstyle-dark kb-slider-group-arrow kb-slider-arrow-position-center\" data-columns-xxl=\"3\" data-columns-xl=\"3\" data-columns-md=\"3\" data-columns-sm=\"2\" data-columns-xs=\"1\" data-columns-ss=\"1\" data-slider-anim-speed=\"400\" data-slider-scroll=\"1\" data-slider-arrows=\"true\" data-slider-dots=\"true\" data-slider-hover-pause=\"false\" data-slider-auto=\"\" data-slider-speed=\"7000\" data-slider-gap=\"10px\" data-slider-gap-tablet=\"10px\" data-slider-gap-mobile=\"10px\" data-show-pause-button=\"false\" data-slider-label=\"Photo Gallery Carousel\"><div class=\"splide__track\"><ul class=\"kt-blocks-carousel-init kb-gallery-carousel splide__list\"><li class=\"kb-slide-item kb-gallery-carousel-item splide__slide\"><div class=\"kadence-blocks-gallery-item\"><div class=\"kadence-blocks-gallery-item-inner\"><figure class=\"kb-gallery-figure kb-gallery-item-has-link kadence-blocks-gallery-item-hide-caption\"><a href=\"https:\/\/www.klinger-kempchen.de\/wp-content\/uploads\/2023\/06\/r11-4_physik-04-klinger-engineering.jpg\" data-alt=\"Dichtungskennwerte-1\" class=\"kb-gallery-item-link\"  ><div class=\"kb-gal-image-radius\"><div class=\"kb-gallery-image-contain kadence-blocks-gallery-intrinsic kb-gallery-image-ratio-land32 kb-has-image-ratio-land32\" ><img loading=\"lazy\" decoding=\"async\" src=\"https:\/\/www.klinger-kempchen.de\/wp-content\/uploads\/2023\/06\/r11-4_physik-04-klinger-engineering.jpg\" width=\"960\" height=\"600\" alt=\"Dichtungskennwerte-1\" data-full-image=\"https:\/\/www.klinger-kempchen.de\/wp-content\/uploads\/2023\/06\/r11-4_physik-04-klinger-engineering.jpg\" data-light-image=\"https:\/\/www.klinger-kempchen.de\/wp-content\/uploads\/2023\/06\/r11-4_physik-04-klinger-engineering.jpg\" data-id=\"16923\" class=\"wp-image-16923 skip-lazy\" srcset=\"https:\/\/www.klinger-kempchen.de\/wp-content\/uploads\/2023\/06\/r11-4_physik-04-klinger-engineering.jpg 960w, https:\/\/www.klinger-kempchen.de\/wp-content\/uploads\/2023\/06\/r11-4_physik-04-klinger-engineering-768x480.jpg 768w\" sizes=\"auto, (max-width: 960px) 100vw, 960px\" \/><\/div><\/div><\/a><\/figure><\/div><\/div><\/li><li class=\"kb-slide-item kb-gallery-carousel-item splide__slide\"><div class=\"kadence-blocks-gallery-item\"><div class=\"kadence-blocks-gallery-item-inner\"><figure class=\"kb-gallery-figure kb-gallery-item-has-link kadence-blocks-gallery-item-hide-caption\"><a href=\"https:\/\/www.klinger-kempchen.de\/wp-content\/uploads\/2023\/06\/r11-4-physik-01-klinger-engineering.jpg\" data-alt=\"Dichtungskennwerte-2\" class=\"kb-gallery-item-link\"  ><div class=\"kb-gal-image-radius\"><div class=\"kb-gallery-image-contain kadence-blocks-gallery-intrinsic kb-gallery-image-ratio-land32 kb-has-image-ratio-land32\" ><img loading=\"lazy\" decoding=\"async\" src=\"https:\/\/www.klinger-kempchen.de\/wp-content\/uploads\/2023\/06\/r11-4-physik-01-klinger-engineering.jpg\" width=\"960\" height=\"600\" alt=\"Dichtungskennwerte-2\" data-full-image=\"https:\/\/www.klinger-kempchen.de\/wp-content\/uploads\/2023\/06\/r11-4-physik-01-klinger-engineering.jpg\" data-light-image=\"https:\/\/www.klinger-kempchen.de\/wp-content\/uploads\/2023\/06\/r11-4-physik-01-klinger-engineering.jpg\" data-id=\"16925\" class=\"wp-image-16925 skip-lazy\" srcset=\"https:\/\/www.klinger-kempchen.de\/wp-content\/uploads\/2023\/06\/r11-4-physik-01-klinger-engineering.jpg 960w, https:\/\/www.klinger-kempchen.de\/wp-content\/uploads\/2023\/06\/r11-4-physik-01-klinger-engineering-768x480.jpg 768w\" sizes=\"auto, (max-width: 960px) 100vw, 960px\" \/><\/div><\/div><\/a><\/figure><\/div><\/div><\/li><li class=\"kb-slide-item kb-gallery-carousel-item splide__slide\"><div class=\"kadence-blocks-gallery-item\"><div class=\"kadence-blocks-gallery-item-inner\"><figure class=\"kb-gallery-figure kb-gallery-item-has-link kadence-blocks-gallery-item-hide-caption\"><a href=\"https:\/\/www.klinger-kempchen.de\/wp-content\/uploads\/2023\/06\/r11-4-physik-03-klinger-engineering.jpg\" data-alt=\"Dichtungskennwerte-3\" class=\"kb-gallery-item-link\"  ><div class=\"kb-gal-image-radius\"><div class=\"kb-gallery-image-contain kadence-blocks-gallery-intrinsic kb-gallery-image-ratio-land32 kb-has-image-ratio-land32\" ><img loading=\"lazy\" decoding=\"async\" src=\"https:\/\/www.klinger-kempchen.de\/wp-content\/uploads\/2023\/06\/r11-4-physik-03-klinger-engineering.jpg\" width=\"960\" height=\"600\" alt=\"Dichtungskennwerte-3\" data-full-image=\"https:\/\/www.klinger-kempchen.de\/wp-content\/uploads\/2023\/06\/r11-4-physik-03-klinger-engineering.jpg\" data-light-image=\"https:\/\/www.klinger-kempchen.de\/wp-content\/uploads\/2023\/06\/r11-4-physik-03-klinger-engineering.jpg\" data-id=\"16927\" class=\"wp-image-16927 skip-lazy\" srcset=\"https:\/\/www.klinger-kempchen.de\/wp-content\/uploads\/2023\/06\/r11-4-physik-03-klinger-engineering.jpg 960w, https:\/\/www.klinger-kempchen.de\/wp-content\/uploads\/2023\/06\/r11-4-physik-03-klinger-engineering-768x480.jpg 768w\" sizes=\"auto, (max-width: 960px) 100vw, 960px\" \/><\/div><\/div><\/a><\/figure><\/div><\/div><\/li><\/ul><\/div><\/div><\/div><\/div><style class=\"advgb-styles-renderer\">.wp-block-kadence-advancedbtn.kb-btns44084_124141-e6{gap:var(--global-kb-gap-xs, 0.5rem );justify-content:flex-start;align-items:center;}.kt-btns44084_124141-e6 .kt-button{font-weight:normal;font-style:normal;}.kt-btns44084_124141-e6 .kt-btn-wrap-0{margin-right:5px;}.wp-block-kadence-advancedbtn.kt-btns44084_124141-e6 .kt-btn-wrap-0 .kt-button{color:#555555;border-color:#555555;}.wp-block-kadence-advancedbtn.kt-btns44084_124141-e6 .kt-btn-wrap-0 .kt-button:hover, .wp-block-kadence-advancedbtn.kt-btns44084_124141-e6 .kt-btn-wrap-0 .kt-button:focus{color:#ffffff;border-color:#444444;}.wp-block-kadence-advancedbtn.kt-btns44084_124141-e6 .kt-btn-wrap-0 .kt-button::before{display:none;}.wp-block-kadence-advancedbtn.kt-btns44084_124141-e6 .kt-btn-wrap-0 .kt-button:hover, .wp-block-kadence-advancedbtn.kt-btns44084_124141-e6 .kt-btn-wrap-0 .kt-button:focus{background:#444444;}ul.menu .wp-block-kadence-advancedbtn .kb-btn44084_a1b4a8-f4.kb-button{width:initial;}.wp-block-kadence-advancedbtn .kb-btn44084_a1b4a8-f4.kb-button{color:#ffffff;background:#003a67;}.wp-block-kadence-advancedbtn .kb-btn44084_a1b4a8-f4.kb-button:hover, .wp-block-kadence-advancedbtn .kb-btn44084_a1b4a8-f4.kb-button:focus{color:#ffffff;background:#003a67;}.wp-block-kadence-advancedgallery.kb-gallery-wrap-id-44084_423bd0-fa{overflow:hidden;}.kb-gallery-id-44084_423bd0-fa .kadence-blocks-gallery-item .kb-gal-image-radius, .kb-gallery-id-44084_423bd0-fa .kb-slide-item .kb-gal-image-radius img{border-radius:0px 0px 0px 0px;;}.kb-gallery-wrap-id-44084_423bd0-fa.wp-block-kadence-advancedgallery{overflow:visible;}.kb-gallery-wrap-id-44084_423bd0-fa.wp-block-kadence-advancedgallery .kt-blocks-carousel{overflow:visible;}<\/style>","protected":false},"excerpt":{"rendered":"<p>STANOVEN\u00cd T\u011aSNIC\u00cdCH VLASTNOST\u00cd podle DIN EN 13555 Na\u0161e fyzik\u00e1ln\u00ed laborato\u0159 m\u00e1 v porovn\u00e1n\u00ed s konkurenc\u00ed nejv\u0161estrann\u011bj\u0161\u00ed vybaven\u00ed zku\u0161ebn\u00edmi stoly pro t\u011bsn\u011bn\u00ed. Od pokojov\u00e9 teploty a\u017e po 900 \u00b0C jsme schopni stanovit t\u011bsnic\u00ed vlastnosti v souladu s normou DIN EN 13555 a dal\u0161\u00edmi p\u0159edpisy a po\u017eadavky. M\u011b\u0159en\u00ed t\u011bsnosti lze prov\u00e1d\u011bt a\u017e do zku\u0161ebn\u00ed teploty 600 \u00b0C [&hellip;]<\/p>\n","protected":false},"author":1,"featured_media":18465,"parent":18805,"menu_order":4,"comment_status":"closed","ping_status":"closed","template":"page-templates\/somos.php","meta":{"advgb_blocks_editor_width":"","advgb_blocks_columns_visual_guide":"","iawp_total_views":17,"footnotes":""},"class_list":["post-44084","page","type-page","status-publish","has-post-thumbnail","hentry"],"yoast_head":"<!-- This site is optimized with the Yoast SEO plugin v26.9 - https:\/\/yoast.com\/product\/yoast-seo-wordpress\/ -->\n<title>Stanoven\u00ed t\u011bsnic\u00edch vlastnost\u00ed - KLINGER Kempchen<\/title>\n<meta name=\"description\" content=\"Na\u0161e fyzik\u00e1ln\u00ed laborato\u0159 m\u00e1 v porovn\u00e1n\u00ed s konkurenc\u00ed nejv\u0161estrann\u011bj\u0161\u00ed vybaven\u00ed zku\u0161ebn\u00edmi stoly pro t\u011bsn\u011bn\u00ed.\" \/>\n<meta name=\"robots\" content=\"index, follow, max-snippet:-1, max-image-preview:large, max-video-preview:-1\" \/>\n<link rel=\"canonical\" href=\"https:\/\/www.klinger-kempchen.de\/cs\/engineering-kontakty\/laboratory-services\/stanoveni-tesnicich-vlastnosti\/\" \/>\n<meta property=\"og:locale\" content=\"cs_CZ\" \/>\n<meta property=\"og:type\" content=\"article\" \/>\n<meta property=\"og:title\" content=\"Stanoven\u00ed t\u011bsnic\u00edch vlastnost\u00ed - KLINGER Kempchen\" \/>\n<meta property=\"og:description\" content=\"Na\u0161e fyzik\u00e1ln\u00ed laborato\u0159 m\u00e1 v porovn\u00e1n\u00ed s konkurenc\u00ed nejv\u0161estrann\u011bj\u0161\u00ed vybaven\u00ed zku\u0161ebn\u00edmi stoly pro t\u011bsn\u011bn\u00ed.\" \/>\n<meta property=\"og:url\" content=\"https:\/\/www.klinger-kempchen.de\/cs\/engineering-kontakty\/laboratory-services\/stanoveni-tesnicich-vlastnosti\/\" \/>\n<meta property=\"og:site_name\" content=\"KLINGER Kempchen\" \/>\n<meta property=\"article:modified_time\" content=\"2024-05-11T17:00:02+00:00\" \/>\n<meta property=\"og:image\" content=\"https:\/\/www.klinger-kempchen.de\/wp-content\/uploads\/2023\/06\/Dichtungskennwerte.jpg\" \/>\n\t<meta property=\"og:image:width\" content=\"1400\" \/>\n\t<meta property=\"og:image:height\" content=\"350\" \/>\n\t<meta property=\"og:image:type\" content=\"image\/jpeg\" \/>\n<meta name=\"twitter:label1\" content=\"Odhadovan\u00e1 doba \u010dten\u00ed\" \/>\n\t<meta name=\"twitter:data1\" content=\"1 minuta\" \/>\n<!-- \/ Yoast SEO plugin. -->","yoast_head_json":{"title":"Stanoven\u00ed t\u011bsnic\u00edch vlastnost\u00ed - KLINGER Kempchen","description":"Na\u0161e fyzik\u00e1ln\u00ed laborato\u0159 m\u00e1 v porovn\u00e1n\u00ed s konkurenc\u00ed nejv\u0161estrann\u011bj\u0161\u00ed vybaven\u00ed zku\u0161ebn\u00edmi stoly pro t\u011bsn\u011bn\u00ed.","robots":{"index":"index","follow":"follow","max-snippet":"max-snippet:-1","max-image-preview":"max-image-preview:large","max-video-preview":"max-video-preview:-1"},"canonical":"https:\/\/www.klinger-kempchen.de\/cs\/engineering-kontakty\/laboratory-services\/stanoveni-tesnicich-vlastnosti\/","og_locale":"cs_CZ","og_type":"article","og_title":"Stanoven\u00ed t\u011bsnic\u00edch vlastnost\u00ed - KLINGER Kempchen","og_description":"Na\u0161e fyzik\u00e1ln\u00ed laborato\u0159 m\u00e1 v porovn\u00e1n\u00ed s konkurenc\u00ed nejv\u0161estrann\u011bj\u0161\u00ed vybaven\u00ed zku\u0161ebn\u00edmi stoly pro t\u011bsn\u011bn\u00ed.","og_url":"https:\/\/www.klinger-kempchen.de\/cs\/engineering-kontakty\/laboratory-services\/stanoveni-tesnicich-vlastnosti\/","og_site_name":"KLINGER Kempchen","article_modified_time":"2024-05-11T17:00:02+00:00","og_image":[{"width":1400,"height":350,"url":"https:\/\/www.klinger-kempchen.de\/wp-content\/uploads\/2023\/06\/Dichtungskennwerte.jpg","type":"image\/jpeg"}],"twitter_misc":{"Odhadovan\u00e1 doba \u010dten\u00ed":"1 minuta"},"schema":{"@context":"https:\/\/schema.org","@graph":[{"@type":"WebPage","@id":"https:\/\/www.klinger-kempchen.de\/cs\/engineering-kontakty\/laboratory-services\/stanoveni-tesnicich-vlastnosti\/","url":"https:\/\/www.klinger-kempchen.de\/cs\/engineering-kontakty\/laboratory-services\/stanoveni-tesnicich-vlastnosti\/","name":"Stanoven\u00ed t\u011bsnic\u00edch vlastnost\u00ed - KLINGER Kempchen","isPartOf":{"@id":"https:\/\/www.klinger-kempchen.de\/#website"},"primaryImageOfPage":{"@id":"https:\/\/www.klinger-kempchen.de\/cs\/engineering-kontakty\/laboratory-services\/stanoveni-tesnicich-vlastnosti\/#primaryimage"},"image":{"@id":"https:\/\/www.klinger-kempchen.de\/cs\/engineering-kontakty\/laboratory-services\/stanoveni-tesnicich-vlastnosti\/#primaryimage"},"thumbnailUrl":"https:\/\/www.klinger-kempchen.de\/wp-content\/uploads\/2023\/06\/Dichtungskennwerte.jpg","datePublished":"2024-05-11T17:00:01+00:00","dateModified":"2024-05-11T17:00:02+00:00","description":"Na\u0161e fyzik\u00e1ln\u00ed laborato\u0159 m\u00e1 v porovn\u00e1n\u00ed s konkurenc\u00ed nejv\u0161estrann\u011bj\u0161\u00ed vybaven\u00ed zku\u0161ebn\u00edmi stoly pro t\u011bsn\u011bn\u00ed.","breadcrumb":{"@id":"https:\/\/www.klinger-kempchen.de\/cs\/engineering-kontakty\/laboratory-services\/stanoveni-tesnicich-vlastnosti\/#breadcrumb"},"inLanguage":"cs","potentialAction":[{"@type":"ReadAction","target":["https:\/\/www.klinger-kempchen.de\/cs\/engineering-kontakty\/laboratory-services\/stanoveni-tesnicich-vlastnosti\/"]}]},{"@type":"ImageObject","inLanguage":"cs","@id":"https:\/\/www.klinger-kempchen.de\/cs\/engineering-kontakty\/laboratory-services\/stanoveni-tesnicich-vlastnosti\/#primaryimage","url":"https:\/\/www.klinger-kempchen.de\/wp-content\/uploads\/2023\/06\/Dichtungskennwerte.jpg","contentUrl":"https:\/\/www.klinger-kempchen.de\/wp-content\/uploads\/2023\/06\/Dichtungskennwerte.jpg","width":1400,"height":350},{"@type":"BreadcrumbList","@id":"https:\/\/www.klinger-kempchen.de\/cs\/engineering-kontakty\/laboratory-services\/stanoveni-tesnicich-vlastnosti\/#breadcrumb","itemListElement":[{"@type":"ListItem","position":1,"name":"Home","item":"https:\/\/www.klinger-kempchen.de\/"},{"@type":"ListItem","position":2,"name":"Engineering","item":"https:\/\/www.klinger-kempchen.de\/cs\/engineering-kontakty\/"},{"@type":"ListItem","position":3,"name":"Laboratory Services","item":"https:\/\/www.klinger-kempchen.de\/cs\/engineering-kontakty\/laboratory-services\/"},{"@type":"ListItem","position":4,"name":"Stanoven\u00ed t\u011bsnic\u00edch vlastnost\u00ed"}]},{"@type":"WebSite","@id":"https:\/\/www.klinger-kempchen.de\/#website","url":"https:\/\/www.klinger-kempchen.de\/","name":"KLINGER Kempchen","description":"KLINGER Kempchen","publisher":{"@id":"https:\/\/www.klinger-kempchen.de\/#organization"},"potentialAction":[{"@type":"SearchAction","target":{"@type":"EntryPoint","urlTemplate":"https:\/\/www.klinger-kempchen.de\/?s={search_term_string}"},"query-input":{"@type":"PropertyValueSpecification","valueRequired":true,"valueName":"search_term_string"}}],"inLanguage":"cs"},{"@type":"Organization","@id":"https:\/\/www.klinger-kempchen.de\/#organization","name":"KLINGER-Kempchen","url":"https:\/\/www.klinger-kempchen.de\/","logo":{"@type":"ImageObject","inLanguage":"cs","@id":"https:\/\/www.klinger-kempchen.de\/#\/schema\/logo\/image\/","url":"https:\/\/www.klinger-kempchen.de\/wp-content\/uploads\/2020\/06\/cropped-Klinger-Kempchen-Logo.png","contentUrl":"https:\/\/www.klinger-kempchen.de\/wp-content\/uploads\/2020\/06\/cropped-Klinger-Kempchen-Logo.png","width":512,"height":512,"caption":"KLINGER-Kempchen"},"image":{"@id":"https:\/\/www.klinger-kempchen.de\/#\/schema\/logo\/image\/"}}]}},"coauthors":[],"author_meta":{"author_link":"https:\/\/www.klinger-kempchen.de\/cs\/author\/administrador\/","display_name":"administrador"},"relative_dates":{"created":"Posted 2 roky ago","modified":"Updated 2 roky ago"},"absolute_dates":{"created":"Posted on 11 kv\u011btna 2024","modified":"Updated on 11 kv\u011btna 2024"},"absolute_dates_time":{"created":"Posted on 11 kv\u011btna 2024 19:00","modified":"Updated on 11 kv\u011btna 2024 19:00"},"featured_img_caption":"","featured_img":"https:\/\/www.klinger-kempchen.de\/wp-content\/uploads\/2023\/06\/Dichtungskennwerte.jpg","series_order":"","_links":{"self":[{"href":"https:\/\/www.klinger-kempchen.de\/cs\/wp-json\/wp\/v2\/pages\/44084","targetHints":{"allow":["GET"]}}],"collection":[{"href":"https:\/\/www.klinger-kempchen.de\/cs\/wp-json\/wp\/v2\/pages"}],"about":[{"href":"https:\/\/www.klinger-kempchen.de\/cs\/wp-json\/wp\/v2\/types\/page"}],"author":[{"embeddable":true,"href":"https:\/\/www.klinger-kempchen.de\/cs\/wp-json\/wp\/v2\/users\/1"}],"replies":[{"embeddable":true,"href":"https:\/\/www.klinger-kempchen.de\/cs\/wp-json\/wp\/v2\/comments?post=44084"}],"version-history":[{"count":0,"href":"https:\/\/www.klinger-kempchen.de\/cs\/wp-json\/wp\/v2\/pages\/44084\/revisions"}],"up":[{"embeddable":true,"href":"https:\/\/www.klinger-kempchen.de\/cs\/wp-json\/wp\/v2\/pages\/18805"}],"wp:featuredmedia":[{"embeddable":true,"href":"https:\/\/www.klinger-kempchen.de\/cs\/wp-json\/wp\/v2\/media\/18465"}],"wp:attachment":[{"href":"https:\/\/www.klinger-kempchen.de\/cs\/wp-json\/wp\/v2\/media?parent=44084"}],"curies":[{"name":"wp","href":"https:\/\/api.w.org\/{rel}","templated":true}]}}