{"id":44729,"date":"2024-06-25T13:01:27","date_gmt":"2024-06-25T11:01:27","guid":{"rendered":"https:\/\/www.klinger-kempchen.de\/?page_id=44729"},"modified":"2024-06-25T13:50:00","modified_gmt":"2024-06-25T11:50:00","slug":"prakticka-analyza-poskozeni","status":"publish","type":"page","link":"https:\/\/www.klinger-kempchen.de\/cs\/engineering-kontakty\/laboratory-services\/prakticka-analyza-poskozeni\/","title":{"rendered":"Praktick\u00e1 anal\u00fdza po\u0161kozen\u00ed"},"content":{"rendered":"\n<h1 class=\"wp-block-heading h3\">Praktick\u00e1 anal\u00fdza po\u0161kozen\u00ed<\/h1>\n\n\n\n<h2 class=\"wp-block-heading\">Odbornost a na\u0161e odborn\u00e9 znalosti<\/h2>\n\n\n\n<p>Zejm\u00e9na v oblasti vy\u0161et\u0159ov\u00e1n\u00ed \u0161kod vyu\u017e\u00edv\u00e1 na\u0161e vynikaj\u00edc\u00ed odborn\u00e9 znalosti a expert\u00edzy mnoho z\u00e1kazn\u00edk\u016f k prok\u00e1z\u00e1n\u00ed skute\u010dn\u00fdch p\u0159\u00ed\u010din po nehod\u011b. Z tohoto d\u016fvodu hraj\u00ed laborato\u0159e \u00fast\u0159edn\u00ed roli tak\u00e9 p\u0159i anal\u00fdz\u00e1ch \u0161kod. R\u00e1di nab\u00eddneme svou podporu ka\u017ed\u00e9mu z\u00e1kazn\u00edkovi v p\u0159\u00edpad\u011b po\u0161kozen\u00ed.<br><br>V na\u0161em technologick\u00e9m centru pro \u0161roubov\u00e9 spoje m\u016f\u017eeme montovat nejr\u016fzn\u011bj\u0161\u00ed p\u0159\u00edrubov\u00e9 spoje a prov\u00e1d\u011bt m\u011b\u0159en\u00ed t\u011bsnosti. Jednak k testov\u00e1n\u00ed chov\u00e1n\u00ed t\u011bsn\u011bn\u00ed nez\u00e1visle na standardizovan\u00e9 zku\u0161ebn\u00ed stolici, jednak k simulaci specifick\u00fdch teori\u00ed po\u0161kozen\u00ed v p\u0159\u00edpad\u011b po\u0161kozen\u00ed, nap\u0159. reprodukc\u00ed specifick\u00e9 nespr\u00e1vn\u00e9 mont\u00e1\u017ee, s c\u00edlem potvrdit teorii po\u0161kozen\u00ed a p\u0159\u00ed\u010dinu po\u0161kozen\u00ed.<\/p>\n\n\n\n<div style=\"height:50px\" aria-hidden=\"true\" class=\"wp-block-spacer\"><\/div>\n\n\n<div class=\"kb-gallery-wrap-id-44729_a53719-dd alignnone wp-block-kadence-advancedgallery\"><div class=\"kb-gallery-ul kb-gallery-non-static kb-gallery-type-carousel kb-gallery-id-44729_a53719-dd kb-gallery-caption-style-bottom-hover kb-gallery-filter-none kb-gallery-magnific-init\" data-image-filter=\"none\" data-lightbox-caption=\"true\"><div class=\"kt-blocks-carousel splide kt-carousel-container-dotstyle-dark kt-carousel-arrowstyle-whiteondark kt-carousel-dotstyle-dark kb-slider-group-arrow kb-slider-arrow-position-center\" data-columns-xxl=\"3\" data-columns-xl=\"3\" data-columns-md=\"3\" data-columns-sm=\"2\" data-columns-xs=\"1\" data-columns-ss=\"1\" data-slider-anim-speed=\"400\" data-slider-scroll=\"1\" data-slider-arrows=\"true\" data-slider-dots=\"true\" data-slider-hover-pause=\"false\" data-slider-auto=\"\" data-slider-speed=\"7000\" data-slider-gap=\"10px\" data-slider-gap-tablet=\"10px\" data-slider-gap-mobile=\"10px\" data-show-pause-button=\"false\" data-slider-label=\"Photo Gallery Carousel\"><div class=\"splide__track\"><ul class=\"kt-blocks-carousel-init kb-gallery-carousel splide__list\"><li class=\"kb-slide-item kb-gallery-carousel-item splide__slide\"><div class=\"kadence-blocks-gallery-item\"><div class=\"kadence-blocks-gallery-item-inner\"><figure class=\"kb-gallery-figure kb-gallery-item-has-link kadence-blocks-gallery-item-hide-caption\"><a href=\"https:\/\/www.klinger-kempchen.de\/wp-content\/uploads\/2023\/06\/r11-5-baumuster-01-klinger-engineering.jpg\" data-alt=\"baumuster-01\" class=\"kb-gallery-item-link\"  ><div class=\"kb-gal-image-radius\"><div class=\"kb-gallery-image-contain kadence-blocks-gallery-intrinsic kb-gallery-image-ratio-land32 kb-has-image-ratio-land32\" ><img loading=\"lazy\" decoding=\"async\" src=\"https:\/\/www.klinger-kempchen.de\/wp-content\/uploads\/2023\/06\/r11-5-baumuster-01-klinger-engineering.jpg\" width=\"960\" height=\"600\" alt=\"baumuster-01\" data-full-image=\"https:\/\/www.klinger-kempchen.de\/wp-content\/uploads\/2023\/06\/r11-5-baumuster-01-klinger-engineering.jpg\" data-light-image=\"https:\/\/www.klinger-kempchen.de\/wp-content\/uploads\/2023\/06\/r11-5-baumuster-01-klinger-engineering.jpg\" data-id=\"16936\" class=\"wp-image-16936 skip-lazy\" srcset=\"https:\/\/www.klinger-kempchen.de\/wp-content\/uploads\/2023\/06\/r11-5-baumuster-01-klinger-engineering.jpg 960w, https:\/\/www.klinger-kempchen.de\/wp-content\/uploads\/2023\/06\/r11-5-baumuster-01-klinger-engineering-768x480.jpg 768w\" sizes=\"auto, (max-width: 960px) 100vw, 960px\" \/><\/div><\/div><\/a><\/figure><\/div><\/div><\/li><li class=\"kb-slide-item kb-gallery-carousel-item splide__slide\"><div class=\"kadence-blocks-gallery-item\"><div class=\"kadence-blocks-gallery-item-inner\"><figure class=\"kb-gallery-figure kb-gallery-item-has-link kadence-blocks-gallery-item-hide-caption\"><a href=\"https:\/\/www.klinger-kempchen.de\/wp-content\/uploads\/2023\/06\/r11-5-baumuster-02-klinger-engineering.jpg\" data-alt=\"baumuster-02\" class=\"kb-gallery-item-link\"  ><div class=\"kb-gal-image-radius\"><div class=\"kb-gallery-image-contain kadence-blocks-gallery-intrinsic kb-gallery-image-ratio-land32 kb-has-image-ratio-land32\" ><img loading=\"lazy\" decoding=\"async\" src=\"https:\/\/www.klinger-kempchen.de\/wp-content\/uploads\/2023\/06\/r11-5-baumuster-02-klinger-engineering.jpg\" width=\"960\" height=\"600\" alt=\"baumuster-02\" data-full-image=\"https:\/\/www.klinger-kempchen.de\/wp-content\/uploads\/2023\/06\/r11-5-baumuster-02-klinger-engineering.jpg\" data-light-image=\"https:\/\/www.klinger-kempchen.de\/wp-content\/uploads\/2023\/06\/r11-5-baumuster-02-klinger-engineering.jpg\" data-id=\"16938\" class=\"wp-image-16938 skip-lazy\" srcset=\"https:\/\/www.klinger-kempchen.de\/wp-content\/uploads\/2023\/06\/r11-5-baumuster-02-klinger-engineering.jpg 960w, https:\/\/www.klinger-kempchen.de\/wp-content\/uploads\/2023\/06\/r11-5-baumuster-02-klinger-engineering-768x480.jpg 768w\" sizes=\"auto, (max-width: 960px) 100vw, 960px\" \/><\/div><\/div><\/a><\/figure><\/div><\/div><\/li><li class=\"kb-slide-item kb-gallery-carousel-item splide__slide\"><div class=\"kadence-blocks-gallery-item\"><div class=\"kadence-blocks-gallery-item-inner\"><figure class=\"kb-gallery-figure kb-gallery-item-has-link kadence-blocks-gallery-item-hide-caption\"><a href=\"https:\/\/www.klinger-kempchen.de\/wp-content\/uploads\/2023\/06\/r11-5-baumuster-03-klinger-engineering.jpg\" data-alt=\"baumuster-03\" class=\"kb-gallery-item-link\"  ><div class=\"kb-gal-image-radius\"><div class=\"kb-gallery-image-contain kadence-blocks-gallery-intrinsic kb-gallery-image-ratio-land32 kb-has-image-ratio-land32\" ><img loading=\"lazy\" decoding=\"async\" src=\"https:\/\/www.klinger-kempchen.de\/wp-content\/uploads\/2023\/06\/r11-5-baumuster-03-klinger-engineering.jpg\" width=\"960\" height=\"600\" alt=\"baumuster-03\" data-full-image=\"https:\/\/www.klinger-kempchen.de\/wp-content\/uploads\/2023\/06\/r11-5-baumuster-03-klinger-engineering.jpg\" data-light-image=\"https:\/\/www.klinger-kempchen.de\/wp-content\/uploads\/2023\/06\/r11-5-baumuster-03-klinger-engineering.jpg\" data-id=\"16940\" class=\"wp-image-16940 skip-lazy\" srcset=\"https:\/\/www.klinger-kempchen.de\/wp-content\/uploads\/2023\/06\/r11-5-baumuster-03-klinger-engineering.jpg 960w, https:\/\/www.klinger-kempchen.de\/wp-content\/uploads\/2023\/06\/r11-5-baumuster-03-klinger-engineering-768x480.jpg 768w\" sizes=\"auto, (max-width: 960px) 100vw, 960px\" \/><\/div><\/div><\/a><\/figure><\/div><\/div><\/li><\/ul><\/div><\/div><\/div><\/div><style class=\"advgb-styles-renderer\">.wp-block-kadence-advancedgallery.kb-gallery-wrap-id-44729_a53719-dd{overflow:hidden;}.kb-gallery-id-44729_a53719-dd .kadence-blocks-gallery-item .kb-gal-image-radius, .kb-gallery-id-44729_a53719-dd .kb-slide-item .kb-gal-image-radius img{border-radius:0px 0px 0px 0px;;}.kb-gallery-wrap-id-44729_a53719-dd.wp-block-kadence-advancedgallery{overflow:visible;}.kb-gallery-wrap-id-44729_a53719-dd.wp-block-kadence-advancedgallery .kt-blocks-carousel{overflow:visible;}<\/style>","protected":false},"excerpt":{"rendered":"<p>Praktick\u00e1 anal\u00fdza po\u0161kozen\u00ed Odbornost a na\u0161e odborn\u00e9 znalosti Zejm\u00e9na v oblasti vy\u0161et\u0159ov\u00e1n\u00ed \u0161kod vyu\u017e\u00edv\u00e1 na\u0161e vynikaj\u00edc\u00ed odborn\u00e9 znalosti a expert\u00edzy mnoho z\u00e1kazn\u00edk\u016f k prok\u00e1z\u00e1n\u00ed skute\u010dn\u00fdch p\u0159\u00ed\u010din po nehod\u011b. Z tohoto d\u016fvodu hraj\u00ed laborato\u0159e \u00fast\u0159edn\u00ed roli tak\u00e9 p\u0159i anal\u00fdz\u00e1ch \u0161kod. R\u00e1di nab\u00eddneme svou podporu ka\u017ed\u00e9mu z\u00e1kazn\u00edkovi v p\u0159\u00edpad\u011b po\u0161kozen\u00ed. V na\u0161em technologick\u00e9m centru pro \u0161roubov\u00e9 spoje [&hellip;]<\/p>\n","protected":false},"author":1,"featured_media":18474,"parent":18805,"menu_order":6,"comment_status":"closed","ping_status":"closed","template":"page-templates\/somos.php","meta":{"advgb_blocks_editor_width":"","advgb_blocks_columns_visual_guide":"","iawp_total_views":14,"footnotes":""},"class_list":["post-44729","page","type-page","status-publish","has-post-thumbnail","hentry"],"yoast_head":"<!-- This site is optimized with the Yoast SEO plugin v26.9 - https:\/\/yoast.com\/product\/yoast-seo-wordpress\/ -->\n<title>Praktick\u00e1 anal\u00fdza po\u0161kozen\u00ed - KLINGER Kempchen<\/title>\n<meta name=\"description\" content=\"Na\u0161e vynikaj\u00edc\u00ed zku\u0161enosti a odborn\u00e9 znalosti vyu\u017e\u00edv\u00e1 mnoho z\u00e1kazn\u00edk\u016f, zejm\u00e9na v oblasti vy\u0161et\u0159ov\u00e1n\u00ed \u0161kod.\" \/>\n<meta name=\"robots\" content=\"index, follow, max-snippet:-1, max-image-preview:large, max-video-preview:-1\" \/>\n<link rel=\"canonical\" href=\"https:\/\/www.klinger-kempchen.de\/cs\/engineering-kontakty\/laboratory-services\/prakticka-analyza-poskozeni\/\" \/>\n<meta property=\"og:locale\" content=\"cs_CZ\" \/>\n<meta property=\"og:type\" content=\"article\" \/>\n<meta property=\"og:title\" content=\"Praktick\u00e1 anal\u00fdza po\u0161kozen\u00ed - KLINGER Kempchen\" \/>\n<meta property=\"og:description\" content=\"Na\u0161e vynikaj\u00edc\u00ed zku\u0161enosti a odborn\u00e9 znalosti vyu\u017e\u00edv\u00e1 mnoho z\u00e1kazn\u00edk\u016f, zejm\u00e9na v oblasti vy\u0161et\u0159ov\u00e1n\u00ed \u0161kod.\" \/>\n<meta property=\"og:url\" content=\"https:\/\/www.klinger-kempchen.de\/cs\/engineering-kontakty\/laboratory-services\/prakticka-analyza-poskozeni\/\" \/>\n<meta property=\"og:site_name\" content=\"KLINGER Kempchen\" \/>\n<meta property=\"article:modified_time\" content=\"2024-06-25T11:50:00+00:00\" \/>\n<meta property=\"og:image\" content=\"https:\/\/www.klinger-kempchen.de\/wp-content\/uploads\/2023\/06\/Schadensanalyse2.jpg\" \/>\n\t<meta property=\"og:image:width\" content=\"1400\" \/>\n\t<meta property=\"og:image:height\" content=\"350\" \/>\n\t<meta property=\"og:image:type\" content=\"image\/jpeg\" \/>\n<meta name=\"twitter:label1\" content=\"Odhadovan\u00e1 doba \u010dten\u00ed\" \/>\n\t<meta name=\"twitter:data1\" content=\"1 minuta\" \/>\n<!-- \/ Yoast SEO plugin. -->","yoast_head_json":{"title":"Praktick\u00e1 anal\u00fdza po\u0161kozen\u00ed - KLINGER Kempchen","description":"Na\u0161e vynikaj\u00edc\u00ed zku\u0161enosti a odborn\u00e9 znalosti vyu\u017e\u00edv\u00e1 mnoho z\u00e1kazn\u00edk\u016f, zejm\u00e9na v oblasti vy\u0161et\u0159ov\u00e1n\u00ed \u0161kod.","robots":{"index":"index","follow":"follow","max-snippet":"max-snippet:-1","max-image-preview":"max-image-preview:large","max-video-preview":"max-video-preview:-1"},"canonical":"https:\/\/www.klinger-kempchen.de\/cs\/engineering-kontakty\/laboratory-services\/prakticka-analyza-poskozeni\/","og_locale":"cs_CZ","og_type":"article","og_title":"Praktick\u00e1 anal\u00fdza po\u0161kozen\u00ed - KLINGER Kempchen","og_description":"Na\u0161e vynikaj\u00edc\u00ed zku\u0161enosti a odborn\u00e9 znalosti vyu\u017e\u00edv\u00e1 mnoho z\u00e1kazn\u00edk\u016f, zejm\u00e9na v oblasti vy\u0161et\u0159ov\u00e1n\u00ed \u0161kod.","og_url":"https:\/\/www.klinger-kempchen.de\/cs\/engineering-kontakty\/laboratory-services\/prakticka-analyza-poskozeni\/","og_site_name":"KLINGER Kempchen","article_modified_time":"2024-06-25T11:50:00+00:00","og_image":[{"width":1400,"height":350,"url":"https:\/\/www.klinger-kempchen.de\/wp-content\/uploads\/2023\/06\/Schadensanalyse2.jpg","type":"image\/jpeg"}],"twitter_misc":{"Odhadovan\u00e1 doba \u010dten\u00ed":"1 minuta"},"schema":{"@context":"https:\/\/schema.org","@graph":[{"@type":"WebPage","@id":"https:\/\/www.klinger-kempchen.de\/cs\/engineering-kontakty\/laboratory-services\/prakticka-analyza-poskozeni\/","url":"https:\/\/www.klinger-kempchen.de\/cs\/engineering-kontakty\/laboratory-services\/prakticka-analyza-poskozeni\/","name":"Praktick\u00e1 anal\u00fdza po\u0161kozen\u00ed - KLINGER Kempchen","isPartOf":{"@id":"https:\/\/www.klinger-kempchen.de\/#website"},"primaryImageOfPage":{"@id":"https:\/\/www.klinger-kempchen.de\/cs\/engineering-kontakty\/laboratory-services\/prakticka-analyza-poskozeni\/#primaryimage"},"image":{"@id":"https:\/\/www.klinger-kempchen.de\/cs\/engineering-kontakty\/laboratory-services\/prakticka-analyza-poskozeni\/#primaryimage"},"thumbnailUrl":"https:\/\/www.klinger-kempchen.de\/wp-content\/uploads\/2023\/06\/Schadensanalyse2.jpg","datePublished":"2024-06-25T11:01:27+00:00","dateModified":"2024-06-25T11:50:00+00:00","description":"Na\u0161e vynikaj\u00edc\u00ed zku\u0161enosti a odborn\u00e9 znalosti vyu\u017e\u00edv\u00e1 mnoho z\u00e1kazn\u00edk\u016f, zejm\u00e9na v oblasti vy\u0161et\u0159ov\u00e1n\u00ed \u0161kod.","breadcrumb":{"@id":"https:\/\/www.klinger-kempchen.de\/cs\/engineering-kontakty\/laboratory-services\/prakticka-analyza-poskozeni\/#breadcrumb"},"inLanguage":"cs","potentialAction":[{"@type":"ReadAction","target":["https:\/\/www.klinger-kempchen.de\/cs\/engineering-kontakty\/laboratory-services\/prakticka-analyza-poskozeni\/"]}]},{"@type":"ImageObject","inLanguage":"cs","@id":"https:\/\/www.klinger-kempchen.de\/cs\/engineering-kontakty\/laboratory-services\/prakticka-analyza-poskozeni\/#primaryimage","url":"https:\/\/www.klinger-kempchen.de\/wp-content\/uploads\/2023\/06\/Schadensanalyse2.jpg","contentUrl":"https:\/\/www.klinger-kempchen.de\/wp-content\/uploads\/2023\/06\/Schadensanalyse2.jpg","width":1400,"height":350},{"@type":"BreadcrumbList","@id":"https:\/\/www.klinger-kempchen.de\/cs\/engineering-kontakty\/laboratory-services\/prakticka-analyza-poskozeni\/#breadcrumb","itemListElement":[{"@type":"ListItem","position":1,"name":"Home","item":"https:\/\/www.klinger-kempchen.de\/"},{"@type":"ListItem","position":2,"name":"Engineering","item":"https:\/\/www.klinger-kempchen.de\/cs\/engineering-kontakty\/"},{"@type":"ListItem","position":3,"name":"Laboratory Services","item":"https:\/\/www.klinger-kempchen.de\/cs\/engineering-kontakty\/laboratory-services\/"},{"@type":"ListItem","position":4,"name":"Praktick\u00e1 anal\u00fdza po\u0161kozen\u00ed"}]},{"@type":"WebSite","@id":"https:\/\/www.klinger-kempchen.de\/#website","url":"https:\/\/www.klinger-kempchen.de\/","name":"KLINGER Kempchen","description":"KLINGER Kempchen","publisher":{"@id":"https:\/\/www.klinger-kempchen.de\/#organization"},"potentialAction":[{"@type":"SearchAction","target":{"@type":"EntryPoint","urlTemplate":"https:\/\/www.klinger-kempchen.de\/?s={search_term_string}"},"query-input":{"@type":"PropertyValueSpecification","valueRequired":true,"valueName":"search_term_string"}}],"inLanguage":"cs"},{"@type":"Organization","@id":"https:\/\/www.klinger-kempchen.de\/#organization","name":"KLINGER-Kempchen","url":"https:\/\/www.klinger-kempchen.de\/","logo":{"@type":"ImageObject","inLanguage":"cs","@id":"https:\/\/www.klinger-kempchen.de\/#\/schema\/logo\/image\/","url":"https:\/\/www.klinger-kempchen.de\/wp-content\/uploads\/2020\/06\/cropped-Klinger-Kempchen-Logo.png","contentUrl":"https:\/\/www.klinger-kempchen.de\/wp-content\/uploads\/2020\/06\/cropped-Klinger-Kempchen-Logo.png","width":512,"height":512,"caption":"KLINGER-Kempchen"},"image":{"@id":"https:\/\/www.klinger-kempchen.de\/#\/schema\/logo\/image\/"}}]}},"coauthors":[],"author_meta":{"author_link":"https:\/\/www.klinger-kempchen.de\/cs\/author\/administrador\/","display_name":"administrador"},"relative_dates":{"created":"Posted 2 roky ago","modified":"Updated 2 roky ago"},"absolute_dates":{"created":"Posted on 25 \u010dervna 2024","modified":"Updated on 25 \u010dervna 2024"},"absolute_dates_time":{"created":"Posted on 25 \u010dervna 2024 13:01","modified":"Updated on 25 \u010dervna 2024 13:50"},"featured_img_caption":"","featured_img":"https:\/\/www.klinger-kempchen.de\/wp-content\/uploads\/2023\/06\/Schadensanalyse2.jpg","series_order":"","_links":{"self":[{"href":"https:\/\/www.klinger-kempchen.de\/cs\/wp-json\/wp\/v2\/pages\/44729","targetHints":{"allow":["GET"]}}],"collection":[{"href":"https:\/\/www.klinger-kempchen.de\/cs\/wp-json\/wp\/v2\/pages"}],"about":[{"href":"https:\/\/www.klinger-kempchen.de\/cs\/wp-json\/wp\/v2\/types\/page"}],"author":[{"embeddable":true,"href":"https:\/\/www.klinger-kempchen.de\/cs\/wp-json\/wp\/v2\/users\/1"}],"replies":[{"embeddable":true,"href":"https:\/\/www.klinger-kempchen.de\/cs\/wp-json\/wp\/v2\/comments?post=44729"}],"version-history":[{"count":0,"href":"https:\/\/www.klinger-kempchen.de\/cs\/wp-json\/wp\/v2\/pages\/44729\/revisions"}],"up":[{"embeddable":true,"href":"https:\/\/www.klinger-kempchen.de\/cs\/wp-json\/wp\/v2\/pages\/18805"}],"wp:featuredmedia":[{"embeddable":true,"href":"https:\/\/www.klinger-kempchen.de\/cs\/wp-json\/wp\/v2\/media\/18474"}],"wp:attachment":[{"href":"https:\/\/www.klinger-kempchen.de\/cs\/wp-json\/wp\/v2\/media?parent=44729"}],"curies":[{"name":"wp","href":"https:\/\/api.w.org\/{rel}","templated":true}]}}