{"id":44739,"date":"2024-06-25T14:09:40","date_gmt":"2024-06-25T12:09:40","guid":{"rendered":"https:\/\/www.klinger-kempchen.de\/?page_id=44739"},"modified":"2025-03-17T14:03:22","modified_gmt":"2025-03-17T13:03:22","slug":"vybaveni-nasich-laboratori","status":"publish","type":"page","link":"https:\/\/www.klinger-kempchen.de\/cs\/engineering-kontakty\/laboratory-services\/vybaveni-nasich-laboratori\/","title":{"rendered":"Vybaven\u00ed na\u0161ich laborato\u0159\u00ed"},"content":{"rendered":"\n<h1 class=\"wp-block-heading h3\">Vybaven\u00ed na\u0161ich laborato\u0159\u00ed<\/h1>\n\n\n\n<h2 class=\"wp-block-heading\">Chemick\u00e1 a fyzik\u00e1ln\u00ed laborato\u0159 a centrum technologie \u0161roubov\u00e1n\u00ed<\/h2>\n\n\n\n<div class=\"wp-block-columns has-background is-layout-flex wp-container-core-columns-is-layout-9d6595d7 wp-block-columns-is-layout-flex\" style=\"background-color:#e8f3fa\">\n<div class=\"wp-block-column is-layout-flow wp-block-column-is-layout-flow\" style=\"flex-basis:25%\">\n<h3 class=\"wp-block-heading h2\">Chemick\u00e1 laborato\u0159<\/h3>\n\n\n\n<p><strong>Za\u0159\u00edzen\u00ed pro zkou\u0161en\u00ed tvrdosti\/ <\/strong><br><strong>Durometer\u2013 DIGI-TEST<br>Fa. Bareiss<\/strong><\/p>\n\n\n\n<ul class=\"wp-block-list\">\n<li>Shore A \/ B \/ 0<\/li>\n\n\n\n<li>Shore D \/ C \/ D0<\/li>\n\n\n\n<li>Micro IRHD<\/li>\n<\/ul>\n\n\n\n<p><strong>Digit\u00e1ln\u00ed mikroskop VHX-7000<br>s objektivy se zoomem<br>Spole\u010dnost KEYENCEsp;<\/strong><\/p>\n\n\n\n<ul class=\"wp-block-list\">\n<li>VH-ZST x200 &#8211; x2000<\/li>\n\n\n\n<li>VH-ZST x20 &#8211; x200<\/li>\n\n\n\n<li>VHZ20T x20 &#8211; x200<\/li>\n<\/ul>\n<\/div>\n\n\n\n<div class=\"wp-block-column is-layout-flow wp-block-column-is-layout-flow\" style=\"flex-basis:25%\">\n<p><\/p>\n\n\n\n<p><strong>Detekce aniont\u016f<\/strong><\/p>\n\n\n\n<ul class=\"wp-block-list\">\n<li>Iontov\u00fd chromatograf typu Eco IC vhodn\u00fd pro m\u011b\u0159en\u00ed 7 aniont\u016f (fluorid, chlorid, dusitan, bromid, dusi\u010dnan, fosfore\u010dnan, s\u00edran), Spole\u010dnost Metrohm<\/li>\n<\/ul>\n\n\n\n<p><strong>Tepeln\u00e1 anal\u00fdza&nbsp;<\/strong><\/p>\n\n\n\n<ul class=\"wp-block-list\">\n<li>DSC &#8211; dynamick\u00e1 diferenci\u00e1ln\u00ed kalorimetrie,<br>Netzsch typ DSC 200 \/ Maia<br>(- 170 \u00b0C a\u017e + 600 \u00b0C)<\/li>\n\n\n\n<li>STA \/ TG-DSC &#8211; Simult\u00e1nn\u00ed termogravimetrie,<br>Netzsch typ STA 449 \/ Jupiter <br>(+ 25 \u00b0C a\u017e + 1550 \u00b0C)<\/li>\n<\/ul>\n<\/div>\n\n\n\n<div class=\"wp-block-column is-layout-flow wp-block-column-is-layout-flow\" style=\"flex-basis:25%\">\n<p><\/p>\n\n\n\n<p><strong>Muflov\u00e9 pece \/ laboratorn\u00ed pece \/<br>ostatn\u00ed laboratorn\u00ed za\u0159\u00edzen\u00ed<\/strong><\/p>\n\n\n\n<ul class=\"wp-block-list\">\n<li>Trubkov\u00e1 pec s regulovateln\u00fdm p\u0159\u00edvodem plynu (a\u017e do + 900 \u00b0C), Heraeus &#8211; mimo jin\u00e9<br>Specifikace JE a z\u00e1kazn\u00edka<\/li>\n\n\n\n<li>Muflov\u00e1 pec s regulovateln\u00fdm p\u0159\u00edvodem plynu (a\u017e + 1200 \u00b0C)<br>LINN &#8211; anal\u00fdza spalov\u00e1n\u00ed, speci\u00e1ln\u00ed anal\u00fdzy a objedn\u00e1vky z\u00e1kazn\u00edk\u016f<\/li>\n\n\n\n<li>Muflov\u00e1 pec bez p\u0159\u00edvodu plynu (do + 1100 \u00b0C), Karbolit &#8211; Anal\u00fdza \u010distoty grafitu a speci\u00e1ln\u00ed vy\u0161et\u0159ov\u00e1n\u00ed<\/li>\n<\/ul>\n<\/div>\n\n\n\n<div class=\"wp-block-column is-layout-flow wp-block-column-is-layout-flow\" style=\"flex-basis:25%\">\n<p><\/p>\n\n\n\n<ul class=\"wp-block-list\">\n<li>Su\u0161ic\u00ed pece s cirkulac\u00ed vzduchu a bez cirkulace vzduchu (do + 300 \u00b0C)<\/li>\n\n\n\n<li>S\u00e9riov\u00e1 topn\u00e1 lavice s refluxn\u00edm chlazen\u00edm se 6 topn\u00fdmi jednotkami, Omnilab<\/li>\n<\/ul>\n<\/div>\n<\/div>\n\n\n\n<div class=\"wp-block-columns has-white-background-color has-background is-layout-flex wp-container-core-columns-is-layout-9d6595d7 wp-block-columns-is-layout-flex\">\n<div class=\"wp-block-column is-layout-flow wp-block-column-is-layout-flow\" style=\"flex-basis:33.33%\">\n<h3 class=\"wp-block-heading h2\">Fyzik\u00e1ln\u00ed laborato\u0159<\/h3>\n\n\n\n<p><strong>Zku\u0161ebn\u00ed lisy pro stanoven\u00ed charakteristick\u00fdch hodnot<br>podle normy DIN EN 13555<\/strong><\/p>\n\n\n\n<ul class=\"wp-block-list\">\n<li>AMTEC I (1000 kN; 400 \u00b0C)<\/li>\n\n\n\n<li>AMTEC II (1000 kN; 600 \u00b0C)<\/li>\n\n\n\n<li>AMTEC III \/ Klinger (500 kN; 400 \u00b0C)<\/li>\n\n\n\n<li>AMTEC IV (1000 kN; 900 \u00b0C)<\/li>\n<\/ul>\n<\/div>\n\n\n\n<div class=\"wp-block-column is-layout-flow wp-block-column-is-layout-flow\" style=\"flex-basis:33.33%\">\n<p><\/p>\n\n\n\n<p><strong>Detektory \u00fanik\u016f pro z\u00e1znam m\u00edry \u00fanik\u016f<\/strong><\/p>\n\n\n\n<ul class=\"wp-block-list\">\n<li>Leybold I (PHOENIXL 300)<\/li>\n\n\n\n<li>Leybold II (PHOENIXL 300)<\/li>\n\n\n\n<li>Leybold II (PHOENIXL 300)<\/li>\n<\/ul>\n<\/div>\n\n\n\n<div class=\"wp-block-column is-layout-flow wp-block-column-is-layout-flow\" style=\"flex-basis:33.33%\">\n<p><\/p>\n\n\n\n<p><strong>3D sv\u011bteln\u00fd prou\u017ekov\u00fd skener KEYENCE VL 350<br>P\u0159edskenovac\u00ed skener film\u016f Fuji<\/strong><br>Canon FPD-8010E<\/p>\n\n\n\n<p><strong>Univerz\u00e1ln\u00ed topn\u00e1 sk\u0159\u00ed\u0148<\/strong><br>Memmert (UFE 400 \/ 300 \u00b0C)<\/p>\n\n\n\n<p><strong>R\u016fzn\u00e9 mal\u00e9 spot\u0159ebi\u010de<\/strong><br>Lisy, za\u0159\u00edzen\u00ed pro m\u011b\u0159en\u00ed teploty a tlaku, multimetr, za\u0159\u00edzen\u00ed pro m\u011b\u0159en\u00ed drsnosti povrchu<\/p>\n<\/div>\n<\/div>\n\n\n\n<div class=\"wp-block-columns has-background is-layout-flex wp-container-core-columns-is-layout-9d6595d7 wp-block-columns-is-layout-flex\" style=\"background-color:#e8f3fa\">\n<div class=\"wp-block-column is-layout-flow wp-block-column-is-layout-flow\" style=\"flex-basis:33.33%\">\n<h3 class=\"wp-block-heading h2\">St\u0159edisko upev\u0148ovac\u00ed techniky<\/h3>\n\n\n\n<p><strong>Vakuov\u00e1 komora V<\/strong><\/p>\n\n\n\n<p>Vakuov\u00e1 komora V = 1 dm3<\/p>\n\n\n\n<ul class=\"wp-block-list\">\n<li>Pro m\u011b\u0159en\u00ed t\u011bsnosti v\u0161ech typ\u016f \u0161roubov\u00fdch spoj\u016f a mal\u00fdch ut\u011bsn\u011bn\u00fdch spoj\u016f.<\/li>\n<\/ul>\n\n\n\n<p>&nbsp;Vakuov\u00e1 komora V = 17,5 dm3<\/p>\n\n\n\n<ul class=\"wp-block-list\">\n<li>Pro m\u011b\u0159en\u00ed t\u011bsnosti na sou\u010d\u00e1stech a p\u0159\u00edrubov\u00fdch spoj\u00edch s \u00d8 &lt; 260 mm a celkovou v\u00fd\u0161kou do 320 mm.<\/li>\n<\/ul>\n\n\n\n<p>Vakuov\u00e1 komora V = 22,6 dm3<\/p>\n\n\n\n<ul class=\"wp-block-list\">\n<li>Pro m\u011b\u0159en\u00ed t\u011bsnosti na sou\u010d\u00e1stech a p\u0159\u00edrubov\u00fdch spoj\u00edch s \u00d8 &lt; 310 mm a celkovou v\u00fd\u0161kou do 300 mm.<\/li>\n<\/ul>\n\n\n\n<p>Vakuov\u00e1 komora V = 39 dm3<\/p>\n\n\n\n<ul class=\"wp-block-list\">\n<li>Pro m\u011b\u0159en\u00ed t\u011bsnosti na komponentech a p\u0159\u00edrubov\u00fdch spoj\u00edch s \u00d8 &lt; 400 mm a celkovou v\u00fd\u0161kou do 300 mm.<\/li>\n<\/ul>\n\n\n\n<p>Vakuov\u00e1 komora V = 75 dm3<\/p>\n\n\n\n<ul class=\"wp-block-list\">\n<li>Pro m\u011b\u0159en\u00ed t\u011bsnosti na sou\u010d\u00e1stech a p\u0159\u00edrubov\u00fdch spoj\u00edch s \u00d8 &lt; 400 mm a celkovou v\u00fd\u0161kou do 600 mm.<\/li>\n<\/ul>\n<\/div>\n\n\n\n<div class=\"wp-block-column is-layout-flow wp-block-column-is-layout-flow\" style=\"flex-basis:33.33%\">\n<p><\/p>\n\n\n\n<ul class=\"wp-block-list\">\n<li>Nastaven\u00ed testu: P\u0159\u00edruba DN 400 PN 40 tvar B1, zku\u0161ebn\u00ed tlak pmax 100 bar pro zkou\u0161ky t\u011bsnosti a zkou\u0161ky vyfukov\u00e1n\u00ed velkoform\u00e1tov\u00fdch t\u011bsn\u011bn\u00ed.<br>&nbsp;<\/li>\n\n\n\n<li>P\u0159\u00edrubov\u00e9 spoje pro zasunut\u00ed do na\u0161ich vakuov\u00fdch komor v mnoha jmenovit\u00fdch \u0161\u00ed\u0159k\u00e1ch, jmenovit\u00fdch tlakov\u00fdch \u00farovn\u00edch a tvarech t\u011bsn\u011bn\u00ed, pro t\u011bsn\u011bn\u00ed z m\u011bkk\u00e9ho materi\u00e1lu, t\u011bsn\u011bn\u00ed z kovu a m\u011bkk\u00e9ho materi\u00e1lu a kovov\u00e1 t\u011bsn\u011bn\u00ed.<br>&nbsp;<\/li>\n\n\n\n<li>Ohybov\u00e9 zku\u0161ebn\u00ed za\u0159\u00edzen\u00ed pro simulaci vn\u011bj\u0161\u00edho p\u0159\u00eddavn\u00e9ho zat\u00ed\u017een\u00ed potrub\u00ed pro axi\u00e1ln\u00ed s\u00edly do 80 kN a ohybov\u00e9 momenty do 100 kNm na p\u0159\u00edrubov\u00fdch spoj\u00edch. Mo\u017en\u00e9 a\u017e do jmenovit\u00e9ho pr\u016fm\u011bru DN 150, v r\u016fzn\u00fdch jmenovit\u00fdch tlakov\u00fdch \u00farovn\u00edch a tvarech t\u011bsn\u011bn\u00ed, pro t\u011bsn\u011bn\u00ed z m\u011bkk\u00e9ho materi\u00e1lu, t\u011bsn\u011bn\u00ed z kovu\/m\u011bkk\u00e9ho materi\u00e1lu a kovov\u00e1 t\u011bsn\u011bn\u00ed.<\/li>\n<\/ul>\n<\/div>\n\n\n\n<div class=\"wp-block-column is-layout-flow wp-block-column-is-layout-flow\" style=\"flex-basis:33.33%\">\n<p><\/p>\n\n\n\n<p><strong>Detektory \u00fanik\u016f pro z\u00e1znam m\u00edry \u00fanik\u016f<\/strong><\/p>\n\n\n\n<ul class=\"wp-block-list\">\n<li>Leybold II (PHOENIXL 300)<\/li>\n\n\n\n<li>Leybold II (PHOENIXL 300)<\/li>\n\n\n\n<li>Leybold SL 300 \u2013 Schn\u00fcffelleitung zu PHOENIXL 300<\/li>\n<\/ul>\n\n\n\n<p><strong>Kompresorov\u00e1 jednotka MAXIMATOR pro zvy\u0161ov\u00e1n\u00ed tlaku a\u017e do zku\u0161ebn\u00edho tlaku 500 bar (helium)<\/strong><\/p>\n\n\n\n<p><strong>Z\u00e1znamn\u00edk profil\u016f<\/strong><\/p>\n\n\n\n<ul class=\"wp-block-list\">\n<li>Mitutoyo Contraser CV1000<\/li>\n<\/ul>\n<\/div>\n<\/div>\n\n\n\n<div style=\"height:50px\" aria-hidden=\"true\" class=\"wp-block-spacer\"><\/div>\n","protected":false},"excerpt":{"rendered":"<p>Vybaven\u00ed na\u0161ich laborato\u0159\u00ed Chemick\u00e1 a fyzik\u00e1ln\u00ed laborato\u0159 a centrum technologie \u0161roubov\u00e1n\u00ed Chemick\u00e1 laborato\u0159 Za\u0159\u00edzen\u00ed pro zkou\u0161en\u00ed tvrdosti\/ Durometer\u2013 DIGI-TESTFa. Bareiss Digit\u00e1ln\u00ed mikroskop VHX-7000s objektivy se zoomemSpole\u010dnost KEYENCEsp; Detekce aniont\u016f Tepeln\u00e1 anal\u00fdza&nbsp; Muflov\u00e9 pece \/ laboratorn\u00ed pece \/ostatn\u00ed laboratorn\u00ed za\u0159\u00edzen\u00ed Fyzik\u00e1ln\u00ed laborato\u0159 Zku\u0161ebn\u00ed lisy pro stanoven\u00ed charakteristick\u00fdch hodnotpodle normy DIN EN 13555 Detektory \u00fanik\u016f pro z\u00e1znam [&hellip;]<\/p>\n","protected":false},"author":1,"featured_media":18475,"parent":18805,"menu_order":7,"comment_status":"closed","ping_status":"closed","template":"page-templates\/somos.php","meta":{"advgb_blocks_editor_width":"","advgb_blocks_columns_visual_guide":"","iawp_total_views":16,"footnotes":""},"class_list":["post-44739","page","type-page","status-publish","has-post-thumbnail","hentry"],"yoast_head":"<!-- This site is optimized with the Yoast SEO plugin v27.3 - https:\/\/yoast.com\/product\/yoast-seo-wordpress\/ -->\n<title>Vybaven\u00ed na\u0161ich laborato\u0159\u00ed - KLINGER Kempchen<\/title>\n<meta name=\"description\" content=\"Chemick\u00e1 a fyzik\u00e1ln\u00ed laborato\u0159 a centrum technologie \u0161roubov\u00e1n\u00ed.\" \/>\n<meta name=\"robots\" content=\"index, follow, max-snippet:-1, max-image-preview:large, max-video-preview:-1\" \/>\n<link rel=\"canonical\" href=\"https:\/\/www.klinger-kempchen.de\/cs\/engineering-kontakty\/laboratory-services\/vybaveni-nasich-laboratori\/\" \/>\n<meta property=\"og:locale\" content=\"cs_CZ\" \/>\n<meta property=\"og:type\" content=\"article\" \/>\n<meta property=\"og:title\" content=\"Vybaven\u00ed na\u0161ich laborato\u0159\u00ed - KLINGER Kempchen\" \/>\n<meta property=\"og:description\" content=\"Chemick\u00e1 a fyzik\u00e1ln\u00ed laborato\u0159 a centrum technologie \u0161roubov\u00e1n\u00ed.\" \/>\n<meta property=\"og:url\" content=\"https:\/\/www.klinger-kempchen.de\/cs\/engineering-kontakty\/laboratory-services\/vybaveni-nasich-laboratori\/\" \/>\n<meta property=\"og:site_name\" content=\"KLINGER Kempchen\" \/>\n<meta property=\"article:modified_time\" content=\"2025-03-17T13:03:22+00:00\" \/>\n<meta property=\"og:image\" content=\"https:\/\/www.klinger-kempchen.de\/wp-content\/uploads\/2023\/06\/Labor.jpg\" \/>\n\t<meta property=\"og:image:width\" content=\"1400\" \/>\n\t<meta property=\"og:image:height\" content=\"350\" \/>\n\t<meta property=\"og:image:type\" content=\"image\/jpeg\" \/>\n<meta name=\"twitter:label1\" content=\"Odhadovan\u00e1 doba \u010dten\u00ed\" \/>\n\t<meta name=\"twitter:data1\" content=\"3 minuty\" \/>\n<!-- \/ Yoast SEO plugin. -->","yoast_head_json":{"title":"Vybaven\u00ed na\u0161ich laborato\u0159\u00ed - KLINGER Kempchen","description":"Chemick\u00e1 a fyzik\u00e1ln\u00ed laborato\u0159 a centrum technologie \u0161roubov\u00e1n\u00ed.","robots":{"index":"index","follow":"follow","max-snippet":"max-snippet:-1","max-image-preview":"max-image-preview:large","max-video-preview":"max-video-preview:-1"},"canonical":"https:\/\/www.klinger-kempchen.de\/cs\/engineering-kontakty\/laboratory-services\/vybaveni-nasich-laboratori\/","og_locale":"cs_CZ","og_type":"article","og_title":"Vybaven\u00ed na\u0161ich laborato\u0159\u00ed - KLINGER Kempchen","og_description":"Chemick\u00e1 a fyzik\u00e1ln\u00ed laborato\u0159 a centrum technologie \u0161roubov\u00e1n\u00ed.","og_url":"https:\/\/www.klinger-kempchen.de\/cs\/engineering-kontakty\/laboratory-services\/vybaveni-nasich-laboratori\/","og_site_name":"KLINGER Kempchen","article_modified_time":"2025-03-17T13:03:22+00:00","og_image":[{"width":1400,"height":350,"url":"https:\/\/www.klinger-kempchen.de\/wp-content\/uploads\/2023\/06\/Labor.jpg","type":"image\/jpeg"}],"twitter_misc":{"Odhadovan\u00e1 doba \u010dten\u00ed":"3 minuty"},"schema":{"@context":"https:\/\/schema.org","@graph":[{"@type":"WebPage","@id":"https:\/\/www.klinger-kempchen.de\/cs\/engineering-kontakty\/laboratory-services\/vybaveni-nasich-laboratori\/","url":"https:\/\/www.klinger-kempchen.de\/cs\/engineering-kontakty\/laboratory-services\/vybaveni-nasich-laboratori\/","name":"Vybaven\u00ed na\u0161ich laborato\u0159\u00ed - KLINGER Kempchen","isPartOf":{"@id":"https:\/\/www.klinger-kempchen.de\/#website"},"primaryImageOfPage":{"@id":"https:\/\/www.klinger-kempchen.de\/cs\/engineering-kontakty\/laboratory-services\/vybaveni-nasich-laboratori\/#primaryimage"},"image":{"@id":"https:\/\/www.klinger-kempchen.de\/cs\/engineering-kontakty\/laboratory-services\/vybaveni-nasich-laboratori\/#primaryimage"},"thumbnailUrl":"https:\/\/www.klinger-kempchen.de\/wp-content\/uploads\/2023\/06\/Labor.jpg","datePublished":"2024-06-25T12:09:40+00:00","dateModified":"2025-03-17T13:03:22+00:00","description":"Chemick\u00e1 a fyzik\u00e1ln\u00ed laborato\u0159 a centrum technologie \u0161roubov\u00e1n\u00ed.","breadcrumb":{"@id":"https:\/\/www.klinger-kempchen.de\/cs\/engineering-kontakty\/laboratory-services\/vybaveni-nasich-laboratori\/#breadcrumb"},"inLanguage":"cs","potentialAction":[{"@type":"ReadAction","target":["https:\/\/www.klinger-kempchen.de\/cs\/engineering-kontakty\/laboratory-services\/vybaveni-nasich-laboratori\/"]}]},{"@type":"ImageObject","inLanguage":"cs","@id":"https:\/\/www.klinger-kempchen.de\/cs\/engineering-kontakty\/laboratory-services\/vybaveni-nasich-laboratori\/#primaryimage","url":"https:\/\/www.klinger-kempchen.de\/wp-content\/uploads\/2023\/06\/Labor.jpg","contentUrl":"https:\/\/www.klinger-kempchen.de\/wp-content\/uploads\/2023\/06\/Labor.jpg","width":1400,"height":350},{"@type":"BreadcrumbList","@id":"https:\/\/www.klinger-kempchen.de\/cs\/engineering-kontakty\/laboratory-services\/vybaveni-nasich-laboratori\/#breadcrumb","itemListElement":[{"@type":"ListItem","position":1,"name":"Home","item":"https:\/\/www.klinger-kempchen.de\/"},{"@type":"ListItem","position":2,"name":"Engineering","item":"https:\/\/www.klinger-kempchen.de\/cs\/engineering-kontakty\/"},{"@type":"ListItem","position":3,"name":"Laboratory Services","item":"https:\/\/www.klinger-kempchen.de\/cs\/engineering-kontakty\/laboratory-services\/"},{"@type":"ListItem","position":4,"name":"Vybaven\u00ed na\u0161ich laborato\u0159\u00ed"}]},{"@type":"WebSite","@id":"https:\/\/www.klinger-kempchen.de\/#website","url":"https:\/\/www.klinger-kempchen.de\/","name":"KLINGER Kempchen","description":"KLINGER Kempchen","publisher":{"@id":"https:\/\/www.klinger-kempchen.de\/#organization"},"potentialAction":[{"@type":"SearchAction","target":{"@type":"EntryPoint","urlTemplate":"https:\/\/www.klinger-kempchen.de\/?s={search_term_string}"},"query-input":{"@type":"PropertyValueSpecification","valueRequired":true,"valueName":"search_term_string"}}],"inLanguage":"cs"},{"@type":"Organization","@id":"https:\/\/www.klinger-kempchen.de\/#organization","name":"KLINGER-Kempchen","url":"https:\/\/www.klinger-kempchen.de\/","logo":{"@type":"ImageObject","inLanguage":"cs","@id":"https:\/\/www.klinger-kempchen.de\/#\/schema\/logo\/image\/","url":"https:\/\/www.klinger-kempchen.de\/wp-content\/uploads\/2020\/06\/cropped-Klinger-Kempchen-Logo.png","contentUrl":"https:\/\/www.klinger-kempchen.de\/wp-content\/uploads\/2020\/06\/cropped-Klinger-Kempchen-Logo.png","width":512,"height":512,"caption":"KLINGER-Kempchen"},"image":{"@id":"https:\/\/www.klinger-kempchen.de\/#\/schema\/logo\/image\/"}}]}},"coauthors":[],"author_meta":{"author_link":"https:\/\/www.klinger-kempchen.de\/cs\/author\/administrador\/","display_name":"administrador"},"relative_dates":{"created":"Posted 2 roky ago","modified":"Updated 1 rokem ago"},"absolute_dates":{"created":"Posted on 25 \u010dervna 2024","modified":"Updated on 17 b\u0159ezna 2025"},"absolute_dates_time":{"created":"Posted on 25 \u010dervna 2024 14:09","modified":"Updated on 17 b\u0159ezna 2025 14:03"},"featured_img_caption":"","featured_img":"https:\/\/www.klinger-kempchen.de\/wp-content\/uploads\/2023\/06\/Labor.jpg","series_order":"","_links":{"self":[{"href":"https:\/\/www.klinger-kempchen.de\/cs\/wp-json\/wp\/v2\/pages\/44739","targetHints":{"allow":["GET"]}}],"collection":[{"href":"https:\/\/www.klinger-kempchen.de\/cs\/wp-json\/wp\/v2\/pages"}],"about":[{"href":"https:\/\/www.klinger-kempchen.de\/cs\/wp-json\/wp\/v2\/types\/page"}],"author":[{"embeddable":true,"href":"https:\/\/www.klinger-kempchen.de\/cs\/wp-json\/wp\/v2\/users\/1"}],"replies":[{"embeddable":true,"href":"https:\/\/www.klinger-kempchen.de\/cs\/wp-json\/wp\/v2\/comments?post=44739"}],"version-history":[{"count":0,"href":"https:\/\/www.klinger-kempchen.de\/cs\/wp-json\/wp\/v2\/pages\/44739\/revisions"}],"up":[{"embeddable":true,"href":"https:\/\/www.klinger-kempchen.de\/cs\/wp-json\/wp\/v2\/pages\/18805"}],"wp:featuredmedia":[{"embeddable":true,"href":"https:\/\/www.klinger-kempchen.de\/cs\/wp-json\/wp\/v2\/media\/18475"}],"wp:attachment":[{"href":"https:\/\/www.klinger-kempchen.de\/cs\/wp-json\/wp\/v2\/media?parent=44739"}],"curies":[{"name":"wp","href":"https:\/\/api.w.org\/{rel}","templated":true}]}}